{"id":180649,"date":"2016-02-17T00:00:00","date_gmt":"2016-02-16T23:00:00","guid":{"rendered":"http:\/\/guerssen.hl1097.dinaserver.com\/product\/nice-yillara-gulum-cd\/"},"modified":"2025-04-16T17:48:12","modified_gmt":"2025-04-16T15:48:12","slug":"nice-yillara-gulum-cd","status":"publish","type":"product","link":"https:\/\/wpguerssen-test.odoo.rgbconsulting.com\/es\/producto\/nice-yillara-gulum-cd\/","title":{"rendered":"Nice Yillara G\u00fcl\u00fcm (CD)"},"content":{"rendered":"<p>Tercer \u00e1lbum del cantante psicod\u00e9lico Turco, editado en 1982. Junto a su habitual grupo de acompa\u00f1amiento Dostlar, Edip ofrece otra espectacular muestra de Anatolian Rock con gran uso de teclados anal\u00f3gicos \/ sintes y dura secci\u00f3n r\u00edtmica que har\u00e1s las delicias de cualquier aficionado al funk psicod\u00e9lico e incluso al boogie disco. <\/p>\n<p> Tracklist: Nice Yillara G\u00fcl\u00fcm &#8211; Aman Kerem &#8211; Darmadagin &#8211; Kibar Gelin &#8211; Sinesine Vura Vura &#8211; Degmen Benim G\u00f6nl\u00fcme &#8211; Hasretinle Yandi G\u00f6nl\u00fcm &#8211; Bitliste Bes Minare &#8211; Cana Kurban &#8211; Sirin Nar<\/p>\n","protected":false},"excerpt":{"rendered":"<p>Tercer \u00e1lbum del cantante psicod\u00e9lico Turco, editado en 1982. Junto a su habitual grupo de acompa\u00f1amiento Dostlar, Edip ofrece otra espectacular muestra de Anatolian<a class=\"read\" href=\"https:\/\/wpguerssen-test.odoo.rgbconsulting.com\/es\/producto\/nice-yillara-gulum-cd\/\"> (...)<\/a>","protected":false},"featured_media":117970,"template":"","meta":{"_acf_changed":false},"product_brand":[],"product_cat":[21688,23217],"product_tag":[29138,24190],"class_list":{"0":"post-180649","1":"product","2":"type-product","3":"status-publish","4":"has-post-thumbnail","6":"product_cat-psychedelic80s-90s-es","7":"product_cat-folk-rock-80s-90s-es","8":"product_tag-cd-es","9":"product_tag-sales-es","10":"pa_artist-akbayram-edip-ve-dostlar-es","11":"pa_format-cd-2-es","12":"pa_gender-psychedelic80s-90s-folk-rock-80s-90s","13":"pa_label-pharaway-sounds-es","14":"pa_location-eastern-es","16":"first","17":"instock","18":"taxable","19":"shipping-taxable","20":"purchasable","21":"product-type-simple"},"acf":[],"yoast_head":"<!-- This site is optimized with the Yoast SEO plugin v24.9 - https:\/\/yoast.com\/wordpress\/plugins\/seo\/ -->\n<title>AKBAYRAM, Edip Ve DOSTLAR - Nice Yillara G\u00fcl\u00fcm (CD) -  (CD) | Guerssen<\/title>\n<meta name=\"description\" content=\"Third album by Turkish psychedelic singer Edip Akbayram, originally released in 1982. This later 3rd album really ramps up the silly synthesizers. You&#039;ll hear whooshy 80s Rolands, vocals run through a harmonizer, and tons of totally tubular bass popping, and it all makes it darned easy to hear just where the western intros and breaks stop. #nl# Ever wish Knight Rider&#039;s Kitt could drive to Istanbul? Take a ride on cheesy synthesizers with Edip at the wheel! #nl# Tracklist: Nice Yillara G\u00fcl\u00fcm - Aman Kerem - Darmadagin - Kibar Gelin - Sinesine Vura Vura - Degmen Benim G\u00f6nl\u00fcme - Hasretinle Yandi G\u00f6nl\u00fcm - Bitliste Bes Minare - Cana Kurban - Sirin Nar\" \/>\n<meta name=\"robots\" content=\"index, follow, max-snippet:-1, max-image-preview:large, max-video-preview:-1\" \/>\n<link rel=\"canonical\" href=\"https:\/\/wpguerssen-test.odoo.rgbconsulting.com\/es\/producto\/nice-yillara-gulum-cd\/\" \/>\n<meta property=\"og:locale\" content=\"es_ES\" \/>\n<meta property=\"og:type\" content=\"article\" \/>\n<meta property=\"og:title\" content=\"AKBAYRAM, Edip Ve DOSTLAR - Nice Yillara G\u00fcl\u00fcm (CD) -  (CD) | Guerssen\" \/>\n<meta property=\"og:description\" content=\"Third album by Turkish psychedelic singer Edip Akbayram, originally released in 1982. This later 3rd album really ramps up the silly synthesizers. You&#039;ll hear whooshy 80s Rolands, vocals run through a harmonizer, and tons of totally tubular bass popping, and it all makes it darned easy to hear just where the western intros and breaks stop. #nl# Ever wish Knight Rider&#039;s Kitt could drive to Istanbul? Take a ride on cheesy synthesizers with Edip at the wheel! #nl# Tracklist: Nice Yillara G\u00fcl\u00fcm - Aman Kerem - Darmadagin - Kibar Gelin - Sinesine Vura Vura - Degmen Benim G\u00f6nl\u00fcme - Hasretinle Yandi G\u00f6nl\u00fcm - Bitliste Bes Minare - Cana Kurban - Sirin Nar\" \/>\n<meta property=\"og:url\" content=\"https:\/\/wpguerssen-test.odoo.rgbconsulting.com\/es\/producto\/nice-yillara-gulum-cd\/\" \/>\n<meta property=\"og:site_name\" content=\"Guerssen records\" \/>\n<meta property=\"article:modified_time\" content=\"2025-04-16T15:48:12+00:00\" \/>\n<meta property=\"og:image\" content=\"https:\/\/wpguerssen-test.odoo.rgbconsulting.com\/wp-content\/uploads\/2022\/03\/23972.jpg\" \/>\n\t<meta property=\"og:image:width\" content=\"1800\" \/>\n\t<meta property=\"og:image:height\" content=\"1801\" \/>\n\t<meta property=\"og:image:type\" content=\"image\/jpeg\" \/>\n<meta name=\"twitter:card\" content=\"summary_large_image\" \/>\n<meta name=\"twitter:title\" content=\"AKBAYRAM, Edip Ve DOSTLAR - Nice Yillara G\u00fcl\u00fcm (CD) -  (CD) | Guerssen\" \/>\n<script type=\"application\/ld+json\" class=\"yoast-schema-graph\">{\"@context\":\"https:\/\/schema.org\",\"@graph\":[{\"@type\":\"WebPage\",\"@id\":\"https:\/\/wpguerssen-test.odoo.rgbconsulting.com\/es\/producto\/nice-yillara-gulum-cd\/\",\"url\":\"https:\/\/wpguerssen-test.odoo.rgbconsulting.com\/es\/producto\/nice-yillara-gulum-cd\/\",\"name\":\"AKBAYRAM, Edip Ve DOSTLAR - Nice Yillara G\u00fcl\u00fcm (CD) - (CD) | Guerssen\",\"isPartOf\":{\"@id\":\"https:\/\/wpguerssen-test.odoo.rgbconsulting.com\/es\/#website\"},\"primaryImageOfPage\":{\"@id\":\"https:\/\/wpguerssen-test.odoo.rgbconsulting.com\/es\/producto\/nice-yillara-gulum-cd\/#primaryimage\"},\"image\":{\"@id\":\"https:\/\/wpguerssen-test.odoo.rgbconsulting.com\/es\/producto\/nice-yillara-gulum-cd\/#primaryimage\"},\"thumbnailUrl\":\"https:\/\/wpguerssen-test.odoo.rgbconsulting.com\/wp-content\/uploads\/2022\/03\/23972.jpg\",\"datePublished\":\"2016-02-16T23:00:00+00:00\",\"dateModified\":\"2025-04-16T15:48:12+00:00\",\"description\":\"Third album by Turkish psychedelic singer Edip Akbayram, originally released in 1982. This later 3rd album really ramps up the silly synthesizers. You'll hear whooshy 80s Rolands, vocals run through a harmonizer, and tons of totally tubular bass popping, and it all makes it darned easy to hear just where the western intros and breaks stop. #nl# Ever wish Knight Rider's Kitt could drive to Istanbul? Take a ride on cheesy synthesizers with Edip at the wheel! #nl# Tracklist: Nice Yillara G\u00fcl\u00fcm - Aman Kerem - Darmadagin - Kibar Gelin - Sinesine Vura Vura - Degmen Benim G\u00f6nl\u00fcme - Hasretinle Yandi G\u00f6nl\u00fcm - Bitliste Bes Minare - Cana Kurban - Sirin Nar\",\"breadcrumb\":{\"@id\":\"https:\/\/wpguerssen-test.odoo.rgbconsulting.com\/es\/producto\/nice-yillara-gulum-cd\/#breadcrumb\"},\"inLanguage\":\"es\",\"potentialAction\":[{\"@type\":\"ReadAction\",\"target\":[\"https:\/\/wpguerssen-test.odoo.rgbconsulting.com\/es\/producto\/nice-yillara-gulum-cd\/\"]}]},{\"@type\":\"ImageObject\",\"inLanguage\":\"es\",\"@id\":\"https:\/\/wpguerssen-test.odoo.rgbconsulting.com\/es\/producto\/nice-yillara-gulum-cd\/#primaryimage\",\"url\":\"https:\/\/wpguerssen-test.odoo.rgbconsulting.com\/wp-content\/uploads\/2022\/03\/23972.jpg\",\"contentUrl\":\"https:\/\/wpguerssen-test.odoo.rgbconsulting.com\/wp-content\/uploads\/2022\/03\/23972.jpg\",\"width\":1800,\"height\":1801,\"caption\":\"Edip Ve DOSTLAR - Nice Yillara G\u00fcl\u00fcm (CD) - PHARAWAY SOUNDS (CD) | Guerssen\"},{\"@type\":\"BreadcrumbList\",\"@id\":\"https:\/\/wpguerssen-test.odoo.rgbconsulting.com\/es\/producto\/nice-yillara-gulum-cd\/#breadcrumb\",\"itemListElement\":[{\"@type\":\"ListItem\",\"position\":1,\"name\":\"Inicio\",\"item\":\"https:\/\/wpguerssen-test.odoo.rgbconsulting.com\/es\/\"},{\"@type\":\"ListItem\",\"position\":2,\"name\":\"Shop\",\"item\":\"https:\/\/wpguerssen-test.odoo.rgbconsulting.com\/shop\/\"},{\"@type\":\"ListItem\",\"position\":3,\"name\":\"Nice Yillara G\u00fcl\u00fcm (CD)\"}]},{\"@type\":\"WebSite\",\"@id\":\"https:\/\/wpguerssen-test.odoo.rgbconsulting.com\/es\/#website\",\"url\":\"https:\/\/wpguerssen-test.odoo.rgbconsulting.com\/es\/\",\"name\":\"Guerssen records\",\"description\":\"psychedelia - progressive - folk - garage \",\"publisher\":{\"@id\":\"https:\/\/wpguerssen-test.odoo.rgbconsulting.com\/es\/#organization\"},\"potentialAction\":[{\"@type\":\"SearchAction\",\"target\":{\"@type\":\"EntryPoint\",\"urlTemplate\":\"https:\/\/wpguerssen-test.odoo.rgbconsulting.com\/es\/?s={search_term_string}\"},\"query-input\":{\"@type\":\"PropertyValueSpecification\",\"valueRequired\":true,\"valueName\":\"search_term_string\"}}],\"inLanguage\":\"es\"},{\"@type\":\"Organization\",\"@id\":\"https:\/\/wpguerssen-test.odoo.rgbconsulting.com\/es\/#organization\",\"name\":\"Guerssen records\",\"url\":\"https:\/\/wpguerssen-test.odoo.rgbconsulting.com\/es\/\",\"logo\":{\"@type\":\"ImageObject\",\"inLanguage\":\"es\",\"@id\":\"https:\/\/wpguerssen-test.odoo.rgbconsulting.com\/es\/#\/schema\/logo\/image\/\",\"url\":\"https:\/\/wpguerssen-test.odoo.rgbconsulting.com\/wp-content\/uploads\/2022\/04\/Logo_Guerssen_trans_100.png\",\"contentUrl\":\"https:\/\/wpguerssen-test.odoo.rgbconsulting.com\/wp-content\/uploads\/2022\/04\/Logo_Guerssen_trans_100.png\",\"width\":122,\"height\":100,\"caption\":\"Guerssen records\"},\"image\":{\"@id\":\"https:\/\/wpguerssen-test.odoo.rgbconsulting.com\/es\/#\/schema\/logo\/image\/\"}}]}<\/script>\n<!-- \/ Yoast SEO plugin. -->","yoast_head_json":{"title":"AKBAYRAM, Edip Ve DOSTLAR - Nice Yillara G\u00fcl\u00fcm (CD) -  (CD) | Guerssen","description":"Third album by Turkish psychedelic singer Edip Akbayram, originally released in 1982. This later 3rd album really ramps up the silly synthesizers. You'll hear whooshy 80s Rolands, vocals run through a harmonizer, and tons of totally tubular bass popping, and it all makes it darned easy to hear just where the western intros and breaks stop. #nl# Ever wish Knight Rider's Kitt could drive to Istanbul? Take a ride on cheesy synthesizers with Edip at the wheel! #nl# Tracklist: Nice Yillara G\u00fcl\u00fcm - Aman Kerem - Darmadagin - Kibar Gelin - Sinesine Vura Vura - Degmen Benim G\u00f6nl\u00fcme - Hasretinle Yandi G\u00f6nl\u00fcm - Bitliste Bes Minare - Cana Kurban - Sirin Nar","robots":{"index":"index","follow":"follow","max-snippet":"max-snippet:-1","max-image-preview":"max-image-preview:large","max-video-preview":"max-video-preview:-1"},"canonical":"https:\/\/wpguerssen-test.odoo.rgbconsulting.com\/es\/producto\/nice-yillara-gulum-cd\/","og_locale":"es_ES","og_type":"article","og_title":"AKBAYRAM, Edip Ve DOSTLAR - Nice Yillara G\u00fcl\u00fcm (CD) -  (CD) | Guerssen","og_description":"Third album by Turkish psychedelic singer Edip Akbayram, originally released in 1982. This later 3rd album really ramps up the silly synthesizers. You'll hear whooshy 80s Rolands, vocals run through a harmonizer, and tons of totally tubular bass popping, and it all makes it darned easy to hear just where the western intros and breaks stop. #nl# Ever wish Knight Rider's Kitt could drive to Istanbul? Take a ride on cheesy synthesizers with Edip at the wheel! #nl# Tracklist: Nice Yillara G\u00fcl\u00fcm - Aman Kerem - Darmadagin - Kibar Gelin - Sinesine Vura Vura - Degmen Benim G\u00f6nl\u00fcme - Hasretinle Yandi G\u00f6nl\u00fcm - Bitliste Bes Minare - Cana Kurban - Sirin Nar","og_url":"https:\/\/wpguerssen-test.odoo.rgbconsulting.com\/es\/producto\/nice-yillara-gulum-cd\/","og_site_name":"Guerssen records","article_modified_time":"2025-04-16T15:48:12+00:00","og_image":[{"width":1800,"height":1801,"url":"https:\/\/wpguerssen-test.odoo.rgbconsulting.com\/wp-content\/uploads\/2022\/03\/23972.jpg","type":"image\/jpeg"}],"twitter_card":"summary_large_image","twitter_title":"AKBAYRAM, Edip Ve DOSTLAR - Nice Yillara G\u00fcl\u00fcm (CD) -  (CD) | Guerssen","schema":{"@context":"https:\/\/schema.org","@graph":[{"@type":"WebPage","@id":"https:\/\/wpguerssen-test.odoo.rgbconsulting.com\/es\/producto\/nice-yillara-gulum-cd\/","url":"https:\/\/wpguerssen-test.odoo.rgbconsulting.com\/es\/producto\/nice-yillara-gulum-cd\/","name":"AKBAYRAM, Edip Ve DOSTLAR - Nice Yillara G\u00fcl\u00fcm (CD) - (CD) | Guerssen","isPartOf":{"@id":"https:\/\/wpguerssen-test.odoo.rgbconsulting.com\/es\/#website"},"primaryImageOfPage":{"@id":"https:\/\/wpguerssen-test.odoo.rgbconsulting.com\/es\/producto\/nice-yillara-gulum-cd\/#primaryimage"},"image":{"@id":"https:\/\/wpguerssen-test.odoo.rgbconsulting.com\/es\/producto\/nice-yillara-gulum-cd\/#primaryimage"},"thumbnailUrl":"https:\/\/wpguerssen-test.odoo.rgbconsulting.com\/wp-content\/uploads\/2022\/03\/23972.jpg","datePublished":"2016-02-16T23:00:00+00:00","dateModified":"2025-04-16T15:48:12+00:00","description":"Third album by Turkish psychedelic singer Edip Akbayram, originally released in 1982. This later 3rd album really ramps up the silly synthesizers. You'll hear whooshy 80s Rolands, vocals run through a harmonizer, and tons of totally tubular bass popping, and it all makes it darned easy to hear just where the western intros and breaks stop. #nl# Ever wish Knight Rider's Kitt could drive to Istanbul? Take a ride on cheesy synthesizers with Edip at the wheel! #nl# Tracklist: Nice Yillara G\u00fcl\u00fcm - Aman Kerem - Darmadagin - Kibar Gelin - Sinesine Vura Vura - Degmen Benim G\u00f6nl\u00fcme - Hasretinle Yandi G\u00f6nl\u00fcm - Bitliste Bes Minare - Cana Kurban - Sirin Nar","breadcrumb":{"@id":"https:\/\/wpguerssen-test.odoo.rgbconsulting.com\/es\/producto\/nice-yillara-gulum-cd\/#breadcrumb"},"inLanguage":"es","potentialAction":[{"@type":"ReadAction","target":["https:\/\/wpguerssen-test.odoo.rgbconsulting.com\/es\/producto\/nice-yillara-gulum-cd\/"]}]},{"@type":"ImageObject","inLanguage":"es","@id":"https:\/\/wpguerssen-test.odoo.rgbconsulting.com\/es\/producto\/nice-yillara-gulum-cd\/#primaryimage","url":"https:\/\/wpguerssen-test.odoo.rgbconsulting.com\/wp-content\/uploads\/2022\/03\/23972.jpg","contentUrl":"https:\/\/wpguerssen-test.odoo.rgbconsulting.com\/wp-content\/uploads\/2022\/03\/23972.jpg","width":1800,"height":1801,"caption":"Edip Ve DOSTLAR - Nice Yillara G\u00fcl\u00fcm (CD) - PHARAWAY SOUNDS (CD) | Guerssen"},{"@type":"BreadcrumbList","@id":"https:\/\/wpguerssen-test.odoo.rgbconsulting.com\/es\/producto\/nice-yillara-gulum-cd\/#breadcrumb","itemListElement":[{"@type":"ListItem","position":1,"name":"Inicio","item":"https:\/\/wpguerssen-test.odoo.rgbconsulting.com\/es\/"},{"@type":"ListItem","position":2,"name":"Shop","item":"https:\/\/wpguerssen-test.odoo.rgbconsulting.com\/shop\/"},{"@type":"ListItem","position":3,"name":"Nice Yillara G\u00fcl\u00fcm (CD)"}]},{"@type":"WebSite","@id":"https:\/\/wpguerssen-test.odoo.rgbconsulting.com\/es\/#website","url":"https:\/\/wpguerssen-test.odoo.rgbconsulting.com\/es\/","name":"Guerssen records","description":"psychedelia - progressive - folk - garage ","publisher":{"@id":"https:\/\/wpguerssen-test.odoo.rgbconsulting.com\/es\/#organization"},"potentialAction":[{"@type":"SearchAction","target":{"@type":"EntryPoint","urlTemplate":"https:\/\/wpguerssen-test.odoo.rgbconsulting.com\/es\/?s={search_term_string}"},"query-input":{"@type":"PropertyValueSpecification","valueRequired":true,"valueName":"search_term_string"}}],"inLanguage":"es"},{"@type":"Organization","@id":"https:\/\/wpguerssen-test.odoo.rgbconsulting.com\/es\/#organization","name":"Guerssen records","url":"https:\/\/wpguerssen-test.odoo.rgbconsulting.com\/es\/","logo":{"@type":"ImageObject","inLanguage":"es","@id":"https:\/\/wpguerssen-test.odoo.rgbconsulting.com\/es\/#\/schema\/logo\/image\/","url":"https:\/\/wpguerssen-test.odoo.rgbconsulting.com\/wp-content\/uploads\/2022\/04\/Logo_Guerssen_trans_100.png","contentUrl":"https:\/\/wpguerssen-test.odoo.rgbconsulting.com\/wp-content\/uploads\/2022\/04\/Logo_Guerssen_trans_100.png","width":122,"height":100,"caption":"Guerssen records"},"image":{"@id":"https:\/\/wpguerssen-test.odoo.rgbconsulting.com\/es\/#\/schema\/logo\/image\/"}}]}},"_links":{"self":[{"href":"https:\/\/wpguerssen-test.odoo.rgbconsulting.com\/es\/wp-json\/wp\/v2\/product\/180649","targetHints":{"allow":["GET"]}}],"collection":[{"href":"https:\/\/wpguerssen-test.odoo.rgbconsulting.com\/es\/wp-json\/wp\/v2\/product"}],"about":[{"href":"https:\/\/wpguerssen-test.odoo.rgbconsulting.com\/es\/wp-json\/wp\/v2\/types\/product"}],"wp:featuredmedia":[{"embeddable":true,"href":"https:\/\/wpguerssen-test.odoo.rgbconsulting.com\/es\/wp-json\/wp\/v2\/media\/117970"}],"wp:attachment":[{"href":"https:\/\/wpguerssen-test.odoo.rgbconsulting.com\/es\/wp-json\/wp\/v2\/media?parent=180649"}],"wp:term":[{"taxonomy":"product_brand","embeddable":true,"href":"https:\/\/wpguerssen-test.odoo.rgbconsulting.com\/es\/wp-json\/wp\/v2\/product_brand?post=180649"},{"taxonomy":"product_cat","embeddable":true,"href":"https:\/\/wpguerssen-test.odoo.rgbconsulting.com\/es\/wp-json\/wp\/v2\/product_cat?post=180649"},{"taxonomy":"product_tag","embeddable":true,"href":"https:\/\/wpguerssen-test.odoo.rgbconsulting.com\/es\/wp-json\/wp\/v2\/product_tag?post=180649"}],"curies":[{"name":"wp","href":"https:\/\/api.w.org\/{rel}","templated":true}]}}