{"id":180653,"date":"2016-02-09T00:00:00","date_gmt":"2016-02-08T23:00:00","guid":{"rendered":"http:\/\/guerssen.hl1097.dinaserver.com\/product\/circles-cd\/"},"modified":"2025-02-10T13:56:18","modified_gmt":"2025-02-10T12:56:18","slug":"circles-cd","status":"publish","type":"product","link":"https:\/\/wpguerssen-test.odoo.rgbconsulting.com\/es\/producto\/circles-cd\/","title":{"rendered":"Circles (CD)"},"content":{"rendered":"<p>A finales de los 70 y durante los 80, hubo un gran movimiento en la poco conocida escena alemana \u00abpost-Krautrock underground\u00bb. Numerosos grupos independientes y autoproducidos saieron a la luz: uno de los m\u00e1s fascinantes ejemplos de aquella \u00e9poca son el duo Circles, formados en los suburbios de Frankfurt a finales de los 70 por dos multi-instrumentistas:  Dierk Leitert (sintetizador, secuenciador, bater\u00eda, bajo, guitarraz, voz, saxo, flauta) y Mike Bohrmann (guitarras, bajo, sintetizadores) junto a un peque\u00f1o n\u00famero de colaboradores. <\/p>\n<p> Manteniendo la llama de grupos Kraut de los 70 como Harmonia, Cluster o Neu! en los 80, Circles tambi\u00e9n eran contempor\u00e1neos de bandas experimentales como Throbbing Gristle, Ilitch o Nurse With Wound, por lo que cierta similitud de su sonido con estos grupos es apreciable. <\/p>\n<p> \u00abCircles\u00bb fue el primer disco del duo, editado de forma privada en su sello Einhorn en 1983. Envuelto en una misteriosa portada, se trata de un poco conocido pero excelente ejercicio de kraut-psych experimental, muy recomendado si te gustan Harmonia, Cluster, Fripp \/ Eno, Heldon, Conrad Schnitzler, Neu!, Throbbing Gristle, Ilitch, Irmin Schmidt, Amon D\u00fc\u00fcl II&#8230; <\/p>\n<p> Por primera vez reeditado, remasterizado, booklet con notas por Alan Freeman (The Crack In The Cosmic Egg, Ultima Thule) contando la historia del grupo por primera vez. <\/p>\n<p> \u00abCircles son uno de los m\u00e1s fascinantes grupos alemanes ambient \/ electr\u00f3nicos de la escena kraut post-New Wave\u00bb- Alan Freeman (The Crack In The Cosmic Egg) <\/p>\n<p> Tracklist: <\/p>\n<p> 1. Einblicke 3:22 <\/p>\n<p> 2. Viele Wege 3:30 <\/p>\n<p> 3. Chant 2:44 <\/p>\n<p> 4. Rockola  4:08<br \/>5. 10o Unter Null 5:23 <\/p>\n<p> 6. Troflut 4:40 <\/p>\n<p> 7. Reibend 3:23 <\/p>\n<p> 8. Intermezzo 0:21 <\/p>\n<p> 9. A) Woistich 8:03 <\/p>\n<p> B) Umgedreht 3:44<\/p>\n","protected":false},"excerpt":{"rendered":"<p>A finales de los 70 y durante los 80, hubo un gran movimiento en la poco conocida escena alemana \u00abpost-Krautrock underground\u00bb. Numerosos grupos independientes y<a class=\"read\" href=\"https:\/\/wpguerssen-test.odoo.rgbconsulting.com\/es\/producto\/circles-cd\/\"> (...)<\/a>","protected":false},"featured_media":117985,"template":"","meta":{"_acf_changed":false},"product_brand":[],"product_cat":[23226,23260],"product_tag":[29138],"class_list":{"0":"post-180653","1":"product","2":"type-product","3":"status-publish","4":"has-post-thumbnail","6":"product_cat-industrial-es","7":"product_cat-avant-garde-experime-es","8":"product_tag-cd-es","9":"pa_artist-circles-es-2","10":"pa_format-cd-2-es","11":"pa_gender-avant-garde-experime-industrial","12":"pa_label-mental-experience-es","13":"pa_location-europe-es","15":"first","16":"instock","17":"taxable","18":"shipping-taxable","19":"purchasable","20":"product-type-simple"},"acf":[],"yoast_head":"<!-- This site is optimized with the Yoast SEO plugin v24.9 - https:\/\/yoast.com\/wordpress\/plugins\/seo\/ -->\n<title>CIRCLES - Circles (CD) -  (CD) | Guerssen<\/title>\n<meta name=\"description\" content=\"In the late 1970s and through the 1980s there was a lot happening on the German &quot;post Krautrock underground&quot; that few people knew about, lots of independent artists doing their own thing, either via small labels or doing it themselves. Circles were one of these bands. #nl# Based on the Frankfurt suburbs, they consisted of the multi-instrumental duo of Dierk Leitert (synthesizer, sequencer, drums, bass, guitar, voice, saxophone, flute) and Mike Bohrmann (guitars, bass, synthesizer) plus a few collaborators. Carrying the torch of 70s bands like Cluster, Harmonia or Liliental into the 80s, Circles were also contemporaries of groups like Throbbing Gristle, Ilitch and Nurse With Wound so you can also expect some similarities in their music. #nl# &quot;Circles&quot; was their first album, released in 1983 as a private pressing on their tiny Einhorn label, housed in a cool and mysterious looking cover. This little known but excellent kraut\/psych\/experimental album is highly recommended to anyone into Harmonia, Cluster, Fripp \/ Eno, Heldon, Conrad Schnitzler, Neu!, Throbbing Gristle, Ilitch, Irmin Schmidt, Amon D\u00fc\u00fcl II... #nl# First ever reissue, including booklet with detailed liner notes by Alan Freeman (The Crack In The Cosmic Egg, Ultima Thule) telling the story of the band for the first time. #nl# &quot;Circles are one of the most fascinating of German ambient\/electronic bands from the post new-wave era&quot; - Alan Freeman (The Crack In The Cosmic Egg) #nl# Tracklist: #nl# 1. Einblicke 3:22 #nl# 2. Viele Wege 3:30 #nl# 3. Chant 2:44 #nl# 4. Rockola 4:085. 10o Unter Null 5:23 #nl# 6. Troflut 4:40 #nl# 7. Reibend 3:23 #nl# 8. Intermezzo 0:21 #nl# 9. A) Woistich 8:03 #nl# B) Umgedreht 3:44\" \/>\n<meta name=\"robots\" content=\"index, follow, max-snippet:-1, max-image-preview:large, max-video-preview:-1\" \/>\n<link rel=\"canonical\" href=\"https:\/\/wpguerssen-test.odoo.rgbconsulting.com\/es\/producto\/circles-cd\/\" \/>\n<meta property=\"og:locale\" content=\"es_ES\" \/>\n<meta property=\"og:type\" content=\"article\" \/>\n<meta property=\"og:title\" content=\"CIRCLES - Circles (CD) -  (CD) | Guerssen\" \/>\n<meta property=\"og:description\" content=\"In the late 1970s and through the 1980s there was a lot happening on the German &quot;post Krautrock underground&quot; that few people knew about, lots of independent artists doing their own thing, either via small labels or doing it themselves. Circles were one of these bands. #nl# Based on the Frankfurt suburbs, they consisted of the multi-instrumental duo of Dierk Leitert (synthesizer, sequencer, drums, bass, guitar, voice, saxophone, flute) and Mike Bohrmann (guitars, bass, synthesizer) plus a few collaborators. Carrying the torch of 70s bands like Cluster, Harmonia or Liliental into the 80s, Circles were also contemporaries of groups like Throbbing Gristle, Ilitch and Nurse With Wound so you can also expect some similarities in their music. #nl# &quot;Circles&quot; was their first album, released in 1983 as a private pressing on their tiny Einhorn label, housed in a cool and mysterious looking cover. This little known but excellent kraut\/psych\/experimental album is highly recommended to anyone into Harmonia, Cluster, Fripp \/ Eno, Heldon, Conrad Schnitzler, Neu!, Throbbing Gristle, Ilitch, Irmin Schmidt, Amon D\u00fc\u00fcl II... #nl# First ever reissue, including booklet with detailed liner notes by Alan Freeman (The Crack In The Cosmic Egg, Ultima Thule) telling the story of the band for the first time. #nl# &quot;Circles are one of the most fascinating of German ambient\/electronic bands from the post new-wave era&quot; - Alan Freeman (The Crack In The Cosmic Egg) #nl# Tracklist: #nl# 1. Einblicke 3:22 #nl# 2. Viele Wege 3:30 #nl# 3. Chant 2:44 #nl# 4. Rockola 4:085. 10o Unter Null 5:23 #nl# 6. Troflut 4:40 #nl# 7. Reibend 3:23 #nl# 8. Intermezzo 0:21 #nl# 9. A) Woistich 8:03 #nl# B) Umgedreht 3:44\" \/>\n<meta property=\"og:url\" content=\"https:\/\/wpguerssen-test.odoo.rgbconsulting.com\/es\/producto\/circles-cd\/\" \/>\n<meta property=\"og:site_name\" content=\"Guerssen records\" \/>\n<meta property=\"article:modified_time\" content=\"2025-02-10T12:56:18+00:00\" \/>\n<meta property=\"og:image\" content=\"https:\/\/wpguerssen-test.odoo.rgbconsulting.com\/wp-content\/uploads\/2022\/03\/23984.jpg\" \/>\n\t<meta property=\"og:image:width\" content=\"1450\" \/>\n\t<meta property=\"og:image:height\" content=\"1450\" \/>\n\t<meta property=\"og:image:type\" content=\"image\/jpeg\" \/>\n<meta name=\"twitter:card\" content=\"summary_large_image\" \/>\n<meta name=\"twitter:title\" content=\"CIRCLES - Circles (CD) -  (CD) | Guerssen\" \/>\n<meta name=\"twitter:label1\" content=\"Tiempo de lectura\" \/>\n\t<meta name=\"twitter:data1\" content=\"1 minuto\" \/>\n<script type=\"application\/ld+json\" class=\"yoast-schema-graph\">{\"@context\":\"https:\/\/schema.org\",\"@graph\":[{\"@type\":\"WebPage\",\"@id\":\"https:\/\/wpguerssen-test.odoo.rgbconsulting.com\/es\/producto\/circles-cd\/\",\"url\":\"https:\/\/wpguerssen-test.odoo.rgbconsulting.com\/es\/producto\/circles-cd\/\",\"name\":\"CIRCLES - Circles (CD) - (CD) | Guerssen\",\"isPartOf\":{\"@id\":\"https:\/\/wpguerssen-test.odoo.rgbconsulting.com\/es\/#website\"},\"primaryImageOfPage\":{\"@id\":\"https:\/\/wpguerssen-test.odoo.rgbconsulting.com\/es\/producto\/circles-cd\/#primaryimage\"},\"image\":{\"@id\":\"https:\/\/wpguerssen-test.odoo.rgbconsulting.com\/es\/producto\/circles-cd\/#primaryimage\"},\"thumbnailUrl\":\"https:\/\/wpguerssen-test.odoo.rgbconsulting.com\/wp-content\/uploads\/2022\/03\/23984.jpg\",\"datePublished\":\"2016-02-08T23:00:00+00:00\",\"dateModified\":\"2025-02-10T12:56:18+00:00\",\"description\":\"In the late 1970s and through the 1980s there was a lot happening on the German \\\"post Krautrock underground\\\" that few people knew about, lots of independent artists doing their own thing, either via small labels or doing it themselves. Circles were one of these bands. #nl# Based on the Frankfurt suburbs, they consisted of the multi-instrumental duo of Dierk Leitert (synthesizer, sequencer, drums, bass, guitar, voice, saxophone, flute) and Mike Bohrmann (guitars, bass, synthesizer) plus a few collaborators. Carrying the torch of 70s bands like Cluster, Harmonia or Liliental into the 80s, Circles were also contemporaries of groups like Throbbing Gristle, Ilitch and Nurse With Wound so you can also expect some similarities in their music. #nl# \\\"Circles\\\" was their first album, released in 1983 as a private pressing on their tiny Einhorn label, housed in a cool and mysterious looking cover. This little known but excellent kraut\/psych\/experimental album is highly recommended to anyone into Harmonia, Cluster, Fripp \/ Eno, Heldon, Conrad Schnitzler, Neu!, Throbbing Gristle, Ilitch, Irmin Schmidt, Amon D\u00fc\u00fcl II... #nl# First ever reissue, including booklet with detailed liner notes by Alan Freeman (The Crack In The Cosmic Egg, Ultima Thule) telling the story of the band for the first time. #nl# \\\"Circles are one of the most fascinating of German ambient\/electronic bands from the post new-wave era\\\" - Alan Freeman (The Crack In The Cosmic Egg) #nl# Tracklist: #nl# 1. Einblicke 3:22 #nl# 2. Viele Wege 3:30 #nl# 3. Chant 2:44 #nl# 4. Rockola 4:085. 10o Unter Null 5:23 #nl# 6. Troflut 4:40 #nl# 7. Reibend 3:23 #nl# 8. Intermezzo 0:21 #nl# 9. A) Woistich 8:03 #nl# B) Umgedreht 3:44\",\"breadcrumb\":{\"@id\":\"https:\/\/wpguerssen-test.odoo.rgbconsulting.com\/es\/producto\/circles-cd\/#breadcrumb\"},\"inLanguage\":\"es\",\"potentialAction\":[{\"@type\":\"ReadAction\",\"target\":[\"https:\/\/wpguerssen-test.odoo.rgbconsulting.com\/es\/producto\/circles-cd\/\"]}]},{\"@type\":\"ImageObject\",\"inLanguage\":\"es\",\"@id\":\"https:\/\/wpguerssen-test.odoo.rgbconsulting.com\/es\/producto\/circles-cd\/#primaryimage\",\"url\":\"https:\/\/wpguerssen-test.odoo.rgbconsulting.com\/wp-content\/uploads\/2022\/03\/23984.jpg\",\"contentUrl\":\"https:\/\/wpguerssen-test.odoo.rgbconsulting.com\/wp-content\/uploads\/2022\/03\/23984.jpg\",\"width\":1450,\"height\":1450,\"caption\":\"CIRCLES - Circles (CD) - MENTAL EXPERIENCE (CD) | Guerssen\"},{\"@type\":\"BreadcrumbList\",\"@id\":\"https:\/\/wpguerssen-test.odoo.rgbconsulting.com\/es\/producto\/circles-cd\/#breadcrumb\",\"itemListElement\":[{\"@type\":\"ListItem\",\"position\":1,\"name\":\"Inicio\",\"item\":\"https:\/\/wpguerssen-test.odoo.rgbconsulting.com\/es\/\"},{\"@type\":\"ListItem\",\"position\":2,\"name\":\"Shop\",\"item\":\"https:\/\/wpguerssen-test.odoo.rgbconsulting.com\/shop\/\"},{\"@type\":\"ListItem\",\"position\":3,\"name\":\"Circles (CD)\"}]},{\"@type\":\"WebSite\",\"@id\":\"https:\/\/wpguerssen-test.odoo.rgbconsulting.com\/es\/#website\",\"url\":\"https:\/\/wpguerssen-test.odoo.rgbconsulting.com\/es\/\",\"name\":\"Guerssen records\",\"description\":\"psychedelia - progressive - folk - garage \",\"publisher\":{\"@id\":\"https:\/\/wpguerssen-test.odoo.rgbconsulting.com\/es\/#organization\"},\"potentialAction\":[{\"@type\":\"SearchAction\",\"target\":{\"@type\":\"EntryPoint\",\"urlTemplate\":\"https:\/\/wpguerssen-test.odoo.rgbconsulting.com\/es\/?s={search_term_string}\"},\"query-input\":{\"@type\":\"PropertyValueSpecification\",\"valueRequired\":true,\"valueName\":\"search_term_string\"}}],\"inLanguage\":\"es\"},{\"@type\":\"Organization\",\"@id\":\"https:\/\/wpguerssen-test.odoo.rgbconsulting.com\/es\/#organization\",\"name\":\"Guerssen records\",\"url\":\"https:\/\/wpguerssen-test.odoo.rgbconsulting.com\/es\/\",\"logo\":{\"@type\":\"ImageObject\",\"inLanguage\":\"es\",\"@id\":\"https:\/\/wpguerssen-test.odoo.rgbconsulting.com\/es\/#\/schema\/logo\/image\/\",\"url\":\"https:\/\/wpguerssen-test.odoo.rgbconsulting.com\/wp-content\/uploads\/2022\/04\/Logo_Guerssen_trans_100.png\",\"contentUrl\":\"https:\/\/wpguerssen-test.odoo.rgbconsulting.com\/wp-content\/uploads\/2022\/04\/Logo_Guerssen_trans_100.png\",\"width\":122,\"height\":100,\"caption\":\"Guerssen records\"},\"image\":{\"@id\":\"https:\/\/wpguerssen-test.odoo.rgbconsulting.com\/es\/#\/schema\/logo\/image\/\"}}]}<\/script>\n<!-- \/ Yoast SEO plugin. -->","yoast_head_json":{"title":"CIRCLES - Circles (CD) -  (CD) | Guerssen","description":"In the late 1970s and through the 1980s there was a lot happening on the German \"post Krautrock underground\" that few people knew about, lots of independent artists doing their own thing, either via small labels or doing it themselves. Circles were one of these bands. #nl# Based on the Frankfurt suburbs, they consisted of the multi-instrumental duo of Dierk Leitert (synthesizer, sequencer, drums, bass, guitar, voice, saxophone, flute) and Mike Bohrmann (guitars, bass, synthesizer) plus a few collaborators. Carrying the torch of 70s bands like Cluster, Harmonia or Liliental into the 80s, Circles were also contemporaries of groups like Throbbing Gristle, Ilitch and Nurse With Wound so you can also expect some similarities in their music. #nl# \"Circles\" was their first album, released in 1983 as a private pressing on their tiny Einhorn label, housed in a cool and mysterious looking cover. This little known but excellent kraut\/psych\/experimental album is highly recommended to anyone into Harmonia, Cluster, Fripp \/ Eno, Heldon, Conrad Schnitzler, Neu!, Throbbing Gristle, Ilitch, Irmin Schmidt, Amon D\u00fc\u00fcl II... #nl# First ever reissue, including booklet with detailed liner notes by Alan Freeman (The Crack In The Cosmic Egg, Ultima Thule) telling the story of the band for the first time. #nl# \"Circles are one of the most fascinating of German ambient\/electronic bands from the post new-wave era\" - Alan Freeman (The Crack In The Cosmic Egg) #nl# Tracklist: #nl# 1. Einblicke 3:22 #nl# 2. Viele Wege 3:30 #nl# 3. Chant 2:44 #nl# 4. Rockola 4:085. 10o Unter Null 5:23 #nl# 6. Troflut 4:40 #nl# 7. Reibend 3:23 #nl# 8. Intermezzo 0:21 #nl# 9. A) Woistich 8:03 #nl# B) Umgedreht 3:44","robots":{"index":"index","follow":"follow","max-snippet":"max-snippet:-1","max-image-preview":"max-image-preview:large","max-video-preview":"max-video-preview:-1"},"canonical":"https:\/\/wpguerssen-test.odoo.rgbconsulting.com\/es\/producto\/circles-cd\/","og_locale":"es_ES","og_type":"article","og_title":"CIRCLES - Circles (CD) -  (CD) | Guerssen","og_description":"In the late 1970s and through the 1980s there was a lot happening on the German \"post Krautrock underground\" that few people knew about, lots of independent artists doing their own thing, either via small labels or doing it themselves. Circles were one of these bands. #nl# Based on the Frankfurt suburbs, they consisted of the multi-instrumental duo of Dierk Leitert (synthesizer, sequencer, drums, bass, guitar, voice, saxophone, flute) and Mike Bohrmann (guitars, bass, synthesizer) plus a few collaborators. Carrying the torch of 70s bands like Cluster, Harmonia or Liliental into the 80s, Circles were also contemporaries of groups like Throbbing Gristle, Ilitch and Nurse With Wound so you can also expect some similarities in their music. #nl# \"Circles\" was their first album, released in 1983 as a private pressing on their tiny Einhorn label, housed in a cool and mysterious looking cover. This little known but excellent kraut\/psych\/experimental album is highly recommended to anyone into Harmonia, Cluster, Fripp \/ Eno, Heldon, Conrad Schnitzler, Neu!, Throbbing Gristle, Ilitch, Irmin Schmidt, Amon D\u00fc\u00fcl II... #nl# First ever reissue, including booklet with detailed liner notes by Alan Freeman (The Crack In The Cosmic Egg, Ultima Thule) telling the story of the band for the first time. #nl# \"Circles are one of the most fascinating of German ambient\/electronic bands from the post new-wave era\" - Alan Freeman (The Crack In The Cosmic Egg) #nl# Tracklist: #nl# 1. Einblicke 3:22 #nl# 2. Viele Wege 3:30 #nl# 3. Chant 2:44 #nl# 4. Rockola 4:085. 10o Unter Null 5:23 #nl# 6. Troflut 4:40 #nl# 7. Reibend 3:23 #nl# 8. Intermezzo 0:21 #nl# 9. A) Woistich 8:03 #nl# B) Umgedreht 3:44","og_url":"https:\/\/wpguerssen-test.odoo.rgbconsulting.com\/es\/producto\/circles-cd\/","og_site_name":"Guerssen records","article_modified_time":"2025-02-10T12:56:18+00:00","og_image":[{"width":1450,"height":1450,"url":"https:\/\/wpguerssen-test.odoo.rgbconsulting.com\/wp-content\/uploads\/2022\/03\/23984.jpg","type":"image\/jpeg"}],"twitter_card":"summary_large_image","twitter_title":"CIRCLES - Circles (CD) -  (CD) | Guerssen","twitter_misc":{"Tiempo de lectura":"1 minuto"},"schema":{"@context":"https:\/\/schema.org","@graph":[{"@type":"WebPage","@id":"https:\/\/wpguerssen-test.odoo.rgbconsulting.com\/es\/producto\/circles-cd\/","url":"https:\/\/wpguerssen-test.odoo.rgbconsulting.com\/es\/producto\/circles-cd\/","name":"CIRCLES - Circles (CD) - (CD) | Guerssen","isPartOf":{"@id":"https:\/\/wpguerssen-test.odoo.rgbconsulting.com\/es\/#website"},"primaryImageOfPage":{"@id":"https:\/\/wpguerssen-test.odoo.rgbconsulting.com\/es\/producto\/circles-cd\/#primaryimage"},"image":{"@id":"https:\/\/wpguerssen-test.odoo.rgbconsulting.com\/es\/producto\/circles-cd\/#primaryimage"},"thumbnailUrl":"https:\/\/wpguerssen-test.odoo.rgbconsulting.com\/wp-content\/uploads\/2022\/03\/23984.jpg","datePublished":"2016-02-08T23:00:00+00:00","dateModified":"2025-02-10T12:56:18+00:00","description":"In the late 1970s and through the 1980s there was a lot happening on the German \"post Krautrock underground\" that few people knew about, lots of independent artists doing their own thing, either via small labels or doing it themselves. Circles were one of these bands. #nl# Based on the Frankfurt suburbs, they consisted of the multi-instrumental duo of Dierk Leitert (synthesizer, sequencer, drums, bass, guitar, voice, saxophone, flute) and Mike Bohrmann (guitars, bass, synthesizer) plus a few collaborators. Carrying the torch of 70s bands like Cluster, Harmonia or Liliental into the 80s, Circles were also contemporaries of groups like Throbbing Gristle, Ilitch and Nurse With Wound so you can also expect some similarities in their music. #nl# \"Circles\" was their first album, released in 1983 as a private pressing on their tiny Einhorn label, housed in a cool and mysterious looking cover. This little known but excellent kraut\/psych\/experimental album is highly recommended to anyone into Harmonia, Cluster, Fripp \/ Eno, Heldon, Conrad Schnitzler, Neu!, Throbbing Gristle, Ilitch, Irmin Schmidt, Amon D\u00fc\u00fcl II... #nl# First ever reissue, including booklet with detailed liner notes by Alan Freeman (The Crack In The Cosmic Egg, Ultima Thule) telling the story of the band for the first time. #nl# \"Circles are one of the most fascinating of German ambient\/electronic bands from the post new-wave era\" - Alan Freeman (The Crack In The Cosmic Egg) #nl# Tracklist: #nl# 1. Einblicke 3:22 #nl# 2. Viele Wege 3:30 #nl# 3. Chant 2:44 #nl# 4. Rockola 4:085. 10o Unter Null 5:23 #nl# 6. Troflut 4:40 #nl# 7. Reibend 3:23 #nl# 8. Intermezzo 0:21 #nl# 9. A) Woistich 8:03 #nl# B) Umgedreht 3:44","breadcrumb":{"@id":"https:\/\/wpguerssen-test.odoo.rgbconsulting.com\/es\/producto\/circles-cd\/#breadcrumb"},"inLanguage":"es","potentialAction":[{"@type":"ReadAction","target":["https:\/\/wpguerssen-test.odoo.rgbconsulting.com\/es\/producto\/circles-cd\/"]}]},{"@type":"ImageObject","inLanguage":"es","@id":"https:\/\/wpguerssen-test.odoo.rgbconsulting.com\/es\/producto\/circles-cd\/#primaryimage","url":"https:\/\/wpguerssen-test.odoo.rgbconsulting.com\/wp-content\/uploads\/2022\/03\/23984.jpg","contentUrl":"https:\/\/wpguerssen-test.odoo.rgbconsulting.com\/wp-content\/uploads\/2022\/03\/23984.jpg","width":1450,"height":1450,"caption":"CIRCLES - Circles (CD) - MENTAL EXPERIENCE (CD) | Guerssen"},{"@type":"BreadcrumbList","@id":"https:\/\/wpguerssen-test.odoo.rgbconsulting.com\/es\/producto\/circles-cd\/#breadcrumb","itemListElement":[{"@type":"ListItem","position":1,"name":"Inicio","item":"https:\/\/wpguerssen-test.odoo.rgbconsulting.com\/es\/"},{"@type":"ListItem","position":2,"name":"Shop","item":"https:\/\/wpguerssen-test.odoo.rgbconsulting.com\/shop\/"},{"@type":"ListItem","position":3,"name":"Circles (CD)"}]},{"@type":"WebSite","@id":"https:\/\/wpguerssen-test.odoo.rgbconsulting.com\/es\/#website","url":"https:\/\/wpguerssen-test.odoo.rgbconsulting.com\/es\/","name":"Guerssen records","description":"psychedelia - progressive - folk - garage ","publisher":{"@id":"https:\/\/wpguerssen-test.odoo.rgbconsulting.com\/es\/#organization"},"potentialAction":[{"@type":"SearchAction","target":{"@type":"EntryPoint","urlTemplate":"https:\/\/wpguerssen-test.odoo.rgbconsulting.com\/es\/?s={search_term_string}"},"query-input":{"@type":"PropertyValueSpecification","valueRequired":true,"valueName":"search_term_string"}}],"inLanguage":"es"},{"@type":"Organization","@id":"https:\/\/wpguerssen-test.odoo.rgbconsulting.com\/es\/#organization","name":"Guerssen records","url":"https:\/\/wpguerssen-test.odoo.rgbconsulting.com\/es\/","logo":{"@type":"ImageObject","inLanguage":"es","@id":"https:\/\/wpguerssen-test.odoo.rgbconsulting.com\/es\/#\/schema\/logo\/image\/","url":"https:\/\/wpguerssen-test.odoo.rgbconsulting.com\/wp-content\/uploads\/2022\/04\/Logo_Guerssen_trans_100.png","contentUrl":"https:\/\/wpguerssen-test.odoo.rgbconsulting.com\/wp-content\/uploads\/2022\/04\/Logo_Guerssen_trans_100.png","width":122,"height":100,"caption":"Guerssen records"},"image":{"@id":"https:\/\/wpguerssen-test.odoo.rgbconsulting.com\/es\/#\/schema\/logo\/image\/"}}]}},"_links":{"self":[{"href":"https:\/\/wpguerssen-test.odoo.rgbconsulting.com\/es\/wp-json\/wp\/v2\/product\/180653","targetHints":{"allow":["GET"]}}],"collection":[{"href":"https:\/\/wpguerssen-test.odoo.rgbconsulting.com\/es\/wp-json\/wp\/v2\/product"}],"about":[{"href":"https:\/\/wpguerssen-test.odoo.rgbconsulting.com\/es\/wp-json\/wp\/v2\/types\/product"}],"wp:featuredmedia":[{"embeddable":true,"href":"https:\/\/wpguerssen-test.odoo.rgbconsulting.com\/es\/wp-json\/wp\/v2\/media\/117985"}],"wp:attachment":[{"href":"https:\/\/wpguerssen-test.odoo.rgbconsulting.com\/es\/wp-json\/wp\/v2\/media?parent=180653"}],"wp:term":[{"taxonomy":"product_brand","embeddable":true,"href":"https:\/\/wpguerssen-test.odoo.rgbconsulting.com\/es\/wp-json\/wp\/v2\/product_brand?post=180653"},{"taxonomy":"product_cat","embeddable":true,"href":"https:\/\/wpguerssen-test.odoo.rgbconsulting.com\/es\/wp-json\/wp\/v2\/product_cat?post=180653"},{"taxonomy":"product_tag","embeddable":true,"href":"https:\/\/wpguerssen-test.odoo.rgbconsulting.com\/es\/wp-json\/wp\/v2\/product_tag?post=180653"}],"curies":[{"name":"wp","href":"https:\/\/api.w.org\/{rel}","templated":true}]}}