{"id":180654,"date":"2016-02-09T00:00:00","date_gmt":"2016-02-08T23:00:00","guid":{"rendered":"http:\/\/guerssen.hl1097.dinaserver.com\/product\/more-circles-cd\/"},"modified":"2024-07-03T12:06:10","modified_gmt":"2024-07-03T10:06:10","slug":"more-circles-cd","status":"publish","type":"product","link":"https:\/\/wpguerssen-test.odoo.rgbconsulting.com\/es\/producto\/more-circles-cd\/","title":{"rendered":"More Circles (CD)"},"content":{"rendered":"<p>A finales de los 70 y durante los 80, hubo un gran movimiento en la escena alemana \u00abpost-Krautrock underground\u00bb que todav\u00eda sigue siendo poco conocida. Numerosos grupos independientes y autoproducidos saieron a la luz. Uno de los m\u00e1s fascinantes ejemplos de aquella \u00e9poca son el duo Circles, formados en los suburbios de Frankfurt a finales de los 70 por dos multi-instrumentistas: Dierk Leitert (sintetizador, secuenciador, bater\u00eda, bajo, guitarraz, voz, saxo, flauta) y Mike Bohrmann (guitarras, bajo, sintetizadores) junto a un peque\u00f1o n\u00famero de colaboradores. <\/p>\n<p> Siguiendo la tradici\u00f3n de grupos Kraut de los 70 como Harmonia, Cluster o Neu! pero ya en los 80, Circles tambi\u00e9n eran contempor\u00e1neos de bandas experimentales como Throbbing Gristle, Ilitch o Nurse With Wound, por lo que cierta similitud en su sonido a estos grupos es apreciable. <\/p>\n<p> \u00abMore Circles\u00bb fue el segundo disco del duo, editado de forma privada en su sello Einhorn en 1984. Tremendo kraut experimental y psicod\u00e9lico con cantidad de guitarra  fuzz, drones, ritmos motorik, toques proto-ambient  y avant-garde <\/p>\n<p> Por primera vez reeditado, remasterizado, booklet con notas por Alan Freeman (The Crack In The Cosmic Egg, Ultima Thule) contando la historia del grupo por primera vez. <\/p>\n<p> \u00abCircles son uno de los m\u00e1s fascinantes grupos alemanes ambient \/ electr\u00f3nicos de la escena kraut post-New Wave\u00bb- Alan Freeman (The Crack In The Cosmic Egg) <\/p>\n<p> Tracklist: <\/p>\n<p> 1. Minimal Instant 1:12 <\/p>\n<p> 2. A) Several Steps Leading Through Different Rooms 9:44 <\/p>\n<p> B) Escapades 3:29 <\/p>\n<p> 3. Tripletwin 1:38 <\/p>\n<p> 4. Paris Cut  4:07 <\/p>\n<p> 5. Mental Dart 5:02 <\/p>\n<p> 6. Trio Atonale 2:54 <\/p>\n<p> 7. Tranquilo Gonzales  6:25 <\/p>\n<p> 8. Sequences 4:04 <\/p>\n<p> 9. Consequences 2:20 <\/p>\n<p> 10. Spiral Dance  5:22<\/p>\n","protected":false},"excerpt":{"rendered":"<p>A finales de los 70 y durante los 80, hubo un gran movimiento en la escena alemana \u00abpost-Krautrock underground\u00bb que todav\u00eda sigue siendo poco conocida. Numerosos<a class=\"read\" href=\"https:\/\/wpguerssen-test.odoo.rgbconsulting.com\/es\/producto\/more-circles-cd\/\"> (...)<\/a>","protected":false},"featured_media":117988,"template":"","meta":{"_acf_changed":false},"product_brand":[],"product_cat":[23226,23260],"product_tag":[29138],"class_list":{"0":"post-180654","1":"product","2":"type-product","3":"status-publish","4":"has-post-thumbnail","6":"product_cat-industrial-es","7":"product_cat-avant-garde-experime-es","8":"product_tag-cd-es","9":"pa_artist-circles-es-2","10":"pa_format-cd-2-es","11":"pa_gender-avant-garde-experime-industrial","12":"pa_label-mental-experience-es","13":"pa_location-europe-es","15":"first","16":"instock","17":"taxable","18":"shipping-taxable","19":"purchasable","20":"product-type-simple"},"acf":[],"yoast_head":"<!-- This site is optimized with the Yoast SEO plugin v24.9 - https:\/\/yoast.com\/wordpress\/plugins\/seo\/ -->\n<title>CIRCLES - More Circles (CD) -  (CD) | Guerssen<\/title>\n<meta name=\"description\" content=\"In the late 1970s and through the 1980s there was a lot happening on the German &quot;post Krautrock underground&quot; that few people knew about, lots of independent artists doing their own thing, either via small labels or doing it themselves. Circles were one of these bands. #nl# Based on the Frankfurt suburbs, they consisted of the multi-instrumental duo of Dierk Leitert (synthesizer, sequencer, drums, bass, guitar, voice, saxophone, flute) and Mike Bohrmann (guitars, bass, synthesizer) plus a few collaborators. Carrying the torch of 70s bands like Cluster, Harmonia or Liliental into the 80s, Circles were also contemporaries of groups like Throbbing Gristle, Ilitch and Nurse With Wound so you can also expect some similarities in their music. #nl# &quot;More Circles&quot; was their second album, released in 1984 as a private pressing on their tiny Einhorn label. Experimental krautrock with lots of psychedelic guitar, keyboards, motorik drums, drones, proto-ambient sounds and avant-garde \/ dadaist touches. #nl# RIYL: Harmonia, Cluster, Fripp\/Eno, Nurse With Wound, Throbbing Gristle, Chrome, Heldon, Conrad Schnitzler, Neu!, Eroc... #nl# First ever reissue, including booklet with detailed liner notes by Alan Freeman (The Crack In The Cosmic Egg, Ultima Thule) telling the story of the band for the first time. #nl# &quot;Circles are one of the most fascinating of German ambient\/electronic bands from the post new-wave era&quot; - Alan Freeman (The Crack In The Cosmic Egg) #nl# Tracklist: #nl# 1. Minimal Instant 1:12 #nl# 2. A) Several Steps Leading Through Different Rooms 9:44 #nl# B) Escapades 3:29 #nl# 3. Tripletwin 1:38 #nl# 4. Paris Cut 4:07 #nl# 5. Mental Dart 5:02 #nl# 6. Trio Atonale 2:54 #nl# 7. Tranquilo Gonzales 6:25 #nl# 8. Sequences 4:04 #nl# 9. Consequences 2:20 #nl# 10. Spiral Dance 5:22\" \/>\n<meta name=\"robots\" content=\"index, follow, max-snippet:-1, max-image-preview:large, max-video-preview:-1\" \/>\n<link rel=\"canonical\" href=\"https:\/\/wpguerssen-test.odoo.rgbconsulting.com\/es\/producto\/more-circles-cd\/\" \/>\n<meta property=\"og:locale\" content=\"es_ES\" \/>\n<meta property=\"og:type\" content=\"article\" \/>\n<meta property=\"og:title\" content=\"CIRCLES - More Circles (CD) -  (CD) | Guerssen\" \/>\n<meta property=\"og:description\" content=\"In the late 1970s and through the 1980s there was a lot happening on the German &quot;post Krautrock underground&quot; that few people knew about, lots of independent artists doing their own thing, either via small labels or doing it themselves. Circles were one of these bands. #nl# Based on the Frankfurt suburbs, they consisted of the multi-instrumental duo of Dierk Leitert (synthesizer, sequencer, drums, bass, guitar, voice, saxophone, flute) and Mike Bohrmann (guitars, bass, synthesizer) plus a few collaborators. Carrying the torch of 70s bands like Cluster, Harmonia or Liliental into the 80s, Circles were also contemporaries of groups like Throbbing Gristle, Ilitch and Nurse With Wound so you can also expect some similarities in their music. #nl# &quot;More Circles&quot; was their second album, released in 1984 as a private pressing on their tiny Einhorn label. Experimental krautrock with lots of psychedelic guitar, keyboards, motorik drums, drones, proto-ambient sounds and avant-garde \/ dadaist touches. #nl# RIYL: Harmonia, Cluster, Fripp\/Eno, Nurse With Wound, Throbbing Gristle, Chrome, Heldon, Conrad Schnitzler, Neu!, Eroc... #nl# First ever reissue, including booklet with detailed liner notes by Alan Freeman (The Crack In The Cosmic Egg, Ultima Thule) telling the story of the band for the first time. #nl# &quot;Circles are one of the most fascinating of German ambient\/electronic bands from the post new-wave era&quot; - Alan Freeman (The Crack In The Cosmic Egg) #nl# Tracklist: #nl# 1. Minimal Instant 1:12 #nl# 2. A) Several Steps Leading Through Different Rooms 9:44 #nl# B) Escapades 3:29 #nl# 3. Tripletwin 1:38 #nl# 4. Paris Cut 4:07 #nl# 5. Mental Dart 5:02 #nl# 6. Trio Atonale 2:54 #nl# 7. Tranquilo Gonzales 6:25 #nl# 8. Sequences 4:04 #nl# 9. Consequences 2:20 #nl# 10. Spiral Dance 5:22\" \/>\n<meta property=\"og:url\" content=\"https:\/\/wpguerssen-test.odoo.rgbconsulting.com\/es\/producto\/more-circles-cd\/\" \/>\n<meta property=\"og:site_name\" content=\"Guerssen records\" \/>\n<meta property=\"article:modified_time\" content=\"2024-07-03T10:06:10+00:00\" \/>\n<meta property=\"og:image\" content=\"https:\/\/wpguerssen-test.odoo.rgbconsulting.com\/wp-content\/uploads\/2022\/03\/23985.jpg\" \/>\n\t<meta property=\"og:image:width\" content=\"1429\" \/>\n\t<meta property=\"og:image:height\" content=\"1429\" \/>\n\t<meta property=\"og:image:type\" content=\"image\/jpeg\" \/>\n<meta name=\"twitter:card\" content=\"summary_large_image\" \/>\n<meta name=\"twitter:title\" content=\"CIRCLES - More Circles (CD) -  (CD) | Guerssen\" \/>\n<meta name=\"twitter:label1\" content=\"Tiempo de lectura\" \/>\n\t<meta name=\"twitter:data1\" content=\"1 minuto\" \/>\n<script type=\"application\/ld+json\" class=\"yoast-schema-graph\">{\"@context\":\"https:\/\/schema.org\",\"@graph\":[{\"@type\":\"WebPage\",\"@id\":\"https:\/\/wpguerssen-test.odoo.rgbconsulting.com\/es\/producto\/more-circles-cd\/\",\"url\":\"https:\/\/wpguerssen-test.odoo.rgbconsulting.com\/es\/producto\/more-circles-cd\/\",\"name\":\"CIRCLES - More Circles (CD) - (CD) | Guerssen\",\"isPartOf\":{\"@id\":\"https:\/\/wpguerssen-test.odoo.rgbconsulting.com\/es\/#website\"},\"primaryImageOfPage\":{\"@id\":\"https:\/\/wpguerssen-test.odoo.rgbconsulting.com\/es\/producto\/more-circles-cd\/#primaryimage\"},\"image\":{\"@id\":\"https:\/\/wpguerssen-test.odoo.rgbconsulting.com\/es\/producto\/more-circles-cd\/#primaryimage\"},\"thumbnailUrl\":\"https:\/\/wpguerssen-test.odoo.rgbconsulting.com\/wp-content\/uploads\/2022\/03\/23985.jpg\",\"datePublished\":\"2016-02-08T23:00:00+00:00\",\"dateModified\":\"2024-07-03T10:06:10+00:00\",\"description\":\"In the late 1970s and through the 1980s there was a lot happening on the German \\\"post Krautrock underground\\\" that few people knew about, lots of independent artists doing their own thing, either via small labels or doing it themselves. Circles were one of these bands. #nl# Based on the Frankfurt suburbs, they consisted of the multi-instrumental duo of Dierk Leitert (synthesizer, sequencer, drums, bass, guitar, voice, saxophone, flute) and Mike Bohrmann (guitars, bass, synthesizer) plus a few collaborators. Carrying the torch of 70s bands like Cluster, Harmonia or Liliental into the 80s, Circles were also contemporaries of groups like Throbbing Gristle, Ilitch and Nurse With Wound so you can also expect some similarities in their music. #nl# \\\"More Circles\\\" was their second album, released in 1984 as a private pressing on their tiny Einhorn label. Experimental krautrock with lots of psychedelic guitar, keyboards, motorik drums, drones, proto-ambient sounds and avant-garde \/ dadaist touches. #nl# RIYL: Harmonia, Cluster, Fripp\/Eno, Nurse With Wound, Throbbing Gristle, Chrome, Heldon, Conrad Schnitzler, Neu!, Eroc... #nl# First ever reissue, including booklet with detailed liner notes by Alan Freeman (The Crack In The Cosmic Egg, Ultima Thule) telling the story of the band for the first time. #nl# \\\"Circles are one of the most fascinating of German ambient\/electronic bands from the post new-wave era\\\" - Alan Freeman (The Crack In The Cosmic Egg) #nl# Tracklist: #nl# 1. Minimal Instant 1:12 #nl# 2. A) Several Steps Leading Through Different Rooms 9:44 #nl# B) Escapades 3:29 #nl# 3. Tripletwin 1:38 #nl# 4. Paris Cut 4:07 #nl# 5. Mental Dart 5:02 #nl# 6. Trio Atonale 2:54 #nl# 7. Tranquilo Gonzales 6:25 #nl# 8. Sequences 4:04 #nl# 9. Consequences 2:20 #nl# 10. Spiral Dance 5:22\",\"breadcrumb\":{\"@id\":\"https:\/\/wpguerssen-test.odoo.rgbconsulting.com\/es\/producto\/more-circles-cd\/#breadcrumb\"},\"inLanguage\":\"es\",\"potentialAction\":[{\"@type\":\"ReadAction\",\"target\":[\"https:\/\/wpguerssen-test.odoo.rgbconsulting.com\/es\/producto\/more-circles-cd\/\"]}]},{\"@type\":\"ImageObject\",\"inLanguage\":\"es\",\"@id\":\"https:\/\/wpguerssen-test.odoo.rgbconsulting.com\/es\/producto\/more-circles-cd\/#primaryimage\",\"url\":\"https:\/\/wpguerssen-test.odoo.rgbconsulting.com\/wp-content\/uploads\/2022\/03\/23985.jpg\",\"contentUrl\":\"https:\/\/wpguerssen-test.odoo.rgbconsulting.com\/wp-content\/uploads\/2022\/03\/23985.jpg\",\"width\":1429,\"height\":1429,\"caption\":\"CIRCLES - More Circles (CD) - MENTAL EXPERIENCE (CD) | Guerssen\"},{\"@type\":\"BreadcrumbList\",\"@id\":\"https:\/\/wpguerssen-test.odoo.rgbconsulting.com\/es\/producto\/more-circles-cd\/#breadcrumb\",\"itemListElement\":[{\"@type\":\"ListItem\",\"position\":1,\"name\":\"Inicio\",\"item\":\"https:\/\/wpguerssen-test.odoo.rgbconsulting.com\/es\/\"},{\"@type\":\"ListItem\",\"position\":2,\"name\":\"Shop\",\"item\":\"https:\/\/wpguerssen-test.odoo.rgbconsulting.com\/shop\/\"},{\"@type\":\"ListItem\",\"position\":3,\"name\":\"More Circles (CD)\"}]},{\"@type\":\"WebSite\",\"@id\":\"https:\/\/wpguerssen-test.odoo.rgbconsulting.com\/es\/#website\",\"url\":\"https:\/\/wpguerssen-test.odoo.rgbconsulting.com\/es\/\",\"name\":\"Guerssen records\",\"description\":\"psychedelia - progressive - folk - garage \",\"publisher\":{\"@id\":\"https:\/\/wpguerssen-test.odoo.rgbconsulting.com\/es\/#organization\"},\"potentialAction\":[{\"@type\":\"SearchAction\",\"target\":{\"@type\":\"EntryPoint\",\"urlTemplate\":\"https:\/\/wpguerssen-test.odoo.rgbconsulting.com\/es\/?s={search_term_string}\"},\"query-input\":{\"@type\":\"PropertyValueSpecification\",\"valueRequired\":true,\"valueName\":\"search_term_string\"}}],\"inLanguage\":\"es\"},{\"@type\":\"Organization\",\"@id\":\"https:\/\/wpguerssen-test.odoo.rgbconsulting.com\/es\/#organization\",\"name\":\"Guerssen records\",\"url\":\"https:\/\/wpguerssen-test.odoo.rgbconsulting.com\/es\/\",\"logo\":{\"@type\":\"ImageObject\",\"inLanguage\":\"es\",\"@id\":\"https:\/\/wpguerssen-test.odoo.rgbconsulting.com\/es\/#\/schema\/logo\/image\/\",\"url\":\"https:\/\/wpguerssen-test.odoo.rgbconsulting.com\/wp-content\/uploads\/2022\/04\/Logo_Guerssen_trans_100.png\",\"contentUrl\":\"https:\/\/wpguerssen-test.odoo.rgbconsulting.com\/wp-content\/uploads\/2022\/04\/Logo_Guerssen_trans_100.png\",\"width\":122,\"height\":100,\"caption\":\"Guerssen records\"},\"image\":{\"@id\":\"https:\/\/wpguerssen-test.odoo.rgbconsulting.com\/es\/#\/schema\/logo\/image\/\"}}]}<\/script>\n<!-- \/ Yoast SEO plugin. -->","yoast_head_json":{"title":"CIRCLES - More Circles (CD) -  (CD) | Guerssen","description":"In the late 1970s and through the 1980s there was a lot happening on the German \"post Krautrock underground\" that few people knew about, lots of independent artists doing their own thing, either via small labels or doing it themselves. Circles were one of these bands. #nl# Based on the Frankfurt suburbs, they consisted of the multi-instrumental duo of Dierk Leitert (synthesizer, sequencer, drums, bass, guitar, voice, saxophone, flute) and Mike Bohrmann (guitars, bass, synthesizer) plus a few collaborators. Carrying the torch of 70s bands like Cluster, Harmonia or Liliental into the 80s, Circles were also contemporaries of groups like Throbbing Gristle, Ilitch and Nurse With Wound so you can also expect some similarities in their music. #nl# \"More Circles\" was their second album, released in 1984 as a private pressing on their tiny Einhorn label. Experimental krautrock with lots of psychedelic guitar, keyboards, motorik drums, drones, proto-ambient sounds and avant-garde \/ dadaist touches. #nl# RIYL: Harmonia, Cluster, Fripp\/Eno, Nurse With Wound, Throbbing Gristle, Chrome, Heldon, Conrad Schnitzler, Neu!, Eroc... #nl# First ever reissue, including booklet with detailed liner notes by Alan Freeman (The Crack In The Cosmic Egg, Ultima Thule) telling the story of the band for the first time. #nl# \"Circles are one of the most fascinating of German ambient\/electronic bands from the post new-wave era\" - Alan Freeman (The Crack In The Cosmic Egg) #nl# Tracklist: #nl# 1. Minimal Instant 1:12 #nl# 2. A) Several Steps Leading Through Different Rooms 9:44 #nl# B) Escapades 3:29 #nl# 3. Tripletwin 1:38 #nl# 4. Paris Cut 4:07 #nl# 5. Mental Dart 5:02 #nl# 6. Trio Atonale 2:54 #nl# 7. Tranquilo Gonzales 6:25 #nl# 8. Sequences 4:04 #nl# 9. Consequences 2:20 #nl# 10. Spiral Dance 5:22","robots":{"index":"index","follow":"follow","max-snippet":"max-snippet:-1","max-image-preview":"max-image-preview:large","max-video-preview":"max-video-preview:-1"},"canonical":"https:\/\/wpguerssen-test.odoo.rgbconsulting.com\/es\/producto\/more-circles-cd\/","og_locale":"es_ES","og_type":"article","og_title":"CIRCLES - More Circles (CD) -  (CD) | Guerssen","og_description":"In the late 1970s and through the 1980s there was a lot happening on the German \"post Krautrock underground\" that few people knew about, lots of independent artists doing their own thing, either via small labels or doing it themselves. Circles were one of these bands. #nl# Based on the Frankfurt suburbs, they consisted of the multi-instrumental duo of Dierk Leitert (synthesizer, sequencer, drums, bass, guitar, voice, saxophone, flute) and Mike Bohrmann (guitars, bass, synthesizer) plus a few collaborators. Carrying the torch of 70s bands like Cluster, Harmonia or Liliental into the 80s, Circles were also contemporaries of groups like Throbbing Gristle, Ilitch and Nurse With Wound so you can also expect some similarities in their music. #nl# \"More Circles\" was their second album, released in 1984 as a private pressing on their tiny Einhorn label. Experimental krautrock with lots of psychedelic guitar, keyboards, motorik drums, drones, proto-ambient sounds and avant-garde \/ dadaist touches. #nl# RIYL: Harmonia, Cluster, Fripp\/Eno, Nurse With Wound, Throbbing Gristle, Chrome, Heldon, Conrad Schnitzler, Neu!, Eroc... #nl# First ever reissue, including booklet with detailed liner notes by Alan Freeman (The Crack In The Cosmic Egg, Ultima Thule) telling the story of the band for the first time. #nl# \"Circles are one of the most fascinating of German ambient\/electronic bands from the post new-wave era\" - Alan Freeman (The Crack In The Cosmic Egg) #nl# Tracklist: #nl# 1. Minimal Instant 1:12 #nl# 2. A) Several Steps Leading Through Different Rooms 9:44 #nl# B) Escapades 3:29 #nl# 3. Tripletwin 1:38 #nl# 4. Paris Cut 4:07 #nl# 5. Mental Dart 5:02 #nl# 6. Trio Atonale 2:54 #nl# 7. Tranquilo Gonzales 6:25 #nl# 8. Sequences 4:04 #nl# 9. Consequences 2:20 #nl# 10. Spiral Dance 5:22","og_url":"https:\/\/wpguerssen-test.odoo.rgbconsulting.com\/es\/producto\/more-circles-cd\/","og_site_name":"Guerssen records","article_modified_time":"2024-07-03T10:06:10+00:00","og_image":[{"width":1429,"height":1429,"url":"https:\/\/wpguerssen-test.odoo.rgbconsulting.com\/wp-content\/uploads\/2022\/03\/23985.jpg","type":"image\/jpeg"}],"twitter_card":"summary_large_image","twitter_title":"CIRCLES - More Circles (CD) -  (CD) | Guerssen","twitter_misc":{"Tiempo de lectura":"1 minuto"},"schema":{"@context":"https:\/\/schema.org","@graph":[{"@type":"WebPage","@id":"https:\/\/wpguerssen-test.odoo.rgbconsulting.com\/es\/producto\/more-circles-cd\/","url":"https:\/\/wpguerssen-test.odoo.rgbconsulting.com\/es\/producto\/more-circles-cd\/","name":"CIRCLES - More Circles (CD) - (CD) | Guerssen","isPartOf":{"@id":"https:\/\/wpguerssen-test.odoo.rgbconsulting.com\/es\/#website"},"primaryImageOfPage":{"@id":"https:\/\/wpguerssen-test.odoo.rgbconsulting.com\/es\/producto\/more-circles-cd\/#primaryimage"},"image":{"@id":"https:\/\/wpguerssen-test.odoo.rgbconsulting.com\/es\/producto\/more-circles-cd\/#primaryimage"},"thumbnailUrl":"https:\/\/wpguerssen-test.odoo.rgbconsulting.com\/wp-content\/uploads\/2022\/03\/23985.jpg","datePublished":"2016-02-08T23:00:00+00:00","dateModified":"2024-07-03T10:06:10+00:00","description":"In the late 1970s and through the 1980s there was a lot happening on the German \"post Krautrock underground\" that few people knew about, lots of independent artists doing their own thing, either via small labels or doing it themselves. Circles were one of these bands. #nl# Based on the Frankfurt suburbs, they consisted of the multi-instrumental duo of Dierk Leitert (synthesizer, sequencer, drums, bass, guitar, voice, saxophone, flute) and Mike Bohrmann (guitars, bass, synthesizer) plus a few collaborators. Carrying the torch of 70s bands like Cluster, Harmonia or Liliental into the 80s, Circles were also contemporaries of groups like Throbbing Gristle, Ilitch and Nurse With Wound so you can also expect some similarities in their music. #nl# \"More Circles\" was their second album, released in 1984 as a private pressing on their tiny Einhorn label. Experimental krautrock with lots of psychedelic guitar, keyboards, motorik drums, drones, proto-ambient sounds and avant-garde \/ dadaist touches. #nl# RIYL: Harmonia, Cluster, Fripp\/Eno, Nurse With Wound, Throbbing Gristle, Chrome, Heldon, Conrad Schnitzler, Neu!, Eroc... #nl# First ever reissue, including booklet with detailed liner notes by Alan Freeman (The Crack In The Cosmic Egg, Ultima Thule) telling the story of the band for the first time. #nl# \"Circles are one of the most fascinating of German ambient\/electronic bands from the post new-wave era\" - Alan Freeman (The Crack In The Cosmic Egg) #nl# Tracklist: #nl# 1. Minimal Instant 1:12 #nl# 2. A) Several Steps Leading Through Different Rooms 9:44 #nl# B) Escapades 3:29 #nl# 3. Tripletwin 1:38 #nl# 4. Paris Cut 4:07 #nl# 5. Mental Dart 5:02 #nl# 6. Trio Atonale 2:54 #nl# 7. Tranquilo Gonzales 6:25 #nl# 8. Sequences 4:04 #nl# 9. Consequences 2:20 #nl# 10. Spiral Dance 5:22","breadcrumb":{"@id":"https:\/\/wpguerssen-test.odoo.rgbconsulting.com\/es\/producto\/more-circles-cd\/#breadcrumb"},"inLanguage":"es","potentialAction":[{"@type":"ReadAction","target":["https:\/\/wpguerssen-test.odoo.rgbconsulting.com\/es\/producto\/more-circles-cd\/"]}]},{"@type":"ImageObject","inLanguage":"es","@id":"https:\/\/wpguerssen-test.odoo.rgbconsulting.com\/es\/producto\/more-circles-cd\/#primaryimage","url":"https:\/\/wpguerssen-test.odoo.rgbconsulting.com\/wp-content\/uploads\/2022\/03\/23985.jpg","contentUrl":"https:\/\/wpguerssen-test.odoo.rgbconsulting.com\/wp-content\/uploads\/2022\/03\/23985.jpg","width":1429,"height":1429,"caption":"CIRCLES - More Circles (CD) - MENTAL EXPERIENCE (CD) | Guerssen"},{"@type":"BreadcrumbList","@id":"https:\/\/wpguerssen-test.odoo.rgbconsulting.com\/es\/producto\/more-circles-cd\/#breadcrumb","itemListElement":[{"@type":"ListItem","position":1,"name":"Inicio","item":"https:\/\/wpguerssen-test.odoo.rgbconsulting.com\/es\/"},{"@type":"ListItem","position":2,"name":"Shop","item":"https:\/\/wpguerssen-test.odoo.rgbconsulting.com\/shop\/"},{"@type":"ListItem","position":3,"name":"More Circles (CD)"}]},{"@type":"WebSite","@id":"https:\/\/wpguerssen-test.odoo.rgbconsulting.com\/es\/#website","url":"https:\/\/wpguerssen-test.odoo.rgbconsulting.com\/es\/","name":"Guerssen records","description":"psychedelia - progressive - folk - garage ","publisher":{"@id":"https:\/\/wpguerssen-test.odoo.rgbconsulting.com\/es\/#organization"},"potentialAction":[{"@type":"SearchAction","target":{"@type":"EntryPoint","urlTemplate":"https:\/\/wpguerssen-test.odoo.rgbconsulting.com\/es\/?s={search_term_string}"},"query-input":{"@type":"PropertyValueSpecification","valueRequired":true,"valueName":"search_term_string"}}],"inLanguage":"es"},{"@type":"Organization","@id":"https:\/\/wpguerssen-test.odoo.rgbconsulting.com\/es\/#organization","name":"Guerssen records","url":"https:\/\/wpguerssen-test.odoo.rgbconsulting.com\/es\/","logo":{"@type":"ImageObject","inLanguage":"es","@id":"https:\/\/wpguerssen-test.odoo.rgbconsulting.com\/es\/#\/schema\/logo\/image\/","url":"https:\/\/wpguerssen-test.odoo.rgbconsulting.com\/wp-content\/uploads\/2022\/04\/Logo_Guerssen_trans_100.png","contentUrl":"https:\/\/wpguerssen-test.odoo.rgbconsulting.com\/wp-content\/uploads\/2022\/04\/Logo_Guerssen_trans_100.png","width":122,"height":100,"caption":"Guerssen records"},"image":{"@id":"https:\/\/wpguerssen-test.odoo.rgbconsulting.com\/es\/#\/schema\/logo\/image\/"}}]}},"_links":{"self":[{"href":"https:\/\/wpguerssen-test.odoo.rgbconsulting.com\/es\/wp-json\/wp\/v2\/product\/180654","targetHints":{"allow":["GET"]}}],"collection":[{"href":"https:\/\/wpguerssen-test.odoo.rgbconsulting.com\/es\/wp-json\/wp\/v2\/product"}],"about":[{"href":"https:\/\/wpguerssen-test.odoo.rgbconsulting.com\/es\/wp-json\/wp\/v2\/types\/product"}],"wp:featuredmedia":[{"embeddable":true,"href":"https:\/\/wpguerssen-test.odoo.rgbconsulting.com\/es\/wp-json\/wp\/v2\/media\/117988"}],"wp:attachment":[{"href":"https:\/\/wpguerssen-test.odoo.rgbconsulting.com\/es\/wp-json\/wp\/v2\/media?parent=180654"}],"wp:term":[{"taxonomy":"product_brand","embeddable":true,"href":"https:\/\/wpguerssen-test.odoo.rgbconsulting.com\/es\/wp-json\/wp\/v2\/product_brand?post=180654"},{"taxonomy":"product_cat","embeddable":true,"href":"https:\/\/wpguerssen-test.odoo.rgbconsulting.com\/es\/wp-json\/wp\/v2\/product_cat?post=180654"},{"taxonomy":"product_tag","embeddable":true,"href":"https:\/\/wpguerssen-test.odoo.rgbconsulting.com\/es\/wp-json\/wp\/v2\/product_tag?post=180654"}],"curies":[{"name":"wp","href":"https:\/\/api.w.org\/{rel}","templated":true}]}}