{"id":180665,"date":"2015-12-11T00:00:00","date_gmt":"2015-12-10T23:00:00","guid":{"rendered":"http:\/\/guerssen.hl1097.dinaserver.com\/product\/issue-2-december-2015\/"},"modified":"2025-01-28T16:51:57","modified_gmt":"2025-01-28T15:51:57","slug":"issue-2-december-2015","status":"publish","type":"product","link":"https:\/\/wpguerssen-test.odoo.rgbconsulting.com\/es\/producto\/issue-2-december-2015\/","title":{"rendered":"Issue #2. December 2015."},"content":{"rendered":"<p>Segundo n\u00famero de la versi\u00f3n impresa del famoso blog It&#8217;s Psychedelic Baby. Esta vez dedicado a la escena USA 60s-70s de folk psicod\u00e9lico y loner, con art\u00edculos y entrevistas a Dave Bixby, Dana Westover, Michael Yonkers, Linda Perhacs, Tree People, Gary Higgins y m\u00e1s. Y tambi\u00e9n cr\u00edticas de discos de todos los estilos y grupos actuales. Escrito en ingl\u00e9s.<\/p>\n","protected":false},"excerpt":{"rendered":"<p>Segundo n\u00famero de la versi\u00f3n impresa del famoso blog It&#8217;s Psychedelic Baby. Esta vez dedicado a la escena USA 60s-70s de folk psicod\u00e9lico y loner, con art\u00edculos<a class=\"read\" href=\"https:\/\/wpguerssen-test.odoo.rgbconsulting.com\/es\/producto\/issue-2-december-2015\/\"> (...)<\/a>","protected":false},"featured_media":118022,"template":"","meta":{"_acf_changed":false},"product_brand":[],"product_cat":[23263],"product_tag":[],"class_list":{"0":"post-180665","1":"product","2":"type-product","3":"status-publish","4":"has-post-thumbnail","6":"product_cat-books-es","7":"pa_artist-its-psychedelic-baby-magazine-es-2","8":"pa_format-libros-es","9":"pa_gender-books","10":"pa_label-55-es-2","11":"pa_location-europe-es","13":"first","14":"instock","15":"taxable","16":"shipping-taxable","17":"purchasable","18":"product-type-simple"},"acf":[],"yoast_head":"<!-- This site is optimized with the Yoast SEO plugin v24.9 - https:\/\/yoast.com\/wordpress\/plugins\/seo\/ -->\n<title>IT&#039;S PSYCHEDELIC BABY MAGAZINE - Issue #2. December 2015. -  (LIBROS) | Guerssen<\/title>\n<meta name=\"description\" content=\"Second issue of printed version projected from the well-known, leading psych on-line site It&#039;s Psychedelic Baby!. This issue is focused on US psychedelic folk, with articles and interviews with artists such as Michael Yonkers, Dave Bixby, Dana Westover, Linda Perhacs, The Tree People, Gary Higgins and others. There&#039;s also 10 pages with new releases reviews.\" \/>\n<meta name=\"robots\" content=\"index, follow, max-snippet:-1, max-image-preview:large, max-video-preview:-1\" \/>\n<link rel=\"canonical\" href=\"https:\/\/wpguerssen-test.odoo.rgbconsulting.com\/es\/producto\/issue-2-december-2015\/\" \/>\n<meta property=\"og:locale\" content=\"es_ES\" \/>\n<meta property=\"og:type\" content=\"article\" \/>\n<meta property=\"og:title\" content=\"IT&#039;S PSYCHEDELIC BABY MAGAZINE - Issue #2. December 2015. -  (LIBROS) | Guerssen\" \/>\n<meta property=\"og:description\" content=\"Second issue of printed version projected from the well-known, leading psych on-line site It&#039;s Psychedelic Baby!. This issue is focused on US psychedelic folk, with articles and interviews with artists such as Michael Yonkers, Dave Bixby, Dana Westover, Linda Perhacs, The Tree People, Gary Higgins and others. There&#039;s also 10 pages with new releases reviews.\" \/>\n<meta property=\"og:url\" content=\"https:\/\/wpguerssen-test.odoo.rgbconsulting.com\/es\/producto\/issue-2-december-2015\/\" \/>\n<meta property=\"og:site_name\" content=\"Guerssen records\" \/>\n<meta property=\"article:modified_time\" content=\"2025-01-28T15:51:57+00:00\" \/>\n<meta property=\"og:image\" content=\"https:\/\/wpguerssen-test.odoo.rgbconsulting.com\/wp-content\/uploads\/2022\/03\/24018.jpg\" \/>\n\t<meta property=\"og:image:width\" content=\"248\" \/>\n\t<meta property=\"og:image:height\" content=\"248\" \/>\n\t<meta property=\"og:image:type\" content=\"image\/jpeg\" \/>\n<meta name=\"twitter:card\" content=\"summary_large_image\" \/>\n<meta name=\"twitter:title\" content=\"IT&#039;S PSYCHEDELIC BABY MAGAZINE - Issue #2. December 2015. -  (LIBROS) | Guerssen\" \/>\n<script type=\"application\/ld+json\" class=\"yoast-schema-graph\">{\"@context\":\"https:\/\/schema.org\",\"@graph\":[{\"@type\":\"WebPage\",\"@id\":\"https:\/\/wpguerssen-test.odoo.rgbconsulting.com\/es\/producto\/issue-2-december-2015\/\",\"url\":\"https:\/\/wpguerssen-test.odoo.rgbconsulting.com\/es\/producto\/issue-2-december-2015\/\",\"name\":\"IT'S PSYCHEDELIC BABY MAGAZINE - Issue #2. December 2015. - (LIBROS) | Guerssen\",\"isPartOf\":{\"@id\":\"https:\/\/wpguerssen-test.odoo.rgbconsulting.com\/es\/#website\"},\"primaryImageOfPage\":{\"@id\":\"https:\/\/wpguerssen-test.odoo.rgbconsulting.com\/es\/producto\/issue-2-december-2015\/#primaryimage\"},\"image\":{\"@id\":\"https:\/\/wpguerssen-test.odoo.rgbconsulting.com\/es\/producto\/issue-2-december-2015\/#primaryimage\"},\"thumbnailUrl\":\"https:\/\/wpguerssen-test.odoo.rgbconsulting.com\/wp-content\/uploads\/2022\/03\/24018.jpg\",\"datePublished\":\"2015-12-10T23:00:00+00:00\",\"dateModified\":\"2025-01-28T15:51:57+00:00\",\"description\":\"Second issue of printed version projected from the well-known, leading psych on-line site It's Psychedelic Baby!. This issue is focused on US psychedelic folk, with articles and interviews with artists such as Michael Yonkers, Dave Bixby, Dana Westover, Linda Perhacs, The Tree People, Gary Higgins and others. There's also 10 pages with new releases reviews.\",\"breadcrumb\":{\"@id\":\"https:\/\/wpguerssen-test.odoo.rgbconsulting.com\/es\/producto\/issue-2-december-2015\/#breadcrumb\"},\"inLanguage\":\"es\",\"potentialAction\":[{\"@type\":\"ReadAction\",\"target\":[\"https:\/\/wpguerssen-test.odoo.rgbconsulting.com\/es\/producto\/issue-2-december-2015\/\"]}]},{\"@type\":\"ImageObject\",\"inLanguage\":\"es\",\"@id\":\"https:\/\/wpguerssen-test.odoo.rgbconsulting.com\/es\/producto\/issue-2-december-2015\/#primaryimage\",\"url\":\"https:\/\/wpguerssen-test.odoo.rgbconsulting.com\/wp-content\/uploads\/2022\/03\/24018.jpg\",\"contentUrl\":\"https:\/\/wpguerssen-test.odoo.rgbconsulting.com\/wp-content\/uploads\/2022\/03\/24018.jpg\",\"width\":248,\"height\":248,\"caption\":\"IT'S PSYCHEDELIC BABY MAGAZINE - Issue #2. December 2015. - GUERSSEN (LIBROS) | Guerssen\"},{\"@type\":\"BreadcrumbList\",\"@id\":\"https:\/\/wpguerssen-test.odoo.rgbconsulting.com\/es\/producto\/issue-2-december-2015\/#breadcrumb\",\"itemListElement\":[{\"@type\":\"ListItem\",\"position\":1,\"name\":\"Inicio\",\"item\":\"https:\/\/wpguerssen-test.odoo.rgbconsulting.com\/es\/\"},{\"@type\":\"ListItem\",\"position\":2,\"name\":\"Shop\",\"item\":\"https:\/\/wpguerssen-test.odoo.rgbconsulting.com\/shop\/\"},{\"@type\":\"ListItem\",\"position\":3,\"name\":\"Issue #2. December 2015.\"}]},{\"@type\":\"WebSite\",\"@id\":\"https:\/\/wpguerssen-test.odoo.rgbconsulting.com\/es\/#website\",\"url\":\"https:\/\/wpguerssen-test.odoo.rgbconsulting.com\/es\/\",\"name\":\"Guerssen records\",\"description\":\"psychedelia - progressive - folk - garage \",\"publisher\":{\"@id\":\"https:\/\/wpguerssen-test.odoo.rgbconsulting.com\/es\/#organization\"},\"potentialAction\":[{\"@type\":\"SearchAction\",\"target\":{\"@type\":\"EntryPoint\",\"urlTemplate\":\"https:\/\/wpguerssen-test.odoo.rgbconsulting.com\/es\/?s={search_term_string}\"},\"query-input\":{\"@type\":\"PropertyValueSpecification\",\"valueRequired\":true,\"valueName\":\"search_term_string\"}}],\"inLanguage\":\"es\"},{\"@type\":\"Organization\",\"@id\":\"https:\/\/wpguerssen-test.odoo.rgbconsulting.com\/es\/#organization\",\"name\":\"Guerssen records\",\"url\":\"https:\/\/wpguerssen-test.odoo.rgbconsulting.com\/es\/\",\"logo\":{\"@type\":\"ImageObject\",\"inLanguage\":\"es\",\"@id\":\"https:\/\/wpguerssen-test.odoo.rgbconsulting.com\/es\/#\/schema\/logo\/image\/\",\"url\":\"https:\/\/wpguerssen-test.odoo.rgbconsulting.com\/wp-content\/uploads\/2022\/04\/Logo_Guerssen_trans_100.png\",\"contentUrl\":\"https:\/\/wpguerssen-test.odoo.rgbconsulting.com\/wp-content\/uploads\/2022\/04\/Logo_Guerssen_trans_100.png\",\"width\":122,\"height\":100,\"caption\":\"Guerssen records\"},\"image\":{\"@id\":\"https:\/\/wpguerssen-test.odoo.rgbconsulting.com\/es\/#\/schema\/logo\/image\/\"}}]}<\/script>\n<!-- \/ Yoast SEO plugin. -->","yoast_head_json":{"title":"IT'S PSYCHEDELIC BABY MAGAZINE - Issue #2. December 2015. -  (LIBROS) | Guerssen","description":"Second issue of printed version projected from the well-known, leading psych on-line site It's Psychedelic Baby!. This issue is focused on US psychedelic folk, with articles and interviews with artists such as Michael Yonkers, Dave Bixby, Dana Westover, Linda Perhacs, The Tree People, Gary Higgins and others. There's also 10 pages with new releases reviews.","robots":{"index":"index","follow":"follow","max-snippet":"max-snippet:-1","max-image-preview":"max-image-preview:large","max-video-preview":"max-video-preview:-1"},"canonical":"https:\/\/wpguerssen-test.odoo.rgbconsulting.com\/es\/producto\/issue-2-december-2015\/","og_locale":"es_ES","og_type":"article","og_title":"IT'S PSYCHEDELIC BABY MAGAZINE - Issue #2. December 2015. -  (LIBROS) | Guerssen","og_description":"Second issue of printed version projected from the well-known, leading psych on-line site It's Psychedelic Baby!. This issue is focused on US psychedelic folk, with articles and interviews with artists such as Michael Yonkers, Dave Bixby, Dana Westover, Linda Perhacs, The Tree People, Gary Higgins and others. There's also 10 pages with new releases reviews.","og_url":"https:\/\/wpguerssen-test.odoo.rgbconsulting.com\/es\/producto\/issue-2-december-2015\/","og_site_name":"Guerssen records","article_modified_time":"2025-01-28T15:51:57+00:00","og_image":[{"width":248,"height":248,"url":"https:\/\/wpguerssen-test.odoo.rgbconsulting.com\/wp-content\/uploads\/2022\/03\/24018.jpg","type":"image\/jpeg"}],"twitter_card":"summary_large_image","twitter_title":"IT'S PSYCHEDELIC BABY MAGAZINE - Issue #2. December 2015. -  (LIBROS) | Guerssen","schema":{"@context":"https:\/\/schema.org","@graph":[{"@type":"WebPage","@id":"https:\/\/wpguerssen-test.odoo.rgbconsulting.com\/es\/producto\/issue-2-december-2015\/","url":"https:\/\/wpguerssen-test.odoo.rgbconsulting.com\/es\/producto\/issue-2-december-2015\/","name":"IT'S PSYCHEDELIC BABY MAGAZINE - Issue #2. December 2015. - (LIBROS) | Guerssen","isPartOf":{"@id":"https:\/\/wpguerssen-test.odoo.rgbconsulting.com\/es\/#website"},"primaryImageOfPage":{"@id":"https:\/\/wpguerssen-test.odoo.rgbconsulting.com\/es\/producto\/issue-2-december-2015\/#primaryimage"},"image":{"@id":"https:\/\/wpguerssen-test.odoo.rgbconsulting.com\/es\/producto\/issue-2-december-2015\/#primaryimage"},"thumbnailUrl":"https:\/\/wpguerssen-test.odoo.rgbconsulting.com\/wp-content\/uploads\/2022\/03\/24018.jpg","datePublished":"2015-12-10T23:00:00+00:00","dateModified":"2025-01-28T15:51:57+00:00","description":"Second issue of printed version projected from the well-known, leading psych on-line site It's Psychedelic Baby!. This issue is focused on US psychedelic folk, with articles and interviews with artists such as Michael Yonkers, Dave Bixby, Dana Westover, Linda Perhacs, The Tree People, Gary Higgins and others. There's also 10 pages with new releases reviews.","breadcrumb":{"@id":"https:\/\/wpguerssen-test.odoo.rgbconsulting.com\/es\/producto\/issue-2-december-2015\/#breadcrumb"},"inLanguage":"es","potentialAction":[{"@type":"ReadAction","target":["https:\/\/wpguerssen-test.odoo.rgbconsulting.com\/es\/producto\/issue-2-december-2015\/"]}]},{"@type":"ImageObject","inLanguage":"es","@id":"https:\/\/wpguerssen-test.odoo.rgbconsulting.com\/es\/producto\/issue-2-december-2015\/#primaryimage","url":"https:\/\/wpguerssen-test.odoo.rgbconsulting.com\/wp-content\/uploads\/2022\/03\/24018.jpg","contentUrl":"https:\/\/wpguerssen-test.odoo.rgbconsulting.com\/wp-content\/uploads\/2022\/03\/24018.jpg","width":248,"height":248,"caption":"IT'S PSYCHEDELIC BABY MAGAZINE - Issue #2. December 2015. - GUERSSEN (LIBROS) | Guerssen"},{"@type":"BreadcrumbList","@id":"https:\/\/wpguerssen-test.odoo.rgbconsulting.com\/es\/producto\/issue-2-december-2015\/#breadcrumb","itemListElement":[{"@type":"ListItem","position":1,"name":"Inicio","item":"https:\/\/wpguerssen-test.odoo.rgbconsulting.com\/es\/"},{"@type":"ListItem","position":2,"name":"Shop","item":"https:\/\/wpguerssen-test.odoo.rgbconsulting.com\/shop\/"},{"@type":"ListItem","position":3,"name":"Issue #2. December 2015."}]},{"@type":"WebSite","@id":"https:\/\/wpguerssen-test.odoo.rgbconsulting.com\/es\/#website","url":"https:\/\/wpguerssen-test.odoo.rgbconsulting.com\/es\/","name":"Guerssen records","description":"psychedelia - progressive - folk - garage ","publisher":{"@id":"https:\/\/wpguerssen-test.odoo.rgbconsulting.com\/es\/#organization"},"potentialAction":[{"@type":"SearchAction","target":{"@type":"EntryPoint","urlTemplate":"https:\/\/wpguerssen-test.odoo.rgbconsulting.com\/es\/?s={search_term_string}"},"query-input":{"@type":"PropertyValueSpecification","valueRequired":true,"valueName":"search_term_string"}}],"inLanguage":"es"},{"@type":"Organization","@id":"https:\/\/wpguerssen-test.odoo.rgbconsulting.com\/es\/#organization","name":"Guerssen records","url":"https:\/\/wpguerssen-test.odoo.rgbconsulting.com\/es\/","logo":{"@type":"ImageObject","inLanguage":"es","@id":"https:\/\/wpguerssen-test.odoo.rgbconsulting.com\/es\/#\/schema\/logo\/image\/","url":"https:\/\/wpguerssen-test.odoo.rgbconsulting.com\/wp-content\/uploads\/2022\/04\/Logo_Guerssen_trans_100.png","contentUrl":"https:\/\/wpguerssen-test.odoo.rgbconsulting.com\/wp-content\/uploads\/2022\/04\/Logo_Guerssen_trans_100.png","width":122,"height":100,"caption":"Guerssen records"},"image":{"@id":"https:\/\/wpguerssen-test.odoo.rgbconsulting.com\/es\/#\/schema\/logo\/image\/"}}]}},"_links":{"self":[{"href":"https:\/\/wpguerssen-test.odoo.rgbconsulting.com\/es\/wp-json\/wp\/v2\/product\/180665","targetHints":{"allow":["GET"]}}],"collection":[{"href":"https:\/\/wpguerssen-test.odoo.rgbconsulting.com\/es\/wp-json\/wp\/v2\/product"}],"about":[{"href":"https:\/\/wpguerssen-test.odoo.rgbconsulting.com\/es\/wp-json\/wp\/v2\/types\/product"}],"wp:featuredmedia":[{"embeddable":true,"href":"https:\/\/wpguerssen-test.odoo.rgbconsulting.com\/es\/wp-json\/wp\/v2\/media\/118022"}],"wp:attachment":[{"href":"https:\/\/wpguerssen-test.odoo.rgbconsulting.com\/es\/wp-json\/wp\/v2\/media?parent=180665"}],"wp:term":[{"taxonomy":"product_brand","embeddable":true,"href":"https:\/\/wpguerssen-test.odoo.rgbconsulting.com\/es\/wp-json\/wp\/v2\/product_brand?post=180665"},{"taxonomy":"product_cat","embeddable":true,"href":"https:\/\/wpguerssen-test.odoo.rgbconsulting.com\/es\/wp-json\/wp\/v2\/product_cat?post=180665"},{"taxonomy":"product_tag","embeddable":true,"href":"https:\/\/wpguerssen-test.odoo.rgbconsulting.com\/es\/wp-json\/wp\/v2\/product_tag?post=180665"}],"curies":[{"name":"wp","href":"https:\/\/api.w.org\/{rel}","templated":true}]}}