{"id":180828,"date":"2025-01-08T00:00:00","date_gmt":"2025-01-07T23:00:00","guid":{"rendered":"http:\/\/guerssen.hl1097.dinaserver.com\/product\/a-buen-puerto\/"},"modified":"2025-03-31T18:23:30","modified_gmt":"2025-03-31T16:23:30","slug":"a-buen-puerto","status":"publish","type":"product","link":"https:\/\/wpguerssen-test.odoo.rgbconsulting.com\/es\/producto\/a-buen-puerto\/","title":{"rendered":"A Buen Puerto"},"content":{"rendered":"<p>\u00c1lbum de 1976 grabado por Pippo Spera con ayuda de m\u00fasicos como Jorge Trasante a la percusi\u00f3n, el bater\u00eda de Totem Roberto Galletti y Jose Luis Sosa de Limonada. En la onda de Eduardo Mateo (hace incluso una versi\u00f3n de \u00abMejor me voy\u00bb), sonido suave y relajado y aires bossa.<\/p>\n","protected":false},"excerpt":{"rendered":"<p>\u00c1lbum de 1976 grabado por Pippo Spera con ayuda de m\u00fasicos como Jorge Trasante a la percusi\u00f3n, el bater\u00eda de Totem Roberto Galletti y Jose Luis Sosa de Limonada.<a class=\"read\" href=\"https:\/\/wpguerssen-test.odoo.rgbconsulting.com\/es\/producto\/a-buen-puerto\/\"> (...)<\/a>","protected":false},"featured_media":118258,"template":"","meta":{"_acf_changed":false},"product_brand":[],"product_cat":[21639,23274],"product_tag":[24185],"class_list":{"0":"post-180828","1":"product","2":"type-product","3":"status-publish","4":"has-post-thumbnail","6":"product_cat-psychedelic60s-70s-es","7":"product_cat-folk-rock-60s-70s-es","8":"product_tag-de-nuevo-en-existencia","9":"pa_artist-spera-pippo-es","10":"pa_format-lp-es","11":"pa_gender-psychedelic60s-70s-folk-rock-60s-70s","12":"pa_label-lion-es","13":"pa_location-europe-es","14":"pa_other-filters-vinyl-only-es","16":"first","17":"instock","18":"taxable","19":"shipping-taxable","20":"purchasable","21":"product-type-simple"},"acf":[],"yoast_head":"<!-- This site is optimized with the Yoast SEO plugin v24.9 - https:\/\/yoast.com\/wordpress\/plugins\/seo\/ -->\n<title>SPERA, Pippo - A Buen Puerto -  (LP) | Guerssen<\/title>\n<meta name=\"description\" content=\"A record that sounds like a summertime sunset, if ever there was one. Lilting melodies, infused with an undercurrent of bossa nova and the drowsy, faded memory of sun-drenched islands. All of this melodic loveliness is made ever-so-groovy in an Afro-Cuban sort of way thanks to a mighty contribution from world famous percussionist Jorge Trasante, Totem drummer Roberto Galletti, and Limonada drummer Jos\u00e9 Luis Sosa. Pippo Spera came into the orbit of Uruguayan iconoclast Eduardo Mateo back during the days of El Kinto (one of that band&#039;s finest songs is about a visit by Mateo to Pippo&#039;s house). From 1967 to 1970, Pippo concentrated on studying classical guitar at the Conservatorio Nacional of Uruguay, until the military dictatorship closed the school. So, Pippo started his songwriter career, which culminated in 1975\/1976 with the recording of &quot;A Buen Puerto.&quot; As Pippo says, &quot;It was a beautiful experience to me. I had the help of the best musicians in town, they were like brothers. At that time in Uruguay, nobody used to get money to perform in a recording studio; for the musicians it was a pleasure, it was just love of art...&quot; After the release of this LP, Pippo decided to leave a Uruguay oppressed by a brutal dictatorship. He sailed to Brazil in a ship much like the one hovering behind him on the &quot;A Buen Puerto&quot; album. Brazil was indeed &quot;a good port&quot; for Pippo--he became friends with many of the best Brazilian musicians of those years: Milton Nascimento, Geraldo Azevedo, Renato Rocha, and Alceu Valen\u00e7a, and ended up writing for and playing on Nascimento&#039;s &quot;Clube da Esquina 2&quot; album. #nl# Four-panel insert w\/lyrics in Spanish and English, photos, and info on Pippo #nl# Infused with an undercurrent of bossa nova and the drowsy, faded memory of sun-drenched islands! #nl# Limited to 500 copies #nl# Track List: Side A:01. A buen puerto02. Fragmento de la Suite de Pescadores - Mejor me voy03. D\u00e9jalo libre04. Tu no tienes la culpa (ni la tengo yo)05. Par\u00e1bola06. Antes que tu #nl# Side B:01. El amor no espera02. Al final es un momento03. Ni\u00f1a malcriada04. Columbande05. Debes encontrarlo en ti06. Puede ser que ma\u00f1ana...\" \/>\n<meta name=\"robots\" content=\"index, follow, max-snippet:-1, max-image-preview:large, max-video-preview:-1\" \/>\n<link rel=\"canonical\" href=\"https:\/\/wpguerssen-test.odoo.rgbconsulting.com\/es\/producto\/a-buen-puerto\/\" \/>\n<meta property=\"og:locale\" content=\"es_ES\" \/>\n<meta property=\"og:type\" content=\"article\" \/>\n<meta property=\"og:title\" content=\"SPERA, Pippo - A Buen Puerto -  (LP) | Guerssen\" \/>\n<meta property=\"og:description\" content=\"A record that sounds like a summertime sunset, if ever there was one. Lilting melodies, infused with an undercurrent of bossa nova and the drowsy, faded memory of sun-drenched islands. All of this melodic loveliness is made ever-so-groovy in an Afro-Cuban sort of way thanks to a mighty contribution from world famous percussionist Jorge Trasante, Totem drummer Roberto Galletti, and Limonada drummer Jos\u00e9 Luis Sosa. Pippo Spera came into the orbit of Uruguayan iconoclast Eduardo Mateo back during the days of El Kinto (one of that band&#039;s finest songs is about a visit by Mateo to Pippo&#039;s house). From 1967 to 1970, Pippo concentrated on studying classical guitar at the Conservatorio Nacional of Uruguay, until the military dictatorship closed the school. So, Pippo started his songwriter career, which culminated in 1975\/1976 with the recording of &quot;A Buen Puerto.&quot; As Pippo says, &quot;It was a beautiful experience to me. I had the help of the best musicians in town, they were like brothers. At that time in Uruguay, nobody used to get money to perform in a recording studio; for the musicians it was a pleasure, it was just love of art...&quot; After the release of this LP, Pippo decided to leave a Uruguay oppressed by a brutal dictatorship. He sailed to Brazil in a ship much like the one hovering behind him on the &quot;A Buen Puerto&quot; album. Brazil was indeed &quot;a good port&quot; for Pippo--he became friends with many of the best Brazilian musicians of those years: Milton Nascimento, Geraldo Azevedo, Renato Rocha, and Alceu Valen\u00e7a, and ended up writing for and playing on Nascimento&#039;s &quot;Clube da Esquina 2&quot; album. #nl# Four-panel insert w\/lyrics in Spanish and English, photos, and info on Pippo #nl# Infused with an undercurrent of bossa nova and the drowsy, faded memory of sun-drenched islands! #nl# Limited to 500 copies #nl# Track List: Side A:01. A buen puerto02. Fragmento de la Suite de Pescadores - Mejor me voy03. D\u00e9jalo libre04. Tu no tienes la culpa (ni la tengo yo)05. Par\u00e1bola06. Antes que tu #nl# Side B:01. El amor no espera02. Al final es un momento03. Ni\u00f1a malcriada04. Columbande05. Debes encontrarlo en ti06. Puede ser que ma\u00f1ana...\" \/>\n<meta property=\"og:url\" content=\"https:\/\/wpguerssen-test.odoo.rgbconsulting.com\/es\/producto\/a-buen-puerto\/\" \/>\n<meta property=\"og:site_name\" content=\"Guerssen records\" \/>\n<meta property=\"article:modified_time\" content=\"2025-03-31T16:23:30+00:00\" \/>\n<meta property=\"og:image\" content=\"https:\/\/wpguerssen-test.odoo.rgbconsulting.com\/wp-content\/uploads\/2022\/03\/24638.jpg\" \/>\n\t<meta property=\"og:image:width\" content=\"225\" \/>\n\t<meta property=\"og:image:height\" content=\"224\" \/>\n\t<meta property=\"og:image:type\" content=\"image\/jpeg\" \/>\n<meta name=\"twitter:card\" content=\"summary_large_image\" \/>\n<meta name=\"twitter:title\" content=\"SPERA, Pippo - A Buen Puerto -  (LP) | Guerssen\" \/>\n<script type=\"application\/ld+json\" class=\"yoast-schema-graph\">{\"@context\":\"https:\/\/schema.org\",\"@graph\":[{\"@type\":\"WebPage\",\"@id\":\"https:\/\/wpguerssen-test.odoo.rgbconsulting.com\/es\/producto\/a-buen-puerto\/\",\"url\":\"https:\/\/wpguerssen-test.odoo.rgbconsulting.com\/es\/producto\/a-buen-puerto\/\",\"name\":\"SPERA, Pippo - A Buen Puerto - (LP) | Guerssen\",\"isPartOf\":{\"@id\":\"https:\/\/wpguerssen-test.odoo.rgbconsulting.com\/es\/#website\"},\"primaryImageOfPage\":{\"@id\":\"https:\/\/wpguerssen-test.odoo.rgbconsulting.com\/es\/producto\/a-buen-puerto\/#primaryimage\"},\"image\":{\"@id\":\"https:\/\/wpguerssen-test.odoo.rgbconsulting.com\/es\/producto\/a-buen-puerto\/#primaryimage\"},\"thumbnailUrl\":\"https:\/\/wpguerssen-test.odoo.rgbconsulting.com\/wp-content\/uploads\/2022\/03\/24638.jpg\",\"datePublished\":\"2025-01-07T23:00:00+00:00\",\"dateModified\":\"2025-03-31T16:23:30+00:00\",\"description\":\"A record that sounds like a summertime sunset, if ever there was one. Lilting melodies, infused with an undercurrent of bossa nova and the drowsy, faded memory of sun-drenched islands. All of this melodic loveliness is made ever-so-groovy in an Afro-Cuban sort of way thanks to a mighty contribution from world famous percussionist Jorge Trasante, Totem drummer Roberto Galletti, and Limonada drummer Jos\u00e9 Luis Sosa. Pippo Spera came into the orbit of Uruguayan iconoclast Eduardo Mateo back during the days of El Kinto (one of that band's finest songs is about a visit by Mateo to Pippo's house). From 1967 to 1970, Pippo concentrated on studying classical guitar at the Conservatorio Nacional of Uruguay, until the military dictatorship closed the school. So, Pippo started his songwriter career, which culminated in 1975\/1976 with the recording of \\\"A Buen Puerto.\\\" As Pippo says, \\\"It was a beautiful experience to me. I had the help of the best musicians in town, they were like brothers. At that time in Uruguay, nobody used to get money to perform in a recording studio; for the musicians it was a pleasure, it was just love of art...\\\" After the release of this LP, Pippo decided to leave a Uruguay oppressed by a brutal dictatorship. He sailed to Brazil in a ship much like the one hovering behind him on the \\\"A Buen Puerto\\\" album. Brazil was indeed \\\"a good port\\\" for Pippo--he became friends with many of the best Brazilian musicians of those years: Milton Nascimento, Geraldo Azevedo, Renato Rocha, and Alceu Valen\u00e7a, and ended up writing for and playing on Nascimento's \\\"Clube da Esquina 2\\\" album. #nl# Four-panel insert w\/lyrics in Spanish and English, photos, and info on Pippo #nl# Infused with an undercurrent of bossa nova and the drowsy, faded memory of sun-drenched islands! #nl# Limited to 500 copies #nl# Track List: Side A:01. A buen puerto02. Fragmento de la Suite de Pescadores - Mejor me voy03. D\u00e9jalo libre04. Tu no tienes la culpa (ni la tengo yo)05. Par\u00e1bola06. Antes que tu #nl# Side B:01. El amor no espera02. Al final es un momento03. Ni\u00f1a malcriada04. Columbande05. Debes encontrarlo en ti06. Puede ser que ma\u00f1ana...\",\"breadcrumb\":{\"@id\":\"https:\/\/wpguerssen-test.odoo.rgbconsulting.com\/es\/producto\/a-buen-puerto\/#breadcrumb\"},\"inLanguage\":\"es\",\"potentialAction\":[{\"@type\":\"ReadAction\",\"target\":[\"https:\/\/wpguerssen-test.odoo.rgbconsulting.com\/es\/producto\/a-buen-puerto\/\"]}]},{\"@type\":\"ImageObject\",\"inLanguage\":\"es\",\"@id\":\"https:\/\/wpguerssen-test.odoo.rgbconsulting.com\/es\/producto\/a-buen-puerto\/#primaryimage\",\"url\":\"https:\/\/wpguerssen-test.odoo.rgbconsulting.com\/wp-content\/uploads\/2022\/03\/24638.jpg\",\"contentUrl\":\"https:\/\/wpguerssen-test.odoo.rgbconsulting.com\/wp-content\/uploads\/2022\/03\/24638.jpg\",\"width\":225,\"height\":224,\"caption\":\"Pippo - A Buen Puerto - LION (LP) | Guerssen\"},{\"@type\":\"BreadcrumbList\",\"@id\":\"https:\/\/wpguerssen-test.odoo.rgbconsulting.com\/es\/producto\/a-buen-puerto\/#breadcrumb\",\"itemListElement\":[{\"@type\":\"ListItem\",\"position\":1,\"name\":\"Inicio\",\"item\":\"https:\/\/wpguerssen-test.odoo.rgbconsulting.com\/es\/\"},{\"@type\":\"ListItem\",\"position\":2,\"name\":\"Shop\",\"item\":\"https:\/\/wpguerssen-test.odoo.rgbconsulting.com\/shop\/\"},{\"@type\":\"ListItem\",\"position\":3,\"name\":\"A Buen Puerto\"}]},{\"@type\":\"WebSite\",\"@id\":\"https:\/\/wpguerssen-test.odoo.rgbconsulting.com\/es\/#website\",\"url\":\"https:\/\/wpguerssen-test.odoo.rgbconsulting.com\/es\/\",\"name\":\"Guerssen records\",\"description\":\"psychedelia - progressive - folk - garage \",\"publisher\":{\"@id\":\"https:\/\/wpguerssen-test.odoo.rgbconsulting.com\/es\/#organization\"},\"potentialAction\":[{\"@type\":\"SearchAction\",\"target\":{\"@type\":\"EntryPoint\",\"urlTemplate\":\"https:\/\/wpguerssen-test.odoo.rgbconsulting.com\/es\/?s={search_term_string}\"},\"query-input\":{\"@type\":\"PropertyValueSpecification\",\"valueRequired\":true,\"valueName\":\"search_term_string\"}}],\"inLanguage\":\"es\"},{\"@type\":\"Organization\",\"@id\":\"https:\/\/wpguerssen-test.odoo.rgbconsulting.com\/es\/#organization\",\"name\":\"Guerssen records\",\"url\":\"https:\/\/wpguerssen-test.odoo.rgbconsulting.com\/es\/\",\"logo\":{\"@type\":\"ImageObject\",\"inLanguage\":\"es\",\"@id\":\"https:\/\/wpguerssen-test.odoo.rgbconsulting.com\/es\/#\/schema\/logo\/image\/\",\"url\":\"https:\/\/wpguerssen-test.odoo.rgbconsulting.com\/wp-content\/uploads\/2022\/04\/Logo_Guerssen_trans_100.png\",\"contentUrl\":\"https:\/\/wpguerssen-test.odoo.rgbconsulting.com\/wp-content\/uploads\/2022\/04\/Logo_Guerssen_trans_100.png\",\"width\":122,\"height\":100,\"caption\":\"Guerssen records\"},\"image\":{\"@id\":\"https:\/\/wpguerssen-test.odoo.rgbconsulting.com\/es\/#\/schema\/logo\/image\/\"}}]}<\/script>\n<!-- \/ Yoast SEO plugin. -->","yoast_head_json":{"title":"SPERA, Pippo - A Buen Puerto -  (LP) | Guerssen","description":"A record that sounds like a summertime sunset, if ever there was one. Lilting melodies, infused with an undercurrent of bossa nova and the drowsy, faded memory of sun-drenched islands. All of this melodic loveliness is made ever-so-groovy in an Afro-Cuban sort of way thanks to a mighty contribution from world famous percussionist Jorge Trasante, Totem drummer Roberto Galletti, and Limonada drummer Jos\u00e9 Luis Sosa. Pippo Spera came into the orbit of Uruguayan iconoclast Eduardo Mateo back during the days of El Kinto (one of that band's finest songs is about a visit by Mateo to Pippo's house). From 1967 to 1970, Pippo concentrated on studying classical guitar at the Conservatorio Nacional of Uruguay, until the military dictatorship closed the school. So, Pippo started his songwriter career, which culminated in 1975\/1976 with the recording of \"A Buen Puerto.\" As Pippo says, \"It was a beautiful experience to me. I had the help of the best musicians in town, they were like brothers. At that time in Uruguay, nobody used to get money to perform in a recording studio; for the musicians it was a pleasure, it was just love of art...\" After the release of this LP, Pippo decided to leave a Uruguay oppressed by a brutal dictatorship. He sailed to Brazil in a ship much like the one hovering behind him on the \"A Buen Puerto\" album. Brazil was indeed \"a good port\" for Pippo--he became friends with many of the best Brazilian musicians of those years: Milton Nascimento, Geraldo Azevedo, Renato Rocha, and Alceu Valen\u00e7a, and ended up writing for and playing on Nascimento's \"Clube da Esquina 2\" album. #nl# Four-panel insert w\/lyrics in Spanish and English, photos, and info on Pippo #nl# Infused with an undercurrent of bossa nova and the drowsy, faded memory of sun-drenched islands! #nl# Limited to 500 copies #nl# Track List: Side A:01. A buen puerto02. Fragmento de la Suite de Pescadores - Mejor me voy03. D\u00e9jalo libre04. Tu no tienes la culpa (ni la tengo yo)05. Par\u00e1bola06. Antes que tu #nl# Side B:01. El amor no espera02. Al final es un momento03. Ni\u00f1a malcriada04. Columbande05. Debes encontrarlo en ti06. Puede ser que ma\u00f1ana...","robots":{"index":"index","follow":"follow","max-snippet":"max-snippet:-1","max-image-preview":"max-image-preview:large","max-video-preview":"max-video-preview:-1"},"canonical":"https:\/\/wpguerssen-test.odoo.rgbconsulting.com\/es\/producto\/a-buen-puerto\/","og_locale":"es_ES","og_type":"article","og_title":"SPERA, Pippo - A Buen Puerto -  (LP) | Guerssen","og_description":"A record that sounds like a summertime sunset, if ever there was one. Lilting melodies, infused with an undercurrent of bossa nova and the drowsy, faded memory of sun-drenched islands. All of this melodic loveliness is made ever-so-groovy in an Afro-Cuban sort of way thanks to a mighty contribution from world famous percussionist Jorge Trasante, Totem drummer Roberto Galletti, and Limonada drummer Jos\u00e9 Luis Sosa. Pippo Spera came into the orbit of Uruguayan iconoclast Eduardo Mateo back during the days of El Kinto (one of that band's finest songs is about a visit by Mateo to Pippo's house). From 1967 to 1970, Pippo concentrated on studying classical guitar at the Conservatorio Nacional of Uruguay, until the military dictatorship closed the school. So, Pippo started his songwriter career, which culminated in 1975\/1976 with the recording of \"A Buen Puerto.\" As Pippo says, \"It was a beautiful experience to me. I had the help of the best musicians in town, they were like brothers. At that time in Uruguay, nobody used to get money to perform in a recording studio; for the musicians it was a pleasure, it was just love of art...\" After the release of this LP, Pippo decided to leave a Uruguay oppressed by a brutal dictatorship. He sailed to Brazil in a ship much like the one hovering behind him on the \"A Buen Puerto\" album. Brazil was indeed \"a good port\" for Pippo--he became friends with many of the best Brazilian musicians of those years: Milton Nascimento, Geraldo Azevedo, Renato Rocha, and Alceu Valen\u00e7a, and ended up writing for and playing on Nascimento's \"Clube da Esquina 2\" album. #nl# Four-panel insert w\/lyrics in Spanish and English, photos, and info on Pippo #nl# Infused with an undercurrent of bossa nova and the drowsy, faded memory of sun-drenched islands! #nl# Limited to 500 copies #nl# Track List: Side A:01. A buen puerto02. Fragmento de la Suite de Pescadores - Mejor me voy03. D\u00e9jalo libre04. Tu no tienes la culpa (ni la tengo yo)05. Par\u00e1bola06. Antes que tu #nl# Side B:01. El amor no espera02. Al final es un momento03. Ni\u00f1a malcriada04. Columbande05. Debes encontrarlo en ti06. Puede ser que ma\u00f1ana...","og_url":"https:\/\/wpguerssen-test.odoo.rgbconsulting.com\/es\/producto\/a-buen-puerto\/","og_site_name":"Guerssen records","article_modified_time":"2025-03-31T16:23:30+00:00","og_image":[{"width":225,"height":224,"url":"https:\/\/wpguerssen-test.odoo.rgbconsulting.com\/wp-content\/uploads\/2022\/03\/24638.jpg","type":"image\/jpeg"}],"twitter_card":"summary_large_image","twitter_title":"SPERA, Pippo - A Buen Puerto -  (LP) | Guerssen","schema":{"@context":"https:\/\/schema.org","@graph":[{"@type":"WebPage","@id":"https:\/\/wpguerssen-test.odoo.rgbconsulting.com\/es\/producto\/a-buen-puerto\/","url":"https:\/\/wpguerssen-test.odoo.rgbconsulting.com\/es\/producto\/a-buen-puerto\/","name":"SPERA, Pippo - A Buen Puerto - (LP) | Guerssen","isPartOf":{"@id":"https:\/\/wpguerssen-test.odoo.rgbconsulting.com\/es\/#website"},"primaryImageOfPage":{"@id":"https:\/\/wpguerssen-test.odoo.rgbconsulting.com\/es\/producto\/a-buen-puerto\/#primaryimage"},"image":{"@id":"https:\/\/wpguerssen-test.odoo.rgbconsulting.com\/es\/producto\/a-buen-puerto\/#primaryimage"},"thumbnailUrl":"https:\/\/wpguerssen-test.odoo.rgbconsulting.com\/wp-content\/uploads\/2022\/03\/24638.jpg","datePublished":"2025-01-07T23:00:00+00:00","dateModified":"2025-03-31T16:23:30+00:00","description":"A record that sounds like a summertime sunset, if ever there was one. Lilting melodies, infused with an undercurrent of bossa nova and the drowsy, faded memory of sun-drenched islands. All of this melodic loveliness is made ever-so-groovy in an Afro-Cuban sort of way thanks to a mighty contribution from world famous percussionist Jorge Trasante, Totem drummer Roberto Galletti, and Limonada drummer Jos\u00e9 Luis Sosa. Pippo Spera came into the orbit of Uruguayan iconoclast Eduardo Mateo back during the days of El Kinto (one of that band's finest songs is about a visit by Mateo to Pippo's house). From 1967 to 1970, Pippo concentrated on studying classical guitar at the Conservatorio Nacional of Uruguay, until the military dictatorship closed the school. So, Pippo started his songwriter career, which culminated in 1975\/1976 with the recording of \"A Buen Puerto.\" As Pippo says, \"It was a beautiful experience to me. I had the help of the best musicians in town, they were like brothers. At that time in Uruguay, nobody used to get money to perform in a recording studio; for the musicians it was a pleasure, it was just love of art...\" After the release of this LP, Pippo decided to leave a Uruguay oppressed by a brutal dictatorship. He sailed to Brazil in a ship much like the one hovering behind him on the \"A Buen Puerto\" album. Brazil was indeed \"a good port\" for Pippo--he became friends with many of the best Brazilian musicians of those years: Milton Nascimento, Geraldo Azevedo, Renato Rocha, and Alceu Valen\u00e7a, and ended up writing for and playing on Nascimento's \"Clube da Esquina 2\" album. #nl# Four-panel insert w\/lyrics in Spanish and English, photos, and info on Pippo #nl# Infused with an undercurrent of bossa nova and the drowsy, faded memory of sun-drenched islands! #nl# Limited to 500 copies #nl# Track List: Side A:01. A buen puerto02. Fragmento de la Suite de Pescadores - Mejor me voy03. D\u00e9jalo libre04. Tu no tienes la culpa (ni la tengo yo)05. Par\u00e1bola06. Antes que tu #nl# Side B:01. El amor no espera02. Al final es un momento03. Ni\u00f1a malcriada04. Columbande05. Debes encontrarlo en ti06. Puede ser que ma\u00f1ana...","breadcrumb":{"@id":"https:\/\/wpguerssen-test.odoo.rgbconsulting.com\/es\/producto\/a-buen-puerto\/#breadcrumb"},"inLanguage":"es","potentialAction":[{"@type":"ReadAction","target":["https:\/\/wpguerssen-test.odoo.rgbconsulting.com\/es\/producto\/a-buen-puerto\/"]}]},{"@type":"ImageObject","inLanguage":"es","@id":"https:\/\/wpguerssen-test.odoo.rgbconsulting.com\/es\/producto\/a-buen-puerto\/#primaryimage","url":"https:\/\/wpguerssen-test.odoo.rgbconsulting.com\/wp-content\/uploads\/2022\/03\/24638.jpg","contentUrl":"https:\/\/wpguerssen-test.odoo.rgbconsulting.com\/wp-content\/uploads\/2022\/03\/24638.jpg","width":225,"height":224,"caption":"Pippo - A Buen Puerto - LION (LP) | Guerssen"},{"@type":"BreadcrumbList","@id":"https:\/\/wpguerssen-test.odoo.rgbconsulting.com\/es\/producto\/a-buen-puerto\/#breadcrumb","itemListElement":[{"@type":"ListItem","position":1,"name":"Inicio","item":"https:\/\/wpguerssen-test.odoo.rgbconsulting.com\/es\/"},{"@type":"ListItem","position":2,"name":"Shop","item":"https:\/\/wpguerssen-test.odoo.rgbconsulting.com\/shop\/"},{"@type":"ListItem","position":3,"name":"A Buen Puerto"}]},{"@type":"WebSite","@id":"https:\/\/wpguerssen-test.odoo.rgbconsulting.com\/es\/#website","url":"https:\/\/wpguerssen-test.odoo.rgbconsulting.com\/es\/","name":"Guerssen records","description":"psychedelia - progressive - folk - garage ","publisher":{"@id":"https:\/\/wpguerssen-test.odoo.rgbconsulting.com\/es\/#organization"},"potentialAction":[{"@type":"SearchAction","target":{"@type":"EntryPoint","urlTemplate":"https:\/\/wpguerssen-test.odoo.rgbconsulting.com\/es\/?s={search_term_string}"},"query-input":{"@type":"PropertyValueSpecification","valueRequired":true,"valueName":"search_term_string"}}],"inLanguage":"es"},{"@type":"Organization","@id":"https:\/\/wpguerssen-test.odoo.rgbconsulting.com\/es\/#organization","name":"Guerssen records","url":"https:\/\/wpguerssen-test.odoo.rgbconsulting.com\/es\/","logo":{"@type":"ImageObject","inLanguage":"es","@id":"https:\/\/wpguerssen-test.odoo.rgbconsulting.com\/es\/#\/schema\/logo\/image\/","url":"https:\/\/wpguerssen-test.odoo.rgbconsulting.com\/wp-content\/uploads\/2022\/04\/Logo_Guerssen_trans_100.png","contentUrl":"https:\/\/wpguerssen-test.odoo.rgbconsulting.com\/wp-content\/uploads\/2022\/04\/Logo_Guerssen_trans_100.png","width":122,"height":100,"caption":"Guerssen records"},"image":{"@id":"https:\/\/wpguerssen-test.odoo.rgbconsulting.com\/es\/#\/schema\/logo\/image\/"}}]}},"_links":{"self":[{"href":"https:\/\/wpguerssen-test.odoo.rgbconsulting.com\/es\/wp-json\/wp\/v2\/product\/180828","targetHints":{"allow":["GET"]}}],"collection":[{"href":"https:\/\/wpguerssen-test.odoo.rgbconsulting.com\/es\/wp-json\/wp\/v2\/product"}],"about":[{"href":"https:\/\/wpguerssen-test.odoo.rgbconsulting.com\/es\/wp-json\/wp\/v2\/types\/product"}],"wp:featuredmedia":[{"embeddable":true,"href":"https:\/\/wpguerssen-test.odoo.rgbconsulting.com\/es\/wp-json\/wp\/v2\/media\/118258"}],"wp:attachment":[{"href":"https:\/\/wpguerssen-test.odoo.rgbconsulting.com\/es\/wp-json\/wp\/v2\/media?parent=180828"}],"wp:term":[{"taxonomy":"product_brand","embeddable":true,"href":"https:\/\/wpguerssen-test.odoo.rgbconsulting.com\/es\/wp-json\/wp\/v2\/product_brand?post=180828"},{"taxonomy":"product_cat","embeddable":true,"href":"https:\/\/wpguerssen-test.odoo.rgbconsulting.com\/es\/wp-json\/wp\/v2\/product_cat?post=180828"},{"taxonomy":"product_tag","embeddable":true,"href":"https:\/\/wpguerssen-test.odoo.rgbconsulting.com\/es\/wp-json\/wp\/v2\/product_tag?post=180828"}],"curies":[{"name":"wp","href":"https:\/\/api.w.org\/{rel}","templated":true}]}}