{"id":180845,"date":"2016-06-02T00:00:00","date_gmt":"2016-06-01T22:00:00","guid":{"rendered":"http:\/\/guerssen.hl1097.dinaserver.com\/product\/sexphonie-cd\/"},"modified":"2024-07-18T17:14:38","modified_gmt":"2024-07-18T15:14:38","slug":"sexphonie-cd","status":"publish","type":"product","link":"https:\/\/wpguerssen-test.odoo.rgbconsulting.com\/es\/producto\/sexphonie-cd\/","title":{"rendered":"Sexphonie (CD)"},"content":{"rendered":"<p>Ecl\u00e9ctico y fascinante disco de kraut psicod\u00e9lico (con \u00e9nfasis en lo \u00abpsych\u00bb) relacionado con Eulenspygel. Originalmente editado en 1975 en el mismo sello que GAA, \u00abSexphonie\u00bb ofrece una mezcla de acid-rock, hard-psych y sonidos progresivos \/ folkies con efectos de estudio, aire \u00abfreak\u00bb y la alucinante guitarra \u00e1cida de Tef Fonfara. Piensa en Floh de Cologne, Alcatraz o Franz K. <\/p>\n<p> Por primera vez reeditado, booklet con detalladas notas por Alan Freeman (The Crack In The Cosmic Egg) y booklet \/ comic original. <\/p>\n<p> \u00abMaravilloso y poco conocido krautrock.\u00bb &#8211; Mutant Sounds <\/p>\n<p> Tracklist: <\/p>\n<p> Tim &#8211; Sexphonie &#8211; Asiatische Liebeserkl\u00e4rung &#8211; Paranoia Eines Verliebten &#8211; Nervenzusammenbruch Einer Gitarrre &#8211; Siamesische \u00dcberraschung &#8211; Kristinas Traum &#8211; Delirium Song \/ Grammophon &#8211; Rita &#8211; Suzie Steno &#8211; F\u00fcr Michael Pfadpfinder &#8211; Morgenlicht<\/p>\n","protected":false},"excerpt":{"rendered":"<p>Ecl\u00e9ctico y fascinante disco de kraut psicod\u00e9lico (con \u00e9nfasis en lo \u00abpsych\u00bb) relacionado con Eulenspygel. Originalmente editado en 1975 en el mismo sello que<a class=\"read\" href=\"https:\/\/wpguerssen-test.odoo.rgbconsulting.com\/es\/producto\/sexphonie-cd\/\"> (...)<\/a>","protected":false},"featured_media":118297,"template":"","meta":{"_acf_changed":false},"product_brand":[],"product_cat":[23215,23230],"product_tag":[29138],"class_list":{"0":"post-180845","1":"product","2":"type-product","3":"status-publish","4":"has-post-thumbnail","6":"product_cat-progressive60s-70s-es","7":"product_cat-krautrock-es-2","8":"product_tag-cd-es","9":"pa_artist-tyll-es-2","10":"pa_format-cd-2-es","11":"pa_gender-krautrock-progressive60s-70s","12":"pa_label-mental-experience-es","13":"pa_location-europe-es","15":"first","16":"instock","17":"taxable","18":"shipping-taxable","19":"purchasable","20":"product-type-simple"},"acf":[],"yoast_head":"<!-- This site is optimized with the Yoast SEO plugin v24.9 - https:\/\/yoast.com\/wordpress\/plugins\/seo\/ -->\n<title>TYLL - Sexphonie (CD) -  (CD) | Guerssen<\/title>\n<meta name=\"description\" content=\"Highly inventive kraut \/ psych album (heavy on the &quot;psych&quot;) related to Eulenspygel. #nl# Originally released in 1975, &quot;Sexphonie&quot; offers a mix of acid-rock, hard-psych, polit-rock and progressive \/ folky sounds with some eastern influences. Great studio production and outstanding guitar playing courtesy of Teflon Fonfara (who once blew up Camel&#039;s PA system with his tape and delay guitar effects!). #nl# Tyll was formed when Teflon was approached by Kerston Records with the intention of releasing a krautrock album. Teflon&#039;s previous group, Tyll Eulenspygel, was not active at that moment, so he assembled a new studio band featuring members and friends of Tyll Eulenspygel. #nl# Shrouded in mystery until now, Tyll&#039;s &quot;Sexphonie&quot; is a Krautrock curiosity that almost never happened, and it was all created within a matter of weeks from inception of the band through to finished LP. The story is similar to that of the legendary Mammut, with an ad hoc band brought together and given total freedom to do whatever they wanted. #nl# Tyll can be seen as the illegitimate step-sister to Eulenspygel, and there was much controversy and even legal action involved and some rivalry between the two bands, especially as Tyll had poached Eulenspygel drummer G\u00fcnter Klinger. Yet, whereas Eulenspygel had pretty much now lost the plot by 1973, Tyll&#039;s sole LP was one of those surprisingly creative gems of the mid 1970s that, to the few that knew it, was a welcome breath of fresh air. #nl# Remastered sound. #nl# Insert with photos and liner notes by Alan Freeman (The Crack In The Cosmic Egg) plus reproduction of the rare original booklet-comic #nl# &quot;A tasty rare slice of left-field Krautrock underground related to Eulenspygel.&quot; - Alan Freeman (The Crack In The Cosmic Egg) #nl# &quot;Truly wonderful and extremely little known krautrock released on the Kerston label (same imprint as the Gaa LP) and with something of their widely variable and fascinating approach.&quot; - Mutant Sounds #nl# Tracklist: #nl# Tim - Sexphonie - Asiatische Liebeserkl\u00e4rung - Paranoia Eines Verliebten - Nervenzusammenbruch Einer Gitarrre - Siamesische \u00dcberraschung - Kristinas Traum - Delirium Song \/ Grammophon - Rita - Suzie Steno - F\u00fcr Michael Pfadpfinder - Morgenlicht\" \/>\n<meta name=\"robots\" content=\"index, follow, max-snippet:-1, max-image-preview:large, max-video-preview:-1\" \/>\n<link rel=\"canonical\" href=\"https:\/\/wpguerssen-test.odoo.rgbconsulting.com\/es\/producto\/sexphonie-cd\/\" \/>\n<meta property=\"og:locale\" content=\"es_ES\" \/>\n<meta property=\"og:type\" content=\"article\" \/>\n<meta property=\"og:title\" content=\"TYLL - Sexphonie (CD) -  (CD) | Guerssen\" \/>\n<meta property=\"og:description\" content=\"Highly inventive kraut \/ psych album (heavy on the &quot;psych&quot;) related to Eulenspygel. #nl# Originally released in 1975, &quot;Sexphonie&quot; offers a mix of acid-rock, hard-psych, polit-rock and progressive \/ folky sounds with some eastern influences. Great studio production and outstanding guitar playing courtesy of Teflon Fonfara (who once blew up Camel&#039;s PA system with his tape and delay guitar effects!). #nl# Tyll was formed when Teflon was approached by Kerston Records with the intention of releasing a krautrock album. Teflon&#039;s previous group, Tyll Eulenspygel, was not active at that moment, so he assembled a new studio band featuring members and friends of Tyll Eulenspygel. #nl# Shrouded in mystery until now, Tyll&#039;s &quot;Sexphonie&quot; is a Krautrock curiosity that almost never happened, and it was all created within a matter of weeks from inception of the band through to finished LP. The story is similar to that of the legendary Mammut, with an ad hoc band brought together and given total freedom to do whatever they wanted. #nl# Tyll can be seen as the illegitimate step-sister to Eulenspygel, and there was much controversy and even legal action involved and some rivalry between the two bands, especially as Tyll had poached Eulenspygel drummer G\u00fcnter Klinger. Yet, whereas Eulenspygel had pretty much now lost the plot by 1973, Tyll&#039;s sole LP was one of those surprisingly creative gems of the mid 1970s that, to the few that knew it, was a welcome breath of fresh air. #nl# Remastered sound. #nl# Insert with photos and liner notes by Alan Freeman (The Crack In The Cosmic Egg) plus reproduction of the rare original booklet-comic #nl# &quot;A tasty rare slice of left-field Krautrock underground related to Eulenspygel.&quot; - Alan Freeman (The Crack In The Cosmic Egg) #nl# &quot;Truly wonderful and extremely little known krautrock released on the Kerston label (same imprint as the Gaa LP) and with something of their widely variable and fascinating approach.&quot; - Mutant Sounds #nl# Tracklist: #nl# Tim - Sexphonie - Asiatische Liebeserkl\u00e4rung - Paranoia Eines Verliebten - Nervenzusammenbruch Einer Gitarrre - Siamesische \u00dcberraschung - Kristinas Traum - Delirium Song \/ Grammophon - Rita - Suzie Steno - F\u00fcr Michael Pfadpfinder - Morgenlicht\" \/>\n<meta property=\"og:url\" content=\"https:\/\/wpguerssen-test.odoo.rgbconsulting.com\/es\/producto\/sexphonie-cd\/\" \/>\n<meta property=\"og:site_name\" content=\"Guerssen records\" \/>\n<meta property=\"article:modified_time\" content=\"2024-07-18T15:14:38+00:00\" \/>\n<meta property=\"og:image\" content=\"https:\/\/wpguerssen-test.odoo.rgbconsulting.com\/wp-content\/uploads\/2022\/03\/24698.jpg\" \/>\n\t<meta property=\"og:image:width\" content=\"1430\" \/>\n\t<meta property=\"og:image:height\" content=\"1430\" \/>\n\t<meta property=\"og:image:type\" content=\"image\/jpeg\" \/>\n<meta name=\"twitter:card\" content=\"summary_large_image\" \/>\n<meta name=\"twitter:title\" content=\"TYLL - Sexphonie (CD) -  (CD) | Guerssen\" \/>\n<meta name=\"twitter:label1\" content=\"Tiempo de lectura\" \/>\n\t<meta name=\"twitter:data1\" content=\"1 minuto\" \/>\n<script type=\"application\/ld+json\" class=\"yoast-schema-graph\">{\"@context\":\"https:\/\/schema.org\",\"@graph\":[{\"@type\":\"WebPage\",\"@id\":\"https:\/\/wpguerssen-test.odoo.rgbconsulting.com\/es\/producto\/sexphonie-cd\/\",\"url\":\"https:\/\/wpguerssen-test.odoo.rgbconsulting.com\/es\/producto\/sexphonie-cd\/\",\"name\":\"TYLL - Sexphonie (CD) - (CD) | Guerssen\",\"isPartOf\":{\"@id\":\"https:\/\/wpguerssen-test.odoo.rgbconsulting.com\/es\/#website\"},\"primaryImageOfPage\":{\"@id\":\"https:\/\/wpguerssen-test.odoo.rgbconsulting.com\/es\/producto\/sexphonie-cd\/#primaryimage\"},\"image\":{\"@id\":\"https:\/\/wpguerssen-test.odoo.rgbconsulting.com\/es\/producto\/sexphonie-cd\/#primaryimage\"},\"thumbnailUrl\":\"https:\/\/wpguerssen-test.odoo.rgbconsulting.com\/wp-content\/uploads\/2022\/03\/24698.jpg\",\"datePublished\":\"2016-06-01T22:00:00+00:00\",\"dateModified\":\"2024-07-18T15:14:38+00:00\",\"description\":\"Highly inventive kraut \/ psych album (heavy on the \\\"psych\\\") related to Eulenspygel. #nl# Originally released in 1975, \\\"Sexphonie\\\" offers a mix of acid-rock, hard-psych, polit-rock and progressive \/ folky sounds with some eastern influences. Great studio production and outstanding guitar playing courtesy of Teflon Fonfara (who once blew up Camel's PA system with his tape and delay guitar effects!). #nl# Tyll was formed when Teflon was approached by Kerston Records with the intention of releasing a krautrock album. Teflon's previous group, Tyll Eulenspygel, was not active at that moment, so he assembled a new studio band featuring members and friends of Tyll Eulenspygel. #nl# Shrouded in mystery until now, Tyll's \\\"Sexphonie\\\" is a Krautrock curiosity that almost never happened, and it was all created within a matter of weeks from inception of the band through to finished LP. The story is similar to that of the legendary Mammut, with an ad hoc band brought together and given total freedom to do whatever they wanted. #nl# Tyll can be seen as the illegitimate step-sister to Eulenspygel, and there was much controversy and even legal action involved and some rivalry between the two bands, especially as Tyll had poached Eulenspygel drummer G\u00fcnter Klinger. Yet, whereas Eulenspygel had pretty much now lost the plot by 1973, Tyll's sole LP was one of those surprisingly creative gems of the mid 1970s that, to the few that knew it, was a welcome breath of fresh air. #nl# Remastered sound. #nl# Insert with photos and liner notes by Alan Freeman (The Crack In The Cosmic Egg) plus reproduction of the rare original booklet-comic #nl# \\\"A tasty rare slice of left-field Krautrock underground related to Eulenspygel.\\\" - Alan Freeman (The Crack In The Cosmic Egg) #nl# \\\"Truly wonderful and extremely little known krautrock released on the Kerston label (same imprint as the Gaa LP) and with something of their widely variable and fascinating approach.\\\" - Mutant Sounds #nl# Tracklist: #nl# Tim - Sexphonie - Asiatische Liebeserkl\u00e4rung - Paranoia Eines Verliebten - Nervenzusammenbruch Einer Gitarrre - Siamesische \u00dcberraschung - Kristinas Traum - Delirium Song \/ Grammophon - Rita - Suzie Steno - F\u00fcr Michael Pfadpfinder - Morgenlicht\",\"breadcrumb\":{\"@id\":\"https:\/\/wpguerssen-test.odoo.rgbconsulting.com\/es\/producto\/sexphonie-cd\/#breadcrumb\"},\"inLanguage\":\"es\",\"potentialAction\":[{\"@type\":\"ReadAction\",\"target\":[\"https:\/\/wpguerssen-test.odoo.rgbconsulting.com\/es\/producto\/sexphonie-cd\/\"]}]},{\"@type\":\"ImageObject\",\"inLanguage\":\"es\",\"@id\":\"https:\/\/wpguerssen-test.odoo.rgbconsulting.com\/es\/producto\/sexphonie-cd\/#primaryimage\",\"url\":\"https:\/\/wpguerssen-test.odoo.rgbconsulting.com\/wp-content\/uploads\/2022\/03\/24698.jpg\",\"contentUrl\":\"https:\/\/wpguerssen-test.odoo.rgbconsulting.com\/wp-content\/uploads\/2022\/03\/24698.jpg\",\"width\":1430,\"height\":1430,\"caption\":\"TYLL - Sexphonie (CD) - MENTAL EXPERIENCE (CD) | Guerssen\"},{\"@type\":\"BreadcrumbList\",\"@id\":\"https:\/\/wpguerssen-test.odoo.rgbconsulting.com\/es\/producto\/sexphonie-cd\/#breadcrumb\",\"itemListElement\":[{\"@type\":\"ListItem\",\"position\":1,\"name\":\"Inicio\",\"item\":\"https:\/\/wpguerssen-test.odoo.rgbconsulting.com\/es\/\"},{\"@type\":\"ListItem\",\"position\":2,\"name\":\"Shop\",\"item\":\"https:\/\/wpguerssen-test.odoo.rgbconsulting.com\/shop\/\"},{\"@type\":\"ListItem\",\"position\":3,\"name\":\"Sexphonie (CD)\"}]},{\"@type\":\"WebSite\",\"@id\":\"https:\/\/wpguerssen-test.odoo.rgbconsulting.com\/es\/#website\",\"url\":\"https:\/\/wpguerssen-test.odoo.rgbconsulting.com\/es\/\",\"name\":\"Guerssen records\",\"description\":\"psychedelia - progressive - folk - garage \",\"publisher\":{\"@id\":\"https:\/\/wpguerssen-test.odoo.rgbconsulting.com\/es\/#organization\"},\"potentialAction\":[{\"@type\":\"SearchAction\",\"target\":{\"@type\":\"EntryPoint\",\"urlTemplate\":\"https:\/\/wpguerssen-test.odoo.rgbconsulting.com\/es\/?s={search_term_string}\"},\"query-input\":{\"@type\":\"PropertyValueSpecification\",\"valueRequired\":true,\"valueName\":\"search_term_string\"}}],\"inLanguage\":\"es\"},{\"@type\":\"Organization\",\"@id\":\"https:\/\/wpguerssen-test.odoo.rgbconsulting.com\/es\/#organization\",\"name\":\"Guerssen records\",\"url\":\"https:\/\/wpguerssen-test.odoo.rgbconsulting.com\/es\/\",\"logo\":{\"@type\":\"ImageObject\",\"inLanguage\":\"es\",\"@id\":\"https:\/\/wpguerssen-test.odoo.rgbconsulting.com\/es\/#\/schema\/logo\/image\/\",\"url\":\"https:\/\/wpguerssen-test.odoo.rgbconsulting.com\/wp-content\/uploads\/2022\/04\/Logo_Guerssen_trans_100.png\",\"contentUrl\":\"https:\/\/wpguerssen-test.odoo.rgbconsulting.com\/wp-content\/uploads\/2022\/04\/Logo_Guerssen_trans_100.png\",\"width\":122,\"height\":100,\"caption\":\"Guerssen records\"},\"image\":{\"@id\":\"https:\/\/wpguerssen-test.odoo.rgbconsulting.com\/es\/#\/schema\/logo\/image\/\"}}]}<\/script>\n<!-- \/ Yoast SEO plugin. -->","yoast_head_json":{"title":"TYLL - Sexphonie (CD) -  (CD) | Guerssen","description":"Highly inventive kraut \/ psych album (heavy on the \"psych\") related to Eulenspygel. #nl# Originally released in 1975, \"Sexphonie\" offers a mix of acid-rock, hard-psych, polit-rock and progressive \/ folky sounds with some eastern influences. Great studio production and outstanding guitar playing courtesy of Teflon Fonfara (who once blew up Camel's PA system with his tape and delay guitar effects!). #nl# Tyll was formed when Teflon was approached by Kerston Records with the intention of releasing a krautrock album. Teflon's previous group, Tyll Eulenspygel, was not active at that moment, so he assembled a new studio band featuring members and friends of Tyll Eulenspygel. #nl# Shrouded in mystery until now, Tyll's \"Sexphonie\" is a Krautrock curiosity that almost never happened, and it was all created within a matter of weeks from inception of the band through to finished LP. The story is similar to that of the legendary Mammut, with an ad hoc band brought together and given total freedom to do whatever they wanted. #nl# Tyll can be seen as the illegitimate step-sister to Eulenspygel, and there was much controversy and even legal action involved and some rivalry between the two bands, especially as Tyll had poached Eulenspygel drummer G\u00fcnter Klinger. Yet, whereas Eulenspygel had pretty much now lost the plot by 1973, Tyll's sole LP was one of those surprisingly creative gems of the mid 1970s that, to the few that knew it, was a welcome breath of fresh air. #nl# Remastered sound. #nl# Insert with photos and liner notes by Alan Freeman (The Crack In The Cosmic Egg) plus reproduction of the rare original booklet-comic #nl# \"A tasty rare slice of left-field Krautrock underground related to Eulenspygel.\" - Alan Freeman (The Crack In The Cosmic Egg) #nl# \"Truly wonderful and extremely little known krautrock released on the Kerston label (same imprint as the Gaa LP) and with something of their widely variable and fascinating approach.\" - Mutant Sounds #nl# Tracklist: #nl# Tim - Sexphonie - Asiatische Liebeserkl\u00e4rung - Paranoia Eines Verliebten - Nervenzusammenbruch Einer Gitarrre - Siamesische \u00dcberraschung - Kristinas Traum - Delirium Song \/ Grammophon - Rita - Suzie Steno - F\u00fcr Michael Pfadpfinder - Morgenlicht","robots":{"index":"index","follow":"follow","max-snippet":"max-snippet:-1","max-image-preview":"max-image-preview:large","max-video-preview":"max-video-preview:-1"},"canonical":"https:\/\/wpguerssen-test.odoo.rgbconsulting.com\/es\/producto\/sexphonie-cd\/","og_locale":"es_ES","og_type":"article","og_title":"TYLL - Sexphonie (CD) -  (CD) | Guerssen","og_description":"Highly inventive kraut \/ psych album (heavy on the \"psych\") related to Eulenspygel. #nl# Originally released in 1975, \"Sexphonie\" offers a mix of acid-rock, hard-psych, polit-rock and progressive \/ folky sounds with some eastern influences. Great studio production and outstanding guitar playing courtesy of Teflon Fonfara (who once blew up Camel's PA system with his tape and delay guitar effects!). #nl# Tyll was formed when Teflon was approached by Kerston Records with the intention of releasing a krautrock album. Teflon's previous group, Tyll Eulenspygel, was not active at that moment, so he assembled a new studio band featuring members and friends of Tyll Eulenspygel. #nl# Shrouded in mystery until now, Tyll's \"Sexphonie\" is a Krautrock curiosity that almost never happened, and it was all created within a matter of weeks from inception of the band through to finished LP. The story is similar to that of the legendary Mammut, with an ad hoc band brought together and given total freedom to do whatever they wanted. #nl# Tyll can be seen as the illegitimate step-sister to Eulenspygel, and there was much controversy and even legal action involved and some rivalry between the two bands, especially as Tyll had poached Eulenspygel drummer G\u00fcnter Klinger. Yet, whereas Eulenspygel had pretty much now lost the plot by 1973, Tyll's sole LP was one of those surprisingly creative gems of the mid 1970s that, to the few that knew it, was a welcome breath of fresh air. #nl# Remastered sound. #nl# Insert with photos and liner notes by Alan Freeman (The Crack In The Cosmic Egg) plus reproduction of the rare original booklet-comic #nl# \"A tasty rare slice of left-field Krautrock underground related to Eulenspygel.\" - Alan Freeman (The Crack In The Cosmic Egg) #nl# \"Truly wonderful and extremely little known krautrock released on the Kerston label (same imprint as the Gaa LP) and with something of their widely variable and fascinating approach.\" - Mutant Sounds #nl# Tracklist: #nl# Tim - Sexphonie - Asiatische Liebeserkl\u00e4rung - Paranoia Eines Verliebten - Nervenzusammenbruch Einer Gitarrre - Siamesische \u00dcberraschung - Kristinas Traum - Delirium Song \/ Grammophon - Rita - Suzie Steno - F\u00fcr Michael Pfadpfinder - Morgenlicht","og_url":"https:\/\/wpguerssen-test.odoo.rgbconsulting.com\/es\/producto\/sexphonie-cd\/","og_site_name":"Guerssen records","article_modified_time":"2024-07-18T15:14:38+00:00","og_image":[{"width":1430,"height":1430,"url":"https:\/\/wpguerssen-test.odoo.rgbconsulting.com\/wp-content\/uploads\/2022\/03\/24698.jpg","type":"image\/jpeg"}],"twitter_card":"summary_large_image","twitter_title":"TYLL - Sexphonie (CD) -  (CD) | Guerssen","twitter_misc":{"Tiempo de lectura":"1 minuto"},"schema":{"@context":"https:\/\/schema.org","@graph":[{"@type":"WebPage","@id":"https:\/\/wpguerssen-test.odoo.rgbconsulting.com\/es\/producto\/sexphonie-cd\/","url":"https:\/\/wpguerssen-test.odoo.rgbconsulting.com\/es\/producto\/sexphonie-cd\/","name":"TYLL - Sexphonie (CD) - (CD) | Guerssen","isPartOf":{"@id":"https:\/\/wpguerssen-test.odoo.rgbconsulting.com\/es\/#website"},"primaryImageOfPage":{"@id":"https:\/\/wpguerssen-test.odoo.rgbconsulting.com\/es\/producto\/sexphonie-cd\/#primaryimage"},"image":{"@id":"https:\/\/wpguerssen-test.odoo.rgbconsulting.com\/es\/producto\/sexphonie-cd\/#primaryimage"},"thumbnailUrl":"https:\/\/wpguerssen-test.odoo.rgbconsulting.com\/wp-content\/uploads\/2022\/03\/24698.jpg","datePublished":"2016-06-01T22:00:00+00:00","dateModified":"2024-07-18T15:14:38+00:00","description":"Highly inventive kraut \/ psych album (heavy on the \"psych\") related to Eulenspygel. #nl# Originally released in 1975, \"Sexphonie\" offers a mix of acid-rock, hard-psych, polit-rock and progressive \/ folky sounds with some eastern influences. Great studio production and outstanding guitar playing courtesy of Teflon Fonfara (who once blew up Camel's PA system with his tape and delay guitar effects!). #nl# Tyll was formed when Teflon was approached by Kerston Records with the intention of releasing a krautrock album. Teflon's previous group, Tyll Eulenspygel, was not active at that moment, so he assembled a new studio band featuring members and friends of Tyll Eulenspygel. #nl# Shrouded in mystery until now, Tyll's \"Sexphonie\" is a Krautrock curiosity that almost never happened, and it was all created within a matter of weeks from inception of the band through to finished LP. The story is similar to that of the legendary Mammut, with an ad hoc band brought together and given total freedom to do whatever they wanted. #nl# Tyll can be seen as the illegitimate step-sister to Eulenspygel, and there was much controversy and even legal action involved and some rivalry between the two bands, especially as Tyll had poached Eulenspygel drummer G\u00fcnter Klinger. Yet, whereas Eulenspygel had pretty much now lost the plot by 1973, Tyll's sole LP was one of those surprisingly creative gems of the mid 1970s that, to the few that knew it, was a welcome breath of fresh air. #nl# Remastered sound. #nl# Insert with photos and liner notes by Alan Freeman (The Crack In The Cosmic Egg) plus reproduction of the rare original booklet-comic #nl# \"A tasty rare slice of left-field Krautrock underground related to Eulenspygel.\" - Alan Freeman (The Crack In The Cosmic Egg) #nl# \"Truly wonderful and extremely little known krautrock released on the Kerston label (same imprint as the Gaa LP) and with something of their widely variable and fascinating approach.\" - Mutant Sounds #nl# Tracklist: #nl# Tim - Sexphonie - Asiatische Liebeserkl\u00e4rung - Paranoia Eines Verliebten - Nervenzusammenbruch Einer Gitarrre - Siamesische \u00dcberraschung - Kristinas Traum - Delirium Song \/ Grammophon - Rita - Suzie Steno - F\u00fcr Michael Pfadpfinder - Morgenlicht","breadcrumb":{"@id":"https:\/\/wpguerssen-test.odoo.rgbconsulting.com\/es\/producto\/sexphonie-cd\/#breadcrumb"},"inLanguage":"es","potentialAction":[{"@type":"ReadAction","target":["https:\/\/wpguerssen-test.odoo.rgbconsulting.com\/es\/producto\/sexphonie-cd\/"]}]},{"@type":"ImageObject","inLanguage":"es","@id":"https:\/\/wpguerssen-test.odoo.rgbconsulting.com\/es\/producto\/sexphonie-cd\/#primaryimage","url":"https:\/\/wpguerssen-test.odoo.rgbconsulting.com\/wp-content\/uploads\/2022\/03\/24698.jpg","contentUrl":"https:\/\/wpguerssen-test.odoo.rgbconsulting.com\/wp-content\/uploads\/2022\/03\/24698.jpg","width":1430,"height":1430,"caption":"TYLL - Sexphonie (CD) - MENTAL EXPERIENCE (CD) | Guerssen"},{"@type":"BreadcrumbList","@id":"https:\/\/wpguerssen-test.odoo.rgbconsulting.com\/es\/producto\/sexphonie-cd\/#breadcrumb","itemListElement":[{"@type":"ListItem","position":1,"name":"Inicio","item":"https:\/\/wpguerssen-test.odoo.rgbconsulting.com\/es\/"},{"@type":"ListItem","position":2,"name":"Shop","item":"https:\/\/wpguerssen-test.odoo.rgbconsulting.com\/shop\/"},{"@type":"ListItem","position":3,"name":"Sexphonie (CD)"}]},{"@type":"WebSite","@id":"https:\/\/wpguerssen-test.odoo.rgbconsulting.com\/es\/#website","url":"https:\/\/wpguerssen-test.odoo.rgbconsulting.com\/es\/","name":"Guerssen records","description":"psychedelia - progressive - folk - garage ","publisher":{"@id":"https:\/\/wpguerssen-test.odoo.rgbconsulting.com\/es\/#organization"},"potentialAction":[{"@type":"SearchAction","target":{"@type":"EntryPoint","urlTemplate":"https:\/\/wpguerssen-test.odoo.rgbconsulting.com\/es\/?s={search_term_string}"},"query-input":{"@type":"PropertyValueSpecification","valueRequired":true,"valueName":"search_term_string"}}],"inLanguage":"es"},{"@type":"Organization","@id":"https:\/\/wpguerssen-test.odoo.rgbconsulting.com\/es\/#organization","name":"Guerssen records","url":"https:\/\/wpguerssen-test.odoo.rgbconsulting.com\/es\/","logo":{"@type":"ImageObject","inLanguage":"es","@id":"https:\/\/wpguerssen-test.odoo.rgbconsulting.com\/es\/#\/schema\/logo\/image\/","url":"https:\/\/wpguerssen-test.odoo.rgbconsulting.com\/wp-content\/uploads\/2022\/04\/Logo_Guerssen_trans_100.png","contentUrl":"https:\/\/wpguerssen-test.odoo.rgbconsulting.com\/wp-content\/uploads\/2022\/04\/Logo_Guerssen_trans_100.png","width":122,"height":100,"caption":"Guerssen records"},"image":{"@id":"https:\/\/wpguerssen-test.odoo.rgbconsulting.com\/es\/#\/schema\/logo\/image\/"}}]}},"_links":{"self":[{"href":"https:\/\/wpguerssen-test.odoo.rgbconsulting.com\/es\/wp-json\/wp\/v2\/product\/180845","targetHints":{"allow":["GET"]}}],"collection":[{"href":"https:\/\/wpguerssen-test.odoo.rgbconsulting.com\/es\/wp-json\/wp\/v2\/product"}],"about":[{"href":"https:\/\/wpguerssen-test.odoo.rgbconsulting.com\/es\/wp-json\/wp\/v2\/types\/product"}],"wp:featuredmedia":[{"embeddable":true,"href":"https:\/\/wpguerssen-test.odoo.rgbconsulting.com\/es\/wp-json\/wp\/v2\/media\/118297"}],"wp:attachment":[{"href":"https:\/\/wpguerssen-test.odoo.rgbconsulting.com\/es\/wp-json\/wp\/v2\/media?parent=180845"}],"wp:term":[{"taxonomy":"product_brand","embeddable":true,"href":"https:\/\/wpguerssen-test.odoo.rgbconsulting.com\/es\/wp-json\/wp\/v2\/product_brand?post=180845"},{"taxonomy":"product_cat","embeddable":true,"href":"https:\/\/wpguerssen-test.odoo.rgbconsulting.com\/es\/wp-json\/wp\/v2\/product_cat?post=180845"},{"taxonomy":"product_tag","embeddable":true,"href":"https:\/\/wpguerssen-test.odoo.rgbconsulting.com\/es\/wp-json\/wp\/v2\/product_tag?post=180845"}],"curies":[{"name":"wp","href":"https:\/\/api.w.org\/{rel}","templated":true}]}}