{"id":185827,"date":"2016-05-19T00:00:00","date_gmt":"2016-05-18T22:00:00","guid":{"rendered":"http:\/\/guerssen.hl1097.dinaserver.com\/product\/were-the-tiger-bunch-plus-1-bonustrack\/"},"modified":"2024-02-16T13:24:48","modified_gmt":"2024-02-16T12:24:48","slug":"were-the-tiger-bunch-plus-1-bonustrack","status":"publish","type":"product","link":"https:\/\/wpguerssen-test.odoo.rgbconsulting.com\/es\/producto\/were-the-tiger-bunch-plus-1-bonustrack\/","title":{"rendered":"We&#8217;re The Tiger Bunch \/ plus 1 Bonustrack"},"content":{"rendered":"<p>Por primera vez en vinilo el segundo \u00e1lbum del grupo alem\u00e1n, editado en 1974. M\u00e1s progresivo que su disco debut: \u00f3rgano, saxo, flauta&#8230;Sonido de m\u00e1sters, notas y fotos.<\/p>\n","protected":false},"excerpt":{"rendered":"<p>Por primera vez en vinilo el segundo \u00e1lbum del grupo alem\u00e1n, editado en 1974. M\u00e1s progresivo que su disco debut: \u00f3rgano, saxo, flauta&#8230;Sonido de m\u00e1sters,<a class=\"read\" href=\"https:\/\/wpguerssen-test.odoo.rgbconsulting.com\/es\/producto\/were-the-tiger-bunch-plus-1-bonustrack\/\"> (...)<\/a>","protected":false},"featured_media":118454,"template":"","meta":{"_acf_changed":false},"product_brand":[],"product_cat":[23215,23230],"product_tag":[],"class_list":{"0":"post-185827","1":"product","2":"type-product","3":"status-publish","4":"has-post-thumbnail","6":"product_cat-progressive60s-70s-es","7":"product_cat-krautrock-es-2","8":"pa_artist-tiger-b-smith-es-2","9":"pa_format-lp-es","10":"pa_gender-progressive60s-70s-krautrock","11":"pa_label-long-hair-es","12":"pa_location-europe-es","13":"pa_other-filters-vinyl-only-es","15":"first","16":"instock","17":"taxable","18":"shipping-taxable","19":"purchasable","20":"product-type-simple"},"acf":[],"yoast_head":"<!-- This site is optimized with the Yoast SEO plugin v24.9 - https:\/\/yoast.com\/wordpress\/plugins\/seo\/ -->\n<title>TIGER B SMITH - We&#039;re The Tiger Bunch \/ plus 1 Bonustrack -  (LP) | Guerssen<\/title>\n<meta name=\"description\" content=\"For the first time reissued on vinyl this is the 2nd album of Frankfurts heaviest from the 1970s. In 1972 heavy blues rock trio Second Life (album on Metronome in 1971) changed to Tiger B. Smith. While the 1st album &quot;Tiger Rock&quot; was quite an ordinary rock &#039;n&#039; roll album, &quot;We&#039;re The Tiger Bunch&quot; ( 1973 \/ 1974 ) apparently attempted to create a fuller, more progressive sound with several guest musicians, namely guitar player Rainer Marz, Veit Marvos (organ, piano) and Hanus Berka (sax and flute) from Emergency and Curt Cress (Orange Peel) on drums. This album is for all friends of a heavier guitar sound. Remastered from the original master tape contains an insert with band story and rare photos.\" \/>\n<meta name=\"robots\" content=\"index, follow, max-snippet:-1, max-image-preview:large, max-video-preview:-1\" \/>\n<link rel=\"canonical\" href=\"https:\/\/wpguerssen-test.odoo.rgbconsulting.com\/es\/producto\/were-the-tiger-bunch-plus-1-bonustrack\/\" \/>\n<meta property=\"og:locale\" content=\"es_ES\" \/>\n<meta property=\"og:type\" content=\"article\" \/>\n<meta property=\"og:title\" content=\"TIGER B SMITH - We&#039;re The Tiger Bunch \/ plus 1 Bonustrack -  (LP) | Guerssen\" \/>\n<meta property=\"og:description\" content=\"For the first time reissued on vinyl this is the 2nd album of Frankfurts heaviest from the 1970s. In 1972 heavy blues rock trio Second Life (album on Metronome in 1971) changed to Tiger B. Smith. While the 1st album &quot;Tiger Rock&quot; was quite an ordinary rock &#039;n&#039; roll album, &quot;We&#039;re The Tiger Bunch&quot; ( 1973 \/ 1974 ) apparently attempted to create a fuller, more progressive sound with several guest musicians, namely guitar player Rainer Marz, Veit Marvos (organ, piano) and Hanus Berka (sax and flute) from Emergency and Curt Cress (Orange Peel) on drums. This album is for all friends of a heavier guitar sound. Remastered from the original master tape contains an insert with band story and rare photos.\" \/>\n<meta property=\"og:url\" content=\"https:\/\/wpguerssen-test.odoo.rgbconsulting.com\/es\/producto\/were-the-tiger-bunch-plus-1-bonustrack\/\" \/>\n<meta property=\"og:site_name\" content=\"Guerssen records\" \/>\n<meta property=\"article:modified_time\" content=\"2024-02-16T12:24:48+00:00\" \/>\n<meta property=\"og:image\" content=\"https:\/\/wpguerssen-test.odoo.rgbconsulting.com\/wp-content\/uploads\/2022\/03\/25041.jpg\" \/>\n\t<meta property=\"og:image:width\" content=\"180\" \/>\n\t<meta property=\"og:image:height\" content=\"180\" \/>\n\t<meta property=\"og:image:type\" content=\"image\/jpeg\" \/>\n<meta name=\"twitter:card\" content=\"summary_large_image\" \/>\n<meta name=\"twitter:title\" content=\"TIGER B SMITH - We&#039;re The Tiger Bunch \/ plus 1 Bonustrack -  (LP) | Guerssen\" \/>\n<script type=\"application\/ld+json\" class=\"yoast-schema-graph\">{\"@context\":\"https:\/\/schema.org\",\"@graph\":[{\"@type\":\"WebPage\",\"@id\":\"https:\/\/wpguerssen-test.odoo.rgbconsulting.com\/es\/producto\/were-the-tiger-bunch-plus-1-bonustrack\/\",\"url\":\"https:\/\/wpguerssen-test.odoo.rgbconsulting.com\/es\/producto\/were-the-tiger-bunch-plus-1-bonustrack\/\",\"name\":\"TIGER B SMITH - We're The Tiger Bunch \/ plus 1 Bonustrack - (LP) | Guerssen\",\"isPartOf\":{\"@id\":\"https:\/\/wpguerssen-test.odoo.rgbconsulting.com\/es\/#website\"},\"primaryImageOfPage\":{\"@id\":\"https:\/\/wpguerssen-test.odoo.rgbconsulting.com\/es\/producto\/were-the-tiger-bunch-plus-1-bonustrack\/#primaryimage\"},\"image\":{\"@id\":\"https:\/\/wpguerssen-test.odoo.rgbconsulting.com\/es\/producto\/were-the-tiger-bunch-plus-1-bonustrack\/#primaryimage\"},\"thumbnailUrl\":\"https:\/\/wpguerssen-test.odoo.rgbconsulting.com\/wp-content\/uploads\/2022\/03\/25041.jpg\",\"datePublished\":\"2016-05-18T22:00:00+00:00\",\"dateModified\":\"2024-02-16T12:24:48+00:00\",\"description\":\"For the first time reissued on vinyl this is the 2nd album of Frankfurts heaviest from the 1970s. In 1972 heavy blues rock trio Second Life (album on Metronome in 1971) changed to Tiger B. Smith. While the 1st album \\\"Tiger Rock\\\" was quite an ordinary rock 'n' roll album, \\\"We're The Tiger Bunch\\\" ( 1973 \/ 1974 ) apparently attempted to create a fuller, more progressive sound with several guest musicians, namely guitar player Rainer Marz, Veit Marvos (organ, piano) and Hanus Berka (sax and flute) from Emergency and Curt Cress (Orange Peel) on drums. This album is for all friends of a heavier guitar sound. Remastered from the original master tape contains an insert with band story and rare photos.\",\"breadcrumb\":{\"@id\":\"https:\/\/wpguerssen-test.odoo.rgbconsulting.com\/es\/producto\/were-the-tiger-bunch-plus-1-bonustrack\/#breadcrumb\"},\"inLanguage\":\"es\",\"potentialAction\":[{\"@type\":\"ReadAction\",\"target\":[\"https:\/\/wpguerssen-test.odoo.rgbconsulting.com\/es\/producto\/were-the-tiger-bunch-plus-1-bonustrack\/\"]}]},{\"@type\":\"ImageObject\",\"inLanguage\":\"es\",\"@id\":\"https:\/\/wpguerssen-test.odoo.rgbconsulting.com\/es\/producto\/were-the-tiger-bunch-plus-1-bonustrack\/#primaryimage\",\"url\":\"https:\/\/wpguerssen-test.odoo.rgbconsulting.com\/wp-content\/uploads\/2022\/03\/25041.jpg\",\"contentUrl\":\"https:\/\/wpguerssen-test.odoo.rgbconsulting.com\/wp-content\/uploads\/2022\/03\/25041.jpg\",\"width\":180,\"height\":180,\"caption\":\"TIGER B SMITH - We're The Tiger Bunch \/ plus 1 Bonustrack - LONG HAIR (LP) | Guerssen\"},{\"@type\":\"BreadcrumbList\",\"@id\":\"https:\/\/wpguerssen-test.odoo.rgbconsulting.com\/es\/producto\/were-the-tiger-bunch-plus-1-bonustrack\/#breadcrumb\",\"itemListElement\":[{\"@type\":\"ListItem\",\"position\":1,\"name\":\"Inicio\",\"item\":\"https:\/\/wpguerssen-test.odoo.rgbconsulting.com\/es\/\"},{\"@type\":\"ListItem\",\"position\":2,\"name\":\"Shop\",\"item\":\"https:\/\/wpguerssen-test.odoo.rgbconsulting.com\/shop\/\"},{\"@type\":\"ListItem\",\"position\":3,\"name\":\"We&#8217;re The Tiger Bunch \/ plus 1 Bonustrack\"}]},{\"@type\":\"WebSite\",\"@id\":\"https:\/\/wpguerssen-test.odoo.rgbconsulting.com\/es\/#website\",\"url\":\"https:\/\/wpguerssen-test.odoo.rgbconsulting.com\/es\/\",\"name\":\"Guerssen records\",\"description\":\"psychedelia - progressive - folk - garage \",\"publisher\":{\"@id\":\"https:\/\/wpguerssen-test.odoo.rgbconsulting.com\/es\/#organization\"},\"potentialAction\":[{\"@type\":\"SearchAction\",\"target\":{\"@type\":\"EntryPoint\",\"urlTemplate\":\"https:\/\/wpguerssen-test.odoo.rgbconsulting.com\/es\/?s={search_term_string}\"},\"query-input\":{\"@type\":\"PropertyValueSpecification\",\"valueRequired\":true,\"valueName\":\"search_term_string\"}}],\"inLanguage\":\"es\"},{\"@type\":\"Organization\",\"@id\":\"https:\/\/wpguerssen-test.odoo.rgbconsulting.com\/es\/#organization\",\"name\":\"Guerssen records\",\"url\":\"https:\/\/wpguerssen-test.odoo.rgbconsulting.com\/es\/\",\"logo\":{\"@type\":\"ImageObject\",\"inLanguage\":\"es\",\"@id\":\"https:\/\/wpguerssen-test.odoo.rgbconsulting.com\/es\/#\/schema\/logo\/image\/\",\"url\":\"https:\/\/wpguerssen-test.odoo.rgbconsulting.com\/wp-content\/uploads\/2022\/04\/Logo_Guerssen_trans_100.png\",\"contentUrl\":\"https:\/\/wpguerssen-test.odoo.rgbconsulting.com\/wp-content\/uploads\/2022\/04\/Logo_Guerssen_trans_100.png\",\"width\":122,\"height\":100,\"caption\":\"Guerssen records\"},\"image\":{\"@id\":\"https:\/\/wpguerssen-test.odoo.rgbconsulting.com\/es\/#\/schema\/logo\/image\/\"}}]}<\/script>\n<!-- \/ Yoast SEO plugin. -->","yoast_head_json":{"title":"TIGER B SMITH - We're The Tiger Bunch \/ plus 1 Bonustrack -  (LP) | Guerssen","description":"For the first time reissued on vinyl this is the 2nd album of Frankfurts heaviest from the 1970s. In 1972 heavy blues rock trio Second Life (album on Metronome in 1971) changed to Tiger B. Smith. While the 1st album \"Tiger Rock\" was quite an ordinary rock 'n' roll album, \"We're The Tiger Bunch\" ( 1973 \/ 1974 ) apparently attempted to create a fuller, more progressive sound with several guest musicians, namely guitar player Rainer Marz, Veit Marvos (organ, piano) and Hanus Berka (sax and flute) from Emergency and Curt Cress (Orange Peel) on drums. This album is for all friends of a heavier guitar sound. Remastered from the original master tape contains an insert with band story and rare photos.","robots":{"index":"index","follow":"follow","max-snippet":"max-snippet:-1","max-image-preview":"max-image-preview:large","max-video-preview":"max-video-preview:-1"},"canonical":"https:\/\/wpguerssen-test.odoo.rgbconsulting.com\/es\/producto\/were-the-tiger-bunch-plus-1-bonustrack\/","og_locale":"es_ES","og_type":"article","og_title":"TIGER B SMITH - We're The Tiger Bunch \/ plus 1 Bonustrack -  (LP) | Guerssen","og_description":"For the first time reissued on vinyl this is the 2nd album of Frankfurts heaviest from the 1970s. In 1972 heavy blues rock trio Second Life (album on Metronome in 1971) changed to Tiger B. Smith. While the 1st album \"Tiger Rock\" was quite an ordinary rock 'n' roll album, \"We're The Tiger Bunch\" ( 1973 \/ 1974 ) apparently attempted to create a fuller, more progressive sound with several guest musicians, namely guitar player Rainer Marz, Veit Marvos (organ, piano) and Hanus Berka (sax and flute) from Emergency and Curt Cress (Orange Peel) on drums. This album is for all friends of a heavier guitar sound. Remastered from the original master tape contains an insert with band story and rare photos.","og_url":"https:\/\/wpguerssen-test.odoo.rgbconsulting.com\/es\/producto\/were-the-tiger-bunch-plus-1-bonustrack\/","og_site_name":"Guerssen records","article_modified_time":"2024-02-16T12:24:48+00:00","og_image":[{"width":180,"height":180,"url":"https:\/\/wpguerssen-test.odoo.rgbconsulting.com\/wp-content\/uploads\/2022\/03\/25041.jpg","type":"image\/jpeg"}],"twitter_card":"summary_large_image","twitter_title":"TIGER B SMITH - We're The Tiger Bunch \/ plus 1 Bonustrack -  (LP) | Guerssen","schema":{"@context":"https:\/\/schema.org","@graph":[{"@type":"WebPage","@id":"https:\/\/wpguerssen-test.odoo.rgbconsulting.com\/es\/producto\/were-the-tiger-bunch-plus-1-bonustrack\/","url":"https:\/\/wpguerssen-test.odoo.rgbconsulting.com\/es\/producto\/were-the-tiger-bunch-plus-1-bonustrack\/","name":"TIGER B SMITH - We're The Tiger Bunch \/ plus 1 Bonustrack - (LP) | Guerssen","isPartOf":{"@id":"https:\/\/wpguerssen-test.odoo.rgbconsulting.com\/es\/#website"},"primaryImageOfPage":{"@id":"https:\/\/wpguerssen-test.odoo.rgbconsulting.com\/es\/producto\/were-the-tiger-bunch-plus-1-bonustrack\/#primaryimage"},"image":{"@id":"https:\/\/wpguerssen-test.odoo.rgbconsulting.com\/es\/producto\/were-the-tiger-bunch-plus-1-bonustrack\/#primaryimage"},"thumbnailUrl":"https:\/\/wpguerssen-test.odoo.rgbconsulting.com\/wp-content\/uploads\/2022\/03\/25041.jpg","datePublished":"2016-05-18T22:00:00+00:00","dateModified":"2024-02-16T12:24:48+00:00","description":"For the first time reissued on vinyl this is the 2nd album of Frankfurts heaviest from the 1970s. In 1972 heavy blues rock trio Second Life (album on Metronome in 1971) changed to Tiger B. Smith. While the 1st album \"Tiger Rock\" was quite an ordinary rock 'n' roll album, \"We're The Tiger Bunch\" ( 1973 \/ 1974 ) apparently attempted to create a fuller, more progressive sound with several guest musicians, namely guitar player Rainer Marz, Veit Marvos (organ, piano) and Hanus Berka (sax and flute) from Emergency and Curt Cress (Orange Peel) on drums. This album is for all friends of a heavier guitar sound. Remastered from the original master tape contains an insert with band story and rare photos.","breadcrumb":{"@id":"https:\/\/wpguerssen-test.odoo.rgbconsulting.com\/es\/producto\/were-the-tiger-bunch-plus-1-bonustrack\/#breadcrumb"},"inLanguage":"es","potentialAction":[{"@type":"ReadAction","target":["https:\/\/wpguerssen-test.odoo.rgbconsulting.com\/es\/producto\/were-the-tiger-bunch-plus-1-bonustrack\/"]}]},{"@type":"ImageObject","inLanguage":"es","@id":"https:\/\/wpguerssen-test.odoo.rgbconsulting.com\/es\/producto\/were-the-tiger-bunch-plus-1-bonustrack\/#primaryimage","url":"https:\/\/wpguerssen-test.odoo.rgbconsulting.com\/wp-content\/uploads\/2022\/03\/25041.jpg","contentUrl":"https:\/\/wpguerssen-test.odoo.rgbconsulting.com\/wp-content\/uploads\/2022\/03\/25041.jpg","width":180,"height":180,"caption":"TIGER B SMITH - We're The Tiger Bunch \/ plus 1 Bonustrack - LONG HAIR (LP) | Guerssen"},{"@type":"BreadcrumbList","@id":"https:\/\/wpguerssen-test.odoo.rgbconsulting.com\/es\/producto\/were-the-tiger-bunch-plus-1-bonustrack\/#breadcrumb","itemListElement":[{"@type":"ListItem","position":1,"name":"Inicio","item":"https:\/\/wpguerssen-test.odoo.rgbconsulting.com\/es\/"},{"@type":"ListItem","position":2,"name":"Shop","item":"https:\/\/wpguerssen-test.odoo.rgbconsulting.com\/shop\/"},{"@type":"ListItem","position":3,"name":"We&#8217;re The Tiger Bunch \/ plus 1 Bonustrack"}]},{"@type":"WebSite","@id":"https:\/\/wpguerssen-test.odoo.rgbconsulting.com\/es\/#website","url":"https:\/\/wpguerssen-test.odoo.rgbconsulting.com\/es\/","name":"Guerssen records","description":"psychedelia - progressive - folk - garage ","publisher":{"@id":"https:\/\/wpguerssen-test.odoo.rgbconsulting.com\/es\/#organization"},"potentialAction":[{"@type":"SearchAction","target":{"@type":"EntryPoint","urlTemplate":"https:\/\/wpguerssen-test.odoo.rgbconsulting.com\/es\/?s={search_term_string}"},"query-input":{"@type":"PropertyValueSpecification","valueRequired":true,"valueName":"search_term_string"}}],"inLanguage":"es"},{"@type":"Organization","@id":"https:\/\/wpguerssen-test.odoo.rgbconsulting.com\/es\/#organization","name":"Guerssen records","url":"https:\/\/wpguerssen-test.odoo.rgbconsulting.com\/es\/","logo":{"@type":"ImageObject","inLanguage":"es","@id":"https:\/\/wpguerssen-test.odoo.rgbconsulting.com\/es\/#\/schema\/logo\/image\/","url":"https:\/\/wpguerssen-test.odoo.rgbconsulting.com\/wp-content\/uploads\/2022\/04\/Logo_Guerssen_trans_100.png","contentUrl":"https:\/\/wpguerssen-test.odoo.rgbconsulting.com\/wp-content\/uploads\/2022\/04\/Logo_Guerssen_trans_100.png","width":122,"height":100,"caption":"Guerssen records"},"image":{"@id":"https:\/\/wpguerssen-test.odoo.rgbconsulting.com\/es\/#\/schema\/logo\/image\/"}}]}},"_links":{"self":[{"href":"https:\/\/wpguerssen-test.odoo.rgbconsulting.com\/es\/wp-json\/wp\/v2\/product\/185827","targetHints":{"allow":["GET"]}}],"collection":[{"href":"https:\/\/wpguerssen-test.odoo.rgbconsulting.com\/es\/wp-json\/wp\/v2\/product"}],"about":[{"href":"https:\/\/wpguerssen-test.odoo.rgbconsulting.com\/es\/wp-json\/wp\/v2\/types\/product"}],"wp:featuredmedia":[{"embeddable":true,"href":"https:\/\/wpguerssen-test.odoo.rgbconsulting.com\/es\/wp-json\/wp\/v2\/media\/118454"}],"wp:attachment":[{"href":"https:\/\/wpguerssen-test.odoo.rgbconsulting.com\/es\/wp-json\/wp\/v2\/media?parent=185827"}],"wp:term":[{"taxonomy":"product_brand","embeddable":true,"href":"https:\/\/wpguerssen-test.odoo.rgbconsulting.com\/es\/wp-json\/wp\/v2\/product_brand?post=185827"},{"taxonomy":"product_cat","embeddable":true,"href":"https:\/\/wpguerssen-test.odoo.rgbconsulting.com\/es\/wp-json\/wp\/v2\/product_cat?post=185827"},{"taxonomy":"product_tag","embeddable":true,"href":"https:\/\/wpguerssen-test.odoo.rgbconsulting.com\/es\/wp-json\/wp\/v2\/product_tag?post=185827"}],"curies":[{"name":"wp","href":"https:\/\/api.w.org\/{rel}","templated":true}]}}