{"id":185850,"date":"2016-04-29T00:00:00","date_gmt":"2016-04-28T22:00:00","guid":{"rendered":"http:\/\/guerssen.hl1097.dinaserver.com\/product\/elektro-hafiz-cd\/"},"modified":"2024-11-25T14:47:07","modified_gmt":"2024-11-25T13:47:07","slug":"elektro-hafiz-cd","status":"publish","type":"product","link":"https:\/\/wpguerssen-test.odoo.rgbconsulting.com\/es\/producto\/elektro-hafiz-cd\/","title":{"rendered":"Elektro Hafiz (CD)"},"content":{"rendered":"<p>Elektro Hafiz es un m\u00fasico turco que reside actualmente en Alemania. Con una experiencia de 20 a\u00f1os en el mundo de la m\u00fasica, su primer grupo fue &#8216;Fairuz Derin Bulut&#8217;, con los que edit\u00f3 tres discos que fueron una sensaci\u00f3n dentro de la escena de Anatolian Rock \u00absegunda generaci\u00f3n\u00bb en Turqu\u00eda. <\/p>\n<p> Bajo el nombre de  Elektro Hafiz, ha demostrado estar abierto a diferentes y a menudo contradictorios g\u00e9neros musicales, mezclando instrumentos orientales como el saz el\u00e9ctrico, darbuka y cr\u00f3talos con diversos estilos musicales. <\/p>\n<p> Le apasiona jugar con los contrastes y crear nuevos sonidos: ese es su sello de identidad junto a un gran sentido del humor. <\/p>\n<p> Su m\u00fasica est\u00e1 fuertemente influenciado por sus ra\u00edces turcas y su amor por el Anatolian rock y pop de los a\u00f1os 60\/70, por lo que su instrumento principal es el saz el\u00e9ctrico. Otra de sus caracter\u00edsticas es usar la guitarra el\u00e9ctrica con escalas orientales. <\/p>\n<p> \u00abElektro Hafiz\u00bb es su primer \u00e1lbum en solitario y en \u00e9l demuestra su amor por ls psicodelia turca en todas sus vertientes, con toques funk y progresivos. Adem\u00e1s de tocar diversos instrumentos, ha contado con la ayuda de m\u00fasicos de diferentes pa\u00edses como Kenia, Francia, Turqu\u00eda, Suiza, Austria y Alemania. <\/p>\n<p> NOTA: Simultaneamente a la edici\u00f3n de \u00abElektro Hafiz\u00bb tambi\u00e9n se ha publicado en edici\u00f3n separada la version dub \/ remezclas por diferentes DJs. <\/p>\n<p> Tracklist: <\/p>\n<p> Hayat bu malum \/ G\u00fcnahkar helvasi \/ Belki son kez \/ Ne diyeyim \/ Dubb-i akbar \/ John Dere \/ Deutsche freunde \/ Destur III \/ Nossa bowa gitara<\/p>\n","protected":false},"excerpt":{"rendered":"<p>Elektro Hafiz es un m\u00fasico turco que reside actualmente en Alemania. Con una experiencia de 20 a\u00f1os en el mundo de la m\u00fasica, su primer grupo fue &#8216;Fairuz<a class=\"read\" href=\"https:\/\/wpguerssen-test.odoo.rgbconsulting.com\/es\/producto\/elektro-hafiz-cd\/\"> (...)<\/a>","protected":false},"featured_media":118494,"template":"","meta":{"_acf_changed":false},"product_brand":[],"product_cat":[21659,23219],"product_tag":[29138],"class_list":{"0":"post-185850","1":"product","2":"type-product","3":"status-publish","4":"has-post-thumbnail","6":"product_cat-psychedelic00s-now-es","7":"product_cat-funk-es","8":"product_tag-cd-es","9":"pa_artist-elektro-hafiz-es-2","10":"pa_format-cd-2-es","11":"pa_gender-psychedelic00s-now-funk","12":"pa_label-pharaway-sounds-es","13":"pa_location-eastern-es","15":"first","16":"instock","17":"taxable","18":"shipping-taxable","19":"purchasable","20":"product-type-simple"},"acf":[],"yoast_head":"<!-- This site is optimized with the Yoast SEO plugin v24.9 - https:\/\/yoast.com\/wordpress\/plugins\/seo\/ -->\n<title>ELEKTRO HAFIZ - Elektro Hafiz (CD) -  (CD) | Guerssen<\/title>\n<meta name=\"description\" content=\"Elektro Hafiz is a musician, born and raised in Istanbul, who has recently moved to Cologne, Germany. Already well known in Turkey, he can look back on 20 years as a professional musician. With his former band &#039;Fairuz Derin Bulut&#039; he created and released three albums, which represent a milestone in the Anatolian psychedelic rock music of the 2nd generation in Turkey. #nl# Elektro Hafiz has shown and proven openness to various and sometimes contradicting music styles by mixing eastern instruments like the electric saz, darbuka and finger cymbals with different genres. He loves to play with contrasts and create new compositions from there. #nl# This open and experimental approach is still his trademark, as well as his charming provocative style that is complemented by a healthy dose of humour. His diverse compositions are heavily influenced by his Anatolian roots, which are reflected in his instrument of choice, the electric saz, in most of his pieces. A further ingenious characteristic of him is using the electric guitar as a rock instrument while at the same time applying the Anatolian harmony system (scale). #nl# &quot;Elektro Hafiz&quot;, his first solo album, showcases a more open and progressive format to his main base influence - the anatolian psychedelic music. On this album he played a lot of different instruments by himself and also invited artists from different countries such as Kenya, France, Turkey, Switzerland, Austria and Germany to contribute for this production. #nl# There are nine songs on this album. Except for one cover song, all lyrics and the music are written by Elektro Hafiz. #nl# All songs will be additionally released as dub \/ remix versions done by different producers and DJs on a separate album, which is released at the same time, separately. #nl# Tracklist: #nl# Hayat bu malum \/ G\u00fcnahkar helvasi \/ Belki son kez \/ Ne diyeyim \/ Dubb-i akbar \/ John Dere \/ Deutsche freunde \/ Destur III \/ Nossa bowa gitara\" \/>\n<meta name=\"robots\" content=\"index, follow, max-snippet:-1, max-image-preview:large, max-video-preview:-1\" \/>\n<link rel=\"canonical\" href=\"https:\/\/wpguerssen-test.odoo.rgbconsulting.com\/es\/producto\/elektro-hafiz-cd\/\" \/>\n<meta property=\"og:locale\" content=\"es_ES\" \/>\n<meta property=\"og:type\" content=\"article\" \/>\n<meta property=\"og:title\" content=\"ELEKTRO HAFIZ - Elektro Hafiz (CD) -  (CD) | Guerssen\" \/>\n<meta property=\"og:description\" content=\"Elektro Hafiz is a musician, born and raised in Istanbul, who has recently moved to Cologne, Germany. Already well known in Turkey, he can look back on 20 years as a professional musician. With his former band &#039;Fairuz Derin Bulut&#039; he created and released three albums, which represent a milestone in the Anatolian psychedelic rock music of the 2nd generation in Turkey. #nl# Elektro Hafiz has shown and proven openness to various and sometimes contradicting music styles by mixing eastern instruments like the electric saz, darbuka and finger cymbals with different genres. He loves to play with contrasts and create new compositions from there. #nl# This open and experimental approach is still his trademark, as well as his charming provocative style that is complemented by a healthy dose of humour. His diverse compositions are heavily influenced by his Anatolian roots, which are reflected in his instrument of choice, the electric saz, in most of his pieces. A further ingenious characteristic of him is using the electric guitar as a rock instrument while at the same time applying the Anatolian harmony system (scale). #nl# &quot;Elektro Hafiz&quot;, his first solo album, showcases a more open and progressive format to his main base influence - the anatolian psychedelic music. On this album he played a lot of different instruments by himself and also invited artists from different countries such as Kenya, France, Turkey, Switzerland, Austria and Germany to contribute for this production. #nl# There are nine songs on this album. Except for one cover song, all lyrics and the music are written by Elektro Hafiz. #nl# All songs will be additionally released as dub \/ remix versions done by different producers and DJs on a separate album, which is released at the same time, separately. #nl# Tracklist: #nl# Hayat bu malum \/ G\u00fcnahkar helvasi \/ Belki son kez \/ Ne diyeyim \/ Dubb-i akbar \/ John Dere \/ Deutsche freunde \/ Destur III \/ Nossa bowa gitara\" \/>\n<meta property=\"og:url\" content=\"https:\/\/wpguerssen-test.odoo.rgbconsulting.com\/es\/producto\/elektro-hafiz-cd\/\" \/>\n<meta property=\"og:site_name\" content=\"Guerssen records\" \/>\n<meta property=\"article:modified_time\" content=\"2024-11-25T13:47:07+00:00\" \/>\n<meta property=\"og:image\" content=\"https:\/\/wpguerssen-test.odoo.rgbconsulting.com\/wp-content\/uploads\/2022\/03\/25090-1024x1024.jpg\" \/>\n\t<meta property=\"og:image:width\" content=\"1024\" \/>\n\t<meta property=\"og:image:height\" content=\"1024\" \/>\n\t<meta property=\"og:image:type\" content=\"image\/jpeg\" \/>\n<meta name=\"twitter:card\" content=\"summary_large_image\" \/>\n<meta name=\"twitter:title\" content=\"ELEKTRO HAFIZ - Elektro Hafiz (CD) -  (CD) | Guerssen\" \/>\n<meta name=\"twitter:label1\" content=\"Tiempo de lectura\" \/>\n\t<meta name=\"twitter:data1\" content=\"1 minuto\" \/>\n<script type=\"application\/ld+json\" class=\"yoast-schema-graph\">{\"@context\":\"https:\/\/schema.org\",\"@graph\":[{\"@type\":\"WebPage\",\"@id\":\"https:\/\/wpguerssen-test.odoo.rgbconsulting.com\/es\/producto\/elektro-hafiz-cd\/\",\"url\":\"https:\/\/wpguerssen-test.odoo.rgbconsulting.com\/es\/producto\/elektro-hafiz-cd\/\",\"name\":\"ELEKTRO HAFIZ - Elektro Hafiz (CD) - (CD) | Guerssen\",\"isPartOf\":{\"@id\":\"https:\/\/wpguerssen-test.odoo.rgbconsulting.com\/es\/#website\"},\"primaryImageOfPage\":{\"@id\":\"https:\/\/wpguerssen-test.odoo.rgbconsulting.com\/es\/producto\/elektro-hafiz-cd\/#primaryimage\"},\"image\":{\"@id\":\"https:\/\/wpguerssen-test.odoo.rgbconsulting.com\/es\/producto\/elektro-hafiz-cd\/#primaryimage\"},\"thumbnailUrl\":\"https:\/\/wpguerssen-test.odoo.rgbconsulting.com\/wp-content\/uploads\/2022\/03\/25090.jpg\",\"datePublished\":\"2016-04-28T22:00:00+00:00\",\"dateModified\":\"2024-11-25T13:47:07+00:00\",\"description\":\"Elektro Hafiz is a musician, born and raised in Istanbul, who has recently moved to Cologne, Germany. Already well known in Turkey, he can look back on 20 years as a professional musician. With his former band 'Fairuz Derin Bulut' he created and released three albums, which represent a milestone in the Anatolian psychedelic rock music of the 2nd generation in Turkey. #nl# Elektro Hafiz has shown and proven openness to various and sometimes contradicting music styles by mixing eastern instruments like the electric saz, darbuka and finger cymbals with different genres. He loves to play with contrasts and create new compositions from there. #nl# This open and experimental approach is still his trademark, as well as his charming provocative style that is complemented by a healthy dose of humour. His diverse compositions are heavily influenced by his Anatolian roots, which are reflected in his instrument of choice, the electric saz, in most of his pieces. A further ingenious characteristic of him is using the electric guitar as a rock instrument while at the same time applying the Anatolian harmony system (scale). #nl# \\\"Elektro Hafiz\\\", his first solo album, showcases a more open and progressive format to his main base influence - the anatolian psychedelic music. On this album he played a lot of different instruments by himself and also invited artists from different countries such as Kenya, France, Turkey, Switzerland, Austria and Germany to contribute for this production. #nl# There are nine songs on this album. Except for one cover song, all lyrics and the music are written by Elektro Hafiz. #nl# All songs will be additionally released as dub \/ remix versions done by different producers and DJs on a separate album, which is released at the same time, separately. #nl# Tracklist: #nl# Hayat bu malum \/ G\u00fcnahkar helvasi \/ Belki son kez \/ Ne diyeyim \/ Dubb-i akbar \/ John Dere \/ Deutsche freunde \/ Destur III \/ Nossa bowa gitara\",\"breadcrumb\":{\"@id\":\"https:\/\/wpguerssen-test.odoo.rgbconsulting.com\/es\/producto\/elektro-hafiz-cd\/#breadcrumb\"},\"inLanguage\":\"es\",\"potentialAction\":[{\"@type\":\"ReadAction\",\"target\":[\"https:\/\/wpguerssen-test.odoo.rgbconsulting.com\/es\/producto\/elektro-hafiz-cd\/\"]}]},{\"@type\":\"ImageObject\",\"inLanguage\":\"es\",\"@id\":\"https:\/\/wpguerssen-test.odoo.rgbconsulting.com\/es\/producto\/elektro-hafiz-cd\/#primaryimage\",\"url\":\"https:\/\/wpguerssen-test.odoo.rgbconsulting.com\/wp-content\/uploads\/2022\/03\/25090.jpg\",\"contentUrl\":\"https:\/\/wpguerssen-test.odoo.rgbconsulting.com\/wp-content\/uploads\/2022\/03\/25090.jpg\",\"width\":1400,\"height\":1400,\"caption\":\"ELEKTRO HAFIZ - Elektro Hafiz (CD) - PHARAWAY SOUNDS (CD) | Guerssen\"},{\"@type\":\"BreadcrumbList\",\"@id\":\"https:\/\/wpguerssen-test.odoo.rgbconsulting.com\/es\/producto\/elektro-hafiz-cd\/#breadcrumb\",\"itemListElement\":[{\"@type\":\"ListItem\",\"position\":1,\"name\":\"Inicio\",\"item\":\"https:\/\/wpguerssen-test.odoo.rgbconsulting.com\/es\/\"},{\"@type\":\"ListItem\",\"position\":2,\"name\":\"Shop\",\"item\":\"https:\/\/wpguerssen-test.odoo.rgbconsulting.com\/shop\/\"},{\"@type\":\"ListItem\",\"position\":3,\"name\":\"Elektro Hafiz (CD)\"}]},{\"@type\":\"WebSite\",\"@id\":\"https:\/\/wpguerssen-test.odoo.rgbconsulting.com\/es\/#website\",\"url\":\"https:\/\/wpguerssen-test.odoo.rgbconsulting.com\/es\/\",\"name\":\"Guerssen records\",\"description\":\"psychedelia - progressive - folk - garage \",\"publisher\":{\"@id\":\"https:\/\/wpguerssen-test.odoo.rgbconsulting.com\/es\/#organization\"},\"potentialAction\":[{\"@type\":\"SearchAction\",\"target\":{\"@type\":\"EntryPoint\",\"urlTemplate\":\"https:\/\/wpguerssen-test.odoo.rgbconsulting.com\/es\/?s={search_term_string}\"},\"query-input\":{\"@type\":\"PropertyValueSpecification\",\"valueRequired\":true,\"valueName\":\"search_term_string\"}}],\"inLanguage\":\"es\"},{\"@type\":\"Organization\",\"@id\":\"https:\/\/wpguerssen-test.odoo.rgbconsulting.com\/es\/#organization\",\"name\":\"Guerssen records\",\"url\":\"https:\/\/wpguerssen-test.odoo.rgbconsulting.com\/es\/\",\"logo\":{\"@type\":\"ImageObject\",\"inLanguage\":\"es\",\"@id\":\"https:\/\/wpguerssen-test.odoo.rgbconsulting.com\/es\/#\/schema\/logo\/image\/\",\"url\":\"https:\/\/wpguerssen-test.odoo.rgbconsulting.com\/wp-content\/uploads\/2022\/04\/Logo_Guerssen_trans_100.png\",\"contentUrl\":\"https:\/\/wpguerssen-test.odoo.rgbconsulting.com\/wp-content\/uploads\/2022\/04\/Logo_Guerssen_trans_100.png\",\"width\":122,\"height\":100,\"caption\":\"Guerssen records\"},\"image\":{\"@id\":\"https:\/\/wpguerssen-test.odoo.rgbconsulting.com\/es\/#\/schema\/logo\/image\/\"}}]}<\/script>\n<!-- \/ Yoast SEO plugin. -->","yoast_head_json":{"title":"ELEKTRO HAFIZ - Elektro Hafiz (CD) -  (CD) | Guerssen","description":"Elektro Hafiz is a musician, born and raised in Istanbul, who has recently moved to Cologne, Germany. Already well known in Turkey, he can look back on 20 years as a professional musician. With his former band 'Fairuz Derin Bulut' he created and released three albums, which represent a milestone in the Anatolian psychedelic rock music of the 2nd generation in Turkey. #nl# Elektro Hafiz has shown and proven openness to various and sometimes contradicting music styles by mixing eastern instruments like the electric saz, darbuka and finger cymbals with different genres. He loves to play with contrasts and create new compositions from there. #nl# This open and experimental approach is still his trademark, as well as his charming provocative style that is complemented by a healthy dose of humour. His diverse compositions are heavily influenced by his Anatolian roots, which are reflected in his instrument of choice, the electric saz, in most of his pieces. A further ingenious characteristic of him is using the electric guitar as a rock instrument while at the same time applying the Anatolian harmony system (scale). #nl# \"Elektro Hafiz\", his first solo album, showcases a more open and progressive format to his main base influence - the anatolian psychedelic music. On this album he played a lot of different instruments by himself and also invited artists from different countries such as Kenya, France, Turkey, Switzerland, Austria and Germany to contribute for this production. #nl# There are nine songs on this album. Except for one cover song, all lyrics and the music are written by Elektro Hafiz. #nl# All songs will be additionally released as dub \/ remix versions done by different producers and DJs on a separate album, which is released at the same time, separately. #nl# Tracklist: #nl# Hayat bu malum \/ G\u00fcnahkar helvasi \/ Belki son kez \/ Ne diyeyim \/ Dubb-i akbar \/ John Dere \/ Deutsche freunde \/ Destur III \/ Nossa bowa gitara","robots":{"index":"index","follow":"follow","max-snippet":"max-snippet:-1","max-image-preview":"max-image-preview:large","max-video-preview":"max-video-preview:-1"},"canonical":"https:\/\/wpguerssen-test.odoo.rgbconsulting.com\/es\/producto\/elektro-hafiz-cd\/","og_locale":"es_ES","og_type":"article","og_title":"ELEKTRO HAFIZ - Elektro Hafiz (CD) -  (CD) | Guerssen","og_description":"Elektro Hafiz is a musician, born and raised in Istanbul, who has recently moved to Cologne, Germany. Already well known in Turkey, he can look back on 20 years as a professional musician. With his former band 'Fairuz Derin Bulut' he created and released three albums, which represent a milestone in the Anatolian psychedelic rock music of the 2nd generation in Turkey. #nl# Elektro Hafiz has shown and proven openness to various and sometimes contradicting music styles by mixing eastern instruments like the electric saz, darbuka and finger cymbals with different genres. He loves to play with contrasts and create new compositions from there. #nl# This open and experimental approach is still his trademark, as well as his charming provocative style that is complemented by a healthy dose of humour. His diverse compositions are heavily influenced by his Anatolian roots, which are reflected in his instrument of choice, the electric saz, in most of his pieces. A further ingenious characteristic of him is using the electric guitar as a rock instrument while at the same time applying the Anatolian harmony system (scale). #nl# \"Elektro Hafiz\", his first solo album, showcases a more open and progressive format to his main base influence - the anatolian psychedelic music. On this album he played a lot of different instruments by himself and also invited artists from different countries such as Kenya, France, Turkey, Switzerland, Austria and Germany to contribute for this production. #nl# There are nine songs on this album. Except for one cover song, all lyrics and the music are written by Elektro Hafiz. #nl# All songs will be additionally released as dub \/ remix versions done by different producers and DJs on a separate album, which is released at the same time, separately. #nl# Tracklist: #nl# Hayat bu malum \/ G\u00fcnahkar helvasi \/ Belki son kez \/ Ne diyeyim \/ Dubb-i akbar \/ John Dere \/ Deutsche freunde \/ Destur III \/ Nossa bowa gitara","og_url":"https:\/\/wpguerssen-test.odoo.rgbconsulting.com\/es\/producto\/elektro-hafiz-cd\/","og_site_name":"Guerssen records","article_modified_time":"2024-11-25T13:47:07+00:00","og_image":[{"width":1024,"height":1024,"url":"https:\/\/wpguerssen-test.odoo.rgbconsulting.com\/wp-content\/uploads\/2022\/03\/25090-1024x1024.jpg","type":"image\/jpeg"}],"twitter_card":"summary_large_image","twitter_title":"ELEKTRO HAFIZ - Elektro Hafiz (CD) -  (CD) | Guerssen","twitter_misc":{"Tiempo de lectura":"1 minuto"},"schema":{"@context":"https:\/\/schema.org","@graph":[{"@type":"WebPage","@id":"https:\/\/wpguerssen-test.odoo.rgbconsulting.com\/es\/producto\/elektro-hafiz-cd\/","url":"https:\/\/wpguerssen-test.odoo.rgbconsulting.com\/es\/producto\/elektro-hafiz-cd\/","name":"ELEKTRO HAFIZ - Elektro Hafiz (CD) - (CD) | Guerssen","isPartOf":{"@id":"https:\/\/wpguerssen-test.odoo.rgbconsulting.com\/es\/#website"},"primaryImageOfPage":{"@id":"https:\/\/wpguerssen-test.odoo.rgbconsulting.com\/es\/producto\/elektro-hafiz-cd\/#primaryimage"},"image":{"@id":"https:\/\/wpguerssen-test.odoo.rgbconsulting.com\/es\/producto\/elektro-hafiz-cd\/#primaryimage"},"thumbnailUrl":"https:\/\/wpguerssen-test.odoo.rgbconsulting.com\/wp-content\/uploads\/2022\/03\/25090.jpg","datePublished":"2016-04-28T22:00:00+00:00","dateModified":"2024-11-25T13:47:07+00:00","description":"Elektro Hafiz is a musician, born and raised in Istanbul, who has recently moved to Cologne, Germany. Already well known in Turkey, he can look back on 20 years as a professional musician. With his former band 'Fairuz Derin Bulut' he created and released three albums, which represent a milestone in the Anatolian psychedelic rock music of the 2nd generation in Turkey. #nl# Elektro Hafiz has shown and proven openness to various and sometimes contradicting music styles by mixing eastern instruments like the electric saz, darbuka and finger cymbals with different genres. He loves to play with contrasts and create new compositions from there. #nl# This open and experimental approach is still his trademark, as well as his charming provocative style that is complemented by a healthy dose of humour. His diverse compositions are heavily influenced by his Anatolian roots, which are reflected in his instrument of choice, the electric saz, in most of his pieces. A further ingenious characteristic of him is using the electric guitar as a rock instrument while at the same time applying the Anatolian harmony system (scale). #nl# \"Elektro Hafiz\", his first solo album, showcases a more open and progressive format to his main base influence - the anatolian psychedelic music. On this album he played a lot of different instruments by himself and also invited artists from different countries such as Kenya, France, Turkey, Switzerland, Austria and Germany to contribute for this production. #nl# There are nine songs on this album. Except for one cover song, all lyrics and the music are written by Elektro Hafiz. #nl# All songs will be additionally released as dub \/ remix versions done by different producers and DJs on a separate album, which is released at the same time, separately. #nl# Tracklist: #nl# Hayat bu malum \/ G\u00fcnahkar helvasi \/ Belki son kez \/ Ne diyeyim \/ Dubb-i akbar \/ John Dere \/ Deutsche freunde \/ Destur III \/ Nossa bowa gitara","breadcrumb":{"@id":"https:\/\/wpguerssen-test.odoo.rgbconsulting.com\/es\/producto\/elektro-hafiz-cd\/#breadcrumb"},"inLanguage":"es","potentialAction":[{"@type":"ReadAction","target":["https:\/\/wpguerssen-test.odoo.rgbconsulting.com\/es\/producto\/elektro-hafiz-cd\/"]}]},{"@type":"ImageObject","inLanguage":"es","@id":"https:\/\/wpguerssen-test.odoo.rgbconsulting.com\/es\/producto\/elektro-hafiz-cd\/#primaryimage","url":"https:\/\/wpguerssen-test.odoo.rgbconsulting.com\/wp-content\/uploads\/2022\/03\/25090.jpg","contentUrl":"https:\/\/wpguerssen-test.odoo.rgbconsulting.com\/wp-content\/uploads\/2022\/03\/25090.jpg","width":1400,"height":1400,"caption":"ELEKTRO HAFIZ - Elektro Hafiz (CD) - PHARAWAY SOUNDS (CD) | Guerssen"},{"@type":"BreadcrumbList","@id":"https:\/\/wpguerssen-test.odoo.rgbconsulting.com\/es\/producto\/elektro-hafiz-cd\/#breadcrumb","itemListElement":[{"@type":"ListItem","position":1,"name":"Inicio","item":"https:\/\/wpguerssen-test.odoo.rgbconsulting.com\/es\/"},{"@type":"ListItem","position":2,"name":"Shop","item":"https:\/\/wpguerssen-test.odoo.rgbconsulting.com\/shop\/"},{"@type":"ListItem","position":3,"name":"Elektro Hafiz (CD)"}]},{"@type":"WebSite","@id":"https:\/\/wpguerssen-test.odoo.rgbconsulting.com\/es\/#website","url":"https:\/\/wpguerssen-test.odoo.rgbconsulting.com\/es\/","name":"Guerssen records","description":"psychedelia - progressive - folk - garage ","publisher":{"@id":"https:\/\/wpguerssen-test.odoo.rgbconsulting.com\/es\/#organization"},"potentialAction":[{"@type":"SearchAction","target":{"@type":"EntryPoint","urlTemplate":"https:\/\/wpguerssen-test.odoo.rgbconsulting.com\/es\/?s={search_term_string}"},"query-input":{"@type":"PropertyValueSpecification","valueRequired":true,"valueName":"search_term_string"}}],"inLanguage":"es"},{"@type":"Organization","@id":"https:\/\/wpguerssen-test.odoo.rgbconsulting.com\/es\/#organization","name":"Guerssen records","url":"https:\/\/wpguerssen-test.odoo.rgbconsulting.com\/es\/","logo":{"@type":"ImageObject","inLanguage":"es","@id":"https:\/\/wpguerssen-test.odoo.rgbconsulting.com\/es\/#\/schema\/logo\/image\/","url":"https:\/\/wpguerssen-test.odoo.rgbconsulting.com\/wp-content\/uploads\/2022\/04\/Logo_Guerssen_trans_100.png","contentUrl":"https:\/\/wpguerssen-test.odoo.rgbconsulting.com\/wp-content\/uploads\/2022\/04\/Logo_Guerssen_trans_100.png","width":122,"height":100,"caption":"Guerssen records"},"image":{"@id":"https:\/\/wpguerssen-test.odoo.rgbconsulting.com\/es\/#\/schema\/logo\/image\/"}}]}},"_links":{"self":[{"href":"https:\/\/wpguerssen-test.odoo.rgbconsulting.com\/es\/wp-json\/wp\/v2\/product\/185850","targetHints":{"allow":["GET"]}}],"collection":[{"href":"https:\/\/wpguerssen-test.odoo.rgbconsulting.com\/es\/wp-json\/wp\/v2\/product"}],"about":[{"href":"https:\/\/wpguerssen-test.odoo.rgbconsulting.com\/es\/wp-json\/wp\/v2\/types\/product"}],"wp:featuredmedia":[{"embeddable":true,"href":"https:\/\/wpguerssen-test.odoo.rgbconsulting.com\/es\/wp-json\/wp\/v2\/media\/118494"}],"wp:attachment":[{"href":"https:\/\/wpguerssen-test.odoo.rgbconsulting.com\/es\/wp-json\/wp\/v2\/media?parent=185850"}],"wp:term":[{"taxonomy":"product_brand","embeddable":true,"href":"https:\/\/wpguerssen-test.odoo.rgbconsulting.com\/es\/wp-json\/wp\/v2\/product_brand?post=185850"},{"taxonomy":"product_cat","embeddable":true,"href":"https:\/\/wpguerssen-test.odoo.rgbconsulting.com\/es\/wp-json\/wp\/v2\/product_cat?post=185850"},{"taxonomy":"product_tag","embeddable":true,"href":"https:\/\/wpguerssen-test.odoo.rgbconsulting.com\/es\/wp-json\/wp\/v2\/product_tag?post=185850"}],"curies":[{"name":"wp","href":"https:\/\/api.w.org\/{rel}","templated":true}]}}