{"id":185856,"date":"2016-05-19T00:00:00","date_gmt":"2016-05-18T22:00:00","guid":{"rendered":"http:\/\/guerssen.hl1097.dinaserver.com\/product\/nosferatu-cd\/"},"modified":"2024-11-20T10:12:06","modified_gmt":"2024-11-20T09:12:06","slug":"nosferatu-cd","status":"publish","type":"product","link":"https:\/\/wpguerssen-test.odoo.rgbconsulting.com\/es\/producto\/nosferatu-cd\/","title":{"rendered":"Nosferatu (CD)"},"content":{"rendered":"<p>Uno de los pesos pesados del krautrock, editado en 1970. Duro sonido progresivo y hard con s\u00faper guitarra, \u00f3rgano, flauta&#8230;Sonido de m\u00e1sters.<\/p>\n","protected":false},"excerpt":{"rendered":"<p>Uno de los pesos pesados del krautrock, editado en 1970. Duro sonido progresivo y hard con s\u00faper guitarra, \u00f3rgano, flauta&#8230;Sonido de m\u00e1sters.<\/p>\n","protected":false},"featured_media":118508,"template":"","meta":{"_acf_changed":false},"product_brand":[],"product_cat":[23215,23230],"product_tag":[],"class_list":{"0":"post-185856","1":"product","2":"type-product","3":"status-publish","4":"has-post-thumbnail","6":"product_cat-progressive60s-70s-es","7":"product_cat-krautrock-es-2","8":"pa_artist-nosferatu-es-2","9":"pa_format-cd-2-es","10":"pa_gender-krautrock-progressive60s-70s","11":"pa_label-long-hair-es","12":"pa_location-europe-es","14":"first","15":"instock","16":"taxable","17":"shipping-taxable","18":"purchasable","19":"product-type-simple"},"acf":[],"yoast_head":"<!-- This site is optimized with the Yoast SEO plugin v24.9 - https:\/\/yoast.com\/wordpress\/plugins\/seo\/ -->\n<title>NOSFERATU - Nosferatu (CD) -  (CD) | Guerssen<\/title>\n<meta name=\"description\" content=\"Originally released in 1970 Nosferatus sole album is a true highlight of the early Krautrock-era. The six musicians (a. o. Christan Felke, sax &amp; flute, later with Epsilon and organ-player Reinhard Grohe, later with Papa Zoot Band) played a raw, rough and heavy progressive style. Some regard it as one of the best heavy progressive records to be made in Germany. With great guitar and organ playing and highly talented flute and sax playing, the album is an outstanding release of the first wave of the German progressive rock. Sadly Nosferatu never recorded a second album. This reissue is not only an exact reproduction of the original album, but also contains a fully detailed insert with band story by singer Mick Thierfelder and a lot of still unseen photos. The recordings are remastered from the original master tape. Dont miss this limited edition.\" \/>\n<meta name=\"robots\" content=\"index, follow, max-snippet:-1, max-image-preview:large, max-video-preview:-1\" \/>\n<link rel=\"canonical\" href=\"https:\/\/wpguerssen-test.odoo.rgbconsulting.com\/es\/producto\/nosferatu-cd\/\" \/>\n<meta property=\"og:locale\" content=\"es_ES\" \/>\n<meta property=\"og:type\" content=\"article\" \/>\n<meta property=\"og:title\" content=\"NOSFERATU - Nosferatu (CD) -  (CD) | Guerssen\" \/>\n<meta property=\"og:description\" content=\"Originally released in 1970 Nosferatus sole album is a true highlight of the early Krautrock-era. The six musicians (a. o. Christan Felke, sax &amp; flute, later with Epsilon and organ-player Reinhard Grohe, later with Papa Zoot Band) played a raw, rough and heavy progressive style. Some regard it as one of the best heavy progressive records to be made in Germany. With great guitar and organ playing and highly talented flute and sax playing, the album is an outstanding release of the first wave of the German progressive rock. Sadly Nosferatu never recorded a second album. This reissue is not only an exact reproduction of the original album, but also contains a fully detailed insert with band story by singer Mick Thierfelder and a lot of still unseen photos. The recordings are remastered from the original master tape. Dont miss this limited edition.\" \/>\n<meta property=\"og:url\" content=\"https:\/\/wpguerssen-test.odoo.rgbconsulting.com\/es\/producto\/nosferatu-cd\/\" \/>\n<meta property=\"og:site_name\" content=\"Guerssen records\" \/>\n<meta property=\"article:modified_time\" content=\"2024-11-20T09:12:06+00:00\" \/>\n<meta property=\"og:image\" content=\"https:\/\/wpguerssen-test.odoo.rgbconsulting.com\/wp-content\/uploads\/2022\/03\/25103.jpg\" \/>\n\t<meta property=\"og:image:width\" content=\"180\" \/>\n\t<meta property=\"og:image:height\" content=\"180\" \/>\n\t<meta property=\"og:image:type\" content=\"image\/jpeg\" \/>\n<meta name=\"twitter:card\" content=\"summary_large_image\" \/>\n<meta name=\"twitter:title\" content=\"NOSFERATU - Nosferatu (CD) -  (CD) | Guerssen\" \/>\n<script type=\"application\/ld+json\" class=\"yoast-schema-graph\">{\"@context\":\"https:\/\/schema.org\",\"@graph\":[{\"@type\":\"WebPage\",\"@id\":\"https:\/\/wpguerssen-test.odoo.rgbconsulting.com\/es\/producto\/nosferatu-cd\/\",\"url\":\"https:\/\/wpguerssen-test.odoo.rgbconsulting.com\/es\/producto\/nosferatu-cd\/\",\"name\":\"NOSFERATU - Nosferatu (CD) - (CD) | Guerssen\",\"isPartOf\":{\"@id\":\"https:\/\/wpguerssen-test.odoo.rgbconsulting.com\/es\/#website\"},\"primaryImageOfPage\":{\"@id\":\"https:\/\/wpguerssen-test.odoo.rgbconsulting.com\/es\/producto\/nosferatu-cd\/#primaryimage\"},\"image\":{\"@id\":\"https:\/\/wpguerssen-test.odoo.rgbconsulting.com\/es\/producto\/nosferatu-cd\/#primaryimage\"},\"thumbnailUrl\":\"https:\/\/wpguerssen-test.odoo.rgbconsulting.com\/wp-content\/uploads\/2022\/03\/25103.jpg\",\"datePublished\":\"2016-05-18T22:00:00+00:00\",\"dateModified\":\"2024-11-20T09:12:06+00:00\",\"description\":\"Originally released in 1970 Nosferatus sole album is a true highlight of the early Krautrock-era. The six musicians (a. o. Christan Felke, sax & flute, later with Epsilon and organ-player Reinhard Grohe, later with Papa Zoot Band) played a raw, rough and heavy progressive style. Some regard it as one of the best heavy progressive records to be made in Germany. With great guitar and organ playing and highly talented flute and sax playing, the album is an outstanding release of the first wave of the German progressive rock. Sadly Nosferatu never recorded a second album. This reissue is not only an exact reproduction of the original album, but also contains a fully detailed insert with band story by singer Mick Thierfelder and a lot of still unseen photos. The recordings are remastered from the original master tape. Dont miss this limited edition.\",\"breadcrumb\":{\"@id\":\"https:\/\/wpguerssen-test.odoo.rgbconsulting.com\/es\/producto\/nosferatu-cd\/#breadcrumb\"},\"inLanguage\":\"es\",\"potentialAction\":[{\"@type\":\"ReadAction\",\"target\":[\"https:\/\/wpguerssen-test.odoo.rgbconsulting.com\/es\/producto\/nosferatu-cd\/\"]}]},{\"@type\":\"ImageObject\",\"inLanguage\":\"es\",\"@id\":\"https:\/\/wpguerssen-test.odoo.rgbconsulting.com\/es\/producto\/nosferatu-cd\/#primaryimage\",\"url\":\"https:\/\/wpguerssen-test.odoo.rgbconsulting.com\/wp-content\/uploads\/2022\/03\/25103.jpg\",\"contentUrl\":\"https:\/\/wpguerssen-test.odoo.rgbconsulting.com\/wp-content\/uploads\/2022\/03\/25103.jpg\",\"width\":180,\"height\":180,\"caption\":\"NOSFERATU - Nosferatu (CD) - LONG HAIR (CD) | Guerssen\"},{\"@type\":\"BreadcrumbList\",\"@id\":\"https:\/\/wpguerssen-test.odoo.rgbconsulting.com\/es\/producto\/nosferatu-cd\/#breadcrumb\",\"itemListElement\":[{\"@type\":\"ListItem\",\"position\":1,\"name\":\"Inicio\",\"item\":\"https:\/\/wpguerssen-test.odoo.rgbconsulting.com\/es\/\"},{\"@type\":\"ListItem\",\"position\":2,\"name\":\"Shop\",\"item\":\"https:\/\/wpguerssen-test.odoo.rgbconsulting.com\/shop\/\"},{\"@type\":\"ListItem\",\"position\":3,\"name\":\"Nosferatu (CD)\"}]},{\"@type\":\"WebSite\",\"@id\":\"https:\/\/wpguerssen-test.odoo.rgbconsulting.com\/es\/#website\",\"url\":\"https:\/\/wpguerssen-test.odoo.rgbconsulting.com\/es\/\",\"name\":\"Guerssen records\",\"description\":\"psychedelia - progressive - folk - garage \",\"publisher\":{\"@id\":\"https:\/\/wpguerssen-test.odoo.rgbconsulting.com\/es\/#organization\"},\"potentialAction\":[{\"@type\":\"SearchAction\",\"target\":{\"@type\":\"EntryPoint\",\"urlTemplate\":\"https:\/\/wpguerssen-test.odoo.rgbconsulting.com\/es\/?s={search_term_string}\"},\"query-input\":{\"@type\":\"PropertyValueSpecification\",\"valueRequired\":true,\"valueName\":\"search_term_string\"}}],\"inLanguage\":\"es\"},{\"@type\":\"Organization\",\"@id\":\"https:\/\/wpguerssen-test.odoo.rgbconsulting.com\/es\/#organization\",\"name\":\"Guerssen records\",\"url\":\"https:\/\/wpguerssen-test.odoo.rgbconsulting.com\/es\/\",\"logo\":{\"@type\":\"ImageObject\",\"inLanguage\":\"es\",\"@id\":\"https:\/\/wpguerssen-test.odoo.rgbconsulting.com\/es\/#\/schema\/logo\/image\/\",\"url\":\"https:\/\/wpguerssen-test.odoo.rgbconsulting.com\/wp-content\/uploads\/2022\/04\/Logo_Guerssen_trans_100.png\",\"contentUrl\":\"https:\/\/wpguerssen-test.odoo.rgbconsulting.com\/wp-content\/uploads\/2022\/04\/Logo_Guerssen_trans_100.png\",\"width\":122,\"height\":100,\"caption\":\"Guerssen records\"},\"image\":{\"@id\":\"https:\/\/wpguerssen-test.odoo.rgbconsulting.com\/es\/#\/schema\/logo\/image\/\"}}]}<\/script>\n<!-- \/ Yoast SEO plugin. -->","yoast_head_json":{"title":"NOSFERATU - Nosferatu (CD) -  (CD) | Guerssen","description":"Originally released in 1970 Nosferatus sole album is a true highlight of the early Krautrock-era. The six musicians (a. o. Christan Felke, sax & flute, later with Epsilon and organ-player Reinhard Grohe, later with Papa Zoot Band) played a raw, rough and heavy progressive style. Some regard it as one of the best heavy progressive records to be made in Germany. With great guitar and organ playing and highly talented flute and sax playing, the album is an outstanding release of the first wave of the German progressive rock. Sadly Nosferatu never recorded a second album. This reissue is not only an exact reproduction of the original album, but also contains a fully detailed insert with band story by singer Mick Thierfelder and a lot of still unseen photos. The recordings are remastered from the original master tape. Dont miss this limited edition.","robots":{"index":"index","follow":"follow","max-snippet":"max-snippet:-1","max-image-preview":"max-image-preview:large","max-video-preview":"max-video-preview:-1"},"canonical":"https:\/\/wpguerssen-test.odoo.rgbconsulting.com\/es\/producto\/nosferatu-cd\/","og_locale":"es_ES","og_type":"article","og_title":"NOSFERATU - Nosferatu (CD) -  (CD) | Guerssen","og_description":"Originally released in 1970 Nosferatus sole album is a true highlight of the early Krautrock-era. The six musicians (a. o. Christan Felke, sax & flute, later with Epsilon and organ-player Reinhard Grohe, later with Papa Zoot Band) played a raw, rough and heavy progressive style. Some regard it as one of the best heavy progressive records to be made in Germany. With great guitar and organ playing and highly talented flute and sax playing, the album is an outstanding release of the first wave of the German progressive rock. Sadly Nosferatu never recorded a second album. This reissue is not only an exact reproduction of the original album, but also contains a fully detailed insert with band story by singer Mick Thierfelder and a lot of still unseen photos. The recordings are remastered from the original master tape. Dont miss this limited edition.","og_url":"https:\/\/wpguerssen-test.odoo.rgbconsulting.com\/es\/producto\/nosferatu-cd\/","og_site_name":"Guerssen records","article_modified_time":"2024-11-20T09:12:06+00:00","og_image":[{"width":180,"height":180,"url":"https:\/\/wpguerssen-test.odoo.rgbconsulting.com\/wp-content\/uploads\/2022\/03\/25103.jpg","type":"image\/jpeg"}],"twitter_card":"summary_large_image","twitter_title":"NOSFERATU - Nosferatu (CD) -  (CD) | Guerssen","schema":{"@context":"https:\/\/schema.org","@graph":[{"@type":"WebPage","@id":"https:\/\/wpguerssen-test.odoo.rgbconsulting.com\/es\/producto\/nosferatu-cd\/","url":"https:\/\/wpguerssen-test.odoo.rgbconsulting.com\/es\/producto\/nosferatu-cd\/","name":"NOSFERATU - Nosferatu (CD) - (CD) | Guerssen","isPartOf":{"@id":"https:\/\/wpguerssen-test.odoo.rgbconsulting.com\/es\/#website"},"primaryImageOfPage":{"@id":"https:\/\/wpguerssen-test.odoo.rgbconsulting.com\/es\/producto\/nosferatu-cd\/#primaryimage"},"image":{"@id":"https:\/\/wpguerssen-test.odoo.rgbconsulting.com\/es\/producto\/nosferatu-cd\/#primaryimage"},"thumbnailUrl":"https:\/\/wpguerssen-test.odoo.rgbconsulting.com\/wp-content\/uploads\/2022\/03\/25103.jpg","datePublished":"2016-05-18T22:00:00+00:00","dateModified":"2024-11-20T09:12:06+00:00","description":"Originally released in 1970 Nosferatus sole album is a true highlight of the early Krautrock-era. The six musicians (a. o. Christan Felke, sax & flute, later with Epsilon and organ-player Reinhard Grohe, later with Papa Zoot Band) played a raw, rough and heavy progressive style. Some regard it as one of the best heavy progressive records to be made in Germany. With great guitar and organ playing and highly talented flute and sax playing, the album is an outstanding release of the first wave of the German progressive rock. Sadly Nosferatu never recorded a second album. This reissue is not only an exact reproduction of the original album, but also contains a fully detailed insert with band story by singer Mick Thierfelder and a lot of still unseen photos. The recordings are remastered from the original master tape. Dont miss this limited edition.","breadcrumb":{"@id":"https:\/\/wpguerssen-test.odoo.rgbconsulting.com\/es\/producto\/nosferatu-cd\/#breadcrumb"},"inLanguage":"es","potentialAction":[{"@type":"ReadAction","target":["https:\/\/wpguerssen-test.odoo.rgbconsulting.com\/es\/producto\/nosferatu-cd\/"]}]},{"@type":"ImageObject","inLanguage":"es","@id":"https:\/\/wpguerssen-test.odoo.rgbconsulting.com\/es\/producto\/nosferatu-cd\/#primaryimage","url":"https:\/\/wpguerssen-test.odoo.rgbconsulting.com\/wp-content\/uploads\/2022\/03\/25103.jpg","contentUrl":"https:\/\/wpguerssen-test.odoo.rgbconsulting.com\/wp-content\/uploads\/2022\/03\/25103.jpg","width":180,"height":180,"caption":"NOSFERATU - Nosferatu (CD) - LONG HAIR (CD) | Guerssen"},{"@type":"BreadcrumbList","@id":"https:\/\/wpguerssen-test.odoo.rgbconsulting.com\/es\/producto\/nosferatu-cd\/#breadcrumb","itemListElement":[{"@type":"ListItem","position":1,"name":"Inicio","item":"https:\/\/wpguerssen-test.odoo.rgbconsulting.com\/es\/"},{"@type":"ListItem","position":2,"name":"Shop","item":"https:\/\/wpguerssen-test.odoo.rgbconsulting.com\/shop\/"},{"@type":"ListItem","position":3,"name":"Nosferatu (CD)"}]},{"@type":"WebSite","@id":"https:\/\/wpguerssen-test.odoo.rgbconsulting.com\/es\/#website","url":"https:\/\/wpguerssen-test.odoo.rgbconsulting.com\/es\/","name":"Guerssen records","description":"psychedelia - progressive - folk - garage ","publisher":{"@id":"https:\/\/wpguerssen-test.odoo.rgbconsulting.com\/es\/#organization"},"potentialAction":[{"@type":"SearchAction","target":{"@type":"EntryPoint","urlTemplate":"https:\/\/wpguerssen-test.odoo.rgbconsulting.com\/es\/?s={search_term_string}"},"query-input":{"@type":"PropertyValueSpecification","valueRequired":true,"valueName":"search_term_string"}}],"inLanguage":"es"},{"@type":"Organization","@id":"https:\/\/wpguerssen-test.odoo.rgbconsulting.com\/es\/#organization","name":"Guerssen records","url":"https:\/\/wpguerssen-test.odoo.rgbconsulting.com\/es\/","logo":{"@type":"ImageObject","inLanguage":"es","@id":"https:\/\/wpguerssen-test.odoo.rgbconsulting.com\/es\/#\/schema\/logo\/image\/","url":"https:\/\/wpguerssen-test.odoo.rgbconsulting.com\/wp-content\/uploads\/2022\/04\/Logo_Guerssen_trans_100.png","contentUrl":"https:\/\/wpguerssen-test.odoo.rgbconsulting.com\/wp-content\/uploads\/2022\/04\/Logo_Guerssen_trans_100.png","width":122,"height":100,"caption":"Guerssen records"},"image":{"@id":"https:\/\/wpguerssen-test.odoo.rgbconsulting.com\/es\/#\/schema\/logo\/image\/"}}]}},"_links":{"self":[{"href":"https:\/\/wpguerssen-test.odoo.rgbconsulting.com\/es\/wp-json\/wp\/v2\/product\/185856","targetHints":{"allow":["GET"]}}],"collection":[{"href":"https:\/\/wpguerssen-test.odoo.rgbconsulting.com\/es\/wp-json\/wp\/v2\/product"}],"about":[{"href":"https:\/\/wpguerssen-test.odoo.rgbconsulting.com\/es\/wp-json\/wp\/v2\/types\/product"}],"wp:featuredmedia":[{"embeddable":true,"href":"https:\/\/wpguerssen-test.odoo.rgbconsulting.com\/es\/wp-json\/wp\/v2\/media\/118508"}],"wp:attachment":[{"href":"https:\/\/wpguerssen-test.odoo.rgbconsulting.com\/es\/wp-json\/wp\/v2\/media?parent=185856"}],"wp:term":[{"taxonomy":"product_brand","embeddable":true,"href":"https:\/\/wpguerssen-test.odoo.rgbconsulting.com\/es\/wp-json\/wp\/v2\/product_brand?post=185856"},{"taxonomy":"product_cat","embeddable":true,"href":"https:\/\/wpguerssen-test.odoo.rgbconsulting.com\/es\/wp-json\/wp\/v2\/product_cat?post=185856"},{"taxonomy":"product_tag","embeddable":true,"href":"https:\/\/wpguerssen-test.odoo.rgbconsulting.com\/es\/wp-json\/wp\/v2\/product_tag?post=185856"}],"curies":[{"name":"wp","href":"https:\/\/api.w.org\/{rel}","templated":true}]}}