{"id":185870,"date":"2016-04-01T00:00:00","date_gmt":"2016-03-31T22:00:00","guid":{"rendered":"http:\/\/guerssen.hl1097.dinaserver.com\/product\/this-song-was-borne-2lp\/"},"modified":"2024-02-16T13:27:28","modified_gmt":"2024-02-16T12:27:28","slug":"this-song-was-borne-2lp","status":"publish","type":"product","link":"https:\/\/wpguerssen-test.odoo.rgbconsulting.com\/es\/producto\/this-song-was-borne-2lp\/","title":{"rendered":"This Song Was Borne (2LP)"},"content":{"rendered":"<p>Pareja famosa por sus dos discos de folk-psicod\u00e9lico para Columbia a finales de los 60. Esta es una recopilaci\u00f3n de temas in\u00e9ditos, demos, outtakes, etc. Folk-rock y psicodelia con buenas armon\u00edas vocales y guitarras. Portada abierta, notas, fotos. Incluye cup\u00f3n de descarga.<\/p>\n","protected":false},"excerpt":{"rendered":"<p>Pareja famosa por sus dos discos de folk-psicod\u00e9lico para Columbia a finales de los 60. Esta es una recopilaci\u00f3n de temas in\u00e9ditos, demos, outtakes, etc. Folk-rock<a class=\"read\" href=\"https:\/\/wpguerssen-test.odoo.rgbconsulting.com\/es\/producto\/this-song-was-borne-2lp\/\"> (...)<\/a>","protected":false},"featured_media":118536,"template":"","meta":{"_acf_changed":false},"product_brand":[],"product_cat":[21639,23271],"product_tag":[],"class_list":{"0":"post-185870","1":"product","2":"type-product","3":"status-publish","4":"has-post-thumbnail","6":"product_cat-psychedelic60s-70s-es","7":"product_cat-folk-60s-70s-es","8":"pa_artist-fraser-debolt-es-2","9":"pa_format-2lp-es","10":"pa_gender-folk-60s-70s-psychedelic60s-70s","11":"pa_label-roaratorio","12":"pa_location-north-america-es","13":"pa_other-filters-vinyl-only-es","15":"first","16":"instock","17":"taxable","18":"shipping-taxable","19":"purchasable","20":"product-type-simple"},"acf":[],"yoast_head":"<!-- This site is optimized with the Yoast SEO plugin v24.9 - https:\/\/yoast.com\/wordpress\/plugins\/seo\/ -->\n<title>FRASER &amp; DEBOLT - This Song Was Borne (2LP) -  (2LP) | Guerssen<\/title>\n<meta name=\"description\" content=\"Allan Fraser &amp; Daisy DeBolt met in the summer of 1969. They had both been working individually on the coffeehouse circuit in their native Canada; over the next five years, as the duo of Fraser &amp; DeBolt, they created a sublime body of work that still sounds remarkably fresh decades later. They recorded two albums for Columbia which garnered rave reviews at the time, but saw little commercial success. Both have since become cult classics in psychedelic folk circles; the first, With Ian Guenther, being particularly beloved amongst a coterie of die-hard fans. Their combination of ragged-but-right \/ salt &amp; pepper harmonies, evocative lyrics, beautiful songs shot through with the occasional dissonant grace note, and careful arrangements that still managed to sound off-the-cuff made for some of the most beguiling music of the day. Now, Roaratorio is proud to present This Song Was Borne, a double LP collection of previously unreleased demos, studio outtakes, radio sessions and live recordings from Fraser &amp; DeBolt&#039;s archives, spanning their entire career, in a deluxe tip-on gatefold jacket with detailed liner notes from Allan and Daisy. Download coupon included.\" \/>\n<meta name=\"robots\" content=\"index, follow, max-snippet:-1, max-image-preview:large, max-video-preview:-1\" \/>\n<link rel=\"canonical\" href=\"https:\/\/wpguerssen-test.odoo.rgbconsulting.com\/es\/producto\/this-song-was-borne-2lp\/\" \/>\n<meta property=\"og:locale\" content=\"es_ES\" \/>\n<meta property=\"og:type\" content=\"article\" \/>\n<meta property=\"og:title\" content=\"FRASER &amp; DEBOLT - This Song Was Borne (2LP) -  (2LP) | Guerssen\" \/>\n<meta property=\"og:description\" content=\"Allan Fraser &amp; Daisy DeBolt met in the summer of 1969. They had both been working individually on the coffeehouse circuit in their native Canada; over the next five years, as the duo of Fraser &amp; DeBolt, they created a sublime body of work that still sounds remarkably fresh decades later. They recorded two albums for Columbia which garnered rave reviews at the time, but saw little commercial success. Both have since become cult classics in psychedelic folk circles; the first, With Ian Guenther, being particularly beloved amongst a coterie of die-hard fans. Their combination of ragged-but-right \/ salt &amp; pepper harmonies, evocative lyrics, beautiful songs shot through with the occasional dissonant grace note, and careful arrangements that still managed to sound off-the-cuff made for some of the most beguiling music of the day. Now, Roaratorio is proud to present This Song Was Borne, a double LP collection of previously unreleased demos, studio outtakes, radio sessions and live recordings from Fraser &amp; DeBolt&#039;s archives, spanning their entire career, in a deluxe tip-on gatefold jacket with detailed liner notes from Allan and Daisy. Download coupon included.\" \/>\n<meta property=\"og:url\" content=\"https:\/\/wpguerssen-test.odoo.rgbconsulting.com\/es\/producto\/this-song-was-borne-2lp\/\" \/>\n<meta property=\"og:site_name\" content=\"Guerssen records\" \/>\n<meta property=\"article:modified_time\" content=\"2024-02-16T12:27:28+00:00\" \/>\n<meta property=\"og:image\" content=\"https:\/\/wpguerssen-test.odoo.rgbconsulting.com\/wp-content\/uploads\/2022\/03\/25146.jpg\" \/>\n\t<meta property=\"og:image:width\" content=\"225\" \/>\n\t<meta property=\"og:image:height\" content=\"224\" \/>\n\t<meta property=\"og:image:type\" content=\"image\/jpeg\" \/>\n<meta name=\"twitter:card\" content=\"summary_large_image\" \/>\n<meta name=\"twitter:title\" content=\"FRASER &amp; DEBOLT - This Song Was Borne (2LP) -  (2LP) | Guerssen\" \/>\n<script type=\"application\/ld+json\" class=\"yoast-schema-graph\">{\"@context\":\"https:\/\/schema.org\",\"@graph\":[{\"@type\":\"WebPage\",\"@id\":\"https:\/\/wpguerssen-test.odoo.rgbconsulting.com\/es\/producto\/this-song-was-borne-2lp\/\",\"url\":\"https:\/\/wpguerssen-test.odoo.rgbconsulting.com\/es\/producto\/this-song-was-borne-2lp\/\",\"name\":\"FRASER & DEBOLT - This Song Was Borne (2LP) - (2LP) | Guerssen\",\"isPartOf\":{\"@id\":\"https:\/\/wpguerssen-test.odoo.rgbconsulting.com\/es\/#website\"},\"primaryImageOfPage\":{\"@id\":\"https:\/\/wpguerssen-test.odoo.rgbconsulting.com\/es\/producto\/this-song-was-borne-2lp\/#primaryimage\"},\"image\":{\"@id\":\"https:\/\/wpguerssen-test.odoo.rgbconsulting.com\/es\/producto\/this-song-was-borne-2lp\/#primaryimage\"},\"thumbnailUrl\":\"https:\/\/wpguerssen-test.odoo.rgbconsulting.com\/wp-content\/uploads\/2022\/03\/25146.jpg\",\"datePublished\":\"2016-03-31T22:00:00+00:00\",\"dateModified\":\"2024-02-16T12:27:28+00:00\",\"description\":\"Allan Fraser & Daisy DeBolt met in the summer of 1969. They had both been working individually on the coffeehouse circuit in their native Canada; over the next five years, as the duo of Fraser & DeBolt, they created a sublime body of work that still sounds remarkably fresh decades later. They recorded two albums for Columbia which garnered rave reviews at the time, but saw little commercial success. Both have since become cult classics in psychedelic folk circles; the first, With Ian Guenther, being particularly beloved amongst a coterie of die-hard fans. Their combination of ragged-but-right \/ salt & pepper harmonies, evocative lyrics, beautiful songs shot through with the occasional dissonant grace note, and careful arrangements that still managed to sound off-the-cuff made for some of the most beguiling music of the day. Now, Roaratorio is proud to present This Song Was Borne, a double LP collection of previously unreleased demos, studio outtakes, radio sessions and live recordings from Fraser & DeBolt's archives, spanning their entire career, in a deluxe tip-on gatefold jacket with detailed liner notes from Allan and Daisy. Download coupon included.\",\"breadcrumb\":{\"@id\":\"https:\/\/wpguerssen-test.odoo.rgbconsulting.com\/es\/producto\/this-song-was-borne-2lp\/#breadcrumb\"},\"inLanguage\":\"es\",\"potentialAction\":[{\"@type\":\"ReadAction\",\"target\":[\"https:\/\/wpguerssen-test.odoo.rgbconsulting.com\/es\/producto\/this-song-was-borne-2lp\/\"]}]},{\"@type\":\"ImageObject\",\"inLanguage\":\"es\",\"@id\":\"https:\/\/wpguerssen-test.odoo.rgbconsulting.com\/es\/producto\/this-song-was-borne-2lp\/#primaryimage\",\"url\":\"https:\/\/wpguerssen-test.odoo.rgbconsulting.com\/wp-content\/uploads\/2022\/03\/25146.jpg\",\"contentUrl\":\"https:\/\/wpguerssen-test.odoo.rgbconsulting.com\/wp-content\/uploads\/2022\/03\/25146.jpg\",\"width\":225,\"height\":224,\"caption\":\"FRASER & DEBOLT - This Song Was Borne (2LP) - ROARATORIO (2LP) | Guerssen\"},{\"@type\":\"BreadcrumbList\",\"@id\":\"https:\/\/wpguerssen-test.odoo.rgbconsulting.com\/es\/producto\/this-song-was-borne-2lp\/#breadcrumb\",\"itemListElement\":[{\"@type\":\"ListItem\",\"position\":1,\"name\":\"Inicio\",\"item\":\"https:\/\/wpguerssen-test.odoo.rgbconsulting.com\/es\/\"},{\"@type\":\"ListItem\",\"position\":2,\"name\":\"Shop\",\"item\":\"https:\/\/wpguerssen-test.odoo.rgbconsulting.com\/shop\/\"},{\"@type\":\"ListItem\",\"position\":3,\"name\":\"This Song Was Borne (2LP)\"}]},{\"@type\":\"WebSite\",\"@id\":\"https:\/\/wpguerssen-test.odoo.rgbconsulting.com\/es\/#website\",\"url\":\"https:\/\/wpguerssen-test.odoo.rgbconsulting.com\/es\/\",\"name\":\"Guerssen records\",\"description\":\"psychedelia - progressive - folk - garage \",\"publisher\":{\"@id\":\"https:\/\/wpguerssen-test.odoo.rgbconsulting.com\/es\/#organization\"},\"potentialAction\":[{\"@type\":\"SearchAction\",\"target\":{\"@type\":\"EntryPoint\",\"urlTemplate\":\"https:\/\/wpguerssen-test.odoo.rgbconsulting.com\/es\/?s={search_term_string}\"},\"query-input\":{\"@type\":\"PropertyValueSpecification\",\"valueRequired\":true,\"valueName\":\"search_term_string\"}}],\"inLanguage\":\"es\"},{\"@type\":\"Organization\",\"@id\":\"https:\/\/wpguerssen-test.odoo.rgbconsulting.com\/es\/#organization\",\"name\":\"Guerssen records\",\"url\":\"https:\/\/wpguerssen-test.odoo.rgbconsulting.com\/es\/\",\"logo\":{\"@type\":\"ImageObject\",\"inLanguage\":\"es\",\"@id\":\"https:\/\/wpguerssen-test.odoo.rgbconsulting.com\/es\/#\/schema\/logo\/image\/\",\"url\":\"https:\/\/wpguerssen-test.odoo.rgbconsulting.com\/wp-content\/uploads\/2022\/04\/Logo_Guerssen_trans_100.png\",\"contentUrl\":\"https:\/\/wpguerssen-test.odoo.rgbconsulting.com\/wp-content\/uploads\/2022\/04\/Logo_Guerssen_trans_100.png\",\"width\":122,\"height\":100,\"caption\":\"Guerssen records\"},\"image\":{\"@id\":\"https:\/\/wpguerssen-test.odoo.rgbconsulting.com\/es\/#\/schema\/logo\/image\/\"}}]}<\/script>\n<!-- \/ Yoast SEO plugin. -->","yoast_head_json":{"title":"FRASER & DEBOLT - This Song Was Borne (2LP) -  (2LP) | Guerssen","description":"Allan Fraser & Daisy DeBolt met in the summer of 1969. They had both been working individually on the coffeehouse circuit in their native Canada; over the next five years, as the duo of Fraser & DeBolt, they created a sublime body of work that still sounds remarkably fresh decades later. They recorded two albums for Columbia which garnered rave reviews at the time, but saw little commercial success. Both have since become cult classics in psychedelic folk circles; the first, With Ian Guenther, being particularly beloved amongst a coterie of die-hard fans. Their combination of ragged-but-right \/ salt & pepper harmonies, evocative lyrics, beautiful songs shot through with the occasional dissonant grace note, and careful arrangements that still managed to sound off-the-cuff made for some of the most beguiling music of the day. Now, Roaratorio is proud to present This Song Was Borne, a double LP collection of previously unreleased demos, studio outtakes, radio sessions and live recordings from Fraser & DeBolt's archives, spanning their entire career, in a deluxe tip-on gatefold jacket with detailed liner notes from Allan and Daisy. Download coupon included.","robots":{"index":"index","follow":"follow","max-snippet":"max-snippet:-1","max-image-preview":"max-image-preview:large","max-video-preview":"max-video-preview:-1"},"canonical":"https:\/\/wpguerssen-test.odoo.rgbconsulting.com\/es\/producto\/this-song-was-borne-2lp\/","og_locale":"es_ES","og_type":"article","og_title":"FRASER & DEBOLT - This Song Was Borne (2LP) -  (2LP) | Guerssen","og_description":"Allan Fraser & Daisy DeBolt met in the summer of 1969. They had both been working individually on the coffeehouse circuit in their native Canada; over the next five years, as the duo of Fraser & DeBolt, they created a sublime body of work that still sounds remarkably fresh decades later. They recorded two albums for Columbia which garnered rave reviews at the time, but saw little commercial success. Both have since become cult classics in psychedelic folk circles; the first, With Ian Guenther, being particularly beloved amongst a coterie of die-hard fans. Their combination of ragged-but-right \/ salt & pepper harmonies, evocative lyrics, beautiful songs shot through with the occasional dissonant grace note, and careful arrangements that still managed to sound off-the-cuff made for some of the most beguiling music of the day. Now, Roaratorio is proud to present This Song Was Borne, a double LP collection of previously unreleased demos, studio outtakes, radio sessions and live recordings from Fraser & DeBolt's archives, spanning their entire career, in a deluxe tip-on gatefold jacket with detailed liner notes from Allan and Daisy. Download coupon included.","og_url":"https:\/\/wpguerssen-test.odoo.rgbconsulting.com\/es\/producto\/this-song-was-borne-2lp\/","og_site_name":"Guerssen records","article_modified_time":"2024-02-16T12:27:28+00:00","og_image":[{"width":225,"height":224,"url":"https:\/\/wpguerssen-test.odoo.rgbconsulting.com\/wp-content\/uploads\/2022\/03\/25146.jpg","type":"image\/jpeg"}],"twitter_card":"summary_large_image","twitter_title":"FRASER & DEBOLT - This Song Was Borne (2LP) -  (2LP) | Guerssen","schema":{"@context":"https:\/\/schema.org","@graph":[{"@type":"WebPage","@id":"https:\/\/wpguerssen-test.odoo.rgbconsulting.com\/es\/producto\/this-song-was-borne-2lp\/","url":"https:\/\/wpguerssen-test.odoo.rgbconsulting.com\/es\/producto\/this-song-was-borne-2lp\/","name":"FRASER & DEBOLT - This Song Was Borne (2LP) - (2LP) | Guerssen","isPartOf":{"@id":"https:\/\/wpguerssen-test.odoo.rgbconsulting.com\/es\/#website"},"primaryImageOfPage":{"@id":"https:\/\/wpguerssen-test.odoo.rgbconsulting.com\/es\/producto\/this-song-was-borne-2lp\/#primaryimage"},"image":{"@id":"https:\/\/wpguerssen-test.odoo.rgbconsulting.com\/es\/producto\/this-song-was-borne-2lp\/#primaryimage"},"thumbnailUrl":"https:\/\/wpguerssen-test.odoo.rgbconsulting.com\/wp-content\/uploads\/2022\/03\/25146.jpg","datePublished":"2016-03-31T22:00:00+00:00","dateModified":"2024-02-16T12:27:28+00:00","description":"Allan Fraser & Daisy DeBolt met in the summer of 1969. They had both been working individually on the coffeehouse circuit in their native Canada; over the next five years, as the duo of Fraser & DeBolt, they created a sublime body of work that still sounds remarkably fresh decades later. They recorded two albums for Columbia which garnered rave reviews at the time, but saw little commercial success. Both have since become cult classics in psychedelic folk circles; the first, With Ian Guenther, being particularly beloved amongst a coterie of die-hard fans. Their combination of ragged-but-right \/ salt & pepper harmonies, evocative lyrics, beautiful songs shot through with the occasional dissonant grace note, and careful arrangements that still managed to sound off-the-cuff made for some of the most beguiling music of the day. Now, Roaratorio is proud to present This Song Was Borne, a double LP collection of previously unreleased demos, studio outtakes, radio sessions and live recordings from Fraser & DeBolt's archives, spanning their entire career, in a deluxe tip-on gatefold jacket with detailed liner notes from Allan and Daisy. Download coupon included.","breadcrumb":{"@id":"https:\/\/wpguerssen-test.odoo.rgbconsulting.com\/es\/producto\/this-song-was-borne-2lp\/#breadcrumb"},"inLanguage":"es","potentialAction":[{"@type":"ReadAction","target":["https:\/\/wpguerssen-test.odoo.rgbconsulting.com\/es\/producto\/this-song-was-borne-2lp\/"]}]},{"@type":"ImageObject","inLanguage":"es","@id":"https:\/\/wpguerssen-test.odoo.rgbconsulting.com\/es\/producto\/this-song-was-borne-2lp\/#primaryimage","url":"https:\/\/wpguerssen-test.odoo.rgbconsulting.com\/wp-content\/uploads\/2022\/03\/25146.jpg","contentUrl":"https:\/\/wpguerssen-test.odoo.rgbconsulting.com\/wp-content\/uploads\/2022\/03\/25146.jpg","width":225,"height":224,"caption":"FRASER & DEBOLT - This Song Was Borne (2LP) - ROARATORIO (2LP) | Guerssen"},{"@type":"BreadcrumbList","@id":"https:\/\/wpguerssen-test.odoo.rgbconsulting.com\/es\/producto\/this-song-was-borne-2lp\/#breadcrumb","itemListElement":[{"@type":"ListItem","position":1,"name":"Inicio","item":"https:\/\/wpguerssen-test.odoo.rgbconsulting.com\/es\/"},{"@type":"ListItem","position":2,"name":"Shop","item":"https:\/\/wpguerssen-test.odoo.rgbconsulting.com\/shop\/"},{"@type":"ListItem","position":3,"name":"This Song Was Borne (2LP)"}]},{"@type":"WebSite","@id":"https:\/\/wpguerssen-test.odoo.rgbconsulting.com\/es\/#website","url":"https:\/\/wpguerssen-test.odoo.rgbconsulting.com\/es\/","name":"Guerssen records","description":"psychedelia - progressive - folk - garage ","publisher":{"@id":"https:\/\/wpguerssen-test.odoo.rgbconsulting.com\/es\/#organization"},"potentialAction":[{"@type":"SearchAction","target":{"@type":"EntryPoint","urlTemplate":"https:\/\/wpguerssen-test.odoo.rgbconsulting.com\/es\/?s={search_term_string}"},"query-input":{"@type":"PropertyValueSpecification","valueRequired":true,"valueName":"search_term_string"}}],"inLanguage":"es"},{"@type":"Organization","@id":"https:\/\/wpguerssen-test.odoo.rgbconsulting.com\/es\/#organization","name":"Guerssen records","url":"https:\/\/wpguerssen-test.odoo.rgbconsulting.com\/es\/","logo":{"@type":"ImageObject","inLanguage":"es","@id":"https:\/\/wpguerssen-test.odoo.rgbconsulting.com\/es\/#\/schema\/logo\/image\/","url":"https:\/\/wpguerssen-test.odoo.rgbconsulting.com\/wp-content\/uploads\/2022\/04\/Logo_Guerssen_trans_100.png","contentUrl":"https:\/\/wpguerssen-test.odoo.rgbconsulting.com\/wp-content\/uploads\/2022\/04\/Logo_Guerssen_trans_100.png","width":122,"height":100,"caption":"Guerssen records"},"image":{"@id":"https:\/\/wpguerssen-test.odoo.rgbconsulting.com\/es\/#\/schema\/logo\/image\/"}}]}},"_links":{"self":[{"href":"https:\/\/wpguerssen-test.odoo.rgbconsulting.com\/es\/wp-json\/wp\/v2\/product\/185870","targetHints":{"allow":["GET"]}}],"collection":[{"href":"https:\/\/wpguerssen-test.odoo.rgbconsulting.com\/es\/wp-json\/wp\/v2\/product"}],"about":[{"href":"https:\/\/wpguerssen-test.odoo.rgbconsulting.com\/es\/wp-json\/wp\/v2\/types\/product"}],"wp:featuredmedia":[{"embeddable":true,"href":"https:\/\/wpguerssen-test.odoo.rgbconsulting.com\/es\/wp-json\/wp\/v2\/media\/118536"}],"wp:attachment":[{"href":"https:\/\/wpguerssen-test.odoo.rgbconsulting.com\/es\/wp-json\/wp\/v2\/media?parent=185870"}],"wp:term":[{"taxonomy":"product_brand","embeddable":true,"href":"https:\/\/wpguerssen-test.odoo.rgbconsulting.com\/es\/wp-json\/wp\/v2\/product_brand?post=185870"},{"taxonomy":"product_cat","embeddable":true,"href":"https:\/\/wpguerssen-test.odoo.rgbconsulting.com\/es\/wp-json\/wp\/v2\/product_cat?post=185870"},{"taxonomy":"product_tag","embeddable":true,"href":"https:\/\/wpguerssen-test.odoo.rgbconsulting.com\/es\/wp-json\/wp\/v2\/product_tag?post=185870"}],"curies":[{"name":"wp","href":"https:\/\/api.w.org\/{rel}","templated":true}]}}