{"id":185924,"date":"2016-06-21T00:00:00","date_gmt":"2016-06-20T22:00:00","guid":{"rendered":"http:\/\/guerssen.hl1097.dinaserver.com\/product\/psychedelic-visions\/"},"modified":"2024-06-03T18:42:04","modified_gmt":"2024-06-03T16:42:04","slug":"psychedelic-visions","status":"publish","type":"product","link":"https:\/\/wpguerssen-test.odoo.rgbconsulting.com\/es\/producto\/psychedelic-visions\/","title":{"rendered":"Psychedelic Visions"},"content":{"rendered":"<p>Oscuro disco exploito psicod\u00e9lico USA de 1967. Versiones de cl\u00e1sicos de Count V o Blues Magoos con el fuzz y distorsi\u00f3n a tope. A archivar cerca de otras curiosidades como Deep o Fire Escape<\/p>\n","protected":false},"excerpt":{"rendered":"<p>Oscuro disco exploito psicod\u00e9lico USA de 1967. Versiones de cl\u00e1sicos de Count V o Blues Magoos con el fuzz y distorsi\u00f3n a tope. A archivar cerca de otras curiosidades<a class=\"read\" href=\"https:\/\/wpguerssen-test.odoo.rgbconsulting.com\/es\/producto\/psychedelic-visions\/\"> (...)<\/a>","protected":false},"featured_media":118625,"template":"","meta":{"_acf_changed":false},"product_brand":[],"product_cat":[21639],"product_tag":[],"class_list":{"0":"post-185924","1":"product","2":"type-product","3":"status-publish","4":"has-post-thumbnail","6":"product_cat-psychedelic60s-70s-es","7":"pa_artist-underground-the-es-2","8":"pa_format-lp-es","9":"pa_gender-psychedelic60s-70s","10":"pa_label-wah-wah-es-2","11":"pa_location-north-america-es","12":"pa_other-filters-vinyl-only-es","14":"first","15":"instock","16":"taxable","17":"shipping-taxable","18":"purchasable","19":"product-type-simple"},"acf":[],"yoast_head":"<!-- This site is optimized with the Yoast SEO plugin v24.9 - https:\/\/yoast.com\/wordpress\/plugins\/seo\/ -->\n<title>UNDERGROUND, The - Psychedelic Visions -  (LP) | Guerssen<\/title>\n<meta name=\"description\" content=\"Rare, sought after exploitation album from 1967 showcasing the garage-turns-to-psychedelia sound of the era. Fuzz and acid, no need for flowers - but bring them along if you feel like it! Opening with an outtasite fuzz drenched cover of the Count V timeless punk anthem Psychotic Reaction, this LP takes us on a fuzzier than fuzz trip through some of the classics of the era like The Blues Magoos&#039; (We Ain&#039;t Got) Nothin&#039; Yet, The Isley Brothers&#039; Shout, John D. Loudemilk&#039;s Tobacco Road and Bobby Bland&#039;s Turn Of Your Love Light, plus -hey!- five original tracks in the same style signed by Merk Currie - the LP was originally released on Mercury, &quot;Merk Currie&quot; was nost probably the name invented by the company to scam of writting credits from the members of this mystery band, probably paid just for the sessions. The playing though all the sessions is outstanding, putting this mysterious album up there with the best of the genre, an LP wich stands halfway the covers concept of Psychotic Reaction by The Fire Escape and the delivery of interesting original material of Psychedelic Moods by The Deep.\" \/>\n<meta name=\"robots\" content=\"index, follow, max-snippet:-1, max-image-preview:large, max-video-preview:-1\" \/>\n<link rel=\"canonical\" href=\"https:\/\/wpguerssen-test.odoo.rgbconsulting.com\/es\/producto\/psychedelic-visions\/\" \/>\n<meta property=\"og:locale\" content=\"es_ES\" \/>\n<meta property=\"og:type\" content=\"article\" \/>\n<meta property=\"og:title\" content=\"UNDERGROUND, The - Psychedelic Visions -  (LP) | Guerssen\" \/>\n<meta property=\"og:description\" content=\"Rare, sought after exploitation album from 1967 showcasing the garage-turns-to-psychedelia sound of the era. Fuzz and acid, no need for flowers - but bring them along if you feel like it! Opening with an outtasite fuzz drenched cover of the Count V timeless punk anthem Psychotic Reaction, this LP takes us on a fuzzier than fuzz trip through some of the classics of the era like The Blues Magoos&#039; (We Ain&#039;t Got) Nothin&#039; Yet, The Isley Brothers&#039; Shout, John D. Loudemilk&#039;s Tobacco Road and Bobby Bland&#039;s Turn Of Your Love Light, plus -hey!- five original tracks in the same style signed by Merk Currie - the LP was originally released on Mercury, &quot;Merk Currie&quot; was nost probably the name invented by the company to scam of writting credits from the members of this mystery band, probably paid just for the sessions. The playing though all the sessions is outstanding, putting this mysterious album up there with the best of the genre, an LP wich stands halfway the covers concept of Psychotic Reaction by The Fire Escape and the delivery of interesting original material of Psychedelic Moods by The Deep.\" \/>\n<meta property=\"og:url\" content=\"https:\/\/wpguerssen-test.odoo.rgbconsulting.com\/es\/producto\/psychedelic-visions\/\" \/>\n<meta property=\"og:site_name\" content=\"Guerssen records\" \/>\n<meta property=\"article:modified_time\" content=\"2024-06-03T16:42:04+00:00\" \/>\n<meta property=\"og:image\" content=\"https:\/\/wpguerssen-test.odoo.rgbconsulting.com\/wp-content\/uploads\/2022\/03\/25284.jpg\" \/>\n\t<meta property=\"og:image:width\" content=\"240\" \/>\n\t<meta property=\"og:image:height\" content=\"240\" \/>\n\t<meta property=\"og:image:type\" content=\"image\/jpeg\" \/>\n<meta name=\"twitter:card\" content=\"summary_large_image\" \/>\n<meta name=\"twitter:title\" content=\"UNDERGROUND, The - Psychedelic Visions -  (LP) | Guerssen\" \/>\n<script type=\"application\/ld+json\" class=\"yoast-schema-graph\">{\"@context\":\"https:\/\/schema.org\",\"@graph\":[{\"@type\":\"WebPage\",\"@id\":\"https:\/\/wpguerssen-test.odoo.rgbconsulting.com\/es\/producto\/psychedelic-visions\/\",\"url\":\"https:\/\/wpguerssen-test.odoo.rgbconsulting.com\/es\/producto\/psychedelic-visions\/\",\"name\":\"UNDERGROUND, The - Psychedelic Visions - (LP) | Guerssen\",\"isPartOf\":{\"@id\":\"https:\/\/wpguerssen-test.odoo.rgbconsulting.com\/es\/#website\"},\"primaryImageOfPage\":{\"@id\":\"https:\/\/wpguerssen-test.odoo.rgbconsulting.com\/es\/producto\/psychedelic-visions\/#primaryimage\"},\"image\":{\"@id\":\"https:\/\/wpguerssen-test.odoo.rgbconsulting.com\/es\/producto\/psychedelic-visions\/#primaryimage\"},\"thumbnailUrl\":\"https:\/\/wpguerssen-test.odoo.rgbconsulting.com\/wp-content\/uploads\/2022\/03\/25284.jpg\",\"datePublished\":\"2016-06-20T22:00:00+00:00\",\"dateModified\":\"2024-06-03T16:42:04+00:00\",\"description\":\"Rare, sought after exploitation album from 1967 showcasing the garage-turns-to-psychedelia sound of the era. Fuzz and acid, no need for flowers - but bring them along if you feel like it! Opening with an outtasite fuzz drenched cover of the Count V timeless punk anthem Psychotic Reaction, this LP takes us on a fuzzier than fuzz trip through some of the classics of the era like The Blues Magoos' (We Ain't Got) Nothin' Yet, The Isley Brothers' Shout, John D. Loudemilk's Tobacco Road and Bobby Bland's Turn Of Your Love Light, plus -hey!- five original tracks in the same style signed by Merk Currie - the LP was originally released on Mercury, \\\"Merk Currie\\\" was nost probably the name invented by the company to scam of writting credits from the members of this mystery band, probably paid just for the sessions. The playing though all the sessions is outstanding, putting this mysterious album up there with the best of the genre, an LP wich stands halfway the covers concept of Psychotic Reaction by The Fire Escape and the delivery of interesting original material of Psychedelic Moods by The Deep.\",\"breadcrumb\":{\"@id\":\"https:\/\/wpguerssen-test.odoo.rgbconsulting.com\/es\/producto\/psychedelic-visions\/#breadcrumb\"},\"inLanguage\":\"es\",\"potentialAction\":[{\"@type\":\"ReadAction\",\"target\":[\"https:\/\/wpguerssen-test.odoo.rgbconsulting.com\/es\/producto\/psychedelic-visions\/\"]}]},{\"@type\":\"ImageObject\",\"inLanguage\":\"es\",\"@id\":\"https:\/\/wpguerssen-test.odoo.rgbconsulting.com\/es\/producto\/psychedelic-visions\/#primaryimage\",\"url\":\"https:\/\/wpguerssen-test.odoo.rgbconsulting.com\/wp-content\/uploads\/2022\/03\/25284.jpg\",\"contentUrl\":\"https:\/\/wpguerssen-test.odoo.rgbconsulting.com\/wp-content\/uploads\/2022\/03\/25284.jpg\",\"width\":240,\"height\":240,\"caption\":\"The - Psychedelic Visions - WAH WAH (LP) | Guerssen\"},{\"@type\":\"BreadcrumbList\",\"@id\":\"https:\/\/wpguerssen-test.odoo.rgbconsulting.com\/es\/producto\/psychedelic-visions\/#breadcrumb\",\"itemListElement\":[{\"@type\":\"ListItem\",\"position\":1,\"name\":\"Inicio\",\"item\":\"https:\/\/wpguerssen-test.odoo.rgbconsulting.com\/es\/\"},{\"@type\":\"ListItem\",\"position\":2,\"name\":\"Shop\",\"item\":\"https:\/\/wpguerssen-test.odoo.rgbconsulting.com\/shop\/\"},{\"@type\":\"ListItem\",\"position\":3,\"name\":\"Psychedelic Visions\"}]},{\"@type\":\"WebSite\",\"@id\":\"https:\/\/wpguerssen-test.odoo.rgbconsulting.com\/es\/#website\",\"url\":\"https:\/\/wpguerssen-test.odoo.rgbconsulting.com\/es\/\",\"name\":\"Guerssen records\",\"description\":\"psychedelia - progressive - folk - garage \",\"publisher\":{\"@id\":\"https:\/\/wpguerssen-test.odoo.rgbconsulting.com\/es\/#organization\"},\"potentialAction\":[{\"@type\":\"SearchAction\",\"target\":{\"@type\":\"EntryPoint\",\"urlTemplate\":\"https:\/\/wpguerssen-test.odoo.rgbconsulting.com\/es\/?s={search_term_string}\"},\"query-input\":{\"@type\":\"PropertyValueSpecification\",\"valueRequired\":true,\"valueName\":\"search_term_string\"}}],\"inLanguage\":\"es\"},{\"@type\":\"Organization\",\"@id\":\"https:\/\/wpguerssen-test.odoo.rgbconsulting.com\/es\/#organization\",\"name\":\"Guerssen records\",\"url\":\"https:\/\/wpguerssen-test.odoo.rgbconsulting.com\/es\/\",\"logo\":{\"@type\":\"ImageObject\",\"inLanguage\":\"es\",\"@id\":\"https:\/\/wpguerssen-test.odoo.rgbconsulting.com\/es\/#\/schema\/logo\/image\/\",\"url\":\"https:\/\/wpguerssen-test.odoo.rgbconsulting.com\/wp-content\/uploads\/2022\/04\/Logo_Guerssen_trans_100.png\",\"contentUrl\":\"https:\/\/wpguerssen-test.odoo.rgbconsulting.com\/wp-content\/uploads\/2022\/04\/Logo_Guerssen_trans_100.png\",\"width\":122,\"height\":100,\"caption\":\"Guerssen records\"},\"image\":{\"@id\":\"https:\/\/wpguerssen-test.odoo.rgbconsulting.com\/es\/#\/schema\/logo\/image\/\"}}]}<\/script>\n<!-- \/ Yoast SEO plugin. -->","yoast_head_json":{"title":"UNDERGROUND, The - Psychedelic Visions -  (LP) | Guerssen","description":"Rare, sought after exploitation album from 1967 showcasing the garage-turns-to-psychedelia sound of the era. Fuzz and acid, no need for flowers - but bring them along if you feel like it! Opening with an outtasite fuzz drenched cover of the Count V timeless punk anthem Psychotic Reaction, this LP takes us on a fuzzier than fuzz trip through some of the classics of the era like The Blues Magoos' (We Ain't Got) Nothin' Yet, The Isley Brothers' Shout, John D. Loudemilk's Tobacco Road and Bobby Bland's Turn Of Your Love Light, plus -hey!- five original tracks in the same style signed by Merk Currie - the LP was originally released on Mercury, \"Merk Currie\" was nost probably the name invented by the company to scam of writting credits from the members of this mystery band, probably paid just for the sessions. The playing though all the sessions is outstanding, putting this mysterious album up there with the best of the genre, an LP wich stands halfway the covers concept of Psychotic Reaction by The Fire Escape and the delivery of interesting original material of Psychedelic Moods by The Deep.","robots":{"index":"index","follow":"follow","max-snippet":"max-snippet:-1","max-image-preview":"max-image-preview:large","max-video-preview":"max-video-preview:-1"},"canonical":"https:\/\/wpguerssen-test.odoo.rgbconsulting.com\/es\/producto\/psychedelic-visions\/","og_locale":"es_ES","og_type":"article","og_title":"UNDERGROUND, The - Psychedelic Visions -  (LP) | Guerssen","og_description":"Rare, sought after exploitation album from 1967 showcasing the garage-turns-to-psychedelia sound of the era. Fuzz and acid, no need for flowers - but bring them along if you feel like it! Opening with an outtasite fuzz drenched cover of the Count V timeless punk anthem Psychotic Reaction, this LP takes us on a fuzzier than fuzz trip through some of the classics of the era like The Blues Magoos' (We Ain't Got) Nothin' Yet, The Isley Brothers' Shout, John D. Loudemilk's Tobacco Road and Bobby Bland's Turn Of Your Love Light, plus -hey!- five original tracks in the same style signed by Merk Currie - the LP was originally released on Mercury, \"Merk Currie\" was nost probably the name invented by the company to scam of writting credits from the members of this mystery band, probably paid just for the sessions. The playing though all the sessions is outstanding, putting this mysterious album up there with the best of the genre, an LP wich stands halfway the covers concept of Psychotic Reaction by The Fire Escape and the delivery of interesting original material of Psychedelic Moods by The Deep.","og_url":"https:\/\/wpguerssen-test.odoo.rgbconsulting.com\/es\/producto\/psychedelic-visions\/","og_site_name":"Guerssen records","article_modified_time":"2024-06-03T16:42:04+00:00","og_image":[{"width":240,"height":240,"url":"https:\/\/wpguerssen-test.odoo.rgbconsulting.com\/wp-content\/uploads\/2022\/03\/25284.jpg","type":"image\/jpeg"}],"twitter_card":"summary_large_image","twitter_title":"UNDERGROUND, The - Psychedelic Visions -  (LP) | Guerssen","schema":{"@context":"https:\/\/schema.org","@graph":[{"@type":"WebPage","@id":"https:\/\/wpguerssen-test.odoo.rgbconsulting.com\/es\/producto\/psychedelic-visions\/","url":"https:\/\/wpguerssen-test.odoo.rgbconsulting.com\/es\/producto\/psychedelic-visions\/","name":"UNDERGROUND, The - Psychedelic Visions - (LP) | Guerssen","isPartOf":{"@id":"https:\/\/wpguerssen-test.odoo.rgbconsulting.com\/es\/#website"},"primaryImageOfPage":{"@id":"https:\/\/wpguerssen-test.odoo.rgbconsulting.com\/es\/producto\/psychedelic-visions\/#primaryimage"},"image":{"@id":"https:\/\/wpguerssen-test.odoo.rgbconsulting.com\/es\/producto\/psychedelic-visions\/#primaryimage"},"thumbnailUrl":"https:\/\/wpguerssen-test.odoo.rgbconsulting.com\/wp-content\/uploads\/2022\/03\/25284.jpg","datePublished":"2016-06-20T22:00:00+00:00","dateModified":"2024-06-03T16:42:04+00:00","description":"Rare, sought after exploitation album from 1967 showcasing the garage-turns-to-psychedelia sound of the era. Fuzz and acid, no need for flowers - but bring them along if you feel like it! Opening with an outtasite fuzz drenched cover of the Count V timeless punk anthem Psychotic Reaction, this LP takes us on a fuzzier than fuzz trip through some of the classics of the era like The Blues Magoos' (We Ain't Got) Nothin' Yet, The Isley Brothers' Shout, John D. Loudemilk's Tobacco Road and Bobby Bland's Turn Of Your Love Light, plus -hey!- five original tracks in the same style signed by Merk Currie - the LP was originally released on Mercury, \"Merk Currie\" was nost probably the name invented by the company to scam of writting credits from the members of this mystery band, probably paid just for the sessions. The playing though all the sessions is outstanding, putting this mysterious album up there with the best of the genre, an LP wich stands halfway the covers concept of Psychotic Reaction by The Fire Escape and the delivery of interesting original material of Psychedelic Moods by The Deep.","breadcrumb":{"@id":"https:\/\/wpguerssen-test.odoo.rgbconsulting.com\/es\/producto\/psychedelic-visions\/#breadcrumb"},"inLanguage":"es","potentialAction":[{"@type":"ReadAction","target":["https:\/\/wpguerssen-test.odoo.rgbconsulting.com\/es\/producto\/psychedelic-visions\/"]}]},{"@type":"ImageObject","inLanguage":"es","@id":"https:\/\/wpguerssen-test.odoo.rgbconsulting.com\/es\/producto\/psychedelic-visions\/#primaryimage","url":"https:\/\/wpguerssen-test.odoo.rgbconsulting.com\/wp-content\/uploads\/2022\/03\/25284.jpg","contentUrl":"https:\/\/wpguerssen-test.odoo.rgbconsulting.com\/wp-content\/uploads\/2022\/03\/25284.jpg","width":240,"height":240,"caption":"The - Psychedelic Visions - WAH WAH (LP) | Guerssen"},{"@type":"BreadcrumbList","@id":"https:\/\/wpguerssen-test.odoo.rgbconsulting.com\/es\/producto\/psychedelic-visions\/#breadcrumb","itemListElement":[{"@type":"ListItem","position":1,"name":"Inicio","item":"https:\/\/wpguerssen-test.odoo.rgbconsulting.com\/es\/"},{"@type":"ListItem","position":2,"name":"Shop","item":"https:\/\/wpguerssen-test.odoo.rgbconsulting.com\/shop\/"},{"@type":"ListItem","position":3,"name":"Psychedelic Visions"}]},{"@type":"WebSite","@id":"https:\/\/wpguerssen-test.odoo.rgbconsulting.com\/es\/#website","url":"https:\/\/wpguerssen-test.odoo.rgbconsulting.com\/es\/","name":"Guerssen records","description":"psychedelia - progressive - folk - garage ","publisher":{"@id":"https:\/\/wpguerssen-test.odoo.rgbconsulting.com\/es\/#organization"},"potentialAction":[{"@type":"SearchAction","target":{"@type":"EntryPoint","urlTemplate":"https:\/\/wpguerssen-test.odoo.rgbconsulting.com\/es\/?s={search_term_string}"},"query-input":{"@type":"PropertyValueSpecification","valueRequired":true,"valueName":"search_term_string"}}],"inLanguage":"es"},{"@type":"Organization","@id":"https:\/\/wpguerssen-test.odoo.rgbconsulting.com\/es\/#organization","name":"Guerssen records","url":"https:\/\/wpguerssen-test.odoo.rgbconsulting.com\/es\/","logo":{"@type":"ImageObject","inLanguage":"es","@id":"https:\/\/wpguerssen-test.odoo.rgbconsulting.com\/es\/#\/schema\/logo\/image\/","url":"https:\/\/wpguerssen-test.odoo.rgbconsulting.com\/wp-content\/uploads\/2022\/04\/Logo_Guerssen_trans_100.png","contentUrl":"https:\/\/wpguerssen-test.odoo.rgbconsulting.com\/wp-content\/uploads\/2022\/04\/Logo_Guerssen_trans_100.png","width":122,"height":100,"caption":"Guerssen records"},"image":{"@id":"https:\/\/wpguerssen-test.odoo.rgbconsulting.com\/es\/#\/schema\/logo\/image\/"}}]}},"_links":{"self":[{"href":"https:\/\/wpguerssen-test.odoo.rgbconsulting.com\/es\/wp-json\/wp\/v2\/product\/185924","targetHints":{"allow":["GET"]}}],"collection":[{"href":"https:\/\/wpguerssen-test.odoo.rgbconsulting.com\/es\/wp-json\/wp\/v2\/product"}],"about":[{"href":"https:\/\/wpguerssen-test.odoo.rgbconsulting.com\/es\/wp-json\/wp\/v2\/types\/product"}],"wp:featuredmedia":[{"embeddable":true,"href":"https:\/\/wpguerssen-test.odoo.rgbconsulting.com\/es\/wp-json\/wp\/v2\/media\/118625"}],"wp:attachment":[{"href":"https:\/\/wpguerssen-test.odoo.rgbconsulting.com\/es\/wp-json\/wp\/v2\/media?parent=185924"}],"wp:term":[{"taxonomy":"product_brand","embeddable":true,"href":"https:\/\/wpguerssen-test.odoo.rgbconsulting.com\/es\/wp-json\/wp\/v2\/product_brand?post=185924"},{"taxonomy":"product_cat","embeddable":true,"href":"https:\/\/wpguerssen-test.odoo.rgbconsulting.com\/es\/wp-json\/wp\/v2\/product_cat?post=185924"},{"taxonomy":"product_tag","embeddable":true,"href":"https:\/\/wpguerssen-test.odoo.rgbconsulting.com\/es\/wp-json\/wp\/v2\/product_tag?post=185924"}],"curies":[{"name":"wp","href":"https:\/\/api.w.org\/{rel}","templated":true}]}}