{"id":186124,"date":"2016-08-29T00:00:00","date_gmt":"2016-08-28T22:00:00","guid":{"rendered":"http:\/\/guerssen.hl1097.dinaserver.com\/product\/play-with-lies\/"},"modified":"2025-04-04T12:23:42","modified_gmt":"2025-04-04T10:23:42","slug":"play-with-lies","status":"publish","type":"product","link":"https:\/\/wpguerssen-test.odoo.rgbconsulting.com\/es\/producto\/play-with-lies\/","title":{"rendered":"Play With Lies"},"content":{"rendered":"<p>Electro \/ dream pop por este d\u00fao con base en Berl\u00edn.<\/p>\n","protected":false},"excerpt":{"rendered":"<p>Electro \/ dream pop por este d\u00fao con base en Berl\u00edn.<\/p>\n","protected":false},"featured_media":240895,"template":"","meta":{"_acf_changed":false},"product_brand":[],"product_cat":[23266],"product_tag":[],"class_list":{"0":"post-186124","1":"product","2":"type-product","3":"status-publish","4":"has-post-thumbnail","6":"product_cat-electronic-es","7":"pa_artist-cult-club-es-2","8":"pa_format-lp-es","9":"pa_gender-electronic","10":"pa_label-domestica","11":"pa_location-europe-es","12":"pa_other-filters-vinyl-only-es","14":"first","15":"instock","16":"taxable","17":"shipping-taxable","18":"purchasable","19":"product-type-simple"},"acf":[],"yoast_head":"<!-- This site is optimized with the Yoast SEO plugin v24.9 - https:\/\/yoast.com\/wordpress\/plugins\/seo\/ -->\n<title>CULT CLUB - Play With Lies -  (LP) | Guerssen<\/title>\n<meta name=\"description\" content=\"Cult Club is a Berlin-based electro pop duo. Sally J\u00f8rgensen is from Canada and L\u00e1szl\u00f3 Antal is from Serbia. Their similar diverse backgrounds in the creative arts and their love for analogue imagery and pop melodies inspired them to collaborate together. #nl# Together their songs range from a dreamy, soft sound to harder driving pop songs. Sally&#039;s vocals are layered in a harmony of different sounds and melodies over L\u00e1szl\u00f3&#039;s fretless, bass driven music. #nl# Their debut EP Never Enough was released on December 14th, 2015, on Domestica Records. It featured an extended version of their most popular dream-pop song &quot;All the People&quot; to contrast the more chilling cold song versions of &quot;Never Enough&quot;. #nl# Their full-length album Play With Lies will be out on June 14th, 2016, on Domestica Records. The album continues to feature sad, dream-pop songs such as &quot;Call My Name&quot; while also containing some straight up pop tracks such as &quot;Play With Lies&quot; and &quot;Talk to Me&quot;.\" \/>\n<meta name=\"robots\" content=\"index, follow, max-snippet:-1, max-image-preview:large, max-video-preview:-1\" \/>\n<link rel=\"canonical\" href=\"https:\/\/wpguerssen-test.odoo.rgbconsulting.com\/es\/producto\/play-with-lies\/\" \/>\n<meta property=\"og:locale\" content=\"es_ES\" \/>\n<meta property=\"og:type\" content=\"article\" \/>\n<meta property=\"og:title\" content=\"CULT CLUB - Play With Lies -  (LP) | Guerssen\" \/>\n<meta property=\"og:description\" content=\"Cult Club is a Berlin-based electro pop duo. Sally J\u00f8rgensen is from Canada and L\u00e1szl\u00f3 Antal is from Serbia. Their similar diverse backgrounds in the creative arts and their love for analogue imagery and pop melodies inspired them to collaborate together. #nl# Together their songs range from a dreamy, soft sound to harder driving pop songs. Sally&#039;s vocals are layered in a harmony of different sounds and melodies over L\u00e1szl\u00f3&#039;s fretless, bass driven music. #nl# Their debut EP Never Enough was released on December 14th, 2015, on Domestica Records. It featured an extended version of their most popular dream-pop song &quot;All the People&quot; to contrast the more chilling cold song versions of &quot;Never Enough&quot;. #nl# Their full-length album Play With Lies will be out on June 14th, 2016, on Domestica Records. The album continues to feature sad, dream-pop songs such as &quot;Call My Name&quot; while also containing some straight up pop tracks such as &quot;Play With Lies&quot; and &quot;Talk to Me&quot;.\" \/>\n<meta property=\"og:url\" content=\"https:\/\/wpguerssen-test.odoo.rgbconsulting.com\/es\/producto\/play-with-lies\/\" \/>\n<meta property=\"og:site_name\" content=\"Guerssen records\" \/>\n<meta property=\"article:modified_time\" content=\"2025-04-04T10:23:42+00:00\" \/>\n<meta property=\"og:image\" content=\"https:\/\/wpguerssen-test.odoo.rgbconsulting.com\/wp-content\/uploads\/2023\/09\/25900.jpg\" \/>\n\t<meta property=\"og:image:width\" content=\"340\" \/>\n\t<meta property=\"og:image:height\" content=\"340\" \/>\n\t<meta property=\"og:image:type\" content=\"image\/jpeg\" \/>\n<meta name=\"twitter:card\" content=\"summary_large_image\" \/>\n<meta name=\"twitter:title\" content=\"CULT CLUB - Play With Lies -  (LP) | Guerssen\" \/>\n<script type=\"application\/ld+json\" class=\"yoast-schema-graph\">{\"@context\":\"https:\/\/schema.org\",\"@graph\":[{\"@type\":\"WebPage\",\"@id\":\"https:\/\/wpguerssen-test.odoo.rgbconsulting.com\/es\/producto\/play-with-lies\/\",\"url\":\"https:\/\/wpguerssen-test.odoo.rgbconsulting.com\/es\/producto\/play-with-lies\/\",\"name\":\"CULT CLUB - Play With Lies - (LP) | Guerssen\",\"isPartOf\":{\"@id\":\"https:\/\/wpguerssen-test.odoo.rgbconsulting.com\/es\/#website\"},\"primaryImageOfPage\":{\"@id\":\"https:\/\/wpguerssen-test.odoo.rgbconsulting.com\/es\/producto\/play-with-lies\/#primaryimage\"},\"image\":{\"@id\":\"https:\/\/wpguerssen-test.odoo.rgbconsulting.com\/es\/producto\/play-with-lies\/#primaryimage\"},\"thumbnailUrl\":\"https:\/\/wpguerssen-test.odoo.rgbconsulting.com\/wp-content\/uploads\/2023\/09\/25900.jpg\",\"datePublished\":\"2016-08-28T22:00:00+00:00\",\"dateModified\":\"2025-04-04T10:23:42+00:00\",\"description\":\"Cult Club is a Berlin-based electro pop duo. Sally J\u00f8rgensen is from Canada and L\u00e1szl\u00f3 Antal is from Serbia. Their similar diverse backgrounds in the creative arts and their love for analogue imagery and pop melodies inspired them to collaborate together. #nl# Together their songs range from a dreamy, soft sound to harder driving pop songs. Sally's vocals are layered in a harmony of different sounds and melodies over L\u00e1szl\u00f3's fretless, bass driven music. #nl# Their debut EP Never Enough was released on December 14th, 2015, on Domestica Records. It featured an extended version of their most popular dream-pop song \\\"All the People\\\" to contrast the more chilling cold song versions of \\\"Never Enough\\\". #nl# Their full-length album Play With Lies will be out on June 14th, 2016, on Domestica Records. The album continues to feature sad, dream-pop songs such as \\\"Call My Name\\\" while also containing some straight up pop tracks such as \\\"Play With Lies\\\" and \\\"Talk to Me\\\".\",\"breadcrumb\":{\"@id\":\"https:\/\/wpguerssen-test.odoo.rgbconsulting.com\/es\/producto\/play-with-lies\/#breadcrumb\"},\"inLanguage\":\"es\",\"potentialAction\":[{\"@type\":\"ReadAction\",\"target\":[\"https:\/\/wpguerssen-test.odoo.rgbconsulting.com\/es\/producto\/play-with-lies\/\"]}]},{\"@type\":\"ImageObject\",\"inLanguage\":\"es\",\"@id\":\"https:\/\/wpguerssen-test.odoo.rgbconsulting.com\/es\/producto\/play-with-lies\/#primaryimage\",\"url\":\"https:\/\/wpguerssen-test.odoo.rgbconsulting.com\/wp-content\/uploads\/2023\/09\/25900.jpg\",\"contentUrl\":\"https:\/\/wpguerssen-test.odoo.rgbconsulting.com\/wp-content\/uploads\/2023\/09\/25900.jpg\",\"width\":340,\"height\":340},{\"@type\":\"BreadcrumbList\",\"@id\":\"https:\/\/wpguerssen-test.odoo.rgbconsulting.com\/es\/producto\/play-with-lies\/#breadcrumb\",\"itemListElement\":[{\"@type\":\"ListItem\",\"position\":1,\"name\":\"Inicio\",\"item\":\"https:\/\/wpguerssen-test.odoo.rgbconsulting.com\/es\/\"},{\"@type\":\"ListItem\",\"position\":2,\"name\":\"Shop\",\"item\":\"https:\/\/wpguerssen-test.odoo.rgbconsulting.com\/shop\/\"},{\"@type\":\"ListItem\",\"position\":3,\"name\":\"Play With Lies\"}]},{\"@type\":\"WebSite\",\"@id\":\"https:\/\/wpguerssen-test.odoo.rgbconsulting.com\/es\/#website\",\"url\":\"https:\/\/wpguerssen-test.odoo.rgbconsulting.com\/es\/\",\"name\":\"Guerssen records\",\"description\":\"psychedelia - progressive - folk - garage \",\"publisher\":{\"@id\":\"https:\/\/wpguerssen-test.odoo.rgbconsulting.com\/es\/#organization\"},\"potentialAction\":[{\"@type\":\"SearchAction\",\"target\":{\"@type\":\"EntryPoint\",\"urlTemplate\":\"https:\/\/wpguerssen-test.odoo.rgbconsulting.com\/es\/?s={search_term_string}\"},\"query-input\":{\"@type\":\"PropertyValueSpecification\",\"valueRequired\":true,\"valueName\":\"search_term_string\"}}],\"inLanguage\":\"es\"},{\"@type\":\"Organization\",\"@id\":\"https:\/\/wpguerssen-test.odoo.rgbconsulting.com\/es\/#organization\",\"name\":\"Guerssen records\",\"url\":\"https:\/\/wpguerssen-test.odoo.rgbconsulting.com\/es\/\",\"logo\":{\"@type\":\"ImageObject\",\"inLanguage\":\"es\",\"@id\":\"https:\/\/wpguerssen-test.odoo.rgbconsulting.com\/es\/#\/schema\/logo\/image\/\",\"url\":\"https:\/\/wpguerssen-test.odoo.rgbconsulting.com\/wp-content\/uploads\/2022\/04\/Logo_Guerssen_trans_100.png\",\"contentUrl\":\"https:\/\/wpguerssen-test.odoo.rgbconsulting.com\/wp-content\/uploads\/2022\/04\/Logo_Guerssen_trans_100.png\",\"width\":122,\"height\":100,\"caption\":\"Guerssen records\"},\"image\":{\"@id\":\"https:\/\/wpguerssen-test.odoo.rgbconsulting.com\/es\/#\/schema\/logo\/image\/\"}}]}<\/script>\n<!-- \/ Yoast SEO plugin. -->","yoast_head_json":{"title":"CULT CLUB - Play With Lies -  (LP) | Guerssen","description":"Cult Club is a Berlin-based electro pop duo. Sally J\u00f8rgensen is from Canada and L\u00e1szl\u00f3 Antal is from Serbia. Their similar diverse backgrounds in the creative arts and their love for analogue imagery and pop melodies inspired them to collaborate together. #nl# Together their songs range from a dreamy, soft sound to harder driving pop songs. Sally's vocals are layered in a harmony of different sounds and melodies over L\u00e1szl\u00f3's fretless, bass driven music. #nl# Their debut EP Never Enough was released on December 14th, 2015, on Domestica Records. It featured an extended version of their most popular dream-pop song \"All the People\" to contrast the more chilling cold song versions of \"Never Enough\". #nl# Their full-length album Play With Lies will be out on June 14th, 2016, on Domestica Records. The album continues to feature sad, dream-pop songs such as \"Call My Name\" while also containing some straight up pop tracks such as \"Play With Lies\" and \"Talk to Me\".","robots":{"index":"index","follow":"follow","max-snippet":"max-snippet:-1","max-image-preview":"max-image-preview:large","max-video-preview":"max-video-preview:-1"},"canonical":"https:\/\/wpguerssen-test.odoo.rgbconsulting.com\/es\/producto\/play-with-lies\/","og_locale":"es_ES","og_type":"article","og_title":"CULT CLUB - Play With Lies -  (LP) | Guerssen","og_description":"Cult Club is a Berlin-based electro pop duo. Sally J\u00f8rgensen is from Canada and L\u00e1szl\u00f3 Antal is from Serbia. Their similar diverse backgrounds in the creative arts and their love for analogue imagery and pop melodies inspired them to collaborate together. #nl# Together their songs range from a dreamy, soft sound to harder driving pop songs. Sally's vocals are layered in a harmony of different sounds and melodies over L\u00e1szl\u00f3's fretless, bass driven music. #nl# Their debut EP Never Enough was released on December 14th, 2015, on Domestica Records. It featured an extended version of their most popular dream-pop song \"All the People\" to contrast the more chilling cold song versions of \"Never Enough\". #nl# Their full-length album Play With Lies will be out on June 14th, 2016, on Domestica Records. The album continues to feature sad, dream-pop songs such as \"Call My Name\" while also containing some straight up pop tracks such as \"Play With Lies\" and \"Talk to Me\".","og_url":"https:\/\/wpguerssen-test.odoo.rgbconsulting.com\/es\/producto\/play-with-lies\/","og_site_name":"Guerssen records","article_modified_time":"2025-04-04T10:23:42+00:00","og_image":[{"width":340,"height":340,"url":"https:\/\/wpguerssen-test.odoo.rgbconsulting.com\/wp-content\/uploads\/2023\/09\/25900.jpg","type":"image\/jpeg"}],"twitter_card":"summary_large_image","twitter_title":"CULT CLUB - Play With Lies -  (LP) | Guerssen","schema":{"@context":"https:\/\/schema.org","@graph":[{"@type":"WebPage","@id":"https:\/\/wpguerssen-test.odoo.rgbconsulting.com\/es\/producto\/play-with-lies\/","url":"https:\/\/wpguerssen-test.odoo.rgbconsulting.com\/es\/producto\/play-with-lies\/","name":"CULT CLUB - Play With Lies - (LP) | Guerssen","isPartOf":{"@id":"https:\/\/wpguerssen-test.odoo.rgbconsulting.com\/es\/#website"},"primaryImageOfPage":{"@id":"https:\/\/wpguerssen-test.odoo.rgbconsulting.com\/es\/producto\/play-with-lies\/#primaryimage"},"image":{"@id":"https:\/\/wpguerssen-test.odoo.rgbconsulting.com\/es\/producto\/play-with-lies\/#primaryimage"},"thumbnailUrl":"https:\/\/wpguerssen-test.odoo.rgbconsulting.com\/wp-content\/uploads\/2023\/09\/25900.jpg","datePublished":"2016-08-28T22:00:00+00:00","dateModified":"2025-04-04T10:23:42+00:00","description":"Cult Club is a Berlin-based electro pop duo. Sally J\u00f8rgensen is from Canada and L\u00e1szl\u00f3 Antal is from Serbia. Their similar diverse backgrounds in the creative arts and their love for analogue imagery and pop melodies inspired them to collaborate together. #nl# Together their songs range from a dreamy, soft sound to harder driving pop songs. Sally's vocals are layered in a harmony of different sounds and melodies over L\u00e1szl\u00f3's fretless, bass driven music. #nl# Their debut EP Never Enough was released on December 14th, 2015, on Domestica Records. It featured an extended version of their most popular dream-pop song \"All the People\" to contrast the more chilling cold song versions of \"Never Enough\". #nl# Their full-length album Play With Lies will be out on June 14th, 2016, on Domestica Records. The album continues to feature sad, dream-pop songs such as \"Call My Name\" while also containing some straight up pop tracks such as \"Play With Lies\" and \"Talk to Me\".","breadcrumb":{"@id":"https:\/\/wpguerssen-test.odoo.rgbconsulting.com\/es\/producto\/play-with-lies\/#breadcrumb"},"inLanguage":"es","potentialAction":[{"@type":"ReadAction","target":["https:\/\/wpguerssen-test.odoo.rgbconsulting.com\/es\/producto\/play-with-lies\/"]}]},{"@type":"ImageObject","inLanguage":"es","@id":"https:\/\/wpguerssen-test.odoo.rgbconsulting.com\/es\/producto\/play-with-lies\/#primaryimage","url":"https:\/\/wpguerssen-test.odoo.rgbconsulting.com\/wp-content\/uploads\/2023\/09\/25900.jpg","contentUrl":"https:\/\/wpguerssen-test.odoo.rgbconsulting.com\/wp-content\/uploads\/2023\/09\/25900.jpg","width":340,"height":340},{"@type":"BreadcrumbList","@id":"https:\/\/wpguerssen-test.odoo.rgbconsulting.com\/es\/producto\/play-with-lies\/#breadcrumb","itemListElement":[{"@type":"ListItem","position":1,"name":"Inicio","item":"https:\/\/wpguerssen-test.odoo.rgbconsulting.com\/es\/"},{"@type":"ListItem","position":2,"name":"Shop","item":"https:\/\/wpguerssen-test.odoo.rgbconsulting.com\/shop\/"},{"@type":"ListItem","position":3,"name":"Play With Lies"}]},{"@type":"WebSite","@id":"https:\/\/wpguerssen-test.odoo.rgbconsulting.com\/es\/#website","url":"https:\/\/wpguerssen-test.odoo.rgbconsulting.com\/es\/","name":"Guerssen records","description":"psychedelia - progressive - folk - garage ","publisher":{"@id":"https:\/\/wpguerssen-test.odoo.rgbconsulting.com\/es\/#organization"},"potentialAction":[{"@type":"SearchAction","target":{"@type":"EntryPoint","urlTemplate":"https:\/\/wpguerssen-test.odoo.rgbconsulting.com\/es\/?s={search_term_string}"},"query-input":{"@type":"PropertyValueSpecification","valueRequired":true,"valueName":"search_term_string"}}],"inLanguage":"es"},{"@type":"Organization","@id":"https:\/\/wpguerssen-test.odoo.rgbconsulting.com\/es\/#organization","name":"Guerssen records","url":"https:\/\/wpguerssen-test.odoo.rgbconsulting.com\/es\/","logo":{"@type":"ImageObject","inLanguage":"es","@id":"https:\/\/wpguerssen-test.odoo.rgbconsulting.com\/es\/#\/schema\/logo\/image\/","url":"https:\/\/wpguerssen-test.odoo.rgbconsulting.com\/wp-content\/uploads\/2022\/04\/Logo_Guerssen_trans_100.png","contentUrl":"https:\/\/wpguerssen-test.odoo.rgbconsulting.com\/wp-content\/uploads\/2022\/04\/Logo_Guerssen_trans_100.png","width":122,"height":100,"caption":"Guerssen records"},"image":{"@id":"https:\/\/wpguerssen-test.odoo.rgbconsulting.com\/es\/#\/schema\/logo\/image\/"}}]}},"_links":{"self":[{"href":"https:\/\/wpguerssen-test.odoo.rgbconsulting.com\/es\/wp-json\/wp\/v2\/product\/186124","targetHints":{"allow":["GET"]}}],"collection":[{"href":"https:\/\/wpguerssen-test.odoo.rgbconsulting.com\/es\/wp-json\/wp\/v2\/product"}],"about":[{"href":"https:\/\/wpguerssen-test.odoo.rgbconsulting.com\/es\/wp-json\/wp\/v2\/types\/product"}],"wp:featuredmedia":[{"embeddable":true,"href":"https:\/\/wpguerssen-test.odoo.rgbconsulting.com\/es\/wp-json\/wp\/v2\/media\/240895"}],"wp:attachment":[{"href":"https:\/\/wpguerssen-test.odoo.rgbconsulting.com\/es\/wp-json\/wp\/v2\/media?parent=186124"}],"wp:term":[{"taxonomy":"product_brand","embeddable":true,"href":"https:\/\/wpguerssen-test.odoo.rgbconsulting.com\/es\/wp-json\/wp\/v2\/product_brand?post=186124"},{"taxonomy":"product_cat","embeddable":true,"href":"https:\/\/wpguerssen-test.odoo.rgbconsulting.com\/es\/wp-json\/wp\/v2\/product_cat?post=186124"},{"taxonomy":"product_tag","embeddable":true,"href":"https:\/\/wpguerssen-test.odoo.rgbconsulting.com\/es\/wp-json\/wp\/v2\/product_tag?post=186124"}],"curies":[{"name":"wp","href":"https:\/\/api.w.org\/{rel}","templated":true}]}}