{"id":186127,"date":"2019-07-29T00:00:00","date_gmt":"2019-07-28T22:00:00","guid":{"rendered":"http:\/\/guerssen.hl1097.dinaserver.com\/product\/call-my-name\/"},"modified":"2024-10-29T16:10:22","modified_gmt":"2024-10-29T15:10:22","slug":"call-my-name","status":"publish","type":"product","link":"https:\/\/wpguerssen-test.odoo.rgbconsulting.com\/es\/producto\/call-my-name\/","title":{"rendered":"Call My Name"},"content":{"rendered":"<p>Las sesiones de \u00abCall My Name\u00bb tuvieron lugar justo despu\u00e9s de que Daptone se mudase a Bushwick, su localizaci\u00f3n tan famosa en la actualidad. Gabe Roth y yo nos conoc\u00edamos desde hac\u00eda unos a\u00f1os, y ya que yo no ten\u00eda estudio, siempre le llamaba a \u00e9l cuando ten\u00eda que grabar algo. Todav\u00eda no se hab\u00eda convertido en la reconocida figura central del universo Daptone\/Truth &#038; Soul, y a\u00fan faltaban algunos a\u00f1os hasta las grabaciones con Amy Winehouse. Por aquel entonces simplemente era un tipo con un talento incre\u00edble y un o\u00eddo impecable que consegu\u00eda grabaciones de sonido aut\u00e9ntico con asequible tecnolog\u00eda anal\u00f3gica.<\/p>\n","protected":false},"excerpt":{"rendered":"<p>Las sesiones de \u00abCall My Name\u00bb tuvieron lugar justo despu\u00e9s de que Daptone se mudase a Bushwick, su localizaci\u00f3n tan famosa en la actualidad. Gabe Roth y yo nos<a class=\"read\" href=\"https:\/\/wpguerssen-test.odoo.rgbconsulting.com\/es\/producto\/call-my-name\/\"> (...)<\/a>","protected":false},"featured_media":118963,"template":"","meta":{"_acf_changed":false},"product_brand":[],"product_cat":[23219,23231],"product_tag":[],"class_list":{"0":"post-186127","1":"product","2":"type-product","3":"status-publish","4":"has-post-thumbnail","6":"product_cat-funk-es","7":"product_cat-latin-brazilian-es","8":"pa_artist-bataan-joe-es","9":"pa_format-lp-es","10":"pa_gender-latin-brazilian-funk","11":"pa_label-vampi-soul-es","12":"pa_location-north-america-es","13":"pa_other-filters-vinyl-only-es","15":"first","16":"instock","17":"taxable","18":"shipping-taxable","19":"purchasable","20":"product-type-simple"},"acf":[],"yoast_head":"<!-- This site is optimized with the Yoast SEO plugin v24.9 - https:\/\/yoast.com\/wordpress\/plugins\/seo\/ -->\n<title>BATAAN, Joe - Call My Name -  (LP) | Guerssen<\/title>\n<meta name=\"description\" content=\"Back in 2004, Vampisoul was extremely honoured to play a role in the return to recording of the legendary Joe Bataan, which fully materialized in the lauded 2005 album &quot;Call My Name&quot;, written and produced by Daniel Coll\u00e1s. After being out of print for a while, the LP has now been revamped featuring new artwork and liner notes written by Andrew Mason and Daniel Coll\u00e1s, plus photos from the sessions. TRACKLIST Side 1 A1. CALL MY NAME A2. CHICK-A-BOOM A3. I&#039;M THE FOOL Parts 1 &amp; 2 A4. CYCLES OF YOU Side 2 B1. SECRET GIRL, MY SUPER FRAUD B2. ERNESTINE B3. CHEVERE QUE CHEVERE B4. KEEP THE CHANGE\" \/>\n<meta name=\"robots\" content=\"index, follow, max-snippet:-1, max-image-preview:large, max-video-preview:-1\" \/>\n<link rel=\"canonical\" href=\"https:\/\/wpguerssen-test.odoo.rgbconsulting.com\/es\/producto\/call-my-name\/\" \/>\n<meta property=\"og:locale\" content=\"es_ES\" \/>\n<meta property=\"og:type\" content=\"article\" \/>\n<meta property=\"og:title\" content=\"BATAAN, Joe - Call My Name -  (LP) | Guerssen\" \/>\n<meta property=\"og:description\" content=\"Back in 2004, Vampisoul was extremely honoured to play a role in the return to recording of the legendary Joe Bataan, which fully materialized in the lauded 2005 album &quot;Call My Name&quot;, written and produced by Daniel Coll\u00e1s. After being out of print for a while, the LP has now been revamped featuring new artwork and liner notes written by Andrew Mason and Daniel Coll\u00e1s, plus photos from the sessions. TRACKLIST Side 1 A1. CALL MY NAME A2. CHICK-A-BOOM A3. I&#039;M THE FOOL Parts 1 &amp; 2 A4. CYCLES OF YOU Side 2 B1. SECRET GIRL, MY SUPER FRAUD B2. ERNESTINE B3. CHEVERE QUE CHEVERE B4. KEEP THE CHANGE\" \/>\n<meta property=\"og:url\" content=\"https:\/\/wpguerssen-test.odoo.rgbconsulting.com\/es\/producto\/call-my-name\/\" \/>\n<meta property=\"og:site_name\" content=\"Guerssen records\" \/>\n<meta property=\"article:modified_time\" content=\"2024-10-29T15:10:22+00:00\" \/>\n<meta property=\"og:image\" content=\"https:\/\/wpguerssen-test.odoo.rgbconsulting.com\/wp-content\/uploads\/2022\/03\/25903.jpg\" \/>\n\t<meta property=\"og:image:width\" content=\"382\" \/>\n\t<meta property=\"og:image:height\" content=\"382\" \/>\n\t<meta property=\"og:image:type\" content=\"image\/jpeg\" \/>\n<meta name=\"twitter:card\" content=\"summary_large_image\" \/>\n<meta name=\"twitter:title\" content=\"BATAAN, Joe - Call My Name -  (LP) | Guerssen\" \/>\n<meta name=\"twitter:label1\" content=\"Tiempo de lectura\" \/>\n\t<meta name=\"twitter:data1\" content=\"1 minuto\" \/>\n<script type=\"application\/ld+json\" class=\"yoast-schema-graph\">{\"@context\":\"https:\/\/schema.org\",\"@graph\":[{\"@type\":\"WebPage\",\"@id\":\"https:\/\/wpguerssen-test.odoo.rgbconsulting.com\/es\/producto\/call-my-name\/\",\"url\":\"https:\/\/wpguerssen-test.odoo.rgbconsulting.com\/es\/producto\/call-my-name\/\",\"name\":\"BATAAN, Joe - Call My Name - (LP) | Guerssen\",\"isPartOf\":{\"@id\":\"https:\/\/wpguerssen-test.odoo.rgbconsulting.com\/es\/#website\"},\"primaryImageOfPage\":{\"@id\":\"https:\/\/wpguerssen-test.odoo.rgbconsulting.com\/es\/producto\/call-my-name\/#primaryimage\"},\"image\":{\"@id\":\"https:\/\/wpguerssen-test.odoo.rgbconsulting.com\/es\/producto\/call-my-name\/#primaryimage\"},\"thumbnailUrl\":\"https:\/\/wpguerssen-test.odoo.rgbconsulting.com\/wp-content\/uploads\/2022\/03\/25903.jpg\",\"datePublished\":\"2019-07-28T22:00:00+00:00\",\"dateModified\":\"2024-10-29T15:10:22+00:00\",\"description\":\"Back in 2004, Vampisoul was extremely honoured to play a role in the return to recording of the legendary Joe Bataan, which fully materialized in the lauded 2005 album \\\"Call My Name\\\", written and produced by Daniel Coll\u00e1s. After being out of print for a while, the LP has now been revamped featuring new artwork and liner notes written by Andrew Mason and Daniel Coll\u00e1s, plus photos from the sessions. TRACKLIST Side 1 A1. CALL MY NAME A2. CHICK-A-BOOM A3. I'M THE FOOL Parts 1 & 2 A4. CYCLES OF YOU Side 2 B1. SECRET GIRL, MY SUPER FRAUD B2. ERNESTINE B3. CHEVERE QUE CHEVERE B4. KEEP THE CHANGE\",\"breadcrumb\":{\"@id\":\"https:\/\/wpguerssen-test.odoo.rgbconsulting.com\/es\/producto\/call-my-name\/#breadcrumb\"},\"inLanguage\":\"es\",\"potentialAction\":[{\"@type\":\"ReadAction\",\"target\":[\"https:\/\/wpguerssen-test.odoo.rgbconsulting.com\/es\/producto\/call-my-name\/\"]}]},{\"@type\":\"ImageObject\",\"inLanguage\":\"es\",\"@id\":\"https:\/\/wpguerssen-test.odoo.rgbconsulting.com\/es\/producto\/call-my-name\/#primaryimage\",\"url\":\"https:\/\/wpguerssen-test.odoo.rgbconsulting.com\/wp-content\/uploads\/2022\/03\/25903.jpg\",\"contentUrl\":\"https:\/\/wpguerssen-test.odoo.rgbconsulting.com\/wp-content\/uploads\/2022\/03\/25903.jpg\",\"width\":382,\"height\":382,\"caption\":\"Joe - Call My Name - VAMPI SOUL (LP) | Guerssen\"},{\"@type\":\"BreadcrumbList\",\"@id\":\"https:\/\/wpguerssen-test.odoo.rgbconsulting.com\/es\/producto\/call-my-name\/#breadcrumb\",\"itemListElement\":[{\"@type\":\"ListItem\",\"position\":1,\"name\":\"Inicio\",\"item\":\"https:\/\/wpguerssen-test.odoo.rgbconsulting.com\/es\/\"},{\"@type\":\"ListItem\",\"position\":2,\"name\":\"Shop\",\"item\":\"https:\/\/wpguerssen-test.odoo.rgbconsulting.com\/shop\/\"},{\"@type\":\"ListItem\",\"position\":3,\"name\":\"Call My Name\"}]},{\"@type\":\"WebSite\",\"@id\":\"https:\/\/wpguerssen-test.odoo.rgbconsulting.com\/es\/#website\",\"url\":\"https:\/\/wpguerssen-test.odoo.rgbconsulting.com\/es\/\",\"name\":\"Guerssen records\",\"description\":\"psychedelia - progressive - folk - garage \",\"publisher\":{\"@id\":\"https:\/\/wpguerssen-test.odoo.rgbconsulting.com\/es\/#organization\"},\"potentialAction\":[{\"@type\":\"SearchAction\",\"target\":{\"@type\":\"EntryPoint\",\"urlTemplate\":\"https:\/\/wpguerssen-test.odoo.rgbconsulting.com\/es\/?s={search_term_string}\"},\"query-input\":{\"@type\":\"PropertyValueSpecification\",\"valueRequired\":true,\"valueName\":\"search_term_string\"}}],\"inLanguage\":\"es\"},{\"@type\":\"Organization\",\"@id\":\"https:\/\/wpguerssen-test.odoo.rgbconsulting.com\/es\/#organization\",\"name\":\"Guerssen records\",\"url\":\"https:\/\/wpguerssen-test.odoo.rgbconsulting.com\/es\/\",\"logo\":{\"@type\":\"ImageObject\",\"inLanguage\":\"es\",\"@id\":\"https:\/\/wpguerssen-test.odoo.rgbconsulting.com\/es\/#\/schema\/logo\/image\/\",\"url\":\"https:\/\/wpguerssen-test.odoo.rgbconsulting.com\/wp-content\/uploads\/2022\/04\/Logo_Guerssen_trans_100.png\",\"contentUrl\":\"https:\/\/wpguerssen-test.odoo.rgbconsulting.com\/wp-content\/uploads\/2022\/04\/Logo_Guerssen_trans_100.png\",\"width\":122,\"height\":100,\"caption\":\"Guerssen records\"},\"image\":{\"@id\":\"https:\/\/wpguerssen-test.odoo.rgbconsulting.com\/es\/#\/schema\/logo\/image\/\"}}]}<\/script>\n<!-- \/ Yoast SEO plugin. -->","yoast_head_json":{"title":"BATAAN, Joe - Call My Name -  (LP) | Guerssen","description":"Back in 2004, Vampisoul was extremely honoured to play a role in the return to recording of the legendary Joe Bataan, which fully materialized in the lauded 2005 album \"Call My Name\", written and produced by Daniel Coll\u00e1s. After being out of print for a while, the LP has now been revamped featuring new artwork and liner notes written by Andrew Mason and Daniel Coll\u00e1s, plus photos from the sessions. TRACKLIST Side 1 A1. CALL MY NAME A2. CHICK-A-BOOM A3. I'M THE FOOL Parts 1 & 2 A4. CYCLES OF YOU Side 2 B1. SECRET GIRL, MY SUPER FRAUD B2. ERNESTINE B3. CHEVERE QUE CHEVERE B4. KEEP THE CHANGE","robots":{"index":"index","follow":"follow","max-snippet":"max-snippet:-1","max-image-preview":"max-image-preview:large","max-video-preview":"max-video-preview:-1"},"canonical":"https:\/\/wpguerssen-test.odoo.rgbconsulting.com\/es\/producto\/call-my-name\/","og_locale":"es_ES","og_type":"article","og_title":"BATAAN, Joe - Call My Name -  (LP) | Guerssen","og_description":"Back in 2004, Vampisoul was extremely honoured to play a role in the return to recording of the legendary Joe Bataan, which fully materialized in the lauded 2005 album \"Call My Name\", written and produced by Daniel Coll\u00e1s. After being out of print for a while, the LP has now been revamped featuring new artwork and liner notes written by Andrew Mason and Daniel Coll\u00e1s, plus photos from the sessions. TRACKLIST Side 1 A1. CALL MY NAME A2. CHICK-A-BOOM A3. I'M THE FOOL Parts 1 & 2 A4. CYCLES OF YOU Side 2 B1. SECRET GIRL, MY SUPER FRAUD B2. ERNESTINE B3. CHEVERE QUE CHEVERE B4. KEEP THE CHANGE","og_url":"https:\/\/wpguerssen-test.odoo.rgbconsulting.com\/es\/producto\/call-my-name\/","og_site_name":"Guerssen records","article_modified_time":"2024-10-29T15:10:22+00:00","og_image":[{"width":382,"height":382,"url":"https:\/\/wpguerssen-test.odoo.rgbconsulting.com\/wp-content\/uploads\/2022\/03\/25903.jpg","type":"image\/jpeg"}],"twitter_card":"summary_large_image","twitter_title":"BATAAN, Joe - Call My Name -  (LP) | Guerssen","twitter_misc":{"Tiempo de lectura":"1 minuto"},"schema":{"@context":"https:\/\/schema.org","@graph":[{"@type":"WebPage","@id":"https:\/\/wpguerssen-test.odoo.rgbconsulting.com\/es\/producto\/call-my-name\/","url":"https:\/\/wpguerssen-test.odoo.rgbconsulting.com\/es\/producto\/call-my-name\/","name":"BATAAN, Joe - Call My Name - (LP) | Guerssen","isPartOf":{"@id":"https:\/\/wpguerssen-test.odoo.rgbconsulting.com\/es\/#website"},"primaryImageOfPage":{"@id":"https:\/\/wpguerssen-test.odoo.rgbconsulting.com\/es\/producto\/call-my-name\/#primaryimage"},"image":{"@id":"https:\/\/wpguerssen-test.odoo.rgbconsulting.com\/es\/producto\/call-my-name\/#primaryimage"},"thumbnailUrl":"https:\/\/wpguerssen-test.odoo.rgbconsulting.com\/wp-content\/uploads\/2022\/03\/25903.jpg","datePublished":"2019-07-28T22:00:00+00:00","dateModified":"2024-10-29T15:10:22+00:00","description":"Back in 2004, Vampisoul was extremely honoured to play a role in the return to recording of the legendary Joe Bataan, which fully materialized in the lauded 2005 album \"Call My Name\", written and produced by Daniel Coll\u00e1s. After being out of print for a while, the LP has now been revamped featuring new artwork and liner notes written by Andrew Mason and Daniel Coll\u00e1s, plus photos from the sessions. TRACKLIST Side 1 A1. CALL MY NAME A2. CHICK-A-BOOM A3. I'M THE FOOL Parts 1 & 2 A4. CYCLES OF YOU Side 2 B1. SECRET GIRL, MY SUPER FRAUD B2. ERNESTINE B3. CHEVERE QUE CHEVERE B4. KEEP THE CHANGE","breadcrumb":{"@id":"https:\/\/wpguerssen-test.odoo.rgbconsulting.com\/es\/producto\/call-my-name\/#breadcrumb"},"inLanguage":"es","potentialAction":[{"@type":"ReadAction","target":["https:\/\/wpguerssen-test.odoo.rgbconsulting.com\/es\/producto\/call-my-name\/"]}]},{"@type":"ImageObject","inLanguage":"es","@id":"https:\/\/wpguerssen-test.odoo.rgbconsulting.com\/es\/producto\/call-my-name\/#primaryimage","url":"https:\/\/wpguerssen-test.odoo.rgbconsulting.com\/wp-content\/uploads\/2022\/03\/25903.jpg","contentUrl":"https:\/\/wpguerssen-test.odoo.rgbconsulting.com\/wp-content\/uploads\/2022\/03\/25903.jpg","width":382,"height":382,"caption":"Joe - Call My Name - VAMPI SOUL (LP) | Guerssen"},{"@type":"BreadcrumbList","@id":"https:\/\/wpguerssen-test.odoo.rgbconsulting.com\/es\/producto\/call-my-name\/#breadcrumb","itemListElement":[{"@type":"ListItem","position":1,"name":"Inicio","item":"https:\/\/wpguerssen-test.odoo.rgbconsulting.com\/es\/"},{"@type":"ListItem","position":2,"name":"Shop","item":"https:\/\/wpguerssen-test.odoo.rgbconsulting.com\/shop\/"},{"@type":"ListItem","position":3,"name":"Call My Name"}]},{"@type":"WebSite","@id":"https:\/\/wpguerssen-test.odoo.rgbconsulting.com\/es\/#website","url":"https:\/\/wpguerssen-test.odoo.rgbconsulting.com\/es\/","name":"Guerssen records","description":"psychedelia - progressive - folk - garage ","publisher":{"@id":"https:\/\/wpguerssen-test.odoo.rgbconsulting.com\/es\/#organization"},"potentialAction":[{"@type":"SearchAction","target":{"@type":"EntryPoint","urlTemplate":"https:\/\/wpguerssen-test.odoo.rgbconsulting.com\/es\/?s={search_term_string}"},"query-input":{"@type":"PropertyValueSpecification","valueRequired":true,"valueName":"search_term_string"}}],"inLanguage":"es"},{"@type":"Organization","@id":"https:\/\/wpguerssen-test.odoo.rgbconsulting.com\/es\/#organization","name":"Guerssen records","url":"https:\/\/wpguerssen-test.odoo.rgbconsulting.com\/es\/","logo":{"@type":"ImageObject","inLanguage":"es","@id":"https:\/\/wpguerssen-test.odoo.rgbconsulting.com\/es\/#\/schema\/logo\/image\/","url":"https:\/\/wpguerssen-test.odoo.rgbconsulting.com\/wp-content\/uploads\/2022\/04\/Logo_Guerssen_trans_100.png","contentUrl":"https:\/\/wpguerssen-test.odoo.rgbconsulting.com\/wp-content\/uploads\/2022\/04\/Logo_Guerssen_trans_100.png","width":122,"height":100,"caption":"Guerssen records"},"image":{"@id":"https:\/\/wpguerssen-test.odoo.rgbconsulting.com\/es\/#\/schema\/logo\/image\/"}}]}},"_links":{"self":[{"href":"https:\/\/wpguerssen-test.odoo.rgbconsulting.com\/es\/wp-json\/wp\/v2\/product\/186127","targetHints":{"allow":["GET"]}}],"collection":[{"href":"https:\/\/wpguerssen-test.odoo.rgbconsulting.com\/es\/wp-json\/wp\/v2\/product"}],"about":[{"href":"https:\/\/wpguerssen-test.odoo.rgbconsulting.com\/es\/wp-json\/wp\/v2\/types\/product"}],"wp:featuredmedia":[{"embeddable":true,"href":"https:\/\/wpguerssen-test.odoo.rgbconsulting.com\/es\/wp-json\/wp\/v2\/media\/118963"}],"wp:attachment":[{"href":"https:\/\/wpguerssen-test.odoo.rgbconsulting.com\/es\/wp-json\/wp\/v2\/media?parent=186127"}],"wp:term":[{"taxonomy":"product_brand","embeddable":true,"href":"https:\/\/wpguerssen-test.odoo.rgbconsulting.com\/es\/wp-json\/wp\/v2\/product_brand?post=186127"},{"taxonomy":"product_cat","embeddable":true,"href":"https:\/\/wpguerssen-test.odoo.rgbconsulting.com\/es\/wp-json\/wp\/v2\/product_cat?post=186127"},{"taxonomy":"product_tag","embeddable":true,"href":"https:\/\/wpguerssen-test.odoo.rgbconsulting.com\/es\/wp-json\/wp\/v2\/product_tag?post=186127"}],"curies":[{"name":"wp","href":"https:\/\/api.w.org\/{rel}","templated":true}]}}