{"id":186179,"date":"2016-06-16T00:00:00","date_gmt":"2016-06-15T22:00:00","guid":{"rendered":"http:\/\/guerssen.hl1097.dinaserver.com\/product\/live-istanbul-1978\/"},"modified":"2025-04-16T17:49:24","modified_gmt":"2025-04-16T15:49:24","slug":"live-istanbul-1978","status":"publish","type":"product","link":"https:\/\/wpguerssen-test.odoo.rgbconsulting.com\/es\/producto\/live-istanbul-1978\/","title":{"rendered":"Live Istanbul 1978"},"content":{"rendered":"<p>Conciertazo de la leyenda del rock psicod\u00e9lico turco, grabado en la \u00e9poca de &#8216;Yeni Bir Gun&#8217; con sonido de audiencia aceptable. La cara A contienes canciones de dicho disco y en la B hay temas de su etapa 70-76, ejecutadas y mezcladas de forma similar a lo que luego grabar\u00eda para su disco &#8216;Disko Man\u00e7o&#8217; en 1980. <\/p>\n<p> TRACKLIST:  Sari \u00e7izmeli mehmet aga &#8211; Gesi Baglari &#8211; \u00c7oban yildizi &#8211; Bir selam sana g\u00f6n\u00fcl daglarindan &#8211; Intro &#8211; Daglar daglar &#8211; Nazar eyle &#8211; Gamzedeyim &#8211; Ben birilim &#8211; Iste hendek iste deve &#8211; Nick the Chopper &#8211; Kol basti<\/p>\n","protected":false},"excerpt":{"rendered":"<p>Conciertazo de la leyenda del rock psicod\u00e9lico turco, grabado en la \u00e9poca de &#8216;Yeni Bir Gun&#8217; con sonido de audiencia aceptable. La cara A contienes canciones<a class=\"read\" href=\"https:\/\/wpguerssen-test.odoo.rgbconsulting.com\/es\/producto\/live-istanbul-1978\/\"> (...)<\/a>","protected":false},"featured_media":119073,"template":"","meta":{"_acf_changed":false},"product_brand":[],"product_cat":[21639,23219],"product_tag":[],"class_list":{"0":"post-186179","1":"product","2":"type-product","3":"status-publish","4":"has-post-thumbnail","6":"product_cat-psychedelic60s-70s-es","7":"product_cat-funk-es","8":"pa_artist-manco-baris-es","9":"pa_format-lp-es","10":"pa_gender-psychedelic60s-70s-funk","11":"pa_label-keshkule","12":"pa_location-eastern-es","13":"pa_other-filters-vinyl-only-es","15":"first","16":"instock","17":"taxable","18":"shipping-taxable","19":"purchasable","20":"product-type-simple"},"acf":[],"yoast_head":"<!-- This site is optimized with the Yoast SEO plugin v24.9 - https:\/\/yoast.com\/wordpress\/plugins\/seo\/ -->\n<title>MAN\u00c7O, Baris - Live Istanbul 1978 -  (LP) | Guerssen<\/title>\n<meta name=\"description\" content=\"Baris Man\u00e7o had been in the Turkish music scene for 20 years at the time of this concert in late 1978. He had given his first concert in 1958 and recorded his first single in 1962, finally having a big hit in 1970 with his 18th Single &quot;Daglar Daglar&quot;.After enjoying a couple of years at the top he was called to do his army service in early 1972 and apart from 3 pre-recorded singles he was away from the music scene for over 18 months.With a dip in his career after the army service Baris Man\u00e7o was at a crossroads at the time of this concert, apart from 1 single in early 76 he had not had a Turkish release since 1975&#039;s &quot;2023&quot; LP.This performance was just before his second big explosion with the &quot;Yeni Bir Gun&quot; LP the following year, the first side of this album is taken up with songs that would form side A of that album, While side B is a look back on his career with songs from the middle part of his career (70-76), a studio version on this potpourri of songs would find themselves on the Disko Man\u00e7o Album released in 1980. #nl# TRACKLIST: Sari \u00e7izmeli mehmet aga - Gesi Baglari - \u00c7oban yildizi - Bir selam sana g\u00f6n\u00fcl daglarindan - Intro - Daglar daglar - Nazar eyle - Gamzedeyim - Ben birilim - Iste hendek iste deve - Nick the Chopper - Kol basti\" \/>\n<meta name=\"robots\" content=\"index, follow, max-snippet:-1, max-image-preview:large, max-video-preview:-1\" \/>\n<link rel=\"canonical\" href=\"https:\/\/wpguerssen-test.odoo.rgbconsulting.com\/es\/producto\/live-istanbul-1978\/\" \/>\n<meta property=\"og:locale\" content=\"es_ES\" \/>\n<meta property=\"og:type\" content=\"article\" \/>\n<meta property=\"og:title\" content=\"MAN\u00c7O, Baris - Live Istanbul 1978 -  (LP) | Guerssen\" \/>\n<meta property=\"og:description\" content=\"Baris Man\u00e7o had been in the Turkish music scene for 20 years at the time of this concert in late 1978. He had given his first concert in 1958 and recorded his first single in 1962, finally having a big hit in 1970 with his 18th Single &quot;Daglar Daglar&quot;.After enjoying a couple of years at the top he was called to do his army service in early 1972 and apart from 3 pre-recorded singles he was away from the music scene for over 18 months.With a dip in his career after the army service Baris Man\u00e7o was at a crossroads at the time of this concert, apart from 1 single in early 76 he had not had a Turkish release since 1975&#039;s &quot;2023&quot; LP.This performance was just before his second big explosion with the &quot;Yeni Bir Gun&quot; LP the following year, the first side of this album is taken up with songs that would form side A of that album, While side B is a look back on his career with songs from the middle part of his career (70-76), a studio version on this potpourri of songs would find themselves on the Disko Man\u00e7o Album released in 1980. #nl# TRACKLIST: Sari \u00e7izmeli mehmet aga - Gesi Baglari - \u00c7oban yildizi - Bir selam sana g\u00f6n\u00fcl daglarindan - Intro - Daglar daglar - Nazar eyle - Gamzedeyim - Ben birilim - Iste hendek iste deve - Nick the Chopper - Kol basti\" \/>\n<meta property=\"og:url\" content=\"https:\/\/wpguerssen-test.odoo.rgbconsulting.com\/es\/producto\/live-istanbul-1978\/\" \/>\n<meta property=\"og:site_name\" content=\"Guerssen records\" \/>\n<meta property=\"article:modified_time\" content=\"2025-04-16T15:49:24+00:00\" \/>\n<meta property=\"og:image\" content=\"https:\/\/wpguerssen-test.odoo.rgbconsulting.com\/wp-content\/uploads\/2022\/03\/26025.jpg\" \/>\n\t<meta property=\"og:image:width\" content=\"427\" \/>\n\t<meta property=\"og:image:height\" content=\"427\" \/>\n\t<meta property=\"og:image:type\" content=\"image\/jpeg\" \/>\n<meta name=\"twitter:card\" content=\"summary_large_image\" \/>\n<meta name=\"twitter:title\" content=\"MAN\u00c7O, Baris - Live Istanbul 1978 -  (LP) | Guerssen\" \/>\n<meta name=\"twitter:label1\" content=\"Tiempo de lectura\" \/>\n\t<meta name=\"twitter:data1\" content=\"1 minuto\" \/>\n<script type=\"application\/ld+json\" class=\"yoast-schema-graph\">{\"@context\":\"https:\/\/schema.org\",\"@graph\":[{\"@type\":\"WebPage\",\"@id\":\"https:\/\/wpguerssen-test.odoo.rgbconsulting.com\/es\/producto\/live-istanbul-1978\/\",\"url\":\"https:\/\/wpguerssen-test.odoo.rgbconsulting.com\/es\/producto\/live-istanbul-1978\/\",\"name\":\"MAN\u00c7O, Baris - Live Istanbul 1978 - (LP) | Guerssen\",\"isPartOf\":{\"@id\":\"https:\/\/wpguerssen-test.odoo.rgbconsulting.com\/es\/#website\"},\"primaryImageOfPage\":{\"@id\":\"https:\/\/wpguerssen-test.odoo.rgbconsulting.com\/es\/producto\/live-istanbul-1978\/#primaryimage\"},\"image\":{\"@id\":\"https:\/\/wpguerssen-test.odoo.rgbconsulting.com\/es\/producto\/live-istanbul-1978\/#primaryimage\"},\"thumbnailUrl\":\"https:\/\/wpguerssen-test.odoo.rgbconsulting.com\/wp-content\/uploads\/2022\/03\/26025.jpg\",\"datePublished\":\"2016-06-15T22:00:00+00:00\",\"dateModified\":\"2025-04-16T15:49:24+00:00\",\"description\":\"Baris Man\u00e7o had been in the Turkish music scene for 20 years at the time of this concert in late 1978. He had given his first concert in 1958 and recorded his first single in 1962, finally having a big hit in 1970 with his 18th Single \\\"Daglar Daglar\\\".After enjoying a couple of years at the top he was called to do his army service in early 1972 and apart from 3 pre-recorded singles he was away from the music scene for over 18 months.With a dip in his career after the army service Baris Man\u00e7o was at a crossroads at the time of this concert, apart from 1 single in early 76 he had not had a Turkish release since 1975's \\\"2023\\\" LP.This performance was just before his second big explosion with the \\\"Yeni Bir Gun\\\" LP the following year, the first side of this album is taken up with songs that would form side A of that album, While side B is a look back on his career with songs from the middle part of his career (70-76), a studio version on this potpourri of songs would find themselves on the Disko Man\u00e7o Album released in 1980. #nl# TRACKLIST: Sari \u00e7izmeli mehmet aga - Gesi Baglari - \u00c7oban yildizi - Bir selam sana g\u00f6n\u00fcl daglarindan - Intro - Daglar daglar - Nazar eyle - Gamzedeyim - Ben birilim - Iste hendek iste deve - Nick the Chopper - Kol basti\",\"breadcrumb\":{\"@id\":\"https:\/\/wpguerssen-test.odoo.rgbconsulting.com\/es\/producto\/live-istanbul-1978\/#breadcrumb\"},\"inLanguage\":\"es\",\"potentialAction\":[{\"@type\":\"ReadAction\",\"target\":[\"https:\/\/wpguerssen-test.odoo.rgbconsulting.com\/es\/producto\/live-istanbul-1978\/\"]}]},{\"@type\":\"ImageObject\",\"inLanguage\":\"es\",\"@id\":\"https:\/\/wpguerssen-test.odoo.rgbconsulting.com\/es\/producto\/live-istanbul-1978\/#primaryimage\",\"url\":\"https:\/\/wpguerssen-test.odoo.rgbconsulting.com\/wp-content\/uploads\/2022\/03\/26025.jpg\",\"contentUrl\":\"https:\/\/wpguerssen-test.odoo.rgbconsulting.com\/wp-content\/uploads\/2022\/03\/26025.jpg\",\"width\":427,\"height\":427,\"caption\":\"Baris - Live Istanbul 1978 - KESHKULE (LP) | Guerssen\"},{\"@type\":\"BreadcrumbList\",\"@id\":\"https:\/\/wpguerssen-test.odoo.rgbconsulting.com\/es\/producto\/live-istanbul-1978\/#breadcrumb\",\"itemListElement\":[{\"@type\":\"ListItem\",\"position\":1,\"name\":\"Inicio\",\"item\":\"https:\/\/wpguerssen-test.odoo.rgbconsulting.com\/es\/\"},{\"@type\":\"ListItem\",\"position\":2,\"name\":\"Shop\",\"item\":\"https:\/\/wpguerssen-test.odoo.rgbconsulting.com\/shop\/\"},{\"@type\":\"ListItem\",\"position\":3,\"name\":\"Live Istanbul 1978\"}]},{\"@type\":\"WebSite\",\"@id\":\"https:\/\/wpguerssen-test.odoo.rgbconsulting.com\/es\/#website\",\"url\":\"https:\/\/wpguerssen-test.odoo.rgbconsulting.com\/es\/\",\"name\":\"Guerssen records\",\"description\":\"psychedelia - progressive - folk - garage \",\"publisher\":{\"@id\":\"https:\/\/wpguerssen-test.odoo.rgbconsulting.com\/es\/#organization\"},\"potentialAction\":[{\"@type\":\"SearchAction\",\"target\":{\"@type\":\"EntryPoint\",\"urlTemplate\":\"https:\/\/wpguerssen-test.odoo.rgbconsulting.com\/es\/?s={search_term_string}\"},\"query-input\":{\"@type\":\"PropertyValueSpecification\",\"valueRequired\":true,\"valueName\":\"search_term_string\"}}],\"inLanguage\":\"es\"},{\"@type\":\"Organization\",\"@id\":\"https:\/\/wpguerssen-test.odoo.rgbconsulting.com\/es\/#organization\",\"name\":\"Guerssen records\",\"url\":\"https:\/\/wpguerssen-test.odoo.rgbconsulting.com\/es\/\",\"logo\":{\"@type\":\"ImageObject\",\"inLanguage\":\"es\",\"@id\":\"https:\/\/wpguerssen-test.odoo.rgbconsulting.com\/es\/#\/schema\/logo\/image\/\",\"url\":\"https:\/\/wpguerssen-test.odoo.rgbconsulting.com\/wp-content\/uploads\/2022\/04\/Logo_Guerssen_trans_100.png\",\"contentUrl\":\"https:\/\/wpguerssen-test.odoo.rgbconsulting.com\/wp-content\/uploads\/2022\/04\/Logo_Guerssen_trans_100.png\",\"width\":122,\"height\":100,\"caption\":\"Guerssen records\"},\"image\":{\"@id\":\"https:\/\/wpguerssen-test.odoo.rgbconsulting.com\/es\/#\/schema\/logo\/image\/\"}}]}<\/script>\n<!-- \/ Yoast SEO plugin. -->","yoast_head_json":{"title":"MAN\u00c7O, Baris - Live Istanbul 1978 -  (LP) | Guerssen","description":"Baris Man\u00e7o had been in the Turkish music scene for 20 years at the time of this concert in late 1978. He had given his first concert in 1958 and recorded his first single in 1962, finally having a big hit in 1970 with his 18th Single \"Daglar Daglar\".After enjoying a couple of years at the top he was called to do his army service in early 1972 and apart from 3 pre-recorded singles he was away from the music scene for over 18 months.With a dip in his career after the army service Baris Man\u00e7o was at a crossroads at the time of this concert, apart from 1 single in early 76 he had not had a Turkish release since 1975's \"2023\" LP.This performance was just before his second big explosion with the \"Yeni Bir Gun\" LP the following year, the first side of this album is taken up with songs that would form side A of that album, While side B is a look back on his career with songs from the middle part of his career (70-76), a studio version on this potpourri of songs would find themselves on the Disko Man\u00e7o Album released in 1980. #nl# TRACKLIST: Sari \u00e7izmeli mehmet aga - Gesi Baglari - \u00c7oban yildizi - Bir selam sana g\u00f6n\u00fcl daglarindan - Intro - Daglar daglar - Nazar eyle - Gamzedeyim - Ben birilim - Iste hendek iste deve - Nick the Chopper - Kol basti","robots":{"index":"index","follow":"follow","max-snippet":"max-snippet:-1","max-image-preview":"max-image-preview:large","max-video-preview":"max-video-preview:-1"},"canonical":"https:\/\/wpguerssen-test.odoo.rgbconsulting.com\/es\/producto\/live-istanbul-1978\/","og_locale":"es_ES","og_type":"article","og_title":"MAN\u00c7O, Baris - Live Istanbul 1978 -  (LP) | Guerssen","og_description":"Baris Man\u00e7o had been in the Turkish music scene for 20 years at the time of this concert in late 1978. He had given his first concert in 1958 and recorded his first single in 1962, finally having a big hit in 1970 with his 18th Single \"Daglar Daglar\".After enjoying a couple of years at the top he was called to do his army service in early 1972 and apart from 3 pre-recorded singles he was away from the music scene for over 18 months.With a dip in his career after the army service Baris Man\u00e7o was at a crossroads at the time of this concert, apart from 1 single in early 76 he had not had a Turkish release since 1975's \"2023\" LP.This performance was just before his second big explosion with the \"Yeni Bir Gun\" LP the following year, the first side of this album is taken up with songs that would form side A of that album, While side B is a look back on his career with songs from the middle part of his career (70-76), a studio version on this potpourri of songs would find themselves on the Disko Man\u00e7o Album released in 1980. #nl# TRACKLIST: Sari \u00e7izmeli mehmet aga - Gesi Baglari - \u00c7oban yildizi - Bir selam sana g\u00f6n\u00fcl daglarindan - Intro - Daglar daglar - Nazar eyle - Gamzedeyim - Ben birilim - Iste hendek iste deve - Nick the Chopper - Kol basti","og_url":"https:\/\/wpguerssen-test.odoo.rgbconsulting.com\/es\/producto\/live-istanbul-1978\/","og_site_name":"Guerssen records","article_modified_time":"2025-04-16T15:49:24+00:00","og_image":[{"width":427,"height":427,"url":"https:\/\/wpguerssen-test.odoo.rgbconsulting.com\/wp-content\/uploads\/2022\/03\/26025.jpg","type":"image\/jpeg"}],"twitter_card":"summary_large_image","twitter_title":"MAN\u00c7O, Baris - Live Istanbul 1978 -  (LP) | Guerssen","twitter_misc":{"Tiempo de lectura":"1 minuto"},"schema":{"@context":"https:\/\/schema.org","@graph":[{"@type":"WebPage","@id":"https:\/\/wpguerssen-test.odoo.rgbconsulting.com\/es\/producto\/live-istanbul-1978\/","url":"https:\/\/wpguerssen-test.odoo.rgbconsulting.com\/es\/producto\/live-istanbul-1978\/","name":"MAN\u00c7O, Baris - Live Istanbul 1978 - (LP) | Guerssen","isPartOf":{"@id":"https:\/\/wpguerssen-test.odoo.rgbconsulting.com\/es\/#website"},"primaryImageOfPage":{"@id":"https:\/\/wpguerssen-test.odoo.rgbconsulting.com\/es\/producto\/live-istanbul-1978\/#primaryimage"},"image":{"@id":"https:\/\/wpguerssen-test.odoo.rgbconsulting.com\/es\/producto\/live-istanbul-1978\/#primaryimage"},"thumbnailUrl":"https:\/\/wpguerssen-test.odoo.rgbconsulting.com\/wp-content\/uploads\/2022\/03\/26025.jpg","datePublished":"2016-06-15T22:00:00+00:00","dateModified":"2025-04-16T15:49:24+00:00","description":"Baris Man\u00e7o had been in the Turkish music scene for 20 years at the time of this concert in late 1978. He had given his first concert in 1958 and recorded his first single in 1962, finally having a big hit in 1970 with his 18th Single \"Daglar Daglar\".After enjoying a couple of years at the top he was called to do his army service in early 1972 and apart from 3 pre-recorded singles he was away from the music scene for over 18 months.With a dip in his career after the army service Baris Man\u00e7o was at a crossroads at the time of this concert, apart from 1 single in early 76 he had not had a Turkish release since 1975's \"2023\" LP.This performance was just before his second big explosion with the \"Yeni Bir Gun\" LP the following year, the first side of this album is taken up with songs that would form side A of that album, While side B is a look back on his career with songs from the middle part of his career (70-76), a studio version on this potpourri of songs would find themselves on the Disko Man\u00e7o Album released in 1980. #nl# TRACKLIST: Sari \u00e7izmeli mehmet aga - Gesi Baglari - \u00c7oban yildizi - Bir selam sana g\u00f6n\u00fcl daglarindan - Intro - Daglar daglar - Nazar eyle - Gamzedeyim - Ben birilim - Iste hendek iste deve - Nick the Chopper - Kol basti","breadcrumb":{"@id":"https:\/\/wpguerssen-test.odoo.rgbconsulting.com\/es\/producto\/live-istanbul-1978\/#breadcrumb"},"inLanguage":"es","potentialAction":[{"@type":"ReadAction","target":["https:\/\/wpguerssen-test.odoo.rgbconsulting.com\/es\/producto\/live-istanbul-1978\/"]}]},{"@type":"ImageObject","inLanguage":"es","@id":"https:\/\/wpguerssen-test.odoo.rgbconsulting.com\/es\/producto\/live-istanbul-1978\/#primaryimage","url":"https:\/\/wpguerssen-test.odoo.rgbconsulting.com\/wp-content\/uploads\/2022\/03\/26025.jpg","contentUrl":"https:\/\/wpguerssen-test.odoo.rgbconsulting.com\/wp-content\/uploads\/2022\/03\/26025.jpg","width":427,"height":427,"caption":"Baris - Live Istanbul 1978 - KESHKULE (LP) | Guerssen"},{"@type":"BreadcrumbList","@id":"https:\/\/wpguerssen-test.odoo.rgbconsulting.com\/es\/producto\/live-istanbul-1978\/#breadcrumb","itemListElement":[{"@type":"ListItem","position":1,"name":"Inicio","item":"https:\/\/wpguerssen-test.odoo.rgbconsulting.com\/es\/"},{"@type":"ListItem","position":2,"name":"Shop","item":"https:\/\/wpguerssen-test.odoo.rgbconsulting.com\/shop\/"},{"@type":"ListItem","position":3,"name":"Live Istanbul 1978"}]},{"@type":"WebSite","@id":"https:\/\/wpguerssen-test.odoo.rgbconsulting.com\/es\/#website","url":"https:\/\/wpguerssen-test.odoo.rgbconsulting.com\/es\/","name":"Guerssen records","description":"psychedelia - progressive - folk - garage ","publisher":{"@id":"https:\/\/wpguerssen-test.odoo.rgbconsulting.com\/es\/#organization"},"potentialAction":[{"@type":"SearchAction","target":{"@type":"EntryPoint","urlTemplate":"https:\/\/wpguerssen-test.odoo.rgbconsulting.com\/es\/?s={search_term_string}"},"query-input":{"@type":"PropertyValueSpecification","valueRequired":true,"valueName":"search_term_string"}}],"inLanguage":"es"},{"@type":"Organization","@id":"https:\/\/wpguerssen-test.odoo.rgbconsulting.com\/es\/#organization","name":"Guerssen records","url":"https:\/\/wpguerssen-test.odoo.rgbconsulting.com\/es\/","logo":{"@type":"ImageObject","inLanguage":"es","@id":"https:\/\/wpguerssen-test.odoo.rgbconsulting.com\/es\/#\/schema\/logo\/image\/","url":"https:\/\/wpguerssen-test.odoo.rgbconsulting.com\/wp-content\/uploads\/2022\/04\/Logo_Guerssen_trans_100.png","contentUrl":"https:\/\/wpguerssen-test.odoo.rgbconsulting.com\/wp-content\/uploads\/2022\/04\/Logo_Guerssen_trans_100.png","width":122,"height":100,"caption":"Guerssen records"},"image":{"@id":"https:\/\/wpguerssen-test.odoo.rgbconsulting.com\/es\/#\/schema\/logo\/image\/"}}]}},"_links":{"self":[{"href":"https:\/\/wpguerssen-test.odoo.rgbconsulting.com\/es\/wp-json\/wp\/v2\/product\/186179","targetHints":{"allow":["GET"]}}],"collection":[{"href":"https:\/\/wpguerssen-test.odoo.rgbconsulting.com\/es\/wp-json\/wp\/v2\/product"}],"about":[{"href":"https:\/\/wpguerssen-test.odoo.rgbconsulting.com\/es\/wp-json\/wp\/v2\/types\/product"}],"wp:featuredmedia":[{"embeddable":true,"href":"https:\/\/wpguerssen-test.odoo.rgbconsulting.com\/es\/wp-json\/wp\/v2\/media\/119073"}],"wp:attachment":[{"href":"https:\/\/wpguerssen-test.odoo.rgbconsulting.com\/es\/wp-json\/wp\/v2\/media?parent=186179"}],"wp:term":[{"taxonomy":"product_brand","embeddable":true,"href":"https:\/\/wpguerssen-test.odoo.rgbconsulting.com\/es\/wp-json\/wp\/v2\/product_brand?post=186179"},{"taxonomy":"product_cat","embeddable":true,"href":"https:\/\/wpguerssen-test.odoo.rgbconsulting.com\/es\/wp-json\/wp\/v2\/product_cat?post=186179"},{"taxonomy":"product_tag","embeddable":true,"href":"https:\/\/wpguerssen-test.odoo.rgbconsulting.com\/es\/wp-json\/wp\/v2\/product_tag?post=186179"}],"curies":[{"name":"wp","href":"https:\/\/api.w.org\/{rel}","templated":true}]}}