{"id":186269,"date":"2016-10-25T00:00:00","date_gmt":"2016-10-24T22:00:00","guid":{"rendered":"http:\/\/guerssen.hl1097.dinaserver.com\/product\/anatolian-break-dance-cd\/"},"modified":"2024-02-19T11:39:40","modified_gmt":"2024-02-19T10:39:40","slug":"anatolian-break-dance-cd","status":"publish","type":"product","link":"https:\/\/wpguerssen-test.odoo.rgbconsulting.com\/es\/producto\/anatolian-break-dance-cd\/","title":{"rendered":"Anatolian Break Dance (CD)"},"content":{"rendered":"<p>Incre\u00edble disco que, a pesar del t\u00edtulo, poco tiene de break dance! Lo que s\u00ed encontrar\u00e1s es una delirante mezcla de meliod\u00edas turcas ancestrales con arreglos boogie-disco-funk-electro 80s: beat boxes, efectos anal\u00f3gicos tipo \u00abAtari\u00bb, sintes, guitarra distorsionada&#8230; <\/p>\n<p> Grabado por un an\u00f3nimo grupo de estudio y editado en 1985 por el sello Diskot\u00fcr. <\/p>\n<p> Recomendado tanto si te gusta el funk exotico turco como el cosmic-boogie-disco 80s, Balearic y oriental grooves. <\/p>\n<p>Tracklist:<br \/>\u00c7ingeneler Masa Yapar Satarlar  <br \/>\u00c7adirimin \u00dcst\u00fcne Sip dedi + Mastika  <br \/>Silifkenin Yogurdu  <br \/>Break D\u00f6kt\u00fcr\u00fc<br \/>Adanali Funk<br \/>Kadifeden Kesesi<br \/>Findik Dallari<br \/>Azize<br \/>Misket \u00abFarfara\u00bb<br \/>Aman Yavrum Nazlanma<br \/>Konyali<br \/>Kasap Havasi<\/p>\n","protected":false},"excerpt":{"rendered":"<p>Incre\u00edble disco que, a pesar del t\u00edtulo, poco tiene de break dance! Lo que s\u00ed encontrar\u00e1s es una delirante mezcla de meliod\u00edas turcas ancestrales con arreglos<a class=\"read\" href=\"https:\/\/wpguerssen-test.odoo.rgbconsulting.com\/es\/producto\/anatolian-break-dance-cd\/\"> (...)<\/a>","protected":false},"featured_media":119263,"template":"","meta":{"_acf_changed":false},"product_brand":[],"product_cat":[23219,23265],"product_tag":[29138],"class_list":{"0":"post-186269","1":"product","2":"type-product","3":"status-publish","4":"has-post-thumbnail","6":"product_cat-funk-es","7":"product_cat-disco-cosmic-italo-es","8":"product_tag-cd-es","9":"pa_artist-group-titan-es","10":"pa_format-cd-2-es","11":"pa_gender-disco-cosmic-italo-funk","12":"pa_label-pharaway-sounds-es","13":"pa_location-eastern-es","15":"first","16":"instock","17":"taxable","18":"shipping-taxable","19":"purchasable","20":"product-type-simple"},"acf":[],"yoast_head":"<!-- This site is optimized with the Yoast SEO plugin v24.9 - https:\/\/yoast.com\/wordpress\/plugins\/seo\/ -->\n<title>GROUP TITAN - Anatolian Break Dance (CD) -  (CD) | Guerssen<\/title>\n<meta name=\"description\" content=\"Turkish ancient melodies get an 80s electro-funk treatment on this obscure album, originally released on the Diskot\u00fcr label in 1985. #nl# Probably the work of an &quot;ad-hoc&quot; studio band (nothing is known about the musicians), this is a delirious mix of exotic melodies and lots of analog synths, cheap Atari-styled electronic effects, distorted guitar and 80s beatboxes. #nl# File under: Anatolian Funk, 80s Boogie \/ Electro, Cosmic Disco, Balearic, Oriental Grooves... #nl# First ever reissue! #nl# Tracklist:\u00c7ingeneler Masa Yapar Satarlar \u00c7adirimin \u00dcst\u00fcne Sip dedi + Mastika Silifkenin Yogurdu Break D\u00f6kt\u00fcr\u00fcAdanali FunkKadifeden KesesiFindik DallariAzizeMisket &quot;Farfara&quot;Aman Yavrum NazlanmaKonyaliKasap Havasi\" \/>\n<meta name=\"robots\" content=\"index, follow, max-snippet:-1, max-image-preview:large, max-video-preview:-1\" \/>\n<link rel=\"canonical\" href=\"https:\/\/wpguerssen-test.odoo.rgbconsulting.com\/es\/producto\/anatolian-break-dance-cd\/\" \/>\n<meta property=\"og:locale\" content=\"es_ES\" \/>\n<meta property=\"og:type\" content=\"article\" \/>\n<meta property=\"og:title\" content=\"GROUP TITAN - Anatolian Break Dance (CD) -  (CD) | Guerssen\" \/>\n<meta property=\"og:description\" content=\"Turkish ancient melodies get an 80s electro-funk treatment on this obscure album, originally released on the Diskot\u00fcr label in 1985. #nl# Probably the work of an &quot;ad-hoc&quot; studio band (nothing is known about the musicians), this is a delirious mix of exotic melodies and lots of analog synths, cheap Atari-styled electronic effects, distorted guitar and 80s beatboxes. #nl# File under: Anatolian Funk, 80s Boogie \/ Electro, Cosmic Disco, Balearic, Oriental Grooves... #nl# First ever reissue! #nl# Tracklist:\u00c7ingeneler Masa Yapar Satarlar \u00c7adirimin \u00dcst\u00fcne Sip dedi + Mastika Silifkenin Yogurdu Break D\u00f6kt\u00fcr\u00fcAdanali FunkKadifeden KesesiFindik DallariAzizeMisket &quot;Farfara&quot;Aman Yavrum NazlanmaKonyaliKasap Havasi\" \/>\n<meta property=\"og:url\" content=\"https:\/\/wpguerssen-test.odoo.rgbconsulting.com\/es\/producto\/anatolian-break-dance-cd\/\" \/>\n<meta property=\"og:site_name\" content=\"Guerssen records\" \/>\n<meta property=\"article:modified_time\" content=\"2024-02-19T10:39:40+00:00\" \/>\n<meta property=\"og:image\" content=\"https:\/\/wpguerssen-test.odoo.rgbconsulting.com\/wp-content\/uploads\/2022\/03\/26363.jpg\" \/>\n\t<meta property=\"og:image:width\" content=\"1430\" \/>\n\t<meta property=\"og:image:height\" content=\"1430\" \/>\n\t<meta property=\"og:image:type\" content=\"image\/jpeg\" \/>\n<meta name=\"twitter:card\" content=\"summary_large_image\" \/>\n<meta name=\"twitter:title\" content=\"GROUP TITAN - Anatolian Break Dance (CD) -  (CD) | Guerssen\" \/>\n<meta name=\"twitter:label1\" content=\"Tiempo de lectura\" \/>\n\t<meta name=\"twitter:data1\" content=\"1 minuto\" \/>\n<script type=\"application\/ld+json\" class=\"yoast-schema-graph\">{\"@context\":\"https:\/\/schema.org\",\"@graph\":[{\"@type\":\"WebPage\",\"@id\":\"https:\/\/wpguerssen-test.odoo.rgbconsulting.com\/es\/producto\/anatolian-break-dance-cd\/\",\"url\":\"https:\/\/wpguerssen-test.odoo.rgbconsulting.com\/es\/producto\/anatolian-break-dance-cd\/\",\"name\":\"GROUP TITAN - Anatolian Break Dance (CD) - (CD) | Guerssen\",\"isPartOf\":{\"@id\":\"https:\/\/wpguerssen-test.odoo.rgbconsulting.com\/es\/#website\"},\"primaryImageOfPage\":{\"@id\":\"https:\/\/wpguerssen-test.odoo.rgbconsulting.com\/es\/producto\/anatolian-break-dance-cd\/#primaryimage\"},\"image\":{\"@id\":\"https:\/\/wpguerssen-test.odoo.rgbconsulting.com\/es\/producto\/anatolian-break-dance-cd\/#primaryimage\"},\"thumbnailUrl\":\"https:\/\/wpguerssen-test.odoo.rgbconsulting.com\/wp-content\/uploads\/2022\/03\/26363.jpg\",\"datePublished\":\"2016-10-24T22:00:00+00:00\",\"dateModified\":\"2024-02-19T10:39:40+00:00\",\"description\":\"Turkish ancient melodies get an 80s electro-funk treatment on this obscure album, originally released on the Diskot\u00fcr label in 1985. #nl# Probably the work of an \\\"ad-hoc\\\" studio band (nothing is known about the musicians), this is a delirious mix of exotic melodies and lots of analog synths, cheap Atari-styled electronic effects, distorted guitar and 80s beatboxes. #nl# File under: Anatolian Funk, 80s Boogie \/ Electro, Cosmic Disco, Balearic, Oriental Grooves... #nl# First ever reissue! #nl# Tracklist:\u00c7ingeneler Masa Yapar Satarlar \u00c7adirimin \u00dcst\u00fcne Sip dedi + Mastika Silifkenin Yogurdu Break D\u00f6kt\u00fcr\u00fcAdanali FunkKadifeden KesesiFindik DallariAzizeMisket \\\"Farfara\\\"Aman Yavrum NazlanmaKonyaliKasap Havasi\",\"breadcrumb\":{\"@id\":\"https:\/\/wpguerssen-test.odoo.rgbconsulting.com\/es\/producto\/anatolian-break-dance-cd\/#breadcrumb\"},\"inLanguage\":\"es\",\"potentialAction\":[{\"@type\":\"ReadAction\",\"target\":[\"https:\/\/wpguerssen-test.odoo.rgbconsulting.com\/es\/producto\/anatolian-break-dance-cd\/\"]}]},{\"@type\":\"ImageObject\",\"inLanguage\":\"es\",\"@id\":\"https:\/\/wpguerssen-test.odoo.rgbconsulting.com\/es\/producto\/anatolian-break-dance-cd\/#primaryimage\",\"url\":\"https:\/\/wpguerssen-test.odoo.rgbconsulting.com\/wp-content\/uploads\/2022\/03\/26363.jpg\",\"contentUrl\":\"https:\/\/wpguerssen-test.odoo.rgbconsulting.com\/wp-content\/uploads\/2022\/03\/26363.jpg\",\"width\":1430,\"height\":1430,\"caption\":\"GROUP TITAN - Anatolian Break Dance (CD) - PHARAWAY SOUNDS (CD) | Guerssen\"},{\"@type\":\"BreadcrumbList\",\"@id\":\"https:\/\/wpguerssen-test.odoo.rgbconsulting.com\/es\/producto\/anatolian-break-dance-cd\/#breadcrumb\",\"itemListElement\":[{\"@type\":\"ListItem\",\"position\":1,\"name\":\"Inicio\",\"item\":\"https:\/\/wpguerssen-test.odoo.rgbconsulting.com\/es\/\"},{\"@type\":\"ListItem\",\"position\":2,\"name\":\"Shop\",\"item\":\"https:\/\/wpguerssen-test.odoo.rgbconsulting.com\/shop\/\"},{\"@type\":\"ListItem\",\"position\":3,\"name\":\"Anatolian Break Dance (CD)\"}]},{\"@type\":\"WebSite\",\"@id\":\"https:\/\/wpguerssen-test.odoo.rgbconsulting.com\/es\/#website\",\"url\":\"https:\/\/wpguerssen-test.odoo.rgbconsulting.com\/es\/\",\"name\":\"Guerssen records\",\"description\":\"psychedelia - progressive - folk - garage \",\"publisher\":{\"@id\":\"https:\/\/wpguerssen-test.odoo.rgbconsulting.com\/es\/#organization\"},\"potentialAction\":[{\"@type\":\"SearchAction\",\"target\":{\"@type\":\"EntryPoint\",\"urlTemplate\":\"https:\/\/wpguerssen-test.odoo.rgbconsulting.com\/es\/?s={search_term_string}\"},\"query-input\":{\"@type\":\"PropertyValueSpecification\",\"valueRequired\":true,\"valueName\":\"search_term_string\"}}],\"inLanguage\":\"es\"},{\"@type\":\"Organization\",\"@id\":\"https:\/\/wpguerssen-test.odoo.rgbconsulting.com\/es\/#organization\",\"name\":\"Guerssen records\",\"url\":\"https:\/\/wpguerssen-test.odoo.rgbconsulting.com\/es\/\",\"logo\":{\"@type\":\"ImageObject\",\"inLanguage\":\"es\",\"@id\":\"https:\/\/wpguerssen-test.odoo.rgbconsulting.com\/es\/#\/schema\/logo\/image\/\",\"url\":\"https:\/\/wpguerssen-test.odoo.rgbconsulting.com\/wp-content\/uploads\/2022\/04\/Logo_Guerssen_trans_100.png\",\"contentUrl\":\"https:\/\/wpguerssen-test.odoo.rgbconsulting.com\/wp-content\/uploads\/2022\/04\/Logo_Guerssen_trans_100.png\",\"width\":122,\"height\":100,\"caption\":\"Guerssen records\"},\"image\":{\"@id\":\"https:\/\/wpguerssen-test.odoo.rgbconsulting.com\/es\/#\/schema\/logo\/image\/\"}}]}<\/script>\n<!-- \/ Yoast SEO plugin. -->","yoast_head_json":{"title":"GROUP TITAN - Anatolian Break Dance (CD) -  (CD) | Guerssen","description":"Turkish ancient melodies get an 80s electro-funk treatment on this obscure album, originally released on the Diskot\u00fcr label in 1985. #nl# Probably the work of an \"ad-hoc\" studio band (nothing is known about the musicians), this is a delirious mix of exotic melodies and lots of analog synths, cheap Atari-styled electronic effects, distorted guitar and 80s beatboxes. #nl# File under: Anatolian Funk, 80s Boogie \/ Electro, Cosmic Disco, Balearic, Oriental Grooves... #nl# First ever reissue! #nl# Tracklist:\u00c7ingeneler Masa Yapar Satarlar \u00c7adirimin \u00dcst\u00fcne Sip dedi + Mastika Silifkenin Yogurdu Break D\u00f6kt\u00fcr\u00fcAdanali FunkKadifeden KesesiFindik DallariAzizeMisket \"Farfara\"Aman Yavrum NazlanmaKonyaliKasap Havasi","robots":{"index":"index","follow":"follow","max-snippet":"max-snippet:-1","max-image-preview":"max-image-preview:large","max-video-preview":"max-video-preview:-1"},"canonical":"https:\/\/wpguerssen-test.odoo.rgbconsulting.com\/es\/producto\/anatolian-break-dance-cd\/","og_locale":"es_ES","og_type":"article","og_title":"GROUP TITAN - Anatolian Break Dance (CD) -  (CD) | Guerssen","og_description":"Turkish ancient melodies get an 80s electro-funk treatment on this obscure album, originally released on the Diskot\u00fcr label in 1985. #nl# Probably the work of an \"ad-hoc\" studio band (nothing is known about the musicians), this is a delirious mix of exotic melodies and lots of analog synths, cheap Atari-styled electronic effects, distorted guitar and 80s beatboxes. #nl# File under: Anatolian Funk, 80s Boogie \/ Electro, Cosmic Disco, Balearic, Oriental Grooves... #nl# First ever reissue! #nl# Tracklist:\u00c7ingeneler Masa Yapar Satarlar \u00c7adirimin \u00dcst\u00fcne Sip dedi + Mastika Silifkenin Yogurdu Break D\u00f6kt\u00fcr\u00fcAdanali FunkKadifeden KesesiFindik DallariAzizeMisket \"Farfara\"Aman Yavrum NazlanmaKonyaliKasap Havasi","og_url":"https:\/\/wpguerssen-test.odoo.rgbconsulting.com\/es\/producto\/anatolian-break-dance-cd\/","og_site_name":"Guerssen records","article_modified_time":"2024-02-19T10:39:40+00:00","og_image":[{"width":1430,"height":1430,"url":"https:\/\/wpguerssen-test.odoo.rgbconsulting.com\/wp-content\/uploads\/2022\/03\/26363.jpg","type":"image\/jpeg"}],"twitter_card":"summary_large_image","twitter_title":"GROUP TITAN - Anatolian Break Dance (CD) -  (CD) | Guerssen","twitter_misc":{"Tiempo de lectura":"1 minuto"},"schema":{"@context":"https:\/\/schema.org","@graph":[{"@type":"WebPage","@id":"https:\/\/wpguerssen-test.odoo.rgbconsulting.com\/es\/producto\/anatolian-break-dance-cd\/","url":"https:\/\/wpguerssen-test.odoo.rgbconsulting.com\/es\/producto\/anatolian-break-dance-cd\/","name":"GROUP TITAN - Anatolian Break Dance (CD) - (CD) | Guerssen","isPartOf":{"@id":"https:\/\/wpguerssen-test.odoo.rgbconsulting.com\/es\/#website"},"primaryImageOfPage":{"@id":"https:\/\/wpguerssen-test.odoo.rgbconsulting.com\/es\/producto\/anatolian-break-dance-cd\/#primaryimage"},"image":{"@id":"https:\/\/wpguerssen-test.odoo.rgbconsulting.com\/es\/producto\/anatolian-break-dance-cd\/#primaryimage"},"thumbnailUrl":"https:\/\/wpguerssen-test.odoo.rgbconsulting.com\/wp-content\/uploads\/2022\/03\/26363.jpg","datePublished":"2016-10-24T22:00:00+00:00","dateModified":"2024-02-19T10:39:40+00:00","description":"Turkish ancient melodies get an 80s electro-funk treatment on this obscure album, originally released on the Diskot\u00fcr label in 1985. #nl# Probably the work of an \"ad-hoc\" studio band (nothing is known about the musicians), this is a delirious mix of exotic melodies and lots of analog synths, cheap Atari-styled electronic effects, distorted guitar and 80s beatboxes. #nl# File under: Anatolian Funk, 80s Boogie \/ Electro, Cosmic Disco, Balearic, Oriental Grooves... #nl# First ever reissue! #nl# Tracklist:\u00c7ingeneler Masa Yapar Satarlar \u00c7adirimin \u00dcst\u00fcne Sip dedi + Mastika Silifkenin Yogurdu Break D\u00f6kt\u00fcr\u00fcAdanali FunkKadifeden KesesiFindik DallariAzizeMisket \"Farfara\"Aman Yavrum NazlanmaKonyaliKasap Havasi","breadcrumb":{"@id":"https:\/\/wpguerssen-test.odoo.rgbconsulting.com\/es\/producto\/anatolian-break-dance-cd\/#breadcrumb"},"inLanguage":"es","potentialAction":[{"@type":"ReadAction","target":["https:\/\/wpguerssen-test.odoo.rgbconsulting.com\/es\/producto\/anatolian-break-dance-cd\/"]}]},{"@type":"ImageObject","inLanguage":"es","@id":"https:\/\/wpguerssen-test.odoo.rgbconsulting.com\/es\/producto\/anatolian-break-dance-cd\/#primaryimage","url":"https:\/\/wpguerssen-test.odoo.rgbconsulting.com\/wp-content\/uploads\/2022\/03\/26363.jpg","contentUrl":"https:\/\/wpguerssen-test.odoo.rgbconsulting.com\/wp-content\/uploads\/2022\/03\/26363.jpg","width":1430,"height":1430,"caption":"GROUP TITAN - Anatolian Break Dance (CD) - PHARAWAY SOUNDS (CD) | Guerssen"},{"@type":"BreadcrumbList","@id":"https:\/\/wpguerssen-test.odoo.rgbconsulting.com\/es\/producto\/anatolian-break-dance-cd\/#breadcrumb","itemListElement":[{"@type":"ListItem","position":1,"name":"Inicio","item":"https:\/\/wpguerssen-test.odoo.rgbconsulting.com\/es\/"},{"@type":"ListItem","position":2,"name":"Shop","item":"https:\/\/wpguerssen-test.odoo.rgbconsulting.com\/shop\/"},{"@type":"ListItem","position":3,"name":"Anatolian Break Dance (CD)"}]},{"@type":"WebSite","@id":"https:\/\/wpguerssen-test.odoo.rgbconsulting.com\/es\/#website","url":"https:\/\/wpguerssen-test.odoo.rgbconsulting.com\/es\/","name":"Guerssen records","description":"psychedelia - progressive - folk - garage ","publisher":{"@id":"https:\/\/wpguerssen-test.odoo.rgbconsulting.com\/es\/#organization"},"potentialAction":[{"@type":"SearchAction","target":{"@type":"EntryPoint","urlTemplate":"https:\/\/wpguerssen-test.odoo.rgbconsulting.com\/es\/?s={search_term_string}"},"query-input":{"@type":"PropertyValueSpecification","valueRequired":true,"valueName":"search_term_string"}}],"inLanguage":"es"},{"@type":"Organization","@id":"https:\/\/wpguerssen-test.odoo.rgbconsulting.com\/es\/#organization","name":"Guerssen records","url":"https:\/\/wpguerssen-test.odoo.rgbconsulting.com\/es\/","logo":{"@type":"ImageObject","inLanguage":"es","@id":"https:\/\/wpguerssen-test.odoo.rgbconsulting.com\/es\/#\/schema\/logo\/image\/","url":"https:\/\/wpguerssen-test.odoo.rgbconsulting.com\/wp-content\/uploads\/2022\/04\/Logo_Guerssen_trans_100.png","contentUrl":"https:\/\/wpguerssen-test.odoo.rgbconsulting.com\/wp-content\/uploads\/2022\/04\/Logo_Guerssen_trans_100.png","width":122,"height":100,"caption":"Guerssen records"},"image":{"@id":"https:\/\/wpguerssen-test.odoo.rgbconsulting.com\/es\/#\/schema\/logo\/image\/"}}]}},"_links":{"self":[{"href":"https:\/\/wpguerssen-test.odoo.rgbconsulting.com\/es\/wp-json\/wp\/v2\/product\/186269","targetHints":{"allow":["GET"]}}],"collection":[{"href":"https:\/\/wpguerssen-test.odoo.rgbconsulting.com\/es\/wp-json\/wp\/v2\/product"}],"about":[{"href":"https:\/\/wpguerssen-test.odoo.rgbconsulting.com\/es\/wp-json\/wp\/v2\/types\/product"}],"wp:featuredmedia":[{"embeddable":true,"href":"https:\/\/wpguerssen-test.odoo.rgbconsulting.com\/es\/wp-json\/wp\/v2\/media\/119263"}],"wp:attachment":[{"href":"https:\/\/wpguerssen-test.odoo.rgbconsulting.com\/es\/wp-json\/wp\/v2\/media?parent=186269"}],"wp:term":[{"taxonomy":"product_brand","embeddable":true,"href":"https:\/\/wpguerssen-test.odoo.rgbconsulting.com\/es\/wp-json\/wp\/v2\/product_brand?post=186269"},{"taxonomy":"product_cat","embeddable":true,"href":"https:\/\/wpguerssen-test.odoo.rgbconsulting.com\/es\/wp-json\/wp\/v2\/product_cat?post=186269"},{"taxonomy":"product_tag","embeddable":true,"href":"https:\/\/wpguerssen-test.odoo.rgbconsulting.com\/es\/wp-json\/wp\/v2\/product_tag?post=186269"}],"curies":[{"name":"wp","href":"https:\/\/api.w.org\/{rel}","templated":true}]}}