{"id":186270,"date":"2016-10-05T00:00:00","date_gmt":"2016-10-04T22:00:00","guid":{"rendered":"http:\/\/guerssen.hl1097.dinaserver.com\/product\/estagfurullah-ne-haddimize-cd\/"},"modified":"2025-03-31T18:24:49","modified_gmt":"2025-03-31T16:24:49","slug":"estagfurullah-ne-haddimize-cd","status":"publish","type":"product","link":"https:\/\/wpguerssen-test.odoo.rgbconsulting.com\/es\/producto\/estagfurullah-ne-haddimize-cd\/","title":{"rendered":"Estagfurullah&#8230; Ne Haddimize ! (CD)"},"content":{"rendered":"<p>La estrella del pop turco con su disco de 1983, una alucinante mezcla de funk-prog-pop con gran uso de teclados anal\u00f3gicos (incluyendo Minimoog, Prophet-5, Omni-2), fant\u00e1stica secci\u00f3n r\u00edtmica, buena guitarra con wah-wah y efectos y sobre todo, la emocionante voz de Baris. Incluye una barbaridad de groove oriental e instrumental llamada \u00abSelahaddin Eyy\u00fcbi&#8217;nin\u00bb, el bailable boogie-disco-funk de \u00abAman Yavas! Aheste\u00bb y mucho m\u00e1s! Perfecto sonido remasterizado. <\/p>\n<p> Tracklist:<br \/>Halil Ibrahim Sofrasi &#8211; Ge\u00e7ti Dost Kervani  &#8211; Kazma &#8211; Balsultan &#8211; Aman Yavas! Aheste &#8211; Kol D\u00fcgmeleri &#8211; Eski Bir Fincan &#8211; Selahaddin Eyyubi&#8217;nin Yegeni Aslan Y\u00fcrekli Risar&#8217;in Kiz Kardesine Karsi<\/p>\n","protected":false},"excerpt":{"rendered":"<p>La estrella del pop turco con su disco de 1983, una alucinante mezcla de funk-prog-pop con gran uso de teclados anal\u00f3gicos (incluyendo Minimoog, Prophet-5, Omni-2),<a class=\"read\" href=\"https:\/\/wpguerssen-test.odoo.rgbconsulting.com\/es\/producto\/estagfurullah-ne-haddimize-cd\/\"> (...)<\/a>","protected":false},"featured_media":119269,"template":"","meta":{"_acf_changed":false},"product_brand":[],"product_cat":[21639,23219],"product_tag":[29138],"class_list":{"0":"post-186270","1":"product","2":"type-product","3":"status-publish","4":"has-post-thumbnail","6":"product_cat-psychedelic60s-70s-es","7":"product_cat-funk-es","8":"product_tag-cd-es","9":"pa_artist-manco-baris-es","10":"pa_format-cd-2-es","11":"pa_gender-psychedelic60s-70s-funk","12":"pa_label-pharaway-sounds-es","13":"pa_location-europe-es","15":"first","16":"instock","17":"taxable","18":"shipping-taxable","19":"purchasable","20":"product-type-simple"},"acf":[],"yoast_head":"<!-- This site is optimized with the Yoast SEO plugin v24.9 - https:\/\/yoast.com\/wordpress\/plugins\/seo\/ -->\n<title>MAN\u00c7O, Baris - Estagfurullah... Ne Haddimize ! (CD) -  (CD) | Guerssen<\/title>\n<meta name=\"description\" content=\"Turkish Pop Star No1, Baris Man\u00e7o, released this album in 1983,a slightly funky prog-pop-folk affair and a grower as we&#039;re used with Man\u00e7o&#039;s works. Lot of cool analog keyboards (including Minimoog, Prophet-5, Omni-2), superb rhythm section, tasty electric guitar and the incredible vocals of Baris. #nl# Features the killer Oriental groove jam &quot;Selahaddin Eyy\u00fcbi&#039;nin&quot;, the superb boogie-disco-funk of &quot;Aman Yavas! Aheste&quot; and more!* Remastered sound. #nl# Tracklist:Halil Ibrahim Sofrasi - Ge\u00e7ti Dost Kervani - Kazma - Balsultan - Aman Yavas! Aheste - Kol D\u00fcgmeleri - Eski Bir Fincan - Selahaddin Eyyubi&#039;nin Yegeni Aslan Y\u00fcrekli Risar&#039;in Kiz Kardesine Karsi\" \/>\n<meta name=\"robots\" content=\"index, follow, max-snippet:-1, max-image-preview:large, max-video-preview:-1\" \/>\n<link rel=\"canonical\" href=\"https:\/\/wpguerssen-test.odoo.rgbconsulting.com\/es\/producto\/estagfurullah-ne-haddimize-cd\/\" \/>\n<meta property=\"og:locale\" content=\"es_ES\" \/>\n<meta property=\"og:type\" content=\"article\" \/>\n<meta property=\"og:title\" content=\"MAN\u00c7O, Baris - Estagfurullah... Ne Haddimize ! (CD) -  (CD) | Guerssen\" \/>\n<meta property=\"og:description\" content=\"Turkish Pop Star No1, Baris Man\u00e7o, released this album in 1983,a slightly funky prog-pop-folk affair and a grower as we&#039;re used with Man\u00e7o&#039;s works. Lot of cool analog keyboards (including Minimoog, Prophet-5, Omni-2), superb rhythm section, tasty electric guitar and the incredible vocals of Baris. #nl# Features the killer Oriental groove jam &quot;Selahaddin Eyy\u00fcbi&#039;nin&quot;, the superb boogie-disco-funk of &quot;Aman Yavas! Aheste&quot; and more!* Remastered sound. #nl# Tracklist:Halil Ibrahim Sofrasi - Ge\u00e7ti Dost Kervani - Kazma - Balsultan - Aman Yavas! Aheste - Kol D\u00fcgmeleri - Eski Bir Fincan - Selahaddin Eyyubi&#039;nin Yegeni Aslan Y\u00fcrekli Risar&#039;in Kiz Kardesine Karsi\" \/>\n<meta property=\"og:url\" content=\"https:\/\/wpguerssen-test.odoo.rgbconsulting.com\/es\/producto\/estagfurullah-ne-haddimize-cd\/\" \/>\n<meta property=\"og:site_name\" content=\"Guerssen records\" \/>\n<meta property=\"article:modified_time\" content=\"2025-03-31T16:24:49+00:00\" \/>\n<meta property=\"og:image\" content=\"https:\/\/wpguerssen-test.odoo.rgbconsulting.com\/wp-content\/uploads\/2022\/03\/26365.jpg\" \/>\n\t<meta property=\"og:image:width\" content=\"1430\" \/>\n\t<meta property=\"og:image:height\" content=\"1430\" \/>\n\t<meta property=\"og:image:type\" content=\"image\/jpeg\" \/>\n<meta name=\"twitter:card\" content=\"summary_large_image\" \/>\n<meta name=\"twitter:title\" content=\"MAN\u00c7O, Baris - Estagfurullah... Ne Haddimize ! (CD) -  (CD) | Guerssen\" \/>\n<meta name=\"twitter:label1\" content=\"Tiempo de lectura\" \/>\n\t<meta name=\"twitter:data1\" content=\"1 minuto\" \/>\n<script type=\"application\/ld+json\" class=\"yoast-schema-graph\">{\"@context\":\"https:\/\/schema.org\",\"@graph\":[{\"@type\":\"WebPage\",\"@id\":\"https:\/\/wpguerssen-test.odoo.rgbconsulting.com\/es\/producto\/estagfurullah-ne-haddimize-cd\/\",\"url\":\"https:\/\/wpguerssen-test.odoo.rgbconsulting.com\/es\/producto\/estagfurullah-ne-haddimize-cd\/\",\"name\":\"MAN\u00c7O, Baris - Estagfurullah... Ne Haddimize ! (CD) - (CD) | Guerssen\",\"isPartOf\":{\"@id\":\"https:\/\/wpguerssen-test.odoo.rgbconsulting.com\/es\/#website\"},\"primaryImageOfPage\":{\"@id\":\"https:\/\/wpguerssen-test.odoo.rgbconsulting.com\/es\/producto\/estagfurullah-ne-haddimize-cd\/#primaryimage\"},\"image\":{\"@id\":\"https:\/\/wpguerssen-test.odoo.rgbconsulting.com\/es\/producto\/estagfurullah-ne-haddimize-cd\/#primaryimage\"},\"thumbnailUrl\":\"https:\/\/wpguerssen-test.odoo.rgbconsulting.com\/wp-content\/uploads\/2022\/03\/26365.jpg\",\"datePublished\":\"2016-10-04T22:00:00+00:00\",\"dateModified\":\"2025-03-31T16:24:49+00:00\",\"description\":\"Turkish Pop Star No1, Baris Man\u00e7o, released this album in 1983,a slightly funky prog-pop-folk affair and a grower as we're used with Man\u00e7o's works. Lot of cool analog keyboards (including Minimoog, Prophet-5, Omni-2), superb rhythm section, tasty electric guitar and the incredible vocals of Baris. #nl# Features the killer Oriental groove jam \\\"Selahaddin Eyy\u00fcbi'nin\\\", the superb boogie-disco-funk of \\\"Aman Yavas! Aheste\\\" and more!* Remastered sound. #nl# Tracklist:Halil Ibrahim Sofrasi - Ge\u00e7ti Dost Kervani - Kazma - Balsultan - Aman Yavas! Aheste - Kol D\u00fcgmeleri - Eski Bir Fincan - Selahaddin Eyyubi'nin Yegeni Aslan Y\u00fcrekli Risar'in Kiz Kardesine Karsi\",\"breadcrumb\":{\"@id\":\"https:\/\/wpguerssen-test.odoo.rgbconsulting.com\/es\/producto\/estagfurullah-ne-haddimize-cd\/#breadcrumb\"},\"inLanguage\":\"es\",\"potentialAction\":[{\"@type\":\"ReadAction\",\"target\":[\"https:\/\/wpguerssen-test.odoo.rgbconsulting.com\/es\/producto\/estagfurullah-ne-haddimize-cd\/\"]}]},{\"@type\":\"ImageObject\",\"inLanguage\":\"es\",\"@id\":\"https:\/\/wpguerssen-test.odoo.rgbconsulting.com\/es\/producto\/estagfurullah-ne-haddimize-cd\/#primaryimage\",\"url\":\"https:\/\/wpguerssen-test.odoo.rgbconsulting.com\/wp-content\/uploads\/2022\/03\/26365.jpg\",\"contentUrl\":\"https:\/\/wpguerssen-test.odoo.rgbconsulting.com\/wp-content\/uploads\/2022\/03\/26365.jpg\",\"width\":1430,\"height\":1430,\"caption\":\"Baris - Estagfurullah... Ne Haddimize ! (CD) - PHARAWAY SOUNDS (CD) | Guerssen\"},{\"@type\":\"BreadcrumbList\",\"@id\":\"https:\/\/wpguerssen-test.odoo.rgbconsulting.com\/es\/producto\/estagfurullah-ne-haddimize-cd\/#breadcrumb\",\"itemListElement\":[{\"@type\":\"ListItem\",\"position\":1,\"name\":\"Inicio\",\"item\":\"https:\/\/wpguerssen-test.odoo.rgbconsulting.com\/es\/\"},{\"@type\":\"ListItem\",\"position\":2,\"name\":\"Shop\",\"item\":\"https:\/\/wpguerssen-test.odoo.rgbconsulting.com\/shop\/\"},{\"@type\":\"ListItem\",\"position\":3,\"name\":\"Estagfurullah&#8230; Ne Haddimize ! (CD)\"}]},{\"@type\":\"WebSite\",\"@id\":\"https:\/\/wpguerssen-test.odoo.rgbconsulting.com\/es\/#website\",\"url\":\"https:\/\/wpguerssen-test.odoo.rgbconsulting.com\/es\/\",\"name\":\"Guerssen records\",\"description\":\"psychedelia - progressive - folk - garage \",\"publisher\":{\"@id\":\"https:\/\/wpguerssen-test.odoo.rgbconsulting.com\/es\/#organization\"},\"potentialAction\":[{\"@type\":\"SearchAction\",\"target\":{\"@type\":\"EntryPoint\",\"urlTemplate\":\"https:\/\/wpguerssen-test.odoo.rgbconsulting.com\/es\/?s={search_term_string}\"},\"query-input\":{\"@type\":\"PropertyValueSpecification\",\"valueRequired\":true,\"valueName\":\"search_term_string\"}}],\"inLanguage\":\"es\"},{\"@type\":\"Organization\",\"@id\":\"https:\/\/wpguerssen-test.odoo.rgbconsulting.com\/es\/#organization\",\"name\":\"Guerssen records\",\"url\":\"https:\/\/wpguerssen-test.odoo.rgbconsulting.com\/es\/\",\"logo\":{\"@type\":\"ImageObject\",\"inLanguage\":\"es\",\"@id\":\"https:\/\/wpguerssen-test.odoo.rgbconsulting.com\/es\/#\/schema\/logo\/image\/\",\"url\":\"https:\/\/wpguerssen-test.odoo.rgbconsulting.com\/wp-content\/uploads\/2022\/04\/Logo_Guerssen_trans_100.png\",\"contentUrl\":\"https:\/\/wpguerssen-test.odoo.rgbconsulting.com\/wp-content\/uploads\/2022\/04\/Logo_Guerssen_trans_100.png\",\"width\":122,\"height\":100,\"caption\":\"Guerssen records\"},\"image\":{\"@id\":\"https:\/\/wpguerssen-test.odoo.rgbconsulting.com\/es\/#\/schema\/logo\/image\/\"}}]}<\/script>\n<!-- \/ Yoast SEO plugin. -->","yoast_head_json":{"title":"MAN\u00c7O, Baris - Estagfurullah... Ne Haddimize ! (CD) -  (CD) | Guerssen","description":"Turkish Pop Star No1, Baris Man\u00e7o, released this album in 1983,a slightly funky prog-pop-folk affair and a grower as we're used with Man\u00e7o's works. Lot of cool analog keyboards (including Minimoog, Prophet-5, Omni-2), superb rhythm section, tasty electric guitar and the incredible vocals of Baris. #nl# Features the killer Oriental groove jam \"Selahaddin Eyy\u00fcbi'nin\", the superb boogie-disco-funk of \"Aman Yavas! Aheste\" and more!* Remastered sound. #nl# Tracklist:Halil Ibrahim Sofrasi - Ge\u00e7ti Dost Kervani - Kazma - Balsultan - Aman Yavas! Aheste - Kol D\u00fcgmeleri - Eski Bir Fincan - Selahaddin Eyyubi'nin Yegeni Aslan Y\u00fcrekli Risar'in Kiz Kardesine Karsi","robots":{"index":"index","follow":"follow","max-snippet":"max-snippet:-1","max-image-preview":"max-image-preview:large","max-video-preview":"max-video-preview:-1"},"canonical":"https:\/\/wpguerssen-test.odoo.rgbconsulting.com\/es\/producto\/estagfurullah-ne-haddimize-cd\/","og_locale":"es_ES","og_type":"article","og_title":"MAN\u00c7O, Baris - Estagfurullah... Ne Haddimize ! (CD) -  (CD) | Guerssen","og_description":"Turkish Pop Star No1, Baris Man\u00e7o, released this album in 1983,a slightly funky prog-pop-folk affair and a grower as we're used with Man\u00e7o's works. Lot of cool analog keyboards (including Minimoog, Prophet-5, Omni-2), superb rhythm section, tasty electric guitar and the incredible vocals of Baris. #nl# Features the killer Oriental groove jam \"Selahaddin Eyy\u00fcbi'nin\", the superb boogie-disco-funk of \"Aman Yavas! Aheste\" and more!* Remastered sound. #nl# Tracklist:Halil Ibrahim Sofrasi - Ge\u00e7ti Dost Kervani - Kazma - Balsultan - Aman Yavas! Aheste - Kol D\u00fcgmeleri - Eski Bir Fincan - Selahaddin Eyyubi'nin Yegeni Aslan Y\u00fcrekli Risar'in Kiz Kardesine Karsi","og_url":"https:\/\/wpguerssen-test.odoo.rgbconsulting.com\/es\/producto\/estagfurullah-ne-haddimize-cd\/","og_site_name":"Guerssen records","article_modified_time":"2025-03-31T16:24:49+00:00","og_image":[{"width":1430,"height":1430,"url":"https:\/\/wpguerssen-test.odoo.rgbconsulting.com\/wp-content\/uploads\/2022\/03\/26365.jpg","type":"image\/jpeg"}],"twitter_card":"summary_large_image","twitter_title":"MAN\u00c7O, Baris - Estagfurullah... Ne Haddimize ! (CD) -  (CD) | Guerssen","twitter_misc":{"Tiempo de lectura":"1 minuto"},"schema":{"@context":"https:\/\/schema.org","@graph":[{"@type":"WebPage","@id":"https:\/\/wpguerssen-test.odoo.rgbconsulting.com\/es\/producto\/estagfurullah-ne-haddimize-cd\/","url":"https:\/\/wpguerssen-test.odoo.rgbconsulting.com\/es\/producto\/estagfurullah-ne-haddimize-cd\/","name":"MAN\u00c7O, Baris - Estagfurullah... Ne Haddimize ! (CD) - (CD) | Guerssen","isPartOf":{"@id":"https:\/\/wpguerssen-test.odoo.rgbconsulting.com\/es\/#website"},"primaryImageOfPage":{"@id":"https:\/\/wpguerssen-test.odoo.rgbconsulting.com\/es\/producto\/estagfurullah-ne-haddimize-cd\/#primaryimage"},"image":{"@id":"https:\/\/wpguerssen-test.odoo.rgbconsulting.com\/es\/producto\/estagfurullah-ne-haddimize-cd\/#primaryimage"},"thumbnailUrl":"https:\/\/wpguerssen-test.odoo.rgbconsulting.com\/wp-content\/uploads\/2022\/03\/26365.jpg","datePublished":"2016-10-04T22:00:00+00:00","dateModified":"2025-03-31T16:24:49+00:00","description":"Turkish Pop Star No1, Baris Man\u00e7o, released this album in 1983,a slightly funky prog-pop-folk affair and a grower as we're used with Man\u00e7o's works. Lot of cool analog keyboards (including Minimoog, Prophet-5, Omni-2), superb rhythm section, tasty electric guitar and the incredible vocals of Baris. #nl# Features the killer Oriental groove jam \"Selahaddin Eyy\u00fcbi'nin\", the superb boogie-disco-funk of \"Aman Yavas! Aheste\" and more!* Remastered sound. #nl# Tracklist:Halil Ibrahim Sofrasi - Ge\u00e7ti Dost Kervani - Kazma - Balsultan - Aman Yavas! Aheste - Kol D\u00fcgmeleri - Eski Bir Fincan - Selahaddin Eyyubi'nin Yegeni Aslan Y\u00fcrekli Risar'in Kiz Kardesine Karsi","breadcrumb":{"@id":"https:\/\/wpguerssen-test.odoo.rgbconsulting.com\/es\/producto\/estagfurullah-ne-haddimize-cd\/#breadcrumb"},"inLanguage":"es","potentialAction":[{"@type":"ReadAction","target":["https:\/\/wpguerssen-test.odoo.rgbconsulting.com\/es\/producto\/estagfurullah-ne-haddimize-cd\/"]}]},{"@type":"ImageObject","inLanguage":"es","@id":"https:\/\/wpguerssen-test.odoo.rgbconsulting.com\/es\/producto\/estagfurullah-ne-haddimize-cd\/#primaryimage","url":"https:\/\/wpguerssen-test.odoo.rgbconsulting.com\/wp-content\/uploads\/2022\/03\/26365.jpg","contentUrl":"https:\/\/wpguerssen-test.odoo.rgbconsulting.com\/wp-content\/uploads\/2022\/03\/26365.jpg","width":1430,"height":1430,"caption":"Baris - Estagfurullah... Ne Haddimize ! (CD) - PHARAWAY SOUNDS (CD) | Guerssen"},{"@type":"BreadcrumbList","@id":"https:\/\/wpguerssen-test.odoo.rgbconsulting.com\/es\/producto\/estagfurullah-ne-haddimize-cd\/#breadcrumb","itemListElement":[{"@type":"ListItem","position":1,"name":"Inicio","item":"https:\/\/wpguerssen-test.odoo.rgbconsulting.com\/es\/"},{"@type":"ListItem","position":2,"name":"Shop","item":"https:\/\/wpguerssen-test.odoo.rgbconsulting.com\/shop\/"},{"@type":"ListItem","position":3,"name":"Estagfurullah&#8230; Ne Haddimize ! (CD)"}]},{"@type":"WebSite","@id":"https:\/\/wpguerssen-test.odoo.rgbconsulting.com\/es\/#website","url":"https:\/\/wpguerssen-test.odoo.rgbconsulting.com\/es\/","name":"Guerssen records","description":"psychedelia - progressive - folk - garage ","publisher":{"@id":"https:\/\/wpguerssen-test.odoo.rgbconsulting.com\/es\/#organization"},"potentialAction":[{"@type":"SearchAction","target":{"@type":"EntryPoint","urlTemplate":"https:\/\/wpguerssen-test.odoo.rgbconsulting.com\/es\/?s={search_term_string}"},"query-input":{"@type":"PropertyValueSpecification","valueRequired":true,"valueName":"search_term_string"}}],"inLanguage":"es"},{"@type":"Organization","@id":"https:\/\/wpguerssen-test.odoo.rgbconsulting.com\/es\/#organization","name":"Guerssen records","url":"https:\/\/wpguerssen-test.odoo.rgbconsulting.com\/es\/","logo":{"@type":"ImageObject","inLanguage":"es","@id":"https:\/\/wpguerssen-test.odoo.rgbconsulting.com\/es\/#\/schema\/logo\/image\/","url":"https:\/\/wpguerssen-test.odoo.rgbconsulting.com\/wp-content\/uploads\/2022\/04\/Logo_Guerssen_trans_100.png","contentUrl":"https:\/\/wpguerssen-test.odoo.rgbconsulting.com\/wp-content\/uploads\/2022\/04\/Logo_Guerssen_trans_100.png","width":122,"height":100,"caption":"Guerssen records"},"image":{"@id":"https:\/\/wpguerssen-test.odoo.rgbconsulting.com\/es\/#\/schema\/logo\/image\/"}}]}},"_links":{"self":[{"href":"https:\/\/wpguerssen-test.odoo.rgbconsulting.com\/es\/wp-json\/wp\/v2\/product\/186270","targetHints":{"allow":["GET"]}}],"collection":[{"href":"https:\/\/wpguerssen-test.odoo.rgbconsulting.com\/es\/wp-json\/wp\/v2\/product"}],"about":[{"href":"https:\/\/wpguerssen-test.odoo.rgbconsulting.com\/es\/wp-json\/wp\/v2\/types\/product"}],"wp:featuredmedia":[{"embeddable":true,"href":"https:\/\/wpguerssen-test.odoo.rgbconsulting.com\/es\/wp-json\/wp\/v2\/media\/119269"}],"wp:attachment":[{"href":"https:\/\/wpguerssen-test.odoo.rgbconsulting.com\/es\/wp-json\/wp\/v2\/media?parent=186270"}],"wp:term":[{"taxonomy":"product_brand","embeddable":true,"href":"https:\/\/wpguerssen-test.odoo.rgbconsulting.com\/es\/wp-json\/wp\/v2\/product_brand?post=186270"},{"taxonomy":"product_cat","embeddable":true,"href":"https:\/\/wpguerssen-test.odoo.rgbconsulting.com\/es\/wp-json\/wp\/v2\/product_cat?post=186270"},{"taxonomy":"product_tag","embeddable":true,"href":"https:\/\/wpguerssen-test.odoo.rgbconsulting.com\/es\/wp-json\/wp\/v2\/product_tag?post=186270"}],"curies":[{"name":"wp","href":"https:\/\/api.w.org\/{rel}","templated":true}]}}