{"id":186402,"date":"2016-10-26T00:00:00","date_gmt":"2016-10-25T22:00:00","guid":{"rendered":"http:\/\/guerssen.hl1097.dinaserver.com\/product\/ak-musick-cd\/"},"modified":"2024-07-03T12:07:56","modified_gmt":"2024-07-03T10:07:56","slug":"ak-musick-cd","status":"publish","type":"product","link":"https:\/\/wpguerssen-test.odoo.rgbconsulting.com\/es\/producto\/ak-musick-cd\/","title":{"rendered":"AK Musick (CD)"},"content":{"rendered":"<p>\u00abAK Musick\u00bb fue editado originalmente en 1972 como una edici\u00f3n privada de 150 copias en el legendario sello AKM Records, propiedad del clarinetista y productor alem\u00e1n Hans Kumpf. Radical sonido \u00abfreak-out\u00bb, free-jazz con toques improv y avant-garde. A archivar cerca de Anima, Annexus Quam, Albretch D, Gulda, Nihilist Spasm Band, Nurse With Wound&#8230; <\/p>\n<p> AK Musick fueron un colectivo dedicado a la improvisaci\u00f3n, con la idea de \u00abtocar m\u00fasica de una forma democr\u00e1tica\u00bb. Los cinco componentes ten\u00edan una formaci\u00f3n cl\u00e1sica pero al mismo tiempo estaban influenciados por compositores avant-garde como Helmut Lachenmann y Johannes Fritsch. Su \u00fanico \u00e1lbum, \u00abAK Musick\u00bb, fue grabado en 1972 en los famosos Bauer Studios en s\u00f3lo tres horas, con el ingeniero de sonido Martin Wieland, que hab\u00eda trabajado previamente con Keith Jarrett para el sello ECM. Algunos de los instrumentos empleados son clarinete, cello, oboe, \u00f3rgano, piano, darbuka, tam-tam, ektare, flauta, zither&#8230;Incluye la incre\u00edble \u00abImpro-vision\u00bb, que suena como m\u00fasica electr\u00f3nica pero usando solo instrumentos naturales. <\/p>\n<p> \u00abAK Musick\u00bb fue originalmente editado en una edici\u00f3n privada de 150 copias con portadas pintadas a mano. Durante los 70, AKM edit\u00f3 tambi\u00e9n otras rarezas de free-jazz como \u00abFree Blacks\u00bb de Perry Robinson \/ Hans Kumpf (donde Hans colabor\u00f3 tambi\u00e9n con su amigo Wolfgang Dauner) e \u00abIn Time\u00bb de Theo J\u00f6rgensmann. <\/p>\n<p> Muy raro de encontrar en su edici\u00f3n original, aqu\u00ed tienes por vez primera una reedici\u00f3n de \u00abAK Musick\u00bb con sonido remasterizado por el propio Hans Kumpf, notas por Klemen Breznikar (It&#8217;s Psychedelic Baby) y fotos. Incluye cup\u00f3n de descarga digital. <\/p>\n<p> Tracklist: <\/p>\n<p> Hava <br \/>Schace <br \/>Impro-Vision <br \/>My Ape &#038; My Monkey <br \/>Ron Do<br \/>Baz<\/p>\n","protected":false},"excerpt":{"rendered":"<p>\u00abAK Musick\u00bb fue editado originalmente en 1972 como una edici\u00f3n privada de 150 copias en el legendario sello AKM Records, propiedad del clarinetista y productor<a class=\"read\" href=\"https:\/\/wpguerssen-test.odoo.rgbconsulting.com\/es\/producto\/ak-musick-cd\/\"> (...)<\/a>","protected":false},"featured_media":119513,"template":"","meta":{"_acf_changed":false},"product_brand":[],"product_cat":[23218,23260],"product_tag":[29138],"class_list":{"0":"post-186402","1":"product","2":"type-product","3":"status-publish","4":"has-post-thumbnail","6":"product_cat-free-jazz-es","7":"product_cat-avant-garde-experime-es","8":"product_tag-cd-es","9":"pa_artist-ak-musick-es","10":"pa_format-cd-2-es","11":"pa_gender-free-jazz-avant-garde-experime","12":"pa_label-mental-experience-es","13":"pa_location-europe-es","15":"first","16":"instock","17":"taxable","18":"shipping-taxable","19":"purchasable","20":"product-type-simple"},"acf":[],"yoast_head":"<!-- This site is optimized with the Yoast SEO plugin v24.9 - https:\/\/yoast.com\/wordpress\/plugins\/seo\/ -->\n<title>AK MUSICK - AK Musick (CD) -  (CD) | Guerssen<\/title>\n<meta name=\"description\" content=\"DIY experimental album from the 70s underground Kraut scene featuring clarinettist Hans Kumpf. Radical, freaked-out sound with hints of free-jazz, improv and avant-garde. File next to Anima, Annexus Quam, Albrecht D, Gulda, Nihilist Spasm Band, Nurse With Wound... #nl# AK Musick was an improv collective assembled by Hans Kumpf to &quot;make music in a very democratic way&quot;. The five players had a classical education but they were also influenced by avant-garde composers like Helmut Lachenmann and Johannes Fritsch. Their only album, &quot;AK Musick&quot;, was recorded in 1972 at the famous Bauer Studios in just three hours and engineered by Martin Wieland, who had previously worked with Keith Jarrett for the ECM label. Some of the instruments used were: clarinet, cello, oboe, organ, piano, darbuka, tam-tam, ektare, flute, zither...Includes the amazing &quot;Impro-vision&quot; which sounds like electronic music but using only natural instruments. #nl# &quot;AK Musick&quot; was originally released in 1972 on Kumpf&#039;s own AKM Records label. It was a private homemade edition of 150 copies with spray printed covers. During the 70s, AKM Records was also home to other free-jazz rarities like &quot;Free Blacks&quot; by Perry Robinson \/ Hans Kumpf (where Hans also collaborated with his friend Wolfgang Dauner) and &quot;In Time&quot; by Theo J\u00f6rgensmann. #nl# Very hard to find now, we present the first ever LP\/CD reissue of &quot;AK Musick&quot; done under license from Hans Kumpf. #nl# *Remastered sound #nl# *Booklet with liner notes by Klemen Breznikar (It&#039;s Psychedelic Baby) plus rare photos and memorabilia #nl# *LP edition includes free digital download coupon #nl# Tracklist: #nl# Hava Schace Impro-Vision My Ape &amp; My Monkey Ron DoBaz\" \/>\n<meta name=\"robots\" content=\"index, follow, max-snippet:-1, max-image-preview:large, max-video-preview:-1\" \/>\n<link rel=\"canonical\" href=\"https:\/\/wpguerssen-test.odoo.rgbconsulting.com\/es\/producto\/ak-musick-cd\/\" \/>\n<meta property=\"og:locale\" content=\"es_ES\" \/>\n<meta property=\"og:type\" content=\"article\" \/>\n<meta property=\"og:title\" content=\"AK MUSICK - AK Musick (CD) -  (CD) | Guerssen\" \/>\n<meta property=\"og:description\" content=\"DIY experimental album from the 70s underground Kraut scene featuring clarinettist Hans Kumpf. Radical, freaked-out sound with hints of free-jazz, improv and avant-garde. File next to Anima, Annexus Quam, Albrecht D, Gulda, Nihilist Spasm Band, Nurse With Wound... #nl# AK Musick was an improv collective assembled by Hans Kumpf to &quot;make music in a very democratic way&quot;. The five players had a classical education but they were also influenced by avant-garde composers like Helmut Lachenmann and Johannes Fritsch. Their only album, &quot;AK Musick&quot;, was recorded in 1972 at the famous Bauer Studios in just three hours and engineered by Martin Wieland, who had previously worked with Keith Jarrett for the ECM label. Some of the instruments used were: clarinet, cello, oboe, organ, piano, darbuka, tam-tam, ektare, flute, zither...Includes the amazing &quot;Impro-vision&quot; which sounds like electronic music but using only natural instruments. #nl# &quot;AK Musick&quot; was originally released in 1972 on Kumpf&#039;s own AKM Records label. It was a private homemade edition of 150 copies with spray printed covers. During the 70s, AKM Records was also home to other free-jazz rarities like &quot;Free Blacks&quot; by Perry Robinson \/ Hans Kumpf (where Hans also collaborated with his friend Wolfgang Dauner) and &quot;In Time&quot; by Theo J\u00f6rgensmann. #nl# Very hard to find now, we present the first ever LP\/CD reissue of &quot;AK Musick&quot; done under license from Hans Kumpf. #nl# *Remastered sound #nl# *Booklet with liner notes by Klemen Breznikar (It&#039;s Psychedelic Baby) plus rare photos and memorabilia #nl# *LP edition includes free digital download coupon #nl# Tracklist: #nl# Hava Schace Impro-Vision My Ape &amp; My Monkey Ron DoBaz\" \/>\n<meta property=\"og:url\" content=\"https:\/\/wpguerssen-test.odoo.rgbconsulting.com\/es\/producto\/ak-musick-cd\/\" \/>\n<meta property=\"og:site_name\" content=\"Guerssen records\" \/>\n<meta property=\"article:modified_time\" content=\"2024-07-03T10:07:56+00:00\" \/>\n<meta property=\"og:image\" content=\"https:\/\/wpguerssen-test.odoo.rgbconsulting.com\/wp-content\/uploads\/2022\/03\/26654.jpg\" \/>\n\t<meta property=\"og:image:width\" content=\"1430\" \/>\n\t<meta property=\"og:image:height\" content=\"1430\" \/>\n\t<meta property=\"og:image:type\" content=\"image\/jpeg\" \/>\n<meta name=\"twitter:card\" content=\"summary_large_image\" \/>\n<meta name=\"twitter:title\" content=\"AK MUSICK - AK Musick (CD) -  (CD) | Guerssen\" \/>\n<meta name=\"twitter:label1\" content=\"Tiempo de lectura\" \/>\n\t<meta name=\"twitter:data1\" content=\"1 minuto\" \/>\n<script type=\"application\/ld+json\" class=\"yoast-schema-graph\">{\"@context\":\"https:\/\/schema.org\",\"@graph\":[{\"@type\":\"WebPage\",\"@id\":\"https:\/\/wpguerssen-test.odoo.rgbconsulting.com\/es\/producto\/ak-musick-cd\/\",\"url\":\"https:\/\/wpguerssen-test.odoo.rgbconsulting.com\/es\/producto\/ak-musick-cd\/\",\"name\":\"AK MUSICK - AK Musick (CD) - (CD) | Guerssen\",\"isPartOf\":{\"@id\":\"https:\/\/wpguerssen-test.odoo.rgbconsulting.com\/es\/#website\"},\"primaryImageOfPage\":{\"@id\":\"https:\/\/wpguerssen-test.odoo.rgbconsulting.com\/es\/producto\/ak-musick-cd\/#primaryimage\"},\"image\":{\"@id\":\"https:\/\/wpguerssen-test.odoo.rgbconsulting.com\/es\/producto\/ak-musick-cd\/#primaryimage\"},\"thumbnailUrl\":\"https:\/\/wpguerssen-test.odoo.rgbconsulting.com\/wp-content\/uploads\/2022\/03\/26654.jpg\",\"datePublished\":\"2016-10-25T22:00:00+00:00\",\"dateModified\":\"2024-07-03T10:07:56+00:00\",\"description\":\"DIY experimental album from the 70s underground Kraut scene featuring clarinettist Hans Kumpf. Radical, freaked-out sound with hints of free-jazz, improv and avant-garde. File next to Anima, Annexus Quam, Albrecht D, Gulda, Nihilist Spasm Band, Nurse With Wound... #nl# AK Musick was an improv collective assembled by Hans Kumpf to \\\"make music in a very democratic way\\\". The five players had a classical education but they were also influenced by avant-garde composers like Helmut Lachenmann and Johannes Fritsch. Their only album, \\\"AK Musick\\\", was recorded in 1972 at the famous Bauer Studios in just three hours and engineered by Martin Wieland, who had previously worked with Keith Jarrett for the ECM label. Some of the instruments used were: clarinet, cello, oboe, organ, piano, darbuka, tam-tam, ektare, flute, zither...Includes the amazing \\\"Impro-vision\\\" which sounds like electronic music but using only natural instruments. #nl# \\\"AK Musick\\\" was originally released in 1972 on Kumpf's own AKM Records label. It was a private homemade edition of 150 copies with spray printed covers. During the 70s, AKM Records was also home to other free-jazz rarities like \\\"Free Blacks\\\" by Perry Robinson \/ Hans Kumpf (where Hans also collaborated with his friend Wolfgang Dauner) and \\\"In Time\\\" by Theo J\u00f6rgensmann. #nl# Very hard to find now, we present the first ever LP\/CD reissue of \\\"AK Musick\\\" done under license from Hans Kumpf. #nl# *Remastered sound #nl# *Booklet with liner notes by Klemen Breznikar (It's Psychedelic Baby) plus rare photos and memorabilia #nl# *LP edition includes free digital download coupon #nl# Tracklist: #nl# Hava Schace Impro-Vision My Ape & My Monkey Ron DoBaz\",\"breadcrumb\":{\"@id\":\"https:\/\/wpguerssen-test.odoo.rgbconsulting.com\/es\/producto\/ak-musick-cd\/#breadcrumb\"},\"inLanguage\":\"es\",\"potentialAction\":[{\"@type\":\"ReadAction\",\"target\":[\"https:\/\/wpguerssen-test.odoo.rgbconsulting.com\/es\/producto\/ak-musick-cd\/\"]}]},{\"@type\":\"ImageObject\",\"inLanguage\":\"es\",\"@id\":\"https:\/\/wpguerssen-test.odoo.rgbconsulting.com\/es\/producto\/ak-musick-cd\/#primaryimage\",\"url\":\"https:\/\/wpguerssen-test.odoo.rgbconsulting.com\/wp-content\/uploads\/2022\/03\/26654.jpg\",\"contentUrl\":\"https:\/\/wpguerssen-test.odoo.rgbconsulting.com\/wp-content\/uploads\/2022\/03\/26654.jpg\",\"width\":1430,\"height\":1430,\"caption\":\"AK MUSICK - AK Musick (CD) - MENTAL EXPERIENCE (CD) | Guerssen\"},{\"@type\":\"BreadcrumbList\",\"@id\":\"https:\/\/wpguerssen-test.odoo.rgbconsulting.com\/es\/producto\/ak-musick-cd\/#breadcrumb\",\"itemListElement\":[{\"@type\":\"ListItem\",\"position\":1,\"name\":\"Inicio\",\"item\":\"https:\/\/wpguerssen-test.odoo.rgbconsulting.com\/es\/\"},{\"@type\":\"ListItem\",\"position\":2,\"name\":\"Shop\",\"item\":\"https:\/\/wpguerssen-test.odoo.rgbconsulting.com\/shop\/\"},{\"@type\":\"ListItem\",\"position\":3,\"name\":\"AK Musick (CD)\"}]},{\"@type\":\"WebSite\",\"@id\":\"https:\/\/wpguerssen-test.odoo.rgbconsulting.com\/es\/#website\",\"url\":\"https:\/\/wpguerssen-test.odoo.rgbconsulting.com\/es\/\",\"name\":\"Guerssen records\",\"description\":\"psychedelia - progressive - folk - garage \",\"publisher\":{\"@id\":\"https:\/\/wpguerssen-test.odoo.rgbconsulting.com\/es\/#organization\"},\"potentialAction\":[{\"@type\":\"SearchAction\",\"target\":{\"@type\":\"EntryPoint\",\"urlTemplate\":\"https:\/\/wpguerssen-test.odoo.rgbconsulting.com\/es\/?s={search_term_string}\"},\"query-input\":{\"@type\":\"PropertyValueSpecification\",\"valueRequired\":true,\"valueName\":\"search_term_string\"}}],\"inLanguage\":\"es\"},{\"@type\":\"Organization\",\"@id\":\"https:\/\/wpguerssen-test.odoo.rgbconsulting.com\/es\/#organization\",\"name\":\"Guerssen records\",\"url\":\"https:\/\/wpguerssen-test.odoo.rgbconsulting.com\/es\/\",\"logo\":{\"@type\":\"ImageObject\",\"inLanguage\":\"es\",\"@id\":\"https:\/\/wpguerssen-test.odoo.rgbconsulting.com\/es\/#\/schema\/logo\/image\/\",\"url\":\"https:\/\/wpguerssen-test.odoo.rgbconsulting.com\/wp-content\/uploads\/2022\/04\/Logo_Guerssen_trans_100.png\",\"contentUrl\":\"https:\/\/wpguerssen-test.odoo.rgbconsulting.com\/wp-content\/uploads\/2022\/04\/Logo_Guerssen_trans_100.png\",\"width\":122,\"height\":100,\"caption\":\"Guerssen records\"},\"image\":{\"@id\":\"https:\/\/wpguerssen-test.odoo.rgbconsulting.com\/es\/#\/schema\/logo\/image\/\"}}]}<\/script>\n<!-- \/ Yoast SEO plugin. -->","yoast_head_json":{"title":"AK MUSICK - AK Musick (CD) -  (CD) | Guerssen","description":"DIY experimental album from the 70s underground Kraut scene featuring clarinettist Hans Kumpf. Radical, freaked-out sound with hints of free-jazz, improv and avant-garde. File next to Anima, Annexus Quam, Albrecht D, Gulda, Nihilist Spasm Band, Nurse With Wound... #nl# AK Musick was an improv collective assembled by Hans Kumpf to \"make music in a very democratic way\". The five players had a classical education but they were also influenced by avant-garde composers like Helmut Lachenmann and Johannes Fritsch. Their only album, \"AK Musick\", was recorded in 1972 at the famous Bauer Studios in just three hours and engineered by Martin Wieland, who had previously worked with Keith Jarrett for the ECM label. Some of the instruments used were: clarinet, cello, oboe, organ, piano, darbuka, tam-tam, ektare, flute, zither...Includes the amazing \"Impro-vision\" which sounds like electronic music but using only natural instruments. #nl# \"AK Musick\" was originally released in 1972 on Kumpf's own AKM Records label. It was a private homemade edition of 150 copies with spray printed covers. During the 70s, AKM Records was also home to other free-jazz rarities like \"Free Blacks\" by Perry Robinson \/ Hans Kumpf (where Hans also collaborated with his friend Wolfgang Dauner) and \"In Time\" by Theo J\u00f6rgensmann. #nl# Very hard to find now, we present the first ever LP\/CD reissue of \"AK Musick\" done under license from Hans Kumpf. #nl# *Remastered sound #nl# *Booklet with liner notes by Klemen Breznikar (It's Psychedelic Baby) plus rare photos and memorabilia #nl# *LP edition includes free digital download coupon #nl# Tracklist: #nl# Hava Schace Impro-Vision My Ape & My Monkey Ron DoBaz","robots":{"index":"index","follow":"follow","max-snippet":"max-snippet:-1","max-image-preview":"max-image-preview:large","max-video-preview":"max-video-preview:-1"},"canonical":"https:\/\/wpguerssen-test.odoo.rgbconsulting.com\/es\/producto\/ak-musick-cd\/","og_locale":"es_ES","og_type":"article","og_title":"AK MUSICK - AK Musick (CD) -  (CD) | Guerssen","og_description":"DIY experimental album from the 70s underground Kraut scene featuring clarinettist Hans Kumpf. Radical, freaked-out sound with hints of free-jazz, improv and avant-garde. File next to Anima, Annexus Quam, Albrecht D, Gulda, Nihilist Spasm Band, Nurse With Wound... #nl# AK Musick was an improv collective assembled by Hans Kumpf to \"make music in a very democratic way\". The five players had a classical education but they were also influenced by avant-garde composers like Helmut Lachenmann and Johannes Fritsch. Their only album, \"AK Musick\", was recorded in 1972 at the famous Bauer Studios in just three hours and engineered by Martin Wieland, who had previously worked with Keith Jarrett for the ECM label. Some of the instruments used were: clarinet, cello, oboe, organ, piano, darbuka, tam-tam, ektare, flute, zither...Includes the amazing \"Impro-vision\" which sounds like electronic music but using only natural instruments. #nl# \"AK Musick\" was originally released in 1972 on Kumpf's own AKM Records label. It was a private homemade edition of 150 copies with spray printed covers. During the 70s, AKM Records was also home to other free-jazz rarities like \"Free Blacks\" by Perry Robinson \/ Hans Kumpf (where Hans also collaborated with his friend Wolfgang Dauner) and \"In Time\" by Theo J\u00f6rgensmann. #nl# Very hard to find now, we present the first ever LP\/CD reissue of \"AK Musick\" done under license from Hans Kumpf. #nl# *Remastered sound #nl# *Booklet with liner notes by Klemen Breznikar (It's Psychedelic Baby) plus rare photos and memorabilia #nl# *LP edition includes free digital download coupon #nl# Tracklist: #nl# Hava Schace Impro-Vision My Ape & My Monkey Ron DoBaz","og_url":"https:\/\/wpguerssen-test.odoo.rgbconsulting.com\/es\/producto\/ak-musick-cd\/","og_site_name":"Guerssen records","article_modified_time":"2024-07-03T10:07:56+00:00","og_image":[{"width":1430,"height":1430,"url":"https:\/\/wpguerssen-test.odoo.rgbconsulting.com\/wp-content\/uploads\/2022\/03\/26654.jpg","type":"image\/jpeg"}],"twitter_card":"summary_large_image","twitter_title":"AK MUSICK - AK Musick (CD) -  (CD) | Guerssen","twitter_misc":{"Tiempo de lectura":"1 minuto"},"schema":{"@context":"https:\/\/schema.org","@graph":[{"@type":"WebPage","@id":"https:\/\/wpguerssen-test.odoo.rgbconsulting.com\/es\/producto\/ak-musick-cd\/","url":"https:\/\/wpguerssen-test.odoo.rgbconsulting.com\/es\/producto\/ak-musick-cd\/","name":"AK MUSICK - AK Musick (CD) - (CD) | Guerssen","isPartOf":{"@id":"https:\/\/wpguerssen-test.odoo.rgbconsulting.com\/es\/#website"},"primaryImageOfPage":{"@id":"https:\/\/wpguerssen-test.odoo.rgbconsulting.com\/es\/producto\/ak-musick-cd\/#primaryimage"},"image":{"@id":"https:\/\/wpguerssen-test.odoo.rgbconsulting.com\/es\/producto\/ak-musick-cd\/#primaryimage"},"thumbnailUrl":"https:\/\/wpguerssen-test.odoo.rgbconsulting.com\/wp-content\/uploads\/2022\/03\/26654.jpg","datePublished":"2016-10-25T22:00:00+00:00","dateModified":"2024-07-03T10:07:56+00:00","description":"DIY experimental album from the 70s underground Kraut scene featuring clarinettist Hans Kumpf. Radical, freaked-out sound with hints of free-jazz, improv and avant-garde. File next to Anima, Annexus Quam, Albrecht D, Gulda, Nihilist Spasm Band, Nurse With Wound... #nl# AK Musick was an improv collective assembled by Hans Kumpf to \"make music in a very democratic way\". The five players had a classical education but they were also influenced by avant-garde composers like Helmut Lachenmann and Johannes Fritsch. Their only album, \"AK Musick\", was recorded in 1972 at the famous Bauer Studios in just three hours and engineered by Martin Wieland, who had previously worked with Keith Jarrett for the ECM label. Some of the instruments used were: clarinet, cello, oboe, organ, piano, darbuka, tam-tam, ektare, flute, zither...Includes the amazing \"Impro-vision\" which sounds like electronic music but using only natural instruments. #nl# \"AK Musick\" was originally released in 1972 on Kumpf's own AKM Records label. It was a private homemade edition of 150 copies with spray printed covers. During the 70s, AKM Records was also home to other free-jazz rarities like \"Free Blacks\" by Perry Robinson \/ Hans Kumpf (where Hans also collaborated with his friend Wolfgang Dauner) and \"In Time\" by Theo J\u00f6rgensmann. #nl# Very hard to find now, we present the first ever LP\/CD reissue of \"AK Musick\" done under license from Hans Kumpf. #nl# *Remastered sound #nl# *Booklet with liner notes by Klemen Breznikar (It's Psychedelic Baby) plus rare photos and memorabilia #nl# *LP edition includes free digital download coupon #nl# Tracklist: #nl# Hava Schace Impro-Vision My Ape & My Monkey Ron DoBaz","breadcrumb":{"@id":"https:\/\/wpguerssen-test.odoo.rgbconsulting.com\/es\/producto\/ak-musick-cd\/#breadcrumb"},"inLanguage":"es","potentialAction":[{"@type":"ReadAction","target":["https:\/\/wpguerssen-test.odoo.rgbconsulting.com\/es\/producto\/ak-musick-cd\/"]}]},{"@type":"ImageObject","inLanguage":"es","@id":"https:\/\/wpguerssen-test.odoo.rgbconsulting.com\/es\/producto\/ak-musick-cd\/#primaryimage","url":"https:\/\/wpguerssen-test.odoo.rgbconsulting.com\/wp-content\/uploads\/2022\/03\/26654.jpg","contentUrl":"https:\/\/wpguerssen-test.odoo.rgbconsulting.com\/wp-content\/uploads\/2022\/03\/26654.jpg","width":1430,"height":1430,"caption":"AK MUSICK - AK Musick (CD) - MENTAL EXPERIENCE (CD) | Guerssen"},{"@type":"BreadcrumbList","@id":"https:\/\/wpguerssen-test.odoo.rgbconsulting.com\/es\/producto\/ak-musick-cd\/#breadcrumb","itemListElement":[{"@type":"ListItem","position":1,"name":"Inicio","item":"https:\/\/wpguerssen-test.odoo.rgbconsulting.com\/es\/"},{"@type":"ListItem","position":2,"name":"Shop","item":"https:\/\/wpguerssen-test.odoo.rgbconsulting.com\/shop\/"},{"@type":"ListItem","position":3,"name":"AK Musick (CD)"}]},{"@type":"WebSite","@id":"https:\/\/wpguerssen-test.odoo.rgbconsulting.com\/es\/#website","url":"https:\/\/wpguerssen-test.odoo.rgbconsulting.com\/es\/","name":"Guerssen records","description":"psychedelia - progressive - folk - garage ","publisher":{"@id":"https:\/\/wpguerssen-test.odoo.rgbconsulting.com\/es\/#organization"},"potentialAction":[{"@type":"SearchAction","target":{"@type":"EntryPoint","urlTemplate":"https:\/\/wpguerssen-test.odoo.rgbconsulting.com\/es\/?s={search_term_string}"},"query-input":{"@type":"PropertyValueSpecification","valueRequired":true,"valueName":"search_term_string"}}],"inLanguage":"es"},{"@type":"Organization","@id":"https:\/\/wpguerssen-test.odoo.rgbconsulting.com\/es\/#organization","name":"Guerssen records","url":"https:\/\/wpguerssen-test.odoo.rgbconsulting.com\/es\/","logo":{"@type":"ImageObject","inLanguage":"es","@id":"https:\/\/wpguerssen-test.odoo.rgbconsulting.com\/es\/#\/schema\/logo\/image\/","url":"https:\/\/wpguerssen-test.odoo.rgbconsulting.com\/wp-content\/uploads\/2022\/04\/Logo_Guerssen_trans_100.png","contentUrl":"https:\/\/wpguerssen-test.odoo.rgbconsulting.com\/wp-content\/uploads\/2022\/04\/Logo_Guerssen_trans_100.png","width":122,"height":100,"caption":"Guerssen records"},"image":{"@id":"https:\/\/wpguerssen-test.odoo.rgbconsulting.com\/es\/#\/schema\/logo\/image\/"}}]}},"_links":{"self":[{"href":"https:\/\/wpguerssen-test.odoo.rgbconsulting.com\/es\/wp-json\/wp\/v2\/product\/186402","targetHints":{"allow":["GET"]}}],"collection":[{"href":"https:\/\/wpguerssen-test.odoo.rgbconsulting.com\/es\/wp-json\/wp\/v2\/product"}],"about":[{"href":"https:\/\/wpguerssen-test.odoo.rgbconsulting.com\/es\/wp-json\/wp\/v2\/types\/product"}],"wp:featuredmedia":[{"embeddable":true,"href":"https:\/\/wpguerssen-test.odoo.rgbconsulting.com\/es\/wp-json\/wp\/v2\/media\/119513"}],"wp:attachment":[{"href":"https:\/\/wpguerssen-test.odoo.rgbconsulting.com\/es\/wp-json\/wp\/v2\/media?parent=186402"}],"wp:term":[{"taxonomy":"product_brand","embeddable":true,"href":"https:\/\/wpguerssen-test.odoo.rgbconsulting.com\/es\/wp-json\/wp\/v2\/product_brand?post=186402"},{"taxonomy":"product_cat","embeddable":true,"href":"https:\/\/wpguerssen-test.odoo.rgbconsulting.com\/es\/wp-json\/wp\/v2\/product_cat?post=186402"},{"taxonomy":"product_tag","embeddable":true,"href":"https:\/\/wpguerssen-test.odoo.rgbconsulting.com\/es\/wp-json\/wp\/v2\/product_tag?post=186402"}],"curies":[{"name":"wp","href":"https:\/\/api.w.org\/{rel}","templated":true}]}}