{"id":186466,"date":"2016-11-22T00:00:00","date_gmt":"2016-11-21T23:00:00","guid":{"rendered":"http:\/\/guerssen.hl1097.dinaserver.com\/product\/lindo-amorcito-cd\/"},"modified":"2024-09-24T16:46:14","modified_gmt":"2024-09-24T14:46:14","slug":"lindo-amorcito-cd","status":"publish","type":"product","link":"https:\/\/wpguerssen-test.odoo.rgbconsulting.com\/es\/producto\/lindo-amorcito-cd\/","title":{"rendered":"Lindo Amorcito (CD)"},"content":{"rendered":"<p>Los Dandy&#8217;s fueron un grupo de cumbia peruana formado en los a\u00f1os 70 por el gran H\u00e9ctor Farf\u00e1n (Los Beta 5, Los Destellos) y que contaba con la voz principal de, entre otros, el legendario Oswaldo \u00abGuajiro\u00bb Ortega (Los Guajiros, Los Destellos) <\/p>\n<p> Este es su raro y desconocido disco de 1985, editado originalmente en el sello Bamb\u00fa. Una incre\u00edble mezcla de cumbias, guarachas y ritmos tropicales con efectos electr\u00f3nicos tipo \u00abAtari\u00bb, guitarra el\u00e9ctrica con reverb y efectos, incre\u00edble voz y alucinantes letras. <\/p>\n<p> Nuevo dise\u00f1o de portada, remasterizado, booklet con fotos y notas. <\/p>\n<p> RIYL: LOS DESTELLOS, LOS BETA 5, LOS SHAPIS, CHACAL\u00d3N, CHICHA, ELECTRONIC CUMBIA&#8230; <\/p>\n<p> Tracklist:  <\/p>\n<p> Lindo Amorcito (Cumbia) &#8211; Zinecio (Cumbia) &#8211; Tu Adi\u00f3s (Cumbia Folk) &#8211; La Solterona (Cumbia) &#8211; Loco Por Tu Amor (Cumbia) &#8211; Falsa (Cumbia) &#8211; Tu Cucu (Cumbia Beat) &#8211; La Burrita (Cumbia) &#8211; Para Qu\u00e9 Vivir (Cumbia) &#8211; Roxanita (Cumbia) &#8211; Normal Nom\u00e1s (Cumbia) &#8211; Pa&#8217; Todas Hay (Guaracha) &#8211; Mi sufrimiento (Guaracha)- Din Don Dan (Cumbia)<\/p>\n","protected":false},"excerpt":{"rendered":"<p>Los Dandy&#8217;s fueron un grupo de cumbia peruana formado en los a\u00f1os 70 por el gran H\u00e9ctor Farf\u00e1n (Los Beta 5, Los Destellos) y que contaba con la voz principal<a class=\"read\" href=\"https:\/\/wpguerssen-test.odoo.rgbconsulting.com\/es\/producto\/lindo-amorcito-cd\/\"> (...)<\/a>","protected":false},"featured_media":119663,"template":"","meta":{"_acf_changed":false},"product_brand":[],"product_cat":[21639,23231],"product_tag":[29138],"class_list":{"0":"post-186466","1":"product","2":"type-product","3":"status-publish","4":"has-post-thumbnail","6":"product_cat-psychedelic60s-70s-es","7":"product_cat-latin-brazilian-es","8":"product_tag-cd-es","9":"pa_artist-dandys-los-es","10":"pa_format-cd-2-es","11":"pa_gender-latin-brazilian-psychedelic60s-70s","12":"pa_label-pharaway-sounds-es","13":"pa_location-north-america-es","15":"first","16":"instock","17":"taxable","18":"shipping-taxable","19":"purchasable","20":"product-type-simple"},"acf":[],"yoast_head":"<!-- This site is optimized with the Yoast SEO plugin v24.9 - https:\/\/yoast.com\/wordpress\/plugins\/seo\/ -->\n<title>DANDY&#039;S, Los - Lindo Amorcito (CD) -  (CD) | Guerssen<\/title>\n<meta name=\"description\" content=\"Los Dandy&#039;s were a Peruvian cumbia band formed in the 70s by the great H\u00e9ctor Farf\u00e1n (Los Beta 5, Los Destellos) featuring the superb vocals of the legendary Oswaldo &quot;Guajiro&quot; Ortega (Los Guajiros, Los Destellos) on most of their songs. #nl# This is their rare album from 1985, originally released on the tiny Bamb\u00fa label. #nl# A great mix of cumbias, guarachas and tropical rhythms with cool Atari-styled electronic effects, reverb drenched electric guitars, infectious vocals and incredible lyrics. #nl# New cover design, remastered sound, insert with photos and liner notes. #nl# RIYL: LOS DESTELLOS, LOS BETA 5, LOS SHAPIS, CHACAL\u00d3N, CHICHA, ELECTRONIC CUMBIA... #nl# Tracklist: #nl# Lindo Amorcito (Cumbia) - Zinecio (Cumbia) - Tu Adi\u00f3s (Cumbia Folk) - La Solterona (Cumbia) - Loco Por Tu Amor (Cumbia) - Falsa (Cumbia) - Tu Cucu (Cumbia Beat) - La Burrita (Cumbia) - Para Qu\u00e9 Vivir (Cumbia) - Roxanita (Cumbia) - Normal Nom\u00e1s (Cumbia) - Pa&#039; Todas Hay (Guaracha) - Mi sufrimiento (Guaracha)- Din Don Dan (Cumbia)\" \/>\n<meta name=\"robots\" content=\"index, follow, max-snippet:-1, max-image-preview:large, max-video-preview:-1\" \/>\n<link rel=\"canonical\" href=\"https:\/\/wpguerssen-test.odoo.rgbconsulting.com\/es\/producto\/lindo-amorcito-cd\/\" \/>\n<meta property=\"og:locale\" content=\"es_ES\" \/>\n<meta property=\"og:type\" content=\"article\" \/>\n<meta property=\"og:title\" content=\"DANDY&#039;S, Los - Lindo Amorcito (CD) -  (CD) | Guerssen\" \/>\n<meta property=\"og:description\" content=\"Los Dandy&#039;s were a Peruvian cumbia band formed in the 70s by the great H\u00e9ctor Farf\u00e1n (Los Beta 5, Los Destellos) featuring the superb vocals of the legendary Oswaldo &quot;Guajiro&quot; Ortega (Los Guajiros, Los Destellos) on most of their songs. #nl# This is their rare album from 1985, originally released on the tiny Bamb\u00fa label. #nl# A great mix of cumbias, guarachas and tropical rhythms with cool Atari-styled electronic effects, reverb drenched electric guitars, infectious vocals and incredible lyrics. #nl# New cover design, remastered sound, insert with photos and liner notes. #nl# RIYL: LOS DESTELLOS, LOS BETA 5, LOS SHAPIS, CHACAL\u00d3N, CHICHA, ELECTRONIC CUMBIA... #nl# Tracklist: #nl# Lindo Amorcito (Cumbia) - Zinecio (Cumbia) - Tu Adi\u00f3s (Cumbia Folk) - La Solterona (Cumbia) - Loco Por Tu Amor (Cumbia) - Falsa (Cumbia) - Tu Cucu (Cumbia Beat) - La Burrita (Cumbia) - Para Qu\u00e9 Vivir (Cumbia) - Roxanita (Cumbia) - Normal Nom\u00e1s (Cumbia) - Pa&#039; Todas Hay (Guaracha) - Mi sufrimiento (Guaracha)- Din Don Dan (Cumbia)\" \/>\n<meta property=\"og:url\" content=\"https:\/\/wpguerssen-test.odoo.rgbconsulting.com\/es\/producto\/lindo-amorcito-cd\/\" \/>\n<meta property=\"og:site_name\" content=\"Guerssen records\" \/>\n<meta property=\"article:modified_time\" content=\"2024-09-24T14:46:14+00:00\" \/>\n<meta property=\"og:image\" content=\"https:\/\/wpguerssen-test.odoo.rgbconsulting.com\/wp-content\/uploads\/2022\/03\/26799.jpg\" \/>\n\t<meta property=\"og:image:width\" content=\"1430\" \/>\n\t<meta property=\"og:image:height\" content=\"1430\" \/>\n\t<meta property=\"og:image:type\" content=\"image\/jpeg\" \/>\n<meta name=\"twitter:card\" content=\"summary_large_image\" \/>\n<meta name=\"twitter:title\" content=\"DANDY&#039;S, Los - Lindo Amorcito (CD) -  (CD) | Guerssen\" \/>\n<meta name=\"twitter:label1\" content=\"Tiempo de lectura\" \/>\n\t<meta name=\"twitter:data1\" content=\"1 minuto\" \/>\n<script type=\"application\/ld+json\" class=\"yoast-schema-graph\">{\"@context\":\"https:\/\/schema.org\",\"@graph\":[{\"@type\":\"WebPage\",\"@id\":\"https:\/\/wpguerssen-test.odoo.rgbconsulting.com\/es\/producto\/lindo-amorcito-cd\/\",\"url\":\"https:\/\/wpguerssen-test.odoo.rgbconsulting.com\/es\/producto\/lindo-amorcito-cd\/\",\"name\":\"DANDY'S, Los - Lindo Amorcito (CD) - (CD) | Guerssen\",\"isPartOf\":{\"@id\":\"https:\/\/wpguerssen-test.odoo.rgbconsulting.com\/es\/#website\"},\"primaryImageOfPage\":{\"@id\":\"https:\/\/wpguerssen-test.odoo.rgbconsulting.com\/es\/producto\/lindo-amorcito-cd\/#primaryimage\"},\"image\":{\"@id\":\"https:\/\/wpguerssen-test.odoo.rgbconsulting.com\/es\/producto\/lindo-amorcito-cd\/#primaryimage\"},\"thumbnailUrl\":\"https:\/\/wpguerssen-test.odoo.rgbconsulting.com\/wp-content\/uploads\/2022\/03\/26799.jpg\",\"datePublished\":\"2016-11-21T23:00:00+00:00\",\"dateModified\":\"2024-09-24T14:46:14+00:00\",\"description\":\"Los Dandy's were a Peruvian cumbia band formed in the 70s by the great H\u00e9ctor Farf\u00e1n (Los Beta 5, Los Destellos) featuring the superb vocals of the legendary Oswaldo \\\"Guajiro\\\" Ortega (Los Guajiros, Los Destellos) on most of their songs. #nl# This is their rare album from 1985, originally released on the tiny Bamb\u00fa label. #nl# A great mix of cumbias, guarachas and tropical rhythms with cool Atari-styled electronic effects, reverb drenched electric guitars, infectious vocals and incredible lyrics. #nl# New cover design, remastered sound, insert with photos and liner notes. #nl# RIYL: LOS DESTELLOS, LOS BETA 5, LOS SHAPIS, CHACAL\u00d3N, CHICHA, ELECTRONIC CUMBIA... #nl# Tracklist: #nl# Lindo Amorcito (Cumbia) - Zinecio (Cumbia) - Tu Adi\u00f3s (Cumbia Folk) - La Solterona (Cumbia) - Loco Por Tu Amor (Cumbia) - Falsa (Cumbia) - Tu Cucu (Cumbia Beat) - La Burrita (Cumbia) - Para Qu\u00e9 Vivir (Cumbia) - Roxanita (Cumbia) - Normal Nom\u00e1s (Cumbia) - Pa' Todas Hay (Guaracha) - Mi sufrimiento (Guaracha)- Din Don Dan (Cumbia)\",\"breadcrumb\":{\"@id\":\"https:\/\/wpguerssen-test.odoo.rgbconsulting.com\/es\/producto\/lindo-amorcito-cd\/#breadcrumb\"},\"inLanguage\":\"es\",\"potentialAction\":[{\"@type\":\"ReadAction\",\"target\":[\"https:\/\/wpguerssen-test.odoo.rgbconsulting.com\/es\/producto\/lindo-amorcito-cd\/\"]}]},{\"@type\":\"ImageObject\",\"inLanguage\":\"es\",\"@id\":\"https:\/\/wpguerssen-test.odoo.rgbconsulting.com\/es\/producto\/lindo-amorcito-cd\/#primaryimage\",\"url\":\"https:\/\/wpguerssen-test.odoo.rgbconsulting.com\/wp-content\/uploads\/2022\/03\/26799.jpg\",\"contentUrl\":\"https:\/\/wpguerssen-test.odoo.rgbconsulting.com\/wp-content\/uploads\/2022\/03\/26799.jpg\",\"width\":1430,\"height\":1430,\"caption\":\"Los - Lindo Amorcito (CD) - PHARAWAY SOUNDS (CD) | Guerssen\"},{\"@type\":\"BreadcrumbList\",\"@id\":\"https:\/\/wpguerssen-test.odoo.rgbconsulting.com\/es\/producto\/lindo-amorcito-cd\/#breadcrumb\",\"itemListElement\":[{\"@type\":\"ListItem\",\"position\":1,\"name\":\"Inicio\",\"item\":\"https:\/\/wpguerssen-test.odoo.rgbconsulting.com\/es\/\"},{\"@type\":\"ListItem\",\"position\":2,\"name\":\"Shop\",\"item\":\"https:\/\/wpguerssen-test.odoo.rgbconsulting.com\/shop\/\"},{\"@type\":\"ListItem\",\"position\":3,\"name\":\"Lindo Amorcito (CD)\"}]},{\"@type\":\"WebSite\",\"@id\":\"https:\/\/wpguerssen-test.odoo.rgbconsulting.com\/es\/#website\",\"url\":\"https:\/\/wpguerssen-test.odoo.rgbconsulting.com\/es\/\",\"name\":\"Guerssen records\",\"description\":\"psychedelia - progressive - folk - garage \",\"publisher\":{\"@id\":\"https:\/\/wpguerssen-test.odoo.rgbconsulting.com\/es\/#organization\"},\"potentialAction\":[{\"@type\":\"SearchAction\",\"target\":{\"@type\":\"EntryPoint\",\"urlTemplate\":\"https:\/\/wpguerssen-test.odoo.rgbconsulting.com\/es\/?s={search_term_string}\"},\"query-input\":{\"@type\":\"PropertyValueSpecification\",\"valueRequired\":true,\"valueName\":\"search_term_string\"}}],\"inLanguage\":\"es\"},{\"@type\":\"Organization\",\"@id\":\"https:\/\/wpguerssen-test.odoo.rgbconsulting.com\/es\/#organization\",\"name\":\"Guerssen records\",\"url\":\"https:\/\/wpguerssen-test.odoo.rgbconsulting.com\/es\/\",\"logo\":{\"@type\":\"ImageObject\",\"inLanguage\":\"es\",\"@id\":\"https:\/\/wpguerssen-test.odoo.rgbconsulting.com\/es\/#\/schema\/logo\/image\/\",\"url\":\"https:\/\/wpguerssen-test.odoo.rgbconsulting.com\/wp-content\/uploads\/2022\/04\/Logo_Guerssen_trans_100.png\",\"contentUrl\":\"https:\/\/wpguerssen-test.odoo.rgbconsulting.com\/wp-content\/uploads\/2022\/04\/Logo_Guerssen_trans_100.png\",\"width\":122,\"height\":100,\"caption\":\"Guerssen records\"},\"image\":{\"@id\":\"https:\/\/wpguerssen-test.odoo.rgbconsulting.com\/es\/#\/schema\/logo\/image\/\"}}]}<\/script>\n<!-- \/ Yoast SEO plugin. -->","yoast_head_json":{"title":"DANDY'S, Los - Lindo Amorcito (CD) -  (CD) | Guerssen","description":"Los Dandy's were a Peruvian cumbia band formed in the 70s by the great H\u00e9ctor Farf\u00e1n (Los Beta 5, Los Destellos) featuring the superb vocals of the legendary Oswaldo \"Guajiro\" Ortega (Los Guajiros, Los Destellos) on most of their songs. #nl# This is their rare album from 1985, originally released on the tiny Bamb\u00fa label. #nl# A great mix of cumbias, guarachas and tropical rhythms with cool Atari-styled electronic effects, reverb drenched electric guitars, infectious vocals and incredible lyrics. #nl# New cover design, remastered sound, insert with photos and liner notes. #nl# RIYL: LOS DESTELLOS, LOS BETA 5, LOS SHAPIS, CHACAL\u00d3N, CHICHA, ELECTRONIC CUMBIA... #nl# Tracklist: #nl# Lindo Amorcito (Cumbia) - Zinecio (Cumbia) - Tu Adi\u00f3s (Cumbia Folk) - La Solterona (Cumbia) - Loco Por Tu Amor (Cumbia) - Falsa (Cumbia) - Tu Cucu (Cumbia Beat) - La Burrita (Cumbia) - Para Qu\u00e9 Vivir (Cumbia) - Roxanita (Cumbia) - Normal Nom\u00e1s (Cumbia) - Pa' Todas Hay (Guaracha) - Mi sufrimiento (Guaracha)- Din Don Dan (Cumbia)","robots":{"index":"index","follow":"follow","max-snippet":"max-snippet:-1","max-image-preview":"max-image-preview:large","max-video-preview":"max-video-preview:-1"},"canonical":"https:\/\/wpguerssen-test.odoo.rgbconsulting.com\/es\/producto\/lindo-amorcito-cd\/","og_locale":"es_ES","og_type":"article","og_title":"DANDY'S, Los - Lindo Amorcito (CD) -  (CD) | Guerssen","og_description":"Los Dandy's were a Peruvian cumbia band formed in the 70s by the great H\u00e9ctor Farf\u00e1n (Los Beta 5, Los Destellos) featuring the superb vocals of the legendary Oswaldo \"Guajiro\" Ortega (Los Guajiros, Los Destellos) on most of their songs. #nl# This is their rare album from 1985, originally released on the tiny Bamb\u00fa label. #nl# A great mix of cumbias, guarachas and tropical rhythms with cool Atari-styled electronic effects, reverb drenched electric guitars, infectious vocals and incredible lyrics. #nl# New cover design, remastered sound, insert with photos and liner notes. #nl# RIYL: LOS DESTELLOS, LOS BETA 5, LOS SHAPIS, CHACAL\u00d3N, CHICHA, ELECTRONIC CUMBIA... #nl# Tracklist: #nl# Lindo Amorcito (Cumbia) - Zinecio (Cumbia) - Tu Adi\u00f3s (Cumbia Folk) - La Solterona (Cumbia) - Loco Por Tu Amor (Cumbia) - Falsa (Cumbia) - Tu Cucu (Cumbia Beat) - La Burrita (Cumbia) - Para Qu\u00e9 Vivir (Cumbia) - Roxanita (Cumbia) - Normal Nom\u00e1s (Cumbia) - Pa' Todas Hay (Guaracha) - Mi sufrimiento (Guaracha)- Din Don Dan (Cumbia)","og_url":"https:\/\/wpguerssen-test.odoo.rgbconsulting.com\/es\/producto\/lindo-amorcito-cd\/","og_site_name":"Guerssen records","article_modified_time":"2024-09-24T14:46:14+00:00","og_image":[{"width":1430,"height":1430,"url":"https:\/\/wpguerssen-test.odoo.rgbconsulting.com\/wp-content\/uploads\/2022\/03\/26799.jpg","type":"image\/jpeg"}],"twitter_card":"summary_large_image","twitter_title":"DANDY'S, Los - Lindo Amorcito (CD) -  (CD) | Guerssen","twitter_misc":{"Tiempo de lectura":"1 minuto"},"schema":{"@context":"https:\/\/schema.org","@graph":[{"@type":"WebPage","@id":"https:\/\/wpguerssen-test.odoo.rgbconsulting.com\/es\/producto\/lindo-amorcito-cd\/","url":"https:\/\/wpguerssen-test.odoo.rgbconsulting.com\/es\/producto\/lindo-amorcito-cd\/","name":"DANDY'S, Los - Lindo Amorcito (CD) - (CD) | Guerssen","isPartOf":{"@id":"https:\/\/wpguerssen-test.odoo.rgbconsulting.com\/es\/#website"},"primaryImageOfPage":{"@id":"https:\/\/wpguerssen-test.odoo.rgbconsulting.com\/es\/producto\/lindo-amorcito-cd\/#primaryimage"},"image":{"@id":"https:\/\/wpguerssen-test.odoo.rgbconsulting.com\/es\/producto\/lindo-amorcito-cd\/#primaryimage"},"thumbnailUrl":"https:\/\/wpguerssen-test.odoo.rgbconsulting.com\/wp-content\/uploads\/2022\/03\/26799.jpg","datePublished":"2016-11-21T23:00:00+00:00","dateModified":"2024-09-24T14:46:14+00:00","description":"Los Dandy's were a Peruvian cumbia band formed in the 70s by the great H\u00e9ctor Farf\u00e1n (Los Beta 5, Los Destellos) featuring the superb vocals of the legendary Oswaldo \"Guajiro\" Ortega (Los Guajiros, Los Destellos) on most of their songs. #nl# This is their rare album from 1985, originally released on the tiny Bamb\u00fa label. #nl# A great mix of cumbias, guarachas and tropical rhythms with cool Atari-styled electronic effects, reverb drenched electric guitars, infectious vocals and incredible lyrics. #nl# New cover design, remastered sound, insert with photos and liner notes. #nl# RIYL: LOS DESTELLOS, LOS BETA 5, LOS SHAPIS, CHACAL\u00d3N, CHICHA, ELECTRONIC CUMBIA... #nl# Tracklist: #nl# Lindo Amorcito (Cumbia) - Zinecio (Cumbia) - Tu Adi\u00f3s (Cumbia Folk) - La Solterona (Cumbia) - Loco Por Tu Amor (Cumbia) - Falsa (Cumbia) - Tu Cucu (Cumbia Beat) - La Burrita (Cumbia) - Para Qu\u00e9 Vivir (Cumbia) - Roxanita (Cumbia) - Normal Nom\u00e1s (Cumbia) - Pa' Todas Hay (Guaracha) - Mi sufrimiento (Guaracha)- Din Don Dan (Cumbia)","breadcrumb":{"@id":"https:\/\/wpguerssen-test.odoo.rgbconsulting.com\/es\/producto\/lindo-amorcito-cd\/#breadcrumb"},"inLanguage":"es","potentialAction":[{"@type":"ReadAction","target":["https:\/\/wpguerssen-test.odoo.rgbconsulting.com\/es\/producto\/lindo-amorcito-cd\/"]}]},{"@type":"ImageObject","inLanguage":"es","@id":"https:\/\/wpguerssen-test.odoo.rgbconsulting.com\/es\/producto\/lindo-amorcito-cd\/#primaryimage","url":"https:\/\/wpguerssen-test.odoo.rgbconsulting.com\/wp-content\/uploads\/2022\/03\/26799.jpg","contentUrl":"https:\/\/wpguerssen-test.odoo.rgbconsulting.com\/wp-content\/uploads\/2022\/03\/26799.jpg","width":1430,"height":1430,"caption":"Los - Lindo Amorcito (CD) - PHARAWAY SOUNDS (CD) | Guerssen"},{"@type":"BreadcrumbList","@id":"https:\/\/wpguerssen-test.odoo.rgbconsulting.com\/es\/producto\/lindo-amorcito-cd\/#breadcrumb","itemListElement":[{"@type":"ListItem","position":1,"name":"Inicio","item":"https:\/\/wpguerssen-test.odoo.rgbconsulting.com\/es\/"},{"@type":"ListItem","position":2,"name":"Shop","item":"https:\/\/wpguerssen-test.odoo.rgbconsulting.com\/shop\/"},{"@type":"ListItem","position":3,"name":"Lindo Amorcito (CD)"}]},{"@type":"WebSite","@id":"https:\/\/wpguerssen-test.odoo.rgbconsulting.com\/es\/#website","url":"https:\/\/wpguerssen-test.odoo.rgbconsulting.com\/es\/","name":"Guerssen records","description":"psychedelia - progressive - folk - garage ","publisher":{"@id":"https:\/\/wpguerssen-test.odoo.rgbconsulting.com\/es\/#organization"},"potentialAction":[{"@type":"SearchAction","target":{"@type":"EntryPoint","urlTemplate":"https:\/\/wpguerssen-test.odoo.rgbconsulting.com\/es\/?s={search_term_string}"},"query-input":{"@type":"PropertyValueSpecification","valueRequired":true,"valueName":"search_term_string"}}],"inLanguage":"es"},{"@type":"Organization","@id":"https:\/\/wpguerssen-test.odoo.rgbconsulting.com\/es\/#organization","name":"Guerssen records","url":"https:\/\/wpguerssen-test.odoo.rgbconsulting.com\/es\/","logo":{"@type":"ImageObject","inLanguage":"es","@id":"https:\/\/wpguerssen-test.odoo.rgbconsulting.com\/es\/#\/schema\/logo\/image\/","url":"https:\/\/wpguerssen-test.odoo.rgbconsulting.com\/wp-content\/uploads\/2022\/04\/Logo_Guerssen_trans_100.png","contentUrl":"https:\/\/wpguerssen-test.odoo.rgbconsulting.com\/wp-content\/uploads\/2022\/04\/Logo_Guerssen_trans_100.png","width":122,"height":100,"caption":"Guerssen records"},"image":{"@id":"https:\/\/wpguerssen-test.odoo.rgbconsulting.com\/es\/#\/schema\/logo\/image\/"}}]}},"_links":{"self":[{"href":"https:\/\/wpguerssen-test.odoo.rgbconsulting.com\/es\/wp-json\/wp\/v2\/product\/186466","targetHints":{"allow":["GET"]}}],"collection":[{"href":"https:\/\/wpguerssen-test.odoo.rgbconsulting.com\/es\/wp-json\/wp\/v2\/product"}],"about":[{"href":"https:\/\/wpguerssen-test.odoo.rgbconsulting.com\/es\/wp-json\/wp\/v2\/types\/product"}],"wp:featuredmedia":[{"embeddable":true,"href":"https:\/\/wpguerssen-test.odoo.rgbconsulting.com\/es\/wp-json\/wp\/v2\/media\/119663"}],"wp:attachment":[{"href":"https:\/\/wpguerssen-test.odoo.rgbconsulting.com\/es\/wp-json\/wp\/v2\/media?parent=186466"}],"wp:term":[{"taxonomy":"product_brand","embeddable":true,"href":"https:\/\/wpguerssen-test.odoo.rgbconsulting.com\/es\/wp-json\/wp\/v2\/product_brand?post=186466"},{"taxonomy":"product_cat","embeddable":true,"href":"https:\/\/wpguerssen-test.odoo.rgbconsulting.com\/es\/wp-json\/wp\/v2\/product_cat?post=186466"},{"taxonomy":"product_tag","embeddable":true,"href":"https:\/\/wpguerssen-test.odoo.rgbconsulting.com\/es\/wp-json\/wp\/v2\/product_tag?post=186466"}],"curies":[{"name":"wp","href":"https:\/\/api.w.org\/{rel}","templated":true}]}}