{"id":186513,"date":"2016-12-21T00:00:00","date_gmt":"2016-12-20T23:00:00","guid":{"rendered":"http:\/\/guerssen.hl1097.dinaserver.com\/product\/at-the-gallop-cd\/"},"modified":"2025-02-10T13:57:11","modified_gmt":"2025-02-10T12:57:11","slug":"at-the-gallop-cd","status":"publish","type":"product","link":"https:\/\/wpguerssen-test.odoo.rgbconsulting.com\/es\/producto\/at-the-gallop-cd\/","title":{"rendered":"At The Gallop (CD)"},"content":{"rendered":"<p>Originalmente editado por el propio grupo en 1975, \u00abAt The Gallop\u00bb es un curioso artefacto de hard rock callejero y lascivo con toques pub rock, proto-punk, glam-rock y Stonianos que puede recordar a grupos como los primeros Thin Lizzy, Flamin&#8217; Groovies, Mott The Hoople o los oscuros singles recopilados en series como Bonehead Crunchers. <\/p>\n<p> Originarios de Drumcondra (Dublin), Cromwell fueron un grupo pionero en llevar el rock a peque\u00f1os pueblos y poblaciones de Irlanda. Editaron unos pocos singles de glam-fuzz-rock durante los 70 (algunos de ellos incluidos aqu\u00ed como bonus tracks) y en 1975 vi\u00f3 la luz de forma privada su \u00fanico disco, una aut\u00e9ntica rareza a d\u00eda de hoy. <\/p>\n<p> Remasterizado de las cintas originales. <\/p>\n<p> Booklet con detalladas notas por Jeremy Cargill (Ugly Things \/ Got Kinda Lost) y raras fotos. Incluye bonus tracks. <\/p>\n<p> Tracklist CD: <\/p>\n<p> 1. Ireland (The Wild One) <\/p>\n<p> 2. Down On The Town <\/p>\n<p> 3. First Day <\/p>\n<p> 4. You Got It Made <\/p>\n<p> 5. At The Gallop <\/p>\n<p> 6. Guinness Rock <\/p>\n<p> 7. Hoodwinked (Instrumental)<br<<br \/>8. Nothing Left To See <\/p>\n<p> 9. Deal Me In <\/p>\n<p> 10. Dawson&#8217;s Fun Palace <\/p>\n<p> 11. Stomp Stomp Stomp* <\/p>\n<p> 12. You Hate It To Turn* <\/p>\n<p> 13. Guinness Rock (45 Version)* <\/p>\n<p> *Bonus Tracks<\/p>\n","protected":false},"excerpt":{"rendered":"<p>Originalmente editado por el propio grupo en 1975, \u00abAt The Gallop\u00bb es un curioso artefacto de hard rock callejero y lascivo con toques pub rock, proto-punk, glam-rock<a class=\"read\" href=\"https:\/\/wpguerssen-test.odoo.rgbconsulting.com\/es\/producto\/at-the-gallop-cd\/\"> (...)<\/a>","protected":false},"featured_media":119769,"template":"","meta":{"_acf_changed":false},"product_brand":[],"product_cat":[23224,23221],"product_tag":[29138],"class_list":{"0":"post-186513","1":"product","2":"type-product","3":"status-publish","4":"has-post-thumbnail","6":"product_cat-hard-rock-60s-70s-es","7":"product_cat-glam-es","8":"product_tag-cd-es","9":"pa_artist-cromwell-es","10":"pa_format-cd-2-es","11":"pa_gender-hard-rock-60s-70s-glam","12":"pa_label-got-kinda-lost-es","13":"pa_location-europe-es","15":"first","16":"instock","17":"taxable","18":"shipping-taxable","19":"purchasable","20":"product-type-simple"},"acf":[],"yoast_head":"<!-- This site is optimized with the Yoast SEO plugin v24.9 - https:\/\/yoast.com\/wordpress\/plugins\/seo\/ -->\n<title>CROMWELL - At The Gallop (CD) -  (CD) | Guerssen<\/title>\n<meta name=\"description\" content=\"Initially self-released in 1975 by the Drumcondra, Dublin-based Cromwell, At The Gallop is a blistering, heavy, loud&#039;n&#039;lascivious ten track offering (thirteen in this expanded edition) of proto-metal infused street rock&#039;n&#039;roll from a time when Ireland was still under the sway of conservative showbands, quasi-religious, sentimental pop pap and traditional Irish music. #nl# Despite their cultural struggles, Cromwell crafted a creative and compact catalog--five fuzzed&#039;n&#039;ferocious 45s and this footlong--led by co-vocalist\/bassist Michael Kiely&#039;s come hither coo and fey Jagger pose&#039;n&#039;preen, the in-the-pocket drumming of Derek Dawson and minor-guitar hero moves of Patrick Brady, exercising taste, talent and towering mountains of fuzz&#039;n&#039;fury as comfortably as greasy &#039;70s raunch and rural modes. At The Gallop is a rare--fetching upwards of 400EUR when the original LP does appear--little heard classic in the pub\/ fried rock&#039;n&#039;roll \/proto-punk terrain. #nl# RIYL: Teenage Head\/Flamingo-era Flamin&#039; Groovies, Mott The Hoople, &#039;70s Stones, pre-punk American street rock and the Bonehead Crunchers series. #nl# * First time reissue, including bonus tracks from the group&#039;s rare singles. #nl# * Insert featuring rare photos and in-depth liner notes by Jeremy Cargill (Got Kinda Lost Records \/ Ugly Things Magazine). #nl# &quot;Emerging from the giant shadow cast by the greatness of Thin Lizzy, this obscure band with a venomous guitar attack, and dual vocalists that kick ass and take names, puts the &#039;ire&#039; in Ireland and delivers with a sound that&#039;s not for the squeamish&quot;- Rich Haupt (Rockadelic Records \/ The Acid Archives) #nl# Tracklist: #nl# 1. Ireland (The Wild One)2. Down On The Town3. First Day4. You Got It Made5. At The Gallop6. Guinness Rock7. Hoodwinked (Instrumental)8. Nothing Left To See9. Deal Me In10. Dawson&#039;s Fun Palace11. Stomp Stomp Stomp*12. You Hate It To Turn*13. Guinness Rock (45 Version)* #nl# *Bonus Tracks\" \/>\n<meta name=\"robots\" content=\"index, follow, max-snippet:-1, max-image-preview:large, max-video-preview:-1\" \/>\n<link rel=\"canonical\" href=\"https:\/\/wpguerssen-test.odoo.rgbconsulting.com\/es\/producto\/at-the-gallop-cd\/\" \/>\n<meta property=\"og:locale\" content=\"es_ES\" \/>\n<meta property=\"og:type\" content=\"article\" \/>\n<meta property=\"og:title\" content=\"CROMWELL - At The Gallop (CD) -  (CD) | Guerssen\" \/>\n<meta property=\"og:description\" content=\"Initially self-released in 1975 by the Drumcondra, Dublin-based Cromwell, At The Gallop is a blistering, heavy, loud&#039;n&#039;lascivious ten track offering (thirteen in this expanded edition) of proto-metal infused street rock&#039;n&#039;roll from a time when Ireland was still under the sway of conservative showbands, quasi-religious, sentimental pop pap and traditional Irish music. #nl# Despite their cultural struggles, Cromwell crafted a creative and compact catalog--five fuzzed&#039;n&#039;ferocious 45s and this footlong--led by co-vocalist\/bassist Michael Kiely&#039;s come hither coo and fey Jagger pose&#039;n&#039;preen, the in-the-pocket drumming of Derek Dawson and minor-guitar hero moves of Patrick Brady, exercising taste, talent and towering mountains of fuzz&#039;n&#039;fury as comfortably as greasy &#039;70s raunch and rural modes. At The Gallop is a rare--fetching upwards of 400EUR when the original LP does appear--little heard classic in the pub\/ fried rock&#039;n&#039;roll \/proto-punk terrain. #nl# RIYL: Teenage Head\/Flamingo-era Flamin&#039; Groovies, Mott The Hoople, &#039;70s Stones, pre-punk American street rock and the Bonehead Crunchers series. #nl# * First time reissue, including bonus tracks from the group&#039;s rare singles. #nl# * Insert featuring rare photos and in-depth liner notes by Jeremy Cargill (Got Kinda Lost Records \/ Ugly Things Magazine). #nl# &quot;Emerging from the giant shadow cast by the greatness of Thin Lizzy, this obscure band with a venomous guitar attack, and dual vocalists that kick ass and take names, puts the &#039;ire&#039; in Ireland and delivers with a sound that&#039;s not for the squeamish&quot;- Rich Haupt (Rockadelic Records \/ The Acid Archives) #nl# Tracklist: #nl# 1. Ireland (The Wild One)2. Down On The Town3. First Day4. You Got It Made5. At The Gallop6. Guinness Rock7. Hoodwinked (Instrumental)8. Nothing Left To See9. Deal Me In10. Dawson&#039;s Fun Palace11. Stomp Stomp Stomp*12. You Hate It To Turn*13. Guinness Rock (45 Version)* #nl# *Bonus Tracks\" \/>\n<meta property=\"og:url\" content=\"https:\/\/wpguerssen-test.odoo.rgbconsulting.com\/es\/producto\/at-the-gallop-cd\/\" \/>\n<meta property=\"og:site_name\" content=\"Guerssen records\" \/>\n<meta property=\"article:modified_time\" content=\"2025-02-10T12:57:11+00:00\" \/>\n<meta property=\"og:image\" content=\"https:\/\/wpguerssen-test.odoo.rgbconsulting.com\/wp-content\/uploads\/2022\/03\/26935.jpg\" \/>\n\t<meta property=\"og:image:width\" content=\"1430\" \/>\n\t<meta property=\"og:image:height\" content=\"1430\" \/>\n\t<meta property=\"og:image:type\" content=\"image\/jpeg\" \/>\n<meta name=\"twitter:card\" content=\"summary_large_image\" \/>\n<meta name=\"twitter:title\" content=\"CROMWELL - At The Gallop (CD) -  (CD) | Guerssen\" \/>\n<meta name=\"twitter:label1\" content=\"Tiempo de lectura\" \/>\n\t<meta name=\"twitter:data1\" content=\"1 minuto\" \/>\n<script type=\"application\/ld+json\" class=\"yoast-schema-graph\">{\"@context\":\"https:\/\/schema.org\",\"@graph\":[{\"@type\":\"WebPage\",\"@id\":\"https:\/\/wpguerssen-test.odoo.rgbconsulting.com\/es\/producto\/at-the-gallop-cd\/\",\"url\":\"https:\/\/wpguerssen-test.odoo.rgbconsulting.com\/es\/producto\/at-the-gallop-cd\/\",\"name\":\"CROMWELL - At The Gallop (CD) - (CD) | Guerssen\",\"isPartOf\":{\"@id\":\"https:\/\/wpguerssen-test.odoo.rgbconsulting.com\/es\/#website\"},\"primaryImageOfPage\":{\"@id\":\"https:\/\/wpguerssen-test.odoo.rgbconsulting.com\/es\/producto\/at-the-gallop-cd\/#primaryimage\"},\"image\":{\"@id\":\"https:\/\/wpguerssen-test.odoo.rgbconsulting.com\/es\/producto\/at-the-gallop-cd\/#primaryimage\"},\"thumbnailUrl\":\"https:\/\/wpguerssen-test.odoo.rgbconsulting.com\/wp-content\/uploads\/2022\/03\/26935.jpg\",\"datePublished\":\"2016-12-20T23:00:00+00:00\",\"dateModified\":\"2025-02-10T12:57:11+00:00\",\"description\":\"Initially self-released in 1975 by the Drumcondra, Dublin-based Cromwell, At The Gallop is a blistering, heavy, loud'n'lascivious ten track offering (thirteen in this expanded edition) of proto-metal infused street rock'n'roll from a time when Ireland was still under the sway of conservative showbands, quasi-religious, sentimental pop pap and traditional Irish music. #nl# Despite their cultural struggles, Cromwell crafted a creative and compact catalog--five fuzzed'n'ferocious 45s and this footlong--led by co-vocalist\/bassist Michael Kiely's come hither coo and fey Jagger pose'n'preen, the in-the-pocket drumming of Derek Dawson and minor-guitar hero moves of Patrick Brady, exercising taste, talent and towering mountains of fuzz'n'fury as comfortably as greasy '70s raunch and rural modes. At The Gallop is a rare--fetching upwards of 400EUR when the original LP does appear--little heard classic in the pub\/ fried rock'n'roll \/proto-punk terrain. #nl# RIYL: Teenage Head\/Flamingo-era Flamin' Groovies, Mott The Hoople, '70s Stones, pre-punk American street rock and the Bonehead Crunchers series. #nl# * First time reissue, including bonus tracks from the group's rare singles. #nl# * Insert featuring rare photos and in-depth liner notes by Jeremy Cargill (Got Kinda Lost Records \/ Ugly Things Magazine). #nl# \\\"Emerging from the giant shadow cast by the greatness of Thin Lizzy, this obscure band with a venomous guitar attack, and dual vocalists that kick ass and take names, puts the 'ire' in Ireland and delivers with a sound that's not for the squeamish\\\"- Rich Haupt (Rockadelic Records \/ The Acid Archives) #nl# Tracklist: #nl# 1. Ireland (The Wild One)2. Down On The Town3. First Day4. You Got It Made5. At The Gallop6. Guinness Rock7. Hoodwinked (Instrumental)8. Nothing Left To See9. Deal Me In10. Dawson's Fun Palace11. Stomp Stomp Stomp*12. You Hate It To Turn*13. Guinness Rock (45 Version)* #nl# *Bonus Tracks\",\"breadcrumb\":{\"@id\":\"https:\/\/wpguerssen-test.odoo.rgbconsulting.com\/es\/producto\/at-the-gallop-cd\/#breadcrumb\"},\"inLanguage\":\"es\",\"potentialAction\":[{\"@type\":\"ReadAction\",\"target\":[\"https:\/\/wpguerssen-test.odoo.rgbconsulting.com\/es\/producto\/at-the-gallop-cd\/\"]}]},{\"@type\":\"ImageObject\",\"inLanguage\":\"es\",\"@id\":\"https:\/\/wpguerssen-test.odoo.rgbconsulting.com\/es\/producto\/at-the-gallop-cd\/#primaryimage\",\"url\":\"https:\/\/wpguerssen-test.odoo.rgbconsulting.com\/wp-content\/uploads\/2022\/03\/26935.jpg\",\"contentUrl\":\"https:\/\/wpguerssen-test.odoo.rgbconsulting.com\/wp-content\/uploads\/2022\/03\/26935.jpg\",\"width\":1430,\"height\":1430,\"caption\":\"CROMWELL - At The Gallop (CD) - GOT KINDA LOST (CD) | Guerssen\"},{\"@type\":\"BreadcrumbList\",\"@id\":\"https:\/\/wpguerssen-test.odoo.rgbconsulting.com\/es\/producto\/at-the-gallop-cd\/#breadcrumb\",\"itemListElement\":[{\"@type\":\"ListItem\",\"position\":1,\"name\":\"Inicio\",\"item\":\"https:\/\/wpguerssen-test.odoo.rgbconsulting.com\/es\/\"},{\"@type\":\"ListItem\",\"position\":2,\"name\":\"Shop\",\"item\":\"https:\/\/wpguerssen-test.odoo.rgbconsulting.com\/shop\/\"},{\"@type\":\"ListItem\",\"position\":3,\"name\":\"At The Gallop (CD)\"}]},{\"@type\":\"WebSite\",\"@id\":\"https:\/\/wpguerssen-test.odoo.rgbconsulting.com\/es\/#website\",\"url\":\"https:\/\/wpguerssen-test.odoo.rgbconsulting.com\/es\/\",\"name\":\"Guerssen records\",\"description\":\"psychedelia - progressive - folk - garage \",\"publisher\":{\"@id\":\"https:\/\/wpguerssen-test.odoo.rgbconsulting.com\/es\/#organization\"},\"potentialAction\":[{\"@type\":\"SearchAction\",\"target\":{\"@type\":\"EntryPoint\",\"urlTemplate\":\"https:\/\/wpguerssen-test.odoo.rgbconsulting.com\/es\/?s={search_term_string}\"},\"query-input\":{\"@type\":\"PropertyValueSpecification\",\"valueRequired\":true,\"valueName\":\"search_term_string\"}}],\"inLanguage\":\"es\"},{\"@type\":\"Organization\",\"@id\":\"https:\/\/wpguerssen-test.odoo.rgbconsulting.com\/es\/#organization\",\"name\":\"Guerssen records\",\"url\":\"https:\/\/wpguerssen-test.odoo.rgbconsulting.com\/es\/\",\"logo\":{\"@type\":\"ImageObject\",\"inLanguage\":\"es\",\"@id\":\"https:\/\/wpguerssen-test.odoo.rgbconsulting.com\/es\/#\/schema\/logo\/image\/\",\"url\":\"https:\/\/wpguerssen-test.odoo.rgbconsulting.com\/wp-content\/uploads\/2022\/04\/Logo_Guerssen_trans_100.png\",\"contentUrl\":\"https:\/\/wpguerssen-test.odoo.rgbconsulting.com\/wp-content\/uploads\/2022\/04\/Logo_Guerssen_trans_100.png\",\"width\":122,\"height\":100,\"caption\":\"Guerssen records\"},\"image\":{\"@id\":\"https:\/\/wpguerssen-test.odoo.rgbconsulting.com\/es\/#\/schema\/logo\/image\/\"}}]}<\/script>\n<!-- \/ Yoast SEO plugin. -->","yoast_head_json":{"title":"CROMWELL - At The Gallop (CD) -  (CD) | Guerssen","description":"Initially self-released in 1975 by the Drumcondra, Dublin-based Cromwell, At The Gallop is a blistering, heavy, loud'n'lascivious ten track offering (thirteen in this expanded edition) of proto-metal infused street rock'n'roll from a time when Ireland was still under the sway of conservative showbands, quasi-religious, sentimental pop pap and traditional Irish music. #nl# Despite their cultural struggles, Cromwell crafted a creative and compact catalog--five fuzzed'n'ferocious 45s and this footlong--led by co-vocalist\/bassist Michael Kiely's come hither coo and fey Jagger pose'n'preen, the in-the-pocket drumming of Derek Dawson and minor-guitar hero moves of Patrick Brady, exercising taste, talent and towering mountains of fuzz'n'fury as comfortably as greasy '70s raunch and rural modes. At The Gallop is a rare--fetching upwards of 400EUR when the original LP does appear--little heard classic in the pub\/ fried rock'n'roll \/proto-punk terrain. #nl# RIYL: Teenage Head\/Flamingo-era Flamin' Groovies, Mott The Hoople, '70s Stones, pre-punk American street rock and the Bonehead Crunchers series. #nl# * First time reissue, including bonus tracks from the group's rare singles. #nl# * Insert featuring rare photos and in-depth liner notes by Jeremy Cargill (Got Kinda Lost Records \/ Ugly Things Magazine). #nl# \"Emerging from the giant shadow cast by the greatness of Thin Lizzy, this obscure band with a venomous guitar attack, and dual vocalists that kick ass and take names, puts the 'ire' in Ireland and delivers with a sound that's not for the squeamish\"- Rich Haupt (Rockadelic Records \/ The Acid Archives) #nl# Tracklist: #nl# 1. Ireland (The Wild One)2. Down On The Town3. First Day4. You Got It Made5. At The Gallop6. Guinness Rock7. Hoodwinked (Instrumental)8. Nothing Left To See9. Deal Me In10. Dawson's Fun Palace11. Stomp Stomp Stomp*12. You Hate It To Turn*13. Guinness Rock (45 Version)* #nl# *Bonus Tracks","robots":{"index":"index","follow":"follow","max-snippet":"max-snippet:-1","max-image-preview":"max-image-preview:large","max-video-preview":"max-video-preview:-1"},"canonical":"https:\/\/wpguerssen-test.odoo.rgbconsulting.com\/es\/producto\/at-the-gallop-cd\/","og_locale":"es_ES","og_type":"article","og_title":"CROMWELL - At The Gallop (CD) -  (CD) | Guerssen","og_description":"Initially self-released in 1975 by the Drumcondra, Dublin-based Cromwell, At The Gallop is a blistering, heavy, loud'n'lascivious ten track offering (thirteen in this expanded edition) of proto-metal infused street rock'n'roll from a time when Ireland was still under the sway of conservative showbands, quasi-religious, sentimental pop pap and traditional Irish music. #nl# Despite their cultural struggles, Cromwell crafted a creative and compact catalog--five fuzzed'n'ferocious 45s and this footlong--led by co-vocalist\/bassist Michael Kiely's come hither coo and fey Jagger pose'n'preen, the in-the-pocket drumming of Derek Dawson and minor-guitar hero moves of Patrick Brady, exercising taste, talent and towering mountains of fuzz'n'fury as comfortably as greasy '70s raunch and rural modes. At The Gallop is a rare--fetching upwards of 400EUR when the original LP does appear--little heard classic in the pub\/ fried rock'n'roll \/proto-punk terrain. #nl# RIYL: Teenage Head\/Flamingo-era Flamin' Groovies, Mott The Hoople, '70s Stones, pre-punk American street rock and the Bonehead Crunchers series. #nl# * First time reissue, including bonus tracks from the group's rare singles. #nl# * Insert featuring rare photos and in-depth liner notes by Jeremy Cargill (Got Kinda Lost Records \/ Ugly Things Magazine). #nl# \"Emerging from the giant shadow cast by the greatness of Thin Lizzy, this obscure band with a venomous guitar attack, and dual vocalists that kick ass and take names, puts the 'ire' in Ireland and delivers with a sound that's not for the squeamish\"- Rich Haupt (Rockadelic Records \/ The Acid Archives) #nl# Tracklist: #nl# 1. Ireland (The Wild One)2. Down On The Town3. First Day4. You Got It Made5. At The Gallop6. Guinness Rock7. Hoodwinked (Instrumental)8. Nothing Left To See9. Deal Me In10. Dawson's Fun Palace11. Stomp Stomp Stomp*12. You Hate It To Turn*13. Guinness Rock (45 Version)* #nl# *Bonus Tracks","og_url":"https:\/\/wpguerssen-test.odoo.rgbconsulting.com\/es\/producto\/at-the-gallop-cd\/","og_site_name":"Guerssen records","article_modified_time":"2025-02-10T12:57:11+00:00","og_image":[{"width":1430,"height":1430,"url":"https:\/\/wpguerssen-test.odoo.rgbconsulting.com\/wp-content\/uploads\/2022\/03\/26935.jpg","type":"image\/jpeg"}],"twitter_card":"summary_large_image","twitter_title":"CROMWELL - At The Gallop (CD) -  (CD) | Guerssen","twitter_misc":{"Tiempo de lectura":"1 minuto"},"schema":{"@context":"https:\/\/schema.org","@graph":[{"@type":"WebPage","@id":"https:\/\/wpguerssen-test.odoo.rgbconsulting.com\/es\/producto\/at-the-gallop-cd\/","url":"https:\/\/wpguerssen-test.odoo.rgbconsulting.com\/es\/producto\/at-the-gallop-cd\/","name":"CROMWELL - At The Gallop (CD) - (CD) | Guerssen","isPartOf":{"@id":"https:\/\/wpguerssen-test.odoo.rgbconsulting.com\/es\/#website"},"primaryImageOfPage":{"@id":"https:\/\/wpguerssen-test.odoo.rgbconsulting.com\/es\/producto\/at-the-gallop-cd\/#primaryimage"},"image":{"@id":"https:\/\/wpguerssen-test.odoo.rgbconsulting.com\/es\/producto\/at-the-gallop-cd\/#primaryimage"},"thumbnailUrl":"https:\/\/wpguerssen-test.odoo.rgbconsulting.com\/wp-content\/uploads\/2022\/03\/26935.jpg","datePublished":"2016-12-20T23:00:00+00:00","dateModified":"2025-02-10T12:57:11+00:00","description":"Initially self-released in 1975 by the Drumcondra, Dublin-based Cromwell, At The Gallop is a blistering, heavy, loud'n'lascivious ten track offering (thirteen in this expanded edition) of proto-metal infused street rock'n'roll from a time when Ireland was still under the sway of conservative showbands, quasi-religious, sentimental pop pap and traditional Irish music. #nl# Despite their cultural struggles, Cromwell crafted a creative and compact catalog--five fuzzed'n'ferocious 45s and this footlong--led by co-vocalist\/bassist Michael Kiely's come hither coo and fey Jagger pose'n'preen, the in-the-pocket drumming of Derek Dawson and minor-guitar hero moves of Patrick Brady, exercising taste, talent and towering mountains of fuzz'n'fury as comfortably as greasy '70s raunch and rural modes. At The Gallop is a rare--fetching upwards of 400EUR when the original LP does appear--little heard classic in the pub\/ fried rock'n'roll \/proto-punk terrain. #nl# RIYL: Teenage Head\/Flamingo-era Flamin' Groovies, Mott The Hoople, '70s Stones, pre-punk American street rock and the Bonehead Crunchers series. #nl# * First time reissue, including bonus tracks from the group's rare singles. #nl# * Insert featuring rare photos and in-depth liner notes by Jeremy Cargill (Got Kinda Lost Records \/ Ugly Things Magazine). #nl# \"Emerging from the giant shadow cast by the greatness of Thin Lizzy, this obscure band with a venomous guitar attack, and dual vocalists that kick ass and take names, puts the 'ire' in Ireland and delivers with a sound that's not for the squeamish\"- Rich Haupt (Rockadelic Records \/ The Acid Archives) #nl# Tracklist: #nl# 1. Ireland (The Wild One)2. Down On The Town3. First Day4. You Got It Made5. At The Gallop6. Guinness Rock7. Hoodwinked (Instrumental)8. Nothing Left To See9. Deal Me In10. Dawson's Fun Palace11. Stomp Stomp Stomp*12. You Hate It To Turn*13. Guinness Rock (45 Version)* #nl# *Bonus Tracks","breadcrumb":{"@id":"https:\/\/wpguerssen-test.odoo.rgbconsulting.com\/es\/producto\/at-the-gallop-cd\/#breadcrumb"},"inLanguage":"es","potentialAction":[{"@type":"ReadAction","target":["https:\/\/wpguerssen-test.odoo.rgbconsulting.com\/es\/producto\/at-the-gallop-cd\/"]}]},{"@type":"ImageObject","inLanguage":"es","@id":"https:\/\/wpguerssen-test.odoo.rgbconsulting.com\/es\/producto\/at-the-gallop-cd\/#primaryimage","url":"https:\/\/wpguerssen-test.odoo.rgbconsulting.com\/wp-content\/uploads\/2022\/03\/26935.jpg","contentUrl":"https:\/\/wpguerssen-test.odoo.rgbconsulting.com\/wp-content\/uploads\/2022\/03\/26935.jpg","width":1430,"height":1430,"caption":"CROMWELL - At The Gallop (CD) - GOT KINDA LOST (CD) | Guerssen"},{"@type":"BreadcrumbList","@id":"https:\/\/wpguerssen-test.odoo.rgbconsulting.com\/es\/producto\/at-the-gallop-cd\/#breadcrumb","itemListElement":[{"@type":"ListItem","position":1,"name":"Inicio","item":"https:\/\/wpguerssen-test.odoo.rgbconsulting.com\/es\/"},{"@type":"ListItem","position":2,"name":"Shop","item":"https:\/\/wpguerssen-test.odoo.rgbconsulting.com\/shop\/"},{"@type":"ListItem","position":3,"name":"At The Gallop (CD)"}]},{"@type":"WebSite","@id":"https:\/\/wpguerssen-test.odoo.rgbconsulting.com\/es\/#website","url":"https:\/\/wpguerssen-test.odoo.rgbconsulting.com\/es\/","name":"Guerssen records","description":"psychedelia - progressive - folk - garage ","publisher":{"@id":"https:\/\/wpguerssen-test.odoo.rgbconsulting.com\/es\/#organization"},"potentialAction":[{"@type":"SearchAction","target":{"@type":"EntryPoint","urlTemplate":"https:\/\/wpguerssen-test.odoo.rgbconsulting.com\/es\/?s={search_term_string}"},"query-input":{"@type":"PropertyValueSpecification","valueRequired":true,"valueName":"search_term_string"}}],"inLanguage":"es"},{"@type":"Organization","@id":"https:\/\/wpguerssen-test.odoo.rgbconsulting.com\/es\/#organization","name":"Guerssen records","url":"https:\/\/wpguerssen-test.odoo.rgbconsulting.com\/es\/","logo":{"@type":"ImageObject","inLanguage":"es","@id":"https:\/\/wpguerssen-test.odoo.rgbconsulting.com\/es\/#\/schema\/logo\/image\/","url":"https:\/\/wpguerssen-test.odoo.rgbconsulting.com\/wp-content\/uploads\/2022\/04\/Logo_Guerssen_trans_100.png","contentUrl":"https:\/\/wpguerssen-test.odoo.rgbconsulting.com\/wp-content\/uploads\/2022\/04\/Logo_Guerssen_trans_100.png","width":122,"height":100,"caption":"Guerssen records"},"image":{"@id":"https:\/\/wpguerssen-test.odoo.rgbconsulting.com\/es\/#\/schema\/logo\/image\/"}}]}},"_links":{"self":[{"href":"https:\/\/wpguerssen-test.odoo.rgbconsulting.com\/es\/wp-json\/wp\/v2\/product\/186513","targetHints":{"allow":["GET"]}}],"collection":[{"href":"https:\/\/wpguerssen-test.odoo.rgbconsulting.com\/es\/wp-json\/wp\/v2\/product"}],"about":[{"href":"https:\/\/wpguerssen-test.odoo.rgbconsulting.com\/es\/wp-json\/wp\/v2\/types\/product"}],"wp:featuredmedia":[{"embeddable":true,"href":"https:\/\/wpguerssen-test.odoo.rgbconsulting.com\/es\/wp-json\/wp\/v2\/media\/119769"}],"wp:attachment":[{"href":"https:\/\/wpguerssen-test.odoo.rgbconsulting.com\/es\/wp-json\/wp\/v2\/media?parent=186513"}],"wp:term":[{"taxonomy":"product_brand","embeddable":true,"href":"https:\/\/wpguerssen-test.odoo.rgbconsulting.com\/es\/wp-json\/wp\/v2\/product_brand?post=186513"},{"taxonomy":"product_cat","embeddable":true,"href":"https:\/\/wpguerssen-test.odoo.rgbconsulting.com\/es\/wp-json\/wp\/v2\/product_cat?post=186513"},{"taxonomy":"product_tag","embeddable":true,"href":"https:\/\/wpguerssen-test.odoo.rgbconsulting.com\/es\/wp-json\/wp\/v2\/product_tag?post=186513"}],"curies":[{"name":"wp","href":"https:\/\/api.w.org\/{rel}","templated":true}]}}