{"id":186528,"date":"2016-12-16T00:00:00","date_gmt":"2016-12-15T23:00:00","guid":{"rendered":"http:\/\/guerssen.hl1097.dinaserver.com\/product\/for-a-world-after-cd\/"},"modified":"2024-05-06T15:54:37","modified_gmt":"2024-05-06T13:54:37","slug":"for-a-world-after-cd","status":"publish","type":"product","link":"https:\/\/wpguerssen-test.odoo.rgbconsulting.com\/es\/producto\/for-a-world-after-cd\/","title":{"rendered":"For A World After (CD)"},"content":{"rendered":"<p>Dark synth progresivo y psicod\u00e9lico se mezcla con la Berlin School en este disco privado alem\u00e1n editado en 1981. Obra conceptual que trata sobre una guerra nuclear y la desaparici\u00f3n de la humanidad. Todo ello aderezado con infinidad de teclados anal\u00f3gicos (Korg monosyhtn, Casioton, Crumar, Roland&#8230;), fr\u00edas cajas de ritmos y capas de guitarra el\u00e9ctrica con distorsi\u00f3n y efectos. \u00abRequiem\u00bb fue grabado por George A. Speckert, un norteamericano que viv\u00eda en Alemania, junto al guitarrista italiano Massimo Grandi, y editado en su propio sello privado. <\/p>\n<p> Por primera vez reeditado este oscuro disco kraut \/ electr\u00f3nico \/ c\u00f3smico. <\/p>\n<p> Sonido de m\u00e1sters. <\/p>\n<p> Booklet con notas y fotos. <\/p>\n<p> Incluye cup\u00f3n de descarga digital. <\/p>\n<p> RIYL: Klaus Schulze \/ Tangerine Dream, Conrad Schnitzler, Moebius, Popol Vuh, Metronic Underground, R\u00fcdiger Lorenz, Michael Bundt, Wolfgang Bock, Michael Hoenig, Rolf Trostel, PINA&#8230;<\/p>\n","protected":false},"excerpt":{"rendered":"<p>Dark synth progresivo y psicod\u00e9lico se mezcla con la Berlin School en este disco privado alem\u00e1n editado en 1981. Obra conceptual que trata sobre una guerra nuclear<a class=\"read\" href=\"https:\/\/wpguerssen-test.odoo.rgbconsulting.com\/es\/producto\/for-a-world-after-cd\/\"> (...)<\/a>","protected":false},"featured_media":119795,"template":"","meta":{"_acf_changed":false},"product_brand":[],"product_cat":[23230,23266],"product_tag":[29138],"class_list":{"0":"post-186528","1":"product","2":"type-product","3":"status-publish","4":"has-post-thumbnail","6":"product_cat-krautrock-es-2","7":"product_cat-electronic-es","8":"product_tag-cd-es","9":"pa_artist-requiem-es","10":"pa_format-cd-2-es","11":"pa_gender-electronic-krautrock","12":"pa_label-mental-experience-es","13":"pa_location-europe-es","15":"first","16":"instock","17":"taxable","18":"shipping-taxable","19":"purchasable","20":"product-type-simple"},"acf":[],"yoast_head":"<!-- This site is optimized with the Yoast SEO plugin v24.9 - https:\/\/yoast.com\/wordpress\/plugins\/seo\/ -->\n<title>REQUIEM - For A World After (CD) -  (CD) | Guerssen<\/title>\n<meta name=\"description\" content=\"Dark progressive synth ambient meet Berlin-School sounds on this privately pressed, conceptual album which &quot;tells the story of a world annihilation through nuclear war&quot;. #nl# &quot;Requiem&quot; is full of delayed psychedelic electric guitar, effects, cold drum machines, waves of analog keyboards (Korg MS20, Casioton ct201, Crumar DS-2, Jupiter-4...) and cosmic atmosphere. #nl# George Speckert is a conceptual electronic composer based in Hannover but of North American origin. Working as a music teacher in Germany in the 70s, he started to write and produce music in his spare time, inspired by the European rock and electronic scenes of the time (Tangerine Dream, Klaus Schulze, Jean Michel Jarre, Emerson Lake &amp; Palmer, etc). He met another American expat, David Cassidy (no, not THAT David Cassidy), who ran a small record label \/ studio. That&#039;s when &quot;Requiem&quot; started to take form. A chance meeting with a terrific guitar player named Massimo Grandi, led to Massimo adding some amazing electric guitar to the album. After six months, &quot;Requiem&quot; was finally released in a private edition of 1000 copies on the small Daviton label. #nl# *First ever reissue of this obscure electronic Kraut album #nl# *Master tape sound #nl# *Insert with liner notes and photos #nl# RIYL: Klaus Schulze \/ Tangerine Dream, Conrad Schnitzler, Moebius, Popol Vuh, Metronic Underground, R\u00fcdiger Lorenz, Michael Bundt, Wolfgang Bock, Michael Hoenig, Rolf Trostel, PINA... #nl# Tracklist: #nl# Destruction - Devastation - Realisation - Relevation - Construction - Creation\" \/>\n<meta name=\"robots\" content=\"index, follow, max-snippet:-1, max-image-preview:large, max-video-preview:-1\" \/>\n<link rel=\"canonical\" href=\"https:\/\/wpguerssen-test.odoo.rgbconsulting.com\/es\/producto\/for-a-world-after-cd\/\" \/>\n<meta property=\"og:locale\" content=\"es_ES\" \/>\n<meta property=\"og:type\" content=\"article\" \/>\n<meta property=\"og:title\" content=\"REQUIEM - For A World After (CD) -  (CD) | Guerssen\" \/>\n<meta property=\"og:description\" content=\"Dark progressive synth ambient meet Berlin-School sounds on this privately pressed, conceptual album which &quot;tells the story of a world annihilation through nuclear war&quot;. #nl# &quot;Requiem&quot; is full of delayed psychedelic electric guitar, effects, cold drum machines, waves of analog keyboards (Korg MS20, Casioton ct201, Crumar DS-2, Jupiter-4...) and cosmic atmosphere. #nl# George Speckert is a conceptual electronic composer based in Hannover but of North American origin. Working as a music teacher in Germany in the 70s, he started to write and produce music in his spare time, inspired by the European rock and electronic scenes of the time (Tangerine Dream, Klaus Schulze, Jean Michel Jarre, Emerson Lake &amp; Palmer, etc). He met another American expat, David Cassidy (no, not THAT David Cassidy), who ran a small record label \/ studio. That&#039;s when &quot;Requiem&quot; started to take form. A chance meeting with a terrific guitar player named Massimo Grandi, led to Massimo adding some amazing electric guitar to the album. After six months, &quot;Requiem&quot; was finally released in a private edition of 1000 copies on the small Daviton label. #nl# *First ever reissue of this obscure electronic Kraut album #nl# *Master tape sound #nl# *Insert with liner notes and photos #nl# RIYL: Klaus Schulze \/ Tangerine Dream, Conrad Schnitzler, Moebius, Popol Vuh, Metronic Underground, R\u00fcdiger Lorenz, Michael Bundt, Wolfgang Bock, Michael Hoenig, Rolf Trostel, PINA... #nl# Tracklist: #nl# Destruction - Devastation - Realisation - Relevation - Construction - Creation\" \/>\n<meta property=\"og:url\" content=\"https:\/\/wpguerssen-test.odoo.rgbconsulting.com\/es\/producto\/for-a-world-after-cd\/\" \/>\n<meta property=\"og:site_name\" content=\"Guerssen records\" \/>\n<meta property=\"article:modified_time\" content=\"2024-05-06T13:54:37+00:00\" \/>\n<meta property=\"og:image\" content=\"https:\/\/wpguerssen-test.odoo.rgbconsulting.com\/wp-content\/uploads\/2022\/03\/26971.jpg\" \/>\n\t<meta property=\"og:image:width\" content=\"1430\" \/>\n\t<meta property=\"og:image:height\" content=\"1430\" \/>\n\t<meta property=\"og:image:type\" content=\"image\/jpeg\" \/>\n<meta name=\"twitter:card\" content=\"summary_large_image\" \/>\n<meta name=\"twitter:title\" content=\"REQUIEM - For A World After (CD) -  (CD) | Guerssen\" \/>\n<meta name=\"twitter:label1\" content=\"Tiempo de lectura\" \/>\n\t<meta name=\"twitter:data1\" content=\"1 minuto\" \/>\n<script type=\"application\/ld+json\" class=\"yoast-schema-graph\">{\"@context\":\"https:\/\/schema.org\",\"@graph\":[{\"@type\":\"WebPage\",\"@id\":\"https:\/\/wpguerssen-test.odoo.rgbconsulting.com\/es\/producto\/for-a-world-after-cd\/\",\"url\":\"https:\/\/wpguerssen-test.odoo.rgbconsulting.com\/es\/producto\/for-a-world-after-cd\/\",\"name\":\"REQUIEM - For A World After (CD) - (CD) | Guerssen\",\"isPartOf\":{\"@id\":\"https:\/\/wpguerssen-test.odoo.rgbconsulting.com\/es\/#website\"},\"primaryImageOfPage\":{\"@id\":\"https:\/\/wpguerssen-test.odoo.rgbconsulting.com\/es\/producto\/for-a-world-after-cd\/#primaryimage\"},\"image\":{\"@id\":\"https:\/\/wpguerssen-test.odoo.rgbconsulting.com\/es\/producto\/for-a-world-after-cd\/#primaryimage\"},\"thumbnailUrl\":\"https:\/\/wpguerssen-test.odoo.rgbconsulting.com\/wp-content\/uploads\/2022\/03\/26971.jpg\",\"datePublished\":\"2016-12-15T23:00:00+00:00\",\"dateModified\":\"2024-05-06T13:54:37+00:00\",\"description\":\"Dark progressive synth ambient meet Berlin-School sounds on this privately pressed, conceptual album which \\\"tells the story of a world annihilation through nuclear war\\\". #nl# \\\"Requiem\\\" is full of delayed psychedelic electric guitar, effects, cold drum machines, waves of analog keyboards (Korg MS20, Casioton ct201, Crumar DS-2, Jupiter-4...) and cosmic atmosphere. #nl# George Speckert is a conceptual electronic composer based in Hannover but of North American origin. Working as a music teacher in Germany in the 70s, he started to write and produce music in his spare time, inspired by the European rock and electronic scenes of the time (Tangerine Dream, Klaus Schulze, Jean Michel Jarre, Emerson Lake & Palmer, etc). He met another American expat, David Cassidy (no, not THAT David Cassidy), who ran a small record label \/ studio. That's when \\\"Requiem\\\" started to take form. A chance meeting with a terrific guitar player named Massimo Grandi, led to Massimo adding some amazing electric guitar to the album. After six months, \\\"Requiem\\\" was finally released in a private edition of 1000 copies on the small Daviton label. #nl# *First ever reissue of this obscure electronic Kraut album #nl# *Master tape sound #nl# *Insert with liner notes and photos #nl# RIYL: Klaus Schulze \/ Tangerine Dream, Conrad Schnitzler, Moebius, Popol Vuh, Metronic Underground, R\u00fcdiger Lorenz, Michael Bundt, Wolfgang Bock, Michael Hoenig, Rolf Trostel, PINA... #nl# Tracklist: #nl# Destruction - Devastation - Realisation - Relevation - Construction - Creation\",\"breadcrumb\":{\"@id\":\"https:\/\/wpguerssen-test.odoo.rgbconsulting.com\/es\/producto\/for-a-world-after-cd\/#breadcrumb\"},\"inLanguage\":\"es\",\"potentialAction\":[{\"@type\":\"ReadAction\",\"target\":[\"https:\/\/wpguerssen-test.odoo.rgbconsulting.com\/es\/producto\/for-a-world-after-cd\/\"]}]},{\"@type\":\"ImageObject\",\"inLanguage\":\"es\",\"@id\":\"https:\/\/wpguerssen-test.odoo.rgbconsulting.com\/es\/producto\/for-a-world-after-cd\/#primaryimage\",\"url\":\"https:\/\/wpguerssen-test.odoo.rgbconsulting.com\/wp-content\/uploads\/2022\/03\/26971.jpg\",\"contentUrl\":\"https:\/\/wpguerssen-test.odoo.rgbconsulting.com\/wp-content\/uploads\/2022\/03\/26971.jpg\",\"width\":1430,\"height\":1430,\"caption\":\"REQUIEM - For A World After (CD) - MENTAL EXPERIENCE (CD) | Guerssen\"},{\"@type\":\"BreadcrumbList\",\"@id\":\"https:\/\/wpguerssen-test.odoo.rgbconsulting.com\/es\/producto\/for-a-world-after-cd\/#breadcrumb\",\"itemListElement\":[{\"@type\":\"ListItem\",\"position\":1,\"name\":\"Inicio\",\"item\":\"https:\/\/wpguerssen-test.odoo.rgbconsulting.com\/es\/\"},{\"@type\":\"ListItem\",\"position\":2,\"name\":\"Shop\",\"item\":\"https:\/\/wpguerssen-test.odoo.rgbconsulting.com\/shop\/\"},{\"@type\":\"ListItem\",\"position\":3,\"name\":\"For A World After (CD)\"}]},{\"@type\":\"WebSite\",\"@id\":\"https:\/\/wpguerssen-test.odoo.rgbconsulting.com\/es\/#website\",\"url\":\"https:\/\/wpguerssen-test.odoo.rgbconsulting.com\/es\/\",\"name\":\"Guerssen records\",\"description\":\"psychedelia - progressive - folk - garage \",\"publisher\":{\"@id\":\"https:\/\/wpguerssen-test.odoo.rgbconsulting.com\/es\/#organization\"},\"potentialAction\":[{\"@type\":\"SearchAction\",\"target\":{\"@type\":\"EntryPoint\",\"urlTemplate\":\"https:\/\/wpguerssen-test.odoo.rgbconsulting.com\/es\/?s={search_term_string}\"},\"query-input\":{\"@type\":\"PropertyValueSpecification\",\"valueRequired\":true,\"valueName\":\"search_term_string\"}}],\"inLanguage\":\"es\"},{\"@type\":\"Organization\",\"@id\":\"https:\/\/wpguerssen-test.odoo.rgbconsulting.com\/es\/#organization\",\"name\":\"Guerssen records\",\"url\":\"https:\/\/wpguerssen-test.odoo.rgbconsulting.com\/es\/\",\"logo\":{\"@type\":\"ImageObject\",\"inLanguage\":\"es\",\"@id\":\"https:\/\/wpguerssen-test.odoo.rgbconsulting.com\/es\/#\/schema\/logo\/image\/\",\"url\":\"https:\/\/wpguerssen-test.odoo.rgbconsulting.com\/wp-content\/uploads\/2022\/04\/Logo_Guerssen_trans_100.png\",\"contentUrl\":\"https:\/\/wpguerssen-test.odoo.rgbconsulting.com\/wp-content\/uploads\/2022\/04\/Logo_Guerssen_trans_100.png\",\"width\":122,\"height\":100,\"caption\":\"Guerssen records\"},\"image\":{\"@id\":\"https:\/\/wpguerssen-test.odoo.rgbconsulting.com\/es\/#\/schema\/logo\/image\/\"}}]}<\/script>\n<!-- \/ Yoast SEO plugin. -->","yoast_head_json":{"title":"REQUIEM - For A World After (CD) -  (CD) | Guerssen","description":"Dark progressive synth ambient meet Berlin-School sounds on this privately pressed, conceptual album which \"tells the story of a world annihilation through nuclear war\". #nl# \"Requiem\" is full of delayed psychedelic electric guitar, effects, cold drum machines, waves of analog keyboards (Korg MS20, Casioton ct201, Crumar DS-2, Jupiter-4...) and cosmic atmosphere. #nl# George Speckert is a conceptual electronic composer based in Hannover but of North American origin. Working as a music teacher in Germany in the 70s, he started to write and produce music in his spare time, inspired by the European rock and electronic scenes of the time (Tangerine Dream, Klaus Schulze, Jean Michel Jarre, Emerson Lake & Palmer, etc). He met another American expat, David Cassidy (no, not THAT David Cassidy), who ran a small record label \/ studio. That's when \"Requiem\" started to take form. A chance meeting with a terrific guitar player named Massimo Grandi, led to Massimo adding some amazing electric guitar to the album. After six months, \"Requiem\" was finally released in a private edition of 1000 copies on the small Daviton label. #nl# *First ever reissue of this obscure electronic Kraut album #nl# *Master tape sound #nl# *Insert with liner notes and photos #nl# RIYL: Klaus Schulze \/ Tangerine Dream, Conrad Schnitzler, Moebius, Popol Vuh, Metronic Underground, R\u00fcdiger Lorenz, Michael Bundt, Wolfgang Bock, Michael Hoenig, Rolf Trostel, PINA... #nl# Tracklist: #nl# Destruction - Devastation - Realisation - Relevation - Construction - Creation","robots":{"index":"index","follow":"follow","max-snippet":"max-snippet:-1","max-image-preview":"max-image-preview:large","max-video-preview":"max-video-preview:-1"},"canonical":"https:\/\/wpguerssen-test.odoo.rgbconsulting.com\/es\/producto\/for-a-world-after-cd\/","og_locale":"es_ES","og_type":"article","og_title":"REQUIEM - For A World After (CD) -  (CD) | Guerssen","og_description":"Dark progressive synth ambient meet Berlin-School sounds on this privately pressed, conceptual album which \"tells the story of a world annihilation through nuclear war\". #nl# \"Requiem\" is full of delayed psychedelic electric guitar, effects, cold drum machines, waves of analog keyboards (Korg MS20, Casioton ct201, Crumar DS-2, Jupiter-4...) and cosmic atmosphere. #nl# George Speckert is a conceptual electronic composer based in Hannover but of North American origin. Working as a music teacher in Germany in the 70s, he started to write and produce music in his spare time, inspired by the European rock and electronic scenes of the time (Tangerine Dream, Klaus Schulze, Jean Michel Jarre, Emerson Lake & Palmer, etc). He met another American expat, David Cassidy (no, not THAT David Cassidy), who ran a small record label \/ studio. That's when \"Requiem\" started to take form. A chance meeting with a terrific guitar player named Massimo Grandi, led to Massimo adding some amazing electric guitar to the album. After six months, \"Requiem\" was finally released in a private edition of 1000 copies on the small Daviton label. #nl# *First ever reissue of this obscure electronic Kraut album #nl# *Master tape sound #nl# *Insert with liner notes and photos #nl# RIYL: Klaus Schulze \/ Tangerine Dream, Conrad Schnitzler, Moebius, Popol Vuh, Metronic Underground, R\u00fcdiger Lorenz, Michael Bundt, Wolfgang Bock, Michael Hoenig, Rolf Trostel, PINA... #nl# Tracklist: #nl# Destruction - Devastation - Realisation - Relevation - Construction - Creation","og_url":"https:\/\/wpguerssen-test.odoo.rgbconsulting.com\/es\/producto\/for-a-world-after-cd\/","og_site_name":"Guerssen records","article_modified_time":"2024-05-06T13:54:37+00:00","og_image":[{"width":1430,"height":1430,"url":"https:\/\/wpguerssen-test.odoo.rgbconsulting.com\/wp-content\/uploads\/2022\/03\/26971.jpg","type":"image\/jpeg"}],"twitter_card":"summary_large_image","twitter_title":"REQUIEM - For A World After (CD) -  (CD) | Guerssen","twitter_misc":{"Tiempo de lectura":"1 minuto"},"schema":{"@context":"https:\/\/schema.org","@graph":[{"@type":"WebPage","@id":"https:\/\/wpguerssen-test.odoo.rgbconsulting.com\/es\/producto\/for-a-world-after-cd\/","url":"https:\/\/wpguerssen-test.odoo.rgbconsulting.com\/es\/producto\/for-a-world-after-cd\/","name":"REQUIEM - For A World After (CD) - (CD) | Guerssen","isPartOf":{"@id":"https:\/\/wpguerssen-test.odoo.rgbconsulting.com\/es\/#website"},"primaryImageOfPage":{"@id":"https:\/\/wpguerssen-test.odoo.rgbconsulting.com\/es\/producto\/for-a-world-after-cd\/#primaryimage"},"image":{"@id":"https:\/\/wpguerssen-test.odoo.rgbconsulting.com\/es\/producto\/for-a-world-after-cd\/#primaryimage"},"thumbnailUrl":"https:\/\/wpguerssen-test.odoo.rgbconsulting.com\/wp-content\/uploads\/2022\/03\/26971.jpg","datePublished":"2016-12-15T23:00:00+00:00","dateModified":"2024-05-06T13:54:37+00:00","description":"Dark progressive synth ambient meet Berlin-School sounds on this privately pressed, conceptual album which \"tells the story of a world annihilation through nuclear war\". #nl# \"Requiem\" is full of delayed psychedelic electric guitar, effects, cold drum machines, waves of analog keyboards (Korg MS20, Casioton ct201, Crumar DS-2, Jupiter-4...) and cosmic atmosphere. #nl# George Speckert is a conceptual electronic composer based in Hannover but of North American origin. Working as a music teacher in Germany in the 70s, he started to write and produce music in his spare time, inspired by the European rock and electronic scenes of the time (Tangerine Dream, Klaus Schulze, Jean Michel Jarre, Emerson Lake & Palmer, etc). He met another American expat, David Cassidy (no, not THAT David Cassidy), who ran a small record label \/ studio. That's when \"Requiem\" started to take form. A chance meeting with a terrific guitar player named Massimo Grandi, led to Massimo adding some amazing electric guitar to the album. After six months, \"Requiem\" was finally released in a private edition of 1000 copies on the small Daviton label. #nl# *First ever reissue of this obscure electronic Kraut album #nl# *Master tape sound #nl# *Insert with liner notes and photos #nl# RIYL: Klaus Schulze \/ Tangerine Dream, Conrad Schnitzler, Moebius, Popol Vuh, Metronic Underground, R\u00fcdiger Lorenz, Michael Bundt, Wolfgang Bock, Michael Hoenig, Rolf Trostel, PINA... #nl# Tracklist: #nl# Destruction - Devastation - Realisation - Relevation - Construction - Creation","breadcrumb":{"@id":"https:\/\/wpguerssen-test.odoo.rgbconsulting.com\/es\/producto\/for-a-world-after-cd\/#breadcrumb"},"inLanguage":"es","potentialAction":[{"@type":"ReadAction","target":["https:\/\/wpguerssen-test.odoo.rgbconsulting.com\/es\/producto\/for-a-world-after-cd\/"]}]},{"@type":"ImageObject","inLanguage":"es","@id":"https:\/\/wpguerssen-test.odoo.rgbconsulting.com\/es\/producto\/for-a-world-after-cd\/#primaryimage","url":"https:\/\/wpguerssen-test.odoo.rgbconsulting.com\/wp-content\/uploads\/2022\/03\/26971.jpg","contentUrl":"https:\/\/wpguerssen-test.odoo.rgbconsulting.com\/wp-content\/uploads\/2022\/03\/26971.jpg","width":1430,"height":1430,"caption":"REQUIEM - For A World After (CD) - MENTAL EXPERIENCE (CD) | Guerssen"},{"@type":"BreadcrumbList","@id":"https:\/\/wpguerssen-test.odoo.rgbconsulting.com\/es\/producto\/for-a-world-after-cd\/#breadcrumb","itemListElement":[{"@type":"ListItem","position":1,"name":"Inicio","item":"https:\/\/wpguerssen-test.odoo.rgbconsulting.com\/es\/"},{"@type":"ListItem","position":2,"name":"Shop","item":"https:\/\/wpguerssen-test.odoo.rgbconsulting.com\/shop\/"},{"@type":"ListItem","position":3,"name":"For A World After (CD)"}]},{"@type":"WebSite","@id":"https:\/\/wpguerssen-test.odoo.rgbconsulting.com\/es\/#website","url":"https:\/\/wpguerssen-test.odoo.rgbconsulting.com\/es\/","name":"Guerssen records","description":"psychedelia - progressive - folk - garage ","publisher":{"@id":"https:\/\/wpguerssen-test.odoo.rgbconsulting.com\/es\/#organization"},"potentialAction":[{"@type":"SearchAction","target":{"@type":"EntryPoint","urlTemplate":"https:\/\/wpguerssen-test.odoo.rgbconsulting.com\/es\/?s={search_term_string}"},"query-input":{"@type":"PropertyValueSpecification","valueRequired":true,"valueName":"search_term_string"}}],"inLanguage":"es"},{"@type":"Organization","@id":"https:\/\/wpguerssen-test.odoo.rgbconsulting.com\/es\/#organization","name":"Guerssen records","url":"https:\/\/wpguerssen-test.odoo.rgbconsulting.com\/es\/","logo":{"@type":"ImageObject","inLanguage":"es","@id":"https:\/\/wpguerssen-test.odoo.rgbconsulting.com\/es\/#\/schema\/logo\/image\/","url":"https:\/\/wpguerssen-test.odoo.rgbconsulting.com\/wp-content\/uploads\/2022\/04\/Logo_Guerssen_trans_100.png","contentUrl":"https:\/\/wpguerssen-test.odoo.rgbconsulting.com\/wp-content\/uploads\/2022\/04\/Logo_Guerssen_trans_100.png","width":122,"height":100,"caption":"Guerssen records"},"image":{"@id":"https:\/\/wpguerssen-test.odoo.rgbconsulting.com\/es\/#\/schema\/logo\/image\/"}}]}},"_links":{"self":[{"href":"https:\/\/wpguerssen-test.odoo.rgbconsulting.com\/es\/wp-json\/wp\/v2\/product\/186528","targetHints":{"allow":["GET"]}}],"collection":[{"href":"https:\/\/wpguerssen-test.odoo.rgbconsulting.com\/es\/wp-json\/wp\/v2\/product"}],"about":[{"href":"https:\/\/wpguerssen-test.odoo.rgbconsulting.com\/es\/wp-json\/wp\/v2\/types\/product"}],"wp:featuredmedia":[{"embeddable":true,"href":"https:\/\/wpguerssen-test.odoo.rgbconsulting.com\/es\/wp-json\/wp\/v2\/media\/119795"}],"wp:attachment":[{"href":"https:\/\/wpguerssen-test.odoo.rgbconsulting.com\/es\/wp-json\/wp\/v2\/media?parent=186528"}],"wp:term":[{"taxonomy":"product_brand","embeddable":true,"href":"https:\/\/wpguerssen-test.odoo.rgbconsulting.com\/es\/wp-json\/wp\/v2\/product_brand?post=186528"},{"taxonomy":"product_cat","embeddable":true,"href":"https:\/\/wpguerssen-test.odoo.rgbconsulting.com\/es\/wp-json\/wp\/v2\/product_cat?post=186528"},{"taxonomy":"product_tag","embeddable":true,"href":"https:\/\/wpguerssen-test.odoo.rgbconsulting.com\/es\/wp-json\/wp\/v2\/product_tag?post=186528"}],"curies":[{"name":"wp","href":"https:\/\/api.w.org\/{rel}","templated":true}]}}