{"id":186649,"date":"2017-01-18T00:00:00","date_gmt":"2017-01-17T23:00:00","guid":{"rendered":"http:\/\/guerssen.hl1097.dinaserver.com\/product\/reminiscence-cd\/"},"modified":"2025-03-17T17:27:32","modified_gmt":"2025-03-17T16:27:32","slug":"reminiscence-cd","status":"publish","type":"product","link":"https:\/\/wpguerssen-test.odoo.rgbconsulting.com\/es\/producto\/reminiscence-cd\/","title":{"rendered":"Reminiscence (CD)"},"content":{"rendered":"<p>Heat Exchange fueron un grupo Canadiense formado a finales de los 60 que \u00fanicamente editaron tres 45s para el famoso sello Yorkville. Pero en 1972, el grupo grab\u00f3 m\u00e1s material para un LP que nunca lleg\u00f3 a materializarse. Aqu\u00ed tienes todas sus grabaciones, 1972-73, incluyendo los temas editados en sus singles junto a los que iban a formar parte de su LP, in\u00e9ditos hasta ahora. Sonido muy influenciado por la psicodelia, hard y proto-progresivo brit\u00e1nico de finales de los 60 \/ principios de los 70. Piensa en grupos como King Crimson, Samurai, Web, Deep Purple, Human Beast&#8230;Buena guitarra con fuzz-wah, flauta y ocasional saxo, poderoso \u00f3rgano Hammond, dura secci\u00f3n r\u00edtmica&#8230; <\/p>\n<p> Remasterizado de las cintas y singles originales. Incluye extenso booklet con toda la historia del grupo y raras fotos. <\/p>\n<p> Tracklist: <\/p>\n<p> For Those Who Listen &#8211; Inferno &#8211; Reminiscence &#8211; Can You Tell Me &#8211; Stopwatch &#8211; She Made Me All Alone &#8211; Philosophy &#8211; Scorpio Lady &#8211; Scat &#8211; Four To Open The Door<\/p>\n","protected":false},"excerpt":{"rendered":"<p>Heat Exchange fueron un grupo Canadiense formado a finales de los 60 que \u00fanicamente editaron tres 45s para el famoso sello Yorkville. Pero en 1972, el grupo grab\u00f3<a class=\"read\" href=\"https:\/\/wpguerssen-test.odoo.rgbconsulting.com\/es\/producto\/reminiscence-cd\/\"> (...)<\/a>","protected":false},"featured_media":120038,"template":"","meta":{"_acf_changed":false},"product_brand":[],"product_cat":[21639,23215],"product_tag":[29138],"class_list":{"0":"post-186649","1":"product","2":"type-product","3":"status-publish","4":"has-post-thumbnail","6":"product_cat-psychedelic60s-70s-es","7":"product_cat-progressive60s-70s-es","8":"product_tag-cd-es","9":"pa_artist-heat-exchange-es","10":"pa_format-cd-2-es","11":"pa_gender-psychedelic60s-70s-progressive60s-70s","12":"pa_label-out-sider-music-es","13":"pa_location-north-america-es","15":"first","16":"instock","17":"taxable","18":"shipping-taxable","19":"purchasable","20":"product-type-simple"},"acf":[],"yoast_head":"<!-- This site is optimized with the Yoast SEO plugin v24.9 - https:\/\/yoast.com\/wordpress\/plugins\/seo\/ -->\n<title>HEAT EXCHANGE - Reminiscence (CD) -  (CD) | Guerssen<\/title>\n<meta name=\"description\" content=\"During their brief existence, Heat Exchange - from Canada - recorded an album of which only four tracks were released as 45s for the legendary Yorkville label. Here&#039;s for the first time ever the complete Heat Exchange studio recordings, including their three 45s plus the previously unreleased recordings they did for their never released LP in 1972. #nl# Fabulous UK sounding heavy progressive and psychedelic hard rock. Top level musicianship, well constructed songs, powerful vocals, sax, flute, wah-wah, Organ, solid rhythm section...&lt;br&lt;*Remastered from original reel-to-reel tapes and 45s. #nl# *Booklet with detailed liner notes and photos, including an introduction by Rich Sheppard (After The Sabbath). #nl# RIYL: King Crimson, Jethro Tull, Samurai (UK) Web (&quot;I Spider&quot;), Human Beast, Deep Purple... #nl# Tracklist: #nl# For Those Who Listen - Inferno - Reminiscence - Can You Tell Me - Stopwatch - She Made Me All Alone - Philosophy - Scorpio Lady - Scat - Four To Open The Door\" \/>\n<meta name=\"robots\" content=\"index, follow, max-snippet:-1, max-image-preview:large, max-video-preview:-1\" \/>\n<link rel=\"canonical\" href=\"https:\/\/wpguerssen-test.odoo.rgbconsulting.com\/es\/producto\/reminiscence-cd\/\" \/>\n<meta property=\"og:locale\" content=\"es_ES\" \/>\n<meta property=\"og:type\" content=\"article\" \/>\n<meta property=\"og:title\" content=\"HEAT EXCHANGE - Reminiscence (CD) -  (CD) | Guerssen\" \/>\n<meta property=\"og:description\" content=\"During their brief existence, Heat Exchange - from Canada - recorded an album of which only four tracks were released as 45s for the legendary Yorkville label. Here&#039;s for the first time ever the complete Heat Exchange studio recordings, including their three 45s plus the previously unreleased recordings they did for their never released LP in 1972. #nl# Fabulous UK sounding heavy progressive and psychedelic hard rock. Top level musicianship, well constructed songs, powerful vocals, sax, flute, wah-wah, Organ, solid rhythm section...&lt;br&lt;*Remastered from original reel-to-reel tapes and 45s. #nl# *Booklet with detailed liner notes and photos, including an introduction by Rich Sheppard (After The Sabbath). #nl# RIYL: King Crimson, Jethro Tull, Samurai (UK) Web (&quot;I Spider&quot;), Human Beast, Deep Purple... #nl# Tracklist: #nl# For Those Who Listen - Inferno - Reminiscence - Can You Tell Me - Stopwatch - She Made Me All Alone - Philosophy - Scorpio Lady - Scat - Four To Open The Door\" \/>\n<meta property=\"og:url\" content=\"https:\/\/wpguerssen-test.odoo.rgbconsulting.com\/es\/producto\/reminiscence-cd\/\" \/>\n<meta property=\"og:site_name\" content=\"Guerssen records\" \/>\n<meta property=\"article:modified_time\" content=\"2025-03-17T16:27:32+00:00\" \/>\n<meta property=\"og:image\" content=\"https:\/\/wpguerssen-test.odoo.rgbconsulting.com\/wp-content\/uploads\/2022\/03\/27302.jpg\" \/>\n\t<meta property=\"og:image:width\" content=\"1200\" \/>\n\t<meta property=\"og:image:height\" content=\"1200\" \/>\n\t<meta property=\"og:image:type\" content=\"image\/jpeg\" \/>\n<meta name=\"twitter:card\" content=\"summary_large_image\" \/>\n<meta name=\"twitter:title\" content=\"HEAT EXCHANGE - Reminiscence (CD) -  (CD) | Guerssen\" \/>\n<meta name=\"twitter:label1\" content=\"Tiempo de lectura\" \/>\n\t<meta name=\"twitter:data1\" content=\"1 minuto\" \/>\n<script type=\"application\/ld+json\" class=\"yoast-schema-graph\">{\"@context\":\"https:\/\/schema.org\",\"@graph\":[{\"@type\":\"WebPage\",\"@id\":\"https:\/\/wpguerssen-test.odoo.rgbconsulting.com\/es\/producto\/reminiscence-cd\/\",\"url\":\"https:\/\/wpguerssen-test.odoo.rgbconsulting.com\/es\/producto\/reminiscence-cd\/\",\"name\":\"HEAT EXCHANGE - Reminiscence (CD) - (CD) | Guerssen\",\"isPartOf\":{\"@id\":\"https:\/\/wpguerssen-test.odoo.rgbconsulting.com\/es\/#website\"},\"primaryImageOfPage\":{\"@id\":\"https:\/\/wpguerssen-test.odoo.rgbconsulting.com\/es\/producto\/reminiscence-cd\/#primaryimage\"},\"image\":{\"@id\":\"https:\/\/wpguerssen-test.odoo.rgbconsulting.com\/es\/producto\/reminiscence-cd\/#primaryimage\"},\"thumbnailUrl\":\"https:\/\/wpguerssen-test.odoo.rgbconsulting.com\/wp-content\/uploads\/2022\/03\/27302.jpg\",\"datePublished\":\"2017-01-17T23:00:00+00:00\",\"dateModified\":\"2025-03-17T16:27:32+00:00\",\"description\":\"During their brief existence, Heat Exchange - from Canada - recorded an album of which only four tracks were released as 45s for the legendary Yorkville label. Here's for the first time ever the complete Heat Exchange studio recordings, including their three 45s plus the previously unreleased recordings they did for their never released LP in 1972. #nl# Fabulous UK sounding heavy progressive and psychedelic hard rock. Top level musicianship, well constructed songs, powerful vocals, sax, flute, wah-wah, Organ, solid rhythm section...&lt;br&lt;*Remastered from original reel-to-reel tapes and 45s. #nl# *Booklet with detailed liner notes and photos, including an introduction by Rich Sheppard (After The Sabbath). #nl# RIYL: King Crimson, Jethro Tull, Samurai (UK) Web (&quot;I Spider&quot;), Human Beast, Deep Purple... #nl# Tracklist: #nl# For Those Who Listen - Inferno - Reminiscence - Can You Tell Me - Stopwatch - She Made Me All Alone - Philosophy - Scorpio Lady - Scat - Four To Open The Door\",\"breadcrumb\":{\"@id\":\"https:\/\/wpguerssen-test.odoo.rgbconsulting.com\/es\/producto\/reminiscence-cd\/#breadcrumb\"},\"inLanguage\":\"es\",\"potentialAction\":[{\"@type\":\"ReadAction\",\"target\":[\"https:\/\/wpguerssen-test.odoo.rgbconsulting.com\/es\/producto\/reminiscence-cd\/\"]}]},{\"@type\":\"ImageObject\",\"inLanguage\":\"es\",\"@id\":\"https:\/\/wpguerssen-test.odoo.rgbconsulting.com\/es\/producto\/reminiscence-cd\/#primaryimage\",\"url\":\"https:\/\/wpguerssen-test.odoo.rgbconsulting.com\/wp-content\/uploads\/2022\/03\/27302.jpg\",\"contentUrl\":\"https:\/\/wpguerssen-test.odoo.rgbconsulting.com\/wp-content\/uploads\/2022\/03\/27302.jpg\",\"width\":1200,\"height\":1200,\"caption\":\"HEAT EXCHANGE - Reminiscence (CD) - OUT-SIDER MUSIC (CD) | Guerssen\"},{\"@type\":\"BreadcrumbList\",\"@id\":\"https:\/\/wpguerssen-test.odoo.rgbconsulting.com\/es\/producto\/reminiscence-cd\/#breadcrumb\",\"itemListElement\":[{\"@type\":\"ListItem\",\"position\":1,\"name\":\"Inicio\",\"item\":\"https:\/\/wpguerssen-test.odoo.rgbconsulting.com\/es\/\"},{\"@type\":\"ListItem\",\"position\":2,\"name\":\"Shop\",\"item\":\"https:\/\/wpguerssen-test.odoo.rgbconsulting.com\/shop\/\"},{\"@type\":\"ListItem\",\"position\":3,\"name\":\"Reminiscence (CD)\"}]},{\"@type\":\"WebSite\",\"@id\":\"https:\/\/wpguerssen-test.odoo.rgbconsulting.com\/es\/#website\",\"url\":\"https:\/\/wpguerssen-test.odoo.rgbconsulting.com\/es\/\",\"name\":\"Guerssen records\",\"description\":\"psychedelia - progressive - folk - garage \",\"publisher\":{\"@id\":\"https:\/\/wpguerssen-test.odoo.rgbconsulting.com\/es\/#organization\"},\"potentialAction\":[{\"@type\":\"SearchAction\",\"target\":{\"@type\":\"EntryPoint\",\"urlTemplate\":\"https:\/\/wpguerssen-test.odoo.rgbconsulting.com\/es\/?s={search_term_string}\"},\"query-input\":{\"@type\":\"PropertyValueSpecification\",\"valueRequired\":true,\"valueName\":\"search_term_string\"}}],\"inLanguage\":\"es\"},{\"@type\":\"Organization\",\"@id\":\"https:\/\/wpguerssen-test.odoo.rgbconsulting.com\/es\/#organization\",\"name\":\"Guerssen records\",\"url\":\"https:\/\/wpguerssen-test.odoo.rgbconsulting.com\/es\/\",\"logo\":{\"@type\":\"ImageObject\",\"inLanguage\":\"es\",\"@id\":\"https:\/\/wpguerssen-test.odoo.rgbconsulting.com\/es\/#\/schema\/logo\/image\/\",\"url\":\"https:\/\/wpguerssen-test.odoo.rgbconsulting.com\/wp-content\/uploads\/2022\/04\/Logo_Guerssen_trans_100.png\",\"contentUrl\":\"https:\/\/wpguerssen-test.odoo.rgbconsulting.com\/wp-content\/uploads\/2022\/04\/Logo_Guerssen_trans_100.png\",\"width\":122,\"height\":100,\"caption\":\"Guerssen records\"},\"image\":{\"@id\":\"https:\/\/wpguerssen-test.odoo.rgbconsulting.com\/es\/#\/schema\/logo\/image\/\"}}]}<\/script>\n<!-- \/ Yoast SEO plugin. -->","yoast_head_json":{"title":"HEAT EXCHANGE - Reminiscence (CD) -  (CD) | Guerssen","description":"During their brief existence, Heat Exchange - from Canada - recorded an album of which only four tracks were released as 45s for the legendary Yorkville label. Here's for the first time ever the complete Heat Exchange studio recordings, including their three 45s plus the previously unreleased recordings they did for their never released LP in 1972. #nl# Fabulous UK sounding heavy progressive and psychedelic hard rock. Top level musicianship, well constructed songs, powerful vocals, sax, flute, wah-wah, Organ, solid rhythm section...&lt;br&lt;*Remastered from original reel-to-reel tapes and 45s. #nl# *Booklet with detailed liner notes and photos, including an introduction by Rich Sheppard (After The Sabbath). #nl# RIYL: King Crimson, Jethro Tull, Samurai (UK) Web (&quot;I Spider&quot;), Human Beast, Deep Purple... #nl# Tracklist: #nl# For Those Who Listen - Inferno - Reminiscence - Can You Tell Me - Stopwatch - She Made Me All Alone - Philosophy - Scorpio Lady - Scat - Four To Open The Door","robots":{"index":"index","follow":"follow","max-snippet":"max-snippet:-1","max-image-preview":"max-image-preview:large","max-video-preview":"max-video-preview:-1"},"canonical":"https:\/\/wpguerssen-test.odoo.rgbconsulting.com\/es\/producto\/reminiscence-cd\/","og_locale":"es_ES","og_type":"article","og_title":"HEAT EXCHANGE - Reminiscence (CD) -  (CD) | Guerssen","og_description":"During their brief existence, Heat Exchange - from Canada - recorded an album of which only four tracks were released as 45s for the legendary Yorkville label. Here's for the first time ever the complete Heat Exchange studio recordings, including their three 45s plus the previously unreleased recordings they did for their never released LP in 1972. #nl# Fabulous UK sounding heavy progressive and psychedelic hard rock. Top level musicianship, well constructed songs, powerful vocals, sax, flute, wah-wah, Organ, solid rhythm section...&lt;br&lt;*Remastered from original reel-to-reel tapes and 45s. #nl# *Booklet with detailed liner notes and photos, including an introduction by Rich Sheppard (After The Sabbath). #nl# RIYL: King Crimson, Jethro Tull, Samurai (UK) Web (&quot;I Spider&quot;), Human Beast, Deep Purple... #nl# Tracklist: #nl# For Those Who Listen - Inferno - Reminiscence - Can You Tell Me - Stopwatch - She Made Me All Alone - Philosophy - Scorpio Lady - Scat - Four To Open The Door","og_url":"https:\/\/wpguerssen-test.odoo.rgbconsulting.com\/es\/producto\/reminiscence-cd\/","og_site_name":"Guerssen records","article_modified_time":"2025-03-17T16:27:32+00:00","og_image":[{"width":1200,"height":1200,"url":"https:\/\/wpguerssen-test.odoo.rgbconsulting.com\/wp-content\/uploads\/2022\/03\/27302.jpg","type":"image\/jpeg"}],"twitter_card":"summary_large_image","twitter_title":"HEAT EXCHANGE - Reminiscence (CD) -  (CD) | Guerssen","twitter_misc":{"Tiempo de lectura":"1 minuto"},"schema":{"@context":"https:\/\/schema.org","@graph":[{"@type":"WebPage","@id":"https:\/\/wpguerssen-test.odoo.rgbconsulting.com\/es\/producto\/reminiscence-cd\/","url":"https:\/\/wpguerssen-test.odoo.rgbconsulting.com\/es\/producto\/reminiscence-cd\/","name":"HEAT EXCHANGE - Reminiscence (CD) - (CD) | Guerssen","isPartOf":{"@id":"https:\/\/wpguerssen-test.odoo.rgbconsulting.com\/es\/#website"},"primaryImageOfPage":{"@id":"https:\/\/wpguerssen-test.odoo.rgbconsulting.com\/es\/producto\/reminiscence-cd\/#primaryimage"},"image":{"@id":"https:\/\/wpguerssen-test.odoo.rgbconsulting.com\/es\/producto\/reminiscence-cd\/#primaryimage"},"thumbnailUrl":"https:\/\/wpguerssen-test.odoo.rgbconsulting.com\/wp-content\/uploads\/2022\/03\/27302.jpg","datePublished":"2017-01-17T23:00:00+00:00","dateModified":"2025-03-17T16:27:32+00:00","description":"During their brief existence, Heat Exchange - from Canada - recorded an album of which only four tracks were released as 45s for the legendary Yorkville label. Here's for the first time ever the complete Heat Exchange studio recordings, including their three 45s plus the previously unreleased recordings they did for their never released LP in 1972. #nl# Fabulous UK sounding heavy progressive and psychedelic hard rock. Top level musicianship, well constructed songs, powerful vocals, sax, flute, wah-wah, Organ, solid rhythm section...&lt;br&lt;*Remastered from original reel-to-reel tapes and 45s. #nl# *Booklet with detailed liner notes and photos, including an introduction by Rich Sheppard (After The Sabbath). #nl# RIYL: King Crimson, Jethro Tull, Samurai (UK) Web (&quot;I Spider&quot;), Human Beast, Deep Purple... #nl# Tracklist: #nl# For Those Who Listen - Inferno - Reminiscence - Can You Tell Me - Stopwatch - She Made Me All Alone - Philosophy - Scorpio Lady - Scat - Four To Open The Door","breadcrumb":{"@id":"https:\/\/wpguerssen-test.odoo.rgbconsulting.com\/es\/producto\/reminiscence-cd\/#breadcrumb"},"inLanguage":"es","potentialAction":[{"@type":"ReadAction","target":["https:\/\/wpguerssen-test.odoo.rgbconsulting.com\/es\/producto\/reminiscence-cd\/"]}]},{"@type":"ImageObject","inLanguage":"es","@id":"https:\/\/wpguerssen-test.odoo.rgbconsulting.com\/es\/producto\/reminiscence-cd\/#primaryimage","url":"https:\/\/wpguerssen-test.odoo.rgbconsulting.com\/wp-content\/uploads\/2022\/03\/27302.jpg","contentUrl":"https:\/\/wpguerssen-test.odoo.rgbconsulting.com\/wp-content\/uploads\/2022\/03\/27302.jpg","width":1200,"height":1200,"caption":"HEAT EXCHANGE - Reminiscence (CD) - OUT-SIDER MUSIC (CD) | Guerssen"},{"@type":"BreadcrumbList","@id":"https:\/\/wpguerssen-test.odoo.rgbconsulting.com\/es\/producto\/reminiscence-cd\/#breadcrumb","itemListElement":[{"@type":"ListItem","position":1,"name":"Inicio","item":"https:\/\/wpguerssen-test.odoo.rgbconsulting.com\/es\/"},{"@type":"ListItem","position":2,"name":"Shop","item":"https:\/\/wpguerssen-test.odoo.rgbconsulting.com\/shop\/"},{"@type":"ListItem","position":3,"name":"Reminiscence (CD)"}]},{"@type":"WebSite","@id":"https:\/\/wpguerssen-test.odoo.rgbconsulting.com\/es\/#website","url":"https:\/\/wpguerssen-test.odoo.rgbconsulting.com\/es\/","name":"Guerssen records","description":"psychedelia - progressive - folk - garage ","publisher":{"@id":"https:\/\/wpguerssen-test.odoo.rgbconsulting.com\/es\/#organization"},"potentialAction":[{"@type":"SearchAction","target":{"@type":"EntryPoint","urlTemplate":"https:\/\/wpguerssen-test.odoo.rgbconsulting.com\/es\/?s={search_term_string}"},"query-input":{"@type":"PropertyValueSpecification","valueRequired":true,"valueName":"search_term_string"}}],"inLanguage":"es"},{"@type":"Organization","@id":"https:\/\/wpguerssen-test.odoo.rgbconsulting.com\/es\/#organization","name":"Guerssen records","url":"https:\/\/wpguerssen-test.odoo.rgbconsulting.com\/es\/","logo":{"@type":"ImageObject","inLanguage":"es","@id":"https:\/\/wpguerssen-test.odoo.rgbconsulting.com\/es\/#\/schema\/logo\/image\/","url":"https:\/\/wpguerssen-test.odoo.rgbconsulting.com\/wp-content\/uploads\/2022\/04\/Logo_Guerssen_trans_100.png","contentUrl":"https:\/\/wpguerssen-test.odoo.rgbconsulting.com\/wp-content\/uploads\/2022\/04\/Logo_Guerssen_trans_100.png","width":122,"height":100,"caption":"Guerssen records"},"image":{"@id":"https:\/\/wpguerssen-test.odoo.rgbconsulting.com\/es\/#\/schema\/logo\/image\/"}}]}},"_links":{"self":[{"href":"https:\/\/wpguerssen-test.odoo.rgbconsulting.com\/es\/wp-json\/wp\/v2\/product\/186649","targetHints":{"allow":["GET"]}}],"collection":[{"href":"https:\/\/wpguerssen-test.odoo.rgbconsulting.com\/es\/wp-json\/wp\/v2\/product"}],"about":[{"href":"https:\/\/wpguerssen-test.odoo.rgbconsulting.com\/es\/wp-json\/wp\/v2\/types\/product"}],"wp:featuredmedia":[{"embeddable":true,"href":"https:\/\/wpguerssen-test.odoo.rgbconsulting.com\/es\/wp-json\/wp\/v2\/media\/120038"}],"wp:attachment":[{"href":"https:\/\/wpguerssen-test.odoo.rgbconsulting.com\/es\/wp-json\/wp\/v2\/media?parent=186649"}],"wp:term":[{"taxonomy":"product_brand","embeddable":true,"href":"https:\/\/wpguerssen-test.odoo.rgbconsulting.com\/es\/wp-json\/wp\/v2\/product_brand?post=186649"},{"taxonomy":"product_cat","embeddable":true,"href":"https:\/\/wpguerssen-test.odoo.rgbconsulting.com\/es\/wp-json\/wp\/v2\/product_cat?post=186649"},{"taxonomy":"product_tag","embeddable":true,"href":"https:\/\/wpguerssen-test.odoo.rgbconsulting.com\/es\/wp-json\/wp\/v2\/product_tag?post=186649"}],"curies":[{"name":"wp","href":"https:\/\/api.w.org\/{rel}","templated":true}]}}