{"id":186656,"date":"2017-01-23T00:00:00","date_gmt":"2017-01-22T23:00:00","guid":{"rendered":"http:\/\/guerssen.hl1097.dinaserver.com\/product\/cozmic-corridors-cd\/"},"modified":"2025-04-02T16:47:42","modified_gmt":"2025-04-02T14:47:42","slug":"cozmic-corridors-cd","status":"publish","type":"product","link":"https:\/\/wpguerssen-test.odoo.rgbconsulting.com\/es\/producto\/cozmic-corridors-cd\/","title":{"rendered":"Cozmic Corridors (CD)"},"content":{"rendered":"<p>Por primera vez reeditado en vinilo este oscuro y misterioso disco kraut, grabado entre 1972-73 en Alemania (Colonia) por el ingeniero de sonido brit\u00e1nico Toby Robinson. Toby, conocido por seud\u00f3nimos como \u00abThe Mad Twiddler\u00bb y \u00abGenius P. Orridge\u00bb, en esa \u00e9poca trabajaba en los estudios del legendario Dieter Dierks como asistente y estuvo presente en grabaciones de m\u00edticos discos de kraut (Can, Cosmic Couriers, Mythos, Nine Days Wonder&#8230;). <\/p>\n<p> Aprovechando el acceso al estudio y equipo, grab\u00f3 numerosas sesiones y jams junto a amigos (algunos famosos m\u00fasicos kraut bajo seud\u00f3nimo) para su disfrute personal. M\u00fasica totalmente libre, sin imposiciones de ning\u00fan productor o discogr\u00e1fica. Algunas de estas grabaciones se publicaron en el propio sello de Toby, Pyramid, fundado junto a su amigo el artista Fluxus Robin Page. Aparentemente, el disco de Cozmic Corridors se edit\u00f3 en un micro-prensajes casero, con portadas hechas a mano y vendido en galer\u00edas de arte y clubs underground. Las pocas copias originales se han perdido para siempre. <\/p>\n<p> La m\u00fasica es una alucinante muestra de sonidos oscuros Kosmische y proto-ambient, con una atm\u00f3sfera realmente perturbadora y misteriosa \/ cinem\u00e1tica. Minimoog, g\u00f3tico \u00f3rgano Hammond, efectos, cantos rituales, guitarras de 12 cuerdas, violin, hipn\u00f3ticas percusiones&#8230; <\/p>\n<p> El grupo estaba liderado por un freak de los teclados llamado Alex Meyer y colabora el que fuera bater\u00eda de Mythos,Hans-J\u00fcrgen P\u00fctz, junto a la vocalista Pauline Fund y el misterioso guitarrista Peter Forster. <\/p>\n<p> AVISO: No es recomendable escuchar este disco solo y a oscuras! <\/p>\n<p> Sonido de m\u00e1sters. <\/p>\n<p> Booklet con notas por Alan Freeman (Ultima Thule \/ The Crack In The Cosmic Egg) <\/p>\n<p> Incluye cup\u00f3n de descarga. <\/p>\n<p> RIYL: TERRY RILEY, CLUSTER, ASH RA TEMPEL, POPOL VUH, EMTIDI, JACULA, FRANCO LEPRINO, DEAD CAN DANCE <\/p>\n<p> \u00abSi eres fan de Terry Riley (\u00abShri Camel\u00bb) o Julianna Barwick (\u00abThe Magic Place\u00bb), te gustar\u00e1 este disco..drones de sintetizador meditativos y soundscapes que casi parecen sacros\u00bb &#8211; Faris Badwan (The Horrors \/ Cat&#8217;s Eyes) <\/p>\n<p> \u00ab&#8230;misterioso y seductor, recuerda los sonidos minimalistas y atmosf\u00e9ricos de Brian Eno y conjura im\u00e1genes de \u00e1ngeles celestiales envueltos en nubes de humo viajando a trav\u00e9s de las profundidades del espacio&#8230;\u00bb- Bobby Switchblade (Will The Fire <\/p>\n<p> Tracklist: <\/p>\n<p> Dark Path &#8211; The Summit &#8211; Mountainside &#8211; Niemand Versteht &#8211; Daruber<\/p>\n","protected":false},"excerpt":{"rendered":"<p>Por primera vez reeditado en vinilo este oscuro y misterioso disco kraut, grabado entre 1972-73 en Alemania (Colonia) por el ingeniero de sonido brit\u00e1nico Toby Robinson.<a class=\"read\" href=\"https:\/\/wpguerssen-test.odoo.rgbconsulting.com\/es\/producto\/cozmic-corridors-cd\/\"> (...)<\/a>","protected":false},"featured_media":120049,"template":"","meta":{"_acf_changed":false},"product_brand":[],"product_cat":[23215,23230],"product_tag":[29138],"class_list":{"0":"post-186656","1":"product","2":"type-product","3":"status-publish","4":"has-post-thumbnail","6":"product_cat-progressive60s-70s-es","7":"product_cat-krautrock-es-2","8":"product_tag-cd-es","9":"pa_artist-cozmic-corridors-es","10":"pa_format-cd-2-es","11":"pa_gender-krautrock-progressive60s-70s","12":"pa_label-mental-experience-es","13":"pa_location-europe-es","15":"first","16":"instock","17":"taxable","18":"shipping-taxable","19":"purchasable","20":"product-type-simple"},"acf":[],"yoast_head":"<!-- This site is optimized with the Yoast SEO plugin v24.9 - https:\/\/yoast.com\/wordpress\/plugins\/seo\/ -->\n<title>COZMIC CORRIDORS - Cozmic Corridors (CD) -  (CD) | Guerssen<\/title>\n<meta name=\"description\" content=\"Underground Kraut-Kosmische monster, recorded \/ produced circa 1972-73 in Cologne by Toby &quot;The Mad Twiddler&quot; Robinson for his Pyramid label. Originally released as an ultra-limited handmade edition, original copies are lost forever in the mist of time. #nl# Featuring Mythos drummer Hans-J\u00fcrgen P\u00fctz on percussion &amp; effects, alongside synth \/ keyboard freak Alex Meyer, poet \/ vocalist Pauline Fund and mysterious guitarist Peter F\u00f6rster.&lt;br&lt;Tripped out ambient soundscapes, dark atmosphere, drones, plenty of MiniMoog, gothic Hammond organ, Rhodes, electric &amp; 12-string acoustic guitars, ritual chants, effects, horror cinematic vibe #nl# WARNING: DON&#039;T LISTEN TO THIS ALONE IN THE DARK!! #nl# *Master tape sound #nl# *Booklet with detailed liner notes by Alan Freeman (Ultima Thule \/ The Crack In The Cosmic Egg) #nl# RIYL: TERRY RILEY, CLUSTER, ASH RA TEMPEL, POPOL VUH, EMTIDI, JACULA, FRANCO LEPRINO, DEAD CAN DANCE #nl# &quot;Fans of Terry Riley&#039;s &quot;Shri Camel&quot; or Julianna Barwick&#039;s &quot;The Magic Place&quot; will like this one...meditative synth drones and soundscapes that sound almost sacred in places&quot; - Faris Badwan (The Horrors \/ Cat&#039;s Eyes) #nl# &quot;...haunting and seductive, recalling the atmospheric minimalism of Brian Eno and conjuring up images of celestial angels drifting like ribbons of smoke through the darkness of deep space...&quot; - Bobby Switchblade (Will The Fire) #nl# Tracklist: #nl# Dark Path - The Summit - Mountainside - Niemand Versteht - Daruber\" \/>\n<meta name=\"robots\" content=\"index, follow, max-snippet:-1, max-image-preview:large, max-video-preview:-1\" \/>\n<link rel=\"canonical\" href=\"https:\/\/wpguerssen-test.odoo.rgbconsulting.com\/es\/producto\/cozmic-corridors-cd\/\" \/>\n<meta property=\"og:locale\" content=\"es_ES\" \/>\n<meta property=\"og:type\" content=\"article\" \/>\n<meta property=\"og:title\" content=\"COZMIC CORRIDORS - Cozmic Corridors (CD) -  (CD) | Guerssen\" \/>\n<meta property=\"og:description\" content=\"Underground Kraut-Kosmische monster, recorded \/ produced circa 1972-73 in Cologne by Toby &quot;The Mad Twiddler&quot; Robinson for his Pyramid label. Originally released as an ultra-limited handmade edition, original copies are lost forever in the mist of time. #nl# Featuring Mythos drummer Hans-J\u00fcrgen P\u00fctz on percussion &amp; effects, alongside synth \/ keyboard freak Alex Meyer, poet \/ vocalist Pauline Fund and mysterious guitarist Peter F\u00f6rster.&lt;br&lt;Tripped out ambient soundscapes, dark atmosphere, drones, plenty of MiniMoog, gothic Hammond organ, Rhodes, electric &amp; 12-string acoustic guitars, ritual chants, effects, horror cinematic vibe #nl# WARNING: DON&#039;T LISTEN TO THIS ALONE IN THE DARK!! #nl# *Master tape sound #nl# *Booklet with detailed liner notes by Alan Freeman (Ultima Thule \/ The Crack In The Cosmic Egg) #nl# RIYL: TERRY RILEY, CLUSTER, ASH RA TEMPEL, POPOL VUH, EMTIDI, JACULA, FRANCO LEPRINO, DEAD CAN DANCE #nl# &quot;Fans of Terry Riley&#039;s &quot;Shri Camel&quot; or Julianna Barwick&#039;s &quot;The Magic Place&quot; will like this one...meditative synth drones and soundscapes that sound almost sacred in places&quot; - Faris Badwan (The Horrors \/ Cat&#039;s Eyes) #nl# &quot;...haunting and seductive, recalling the atmospheric minimalism of Brian Eno and conjuring up images of celestial angels drifting like ribbons of smoke through the darkness of deep space...&quot; - Bobby Switchblade (Will The Fire) #nl# Tracklist: #nl# Dark Path - The Summit - Mountainside - Niemand Versteht - Daruber\" \/>\n<meta property=\"og:url\" content=\"https:\/\/wpguerssen-test.odoo.rgbconsulting.com\/es\/producto\/cozmic-corridors-cd\/\" \/>\n<meta property=\"og:site_name\" content=\"Guerssen records\" \/>\n<meta property=\"article:modified_time\" content=\"2025-04-02T14:47:42+00:00\" \/>\n<meta property=\"og:image\" content=\"https:\/\/wpguerssen-test.odoo.rgbconsulting.com\/wp-content\/uploads\/2022\/03\/27363.jpg\" \/>\n\t<meta property=\"og:image:width\" content=\"1430\" \/>\n\t<meta property=\"og:image:height\" content=\"1430\" \/>\n\t<meta property=\"og:image:type\" content=\"image\/jpeg\" \/>\n<meta name=\"twitter:card\" content=\"summary_large_image\" \/>\n<meta name=\"twitter:title\" content=\"COZMIC CORRIDORS - Cozmic Corridors (CD) -  (CD) | Guerssen\" \/>\n<meta name=\"twitter:label1\" content=\"Tiempo de lectura\" \/>\n\t<meta name=\"twitter:data1\" content=\"2 minutos\" \/>\n<script type=\"application\/ld+json\" class=\"yoast-schema-graph\">{\"@context\":\"https:\/\/schema.org\",\"@graph\":[{\"@type\":\"WebPage\",\"@id\":\"https:\/\/wpguerssen-test.odoo.rgbconsulting.com\/es\/producto\/cozmic-corridors-cd\/\",\"url\":\"https:\/\/wpguerssen-test.odoo.rgbconsulting.com\/es\/producto\/cozmic-corridors-cd\/\",\"name\":\"COZMIC CORRIDORS - Cozmic Corridors (CD) - (CD) | Guerssen\",\"isPartOf\":{\"@id\":\"https:\/\/wpguerssen-test.odoo.rgbconsulting.com\/es\/#website\"},\"primaryImageOfPage\":{\"@id\":\"https:\/\/wpguerssen-test.odoo.rgbconsulting.com\/es\/producto\/cozmic-corridors-cd\/#primaryimage\"},\"image\":{\"@id\":\"https:\/\/wpguerssen-test.odoo.rgbconsulting.com\/es\/producto\/cozmic-corridors-cd\/#primaryimage\"},\"thumbnailUrl\":\"https:\/\/wpguerssen-test.odoo.rgbconsulting.com\/wp-content\/uploads\/2022\/03\/27363.jpg\",\"datePublished\":\"2017-01-22T23:00:00+00:00\",\"dateModified\":\"2025-04-02T14:47:42+00:00\",\"description\":\"Underground Kraut-Kosmische monster, recorded \/ produced circa 1972-73 in Cologne by Toby \\\"The Mad Twiddler\\\" Robinson for his Pyramid label. Originally released as an ultra-limited handmade edition, original copies are lost forever in the mist of time. #nl# Featuring Mythos drummer Hans-J\u00fcrgen P\u00fctz on percussion & effects, alongside synth \/ keyboard freak Alex Meyer, poet \/ vocalist Pauline Fund and mysterious guitarist Peter F\u00f6rster.&lt;br&lt;Tripped out ambient soundscapes, dark atmosphere, drones, plenty of MiniMoog, gothic Hammond organ, Rhodes, electric &amp; 12-string acoustic guitars, ritual chants, effects, horror cinematic vibe #nl# WARNING: DON&#039;T LISTEN TO THIS ALONE IN THE DARK!! #nl# *Master tape sound #nl# *Booklet with detailed liner notes by Alan Freeman (Ultima Thule \/ The Crack In The Cosmic Egg) #nl# RIYL: TERRY RILEY, CLUSTER, ASH RA TEMPEL, POPOL VUH, EMTIDI, JACULA, FRANCO LEPRINO, DEAD CAN DANCE #nl# &quot;Fans of Terry Riley&#039;s &quot;Shri Camel&quot; or Julianna Barwick&#039;s &quot;The Magic Place&quot; will like this one...meditative synth drones and soundscapes that sound almost sacred in places&quot; - Faris Badwan (The Horrors \/ Cat&#039;s Eyes) #nl# &quot;...haunting and seductive, recalling the atmospheric minimalism of Brian Eno and conjuring up images of celestial angels drifting like ribbons of smoke through the darkness of deep space...&quot; - Bobby Switchblade (Will The Fire) #nl# Tracklist: #nl# Dark Path - The Summit - Mountainside - Niemand Versteht - Daruber\",\"breadcrumb\":{\"@id\":\"https:\/\/wpguerssen-test.odoo.rgbconsulting.com\/es\/producto\/cozmic-corridors-cd\/#breadcrumb\"},\"inLanguage\":\"es\",\"potentialAction\":[{\"@type\":\"ReadAction\",\"target\":[\"https:\/\/wpguerssen-test.odoo.rgbconsulting.com\/es\/producto\/cozmic-corridors-cd\/\"]}]},{\"@type\":\"ImageObject\",\"inLanguage\":\"es\",\"@id\":\"https:\/\/wpguerssen-test.odoo.rgbconsulting.com\/es\/producto\/cozmic-corridors-cd\/#primaryimage\",\"url\":\"https:\/\/wpguerssen-test.odoo.rgbconsulting.com\/wp-content\/uploads\/2022\/03\/27363.jpg\",\"contentUrl\":\"https:\/\/wpguerssen-test.odoo.rgbconsulting.com\/wp-content\/uploads\/2022\/03\/27363.jpg\",\"width\":1430,\"height\":1430,\"caption\":\"COZMIC CORRIDORS - Cozmic Corridors (CD) - MENTAL EXPERIENCE (CD) | Guerssen\"},{\"@type\":\"BreadcrumbList\",\"@id\":\"https:\/\/wpguerssen-test.odoo.rgbconsulting.com\/es\/producto\/cozmic-corridors-cd\/#breadcrumb\",\"itemListElement\":[{\"@type\":\"ListItem\",\"position\":1,\"name\":\"Inicio\",\"item\":\"https:\/\/wpguerssen-test.odoo.rgbconsulting.com\/es\/\"},{\"@type\":\"ListItem\",\"position\":2,\"name\":\"Shop\",\"item\":\"https:\/\/wpguerssen-test.odoo.rgbconsulting.com\/shop\/\"},{\"@type\":\"ListItem\",\"position\":3,\"name\":\"Cozmic Corridors (CD)\"}]},{\"@type\":\"WebSite\",\"@id\":\"https:\/\/wpguerssen-test.odoo.rgbconsulting.com\/es\/#website\",\"url\":\"https:\/\/wpguerssen-test.odoo.rgbconsulting.com\/es\/\",\"name\":\"Guerssen records\",\"description\":\"psychedelia - progressive - folk - garage \",\"publisher\":{\"@id\":\"https:\/\/wpguerssen-test.odoo.rgbconsulting.com\/es\/#organization\"},\"potentialAction\":[{\"@type\":\"SearchAction\",\"target\":{\"@type\":\"EntryPoint\",\"urlTemplate\":\"https:\/\/wpguerssen-test.odoo.rgbconsulting.com\/es\/?s={search_term_string}\"},\"query-input\":{\"@type\":\"PropertyValueSpecification\",\"valueRequired\":true,\"valueName\":\"search_term_string\"}}],\"inLanguage\":\"es\"},{\"@type\":\"Organization\",\"@id\":\"https:\/\/wpguerssen-test.odoo.rgbconsulting.com\/es\/#organization\",\"name\":\"Guerssen records\",\"url\":\"https:\/\/wpguerssen-test.odoo.rgbconsulting.com\/es\/\",\"logo\":{\"@type\":\"ImageObject\",\"inLanguage\":\"es\",\"@id\":\"https:\/\/wpguerssen-test.odoo.rgbconsulting.com\/es\/#\/schema\/logo\/image\/\",\"url\":\"https:\/\/wpguerssen-test.odoo.rgbconsulting.com\/wp-content\/uploads\/2022\/04\/Logo_Guerssen_trans_100.png\",\"contentUrl\":\"https:\/\/wpguerssen-test.odoo.rgbconsulting.com\/wp-content\/uploads\/2022\/04\/Logo_Guerssen_trans_100.png\",\"width\":122,\"height\":100,\"caption\":\"Guerssen records\"},\"image\":{\"@id\":\"https:\/\/wpguerssen-test.odoo.rgbconsulting.com\/es\/#\/schema\/logo\/image\/\"}}]}<\/script>\n<!-- \/ Yoast SEO plugin. -->","yoast_head_json":{"title":"COZMIC CORRIDORS - Cozmic Corridors (CD) -  (CD) | Guerssen","description":"Underground Kraut-Kosmische monster, recorded \/ produced circa 1972-73 in Cologne by Toby \"The Mad Twiddler\" Robinson for his Pyramid label. Originally released as an ultra-limited handmade edition, original copies are lost forever in the mist of time. #nl# Featuring Mythos drummer Hans-J\u00fcrgen P\u00fctz on percussion & effects, alongside synth \/ keyboard freak Alex Meyer, poet \/ vocalist Pauline Fund and mysterious guitarist Peter F\u00f6rster.&lt;br&lt;Tripped out ambient soundscapes, dark atmosphere, drones, plenty of MiniMoog, gothic Hammond organ, Rhodes, electric &amp; 12-string acoustic guitars, ritual chants, effects, horror cinematic vibe #nl# WARNING: DON&#039;T LISTEN TO THIS ALONE IN THE DARK!! #nl# *Master tape sound #nl# *Booklet with detailed liner notes by Alan Freeman (Ultima Thule \/ The Crack In The Cosmic Egg) #nl# RIYL: TERRY RILEY, CLUSTER, ASH RA TEMPEL, POPOL VUH, EMTIDI, JACULA, FRANCO LEPRINO, DEAD CAN DANCE #nl# &quot;Fans of Terry Riley&#039;s &quot;Shri Camel&quot; or Julianna Barwick&#039;s &quot;The Magic Place&quot; will like this one...meditative synth drones and soundscapes that sound almost sacred in places&quot; - Faris Badwan (The Horrors \/ Cat&#039;s Eyes) #nl# &quot;...haunting and seductive, recalling the atmospheric minimalism of Brian Eno and conjuring up images of celestial angels drifting like ribbons of smoke through the darkness of deep space...&quot; - Bobby Switchblade (Will The Fire) #nl# Tracklist: #nl# Dark Path - The Summit - Mountainside - Niemand Versteht - Daruber","robots":{"index":"index","follow":"follow","max-snippet":"max-snippet:-1","max-image-preview":"max-image-preview:large","max-video-preview":"max-video-preview:-1"},"canonical":"https:\/\/wpguerssen-test.odoo.rgbconsulting.com\/es\/producto\/cozmic-corridors-cd\/","og_locale":"es_ES","og_type":"article","og_title":"COZMIC CORRIDORS - Cozmic Corridors (CD) -  (CD) | Guerssen","og_description":"Underground Kraut-Kosmische monster, recorded \/ produced circa 1972-73 in Cologne by Toby \"The Mad Twiddler\" Robinson for his Pyramid label. Originally released as an ultra-limited handmade edition, original copies are lost forever in the mist of time. #nl# Featuring Mythos drummer Hans-J\u00fcrgen P\u00fctz on percussion & effects, alongside synth \/ keyboard freak Alex Meyer, poet \/ vocalist Pauline Fund and mysterious guitarist Peter F\u00f6rster.&lt;br&lt;Tripped out ambient soundscapes, dark atmosphere, drones, plenty of MiniMoog, gothic Hammond organ, Rhodes, electric &amp; 12-string acoustic guitars, ritual chants, effects, horror cinematic vibe #nl# WARNING: DON&#039;T LISTEN TO THIS ALONE IN THE DARK!! #nl# *Master tape sound #nl# *Booklet with detailed liner notes by Alan Freeman (Ultima Thule \/ The Crack In The Cosmic Egg) #nl# RIYL: TERRY RILEY, CLUSTER, ASH RA TEMPEL, POPOL VUH, EMTIDI, JACULA, FRANCO LEPRINO, DEAD CAN DANCE #nl# &quot;Fans of Terry Riley&#039;s &quot;Shri Camel&quot; or Julianna Barwick&#039;s &quot;The Magic Place&quot; will like this one...meditative synth drones and soundscapes that sound almost sacred in places&quot; - Faris Badwan (The Horrors \/ Cat&#039;s Eyes) #nl# &quot;...haunting and seductive, recalling the atmospheric minimalism of Brian Eno and conjuring up images of celestial angels drifting like ribbons of smoke through the darkness of deep space...&quot; - Bobby Switchblade (Will The Fire) #nl# Tracklist: #nl# Dark Path - The Summit - Mountainside - Niemand Versteht - Daruber","og_url":"https:\/\/wpguerssen-test.odoo.rgbconsulting.com\/es\/producto\/cozmic-corridors-cd\/","og_site_name":"Guerssen records","article_modified_time":"2025-04-02T14:47:42+00:00","og_image":[{"width":1430,"height":1430,"url":"https:\/\/wpguerssen-test.odoo.rgbconsulting.com\/wp-content\/uploads\/2022\/03\/27363.jpg","type":"image\/jpeg"}],"twitter_card":"summary_large_image","twitter_title":"COZMIC CORRIDORS - Cozmic Corridors (CD) -  (CD) | Guerssen","twitter_misc":{"Tiempo de lectura":"2 minutos"},"schema":{"@context":"https:\/\/schema.org","@graph":[{"@type":"WebPage","@id":"https:\/\/wpguerssen-test.odoo.rgbconsulting.com\/es\/producto\/cozmic-corridors-cd\/","url":"https:\/\/wpguerssen-test.odoo.rgbconsulting.com\/es\/producto\/cozmic-corridors-cd\/","name":"COZMIC CORRIDORS - Cozmic Corridors (CD) - (CD) | Guerssen","isPartOf":{"@id":"https:\/\/wpguerssen-test.odoo.rgbconsulting.com\/es\/#website"},"primaryImageOfPage":{"@id":"https:\/\/wpguerssen-test.odoo.rgbconsulting.com\/es\/producto\/cozmic-corridors-cd\/#primaryimage"},"image":{"@id":"https:\/\/wpguerssen-test.odoo.rgbconsulting.com\/es\/producto\/cozmic-corridors-cd\/#primaryimage"},"thumbnailUrl":"https:\/\/wpguerssen-test.odoo.rgbconsulting.com\/wp-content\/uploads\/2022\/03\/27363.jpg","datePublished":"2017-01-22T23:00:00+00:00","dateModified":"2025-04-02T14:47:42+00:00","description":"Underground Kraut-Kosmische monster, recorded \/ produced circa 1972-73 in Cologne by Toby \"The Mad Twiddler\" Robinson for his Pyramid label. Originally released as an ultra-limited handmade edition, original copies are lost forever in the mist of time. #nl# Featuring Mythos drummer Hans-J\u00fcrgen P\u00fctz on percussion & effects, alongside synth \/ keyboard freak Alex Meyer, poet \/ vocalist Pauline Fund and mysterious guitarist Peter F\u00f6rster.&lt;br&lt;Tripped out ambient soundscapes, dark atmosphere, drones, plenty of MiniMoog, gothic Hammond organ, Rhodes, electric &amp; 12-string acoustic guitars, ritual chants, effects, horror cinematic vibe #nl# WARNING: DON&#039;T LISTEN TO THIS ALONE IN THE DARK!! #nl# *Master tape sound #nl# *Booklet with detailed liner notes by Alan Freeman (Ultima Thule \/ The Crack In The Cosmic Egg) #nl# RIYL: TERRY RILEY, CLUSTER, ASH RA TEMPEL, POPOL VUH, EMTIDI, JACULA, FRANCO LEPRINO, DEAD CAN DANCE #nl# &quot;Fans of Terry Riley&#039;s &quot;Shri Camel&quot; or Julianna Barwick&#039;s &quot;The Magic Place&quot; will like this one...meditative synth drones and soundscapes that sound almost sacred in places&quot; - Faris Badwan (The Horrors \/ Cat&#039;s Eyes) #nl# &quot;...haunting and seductive, recalling the atmospheric minimalism of Brian Eno and conjuring up images of celestial angels drifting like ribbons of smoke through the darkness of deep space...&quot; - Bobby Switchblade (Will The Fire) #nl# Tracklist: #nl# Dark Path - The Summit - Mountainside - Niemand Versteht - Daruber","breadcrumb":{"@id":"https:\/\/wpguerssen-test.odoo.rgbconsulting.com\/es\/producto\/cozmic-corridors-cd\/#breadcrumb"},"inLanguage":"es","potentialAction":[{"@type":"ReadAction","target":["https:\/\/wpguerssen-test.odoo.rgbconsulting.com\/es\/producto\/cozmic-corridors-cd\/"]}]},{"@type":"ImageObject","inLanguage":"es","@id":"https:\/\/wpguerssen-test.odoo.rgbconsulting.com\/es\/producto\/cozmic-corridors-cd\/#primaryimage","url":"https:\/\/wpguerssen-test.odoo.rgbconsulting.com\/wp-content\/uploads\/2022\/03\/27363.jpg","contentUrl":"https:\/\/wpguerssen-test.odoo.rgbconsulting.com\/wp-content\/uploads\/2022\/03\/27363.jpg","width":1430,"height":1430,"caption":"COZMIC CORRIDORS - Cozmic Corridors (CD) - MENTAL EXPERIENCE (CD) | Guerssen"},{"@type":"BreadcrumbList","@id":"https:\/\/wpguerssen-test.odoo.rgbconsulting.com\/es\/producto\/cozmic-corridors-cd\/#breadcrumb","itemListElement":[{"@type":"ListItem","position":1,"name":"Inicio","item":"https:\/\/wpguerssen-test.odoo.rgbconsulting.com\/es\/"},{"@type":"ListItem","position":2,"name":"Shop","item":"https:\/\/wpguerssen-test.odoo.rgbconsulting.com\/shop\/"},{"@type":"ListItem","position":3,"name":"Cozmic Corridors (CD)"}]},{"@type":"WebSite","@id":"https:\/\/wpguerssen-test.odoo.rgbconsulting.com\/es\/#website","url":"https:\/\/wpguerssen-test.odoo.rgbconsulting.com\/es\/","name":"Guerssen records","description":"psychedelia - progressive - folk - garage ","publisher":{"@id":"https:\/\/wpguerssen-test.odoo.rgbconsulting.com\/es\/#organization"},"potentialAction":[{"@type":"SearchAction","target":{"@type":"EntryPoint","urlTemplate":"https:\/\/wpguerssen-test.odoo.rgbconsulting.com\/es\/?s={search_term_string}"},"query-input":{"@type":"PropertyValueSpecification","valueRequired":true,"valueName":"search_term_string"}}],"inLanguage":"es"},{"@type":"Organization","@id":"https:\/\/wpguerssen-test.odoo.rgbconsulting.com\/es\/#organization","name":"Guerssen records","url":"https:\/\/wpguerssen-test.odoo.rgbconsulting.com\/es\/","logo":{"@type":"ImageObject","inLanguage":"es","@id":"https:\/\/wpguerssen-test.odoo.rgbconsulting.com\/es\/#\/schema\/logo\/image\/","url":"https:\/\/wpguerssen-test.odoo.rgbconsulting.com\/wp-content\/uploads\/2022\/04\/Logo_Guerssen_trans_100.png","contentUrl":"https:\/\/wpguerssen-test.odoo.rgbconsulting.com\/wp-content\/uploads\/2022\/04\/Logo_Guerssen_trans_100.png","width":122,"height":100,"caption":"Guerssen records"},"image":{"@id":"https:\/\/wpguerssen-test.odoo.rgbconsulting.com\/es\/#\/schema\/logo\/image\/"}}]}},"_links":{"self":[{"href":"https:\/\/wpguerssen-test.odoo.rgbconsulting.com\/es\/wp-json\/wp\/v2\/product\/186656","targetHints":{"allow":["GET"]}}],"collection":[{"href":"https:\/\/wpguerssen-test.odoo.rgbconsulting.com\/es\/wp-json\/wp\/v2\/product"}],"about":[{"href":"https:\/\/wpguerssen-test.odoo.rgbconsulting.com\/es\/wp-json\/wp\/v2\/types\/product"}],"wp:featuredmedia":[{"embeddable":true,"href":"https:\/\/wpguerssen-test.odoo.rgbconsulting.com\/es\/wp-json\/wp\/v2\/media\/120049"}],"wp:attachment":[{"href":"https:\/\/wpguerssen-test.odoo.rgbconsulting.com\/es\/wp-json\/wp\/v2\/media?parent=186656"}],"wp:term":[{"taxonomy":"product_brand","embeddable":true,"href":"https:\/\/wpguerssen-test.odoo.rgbconsulting.com\/es\/wp-json\/wp\/v2\/product_brand?post=186656"},{"taxonomy":"product_cat","embeddable":true,"href":"https:\/\/wpguerssen-test.odoo.rgbconsulting.com\/es\/wp-json\/wp\/v2\/product_cat?post=186656"},{"taxonomy":"product_tag","embeddable":true,"href":"https:\/\/wpguerssen-test.odoo.rgbconsulting.com\/es\/wp-json\/wp\/v2\/product_tag?post=186656"}],"curies":[{"name":"wp","href":"https:\/\/api.w.org\/{rel}","templated":true}]}}