{"id":186708,"date":"2016-12-09T00:00:00","date_gmt":"2016-12-08T23:00:00","guid":{"rendered":"http:\/\/guerssen.hl1097.dinaserver.com\/product\/erosion-distilee\/"},"modified":"2024-09-03T16:04:51","modified_gmt":"2024-09-03T14:04:51","slug":"erosion-distilee","status":"publish","type":"product","link":"https:\/\/wpguerssen-test.odoo.rgbconsulting.com\/es\/producto\/erosion-distilee\/","title":{"rendered":"Erosion Distil\u00e9e"},"content":{"rendered":"<p>Con s\u00f3lo 17 a\u00f1os, el multi-instrumentista franc\u00e9s Jacqued Dudon aprendi\u00f3 a tocar la guitarra, formando un grupo de blues el\u00e9ctrico llamado The Soul Bag. Poco despu\u00e9s, el grupo se cambi\u00f3 el nombre a Ghislain Blues Band y finalmente a Blues Bag. En 1968, descubrieron el LSD y su estilo musical se orient\u00f3 hacia la psicodelia. Editaron un single para EMI bajo el nombre de L&#8217;Assembl\u00e9e (&#8216;Le Chien&#8217;), poco antes de separarse. En 1969, Jacques Dudon comenz\u00f3 a grabar un \u00e1lbum en solitario que nunca lleg\u00f3 a editarse&#8230;hasta ahora.<\/p>\n","protected":false},"excerpt":{"rendered":"<p>Con s\u00f3lo 17 a\u00f1os, el multi-instrumentista franc\u00e9s Jacqued Dudon aprendi\u00f3 a tocar la guitarra, formando un grupo de blues el\u00e9ctrico llamado The Soul Bag. Poco<a class=\"read\" href=\"https:\/\/wpguerssen-test.odoo.rgbconsulting.com\/es\/producto\/erosion-distilee\/\"> (...)<\/a>","protected":false},"featured_media":120118,"template":"","meta":{"_acf_changed":false},"product_brand":[],"product_cat":[21639,23262],"product_tag":[],"class_list":{"0":"post-186708","1":"product","2":"type-product","3":"status-publish","4":"has-post-thumbnail","6":"product_cat-psychedelic60s-70s-es","7":"product_cat-blues-blues-rock-es","8":"pa_artist-dudon-jacques","9":"pa_format-lp-es","10":"pa_gender-psychedelic60s-70s-blues-blues-rock","11":"pa_label-monster-melodies","12":"pa_location-europe-es","13":"pa_other-filters-vinyl-only-es","15":"first","16":"instock","17":"taxable","18":"shipping-taxable","19":"purchasable","20":"product-type-simple"},"acf":[],"yoast_head":"<!-- This site is optimized with the Yoast SEO plugin v24.9 - https:\/\/yoast.com\/wordpress\/plugins\/seo\/ -->\n<title>DUDON, Jacques - Erosion Distil\u00e9e -  (LP) | Guerssen<\/title>\n<meta name=\"description\" content=\"At the age of 17 French multi-instrumentist Jacques Dudon taught himself how to play the guitar, after which he started an electric blues band called The Soul Bag. Not much later the band changed its name to Ghislain Blues Band and then finally to Blues Bag. In 1968, the band discovered LSD, resulting in a stylistic change towards psychedelia. The band recorded a single for EMI using the name L&#039;Assembl\u00e9e (&#039;Le Chien&#039;) before calling it a day. Then, in 1969, Jacques Dudon made some recordings for a solo-album, but the project collapsed and the music was never issued... until now!\" \/>\n<meta name=\"robots\" content=\"index, follow, max-snippet:-1, max-image-preview:large, max-video-preview:-1\" \/>\n<link rel=\"canonical\" href=\"https:\/\/wpguerssen-test.odoo.rgbconsulting.com\/es\/producto\/erosion-distilee\/\" \/>\n<meta property=\"og:locale\" content=\"es_ES\" \/>\n<meta property=\"og:type\" content=\"article\" \/>\n<meta property=\"og:title\" content=\"DUDON, Jacques - Erosion Distil\u00e9e -  (LP) | Guerssen\" \/>\n<meta property=\"og:description\" content=\"At the age of 17 French multi-instrumentist Jacques Dudon taught himself how to play the guitar, after which he started an electric blues band called The Soul Bag. Not much later the band changed its name to Ghislain Blues Band and then finally to Blues Bag. In 1968, the band discovered LSD, resulting in a stylistic change towards psychedelia. The band recorded a single for EMI using the name L&#039;Assembl\u00e9e (&#039;Le Chien&#039;) before calling it a day. Then, in 1969, Jacques Dudon made some recordings for a solo-album, but the project collapsed and the music was never issued... until now!\" \/>\n<meta property=\"og:url\" content=\"https:\/\/wpguerssen-test.odoo.rgbconsulting.com\/es\/producto\/erosion-distilee\/\" \/>\n<meta property=\"og:site_name\" content=\"Guerssen records\" \/>\n<meta property=\"article:modified_time\" content=\"2024-09-03T14:04:51+00:00\" \/>\n<meta property=\"og:image\" content=\"https:\/\/wpguerssen-test.odoo.rgbconsulting.com\/wp-content\/uploads\/2022\/03\/27467.jpg\" \/>\n\t<meta property=\"og:image:width\" content=\"180\" \/>\n\t<meta property=\"og:image:height\" content=\"180\" \/>\n\t<meta property=\"og:image:type\" content=\"image\/jpeg\" \/>\n<meta name=\"twitter:card\" content=\"summary_large_image\" \/>\n<meta name=\"twitter:title\" content=\"DUDON, Jacques - Erosion Distil\u00e9e -  (LP) | Guerssen\" \/>\n<script type=\"application\/ld+json\" class=\"yoast-schema-graph\">{\"@context\":\"https:\/\/schema.org\",\"@graph\":[{\"@type\":\"WebPage\",\"@id\":\"https:\/\/wpguerssen-test.odoo.rgbconsulting.com\/es\/producto\/erosion-distilee\/\",\"url\":\"https:\/\/wpguerssen-test.odoo.rgbconsulting.com\/es\/producto\/erosion-distilee\/\",\"name\":\"DUDON, Jacques - Erosion Distil\u00e9e - (LP) | Guerssen\",\"isPartOf\":{\"@id\":\"https:\/\/wpguerssen-test.odoo.rgbconsulting.com\/es\/#website\"},\"primaryImageOfPage\":{\"@id\":\"https:\/\/wpguerssen-test.odoo.rgbconsulting.com\/es\/producto\/erosion-distilee\/#primaryimage\"},\"image\":{\"@id\":\"https:\/\/wpguerssen-test.odoo.rgbconsulting.com\/es\/producto\/erosion-distilee\/#primaryimage\"},\"thumbnailUrl\":\"https:\/\/wpguerssen-test.odoo.rgbconsulting.com\/wp-content\/uploads\/2022\/03\/27467.jpg\",\"datePublished\":\"2016-12-08T23:00:00+00:00\",\"dateModified\":\"2024-09-03T14:04:51+00:00\",\"description\":\"At the age of 17 French multi-instrumentist Jacques Dudon taught himself how to play the guitar, after which he started an electric blues band called The Soul Bag. Not much later the band changed its name to Ghislain Blues Band and then finally to Blues Bag. In 1968, the band discovered LSD, resulting in a stylistic change towards psychedelia. The band recorded a single for EMI using the name L'Assembl\u00e9e ('Le Chien') before calling it a day. Then, in 1969, Jacques Dudon made some recordings for a solo-album, but the project collapsed and the music was never issued... until now!\",\"breadcrumb\":{\"@id\":\"https:\/\/wpguerssen-test.odoo.rgbconsulting.com\/es\/producto\/erosion-distilee\/#breadcrumb\"},\"inLanguage\":\"es\",\"potentialAction\":[{\"@type\":\"ReadAction\",\"target\":[\"https:\/\/wpguerssen-test.odoo.rgbconsulting.com\/es\/producto\/erosion-distilee\/\"]}]},{\"@type\":\"ImageObject\",\"inLanguage\":\"es\",\"@id\":\"https:\/\/wpguerssen-test.odoo.rgbconsulting.com\/es\/producto\/erosion-distilee\/#primaryimage\",\"url\":\"https:\/\/wpguerssen-test.odoo.rgbconsulting.com\/wp-content\/uploads\/2022\/03\/27467.jpg\",\"contentUrl\":\"https:\/\/wpguerssen-test.odoo.rgbconsulting.com\/wp-content\/uploads\/2022\/03\/27467.jpg\",\"width\":180,\"height\":180,\"caption\":\"Jacques - Erosion Distil\u00e9e - MONSTER MELODIES (LP) | Guerssen\"},{\"@type\":\"BreadcrumbList\",\"@id\":\"https:\/\/wpguerssen-test.odoo.rgbconsulting.com\/es\/producto\/erosion-distilee\/#breadcrumb\",\"itemListElement\":[{\"@type\":\"ListItem\",\"position\":1,\"name\":\"Inicio\",\"item\":\"https:\/\/wpguerssen-test.odoo.rgbconsulting.com\/es\/\"},{\"@type\":\"ListItem\",\"position\":2,\"name\":\"Shop\",\"item\":\"https:\/\/wpguerssen-test.odoo.rgbconsulting.com\/shop\/\"},{\"@type\":\"ListItem\",\"position\":3,\"name\":\"Erosion Distil\u00e9e\"}]},{\"@type\":\"WebSite\",\"@id\":\"https:\/\/wpguerssen-test.odoo.rgbconsulting.com\/es\/#website\",\"url\":\"https:\/\/wpguerssen-test.odoo.rgbconsulting.com\/es\/\",\"name\":\"Guerssen records\",\"description\":\"psychedelia - progressive - folk - garage \",\"publisher\":{\"@id\":\"https:\/\/wpguerssen-test.odoo.rgbconsulting.com\/es\/#organization\"},\"potentialAction\":[{\"@type\":\"SearchAction\",\"target\":{\"@type\":\"EntryPoint\",\"urlTemplate\":\"https:\/\/wpguerssen-test.odoo.rgbconsulting.com\/es\/?s={search_term_string}\"},\"query-input\":{\"@type\":\"PropertyValueSpecification\",\"valueRequired\":true,\"valueName\":\"search_term_string\"}}],\"inLanguage\":\"es\"},{\"@type\":\"Organization\",\"@id\":\"https:\/\/wpguerssen-test.odoo.rgbconsulting.com\/es\/#organization\",\"name\":\"Guerssen records\",\"url\":\"https:\/\/wpguerssen-test.odoo.rgbconsulting.com\/es\/\",\"logo\":{\"@type\":\"ImageObject\",\"inLanguage\":\"es\",\"@id\":\"https:\/\/wpguerssen-test.odoo.rgbconsulting.com\/es\/#\/schema\/logo\/image\/\",\"url\":\"https:\/\/wpguerssen-test.odoo.rgbconsulting.com\/wp-content\/uploads\/2022\/04\/Logo_Guerssen_trans_100.png\",\"contentUrl\":\"https:\/\/wpguerssen-test.odoo.rgbconsulting.com\/wp-content\/uploads\/2022\/04\/Logo_Guerssen_trans_100.png\",\"width\":122,\"height\":100,\"caption\":\"Guerssen records\"},\"image\":{\"@id\":\"https:\/\/wpguerssen-test.odoo.rgbconsulting.com\/es\/#\/schema\/logo\/image\/\"}}]}<\/script>\n<!-- \/ Yoast SEO plugin. -->","yoast_head_json":{"title":"DUDON, Jacques - Erosion Distil\u00e9e -  (LP) | Guerssen","description":"At the age of 17 French multi-instrumentist Jacques Dudon taught himself how to play the guitar, after which he started an electric blues band called The Soul Bag. Not much later the band changed its name to Ghislain Blues Band and then finally to Blues Bag. In 1968, the band discovered LSD, resulting in a stylistic change towards psychedelia. The band recorded a single for EMI using the name L'Assembl\u00e9e ('Le Chien') before calling it a day. Then, in 1969, Jacques Dudon made some recordings for a solo-album, but the project collapsed and the music was never issued... until now!","robots":{"index":"index","follow":"follow","max-snippet":"max-snippet:-1","max-image-preview":"max-image-preview:large","max-video-preview":"max-video-preview:-1"},"canonical":"https:\/\/wpguerssen-test.odoo.rgbconsulting.com\/es\/producto\/erosion-distilee\/","og_locale":"es_ES","og_type":"article","og_title":"DUDON, Jacques - Erosion Distil\u00e9e -  (LP) | Guerssen","og_description":"At the age of 17 French multi-instrumentist Jacques Dudon taught himself how to play the guitar, after which he started an electric blues band called The Soul Bag. Not much later the band changed its name to Ghislain Blues Band and then finally to Blues Bag. In 1968, the band discovered LSD, resulting in a stylistic change towards psychedelia. The band recorded a single for EMI using the name L'Assembl\u00e9e ('Le Chien') before calling it a day. Then, in 1969, Jacques Dudon made some recordings for a solo-album, but the project collapsed and the music was never issued... until now!","og_url":"https:\/\/wpguerssen-test.odoo.rgbconsulting.com\/es\/producto\/erosion-distilee\/","og_site_name":"Guerssen records","article_modified_time":"2024-09-03T14:04:51+00:00","og_image":[{"width":180,"height":180,"url":"https:\/\/wpguerssen-test.odoo.rgbconsulting.com\/wp-content\/uploads\/2022\/03\/27467.jpg","type":"image\/jpeg"}],"twitter_card":"summary_large_image","twitter_title":"DUDON, Jacques - Erosion Distil\u00e9e -  (LP) | Guerssen","schema":{"@context":"https:\/\/schema.org","@graph":[{"@type":"WebPage","@id":"https:\/\/wpguerssen-test.odoo.rgbconsulting.com\/es\/producto\/erosion-distilee\/","url":"https:\/\/wpguerssen-test.odoo.rgbconsulting.com\/es\/producto\/erosion-distilee\/","name":"DUDON, Jacques - Erosion Distil\u00e9e - (LP) | Guerssen","isPartOf":{"@id":"https:\/\/wpguerssen-test.odoo.rgbconsulting.com\/es\/#website"},"primaryImageOfPage":{"@id":"https:\/\/wpguerssen-test.odoo.rgbconsulting.com\/es\/producto\/erosion-distilee\/#primaryimage"},"image":{"@id":"https:\/\/wpguerssen-test.odoo.rgbconsulting.com\/es\/producto\/erosion-distilee\/#primaryimage"},"thumbnailUrl":"https:\/\/wpguerssen-test.odoo.rgbconsulting.com\/wp-content\/uploads\/2022\/03\/27467.jpg","datePublished":"2016-12-08T23:00:00+00:00","dateModified":"2024-09-03T14:04:51+00:00","description":"At the age of 17 French multi-instrumentist Jacques Dudon taught himself how to play the guitar, after which he started an electric blues band called The Soul Bag. Not much later the band changed its name to Ghislain Blues Band and then finally to Blues Bag. In 1968, the band discovered LSD, resulting in a stylistic change towards psychedelia. The band recorded a single for EMI using the name L'Assembl\u00e9e ('Le Chien') before calling it a day. Then, in 1969, Jacques Dudon made some recordings for a solo-album, but the project collapsed and the music was never issued... until now!","breadcrumb":{"@id":"https:\/\/wpguerssen-test.odoo.rgbconsulting.com\/es\/producto\/erosion-distilee\/#breadcrumb"},"inLanguage":"es","potentialAction":[{"@type":"ReadAction","target":["https:\/\/wpguerssen-test.odoo.rgbconsulting.com\/es\/producto\/erosion-distilee\/"]}]},{"@type":"ImageObject","inLanguage":"es","@id":"https:\/\/wpguerssen-test.odoo.rgbconsulting.com\/es\/producto\/erosion-distilee\/#primaryimage","url":"https:\/\/wpguerssen-test.odoo.rgbconsulting.com\/wp-content\/uploads\/2022\/03\/27467.jpg","contentUrl":"https:\/\/wpguerssen-test.odoo.rgbconsulting.com\/wp-content\/uploads\/2022\/03\/27467.jpg","width":180,"height":180,"caption":"Jacques - Erosion Distil\u00e9e - MONSTER MELODIES (LP) | Guerssen"},{"@type":"BreadcrumbList","@id":"https:\/\/wpguerssen-test.odoo.rgbconsulting.com\/es\/producto\/erosion-distilee\/#breadcrumb","itemListElement":[{"@type":"ListItem","position":1,"name":"Inicio","item":"https:\/\/wpguerssen-test.odoo.rgbconsulting.com\/es\/"},{"@type":"ListItem","position":2,"name":"Shop","item":"https:\/\/wpguerssen-test.odoo.rgbconsulting.com\/shop\/"},{"@type":"ListItem","position":3,"name":"Erosion Distil\u00e9e"}]},{"@type":"WebSite","@id":"https:\/\/wpguerssen-test.odoo.rgbconsulting.com\/es\/#website","url":"https:\/\/wpguerssen-test.odoo.rgbconsulting.com\/es\/","name":"Guerssen records","description":"psychedelia - progressive - folk - garage ","publisher":{"@id":"https:\/\/wpguerssen-test.odoo.rgbconsulting.com\/es\/#organization"},"potentialAction":[{"@type":"SearchAction","target":{"@type":"EntryPoint","urlTemplate":"https:\/\/wpguerssen-test.odoo.rgbconsulting.com\/es\/?s={search_term_string}"},"query-input":{"@type":"PropertyValueSpecification","valueRequired":true,"valueName":"search_term_string"}}],"inLanguage":"es"},{"@type":"Organization","@id":"https:\/\/wpguerssen-test.odoo.rgbconsulting.com\/es\/#organization","name":"Guerssen records","url":"https:\/\/wpguerssen-test.odoo.rgbconsulting.com\/es\/","logo":{"@type":"ImageObject","inLanguage":"es","@id":"https:\/\/wpguerssen-test.odoo.rgbconsulting.com\/es\/#\/schema\/logo\/image\/","url":"https:\/\/wpguerssen-test.odoo.rgbconsulting.com\/wp-content\/uploads\/2022\/04\/Logo_Guerssen_trans_100.png","contentUrl":"https:\/\/wpguerssen-test.odoo.rgbconsulting.com\/wp-content\/uploads\/2022\/04\/Logo_Guerssen_trans_100.png","width":122,"height":100,"caption":"Guerssen records"},"image":{"@id":"https:\/\/wpguerssen-test.odoo.rgbconsulting.com\/es\/#\/schema\/logo\/image\/"}}]}},"_links":{"self":[{"href":"https:\/\/wpguerssen-test.odoo.rgbconsulting.com\/es\/wp-json\/wp\/v2\/product\/186708","targetHints":{"allow":["GET"]}}],"collection":[{"href":"https:\/\/wpguerssen-test.odoo.rgbconsulting.com\/es\/wp-json\/wp\/v2\/product"}],"about":[{"href":"https:\/\/wpguerssen-test.odoo.rgbconsulting.com\/es\/wp-json\/wp\/v2\/types\/product"}],"wp:featuredmedia":[{"embeddable":true,"href":"https:\/\/wpguerssen-test.odoo.rgbconsulting.com\/es\/wp-json\/wp\/v2\/media\/120118"}],"wp:attachment":[{"href":"https:\/\/wpguerssen-test.odoo.rgbconsulting.com\/es\/wp-json\/wp\/v2\/media?parent=186708"}],"wp:term":[{"taxonomy":"product_brand","embeddable":true,"href":"https:\/\/wpguerssen-test.odoo.rgbconsulting.com\/es\/wp-json\/wp\/v2\/product_brand?post=186708"},{"taxonomy":"product_cat","embeddable":true,"href":"https:\/\/wpguerssen-test.odoo.rgbconsulting.com\/es\/wp-json\/wp\/v2\/product_cat?post=186708"},{"taxonomy":"product_tag","embeddable":true,"href":"https:\/\/wpguerssen-test.odoo.rgbconsulting.com\/es\/wp-json\/wp\/v2\/product_tag?post=186708"}],"curies":[{"name":"wp","href":"https:\/\/api.w.org\/{rel}","templated":true}]}}