{"id":186727,"date":"2017-02-09T00:00:00","date_gmt":"2017-02-08T23:00:00","guid":{"rendered":"http:\/\/guerssen.hl1097.dinaserver.com\/product\/mogollar-1976-cd\/"},"modified":"2025-02-12T14:40:32","modified_gmt":"2025-02-12T13:40:32","slug":"mogollar-1976-cd","status":"publish","type":"product","link":"https:\/\/wpguerssen-test.odoo.rgbconsulting.com\/es\/producto\/mogollar-1976-cd\/","title":{"rendered":"Mogollar (1976) (CD)"},"content":{"rendered":"<p>\u00daltimo disco, editado en 1976, por estas leyendas del Anadolu Pop, que mezclaron mejor que nadie ritmos y melod\u00edas tradicionales turcas con sonidos progresivos y psicod\u00e9licos.Temas instrumentales con gran uso de instrumentos tradicionales, percusiones ex\u00f3ticas e incre\u00edble guitarra fuzz en algunos cortes. Imprescindible para cualquier aficionado a los sonidos ex\u00f3ticos (John Berberian, Devil&#8217;s Anvil, Orient Express&#8230;), as\u00ed como al Anatolian Rock. <\/p>\n<p> Incluye booklet con notas por Angela Sawyer. <\/p>\n<p> Tracklist: <\/p>\n<p> K\u00e2tip Arzuhalim Yaz Yare B\u00f6yle &#8211; Bah\u00e7elere Geldi Bahar &#8211; Hicaz Mandira &#8211; \u00dcsk\u00fcdara Giderken &#8211; Karsiki Yayla &#8211; Yine Bir G\u00fclnihal &#8211; Sehnaz Longa &#8211; Drama K\u00f6pr\u00fcs\u00fc \/ Bolu Beyi &#8211; \u00c7anakkale I\u00e7inde Aynali \u00c7arsi &#8211; Misket &#8211; \u00d6z\u00fcm Kaldi<\/p>\n","protected":false},"excerpt":{"rendered":"<p>\u00daltimo disco, editado en 1976, por estas leyendas del Anadolu Pop, que mezclaron mejor que nadie ritmos y melod\u00edas tradicionales turcas con sonidos progresivos y<a class=\"read\" href=\"https:\/\/wpguerssen-test.odoo.rgbconsulting.com\/es\/producto\/mogollar-1976-cd\/\"> (...)<\/a>","protected":false},"featured_media":120161,"template":"","meta":{"_acf_changed":false},"product_brand":[],"product_cat":[21639,23271],"product_tag":[29138],"class_list":{"0":"post-186727","1":"product","2":"type-product","3":"status-publish","4":"has-post-thumbnail","6":"product_cat-psychedelic60s-70s-es","7":"product_cat-folk-60s-70s-es","8":"product_tag-cd-es","9":"pa_artist-mogollar-es","10":"pa_format-cd-2-es","11":"pa_gender-folk-60s-70s-psychedelic60s-70s","12":"pa_label-pharaway-sounds-es","13":"pa_location-eastern-es","15":"first","16":"instock","17":"taxable","18":"shipping-taxable","19":"purchasable","20":"product-type-simple"},"acf":[],"yoast_head":"<!-- This site is optimized with the Yoast SEO plugin v24.9 - https:\/\/yoast.com\/wordpress\/plugins\/seo\/ -->\n<title>MOGOLLAR - Mogollar (1976) (CD) -  (CD) | Guerssen<\/title>\n<meta name=\"description\" content=\"Makam madness gives way to instrumental prog on this burned-out last album, released in 1976, by Turkey&#039;s Anadolu Pop heroes. Mogollar was the band that never had a singer attached for long, and yet even more than Baris or Erkin, they consciously highlighted what was different about the new sounds of the era. #nl# Incredible fusion of ancient Anatolian melodies and instruments with prog\/psych with ocassional piercing fuzz guitar. Recommended to anyone into John Berberian, Devil&#039;s Anvil and vintage Turkish psych. Includes booklet with liner notes by Angela Sawyer. #nl# Tracklist: #nl# K\u00e2tip Arzuhalim Yaz Yare B\u00f6yle - Bah\u00e7elere Geldi Bahar - Hicaz Mandira - \u00dcsk\u00fcdara Giderken - Karsiki Yayla - Yine Bir G\u00fclnihal - Sehnaz Longa - Drama K\u00f6pr\u00fcs\u00fc \/ Bolu Beyi - \u00c7anakkale I\u00e7inde Aynali \u00c7arsi - Misket - \u00d6z\u00fcm Kaldi\" \/>\n<meta name=\"robots\" content=\"index, follow, max-snippet:-1, max-image-preview:large, max-video-preview:-1\" \/>\n<link rel=\"canonical\" href=\"https:\/\/wpguerssen-test.odoo.rgbconsulting.com\/es\/producto\/mogollar-1976-cd\/\" \/>\n<meta property=\"og:locale\" content=\"es_ES\" \/>\n<meta property=\"og:type\" content=\"article\" \/>\n<meta property=\"og:title\" content=\"MOGOLLAR - Mogollar (1976) (CD) -  (CD) | Guerssen\" \/>\n<meta property=\"og:description\" content=\"Makam madness gives way to instrumental prog on this burned-out last album, released in 1976, by Turkey&#039;s Anadolu Pop heroes. Mogollar was the band that never had a singer attached for long, and yet even more than Baris or Erkin, they consciously highlighted what was different about the new sounds of the era. #nl# Incredible fusion of ancient Anatolian melodies and instruments with prog\/psych with ocassional piercing fuzz guitar. Recommended to anyone into John Berberian, Devil&#039;s Anvil and vintage Turkish psych. Includes booklet with liner notes by Angela Sawyer. #nl# Tracklist: #nl# K\u00e2tip Arzuhalim Yaz Yare B\u00f6yle - Bah\u00e7elere Geldi Bahar - Hicaz Mandira - \u00dcsk\u00fcdara Giderken - Karsiki Yayla - Yine Bir G\u00fclnihal - Sehnaz Longa - Drama K\u00f6pr\u00fcs\u00fc \/ Bolu Beyi - \u00c7anakkale I\u00e7inde Aynali \u00c7arsi - Misket - \u00d6z\u00fcm Kaldi\" \/>\n<meta property=\"og:url\" content=\"https:\/\/wpguerssen-test.odoo.rgbconsulting.com\/es\/producto\/mogollar-1976-cd\/\" \/>\n<meta property=\"og:site_name\" content=\"Guerssen records\" \/>\n<meta property=\"article:modified_time\" content=\"2025-02-12T13:40:32+00:00\" \/>\n<meta property=\"og:image\" content=\"https:\/\/wpguerssen-test.odoo.rgbconsulting.com\/wp-content\/uploads\/2022\/03\/27527-scaled.jpg\" \/>\n\t<meta property=\"og:image:width\" content=\"2536\" \/>\n\t<meta property=\"og:image:height\" content=\"2560\" \/>\n\t<meta property=\"og:image:type\" content=\"image\/jpeg\" \/>\n<meta name=\"twitter:card\" content=\"summary_large_image\" \/>\n<meta name=\"twitter:title\" content=\"MOGOLLAR - Mogollar (1976) (CD) -  (CD) | Guerssen\" \/>\n<meta name=\"twitter:label1\" content=\"Tiempo de lectura\" \/>\n\t<meta name=\"twitter:data1\" content=\"1 minuto\" \/>\n<script type=\"application\/ld+json\" class=\"yoast-schema-graph\">{\"@context\":\"https:\/\/schema.org\",\"@graph\":[{\"@type\":\"WebPage\",\"@id\":\"https:\/\/wpguerssen-test.odoo.rgbconsulting.com\/es\/producto\/mogollar-1976-cd\/\",\"url\":\"https:\/\/wpguerssen-test.odoo.rgbconsulting.com\/es\/producto\/mogollar-1976-cd\/\",\"name\":\"MOGOLLAR - Mogollar (1976) (CD) - (CD) | Guerssen\",\"isPartOf\":{\"@id\":\"https:\/\/wpguerssen-test.odoo.rgbconsulting.com\/es\/#website\"},\"primaryImageOfPage\":{\"@id\":\"https:\/\/wpguerssen-test.odoo.rgbconsulting.com\/es\/producto\/mogollar-1976-cd\/#primaryimage\"},\"image\":{\"@id\":\"https:\/\/wpguerssen-test.odoo.rgbconsulting.com\/es\/producto\/mogollar-1976-cd\/#primaryimage\"},\"thumbnailUrl\":\"https:\/\/wpguerssen-test.odoo.rgbconsulting.com\/wp-content\/uploads\/2022\/03\/27527-scaled.jpg\",\"datePublished\":\"2017-02-08T23:00:00+00:00\",\"dateModified\":\"2025-02-12T13:40:32+00:00\",\"description\":\"Makam madness gives way to instrumental prog on this burned-out last album, released in 1976, by Turkey's Anadolu Pop heroes. Mogollar was the band that never had a singer attached for long, and yet even more than Baris or Erkin, they consciously highlighted what was different about the new sounds of the era. #nl# Incredible fusion of ancient Anatolian melodies and instruments with prog\/psych with ocassional piercing fuzz guitar. Recommended to anyone into John Berberian, Devil's Anvil and vintage Turkish psych. Includes booklet with liner notes by Angela Sawyer. #nl# Tracklist: #nl# K\u00e2tip Arzuhalim Yaz Yare B\u00f6yle - Bah\u00e7elere Geldi Bahar - Hicaz Mandira - \u00dcsk\u00fcdara Giderken - Karsiki Yayla - Yine Bir G\u00fclnihal - Sehnaz Longa - Drama K\u00f6pr\u00fcs\u00fc \/ Bolu Beyi - \u00c7anakkale I\u00e7inde Aynali \u00c7arsi - Misket - \u00d6z\u00fcm Kaldi\",\"breadcrumb\":{\"@id\":\"https:\/\/wpguerssen-test.odoo.rgbconsulting.com\/es\/producto\/mogollar-1976-cd\/#breadcrumb\"},\"inLanguage\":\"es\",\"potentialAction\":[{\"@type\":\"ReadAction\",\"target\":[\"https:\/\/wpguerssen-test.odoo.rgbconsulting.com\/es\/producto\/mogollar-1976-cd\/\"]}]},{\"@type\":\"ImageObject\",\"inLanguage\":\"es\",\"@id\":\"https:\/\/wpguerssen-test.odoo.rgbconsulting.com\/es\/producto\/mogollar-1976-cd\/#primaryimage\",\"url\":\"https:\/\/wpguerssen-test.odoo.rgbconsulting.com\/wp-content\/uploads\/2022\/03\/27527-scaled.jpg\",\"contentUrl\":\"https:\/\/wpguerssen-test.odoo.rgbconsulting.com\/wp-content\/uploads\/2022\/03\/27527-scaled.jpg\",\"width\":2536,\"height\":2560,\"caption\":\"MOGOLLAR - Mogollar (1976) (CD) - PHARAWAY SOUNDS (CD) | Guerssen\"},{\"@type\":\"BreadcrumbList\",\"@id\":\"https:\/\/wpguerssen-test.odoo.rgbconsulting.com\/es\/producto\/mogollar-1976-cd\/#breadcrumb\",\"itemListElement\":[{\"@type\":\"ListItem\",\"position\":1,\"name\":\"Inicio\",\"item\":\"https:\/\/wpguerssen-test.odoo.rgbconsulting.com\/es\/\"},{\"@type\":\"ListItem\",\"position\":2,\"name\":\"Shop\",\"item\":\"https:\/\/wpguerssen-test.odoo.rgbconsulting.com\/shop\/\"},{\"@type\":\"ListItem\",\"position\":3,\"name\":\"Mogollar (1976) (CD)\"}]},{\"@type\":\"WebSite\",\"@id\":\"https:\/\/wpguerssen-test.odoo.rgbconsulting.com\/es\/#website\",\"url\":\"https:\/\/wpguerssen-test.odoo.rgbconsulting.com\/es\/\",\"name\":\"Guerssen records\",\"description\":\"psychedelia - progressive - folk - garage \",\"publisher\":{\"@id\":\"https:\/\/wpguerssen-test.odoo.rgbconsulting.com\/es\/#organization\"},\"potentialAction\":[{\"@type\":\"SearchAction\",\"target\":{\"@type\":\"EntryPoint\",\"urlTemplate\":\"https:\/\/wpguerssen-test.odoo.rgbconsulting.com\/es\/?s={search_term_string}\"},\"query-input\":{\"@type\":\"PropertyValueSpecification\",\"valueRequired\":true,\"valueName\":\"search_term_string\"}}],\"inLanguage\":\"es\"},{\"@type\":\"Organization\",\"@id\":\"https:\/\/wpguerssen-test.odoo.rgbconsulting.com\/es\/#organization\",\"name\":\"Guerssen records\",\"url\":\"https:\/\/wpguerssen-test.odoo.rgbconsulting.com\/es\/\",\"logo\":{\"@type\":\"ImageObject\",\"inLanguage\":\"es\",\"@id\":\"https:\/\/wpguerssen-test.odoo.rgbconsulting.com\/es\/#\/schema\/logo\/image\/\",\"url\":\"https:\/\/wpguerssen-test.odoo.rgbconsulting.com\/wp-content\/uploads\/2022\/04\/Logo_Guerssen_trans_100.png\",\"contentUrl\":\"https:\/\/wpguerssen-test.odoo.rgbconsulting.com\/wp-content\/uploads\/2022\/04\/Logo_Guerssen_trans_100.png\",\"width\":122,\"height\":100,\"caption\":\"Guerssen records\"},\"image\":{\"@id\":\"https:\/\/wpguerssen-test.odoo.rgbconsulting.com\/es\/#\/schema\/logo\/image\/\"}}]}<\/script>\n<!-- \/ Yoast SEO plugin. -->","yoast_head_json":{"title":"MOGOLLAR - Mogollar (1976) (CD) -  (CD) | Guerssen","description":"Makam madness gives way to instrumental prog on this burned-out last album, released in 1976, by Turkey's Anadolu Pop heroes. Mogollar was the band that never had a singer attached for long, and yet even more than Baris or Erkin, they consciously highlighted what was different about the new sounds of the era. #nl# Incredible fusion of ancient Anatolian melodies and instruments with prog\/psych with ocassional piercing fuzz guitar. Recommended to anyone into John Berberian, Devil's Anvil and vintage Turkish psych. Includes booklet with liner notes by Angela Sawyer. #nl# Tracklist: #nl# K\u00e2tip Arzuhalim Yaz Yare B\u00f6yle - Bah\u00e7elere Geldi Bahar - Hicaz Mandira - \u00dcsk\u00fcdara Giderken - Karsiki Yayla - Yine Bir G\u00fclnihal - Sehnaz Longa - Drama K\u00f6pr\u00fcs\u00fc \/ Bolu Beyi - \u00c7anakkale I\u00e7inde Aynali \u00c7arsi - Misket - \u00d6z\u00fcm Kaldi","robots":{"index":"index","follow":"follow","max-snippet":"max-snippet:-1","max-image-preview":"max-image-preview:large","max-video-preview":"max-video-preview:-1"},"canonical":"https:\/\/wpguerssen-test.odoo.rgbconsulting.com\/es\/producto\/mogollar-1976-cd\/","og_locale":"es_ES","og_type":"article","og_title":"MOGOLLAR - Mogollar (1976) (CD) -  (CD) | Guerssen","og_description":"Makam madness gives way to instrumental prog on this burned-out last album, released in 1976, by Turkey's Anadolu Pop heroes. Mogollar was the band that never had a singer attached for long, and yet even more than Baris or Erkin, they consciously highlighted what was different about the new sounds of the era. #nl# Incredible fusion of ancient Anatolian melodies and instruments with prog\/psych with ocassional piercing fuzz guitar. Recommended to anyone into John Berberian, Devil's Anvil and vintage Turkish psych. Includes booklet with liner notes by Angela Sawyer. #nl# Tracklist: #nl# K\u00e2tip Arzuhalim Yaz Yare B\u00f6yle - Bah\u00e7elere Geldi Bahar - Hicaz Mandira - \u00dcsk\u00fcdara Giderken - Karsiki Yayla - Yine Bir G\u00fclnihal - Sehnaz Longa - Drama K\u00f6pr\u00fcs\u00fc \/ Bolu Beyi - \u00c7anakkale I\u00e7inde Aynali \u00c7arsi - Misket - \u00d6z\u00fcm Kaldi","og_url":"https:\/\/wpguerssen-test.odoo.rgbconsulting.com\/es\/producto\/mogollar-1976-cd\/","og_site_name":"Guerssen records","article_modified_time":"2025-02-12T13:40:32+00:00","og_image":[{"width":2536,"height":2560,"url":"https:\/\/wpguerssen-test.odoo.rgbconsulting.com\/wp-content\/uploads\/2022\/03\/27527-scaled.jpg","type":"image\/jpeg"}],"twitter_card":"summary_large_image","twitter_title":"MOGOLLAR - Mogollar (1976) (CD) -  (CD) | Guerssen","twitter_misc":{"Tiempo de lectura":"1 minuto"},"schema":{"@context":"https:\/\/schema.org","@graph":[{"@type":"WebPage","@id":"https:\/\/wpguerssen-test.odoo.rgbconsulting.com\/es\/producto\/mogollar-1976-cd\/","url":"https:\/\/wpguerssen-test.odoo.rgbconsulting.com\/es\/producto\/mogollar-1976-cd\/","name":"MOGOLLAR - Mogollar (1976) (CD) - (CD) | Guerssen","isPartOf":{"@id":"https:\/\/wpguerssen-test.odoo.rgbconsulting.com\/es\/#website"},"primaryImageOfPage":{"@id":"https:\/\/wpguerssen-test.odoo.rgbconsulting.com\/es\/producto\/mogollar-1976-cd\/#primaryimage"},"image":{"@id":"https:\/\/wpguerssen-test.odoo.rgbconsulting.com\/es\/producto\/mogollar-1976-cd\/#primaryimage"},"thumbnailUrl":"https:\/\/wpguerssen-test.odoo.rgbconsulting.com\/wp-content\/uploads\/2022\/03\/27527-scaled.jpg","datePublished":"2017-02-08T23:00:00+00:00","dateModified":"2025-02-12T13:40:32+00:00","description":"Makam madness gives way to instrumental prog on this burned-out last album, released in 1976, by Turkey's Anadolu Pop heroes. Mogollar was the band that never had a singer attached for long, and yet even more than Baris or Erkin, they consciously highlighted what was different about the new sounds of the era. #nl# Incredible fusion of ancient Anatolian melodies and instruments with prog\/psych with ocassional piercing fuzz guitar. Recommended to anyone into John Berberian, Devil's Anvil and vintage Turkish psych. Includes booklet with liner notes by Angela Sawyer. #nl# Tracklist: #nl# K\u00e2tip Arzuhalim Yaz Yare B\u00f6yle - Bah\u00e7elere Geldi Bahar - Hicaz Mandira - \u00dcsk\u00fcdara Giderken - Karsiki Yayla - Yine Bir G\u00fclnihal - Sehnaz Longa - Drama K\u00f6pr\u00fcs\u00fc \/ Bolu Beyi - \u00c7anakkale I\u00e7inde Aynali \u00c7arsi - Misket - \u00d6z\u00fcm Kaldi","breadcrumb":{"@id":"https:\/\/wpguerssen-test.odoo.rgbconsulting.com\/es\/producto\/mogollar-1976-cd\/#breadcrumb"},"inLanguage":"es","potentialAction":[{"@type":"ReadAction","target":["https:\/\/wpguerssen-test.odoo.rgbconsulting.com\/es\/producto\/mogollar-1976-cd\/"]}]},{"@type":"ImageObject","inLanguage":"es","@id":"https:\/\/wpguerssen-test.odoo.rgbconsulting.com\/es\/producto\/mogollar-1976-cd\/#primaryimage","url":"https:\/\/wpguerssen-test.odoo.rgbconsulting.com\/wp-content\/uploads\/2022\/03\/27527-scaled.jpg","contentUrl":"https:\/\/wpguerssen-test.odoo.rgbconsulting.com\/wp-content\/uploads\/2022\/03\/27527-scaled.jpg","width":2536,"height":2560,"caption":"MOGOLLAR - Mogollar (1976) (CD) - PHARAWAY SOUNDS (CD) | Guerssen"},{"@type":"BreadcrumbList","@id":"https:\/\/wpguerssen-test.odoo.rgbconsulting.com\/es\/producto\/mogollar-1976-cd\/#breadcrumb","itemListElement":[{"@type":"ListItem","position":1,"name":"Inicio","item":"https:\/\/wpguerssen-test.odoo.rgbconsulting.com\/es\/"},{"@type":"ListItem","position":2,"name":"Shop","item":"https:\/\/wpguerssen-test.odoo.rgbconsulting.com\/shop\/"},{"@type":"ListItem","position":3,"name":"Mogollar (1976) (CD)"}]},{"@type":"WebSite","@id":"https:\/\/wpguerssen-test.odoo.rgbconsulting.com\/es\/#website","url":"https:\/\/wpguerssen-test.odoo.rgbconsulting.com\/es\/","name":"Guerssen records","description":"psychedelia - progressive - folk - garage ","publisher":{"@id":"https:\/\/wpguerssen-test.odoo.rgbconsulting.com\/es\/#organization"},"potentialAction":[{"@type":"SearchAction","target":{"@type":"EntryPoint","urlTemplate":"https:\/\/wpguerssen-test.odoo.rgbconsulting.com\/es\/?s={search_term_string}"},"query-input":{"@type":"PropertyValueSpecification","valueRequired":true,"valueName":"search_term_string"}}],"inLanguage":"es"},{"@type":"Organization","@id":"https:\/\/wpguerssen-test.odoo.rgbconsulting.com\/es\/#organization","name":"Guerssen records","url":"https:\/\/wpguerssen-test.odoo.rgbconsulting.com\/es\/","logo":{"@type":"ImageObject","inLanguage":"es","@id":"https:\/\/wpguerssen-test.odoo.rgbconsulting.com\/es\/#\/schema\/logo\/image\/","url":"https:\/\/wpguerssen-test.odoo.rgbconsulting.com\/wp-content\/uploads\/2022\/04\/Logo_Guerssen_trans_100.png","contentUrl":"https:\/\/wpguerssen-test.odoo.rgbconsulting.com\/wp-content\/uploads\/2022\/04\/Logo_Guerssen_trans_100.png","width":122,"height":100,"caption":"Guerssen records"},"image":{"@id":"https:\/\/wpguerssen-test.odoo.rgbconsulting.com\/es\/#\/schema\/logo\/image\/"}}]}},"_links":{"self":[{"href":"https:\/\/wpguerssen-test.odoo.rgbconsulting.com\/es\/wp-json\/wp\/v2\/product\/186727","targetHints":{"allow":["GET"]}}],"collection":[{"href":"https:\/\/wpguerssen-test.odoo.rgbconsulting.com\/es\/wp-json\/wp\/v2\/product"}],"about":[{"href":"https:\/\/wpguerssen-test.odoo.rgbconsulting.com\/es\/wp-json\/wp\/v2\/types\/product"}],"wp:featuredmedia":[{"embeddable":true,"href":"https:\/\/wpguerssen-test.odoo.rgbconsulting.com\/es\/wp-json\/wp\/v2\/media\/120161"}],"wp:attachment":[{"href":"https:\/\/wpguerssen-test.odoo.rgbconsulting.com\/es\/wp-json\/wp\/v2\/media?parent=186727"}],"wp:term":[{"taxonomy":"product_brand","embeddable":true,"href":"https:\/\/wpguerssen-test.odoo.rgbconsulting.com\/es\/wp-json\/wp\/v2\/product_brand?post=186727"},{"taxonomy":"product_cat","embeddable":true,"href":"https:\/\/wpguerssen-test.odoo.rgbconsulting.com\/es\/wp-json\/wp\/v2\/product_cat?post=186727"},{"taxonomy":"product_tag","embeddable":true,"href":"https:\/\/wpguerssen-test.odoo.rgbconsulting.com\/es\/wp-json\/wp\/v2\/product_tag?post=186727"}],"curies":[{"name":"wp","href":"https:\/\/api.w.org\/{rel}","templated":true}]}}