{"id":186794,"date":"2017-02-09T00:00:00","date_gmt":"2017-02-08T23:00:00","guid":{"rendered":"http:\/\/guerssen.hl1097.dinaserver.com\/product\/hop-dedik-cd\/"},"modified":"2025-04-16T17:50:50","modified_gmt":"2025-04-16T15:50:50","slug":"hop-dedik-cd","status":"publish","type":"product","link":"https:\/\/wpguerssen-test.odoo.rgbconsulting.com\/es\/producto\/hop-dedik-cd\/","title":{"rendered":"Hop Dedik (CD)"},"content":{"rendered":"<p>Conocido por ser algo as\u00ed como el Elvis turco, Erol B\u00fcy\u00fckbur\u00e7 fue una figura muy famosa en Turqu\u00eda, protagonizando pel\u00edculas y grabando algunos discos. Siempre vestido con alucinantes trajes y con una personalidad magn\u00e9tica, Erol mezclaba en su m\u00fasica melod\u00edas antiguas de Anatolia con pop, funk, disco y psicodelia. Recomendado si te gustan Koray, Alpay, Fikret Kizilok&#8230;Incluye booklet a color con fotos y notas por Angela Sawyer. <\/p>\n<p> Tracklist: <\/p>\n<p> Oldu Olacak &#8211; Dandini &#8211; Bile Bile Lades &#8211; Sen mi O mu &#8211; \u00d6yle mi B\u00f6yle mi &#8211; G\u00fcz Sarkisi &#8211; Saka Maka Derken &#8211; Hop Dedik &#8211; Hep Sen Varsin &#8211; Civciv \u00c7ikacak Kus \u00c7ikacak &#8211; Dedim Dedi &#8211; Sevgiye Tutsak<\/p>\n","protected":false},"excerpt":{"rendered":"<p>Conocido por ser algo as\u00ed como el Elvis turco, Erol B\u00fcy\u00fckbur\u00e7 fue una figura muy famosa en Turqu\u00eda, protagonizando pel\u00edculas y grabando algunos discos. Siempre<a class=\"read\" href=\"https:\/\/wpguerssen-test.odoo.rgbconsulting.com\/es\/producto\/hop-dedik-cd\/\"> (...)<\/a>","protected":false},"featured_media":120298,"template":"","meta":{"_acf_changed":false},"product_brand":[],"product_cat":[21639,23219],"product_tag":[29138],"class_list":{"0":"post-186794","1":"product","2":"type-product","3":"status-publish","4":"has-post-thumbnail","6":"product_cat-psychedelic60s-70s-es","7":"product_cat-funk-es","8":"product_tag-cd-es","9":"pa_artist-buyukburc-erol","10":"pa_format-cd-2-es","11":"pa_gender-psychedelic60s-70s-funk","12":"pa_label-pharaway-sounds-es","13":"pa_location-eastern-es","15":"first","16":"instock","17":"taxable","18":"shipping-taxable","19":"purchasable","20":"product-type-simple"},"acf":[],"yoast_head":"<!-- This site is optimized with the Yoast SEO plugin v24.9 - https:\/\/yoast.com\/wordpress\/plugins\/seo\/ -->\n<title>B\u00dcY\u00dcKBUR\u00c7, Erol - Hop Dedik (CD) -  (CD) | Guerssen<\/title>\n<meta name=\"description\" content=\"Years before Baris and even before the fame of Erkin Koray, Erol&#039;s flamboyant outfits and spontaneous behaviour brought a youthful, pop-oriented world to Turkish audiences. Here&#039;s his first proper album from 1976. #nl# While not exactly psychedelic, Erol&#039;s album shows how far the mix of Anatolian melodies and Western production could reach and you can find here some great examples of Turkish pop spiced with psych, disco and funk. #nl# Includes booklet with photos and liner notes by Angela Sawyer. #nl# Tracklist: #nl# Oldu Olacak - Dandini - Bile Bile Lades - Sen mi O mu - \u00d6yle mi B\u00f6yle mi - G\u00fcz Sarkisi - Saka Maka Derken - Hop Dedik - Hep Sen Varsin - Civciv \u00c7ikacak Kus \u00c7ikacak - Dedim Dedi - Sevgiye Tutsak\" \/>\n<meta name=\"robots\" content=\"index, follow, max-snippet:-1, max-image-preview:large, max-video-preview:-1\" \/>\n<link rel=\"canonical\" href=\"https:\/\/wpguerssen-test.odoo.rgbconsulting.com\/es\/producto\/hop-dedik-cd\/\" \/>\n<meta property=\"og:locale\" content=\"es_ES\" \/>\n<meta property=\"og:type\" content=\"article\" \/>\n<meta property=\"og:title\" content=\"B\u00dcY\u00dcKBUR\u00c7, Erol - Hop Dedik (CD) -  (CD) | Guerssen\" \/>\n<meta property=\"og:description\" content=\"Years before Baris and even before the fame of Erkin Koray, Erol&#039;s flamboyant outfits and spontaneous behaviour brought a youthful, pop-oriented world to Turkish audiences. Here&#039;s his first proper album from 1976. #nl# While not exactly psychedelic, Erol&#039;s album shows how far the mix of Anatolian melodies and Western production could reach and you can find here some great examples of Turkish pop spiced with psych, disco and funk. #nl# Includes booklet with photos and liner notes by Angela Sawyer. #nl# Tracklist: #nl# Oldu Olacak - Dandini - Bile Bile Lades - Sen mi O mu - \u00d6yle mi B\u00f6yle mi - G\u00fcz Sarkisi - Saka Maka Derken - Hop Dedik - Hep Sen Varsin - Civciv \u00c7ikacak Kus \u00c7ikacak - Dedim Dedi - Sevgiye Tutsak\" \/>\n<meta property=\"og:url\" content=\"https:\/\/wpguerssen-test.odoo.rgbconsulting.com\/es\/producto\/hop-dedik-cd\/\" \/>\n<meta property=\"og:site_name\" content=\"Guerssen records\" \/>\n<meta property=\"article:modified_time\" content=\"2025-04-16T15:50:50+00:00\" \/>\n<meta property=\"og:image\" content=\"https:\/\/wpguerssen-test.odoo.rgbconsulting.com\/wp-content\/uploads\/2022\/03\/27700.jpg\" \/>\n\t<meta property=\"og:image:width\" content=\"1500\" \/>\n\t<meta property=\"og:image:height\" content=\"1500\" \/>\n\t<meta property=\"og:image:type\" content=\"image\/jpeg\" \/>\n<meta name=\"twitter:card\" content=\"summary_large_image\" \/>\n<meta name=\"twitter:title\" content=\"B\u00dcY\u00dcKBUR\u00c7, Erol - Hop Dedik (CD) -  (CD) | Guerssen\" \/>\n<meta name=\"twitter:label1\" content=\"Tiempo de lectura\" \/>\n\t<meta name=\"twitter:data1\" content=\"1 minuto\" \/>\n<script type=\"application\/ld+json\" class=\"yoast-schema-graph\">{\"@context\":\"https:\/\/schema.org\",\"@graph\":[{\"@type\":\"WebPage\",\"@id\":\"https:\/\/wpguerssen-test.odoo.rgbconsulting.com\/es\/producto\/hop-dedik-cd\/\",\"url\":\"https:\/\/wpguerssen-test.odoo.rgbconsulting.com\/es\/producto\/hop-dedik-cd\/\",\"name\":\"B\u00dcY\u00dcKBUR\u00c7, Erol - Hop Dedik (CD) - (CD) | Guerssen\",\"isPartOf\":{\"@id\":\"https:\/\/wpguerssen-test.odoo.rgbconsulting.com\/es\/#website\"},\"primaryImageOfPage\":{\"@id\":\"https:\/\/wpguerssen-test.odoo.rgbconsulting.com\/es\/producto\/hop-dedik-cd\/#primaryimage\"},\"image\":{\"@id\":\"https:\/\/wpguerssen-test.odoo.rgbconsulting.com\/es\/producto\/hop-dedik-cd\/#primaryimage\"},\"thumbnailUrl\":\"https:\/\/wpguerssen-test.odoo.rgbconsulting.com\/wp-content\/uploads\/2022\/03\/27700.jpg\",\"datePublished\":\"2017-02-08T23:00:00+00:00\",\"dateModified\":\"2025-04-16T15:50:50+00:00\",\"description\":\"Years before Baris and even before the fame of Erkin Koray, Erol's flamboyant outfits and spontaneous behaviour brought a youthful, pop-oriented world to Turkish audiences. Here's his first proper album from 1976. #nl# While not exactly psychedelic, Erol's album shows how far the mix of Anatolian melodies and Western production could reach and you can find here some great examples of Turkish pop spiced with psych, disco and funk. #nl# Includes booklet with photos and liner notes by Angela Sawyer. #nl# Tracklist: #nl# Oldu Olacak - Dandini - Bile Bile Lades - Sen mi O mu - \u00d6yle mi B\u00f6yle mi - G\u00fcz Sarkisi - Saka Maka Derken - Hop Dedik - Hep Sen Varsin - Civciv \u00c7ikacak Kus \u00c7ikacak - Dedim Dedi - Sevgiye Tutsak\",\"breadcrumb\":{\"@id\":\"https:\/\/wpguerssen-test.odoo.rgbconsulting.com\/es\/producto\/hop-dedik-cd\/#breadcrumb\"},\"inLanguage\":\"es\",\"potentialAction\":[{\"@type\":\"ReadAction\",\"target\":[\"https:\/\/wpguerssen-test.odoo.rgbconsulting.com\/es\/producto\/hop-dedik-cd\/\"]}]},{\"@type\":\"ImageObject\",\"inLanguage\":\"es\",\"@id\":\"https:\/\/wpguerssen-test.odoo.rgbconsulting.com\/es\/producto\/hop-dedik-cd\/#primaryimage\",\"url\":\"https:\/\/wpguerssen-test.odoo.rgbconsulting.com\/wp-content\/uploads\/2022\/03\/27700.jpg\",\"contentUrl\":\"https:\/\/wpguerssen-test.odoo.rgbconsulting.com\/wp-content\/uploads\/2022\/03\/27700.jpg\",\"width\":1500,\"height\":1500,\"caption\":\"Erol - Hop Dedik (CD) - PHARAWAY SOUNDS (CD) | Guerssen\"},{\"@type\":\"BreadcrumbList\",\"@id\":\"https:\/\/wpguerssen-test.odoo.rgbconsulting.com\/es\/producto\/hop-dedik-cd\/#breadcrumb\",\"itemListElement\":[{\"@type\":\"ListItem\",\"position\":1,\"name\":\"Inicio\",\"item\":\"https:\/\/wpguerssen-test.odoo.rgbconsulting.com\/es\/\"},{\"@type\":\"ListItem\",\"position\":2,\"name\":\"Shop\",\"item\":\"https:\/\/wpguerssen-test.odoo.rgbconsulting.com\/shop\/\"},{\"@type\":\"ListItem\",\"position\":3,\"name\":\"Hop Dedik (CD)\"}]},{\"@type\":\"WebSite\",\"@id\":\"https:\/\/wpguerssen-test.odoo.rgbconsulting.com\/es\/#website\",\"url\":\"https:\/\/wpguerssen-test.odoo.rgbconsulting.com\/es\/\",\"name\":\"Guerssen records\",\"description\":\"psychedelia - progressive - folk - garage \",\"publisher\":{\"@id\":\"https:\/\/wpguerssen-test.odoo.rgbconsulting.com\/es\/#organization\"},\"potentialAction\":[{\"@type\":\"SearchAction\",\"target\":{\"@type\":\"EntryPoint\",\"urlTemplate\":\"https:\/\/wpguerssen-test.odoo.rgbconsulting.com\/es\/?s={search_term_string}\"},\"query-input\":{\"@type\":\"PropertyValueSpecification\",\"valueRequired\":true,\"valueName\":\"search_term_string\"}}],\"inLanguage\":\"es\"},{\"@type\":\"Organization\",\"@id\":\"https:\/\/wpguerssen-test.odoo.rgbconsulting.com\/es\/#organization\",\"name\":\"Guerssen records\",\"url\":\"https:\/\/wpguerssen-test.odoo.rgbconsulting.com\/es\/\",\"logo\":{\"@type\":\"ImageObject\",\"inLanguage\":\"es\",\"@id\":\"https:\/\/wpguerssen-test.odoo.rgbconsulting.com\/es\/#\/schema\/logo\/image\/\",\"url\":\"https:\/\/wpguerssen-test.odoo.rgbconsulting.com\/wp-content\/uploads\/2022\/04\/Logo_Guerssen_trans_100.png\",\"contentUrl\":\"https:\/\/wpguerssen-test.odoo.rgbconsulting.com\/wp-content\/uploads\/2022\/04\/Logo_Guerssen_trans_100.png\",\"width\":122,\"height\":100,\"caption\":\"Guerssen records\"},\"image\":{\"@id\":\"https:\/\/wpguerssen-test.odoo.rgbconsulting.com\/es\/#\/schema\/logo\/image\/\"}}]}<\/script>\n<!-- \/ Yoast SEO plugin. -->","yoast_head_json":{"title":"B\u00dcY\u00dcKBUR\u00c7, Erol - Hop Dedik (CD) -  (CD) | Guerssen","description":"Years before Baris and even before the fame of Erkin Koray, Erol's flamboyant outfits and spontaneous behaviour brought a youthful, pop-oriented world to Turkish audiences. Here's his first proper album from 1976. #nl# While not exactly psychedelic, Erol's album shows how far the mix of Anatolian melodies and Western production could reach and you can find here some great examples of Turkish pop spiced with psych, disco and funk. #nl# Includes booklet with photos and liner notes by Angela Sawyer. #nl# Tracklist: #nl# Oldu Olacak - Dandini - Bile Bile Lades - Sen mi O mu - \u00d6yle mi B\u00f6yle mi - G\u00fcz Sarkisi - Saka Maka Derken - Hop Dedik - Hep Sen Varsin - Civciv \u00c7ikacak Kus \u00c7ikacak - Dedim Dedi - Sevgiye Tutsak","robots":{"index":"index","follow":"follow","max-snippet":"max-snippet:-1","max-image-preview":"max-image-preview:large","max-video-preview":"max-video-preview:-1"},"canonical":"https:\/\/wpguerssen-test.odoo.rgbconsulting.com\/es\/producto\/hop-dedik-cd\/","og_locale":"es_ES","og_type":"article","og_title":"B\u00dcY\u00dcKBUR\u00c7, Erol - Hop Dedik (CD) -  (CD) | Guerssen","og_description":"Years before Baris and even before the fame of Erkin Koray, Erol's flamboyant outfits and spontaneous behaviour brought a youthful, pop-oriented world to Turkish audiences. Here's his first proper album from 1976. #nl# While not exactly psychedelic, Erol's album shows how far the mix of Anatolian melodies and Western production could reach and you can find here some great examples of Turkish pop spiced with psych, disco and funk. #nl# Includes booklet with photos and liner notes by Angela Sawyer. #nl# Tracklist: #nl# Oldu Olacak - Dandini - Bile Bile Lades - Sen mi O mu - \u00d6yle mi B\u00f6yle mi - G\u00fcz Sarkisi - Saka Maka Derken - Hop Dedik - Hep Sen Varsin - Civciv \u00c7ikacak Kus \u00c7ikacak - Dedim Dedi - Sevgiye Tutsak","og_url":"https:\/\/wpguerssen-test.odoo.rgbconsulting.com\/es\/producto\/hop-dedik-cd\/","og_site_name":"Guerssen records","article_modified_time":"2025-04-16T15:50:50+00:00","og_image":[{"width":1500,"height":1500,"url":"https:\/\/wpguerssen-test.odoo.rgbconsulting.com\/wp-content\/uploads\/2022\/03\/27700.jpg","type":"image\/jpeg"}],"twitter_card":"summary_large_image","twitter_title":"B\u00dcY\u00dcKBUR\u00c7, Erol - Hop Dedik (CD) -  (CD) | Guerssen","twitter_misc":{"Tiempo de lectura":"1 minuto"},"schema":{"@context":"https:\/\/schema.org","@graph":[{"@type":"WebPage","@id":"https:\/\/wpguerssen-test.odoo.rgbconsulting.com\/es\/producto\/hop-dedik-cd\/","url":"https:\/\/wpguerssen-test.odoo.rgbconsulting.com\/es\/producto\/hop-dedik-cd\/","name":"B\u00dcY\u00dcKBUR\u00c7, Erol - Hop Dedik (CD) - (CD) | Guerssen","isPartOf":{"@id":"https:\/\/wpguerssen-test.odoo.rgbconsulting.com\/es\/#website"},"primaryImageOfPage":{"@id":"https:\/\/wpguerssen-test.odoo.rgbconsulting.com\/es\/producto\/hop-dedik-cd\/#primaryimage"},"image":{"@id":"https:\/\/wpguerssen-test.odoo.rgbconsulting.com\/es\/producto\/hop-dedik-cd\/#primaryimage"},"thumbnailUrl":"https:\/\/wpguerssen-test.odoo.rgbconsulting.com\/wp-content\/uploads\/2022\/03\/27700.jpg","datePublished":"2017-02-08T23:00:00+00:00","dateModified":"2025-04-16T15:50:50+00:00","description":"Years before Baris and even before the fame of Erkin Koray, Erol's flamboyant outfits and spontaneous behaviour brought a youthful, pop-oriented world to Turkish audiences. Here's his first proper album from 1976. #nl# While not exactly psychedelic, Erol's album shows how far the mix of Anatolian melodies and Western production could reach and you can find here some great examples of Turkish pop spiced with psych, disco and funk. #nl# Includes booklet with photos and liner notes by Angela Sawyer. #nl# Tracklist: #nl# Oldu Olacak - Dandini - Bile Bile Lades - Sen mi O mu - \u00d6yle mi B\u00f6yle mi - G\u00fcz Sarkisi - Saka Maka Derken - Hop Dedik - Hep Sen Varsin - Civciv \u00c7ikacak Kus \u00c7ikacak - Dedim Dedi - Sevgiye Tutsak","breadcrumb":{"@id":"https:\/\/wpguerssen-test.odoo.rgbconsulting.com\/es\/producto\/hop-dedik-cd\/#breadcrumb"},"inLanguage":"es","potentialAction":[{"@type":"ReadAction","target":["https:\/\/wpguerssen-test.odoo.rgbconsulting.com\/es\/producto\/hop-dedik-cd\/"]}]},{"@type":"ImageObject","inLanguage":"es","@id":"https:\/\/wpguerssen-test.odoo.rgbconsulting.com\/es\/producto\/hop-dedik-cd\/#primaryimage","url":"https:\/\/wpguerssen-test.odoo.rgbconsulting.com\/wp-content\/uploads\/2022\/03\/27700.jpg","contentUrl":"https:\/\/wpguerssen-test.odoo.rgbconsulting.com\/wp-content\/uploads\/2022\/03\/27700.jpg","width":1500,"height":1500,"caption":"Erol - Hop Dedik (CD) - PHARAWAY SOUNDS (CD) | Guerssen"},{"@type":"BreadcrumbList","@id":"https:\/\/wpguerssen-test.odoo.rgbconsulting.com\/es\/producto\/hop-dedik-cd\/#breadcrumb","itemListElement":[{"@type":"ListItem","position":1,"name":"Inicio","item":"https:\/\/wpguerssen-test.odoo.rgbconsulting.com\/es\/"},{"@type":"ListItem","position":2,"name":"Shop","item":"https:\/\/wpguerssen-test.odoo.rgbconsulting.com\/shop\/"},{"@type":"ListItem","position":3,"name":"Hop Dedik (CD)"}]},{"@type":"WebSite","@id":"https:\/\/wpguerssen-test.odoo.rgbconsulting.com\/es\/#website","url":"https:\/\/wpguerssen-test.odoo.rgbconsulting.com\/es\/","name":"Guerssen records","description":"psychedelia - progressive - folk - garage ","publisher":{"@id":"https:\/\/wpguerssen-test.odoo.rgbconsulting.com\/es\/#organization"},"potentialAction":[{"@type":"SearchAction","target":{"@type":"EntryPoint","urlTemplate":"https:\/\/wpguerssen-test.odoo.rgbconsulting.com\/es\/?s={search_term_string}"},"query-input":{"@type":"PropertyValueSpecification","valueRequired":true,"valueName":"search_term_string"}}],"inLanguage":"es"},{"@type":"Organization","@id":"https:\/\/wpguerssen-test.odoo.rgbconsulting.com\/es\/#organization","name":"Guerssen records","url":"https:\/\/wpguerssen-test.odoo.rgbconsulting.com\/es\/","logo":{"@type":"ImageObject","inLanguage":"es","@id":"https:\/\/wpguerssen-test.odoo.rgbconsulting.com\/es\/#\/schema\/logo\/image\/","url":"https:\/\/wpguerssen-test.odoo.rgbconsulting.com\/wp-content\/uploads\/2022\/04\/Logo_Guerssen_trans_100.png","contentUrl":"https:\/\/wpguerssen-test.odoo.rgbconsulting.com\/wp-content\/uploads\/2022\/04\/Logo_Guerssen_trans_100.png","width":122,"height":100,"caption":"Guerssen records"},"image":{"@id":"https:\/\/wpguerssen-test.odoo.rgbconsulting.com\/es\/#\/schema\/logo\/image\/"}}]}},"_links":{"self":[{"href":"https:\/\/wpguerssen-test.odoo.rgbconsulting.com\/es\/wp-json\/wp\/v2\/product\/186794","targetHints":{"allow":["GET"]}}],"collection":[{"href":"https:\/\/wpguerssen-test.odoo.rgbconsulting.com\/es\/wp-json\/wp\/v2\/product"}],"about":[{"href":"https:\/\/wpguerssen-test.odoo.rgbconsulting.com\/es\/wp-json\/wp\/v2\/types\/product"}],"wp:featuredmedia":[{"embeddable":true,"href":"https:\/\/wpguerssen-test.odoo.rgbconsulting.com\/es\/wp-json\/wp\/v2\/media\/120298"}],"wp:attachment":[{"href":"https:\/\/wpguerssen-test.odoo.rgbconsulting.com\/es\/wp-json\/wp\/v2\/media?parent=186794"}],"wp:term":[{"taxonomy":"product_brand","embeddable":true,"href":"https:\/\/wpguerssen-test.odoo.rgbconsulting.com\/es\/wp-json\/wp\/v2\/product_brand?post=186794"},{"taxonomy":"product_cat","embeddable":true,"href":"https:\/\/wpguerssen-test.odoo.rgbconsulting.com\/es\/wp-json\/wp\/v2\/product_cat?post=186794"},{"taxonomy":"product_tag","embeddable":true,"href":"https:\/\/wpguerssen-test.odoo.rgbconsulting.com\/es\/wp-json\/wp\/v2\/product_tag?post=186794"}],"curies":[{"name":"wp","href":"https:\/\/api.w.org\/{rel}","templated":true}]}}