{"id":186815,"date":"2017-01-09T00:00:00","date_gmt":"2017-01-08T23:00:00","guid":{"rendered":"http:\/\/guerssen.hl1097.dinaserver.com\/product\/issue-2-2-december-2016\/"},"modified":"2025-01-28T16:52:26","modified_gmt":"2025-01-28T15:52:26","slug":"issue-2-2-december-2016","status":"publish","type":"product","link":"https:\/\/wpguerssen-test.odoo.rgbconsulting.com\/es\/producto\/issue-2-2-december-2016\/","title":{"rendered":"Issue #2-2. December 2016"},"content":{"rendered":"<p>Segundo volumen del especial folk-rock psicod\u00e9lico de la versi\u00f3n impresa del famoso blog It&#8217;s Psychedelic Baby. Esta vez dedicado a la escena UK 60s-70s con art\u00edculos y entrevistas a Fresh Maggots, Comus, Mellow Candle, Dr Strangely Strange, Spirogyra, C.O.B., Incredible String Band, Fairport Convention, Pererin, Courtyard Music Group, Magic Carpet, Sunforest, Oberon&#8230;Imprescindible!<\/p>\n","protected":false},"excerpt":{"rendered":"<p>Segundo volumen del especial folk-rock psicod\u00e9lico de la versi\u00f3n impresa del famoso blog It&#8217;s Psychedelic Baby. Esta vez dedicado a la escena UK 60s-70s con<a class=\"read\" href=\"https:\/\/wpguerssen-test.odoo.rgbconsulting.com\/es\/producto\/issue-2-2-december-2016\/\"> (...)<\/a>","protected":false},"featured_media":120340,"template":"","meta":{"_acf_changed":false},"product_brand":[],"product_cat":[23263],"product_tag":[],"class_list":{"0":"post-186815","1":"product","2":"type-product","3":"status-publish","4":"has-post-thumbnail","6":"product_cat-books-es","7":"pa_artist-its-psychedelic-baby-magazine-es-2","8":"pa_format-libros-es","9":"pa_gender-books","10":"pa_label-55-es-2","11":"pa_location-europe-es","13":"first","14":"instock","15":"taxable","16":"shipping-taxable","17":"purchasable","18":"product-type-simple"},"acf":[],"yoast_head":"<!-- This site is optimized with the Yoast SEO plugin v24.9 - https:\/\/yoast.com\/wordpress\/plugins\/seo\/ -->\n<title>IT&#039;S PSYCHEDELIC BABY MAGAZINE - Issue #2-2. December 2016 -  (LIBROS) | Guerssen<\/title>\n<meta name=\"description\" content=\"New issue of printed version projected from the well-known, leading psych on-line site &quot;It&#039;s psychedelic, baby!&quot; #nl# After previous issue covering exclusively the US psychedelic folk scene, this new one covers the British Folk one, 60&#039;s&amp;70s, with exclusive interviews to members of acts such as Fresh Maggots, Comus, Mellow Candle, Dr Strangely Strange, Spirogyra, C.O.B., Incredible String Band, Fairport Convention, Pererin, Courtyard Music Group, Magic Carpet, Sunforest, Oberon, etc. etc. etc.! #nl# Also a few pages included with record reviews.\" \/>\n<meta name=\"robots\" content=\"index, follow, max-snippet:-1, max-image-preview:large, max-video-preview:-1\" \/>\n<link rel=\"canonical\" href=\"https:\/\/wpguerssen-test.odoo.rgbconsulting.com\/es\/producto\/issue-2-2-december-2016\/\" \/>\n<meta property=\"og:locale\" content=\"es_ES\" \/>\n<meta property=\"og:type\" content=\"article\" \/>\n<meta property=\"og:title\" content=\"IT&#039;S PSYCHEDELIC BABY MAGAZINE - Issue #2-2. December 2016 -  (LIBROS) | Guerssen\" \/>\n<meta property=\"og:description\" content=\"New issue of printed version projected from the well-known, leading psych on-line site &quot;It&#039;s psychedelic, baby!&quot; #nl# After previous issue covering exclusively the US psychedelic folk scene, this new one covers the British Folk one, 60&#039;s&amp;70s, with exclusive interviews to members of acts such as Fresh Maggots, Comus, Mellow Candle, Dr Strangely Strange, Spirogyra, C.O.B., Incredible String Band, Fairport Convention, Pererin, Courtyard Music Group, Magic Carpet, Sunforest, Oberon, etc. etc. etc.! #nl# Also a few pages included with record reviews.\" \/>\n<meta property=\"og:url\" content=\"https:\/\/wpguerssen-test.odoo.rgbconsulting.com\/es\/producto\/issue-2-2-december-2016\/\" \/>\n<meta property=\"og:site_name\" content=\"Guerssen records\" \/>\n<meta property=\"article:modified_time\" content=\"2025-01-28T15:52:26+00:00\" \/>\n<meta property=\"og:image\" content=\"https:\/\/wpguerssen-test.odoo.rgbconsulting.com\/wp-content\/uploads\/2022\/03\/27864-scaled.jpg\" \/>\n\t<meta property=\"og:image:width\" content=\"1690\" \/>\n\t<meta property=\"og:image:height\" content=\"2560\" \/>\n\t<meta property=\"og:image:type\" content=\"image\/jpeg\" \/>\n<meta name=\"twitter:card\" content=\"summary_large_image\" \/>\n<meta name=\"twitter:title\" content=\"IT&#039;S PSYCHEDELIC BABY MAGAZINE - Issue #2-2. December 2016 -  (LIBROS) | Guerssen\" \/>\n<script type=\"application\/ld+json\" class=\"yoast-schema-graph\">{\"@context\":\"https:\/\/schema.org\",\"@graph\":[{\"@type\":\"WebPage\",\"@id\":\"https:\/\/wpguerssen-test.odoo.rgbconsulting.com\/es\/producto\/issue-2-2-december-2016\/\",\"url\":\"https:\/\/wpguerssen-test.odoo.rgbconsulting.com\/es\/producto\/issue-2-2-december-2016\/\",\"name\":\"IT'S PSYCHEDELIC BABY MAGAZINE - Issue #2-2. December 2016 - (LIBROS) | Guerssen\",\"isPartOf\":{\"@id\":\"https:\/\/wpguerssen-test.odoo.rgbconsulting.com\/es\/#website\"},\"primaryImageOfPage\":{\"@id\":\"https:\/\/wpguerssen-test.odoo.rgbconsulting.com\/es\/producto\/issue-2-2-december-2016\/#primaryimage\"},\"image\":{\"@id\":\"https:\/\/wpguerssen-test.odoo.rgbconsulting.com\/es\/producto\/issue-2-2-december-2016\/#primaryimage\"},\"thumbnailUrl\":\"https:\/\/wpguerssen-test.odoo.rgbconsulting.com\/wp-content\/uploads\/2022\/03\/27864-scaled.jpg\",\"datePublished\":\"2017-01-08T23:00:00+00:00\",\"dateModified\":\"2025-01-28T15:52:26+00:00\",\"description\":\"New issue of printed version projected from the well-known, leading psych on-line site \\\"It's psychedelic, baby!\\\" #nl# After previous issue covering exclusively the US psychedelic folk scene, this new one covers the British Folk one, 60's&70s, with exclusive interviews to members of acts such as Fresh Maggots, Comus, Mellow Candle, Dr Strangely Strange, Spirogyra, C.O.B., Incredible String Band, Fairport Convention, Pererin, Courtyard Music Group, Magic Carpet, Sunforest, Oberon, etc. etc. etc.! #nl# Also a few pages included with record reviews.\",\"breadcrumb\":{\"@id\":\"https:\/\/wpguerssen-test.odoo.rgbconsulting.com\/es\/producto\/issue-2-2-december-2016\/#breadcrumb\"},\"inLanguage\":\"es\",\"potentialAction\":[{\"@type\":\"ReadAction\",\"target\":[\"https:\/\/wpguerssen-test.odoo.rgbconsulting.com\/es\/producto\/issue-2-2-december-2016\/\"]}]},{\"@type\":\"ImageObject\",\"inLanguage\":\"es\",\"@id\":\"https:\/\/wpguerssen-test.odoo.rgbconsulting.com\/es\/producto\/issue-2-2-december-2016\/#primaryimage\",\"url\":\"https:\/\/wpguerssen-test.odoo.rgbconsulting.com\/wp-content\/uploads\/2022\/03\/27864-scaled.jpg\",\"contentUrl\":\"https:\/\/wpguerssen-test.odoo.rgbconsulting.com\/wp-content\/uploads\/2022\/03\/27864-scaled.jpg\",\"width\":1690,\"height\":2560,\"caption\":\"IT'S PSYCHEDELIC BABY MAGAZINE - Issue #2-2. December 2016 - GUERSSEN (LIBROS) | Guerssen\"},{\"@type\":\"BreadcrumbList\",\"@id\":\"https:\/\/wpguerssen-test.odoo.rgbconsulting.com\/es\/producto\/issue-2-2-december-2016\/#breadcrumb\",\"itemListElement\":[{\"@type\":\"ListItem\",\"position\":1,\"name\":\"Inicio\",\"item\":\"https:\/\/wpguerssen-test.odoo.rgbconsulting.com\/es\/\"},{\"@type\":\"ListItem\",\"position\":2,\"name\":\"Shop\",\"item\":\"https:\/\/wpguerssen-test.odoo.rgbconsulting.com\/shop\/\"},{\"@type\":\"ListItem\",\"position\":3,\"name\":\"Issue #2-2. December 2016\"}]},{\"@type\":\"WebSite\",\"@id\":\"https:\/\/wpguerssen-test.odoo.rgbconsulting.com\/es\/#website\",\"url\":\"https:\/\/wpguerssen-test.odoo.rgbconsulting.com\/es\/\",\"name\":\"Guerssen records\",\"description\":\"psychedelia - progressive - folk - garage \",\"publisher\":{\"@id\":\"https:\/\/wpguerssen-test.odoo.rgbconsulting.com\/es\/#organization\"},\"potentialAction\":[{\"@type\":\"SearchAction\",\"target\":{\"@type\":\"EntryPoint\",\"urlTemplate\":\"https:\/\/wpguerssen-test.odoo.rgbconsulting.com\/es\/?s={search_term_string}\"},\"query-input\":{\"@type\":\"PropertyValueSpecification\",\"valueRequired\":true,\"valueName\":\"search_term_string\"}}],\"inLanguage\":\"es\"},{\"@type\":\"Organization\",\"@id\":\"https:\/\/wpguerssen-test.odoo.rgbconsulting.com\/es\/#organization\",\"name\":\"Guerssen records\",\"url\":\"https:\/\/wpguerssen-test.odoo.rgbconsulting.com\/es\/\",\"logo\":{\"@type\":\"ImageObject\",\"inLanguage\":\"es\",\"@id\":\"https:\/\/wpguerssen-test.odoo.rgbconsulting.com\/es\/#\/schema\/logo\/image\/\",\"url\":\"https:\/\/wpguerssen-test.odoo.rgbconsulting.com\/wp-content\/uploads\/2022\/04\/Logo_Guerssen_trans_100.png\",\"contentUrl\":\"https:\/\/wpguerssen-test.odoo.rgbconsulting.com\/wp-content\/uploads\/2022\/04\/Logo_Guerssen_trans_100.png\",\"width\":122,\"height\":100,\"caption\":\"Guerssen records\"},\"image\":{\"@id\":\"https:\/\/wpguerssen-test.odoo.rgbconsulting.com\/es\/#\/schema\/logo\/image\/\"}}]}<\/script>\n<!-- \/ Yoast SEO plugin. -->","yoast_head_json":{"title":"IT'S PSYCHEDELIC BABY MAGAZINE - Issue #2-2. December 2016 -  (LIBROS) | Guerssen","description":"New issue of printed version projected from the well-known, leading psych on-line site \"It's psychedelic, baby!\" #nl# After previous issue covering exclusively the US psychedelic folk scene, this new one covers the British Folk one, 60's&70s, with exclusive interviews to members of acts such as Fresh Maggots, Comus, Mellow Candle, Dr Strangely Strange, Spirogyra, C.O.B., Incredible String Band, Fairport Convention, Pererin, Courtyard Music Group, Magic Carpet, Sunforest, Oberon, etc. etc. etc.! #nl# Also a few pages included with record reviews.","robots":{"index":"index","follow":"follow","max-snippet":"max-snippet:-1","max-image-preview":"max-image-preview:large","max-video-preview":"max-video-preview:-1"},"canonical":"https:\/\/wpguerssen-test.odoo.rgbconsulting.com\/es\/producto\/issue-2-2-december-2016\/","og_locale":"es_ES","og_type":"article","og_title":"IT'S PSYCHEDELIC BABY MAGAZINE - Issue #2-2. December 2016 -  (LIBROS) | Guerssen","og_description":"New issue of printed version projected from the well-known, leading psych on-line site \"It's psychedelic, baby!\" #nl# After previous issue covering exclusively the US psychedelic folk scene, this new one covers the British Folk one, 60's&70s, with exclusive interviews to members of acts such as Fresh Maggots, Comus, Mellow Candle, Dr Strangely Strange, Spirogyra, C.O.B., Incredible String Band, Fairport Convention, Pererin, Courtyard Music Group, Magic Carpet, Sunforest, Oberon, etc. etc. etc.! #nl# Also a few pages included with record reviews.","og_url":"https:\/\/wpguerssen-test.odoo.rgbconsulting.com\/es\/producto\/issue-2-2-december-2016\/","og_site_name":"Guerssen records","article_modified_time":"2025-01-28T15:52:26+00:00","og_image":[{"width":1690,"height":2560,"url":"https:\/\/wpguerssen-test.odoo.rgbconsulting.com\/wp-content\/uploads\/2022\/03\/27864-scaled.jpg","type":"image\/jpeg"}],"twitter_card":"summary_large_image","twitter_title":"IT'S PSYCHEDELIC BABY MAGAZINE - Issue #2-2. December 2016 -  (LIBROS) | Guerssen","schema":{"@context":"https:\/\/schema.org","@graph":[{"@type":"WebPage","@id":"https:\/\/wpguerssen-test.odoo.rgbconsulting.com\/es\/producto\/issue-2-2-december-2016\/","url":"https:\/\/wpguerssen-test.odoo.rgbconsulting.com\/es\/producto\/issue-2-2-december-2016\/","name":"IT'S PSYCHEDELIC BABY MAGAZINE - Issue #2-2. December 2016 - (LIBROS) | Guerssen","isPartOf":{"@id":"https:\/\/wpguerssen-test.odoo.rgbconsulting.com\/es\/#website"},"primaryImageOfPage":{"@id":"https:\/\/wpguerssen-test.odoo.rgbconsulting.com\/es\/producto\/issue-2-2-december-2016\/#primaryimage"},"image":{"@id":"https:\/\/wpguerssen-test.odoo.rgbconsulting.com\/es\/producto\/issue-2-2-december-2016\/#primaryimage"},"thumbnailUrl":"https:\/\/wpguerssen-test.odoo.rgbconsulting.com\/wp-content\/uploads\/2022\/03\/27864-scaled.jpg","datePublished":"2017-01-08T23:00:00+00:00","dateModified":"2025-01-28T15:52:26+00:00","description":"New issue of printed version projected from the well-known, leading psych on-line site \"It's psychedelic, baby!\" #nl# After previous issue covering exclusively the US psychedelic folk scene, this new one covers the British Folk one, 60's&70s, with exclusive interviews to members of acts such as Fresh Maggots, Comus, Mellow Candle, Dr Strangely Strange, Spirogyra, C.O.B., Incredible String Band, Fairport Convention, Pererin, Courtyard Music Group, Magic Carpet, Sunforest, Oberon, etc. etc. etc.! #nl# Also a few pages included with record reviews.","breadcrumb":{"@id":"https:\/\/wpguerssen-test.odoo.rgbconsulting.com\/es\/producto\/issue-2-2-december-2016\/#breadcrumb"},"inLanguage":"es","potentialAction":[{"@type":"ReadAction","target":["https:\/\/wpguerssen-test.odoo.rgbconsulting.com\/es\/producto\/issue-2-2-december-2016\/"]}]},{"@type":"ImageObject","inLanguage":"es","@id":"https:\/\/wpguerssen-test.odoo.rgbconsulting.com\/es\/producto\/issue-2-2-december-2016\/#primaryimage","url":"https:\/\/wpguerssen-test.odoo.rgbconsulting.com\/wp-content\/uploads\/2022\/03\/27864-scaled.jpg","contentUrl":"https:\/\/wpguerssen-test.odoo.rgbconsulting.com\/wp-content\/uploads\/2022\/03\/27864-scaled.jpg","width":1690,"height":2560,"caption":"IT'S PSYCHEDELIC BABY MAGAZINE - Issue #2-2. December 2016 - GUERSSEN (LIBROS) | Guerssen"},{"@type":"BreadcrumbList","@id":"https:\/\/wpguerssen-test.odoo.rgbconsulting.com\/es\/producto\/issue-2-2-december-2016\/#breadcrumb","itemListElement":[{"@type":"ListItem","position":1,"name":"Inicio","item":"https:\/\/wpguerssen-test.odoo.rgbconsulting.com\/es\/"},{"@type":"ListItem","position":2,"name":"Shop","item":"https:\/\/wpguerssen-test.odoo.rgbconsulting.com\/shop\/"},{"@type":"ListItem","position":3,"name":"Issue #2-2. December 2016"}]},{"@type":"WebSite","@id":"https:\/\/wpguerssen-test.odoo.rgbconsulting.com\/es\/#website","url":"https:\/\/wpguerssen-test.odoo.rgbconsulting.com\/es\/","name":"Guerssen records","description":"psychedelia - progressive - folk - garage ","publisher":{"@id":"https:\/\/wpguerssen-test.odoo.rgbconsulting.com\/es\/#organization"},"potentialAction":[{"@type":"SearchAction","target":{"@type":"EntryPoint","urlTemplate":"https:\/\/wpguerssen-test.odoo.rgbconsulting.com\/es\/?s={search_term_string}"},"query-input":{"@type":"PropertyValueSpecification","valueRequired":true,"valueName":"search_term_string"}}],"inLanguage":"es"},{"@type":"Organization","@id":"https:\/\/wpguerssen-test.odoo.rgbconsulting.com\/es\/#organization","name":"Guerssen records","url":"https:\/\/wpguerssen-test.odoo.rgbconsulting.com\/es\/","logo":{"@type":"ImageObject","inLanguage":"es","@id":"https:\/\/wpguerssen-test.odoo.rgbconsulting.com\/es\/#\/schema\/logo\/image\/","url":"https:\/\/wpguerssen-test.odoo.rgbconsulting.com\/wp-content\/uploads\/2022\/04\/Logo_Guerssen_trans_100.png","contentUrl":"https:\/\/wpguerssen-test.odoo.rgbconsulting.com\/wp-content\/uploads\/2022\/04\/Logo_Guerssen_trans_100.png","width":122,"height":100,"caption":"Guerssen records"},"image":{"@id":"https:\/\/wpguerssen-test.odoo.rgbconsulting.com\/es\/#\/schema\/logo\/image\/"}}]}},"_links":{"self":[{"href":"https:\/\/wpguerssen-test.odoo.rgbconsulting.com\/es\/wp-json\/wp\/v2\/product\/186815","targetHints":{"allow":["GET"]}}],"collection":[{"href":"https:\/\/wpguerssen-test.odoo.rgbconsulting.com\/es\/wp-json\/wp\/v2\/product"}],"about":[{"href":"https:\/\/wpguerssen-test.odoo.rgbconsulting.com\/es\/wp-json\/wp\/v2\/types\/product"}],"wp:featuredmedia":[{"embeddable":true,"href":"https:\/\/wpguerssen-test.odoo.rgbconsulting.com\/es\/wp-json\/wp\/v2\/media\/120340"}],"wp:attachment":[{"href":"https:\/\/wpguerssen-test.odoo.rgbconsulting.com\/es\/wp-json\/wp\/v2\/media?parent=186815"}],"wp:term":[{"taxonomy":"product_brand","embeddable":true,"href":"https:\/\/wpguerssen-test.odoo.rgbconsulting.com\/es\/wp-json\/wp\/v2\/product_brand?post=186815"},{"taxonomy":"product_cat","embeddable":true,"href":"https:\/\/wpguerssen-test.odoo.rgbconsulting.com\/es\/wp-json\/wp\/v2\/product_cat?post=186815"},{"taxonomy":"product_tag","embeddable":true,"href":"https:\/\/wpguerssen-test.odoo.rgbconsulting.com\/es\/wp-json\/wp\/v2\/product_tag?post=186815"}],"curies":[{"name":"wp","href":"https:\/\/api.w.org\/{rel}","templated":true}]}}