{"id":186970,"date":"2017-07-03T00:00:00","date_gmt":"2017-07-02T22:00:00","guid":{"rendered":"http:\/\/guerssen.hl1097.dinaserver.com\/product\/all-bumm-cd\/"},"modified":"2025-04-04T12:24:10","modified_gmt":"2025-04-04T10:24:10","slug":"all-bumm-cd","status":"publish","type":"product","link":"https:\/\/wpguerssen-test.odoo.rgbconsulting.com\/es\/producto\/all-bumm-cd\/","title":{"rendered":"All Bumm (CD)"},"content":{"rendered":"","protected":false},"excerpt":{"rendered":"","protected":false},"featured_media":253846,"template":"","meta":{"_acf_changed":false},"product_brand":[],"product_cat":[23215,23230],"product_tag":[],"class_list":{"0":"post-186970","1":"product","2":"type-product","3":"status-publish","4":"has-post-thumbnail","6":"product_cat-progressive60s-70s-es","7":"product_cat-krautrock-es-2","8":"pa_artist-18-karat-gold","9":"pa_format-cd-2-es","10":"pa_gender-krautrock-progressive60s-70s","11":"pa_label-long-hair-es","12":"pa_location-europe-es","14":"first","15":"instock","16":"taxable","17":"shipping-taxable","18":"purchasable","19":"product-type-simple"},"acf":[],"yoast_head":"<!-- This site is optimized with the Yoast SEO plugin v24.9 - https:\/\/yoast.com\/wordpress\/plugins\/seo\/ -->\n<title>18 KARAT GOLD - All Bumm (CD) -  (CD) | Guerssen<\/title>\n<meta name=\"description\" content=\"Long Hair is proudly to present for the first time as official reissues the legendary album &quot;All Bumm&quot; by German supergroup 18 Karat Gold. Studio musician Keith Forsey on drums (Hallelujah\/Amon D\u00fc\u00fcl II), Bass genius Lothar Meid (Amon D\u00fc\u00fcl II), J\u00f6rg Evers (guitar) from Embryo and American - German guitar talent Klaus Ebert on lead guitar born out of the prolific Munich music scene. Famous German music magazine Sounds praised the album as a landmark, a pioneering feat, and came to the euphoric conclusion that German popmusic has only just begun! The idea behind 18 Karat Gold seems to have been to present a Krautrock influenced musical direction of english icons like David Bowie as Ziggy Stardust, Roxy Music and perhaps T. Rex and Slade, who partly played a very mainstream, but at the same time sophisticated pop sound, also surnamed Glam - Rock. Listen to it and you will know that it sounds great! Stunning instrumentals, catchy pop songs and gaudy rock numbers, the ocassional cosmic murmur \u00e1 la Amon D\u00fc\u00fcl II satisfy all musical requests. Don&#039;t miss this legendary album! &quot; Limited edition &quot; Gold cover &quot;\" \/>\n<meta name=\"robots\" content=\"index, follow, max-snippet:-1, max-image-preview:large, max-video-preview:-1\" \/>\n<link rel=\"canonical\" href=\"https:\/\/wpguerssen-test.odoo.rgbconsulting.com\/es\/producto\/all-bumm-cd\/\" \/>\n<meta property=\"og:locale\" content=\"es_ES\" \/>\n<meta property=\"og:type\" content=\"article\" \/>\n<meta property=\"og:title\" content=\"18 KARAT GOLD - All Bumm (CD) -  (CD) | Guerssen\" \/>\n<meta property=\"og:description\" content=\"Long Hair is proudly to present for the first time as official reissues the legendary album &quot;All Bumm&quot; by German supergroup 18 Karat Gold. Studio musician Keith Forsey on drums (Hallelujah\/Amon D\u00fc\u00fcl II), Bass genius Lothar Meid (Amon D\u00fc\u00fcl II), J\u00f6rg Evers (guitar) from Embryo and American - German guitar talent Klaus Ebert on lead guitar born out of the prolific Munich music scene. Famous German music magazine Sounds praised the album as a landmark, a pioneering feat, and came to the euphoric conclusion that German popmusic has only just begun! The idea behind 18 Karat Gold seems to have been to present a Krautrock influenced musical direction of english icons like David Bowie as Ziggy Stardust, Roxy Music and perhaps T. Rex and Slade, who partly played a very mainstream, but at the same time sophisticated pop sound, also surnamed Glam - Rock. Listen to it and you will know that it sounds great! Stunning instrumentals, catchy pop songs and gaudy rock numbers, the ocassional cosmic murmur \u00e1 la Amon D\u00fc\u00fcl II satisfy all musical requests. Don&#039;t miss this legendary album! &quot; Limited edition &quot; Gold cover &quot;\" \/>\n<meta property=\"og:url\" content=\"https:\/\/wpguerssen-test.odoo.rgbconsulting.com\/es\/producto\/all-bumm-cd\/\" \/>\n<meta property=\"og:site_name\" content=\"Guerssen records\" \/>\n<meta property=\"article:modified_time\" content=\"2025-04-04T10:24:10+00:00\" \/>\n<meta property=\"og:image\" content=\"https:\/\/wpguerssen-test.odoo.rgbconsulting.com\/wp-content\/uploads\/2024\/02\/28232.jpg\" \/>\n\t<meta property=\"og:image:width\" content=\"550\" \/>\n\t<meta property=\"og:image:height\" content=\"496\" \/>\n\t<meta property=\"og:image:type\" content=\"image\/jpeg\" \/>\n<meta name=\"twitter:card\" content=\"summary_large_image\" \/>\n<meta name=\"twitter:title\" content=\"18 KARAT GOLD - All Bumm (CD) -  (CD) | Guerssen\" \/>\n<script type=\"application\/ld+json\" class=\"yoast-schema-graph\">{\"@context\":\"https:\/\/schema.org\",\"@graph\":[{\"@type\":\"WebPage\",\"@id\":\"https:\/\/wpguerssen-test.odoo.rgbconsulting.com\/es\/producto\/all-bumm-cd\/\",\"url\":\"https:\/\/wpguerssen-test.odoo.rgbconsulting.com\/es\/producto\/all-bumm-cd\/\",\"name\":\"18 KARAT GOLD - All Bumm (CD) - (CD) | Guerssen\",\"isPartOf\":{\"@id\":\"https:\/\/wpguerssen-test.odoo.rgbconsulting.com\/es\/#website\"},\"primaryImageOfPage\":{\"@id\":\"https:\/\/wpguerssen-test.odoo.rgbconsulting.com\/es\/producto\/all-bumm-cd\/#primaryimage\"},\"image\":{\"@id\":\"https:\/\/wpguerssen-test.odoo.rgbconsulting.com\/es\/producto\/all-bumm-cd\/#primaryimage\"},\"thumbnailUrl\":\"https:\/\/wpguerssen-test.odoo.rgbconsulting.com\/wp-content\/uploads\/2024\/02\/28232.jpg\",\"datePublished\":\"2017-07-02T22:00:00+00:00\",\"dateModified\":\"2025-04-04T10:24:10+00:00\",\"description\":\"Long Hair is proudly to present for the first time as official reissues the legendary album \\\"All Bumm\\\" by German supergroup 18 Karat Gold. Studio musician Keith Forsey on drums (Hallelujah\/Amon D\u00fc\u00fcl II), Bass genius Lothar Meid (Amon D\u00fc\u00fcl II), J\u00f6rg Evers (guitar) from Embryo and American - German guitar talent Klaus Ebert on lead guitar born out of the prolific Munich music scene. Famous German music magazine Sounds praised the album as a landmark, a pioneering feat, and came to the euphoric conclusion that German popmusic has only just begun! The idea behind 18 Karat Gold seems to have been to present a Krautrock influenced musical direction of english icons like David Bowie as Ziggy Stardust, Roxy Music and perhaps T. Rex and Slade, who partly played a very mainstream, but at the same time sophisticated pop sound, also surnamed Glam - Rock. Listen to it and you will know that it sounds great! Stunning instrumentals, catchy pop songs and gaudy rock numbers, the ocassional cosmic murmur \u00e1 la Amon D\u00fc\u00fcl II satisfy all musical requests. Don't miss this legendary album! \\\" Limited edition \\\" Gold cover \\\"\",\"breadcrumb\":{\"@id\":\"https:\/\/wpguerssen-test.odoo.rgbconsulting.com\/es\/producto\/all-bumm-cd\/#breadcrumb\"},\"inLanguage\":\"es\",\"potentialAction\":[{\"@type\":\"ReadAction\",\"target\":[\"https:\/\/wpguerssen-test.odoo.rgbconsulting.com\/es\/producto\/all-bumm-cd\/\"]}]},{\"@type\":\"ImageObject\",\"inLanguage\":\"es\",\"@id\":\"https:\/\/wpguerssen-test.odoo.rgbconsulting.com\/es\/producto\/all-bumm-cd\/#primaryimage\",\"url\":\"https:\/\/wpguerssen-test.odoo.rgbconsulting.com\/wp-content\/uploads\/2024\/02\/28232.jpg\",\"contentUrl\":\"https:\/\/wpguerssen-test.odoo.rgbconsulting.com\/wp-content\/uploads\/2024\/02\/28232.jpg\",\"width\":550,\"height\":496},{\"@type\":\"BreadcrumbList\",\"@id\":\"https:\/\/wpguerssen-test.odoo.rgbconsulting.com\/es\/producto\/all-bumm-cd\/#breadcrumb\",\"itemListElement\":[{\"@type\":\"ListItem\",\"position\":1,\"name\":\"Inicio\",\"item\":\"https:\/\/wpguerssen-test.odoo.rgbconsulting.com\/es\/\"},{\"@type\":\"ListItem\",\"position\":2,\"name\":\"Shop\",\"item\":\"https:\/\/wpguerssen-test.odoo.rgbconsulting.com\/shop\/\"},{\"@type\":\"ListItem\",\"position\":3,\"name\":\"All Bumm (CD)\"}]},{\"@type\":\"WebSite\",\"@id\":\"https:\/\/wpguerssen-test.odoo.rgbconsulting.com\/es\/#website\",\"url\":\"https:\/\/wpguerssen-test.odoo.rgbconsulting.com\/es\/\",\"name\":\"Guerssen records\",\"description\":\"psychedelia - progressive - folk - garage \",\"publisher\":{\"@id\":\"https:\/\/wpguerssen-test.odoo.rgbconsulting.com\/es\/#organization\"},\"potentialAction\":[{\"@type\":\"SearchAction\",\"target\":{\"@type\":\"EntryPoint\",\"urlTemplate\":\"https:\/\/wpguerssen-test.odoo.rgbconsulting.com\/es\/?s={search_term_string}\"},\"query-input\":{\"@type\":\"PropertyValueSpecification\",\"valueRequired\":true,\"valueName\":\"search_term_string\"}}],\"inLanguage\":\"es\"},{\"@type\":\"Organization\",\"@id\":\"https:\/\/wpguerssen-test.odoo.rgbconsulting.com\/es\/#organization\",\"name\":\"Guerssen records\",\"url\":\"https:\/\/wpguerssen-test.odoo.rgbconsulting.com\/es\/\",\"logo\":{\"@type\":\"ImageObject\",\"inLanguage\":\"es\",\"@id\":\"https:\/\/wpguerssen-test.odoo.rgbconsulting.com\/es\/#\/schema\/logo\/image\/\",\"url\":\"https:\/\/wpguerssen-test.odoo.rgbconsulting.com\/wp-content\/uploads\/2022\/04\/Logo_Guerssen_trans_100.png\",\"contentUrl\":\"https:\/\/wpguerssen-test.odoo.rgbconsulting.com\/wp-content\/uploads\/2022\/04\/Logo_Guerssen_trans_100.png\",\"width\":122,\"height\":100,\"caption\":\"Guerssen records\"},\"image\":{\"@id\":\"https:\/\/wpguerssen-test.odoo.rgbconsulting.com\/es\/#\/schema\/logo\/image\/\"}}]}<\/script>\n<!-- \/ Yoast SEO plugin. -->","yoast_head_json":{"title":"18 KARAT GOLD - All Bumm (CD) -  (CD) | Guerssen","description":"Long Hair is proudly to present for the first time as official reissues the legendary album \"All Bumm\" by German supergroup 18 Karat Gold. Studio musician Keith Forsey on drums (Hallelujah\/Amon D\u00fc\u00fcl II), Bass genius Lothar Meid (Amon D\u00fc\u00fcl II), J\u00f6rg Evers (guitar) from Embryo and American - German guitar talent Klaus Ebert on lead guitar born out of the prolific Munich music scene. Famous German music magazine Sounds praised the album as a landmark, a pioneering feat, and came to the euphoric conclusion that German popmusic has only just begun! The idea behind 18 Karat Gold seems to have been to present a Krautrock influenced musical direction of english icons like David Bowie as Ziggy Stardust, Roxy Music and perhaps T. Rex and Slade, who partly played a very mainstream, but at the same time sophisticated pop sound, also surnamed Glam - Rock. Listen to it and you will know that it sounds great! Stunning instrumentals, catchy pop songs and gaudy rock numbers, the ocassional cosmic murmur \u00e1 la Amon D\u00fc\u00fcl II satisfy all musical requests. Don't miss this legendary album! \" Limited edition \" Gold cover \"","robots":{"index":"index","follow":"follow","max-snippet":"max-snippet:-1","max-image-preview":"max-image-preview:large","max-video-preview":"max-video-preview:-1"},"canonical":"https:\/\/wpguerssen-test.odoo.rgbconsulting.com\/es\/producto\/all-bumm-cd\/","og_locale":"es_ES","og_type":"article","og_title":"18 KARAT GOLD - All Bumm (CD) -  (CD) | Guerssen","og_description":"Long Hair is proudly to present for the first time as official reissues the legendary album \"All Bumm\" by German supergroup 18 Karat Gold. Studio musician Keith Forsey on drums (Hallelujah\/Amon D\u00fc\u00fcl II), Bass genius Lothar Meid (Amon D\u00fc\u00fcl II), J\u00f6rg Evers (guitar) from Embryo and American - German guitar talent Klaus Ebert on lead guitar born out of the prolific Munich music scene. Famous German music magazine Sounds praised the album as a landmark, a pioneering feat, and came to the euphoric conclusion that German popmusic has only just begun! The idea behind 18 Karat Gold seems to have been to present a Krautrock influenced musical direction of english icons like David Bowie as Ziggy Stardust, Roxy Music and perhaps T. Rex and Slade, who partly played a very mainstream, but at the same time sophisticated pop sound, also surnamed Glam - Rock. Listen to it and you will know that it sounds great! Stunning instrumentals, catchy pop songs and gaudy rock numbers, the ocassional cosmic murmur \u00e1 la Amon D\u00fc\u00fcl II satisfy all musical requests. Don't miss this legendary album! \" Limited edition \" Gold cover \"","og_url":"https:\/\/wpguerssen-test.odoo.rgbconsulting.com\/es\/producto\/all-bumm-cd\/","og_site_name":"Guerssen records","article_modified_time":"2025-04-04T10:24:10+00:00","og_image":[{"width":550,"height":496,"url":"https:\/\/wpguerssen-test.odoo.rgbconsulting.com\/wp-content\/uploads\/2024\/02\/28232.jpg","type":"image\/jpeg"}],"twitter_card":"summary_large_image","twitter_title":"18 KARAT GOLD - All Bumm (CD) -  (CD) | Guerssen","schema":{"@context":"https:\/\/schema.org","@graph":[{"@type":"WebPage","@id":"https:\/\/wpguerssen-test.odoo.rgbconsulting.com\/es\/producto\/all-bumm-cd\/","url":"https:\/\/wpguerssen-test.odoo.rgbconsulting.com\/es\/producto\/all-bumm-cd\/","name":"18 KARAT GOLD - All Bumm (CD) - (CD) | Guerssen","isPartOf":{"@id":"https:\/\/wpguerssen-test.odoo.rgbconsulting.com\/es\/#website"},"primaryImageOfPage":{"@id":"https:\/\/wpguerssen-test.odoo.rgbconsulting.com\/es\/producto\/all-bumm-cd\/#primaryimage"},"image":{"@id":"https:\/\/wpguerssen-test.odoo.rgbconsulting.com\/es\/producto\/all-bumm-cd\/#primaryimage"},"thumbnailUrl":"https:\/\/wpguerssen-test.odoo.rgbconsulting.com\/wp-content\/uploads\/2024\/02\/28232.jpg","datePublished":"2017-07-02T22:00:00+00:00","dateModified":"2025-04-04T10:24:10+00:00","description":"Long Hair is proudly to present for the first time as official reissues the legendary album \"All Bumm\" by German supergroup 18 Karat Gold. Studio musician Keith Forsey on drums (Hallelujah\/Amon D\u00fc\u00fcl II), Bass genius Lothar Meid (Amon D\u00fc\u00fcl II), J\u00f6rg Evers (guitar) from Embryo and American - German guitar talent Klaus Ebert on lead guitar born out of the prolific Munich music scene. Famous German music magazine Sounds praised the album as a landmark, a pioneering feat, and came to the euphoric conclusion that German popmusic has only just begun! The idea behind 18 Karat Gold seems to have been to present a Krautrock influenced musical direction of english icons like David Bowie as Ziggy Stardust, Roxy Music and perhaps T. Rex and Slade, who partly played a very mainstream, but at the same time sophisticated pop sound, also surnamed Glam - Rock. Listen to it and you will know that it sounds great! Stunning instrumentals, catchy pop songs and gaudy rock numbers, the ocassional cosmic murmur \u00e1 la Amon D\u00fc\u00fcl II satisfy all musical requests. Don't miss this legendary album! \" Limited edition \" Gold cover \"","breadcrumb":{"@id":"https:\/\/wpguerssen-test.odoo.rgbconsulting.com\/es\/producto\/all-bumm-cd\/#breadcrumb"},"inLanguage":"es","potentialAction":[{"@type":"ReadAction","target":["https:\/\/wpguerssen-test.odoo.rgbconsulting.com\/es\/producto\/all-bumm-cd\/"]}]},{"@type":"ImageObject","inLanguage":"es","@id":"https:\/\/wpguerssen-test.odoo.rgbconsulting.com\/es\/producto\/all-bumm-cd\/#primaryimage","url":"https:\/\/wpguerssen-test.odoo.rgbconsulting.com\/wp-content\/uploads\/2024\/02\/28232.jpg","contentUrl":"https:\/\/wpguerssen-test.odoo.rgbconsulting.com\/wp-content\/uploads\/2024\/02\/28232.jpg","width":550,"height":496},{"@type":"BreadcrumbList","@id":"https:\/\/wpguerssen-test.odoo.rgbconsulting.com\/es\/producto\/all-bumm-cd\/#breadcrumb","itemListElement":[{"@type":"ListItem","position":1,"name":"Inicio","item":"https:\/\/wpguerssen-test.odoo.rgbconsulting.com\/es\/"},{"@type":"ListItem","position":2,"name":"Shop","item":"https:\/\/wpguerssen-test.odoo.rgbconsulting.com\/shop\/"},{"@type":"ListItem","position":3,"name":"All Bumm (CD)"}]},{"@type":"WebSite","@id":"https:\/\/wpguerssen-test.odoo.rgbconsulting.com\/es\/#website","url":"https:\/\/wpguerssen-test.odoo.rgbconsulting.com\/es\/","name":"Guerssen records","description":"psychedelia - progressive - folk - garage ","publisher":{"@id":"https:\/\/wpguerssen-test.odoo.rgbconsulting.com\/es\/#organization"},"potentialAction":[{"@type":"SearchAction","target":{"@type":"EntryPoint","urlTemplate":"https:\/\/wpguerssen-test.odoo.rgbconsulting.com\/es\/?s={search_term_string}"},"query-input":{"@type":"PropertyValueSpecification","valueRequired":true,"valueName":"search_term_string"}}],"inLanguage":"es"},{"@type":"Organization","@id":"https:\/\/wpguerssen-test.odoo.rgbconsulting.com\/es\/#organization","name":"Guerssen records","url":"https:\/\/wpguerssen-test.odoo.rgbconsulting.com\/es\/","logo":{"@type":"ImageObject","inLanguage":"es","@id":"https:\/\/wpguerssen-test.odoo.rgbconsulting.com\/es\/#\/schema\/logo\/image\/","url":"https:\/\/wpguerssen-test.odoo.rgbconsulting.com\/wp-content\/uploads\/2022\/04\/Logo_Guerssen_trans_100.png","contentUrl":"https:\/\/wpguerssen-test.odoo.rgbconsulting.com\/wp-content\/uploads\/2022\/04\/Logo_Guerssen_trans_100.png","width":122,"height":100,"caption":"Guerssen records"},"image":{"@id":"https:\/\/wpguerssen-test.odoo.rgbconsulting.com\/es\/#\/schema\/logo\/image\/"}}]}},"_links":{"self":[{"href":"https:\/\/wpguerssen-test.odoo.rgbconsulting.com\/es\/wp-json\/wp\/v2\/product\/186970","targetHints":{"allow":["GET"]}}],"collection":[{"href":"https:\/\/wpguerssen-test.odoo.rgbconsulting.com\/es\/wp-json\/wp\/v2\/product"}],"about":[{"href":"https:\/\/wpguerssen-test.odoo.rgbconsulting.com\/es\/wp-json\/wp\/v2\/types\/product"}],"wp:featuredmedia":[{"embeddable":true,"href":"https:\/\/wpguerssen-test.odoo.rgbconsulting.com\/es\/wp-json\/wp\/v2\/media\/253846"}],"wp:attachment":[{"href":"https:\/\/wpguerssen-test.odoo.rgbconsulting.com\/es\/wp-json\/wp\/v2\/media?parent=186970"}],"wp:term":[{"taxonomy":"product_brand","embeddable":true,"href":"https:\/\/wpguerssen-test.odoo.rgbconsulting.com\/es\/wp-json\/wp\/v2\/product_brand?post=186970"},{"taxonomy":"product_cat","embeddable":true,"href":"https:\/\/wpguerssen-test.odoo.rgbconsulting.com\/es\/wp-json\/wp\/v2\/product_cat?post=186970"},{"taxonomy":"product_tag","embeddable":true,"href":"https:\/\/wpguerssen-test.odoo.rgbconsulting.com\/es\/wp-json\/wp\/v2\/product_tag?post=186970"}],"curies":[{"name":"wp","href":"https:\/\/api.w.org\/{rel}","templated":true}]}}