{"id":186972,"date":"2017-08-29T00:00:00","date_gmt":"2017-08-28T22:00:00","guid":{"rendered":"http:\/\/guerssen.hl1097.dinaserver.com\/product\/new-hondo-cd\/"},"modified":"2024-02-19T12:23:49","modified_gmt":"2024-02-19T11:23:49","slug":"new-hondo-cd","status":"publish","type":"product","link":"https:\/\/wpguerssen-test.odoo.rgbconsulting.com\/es\/producto\/new-hondo-cd\/","title":{"rendered":"New Hondo (CD)"},"content":{"rendered":"<p>Por primera vez reeditado este buscado disco de 1980, originalmente editado en el sello Belter. Una alucinante mezcla de cosmic disco, funk y boogie con palos flamencos por el cantaor El Turronero, con el legendario Josep Llobell (Oliver&#8217;s Planet, Enterprise&#8230;) a los controles. Incluye \u00abLas Penas\u00bb y m\u00e1s&#8230;Sonido remasterizado, booklet con notas por Txarly Brown (Achilifunk) <\/p>\n<p> \u00abUn cantaor flamenco de casta como El Turronero perdido en Studio 54 un d\u00eda de resaca\u00bb &#8211; Txarly Brown <\/p>\n<p> Tracklisting: A1: Las Penas (La Ca\u00f1a) &#8211; A2: Si Yo Volviera A Nacer (Aires De Huelva) &#8211; A3: Tiene Bigotes (Tanguillos) &#8211; A4: Yo Soy Nube Pasajera (Bamberas) &#8211; A5: Navegan Mis Pensamientos (Alegr\u00edas) &#8211; B1: A Nadie Se Le Ha \u00abOcurr\u00edo\u00bb &#8211; B2: Eres Lava De Un Volc\u00e1n (Javeras) &#8211; B3: Sufrimientos (Tangos) &#8211; B4: Y La Raz\u00f3n (Seguiriyas) &#8211; B5: Mis Venas (Malague\u00f1a)<\/p>\n","protected":false},"excerpt":{"rendered":"<p>Por primera vez reeditado este buscado disco de 1980, originalmente editado en el sello Belter. Una alucinante mezcla de cosmic disco, funk y boogie con palos flamencos<a class=\"read\" href=\"https:\/\/wpguerssen-test.odoo.rgbconsulting.com\/es\/producto\/new-hondo-cd\/\"> (...)<\/a>","protected":false},"featured_media":120607,"template":"","meta":{"_acf_changed":false},"product_brand":[],"product_cat":[23219,23269],"product_tag":[29138],"class_list":{"0":"post-186972","1":"product","2":"type-product","3":"status-publish","4":"has-post-thumbnail","6":"product_cat-funk-es","7":"product_cat-flamenco-world-music-es","8":"product_tag-cd-es","9":"pa_artist-turronero-el","10":"pa_format-cd-2-es","11":"pa_gender-flamenco-world-music-funk","12":"pa_label-pharaway-sounds-es","13":"pa_location-spain-es","15":"first","16":"instock","17":"taxable","18":"shipping-taxable","19":"purchasable","20":"product-type-simple"},"acf":[],"yoast_head":"<!-- This site is optimized with the Yoast SEO plugin v24.9 - https:\/\/yoast.com\/wordpress\/plugins\/seo\/ -->\n<title>TURRONERO, El - New Hondo (CD) -  (CD) | Guerssen<\/title>\n<meta name=\"description\" content=\"An otherworldly mix of Cosmic Disco, Funk, Boogie and traditional Flamenco styles by Spanish &quot;cantaor&quot; El Turronero!! Featuring the legendary Josep Llobell (Oliver&#039;s Planet, Enterprise...) at the controls. #nl# &quot;New Hondo&quot; was originally released in 1980 on the Spanish Belter label and in a similar way to Camar\u00f3n&#039;s &quot;La leyenda del tiempo&quot;, it was an adventurous project where the producers tried to modernize traditional flamenco music. Featuring an amazing studio production (analogue keyboards, synths, disco drums &amp; orchestrations, electric sitar...), it includes the cosmic disco classic &quot;Las Penas&quot;, the psychedelic funk of &quot;Si yo volviera a nacer&quot; and more. #nl# Remastered sound from the master tapes, insert with photos and liner notes by Txarly Brown (Achilifunk) #nl# &quot;A flamenco singer with pedigree like El Turronero lost in Studio 54 on a hangover day&quot; - Txarly Brown #nl# Tracklisting: A1: Las Penas (La Ca\u00f1a) - A2: Si Yo Volviera A Nacer (Aires De Huelva) - A3: Tiene Bigotes (Tanguillos) - A4: Yo Soy Nube Pasajera (Bamberas) - A5: Navegan Mis Pensamientos (Alegr\u00edas) - B1: A Nadie Se Le Ha &quot;Ocurr\u00edo&quot; - B2: Eres Lava De Un Volc\u00e1n (Javeras) - B3: Sufrimientos (Tangos) - B4: Y La Raz\u00f3n (Seguiriyas) - B5: Mis Venas (Malague\u00f1a)\" \/>\n<meta name=\"robots\" content=\"index, follow, max-snippet:-1, max-image-preview:large, max-video-preview:-1\" \/>\n<link rel=\"canonical\" href=\"https:\/\/wpguerssen-test.odoo.rgbconsulting.com\/es\/producto\/new-hondo-cd\/\" \/>\n<meta property=\"og:locale\" content=\"es_ES\" \/>\n<meta property=\"og:type\" content=\"article\" \/>\n<meta property=\"og:title\" content=\"TURRONERO, El - New Hondo (CD) -  (CD) | Guerssen\" \/>\n<meta property=\"og:description\" content=\"An otherworldly mix of Cosmic Disco, Funk, Boogie and traditional Flamenco styles by Spanish &quot;cantaor&quot; El Turronero!! Featuring the legendary Josep Llobell (Oliver&#039;s Planet, Enterprise...) at the controls. #nl# &quot;New Hondo&quot; was originally released in 1980 on the Spanish Belter label and in a similar way to Camar\u00f3n&#039;s &quot;La leyenda del tiempo&quot;, it was an adventurous project where the producers tried to modernize traditional flamenco music. Featuring an amazing studio production (analogue keyboards, synths, disco drums &amp; orchestrations, electric sitar...), it includes the cosmic disco classic &quot;Las Penas&quot;, the psychedelic funk of &quot;Si yo volviera a nacer&quot; and more. #nl# Remastered sound from the master tapes, insert with photos and liner notes by Txarly Brown (Achilifunk) #nl# &quot;A flamenco singer with pedigree like El Turronero lost in Studio 54 on a hangover day&quot; - Txarly Brown #nl# Tracklisting: A1: Las Penas (La Ca\u00f1a) - A2: Si Yo Volviera A Nacer (Aires De Huelva) - A3: Tiene Bigotes (Tanguillos) - A4: Yo Soy Nube Pasajera (Bamberas) - A5: Navegan Mis Pensamientos (Alegr\u00edas) - B1: A Nadie Se Le Ha &quot;Ocurr\u00edo&quot; - B2: Eres Lava De Un Volc\u00e1n (Javeras) - B3: Sufrimientos (Tangos) - B4: Y La Raz\u00f3n (Seguiriyas) - B5: Mis Venas (Malague\u00f1a)\" \/>\n<meta property=\"og:url\" content=\"https:\/\/wpguerssen-test.odoo.rgbconsulting.com\/es\/producto\/new-hondo-cd\/\" \/>\n<meta property=\"og:site_name\" content=\"Guerssen records\" \/>\n<meta property=\"article:modified_time\" content=\"2024-02-19T11:23:49+00:00\" \/>\n<meta property=\"og:image\" content=\"https:\/\/wpguerssen-test.odoo.rgbconsulting.com\/wp-content\/uploads\/2022\/03\/28235.jpg\" \/>\n\t<meta property=\"og:image:width\" content=\"1430\" \/>\n\t<meta property=\"og:image:height\" content=\"1430\" \/>\n\t<meta property=\"og:image:type\" content=\"image\/jpeg\" \/>\n<meta name=\"twitter:card\" content=\"summary_large_image\" \/>\n<meta name=\"twitter:title\" content=\"TURRONERO, El - New Hondo (CD) -  (CD) | Guerssen\" \/>\n<meta name=\"twitter:label1\" content=\"Tiempo de lectura\" \/>\n\t<meta name=\"twitter:data1\" content=\"1 minuto\" \/>\n<script type=\"application\/ld+json\" class=\"yoast-schema-graph\">{\"@context\":\"https:\/\/schema.org\",\"@graph\":[{\"@type\":\"WebPage\",\"@id\":\"https:\/\/wpguerssen-test.odoo.rgbconsulting.com\/es\/producto\/new-hondo-cd\/\",\"url\":\"https:\/\/wpguerssen-test.odoo.rgbconsulting.com\/es\/producto\/new-hondo-cd\/\",\"name\":\"TURRONERO, El - New Hondo (CD) - (CD) | Guerssen\",\"isPartOf\":{\"@id\":\"https:\/\/wpguerssen-test.odoo.rgbconsulting.com\/es\/#website\"},\"primaryImageOfPage\":{\"@id\":\"https:\/\/wpguerssen-test.odoo.rgbconsulting.com\/es\/producto\/new-hondo-cd\/#primaryimage\"},\"image\":{\"@id\":\"https:\/\/wpguerssen-test.odoo.rgbconsulting.com\/es\/producto\/new-hondo-cd\/#primaryimage\"},\"thumbnailUrl\":\"https:\/\/wpguerssen-test.odoo.rgbconsulting.com\/wp-content\/uploads\/2022\/03\/28235.jpg\",\"datePublished\":\"2017-08-28T22:00:00+00:00\",\"dateModified\":\"2024-02-19T11:23:49+00:00\",\"description\":\"An otherworldly mix of Cosmic Disco, Funk, Boogie and traditional Flamenco styles by Spanish \\\"cantaor\\\" El Turronero!! Featuring the legendary Josep Llobell (Oliver's Planet, Enterprise...) at the controls. #nl# \\\"New Hondo\\\" was originally released in 1980 on the Spanish Belter label and in a similar way to Camar\u00f3n's \\\"La leyenda del tiempo\\\", it was an adventurous project where the producers tried to modernize traditional flamenco music. Featuring an amazing studio production (analogue keyboards, synths, disco drums & orchestrations, electric sitar...), it includes the cosmic disco classic \\\"Las Penas\\\", the psychedelic funk of \\\"Si yo volviera a nacer\\\" and more. #nl# Remastered sound from the master tapes, insert with photos and liner notes by Txarly Brown (Achilifunk) #nl# \\\"A flamenco singer with pedigree like El Turronero lost in Studio 54 on a hangover day\\\" - Txarly Brown #nl# Tracklisting: A1: Las Penas (La Ca\u00f1a) - A2: Si Yo Volviera A Nacer (Aires De Huelva) - A3: Tiene Bigotes (Tanguillos) - A4: Yo Soy Nube Pasajera (Bamberas) - A5: Navegan Mis Pensamientos (Alegr\u00edas) - B1: A Nadie Se Le Ha \\\"Ocurr\u00edo\\\" - B2: Eres Lava De Un Volc\u00e1n (Javeras) - B3: Sufrimientos (Tangos) - B4: Y La Raz\u00f3n (Seguiriyas) - B5: Mis Venas (Malague\u00f1a)\",\"breadcrumb\":{\"@id\":\"https:\/\/wpguerssen-test.odoo.rgbconsulting.com\/es\/producto\/new-hondo-cd\/#breadcrumb\"},\"inLanguage\":\"es\",\"potentialAction\":[{\"@type\":\"ReadAction\",\"target\":[\"https:\/\/wpguerssen-test.odoo.rgbconsulting.com\/es\/producto\/new-hondo-cd\/\"]}]},{\"@type\":\"ImageObject\",\"inLanguage\":\"es\",\"@id\":\"https:\/\/wpguerssen-test.odoo.rgbconsulting.com\/es\/producto\/new-hondo-cd\/#primaryimage\",\"url\":\"https:\/\/wpguerssen-test.odoo.rgbconsulting.com\/wp-content\/uploads\/2022\/03\/28235.jpg\",\"contentUrl\":\"https:\/\/wpguerssen-test.odoo.rgbconsulting.com\/wp-content\/uploads\/2022\/03\/28235.jpg\",\"width\":1430,\"height\":1430,\"caption\":\"El - New Hondo (CD) - PHARAWAY SOUNDS (CD) | Guerssen\"},{\"@type\":\"BreadcrumbList\",\"@id\":\"https:\/\/wpguerssen-test.odoo.rgbconsulting.com\/es\/producto\/new-hondo-cd\/#breadcrumb\",\"itemListElement\":[{\"@type\":\"ListItem\",\"position\":1,\"name\":\"Inicio\",\"item\":\"https:\/\/wpguerssen-test.odoo.rgbconsulting.com\/es\/\"},{\"@type\":\"ListItem\",\"position\":2,\"name\":\"Shop\",\"item\":\"https:\/\/wpguerssen-test.odoo.rgbconsulting.com\/shop\/\"},{\"@type\":\"ListItem\",\"position\":3,\"name\":\"New Hondo (CD)\"}]},{\"@type\":\"WebSite\",\"@id\":\"https:\/\/wpguerssen-test.odoo.rgbconsulting.com\/es\/#website\",\"url\":\"https:\/\/wpguerssen-test.odoo.rgbconsulting.com\/es\/\",\"name\":\"Guerssen records\",\"description\":\"psychedelia - progressive - folk - garage \",\"publisher\":{\"@id\":\"https:\/\/wpguerssen-test.odoo.rgbconsulting.com\/es\/#organization\"},\"potentialAction\":[{\"@type\":\"SearchAction\",\"target\":{\"@type\":\"EntryPoint\",\"urlTemplate\":\"https:\/\/wpguerssen-test.odoo.rgbconsulting.com\/es\/?s={search_term_string}\"},\"query-input\":{\"@type\":\"PropertyValueSpecification\",\"valueRequired\":true,\"valueName\":\"search_term_string\"}}],\"inLanguage\":\"es\"},{\"@type\":\"Organization\",\"@id\":\"https:\/\/wpguerssen-test.odoo.rgbconsulting.com\/es\/#organization\",\"name\":\"Guerssen records\",\"url\":\"https:\/\/wpguerssen-test.odoo.rgbconsulting.com\/es\/\",\"logo\":{\"@type\":\"ImageObject\",\"inLanguage\":\"es\",\"@id\":\"https:\/\/wpguerssen-test.odoo.rgbconsulting.com\/es\/#\/schema\/logo\/image\/\",\"url\":\"https:\/\/wpguerssen-test.odoo.rgbconsulting.com\/wp-content\/uploads\/2022\/04\/Logo_Guerssen_trans_100.png\",\"contentUrl\":\"https:\/\/wpguerssen-test.odoo.rgbconsulting.com\/wp-content\/uploads\/2022\/04\/Logo_Guerssen_trans_100.png\",\"width\":122,\"height\":100,\"caption\":\"Guerssen records\"},\"image\":{\"@id\":\"https:\/\/wpguerssen-test.odoo.rgbconsulting.com\/es\/#\/schema\/logo\/image\/\"}}]}<\/script>\n<!-- \/ Yoast SEO plugin. -->","yoast_head_json":{"title":"TURRONERO, El - New Hondo (CD) -  (CD) | Guerssen","description":"An otherworldly mix of Cosmic Disco, Funk, Boogie and traditional Flamenco styles by Spanish \"cantaor\" El Turronero!! Featuring the legendary Josep Llobell (Oliver's Planet, Enterprise...) at the controls. #nl# \"New Hondo\" was originally released in 1980 on the Spanish Belter label and in a similar way to Camar\u00f3n's \"La leyenda del tiempo\", it was an adventurous project where the producers tried to modernize traditional flamenco music. Featuring an amazing studio production (analogue keyboards, synths, disco drums & orchestrations, electric sitar...), it includes the cosmic disco classic \"Las Penas\", the psychedelic funk of \"Si yo volviera a nacer\" and more. #nl# Remastered sound from the master tapes, insert with photos and liner notes by Txarly Brown (Achilifunk) #nl# \"A flamenco singer with pedigree like El Turronero lost in Studio 54 on a hangover day\" - Txarly Brown #nl# Tracklisting: A1: Las Penas (La Ca\u00f1a) - A2: Si Yo Volviera A Nacer (Aires De Huelva) - A3: Tiene Bigotes (Tanguillos) - A4: Yo Soy Nube Pasajera (Bamberas) - A5: Navegan Mis Pensamientos (Alegr\u00edas) - B1: A Nadie Se Le Ha \"Ocurr\u00edo\" - B2: Eres Lava De Un Volc\u00e1n (Javeras) - B3: Sufrimientos (Tangos) - B4: Y La Raz\u00f3n (Seguiriyas) - B5: Mis Venas (Malague\u00f1a)","robots":{"index":"index","follow":"follow","max-snippet":"max-snippet:-1","max-image-preview":"max-image-preview:large","max-video-preview":"max-video-preview:-1"},"canonical":"https:\/\/wpguerssen-test.odoo.rgbconsulting.com\/es\/producto\/new-hondo-cd\/","og_locale":"es_ES","og_type":"article","og_title":"TURRONERO, El - New Hondo (CD) -  (CD) | Guerssen","og_description":"An otherworldly mix of Cosmic Disco, Funk, Boogie and traditional Flamenco styles by Spanish \"cantaor\" El Turronero!! Featuring the legendary Josep Llobell (Oliver's Planet, Enterprise...) at the controls. #nl# \"New Hondo\" was originally released in 1980 on the Spanish Belter label and in a similar way to Camar\u00f3n's \"La leyenda del tiempo\", it was an adventurous project where the producers tried to modernize traditional flamenco music. Featuring an amazing studio production (analogue keyboards, synths, disco drums & orchestrations, electric sitar...), it includes the cosmic disco classic \"Las Penas\", the psychedelic funk of \"Si yo volviera a nacer\" and more. #nl# Remastered sound from the master tapes, insert with photos and liner notes by Txarly Brown (Achilifunk) #nl# \"A flamenco singer with pedigree like El Turronero lost in Studio 54 on a hangover day\" - Txarly Brown #nl# Tracklisting: A1: Las Penas (La Ca\u00f1a) - A2: Si Yo Volviera A Nacer (Aires De Huelva) - A3: Tiene Bigotes (Tanguillos) - A4: Yo Soy Nube Pasajera (Bamberas) - A5: Navegan Mis Pensamientos (Alegr\u00edas) - B1: A Nadie Se Le Ha \"Ocurr\u00edo\" - B2: Eres Lava De Un Volc\u00e1n (Javeras) - B3: Sufrimientos (Tangos) - B4: Y La Raz\u00f3n (Seguiriyas) - B5: Mis Venas (Malague\u00f1a)","og_url":"https:\/\/wpguerssen-test.odoo.rgbconsulting.com\/es\/producto\/new-hondo-cd\/","og_site_name":"Guerssen records","article_modified_time":"2024-02-19T11:23:49+00:00","og_image":[{"width":1430,"height":1430,"url":"https:\/\/wpguerssen-test.odoo.rgbconsulting.com\/wp-content\/uploads\/2022\/03\/28235.jpg","type":"image\/jpeg"}],"twitter_card":"summary_large_image","twitter_title":"TURRONERO, El - New Hondo (CD) -  (CD) | Guerssen","twitter_misc":{"Tiempo de lectura":"1 minuto"},"schema":{"@context":"https:\/\/schema.org","@graph":[{"@type":"WebPage","@id":"https:\/\/wpguerssen-test.odoo.rgbconsulting.com\/es\/producto\/new-hondo-cd\/","url":"https:\/\/wpguerssen-test.odoo.rgbconsulting.com\/es\/producto\/new-hondo-cd\/","name":"TURRONERO, El - New Hondo (CD) - (CD) | Guerssen","isPartOf":{"@id":"https:\/\/wpguerssen-test.odoo.rgbconsulting.com\/es\/#website"},"primaryImageOfPage":{"@id":"https:\/\/wpguerssen-test.odoo.rgbconsulting.com\/es\/producto\/new-hondo-cd\/#primaryimage"},"image":{"@id":"https:\/\/wpguerssen-test.odoo.rgbconsulting.com\/es\/producto\/new-hondo-cd\/#primaryimage"},"thumbnailUrl":"https:\/\/wpguerssen-test.odoo.rgbconsulting.com\/wp-content\/uploads\/2022\/03\/28235.jpg","datePublished":"2017-08-28T22:00:00+00:00","dateModified":"2024-02-19T11:23:49+00:00","description":"An otherworldly mix of Cosmic Disco, Funk, Boogie and traditional Flamenco styles by Spanish \"cantaor\" El Turronero!! Featuring the legendary Josep Llobell (Oliver's Planet, Enterprise...) at the controls. #nl# \"New Hondo\" was originally released in 1980 on the Spanish Belter label and in a similar way to Camar\u00f3n's \"La leyenda del tiempo\", it was an adventurous project where the producers tried to modernize traditional flamenco music. Featuring an amazing studio production (analogue keyboards, synths, disco drums & orchestrations, electric sitar...), it includes the cosmic disco classic \"Las Penas\", the psychedelic funk of \"Si yo volviera a nacer\" and more. #nl# Remastered sound from the master tapes, insert with photos and liner notes by Txarly Brown (Achilifunk) #nl# \"A flamenco singer with pedigree like El Turronero lost in Studio 54 on a hangover day\" - Txarly Brown #nl# Tracklisting: A1: Las Penas (La Ca\u00f1a) - A2: Si Yo Volviera A Nacer (Aires De Huelva) - A3: Tiene Bigotes (Tanguillos) - A4: Yo Soy Nube Pasajera (Bamberas) - A5: Navegan Mis Pensamientos (Alegr\u00edas) - B1: A Nadie Se Le Ha \"Ocurr\u00edo\" - B2: Eres Lava De Un Volc\u00e1n (Javeras) - B3: Sufrimientos (Tangos) - B4: Y La Raz\u00f3n (Seguiriyas) - B5: Mis Venas (Malague\u00f1a)","breadcrumb":{"@id":"https:\/\/wpguerssen-test.odoo.rgbconsulting.com\/es\/producto\/new-hondo-cd\/#breadcrumb"},"inLanguage":"es","potentialAction":[{"@type":"ReadAction","target":["https:\/\/wpguerssen-test.odoo.rgbconsulting.com\/es\/producto\/new-hondo-cd\/"]}]},{"@type":"ImageObject","inLanguage":"es","@id":"https:\/\/wpguerssen-test.odoo.rgbconsulting.com\/es\/producto\/new-hondo-cd\/#primaryimage","url":"https:\/\/wpguerssen-test.odoo.rgbconsulting.com\/wp-content\/uploads\/2022\/03\/28235.jpg","contentUrl":"https:\/\/wpguerssen-test.odoo.rgbconsulting.com\/wp-content\/uploads\/2022\/03\/28235.jpg","width":1430,"height":1430,"caption":"El - New Hondo (CD) - PHARAWAY SOUNDS (CD) | Guerssen"},{"@type":"BreadcrumbList","@id":"https:\/\/wpguerssen-test.odoo.rgbconsulting.com\/es\/producto\/new-hondo-cd\/#breadcrumb","itemListElement":[{"@type":"ListItem","position":1,"name":"Inicio","item":"https:\/\/wpguerssen-test.odoo.rgbconsulting.com\/es\/"},{"@type":"ListItem","position":2,"name":"Shop","item":"https:\/\/wpguerssen-test.odoo.rgbconsulting.com\/shop\/"},{"@type":"ListItem","position":3,"name":"New Hondo (CD)"}]},{"@type":"WebSite","@id":"https:\/\/wpguerssen-test.odoo.rgbconsulting.com\/es\/#website","url":"https:\/\/wpguerssen-test.odoo.rgbconsulting.com\/es\/","name":"Guerssen records","description":"psychedelia - progressive - folk - garage ","publisher":{"@id":"https:\/\/wpguerssen-test.odoo.rgbconsulting.com\/es\/#organization"},"potentialAction":[{"@type":"SearchAction","target":{"@type":"EntryPoint","urlTemplate":"https:\/\/wpguerssen-test.odoo.rgbconsulting.com\/es\/?s={search_term_string}"},"query-input":{"@type":"PropertyValueSpecification","valueRequired":true,"valueName":"search_term_string"}}],"inLanguage":"es"},{"@type":"Organization","@id":"https:\/\/wpguerssen-test.odoo.rgbconsulting.com\/es\/#organization","name":"Guerssen records","url":"https:\/\/wpguerssen-test.odoo.rgbconsulting.com\/es\/","logo":{"@type":"ImageObject","inLanguage":"es","@id":"https:\/\/wpguerssen-test.odoo.rgbconsulting.com\/es\/#\/schema\/logo\/image\/","url":"https:\/\/wpguerssen-test.odoo.rgbconsulting.com\/wp-content\/uploads\/2022\/04\/Logo_Guerssen_trans_100.png","contentUrl":"https:\/\/wpguerssen-test.odoo.rgbconsulting.com\/wp-content\/uploads\/2022\/04\/Logo_Guerssen_trans_100.png","width":122,"height":100,"caption":"Guerssen records"},"image":{"@id":"https:\/\/wpguerssen-test.odoo.rgbconsulting.com\/es\/#\/schema\/logo\/image\/"}}]}},"_links":{"self":[{"href":"https:\/\/wpguerssen-test.odoo.rgbconsulting.com\/es\/wp-json\/wp\/v2\/product\/186972","targetHints":{"allow":["GET"]}}],"collection":[{"href":"https:\/\/wpguerssen-test.odoo.rgbconsulting.com\/es\/wp-json\/wp\/v2\/product"}],"about":[{"href":"https:\/\/wpguerssen-test.odoo.rgbconsulting.com\/es\/wp-json\/wp\/v2\/types\/product"}],"wp:featuredmedia":[{"embeddable":true,"href":"https:\/\/wpguerssen-test.odoo.rgbconsulting.com\/es\/wp-json\/wp\/v2\/media\/120607"}],"wp:attachment":[{"href":"https:\/\/wpguerssen-test.odoo.rgbconsulting.com\/es\/wp-json\/wp\/v2\/media?parent=186972"}],"wp:term":[{"taxonomy":"product_brand","embeddable":true,"href":"https:\/\/wpguerssen-test.odoo.rgbconsulting.com\/es\/wp-json\/wp\/v2\/product_brand?post=186972"},{"taxonomy":"product_cat","embeddable":true,"href":"https:\/\/wpguerssen-test.odoo.rgbconsulting.com\/es\/wp-json\/wp\/v2\/product_cat?post=186972"},{"taxonomy":"product_tag","embeddable":true,"href":"https:\/\/wpguerssen-test.odoo.rgbconsulting.com\/es\/wp-json\/wp\/v2\/product_tag?post=186972"}],"curies":[{"name":"wp","href":"https:\/\/api.w.org\/{rel}","templated":true}]}}