{"id":186974,"date":"2017-08-29T00:00:00","date_gmt":"2017-08-28T22:00:00","guid":{"rendered":"http:\/\/guerssen.hl1097.dinaserver.com\/product\/baila-mi-rumba-cd\/"},"modified":"2024-09-24T16:46:52","modified_gmt":"2024-09-24T14:46:52","slug":"baila-mi-rumba-cd","status":"publish","type":"product","link":"https:\/\/wpguerssen-test.odoo.rgbconsulting.com\/es\/producto\/baila-mi-rumba-cd\/","title":{"rendered":"Baila Mi Rumba (CD)"},"content":{"rendered":"<p>Los andaluces TRIGAL fueron uno de los grupos de rumba-pop m\u00e1s especiales de los 70, con su arrollador sonido mezcla de rumba, flamenco, pop, funk, jazz y rock. 13 canciones extra\u00eddas de sus buscados LPs y singles para el legendario sello Belter, 1976-77. Aut\u00e9ntico sonido gipsy-funk plagado de duras bater\u00edas, l\u00edneas de bajo, percusi\u00f3n, guitarras el\u00e9ctricas y wah wah, vientos, toques blaxploitation&#8230; <\/p>\n<p> *Sonido remasterizado de las cintas originales <\/p>\n<p> *Booklet con fotos y notas por Txarly Brown (Achilifunk). <\/p>\n<p> Tracklisting: A1: Gol &#8211; A2: Baila La Rumba &#8211; A3: El Gitano Andr\u00e9s &#8211; A4: Toma Que Dle &#8211; A5: Recuerdos &#8211; A6: Temporal &#8211; B1: Tamara &#8211; B2: D\u00e9jame &#8211; B3: Sacromonte &#8211; B4: Marinero &#8211; B5: Por Culpita De Mi Mal Pens\u00e1 &#8211; B6: Vente Conmigo &#8211; B7: Si Te Quiero<\/p>\n","protected":false},"excerpt":{"rendered":"<p>Los andaluces TRIGAL fueron uno de los grupos de rumba-pop m\u00e1s especiales de los 70, con su arrollador sonido mezcla de rumba, flamenco, pop, funk, jazz y rock. 13<a class=\"read\" href=\"https:\/\/wpguerssen-test.odoo.rgbconsulting.com\/es\/producto\/baila-mi-rumba-cd\/\"> (...)<\/a>","protected":false},"featured_media":120613,"template":"","meta":{"_acf_changed":false},"product_brand":[],"product_cat":[23268],"product_tag":[29138],"class_list":{"0":"post-186974","1":"product","2":"type-product","3":"status-publish","4":"has-post-thumbnail","6":"product_cat-flamenco-rock-rumba-es","7":"product_tag-cd-es","8":"pa_artist-trigal","9":"pa_format-cd-2-es","10":"pa_gender-flamenco-rock-rumba","11":"pa_label-pharaway-sounds-es","12":"pa_location-spain-es","14":"first","15":"instock","16":"taxable","17":"shipping-taxable","18":"purchasable","19":"product-type-simple"},"acf":[],"yoast_head":"<!-- This site is optimized with the Yoast SEO plugin v24.9 - https:\/\/yoast.com\/wordpress\/plugins\/seo\/ -->\n<title>TRIGAL - Baila Mi Rumba (CD) -  (CD) | Guerssen<\/title>\n<meta name=\"description\" content=\"Gypsy rumba-funk &amp; flamenco pop courtesy of TRIGAL, the grooviest &amp; funkiest band from the Spanish &#039;70s rumba scene. #nl# 13 tracks taken from their sought after LPs and 45s, originally released on the legendary Belter label, 1976-77. Heavy drums, percussion, deep bass, wah wah, electric guitar, horns, funk \/ blaxpoitation touches, gypsy female vocals... #nl# *Master tape sound #nl# *Booklet with photos and liner notes by Txarly Brown (Achilifunk). #nl# Tracklisting: A1: Gol - A2: Baila La Rumba - A3: El Gitano Andr\u00e9s - A4: Toma Que Dle - A5: Recuerdos - A6: Temporal - B1: Tamara - B2: D\u00e9jame - B3: Sacromonte - B4: Marinero - B5: Por Culpita De Mi Mal Pens\u00e1 - B6: Vente Conmigo - B7: Si Te Quiero\" \/>\n<meta name=\"robots\" content=\"index, follow, max-snippet:-1, max-image-preview:large, max-video-preview:-1\" \/>\n<link rel=\"canonical\" href=\"https:\/\/wpguerssen-test.odoo.rgbconsulting.com\/es\/producto\/baila-mi-rumba-cd\/\" \/>\n<meta property=\"og:locale\" content=\"es_ES\" \/>\n<meta property=\"og:type\" content=\"article\" \/>\n<meta property=\"og:title\" content=\"TRIGAL - Baila Mi Rumba (CD) -  (CD) | Guerssen\" \/>\n<meta property=\"og:description\" content=\"Gypsy rumba-funk &amp; flamenco pop courtesy of TRIGAL, the grooviest &amp; funkiest band from the Spanish &#039;70s rumba scene. #nl# 13 tracks taken from their sought after LPs and 45s, originally released on the legendary Belter label, 1976-77. Heavy drums, percussion, deep bass, wah wah, electric guitar, horns, funk \/ blaxpoitation touches, gypsy female vocals... #nl# *Master tape sound #nl# *Booklet with photos and liner notes by Txarly Brown (Achilifunk). #nl# Tracklisting: A1: Gol - A2: Baila La Rumba - A3: El Gitano Andr\u00e9s - A4: Toma Que Dle - A5: Recuerdos - A6: Temporal - B1: Tamara - B2: D\u00e9jame - B3: Sacromonte - B4: Marinero - B5: Por Culpita De Mi Mal Pens\u00e1 - B6: Vente Conmigo - B7: Si Te Quiero\" \/>\n<meta property=\"og:url\" content=\"https:\/\/wpguerssen-test.odoo.rgbconsulting.com\/es\/producto\/baila-mi-rumba-cd\/\" \/>\n<meta property=\"og:site_name\" content=\"Guerssen records\" \/>\n<meta property=\"article:modified_time\" content=\"2024-09-24T14:46:52+00:00\" \/>\n<meta property=\"og:image\" content=\"https:\/\/wpguerssen-test.odoo.rgbconsulting.com\/wp-content\/uploads\/2022\/03\/28237.jpg\" \/>\n\t<meta property=\"og:image:width\" content=\"1430\" \/>\n\t<meta property=\"og:image:height\" content=\"1430\" \/>\n\t<meta property=\"og:image:type\" content=\"image\/jpeg\" \/>\n<meta name=\"twitter:card\" content=\"summary_large_image\" \/>\n<meta name=\"twitter:title\" content=\"TRIGAL - Baila Mi Rumba (CD) -  (CD) | Guerssen\" \/>\n<meta name=\"twitter:label1\" content=\"Tiempo de lectura\" \/>\n\t<meta name=\"twitter:data1\" content=\"1 minuto\" \/>\n<script type=\"application\/ld+json\" class=\"yoast-schema-graph\">{\"@context\":\"https:\/\/schema.org\",\"@graph\":[{\"@type\":\"WebPage\",\"@id\":\"https:\/\/wpguerssen-test.odoo.rgbconsulting.com\/es\/producto\/baila-mi-rumba-cd\/\",\"url\":\"https:\/\/wpguerssen-test.odoo.rgbconsulting.com\/es\/producto\/baila-mi-rumba-cd\/\",\"name\":\"TRIGAL - Baila Mi Rumba (CD) - (CD) | Guerssen\",\"isPartOf\":{\"@id\":\"https:\/\/wpguerssen-test.odoo.rgbconsulting.com\/es\/#website\"},\"primaryImageOfPage\":{\"@id\":\"https:\/\/wpguerssen-test.odoo.rgbconsulting.com\/es\/producto\/baila-mi-rumba-cd\/#primaryimage\"},\"image\":{\"@id\":\"https:\/\/wpguerssen-test.odoo.rgbconsulting.com\/es\/producto\/baila-mi-rumba-cd\/#primaryimage\"},\"thumbnailUrl\":\"https:\/\/wpguerssen-test.odoo.rgbconsulting.com\/wp-content\/uploads\/2022\/03\/28237.jpg\",\"datePublished\":\"2017-08-28T22:00:00+00:00\",\"dateModified\":\"2024-09-24T14:46:52+00:00\",\"description\":\"Gypsy rumba-funk & flamenco pop courtesy of TRIGAL, the grooviest & funkiest band from the Spanish '70s rumba scene. #nl# 13 tracks taken from their sought after LPs and 45s, originally released on the legendary Belter label, 1976-77. Heavy drums, percussion, deep bass, wah wah, electric guitar, horns, funk \/ blaxpoitation touches, gypsy female vocals... #nl# *Master tape sound #nl# *Booklet with photos and liner notes by Txarly Brown (Achilifunk). #nl# Tracklisting: A1: Gol - A2: Baila La Rumba - A3: El Gitano Andr\u00e9s - A4: Toma Que Dle - A5: Recuerdos - A6: Temporal - B1: Tamara - B2: D\u00e9jame - B3: Sacromonte - B4: Marinero - B5: Por Culpita De Mi Mal Pens\u00e1 - B6: Vente Conmigo - B7: Si Te Quiero\",\"breadcrumb\":{\"@id\":\"https:\/\/wpguerssen-test.odoo.rgbconsulting.com\/es\/producto\/baila-mi-rumba-cd\/#breadcrumb\"},\"inLanguage\":\"es\",\"potentialAction\":[{\"@type\":\"ReadAction\",\"target\":[\"https:\/\/wpguerssen-test.odoo.rgbconsulting.com\/es\/producto\/baila-mi-rumba-cd\/\"]}]},{\"@type\":\"ImageObject\",\"inLanguage\":\"es\",\"@id\":\"https:\/\/wpguerssen-test.odoo.rgbconsulting.com\/es\/producto\/baila-mi-rumba-cd\/#primaryimage\",\"url\":\"https:\/\/wpguerssen-test.odoo.rgbconsulting.com\/wp-content\/uploads\/2022\/03\/28237.jpg\",\"contentUrl\":\"https:\/\/wpguerssen-test.odoo.rgbconsulting.com\/wp-content\/uploads\/2022\/03\/28237.jpg\",\"width\":1430,\"height\":1430,\"caption\":\"TRIGAL - Baila Mi Rumba (CD) - PHARAWAY SOUNDS (CD) | Guerssen\"},{\"@type\":\"BreadcrumbList\",\"@id\":\"https:\/\/wpguerssen-test.odoo.rgbconsulting.com\/es\/producto\/baila-mi-rumba-cd\/#breadcrumb\",\"itemListElement\":[{\"@type\":\"ListItem\",\"position\":1,\"name\":\"Inicio\",\"item\":\"https:\/\/wpguerssen-test.odoo.rgbconsulting.com\/es\/\"},{\"@type\":\"ListItem\",\"position\":2,\"name\":\"Shop\",\"item\":\"https:\/\/wpguerssen-test.odoo.rgbconsulting.com\/shop\/\"},{\"@type\":\"ListItem\",\"position\":3,\"name\":\"Baila Mi Rumba (CD)\"}]},{\"@type\":\"WebSite\",\"@id\":\"https:\/\/wpguerssen-test.odoo.rgbconsulting.com\/es\/#website\",\"url\":\"https:\/\/wpguerssen-test.odoo.rgbconsulting.com\/es\/\",\"name\":\"Guerssen records\",\"description\":\"psychedelia - progressive - folk - garage \",\"publisher\":{\"@id\":\"https:\/\/wpguerssen-test.odoo.rgbconsulting.com\/es\/#organization\"},\"potentialAction\":[{\"@type\":\"SearchAction\",\"target\":{\"@type\":\"EntryPoint\",\"urlTemplate\":\"https:\/\/wpguerssen-test.odoo.rgbconsulting.com\/es\/?s={search_term_string}\"},\"query-input\":{\"@type\":\"PropertyValueSpecification\",\"valueRequired\":true,\"valueName\":\"search_term_string\"}}],\"inLanguage\":\"es\"},{\"@type\":\"Organization\",\"@id\":\"https:\/\/wpguerssen-test.odoo.rgbconsulting.com\/es\/#organization\",\"name\":\"Guerssen records\",\"url\":\"https:\/\/wpguerssen-test.odoo.rgbconsulting.com\/es\/\",\"logo\":{\"@type\":\"ImageObject\",\"inLanguage\":\"es\",\"@id\":\"https:\/\/wpguerssen-test.odoo.rgbconsulting.com\/es\/#\/schema\/logo\/image\/\",\"url\":\"https:\/\/wpguerssen-test.odoo.rgbconsulting.com\/wp-content\/uploads\/2022\/04\/Logo_Guerssen_trans_100.png\",\"contentUrl\":\"https:\/\/wpguerssen-test.odoo.rgbconsulting.com\/wp-content\/uploads\/2022\/04\/Logo_Guerssen_trans_100.png\",\"width\":122,\"height\":100,\"caption\":\"Guerssen records\"},\"image\":{\"@id\":\"https:\/\/wpguerssen-test.odoo.rgbconsulting.com\/es\/#\/schema\/logo\/image\/\"}}]}<\/script>\n<!-- \/ Yoast SEO plugin. -->","yoast_head_json":{"title":"TRIGAL - Baila Mi Rumba (CD) -  (CD) | Guerssen","description":"Gypsy rumba-funk & flamenco pop courtesy of TRIGAL, the grooviest & funkiest band from the Spanish '70s rumba scene. #nl# 13 tracks taken from their sought after LPs and 45s, originally released on the legendary Belter label, 1976-77. Heavy drums, percussion, deep bass, wah wah, electric guitar, horns, funk \/ blaxpoitation touches, gypsy female vocals... #nl# *Master tape sound #nl# *Booklet with photos and liner notes by Txarly Brown (Achilifunk). #nl# Tracklisting: A1: Gol - A2: Baila La Rumba - A3: El Gitano Andr\u00e9s - A4: Toma Que Dle - A5: Recuerdos - A6: Temporal - B1: Tamara - B2: D\u00e9jame - B3: Sacromonte - B4: Marinero - B5: Por Culpita De Mi Mal Pens\u00e1 - B6: Vente Conmigo - B7: Si Te Quiero","robots":{"index":"index","follow":"follow","max-snippet":"max-snippet:-1","max-image-preview":"max-image-preview:large","max-video-preview":"max-video-preview:-1"},"canonical":"https:\/\/wpguerssen-test.odoo.rgbconsulting.com\/es\/producto\/baila-mi-rumba-cd\/","og_locale":"es_ES","og_type":"article","og_title":"TRIGAL - Baila Mi Rumba (CD) -  (CD) | Guerssen","og_description":"Gypsy rumba-funk & flamenco pop courtesy of TRIGAL, the grooviest & funkiest band from the Spanish '70s rumba scene. #nl# 13 tracks taken from their sought after LPs and 45s, originally released on the legendary Belter label, 1976-77. Heavy drums, percussion, deep bass, wah wah, electric guitar, horns, funk \/ blaxpoitation touches, gypsy female vocals... #nl# *Master tape sound #nl# *Booklet with photos and liner notes by Txarly Brown (Achilifunk). #nl# Tracklisting: A1: Gol - A2: Baila La Rumba - A3: El Gitano Andr\u00e9s - A4: Toma Que Dle - A5: Recuerdos - A6: Temporal - B1: Tamara - B2: D\u00e9jame - B3: Sacromonte - B4: Marinero - B5: Por Culpita De Mi Mal Pens\u00e1 - B6: Vente Conmigo - B7: Si Te Quiero","og_url":"https:\/\/wpguerssen-test.odoo.rgbconsulting.com\/es\/producto\/baila-mi-rumba-cd\/","og_site_name":"Guerssen records","article_modified_time":"2024-09-24T14:46:52+00:00","og_image":[{"width":1430,"height":1430,"url":"https:\/\/wpguerssen-test.odoo.rgbconsulting.com\/wp-content\/uploads\/2022\/03\/28237.jpg","type":"image\/jpeg"}],"twitter_card":"summary_large_image","twitter_title":"TRIGAL - Baila Mi Rumba (CD) -  (CD) | Guerssen","twitter_misc":{"Tiempo de lectura":"1 minuto"},"schema":{"@context":"https:\/\/schema.org","@graph":[{"@type":"WebPage","@id":"https:\/\/wpguerssen-test.odoo.rgbconsulting.com\/es\/producto\/baila-mi-rumba-cd\/","url":"https:\/\/wpguerssen-test.odoo.rgbconsulting.com\/es\/producto\/baila-mi-rumba-cd\/","name":"TRIGAL - Baila Mi Rumba (CD) - (CD) | Guerssen","isPartOf":{"@id":"https:\/\/wpguerssen-test.odoo.rgbconsulting.com\/es\/#website"},"primaryImageOfPage":{"@id":"https:\/\/wpguerssen-test.odoo.rgbconsulting.com\/es\/producto\/baila-mi-rumba-cd\/#primaryimage"},"image":{"@id":"https:\/\/wpguerssen-test.odoo.rgbconsulting.com\/es\/producto\/baila-mi-rumba-cd\/#primaryimage"},"thumbnailUrl":"https:\/\/wpguerssen-test.odoo.rgbconsulting.com\/wp-content\/uploads\/2022\/03\/28237.jpg","datePublished":"2017-08-28T22:00:00+00:00","dateModified":"2024-09-24T14:46:52+00:00","description":"Gypsy rumba-funk & flamenco pop courtesy of TRIGAL, the grooviest & funkiest band from the Spanish '70s rumba scene. #nl# 13 tracks taken from their sought after LPs and 45s, originally released on the legendary Belter label, 1976-77. Heavy drums, percussion, deep bass, wah wah, electric guitar, horns, funk \/ blaxpoitation touches, gypsy female vocals... #nl# *Master tape sound #nl# *Booklet with photos and liner notes by Txarly Brown (Achilifunk). #nl# Tracklisting: A1: Gol - A2: Baila La Rumba - A3: El Gitano Andr\u00e9s - A4: Toma Que Dle - A5: Recuerdos - A6: Temporal - B1: Tamara - B2: D\u00e9jame - B3: Sacromonte - B4: Marinero - B5: Por Culpita De Mi Mal Pens\u00e1 - B6: Vente Conmigo - B7: Si Te Quiero","breadcrumb":{"@id":"https:\/\/wpguerssen-test.odoo.rgbconsulting.com\/es\/producto\/baila-mi-rumba-cd\/#breadcrumb"},"inLanguage":"es","potentialAction":[{"@type":"ReadAction","target":["https:\/\/wpguerssen-test.odoo.rgbconsulting.com\/es\/producto\/baila-mi-rumba-cd\/"]}]},{"@type":"ImageObject","inLanguage":"es","@id":"https:\/\/wpguerssen-test.odoo.rgbconsulting.com\/es\/producto\/baila-mi-rumba-cd\/#primaryimage","url":"https:\/\/wpguerssen-test.odoo.rgbconsulting.com\/wp-content\/uploads\/2022\/03\/28237.jpg","contentUrl":"https:\/\/wpguerssen-test.odoo.rgbconsulting.com\/wp-content\/uploads\/2022\/03\/28237.jpg","width":1430,"height":1430,"caption":"TRIGAL - Baila Mi Rumba (CD) - PHARAWAY SOUNDS (CD) | Guerssen"},{"@type":"BreadcrumbList","@id":"https:\/\/wpguerssen-test.odoo.rgbconsulting.com\/es\/producto\/baila-mi-rumba-cd\/#breadcrumb","itemListElement":[{"@type":"ListItem","position":1,"name":"Inicio","item":"https:\/\/wpguerssen-test.odoo.rgbconsulting.com\/es\/"},{"@type":"ListItem","position":2,"name":"Shop","item":"https:\/\/wpguerssen-test.odoo.rgbconsulting.com\/shop\/"},{"@type":"ListItem","position":3,"name":"Baila Mi Rumba (CD)"}]},{"@type":"WebSite","@id":"https:\/\/wpguerssen-test.odoo.rgbconsulting.com\/es\/#website","url":"https:\/\/wpguerssen-test.odoo.rgbconsulting.com\/es\/","name":"Guerssen records","description":"psychedelia - progressive - folk - garage ","publisher":{"@id":"https:\/\/wpguerssen-test.odoo.rgbconsulting.com\/es\/#organization"},"potentialAction":[{"@type":"SearchAction","target":{"@type":"EntryPoint","urlTemplate":"https:\/\/wpguerssen-test.odoo.rgbconsulting.com\/es\/?s={search_term_string}"},"query-input":{"@type":"PropertyValueSpecification","valueRequired":true,"valueName":"search_term_string"}}],"inLanguage":"es"},{"@type":"Organization","@id":"https:\/\/wpguerssen-test.odoo.rgbconsulting.com\/es\/#organization","name":"Guerssen records","url":"https:\/\/wpguerssen-test.odoo.rgbconsulting.com\/es\/","logo":{"@type":"ImageObject","inLanguage":"es","@id":"https:\/\/wpguerssen-test.odoo.rgbconsulting.com\/es\/#\/schema\/logo\/image\/","url":"https:\/\/wpguerssen-test.odoo.rgbconsulting.com\/wp-content\/uploads\/2022\/04\/Logo_Guerssen_trans_100.png","contentUrl":"https:\/\/wpguerssen-test.odoo.rgbconsulting.com\/wp-content\/uploads\/2022\/04\/Logo_Guerssen_trans_100.png","width":122,"height":100,"caption":"Guerssen records"},"image":{"@id":"https:\/\/wpguerssen-test.odoo.rgbconsulting.com\/es\/#\/schema\/logo\/image\/"}}]}},"_links":{"self":[{"href":"https:\/\/wpguerssen-test.odoo.rgbconsulting.com\/es\/wp-json\/wp\/v2\/product\/186974","targetHints":{"allow":["GET"]}}],"collection":[{"href":"https:\/\/wpguerssen-test.odoo.rgbconsulting.com\/es\/wp-json\/wp\/v2\/product"}],"about":[{"href":"https:\/\/wpguerssen-test.odoo.rgbconsulting.com\/es\/wp-json\/wp\/v2\/types\/product"}],"wp:featuredmedia":[{"embeddable":true,"href":"https:\/\/wpguerssen-test.odoo.rgbconsulting.com\/es\/wp-json\/wp\/v2\/media\/120613"}],"wp:attachment":[{"href":"https:\/\/wpguerssen-test.odoo.rgbconsulting.com\/es\/wp-json\/wp\/v2\/media?parent=186974"}],"wp:term":[{"taxonomy":"product_brand","embeddable":true,"href":"https:\/\/wpguerssen-test.odoo.rgbconsulting.com\/es\/wp-json\/wp\/v2\/product_brand?post=186974"},{"taxonomy":"product_cat","embeddable":true,"href":"https:\/\/wpguerssen-test.odoo.rgbconsulting.com\/es\/wp-json\/wp\/v2\/product_cat?post=186974"},{"taxonomy":"product_tag","embeddable":true,"href":"https:\/\/wpguerssen-test.odoo.rgbconsulting.com\/es\/wp-json\/wp\/v2\/product_tag?post=186974"}],"curies":[{"name":"wp","href":"https:\/\/api.w.org\/{rel}","templated":true}]}}