{"id":187010,"date":"2017-03-30T00:00:00","date_gmt":"2017-03-29T22:00:00","guid":{"rendered":"http:\/\/guerssen.hl1097.dinaserver.com\/product\/canabrava\/"},"modified":"2024-11-14T16:08:37","modified_gmt":"2024-11-14T15:08:37","slug":"canabrava","status":"publish","type":"product","link":"https:\/\/wpguerssen-test.odoo.rgbconsulting.com\/es\/producto\/canabrava\/","title":{"rendered":"Ca\u00f1abrava"},"content":{"rendered":"<p>Combo Los Yogas fue una banda de salsa colombiana de corta vida formada en Medell\u00edn y dirigida por \u00c1n\u00edbal Jos\u00e9 \u00c1ngel Echeverri, el famoso teclista antioque\u00f1o conocido como An\u00edbal \u00c1ngel o simplemente An\u00e1n. An\u00e1n estudi\u00f3 composici\u00f3n y orquestaci\u00f3n en la famosa Manhattan School Of Music de Nueva York, muchas canciones suyas se convirtieron en \u00e9xitos a lo largo de los a\u00f1os, en 1958 fund\u00f3 el grupo de raspa gallega Los Teen-Agers (\u00abraspa\u00bb o \u00abgallega\u00bb se refieren a grupos que tocaban m\u00fasica afo-colombiana coste\u00f1a pero eran del interior), y empez\u00f3 a grabar con Discos Fuentes en 1965, por lo que ya era un m\u00fasico establecido en la escena cuando fund\u00f3 este combo de nombre peculiar. <\/p>\n<p> Con la influencia de la boyante y joven escena latina de Nueva York absorbida por ciertos sectores de la juventud de Sudam\u00e9rica a finales de los 60, An\u00edbal \u00c1ngel deb\u00eda de tener ganas de unirse a la fiesta, as\u00ed que en 1968 fund\u00f3 Los Yogas para explorar este fen\u00f3meno que llegaba del norte. Contando con Johnny Mor\u00e9, de Barranquilla, como vocalista principal (Mor\u00e9, que afirmaba ser pariente del cubano Beny Mor\u00e9, tambi\u00e9n trabaj\u00f3 con el Conjunto\/Sexteto Miramar y Rafael Ben\u00edtez as\u00ed como con el pianista Joe Madrid) y un combo completo con trompeta, tromb\u00f3n, congas y timbales, Los Yogas grabaron un fant\u00e1stica colecci\u00f3n de versiones en ritmos guaguanc\u00f3, son, guajira, descarga y cha-cha-ch\u00e1. <\/p>\n<p> El sonido del disco es duro y crudo, algo que convierte a este oscuro LP de Discos Fuentes en una pieza muy buscada entre coleccionistas. Siguiendo el ejemplo de la escena de Nueva York, Los Yogas versionan el arreglo de Larry Harlow de &#8216;Coco May May&#8217; (a su vez una versi\u00f3n de un viejo cl\u00e1sico cubano) y &#8216;Baj\u00e1ndote&#8217; del disco hom\u00f3nimo de 1967 de la Orquesta Harlow, y entregan una fabulosa versi\u00f3n de &#8216;Montuno Pa&#8217;Caridad&#8217;, del cantante y compositor de Puerto Rico Chivirico D\u00e1vila, que hab\u00eda formado parte del cl\u00e1sico LP de Joe Cotto \u00abEl magn\u00edfico\u00bb, de principios de los 60. Espolvoreadas por el \u00e1lbum hay versiones de los cl\u00e1sicos de son cubano de Cheo Marquetti &#8216;Que no muera el son&#8217;, &#8216;Caramelo a kilo&#8217; y &#8216;Apri\u00e9tala en el rinc\u00f3n&#8217;, temas enormemente influyentes para el co-fundador de y director musical de Fania, Johnny Pacheco. El tema &#8216;Aqu\u00ed y all\u00e1&#8217;, del saxofonista venezolano emigrado a Nueva York Juan \u00abJohnny\u00bb Sedes (de su disco de 1967 en Met Rico \u00abPresentando a Juan Sedes y su Orquesta con Vit\u00edn L\u00f3pez, El Cantante de la Salsa\u00bb), que fue el primer tema grabado en Estados Unidos en hacer referencia a la salsa como un tipo de m\u00fasica, se convirti\u00f3 en un \u00e9xito en Colombia para Los Yogas cuando la versionaron, al igual que el tema titular &#8216;Ca\u00f1abrava&#8217;, del compositor mexicano Paco Chanona, y el sensual tema que cierra el \u00e1lbum, la descarga guajira &#8216;Oye mira&#8217; (grabado originalmente en 1965 por Pete Rodr\u00edguez y su Conjunto La Magn\u00edfica). <\/p>\n<p> A pesar de ser un disco sin temas originales, \u00abCa\u00f1abrava\u00bb posee un nivel magn\u00edfico gracias a la calidad inherente y a la ejecuci\u00f3n de su repertorio, y proporciona una fabulosa instant\u00e1nea de las influencias y el desarrollo inicial del g\u00e9nero de la salsa en Colombia, un pa\u00eds donde esta m\u00fasica echar\u00eda ra\u00edces como en ning\u00fan otro lugar y se convertir\u00eda en una obsesi\u00f3n nacional en las siguientes d\u00e9cadas. <\/p>\n<p> Pablo E Yglesias aka DJ Bongohead<\/p>\n","protected":false},"excerpt":{"rendered":"<p>Combo Los Yogas fue una banda de salsa colombiana de corta vida formada en Medell\u00edn y dirigida por \u00c1n\u00edbal Jos\u00e9 \u00c1ngel Echeverri, el famoso teclista antioque\u00f1o<a class=\"read\" href=\"https:\/\/wpguerssen-test.odoo.rgbconsulting.com\/es\/producto\/canabrava\/\"> (...)<\/a>","protected":false},"featured_media":120676,"template":"","meta":{"_acf_changed":false},"product_brand":[],"product_cat":[23231],"product_tag":[24190],"class_list":{"0":"post-187010","1":"product","2":"type-product","3":"status-publish","4":"has-post-thumbnail","6":"product_cat-latin-brazilian-es","7":"product_tag-sales-es","8":"pa_artist-combo-los-yogas","9":"pa_format-lp-es","10":"pa_gender-latin-brazilian","11":"pa_label-vampi-soul-es","12":"pa_location-south-america-caribbean-es","13":"pa_other-filters-vinyl-only-es","15":"first","16":"instock","17":"taxable","18":"shipping-taxable","19":"purchasable","20":"product-type-simple"},"acf":[],"yoast_head":"<!-- This site is optimized with the Yoast SEO plugin v24.9 - https:\/\/yoast.com\/wordpress\/plugins\/seo\/ -->\n<title>COMBO LOS YOGAS - Ca\u00f1abrava -  (LP) | Guerssen<\/title>\n<meta name=\"description\" content=\"Combo Los Yogas was a short-lived early Colombian salsa band from Medell\u00edn directed and arranged by An\u00edbal Jos\u00e9 Angel Echeverri, the famous antioque\u00f1o keyboardist known as An\u00edbal Angel or simply An\u00e1n. Employing Barranquilla native Johnny Mor\u00e9 as his lead vocalist and a full combo with trumpet, trombone, congas and timbales, Los Yogas recorded a fantastic collection of cover tunes in the guaguanc\u00f3, son, guajira, descarga, and cha-cha-ch\u00e1 rhythms. The sound is very raw and hard, something that makes this obscure 1968 Discos Fuentes record a sought-after collector&#039;s item. Thanks to the inherent quality and execution of its repertoire, &quot;Ca\u00f1abrava&quot; provides a wonderful snapshot of the influences and early development of the genre of salsa in 1960s Colombia. Presented in facsimile artwork and pressed on 180g vinyl. Over the past few years we have been fortunate to work with Discos Fuentes on several projects compiled from their rich catalogue, and we are continuing our collaboration with the legendary Colombian label with a series of facsimile reissues of classic Fuentes LPs. Starting with &quot;Ca\u00f1abrava&quot; by Combo Los Yogas, the upcoming months will bring new pressings of albums by Fruko y sus Tesos, Lisandro Meza y su Conjunto, Peregoyo y su Combo Vacan\u00e1, Pedro Laza y sus Pelayeros and many more... TRACKLIST Side 1 1. QUE NO MUERA EL SON 2. COCO MAY MAY 3. MONTUNO PA&#039; CARIDA 4. AQUI Y ALLA 5. CARAMELO A KILO Side 2 1. CA\u00d1ABRAVA 2. BAJANDOTE 3. APRI\u00c9TALA EN EL RINCON 4. OYE MIRA\" \/>\n<meta name=\"robots\" content=\"index, follow, max-snippet:-1, max-image-preview:large, max-video-preview:-1\" \/>\n<link rel=\"canonical\" href=\"https:\/\/wpguerssen-test.odoo.rgbconsulting.com\/es\/producto\/canabrava\/\" \/>\n<meta property=\"og:locale\" content=\"es_ES\" \/>\n<meta property=\"og:type\" content=\"article\" \/>\n<meta property=\"og:title\" content=\"COMBO LOS YOGAS - Ca\u00f1abrava -  (LP) | Guerssen\" \/>\n<meta property=\"og:description\" content=\"Combo Los Yogas was a short-lived early Colombian salsa band from Medell\u00edn directed and arranged by An\u00edbal Jos\u00e9 Angel Echeverri, the famous antioque\u00f1o keyboardist known as An\u00edbal Angel or simply An\u00e1n. Employing Barranquilla native Johnny Mor\u00e9 as his lead vocalist and a full combo with trumpet, trombone, congas and timbales, Los Yogas recorded a fantastic collection of cover tunes in the guaguanc\u00f3, son, guajira, descarga, and cha-cha-ch\u00e1 rhythms. The sound is very raw and hard, something that makes this obscure 1968 Discos Fuentes record a sought-after collector&#039;s item. Thanks to the inherent quality and execution of its repertoire, &quot;Ca\u00f1abrava&quot; provides a wonderful snapshot of the influences and early development of the genre of salsa in 1960s Colombia. Presented in facsimile artwork and pressed on 180g vinyl. Over the past few years we have been fortunate to work with Discos Fuentes on several projects compiled from their rich catalogue, and we are continuing our collaboration with the legendary Colombian label with a series of facsimile reissues of classic Fuentes LPs. Starting with &quot;Ca\u00f1abrava&quot; by Combo Los Yogas, the upcoming months will bring new pressings of albums by Fruko y sus Tesos, Lisandro Meza y su Conjunto, Peregoyo y su Combo Vacan\u00e1, Pedro Laza y sus Pelayeros and many more... TRACKLIST Side 1 1. QUE NO MUERA EL SON 2. COCO MAY MAY 3. MONTUNO PA&#039; CARIDA 4. AQUI Y ALLA 5. CARAMELO A KILO Side 2 1. CA\u00d1ABRAVA 2. BAJANDOTE 3. APRI\u00c9TALA EN EL RINCON 4. OYE MIRA\" \/>\n<meta property=\"og:url\" content=\"https:\/\/wpguerssen-test.odoo.rgbconsulting.com\/es\/producto\/canabrava\/\" \/>\n<meta property=\"og:site_name\" content=\"Guerssen records\" \/>\n<meta property=\"article:modified_time\" content=\"2024-11-14T15:08:37+00:00\" \/>\n<meta property=\"og:image\" content=\"https:\/\/wpguerssen-test.odoo.rgbconsulting.com\/wp-content\/uploads\/2022\/03\/28370.jpg\" \/>\n\t<meta property=\"og:image:width\" content=\"296\" \/>\n\t<meta property=\"og:image:height\" content=\"300\" \/>\n\t<meta property=\"og:image:type\" content=\"image\/jpeg\" \/>\n<meta name=\"twitter:card\" content=\"summary_large_image\" \/>\n<meta name=\"twitter:title\" content=\"COMBO LOS YOGAS - Ca\u00f1abrava -  (LP) | Guerssen\" \/>\n<meta name=\"twitter:label1\" content=\"Tiempo de lectura\" \/>\n\t<meta name=\"twitter:data1\" content=\"3 minutos\" \/>\n<script type=\"application\/ld+json\" class=\"yoast-schema-graph\">{\"@context\":\"https:\/\/schema.org\",\"@graph\":[{\"@type\":\"WebPage\",\"@id\":\"https:\/\/wpguerssen-test.odoo.rgbconsulting.com\/es\/producto\/canabrava\/\",\"url\":\"https:\/\/wpguerssen-test.odoo.rgbconsulting.com\/es\/producto\/canabrava\/\",\"name\":\"COMBO LOS YOGAS - Ca\u00f1abrava - (LP) | Guerssen\",\"isPartOf\":{\"@id\":\"https:\/\/wpguerssen-test.odoo.rgbconsulting.com\/es\/#website\"},\"primaryImageOfPage\":{\"@id\":\"https:\/\/wpguerssen-test.odoo.rgbconsulting.com\/es\/producto\/canabrava\/#primaryimage\"},\"image\":{\"@id\":\"https:\/\/wpguerssen-test.odoo.rgbconsulting.com\/es\/producto\/canabrava\/#primaryimage\"},\"thumbnailUrl\":\"https:\/\/wpguerssen-test.odoo.rgbconsulting.com\/wp-content\/uploads\/2022\/03\/28370.jpg\",\"datePublished\":\"2017-03-29T22:00:00+00:00\",\"dateModified\":\"2024-11-14T15:08:37+00:00\",\"description\":\"Combo Los Yogas was a short-lived early Colombian salsa band from Medell\u00edn directed and arranged by An\u00edbal Jos\u00e9 Angel Echeverri, the famous antioque\u00f1o keyboardist known as An\u00edbal Angel or simply An\u00e1n. Employing Barranquilla native Johnny Mor\u00e9 as his lead vocalist and a full combo with trumpet, trombone, congas and timbales, Los Yogas recorded a fantastic collection of cover tunes in the guaguanc\u00f3, son, guajira, descarga, and cha-cha-ch\u00e1 rhythms. The sound is very raw and hard, something that makes this obscure 1968 Discos Fuentes record a sought-after collector's item. Thanks to the inherent quality and execution of its repertoire, \\\"Ca\u00f1abrava\\\" provides a wonderful snapshot of the influences and early development of the genre of salsa in 1960s Colombia. Presented in facsimile artwork and pressed on 180g vinyl. Over the past few years we have been fortunate to work with Discos Fuentes on several projects compiled from their rich catalogue, and we are continuing our collaboration with the legendary Colombian label with a series of facsimile reissues of classic Fuentes LPs. Starting with \\\"Ca\u00f1abrava\\\" by Combo Los Yogas, the upcoming months will bring new pressings of albums by Fruko y sus Tesos, Lisandro Meza y su Conjunto, Peregoyo y su Combo Vacan\u00e1, Pedro Laza y sus Pelayeros and many more... TRACKLIST Side 1 1. QUE NO MUERA EL SON 2. COCO MAY MAY 3. MONTUNO PA' CARIDA 4. AQUI Y ALLA 5. CARAMELO A KILO Side 2 1. CA\u00d1ABRAVA 2. BAJANDOTE 3. APRI\u00c9TALA EN EL RINCON 4. OYE MIRA\",\"breadcrumb\":{\"@id\":\"https:\/\/wpguerssen-test.odoo.rgbconsulting.com\/es\/producto\/canabrava\/#breadcrumb\"},\"inLanguage\":\"es\",\"potentialAction\":[{\"@type\":\"ReadAction\",\"target\":[\"https:\/\/wpguerssen-test.odoo.rgbconsulting.com\/es\/producto\/canabrava\/\"]}]},{\"@type\":\"ImageObject\",\"inLanguage\":\"es\",\"@id\":\"https:\/\/wpguerssen-test.odoo.rgbconsulting.com\/es\/producto\/canabrava\/#primaryimage\",\"url\":\"https:\/\/wpguerssen-test.odoo.rgbconsulting.com\/wp-content\/uploads\/2022\/03\/28370.jpg\",\"contentUrl\":\"https:\/\/wpguerssen-test.odoo.rgbconsulting.com\/wp-content\/uploads\/2022\/03\/28370.jpg\",\"width\":296,\"height\":300,\"caption\":\"COMBO LOS YOGAS - Ca\u00f1abrava - VAMPI SOUL (LP) | Guerssen\"},{\"@type\":\"BreadcrumbList\",\"@id\":\"https:\/\/wpguerssen-test.odoo.rgbconsulting.com\/es\/producto\/canabrava\/#breadcrumb\",\"itemListElement\":[{\"@type\":\"ListItem\",\"position\":1,\"name\":\"Inicio\",\"item\":\"https:\/\/wpguerssen-test.odoo.rgbconsulting.com\/es\/\"},{\"@type\":\"ListItem\",\"position\":2,\"name\":\"Shop\",\"item\":\"https:\/\/wpguerssen-test.odoo.rgbconsulting.com\/shop\/\"},{\"@type\":\"ListItem\",\"position\":3,\"name\":\"Ca\u00f1abrava\"}]},{\"@type\":\"WebSite\",\"@id\":\"https:\/\/wpguerssen-test.odoo.rgbconsulting.com\/es\/#website\",\"url\":\"https:\/\/wpguerssen-test.odoo.rgbconsulting.com\/es\/\",\"name\":\"Guerssen records\",\"description\":\"psychedelia - progressive - folk - garage \",\"publisher\":{\"@id\":\"https:\/\/wpguerssen-test.odoo.rgbconsulting.com\/es\/#organization\"},\"potentialAction\":[{\"@type\":\"SearchAction\",\"target\":{\"@type\":\"EntryPoint\",\"urlTemplate\":\"https:\/\/wpguerssen-test.odoo.rgbconsulting.com\/es\/?s={search_term_string}\"},\"query-input\":{\"@type\":\"PropertyValueSpecification\",\"valueRequired\":true,\"valueName\":\"search_term_string\"}}],\"inLanguage\":\"es\"},{\"@type\":\"Organization\",\"@id\":\"https:\/\/wpguerssen-test.odoo.rgbconsulting.com\/es\/#organization\",\"name\":\"Guerssen records\",\"url\":\"https:\/\/wpguerssen-test.odoo.rgbconsulting.com\/es\/\",\"logo\":{\"@type\":\"ImageObject\",\"inLanguage\":\"es\",\"@id\":\"https:\/\/wpguerssen-test.odoo.rgbconsulting.com\/es\/#\/schema\/logo\/image\/\",\"url\":\"https:\/\/wpguerssen-test.odoo.rgbconsulting.com\/wp-content\/uploads\/2022\/04\/Logo_Guerssen_trans_100.png\",\"contentUrl\":\"https:\/\/wpguerssen-test.odoo.rgbconsulting.com\/wp-content\/uploads\/2022\/04\/Logo_Guerssen_trans_100.png\",\"width\":122,\"height\":100,\"caption\":\"Guerssen records\"},\"image\":{\"@id\":\"https:\/\/wpguerssen-test.odoo.rgbconsulting.com\/es\/#\/schema\/logo\/image\/\"}}]}<\/script>\n<!-- \/ Yoast SEO plugin. -->","yoast_head_json":{"title":"COMBO LOS YOGAS - Ca\u00f1abrava -  (LP) | Guerssen","description":"Combo Los Yogas was a short-lived early Colombian salsa band from Medell\u00edn directed and arranged by An\u00edbal Jos\u00e9 Angel Echeverri, the famous antioque\u00f1o keyboardist known as An\u00edbal Angel or simply An\u00e1n. Employing Barranquilla native Johnny Mor\u00e9 as his lead vocalist and a full combo with trumpet, trombone, congas and timbales, Los Yogas recorded a fantastic collection of cover tunes in the guaguanc\u00f3, son, guajira, descarga, and cha-cha-ch\u00e1 rhythms. The sound is very raw and hard, something that makes this obscure 1968 Discos Fuentes record a sought-after collector's item. Thanks to the inherent quality and execution of its repertoire, \"Ca\u00f1abrava\" provides a wonderful snapshot of the influences and early development of the genre of salsa in 1960s Colombia. Presented in facsimile artwork and pressed on 180g vinyl. Over the past few years we have been fortunate to work with Discos Fuentes on several projects compiled from their rich catalogue, and we are continuing our collaboration with the legendary Colombian label with a series of facsimile reissues of classic Fuentes LPs. Starting with \"Ca\u00f1abrava\" by Combo Los Yogas, the upcoming months will bring new pressings of albums by Fruko y sus Tesos, Lisandro Meza y su Conjunto, Peregoyo y su Combo Vacan\u00e1, Pedro Laza y sus Pelayeros and many more... TRACKLIST Side 1 1. QUE NO MUERA EL SON 2. COCO MAY MAY 3. MONTUNO PA' CARIDA 4. AQUI Y ALLA 5. CARAMELO A KILO Side 2 1. CA\u00d1ABRAVA 2. BAJANDOTE 3. APRI\u00c9TALA EN EL RINCON 4. OYE MIRA","robots":{"index":"index","follow":"follow","max-snippet":"max-snippet:-1","max-image-preview":"max-image-preview:large","max-video-preview":"max-video-preview:-1"},"canonical":"https:\/\/wpguerssen-test.odoo.rgbconsulting.com\/es\/producto\/canabrava\/","og_locale":"es_ES","og_type":"article","og_title":"COMBO LOS YOGAS - Ca\u00f1abrava -  (LP) | Guerssen","og_description":"Combo Los Yogas was a short-lived early Colombian salsa band from Medell\u00edn directed and arranged by An\u00edbal Jos\u00e9 Angel Echeverri, the famous antioque\u00f1o keyboardist known as An\u00edbal Angel or simply An\u00e1n. Employing Barranquilla native Johnny Mor\u00e9 as his lead vocalist and a full combo with trumpet, trombone, congas and timbales, Los Yogas recorded a fantastic collection of cover tunes in the guaguanc\u00f3, son, guajira, descarga, and cha-cha-ch\u00e1 rhythms. The sound is very raw and hard, something that makes this obscure 1968 Discos Fuentes record a sought-after collector's item. Thanks to the inherent quality and execution of its repertoire, \"Ca\u00f1abrava\" provides a wonderful snapshot of the influences and early development of the genre of salsa in 1960s Colombia. Presented in facsimile artwork and pressed on 180g vinyl. Over the past few years we have been fortunate to work with Discos Fuentes on several projects compiled from their rich catalogue, and we are continuing our collaboration with the legendary Colombian label with a series of facsimile reissues of classic Fuentes LPs. Starting with \"Ca\u00f1abrava\" by Combo Los Yogas, the upcoming months will bring new pressings of albums by Fruko y sus Tesos, Lisandro Meza y su Conjunto, Peregoyo y su Combo Vacan\u00e1, Pedro Laza y sus Pelayeros and many more... TRACKLIST Side 1 1. QUE NO MUERA EL SON 2. COCO MAY MAY 3. MONTUNO PA' CARIDA 4. AQUI Y ALLA 5. CARAMELO A KILO Side 2 1. CA\u00d1ABRAVA 2. BAJANDOTE 3. APRI\u00c9TALA EN EL RINCON 4. OYE MIRA","og_url":"https:\/\/wpguerssen-test.odoo.rgbconsulting.com\/es\/producto\/canabrava\/","og_site_name":"Guerssen records","article_modified_time":"2024-11-14T15:08:37+00:00","og_image":[{"width":296,"height":300,"url":"https:\/\/wpguerssen-test.odoo.rgbconsulting.com\/wp-content\/uploads\/2022\/03\/28370.jpg","type":"image\/jpeg"}],"twitter_card":"summary_large_image","twitter_title":"COMBO LOS YOGAS - Ca\u00f1abrava -  (LP) | Guerssen","twitter_misc":{"Tiempo de lectura":"3 minutos"},"schema":{"@context":"https:\/\/schema.org","@graph":[{"@type":"WebPage","@id":"https:\/\/wpguerssen-test.odoo.rgbconsulting.com\/es\/producto\/canabrava\/","url":"https:\/\/wpguerssen-test.odoo.rgbconsulting.com\/es\/producto\/canabrava\/","name":"COMBO LOS YOGAS - Ca\u00f1abrava - (LP) | Guerssen","isPartOf":{"@id":"https:\/\/wpguerssen-test.odoo.rgbconsulting.com\/es\/#website"},"primaryImageOfPage":{"@id":"https:\/\/wpguerssen-test.odoo.rgbconsulting.com\/es\/producto\/canabrava\/#primaryimage"},"image":{"@id":"https:\/\/wpguerssen-test.odoo.rgbconsulting.com\/es\/producto\/canabrava\/#primaryimage"},"thumbnailUrl":"https:\/\/wpguerssen-test.odoo.rgbconsulting.com\/wp-content\/uploads\/2022\/03\/28370.jpg","datePublished":"2017-03-29T22:00:00+00:00","dateModified":"2024-11-14T15:08:37+00:00","description":"Combo Los Yogas was a short-lived early Colombian salsa band from Medell\u00edn directed and arranged by An\u00edbal Jos\u00e9 Angel Echeverri, the famous antioque\u00f1o keyboardist known as An\u00edbal Angel or simply An\u00e1n. Employing Barranquilla native Johnny Mor\u00e9 as his lead vocalist and a full combo with trumpet, trombone, congas and timbales, Los Yogas recorded a fantastic collection of cover tunes in the guaguanc\u00f3, son, guajira, descarga, and cha-cha-ch\u00e1 rhythms. The sound is very raw and hard, something that makes this obscure 1968 Discos Fuentes record a sought-after collector's item. Thanks to the inherent quality and execution of its repertoire, \"Ca\u00f1abrava\" provides a wonderful snapshot of the influences and early development of the genre of salsa in 1960s Colombia. Presented in facsimile artwork and pressed on 180g vinyl. Over the past few years we have been fortunate to work with Discos Fuentes on several projects compiled from their rich catalogue, and we are continuing our collaboration with the legendary Colombian label with a series of facsimile reissues of classic Fuentes LPs. Starting with \"Ca\u00f1abrava\" by Combo Los Yogas, the upcoming months will bring new pressings of albums by Fruko y sus Tesos, Lisandro Meza y su Conjunto, Peregoyo y su Combo Vacan\u00e1, Pedro Laza y sus Pelayeros and many more... TRACKLIST Side 1 1. QUE NO MUERA EL SON 2. COCO MAY MAY 3. MONTUNO PA' CARIDA 4. AQUI Y ALLA 5. CARAMELO A KILO Side 2 1. CA\u00d1ABRAVA 2. BAJANDOTE 3. APRI\u00c9TALA EN EL RINCON 4. OYE MIRA","breadcrumb":{"@id":"https:\/\/wpguerssen-test.odoo.rgbconsulting.com\/es\/producto\/canabrava\/#breadcrumb"},"inLanguage":"es","potentialAction":[{"@type":"ReadAction","target":["https:\/\/wpguerssen-test.odoo.rgbconsulting.com\/es\/producto\/canabrava\/"]}]},{"@type":"ImageObject","inLanguage":"es","@id":"https:\/\/wpguerssen-test.odoo.rgbconsulting.com\/es\/producto\/canabrava\/#primaryimage","url":"https:\/\/wpguerssen-test.odoo.rgbconsulting.com\/wp-content\/uploads\/2022\/03\/28370.jpg","contentUrl":"https:\/\/wpguerssen-test.odoo.rgbconsulting.com\/wp-content\/uploads\/2022\/03\/28370.jpg","width":296,"height":300,"caption":"COMBO LOS YOGAS - Ca\u00f1abrava - VAMPI SOUL (LP) | Guerssen"},{"@type":"BreadcrumbList","@id":"https:\/\/wpguerssen-test.odoo.rgbconsulting.com\/es\/producto\/canabrava\/#breadcrumb","itemListElement":[{"@type":"ListItem","position":1,"name":"Inicio","item":"https:\/\/wpguerssen-test.odoo.rgbconsulting.com\/es\/"},{"@type":"ListItem","position":2,"name":"Shop","item":"https:\/\/wpguerssen-test.odoo.rgbconsulting.com\/shop\/"},{"@type":"ListItem","position":3,"name":"Ca\u00f1abrava"}]},{"@type":"WebSite","@id":"https:\/\/wpguerssen-test.odoo.rgbconsulting.com\/es\/#website","url":"https:\/\/wpguerssen-test.odoo.rgbconsulting.com\/es\/","name":"Guerssen records","description":"psychedelia - progressive - folk - garage ","publisher":{"@id":"https:\/\/wpguerssen-test.odoo.rgbconsulting.com\/es\/#organization"},"potentialAction":[{"@type":"SearchAction","target":{"@type":"EntryPoint","urlTemplate":"https:\/\/wpguerssen-test.odoo.rgbconsulting.com\/es\/?s={search_term_string}"},"query-input":{"@type":"PropertyValueSpecification","valueRequired":true,"valueName":"search_term_string"}}],"inLanguage":"es"},{"@type":"Organization","@id":"https:\/\/wpguerssen-test.odoo.rgbconsulting.com\/es\/#organization","name":"Guerssen records","url":"https:\/\/wpguerssen-test.odoo.rgbconsulting.com\/es\/","logo":{"@type":"ImageObject","inLanguage":"es","@id":"https:\/\/wpguerssen-test.odoo.rgbconsulting.com\/es\/#\/schema\/logo\/image\/","url":"https:\/\/wpguerssen-test.odoo.rgbconsulting.com\/wp-content\/uploads\/2022\/04\/Logo_Guerssen_trans_100.png","contentUrl":"https:\/\/wpguerssen-test.odoo.rgbconsulting.com\/wp-content\/uploads\/2022\/04\/Logo_Guerssen_trans_100.png","width":122,"height":100,"caption":"Guerssen records"},"image":{"@id":"https:\/\/wpguerssen-test.odoo.rgbconsulting.com\/es\/#\/schema\/logo\/image\/"}}]}},"_links":{"self":[{"href":"https:\/\/wpguerssen-test.odoo.rgbconsulting.com\/es\/wp-json\/wp\/v2\/product\/187010","targetHints":{"allow":["GET"]}}],"collection":[{"href":"https:\/\/wpguerssen-test.odoo.rgbconsulting.com\/es\/wp-json\/wp\/v2\/product"}],"about":[{"href":"https:\/\/wpguerssen-test.odoo.rgbconsulting.com\/es\/wp-json\/wp\/v2\/types\/product"}],"wp:featuredmedia":[{"embeddable":true,"href":"https:\/\/wpguerssen-test.odoo.rgbconsulting.com\/es\/wp-json\/wp\/v2\/media\/120676"}],"wp:attachment":[{"href":"https:\/\/wpguerssen-test.odoo.rgbconsulting.com\/es\/wp-json\/wp\/v2\/media?parent=187010"}],"wp:term":[{"taxonomy":"product_brand","embeddable":true,"href":"https:\/\/wpguerssen-test.odoo.rgbconsulting.com\/es\/wp-json\/wp\/v2\/product_brand?post=187010"},{"taxonomy":"product_cat","embeddable":true,"href":"https:\/\/wpguerssen-test.odoo.rgbconsulting.com\/es\/wp-json\/wp\/v2\/product_cat?post=187010"},{"taxonomy":"product_tag","embeddable":true,"href":"https:\/\/wpguerssen-test.odoo.rgbconsulting.com\/es\/wp-json\/wp\/v2\/product_tag?post=187010"}],"curies":[{"name":"wp","href":"https:\/\/api.w.org\/{rel}","templated":true}]}}