{"id":187019,"date":"2017-03-24T00:00:00","date_gmt":"2017-03-23T23:00:00","guid":{"rendered":"http:\/\/guerssen.hl1097.dinaserver.com\/product\/hard-drive-cd\/"},"modified":"2025-03-25T16:20:49","modified_gmt":"2025-03-25T15:20:49","slug":"hard-drive-cd","status":"publish","type":"product","link":"https:\/\/wpguerssen-test.odoo.rgbconsulting.com\/es\/producto\/hard-drive-cd\/","title":{"rendered":"Hard Drive (CD)"},"content":{"rendered":"<p>Grabaciones in\u00e9ditas hasta ahora del famoso power-trio catal\u00e1n, efectuadas en 1971 por la primer\u00edsima formaci\u00f3n del grupo: Tapi a la bater\u00eda, Miguel \u00c1ngel N\u00fa\u00f1ez a la guitarra y Pepe Fern\u00e1ndez (Ex-V\u00e9rtice) al bajo. <\/p>\n<p> Esta primera etapa de Tapiman, antes de que entrase Max Sunyer a la guitarra en sustituci\u00f3n de Miguel \u00c1ngel, no hab\u00eda sido suficientemente documentada hasta ahora. Gracias al periodista \u00c0lex G\u00f3mez-Font, que localiz\u00f3 a Miguel \u00c0ngel N\u00fa\u00f1ez, por fin podemos saber todo sobre los inicios de Tapiman. <\/p>\n<p> Con esta primera formaci\u00f3n, editaron su primer single, \u00abHey You\u00bb pero poca gente sab\u00eda que llegaron a grabar tambi\u00e9n un LP en directo en los Estudios Gema que no lleg\u00f3 a terminarse y cuyas cintas se perdieron. Adem\u00e1s, el grupo efectu\u00f3 grabaciones en estudios caseros improvisados y locales de ensayo. Este es el material que Miguel \u00c1ngel N\u00fa\u00f1ez conservaba en viejas cintas de bobina y que gracias a la labor de rescate de \u00c1lex G\u00f3mez-Font, hemos incluido aqu\u00ed. Estas grabaciones nos permiten hacernos una idea de como pod\u00eda sonar ese primer LP perdido. <\/p>\n<p> Sonido crudo y salvaje, donde podemos encontrar trallazos proto-metal como \u00abHard Drive\u00bb (in\u00e9dita hasta ahora); una primera versi\u00f3n in\u00e9dita de \u00abNo Control\u00bb con N\u00fa\u00f1ez a la guitarra (luego re-grabada para su primer LP con Max); jams instrumentales con la tremenda guitarra de N\u00fa\u00f1ez a todo trapo, que nos muestran como eran los ensayos de Tapiman en esa \u00e9poca; un par de sorprendentes canciones psicod\u00e9licas que pueden recordar los Floyd de Barrett y Caravan; una versi\u00f3n de Black Sabbath y una demo ac\u00fastica. <\/p>\n<p> Extenso booklet con detalladas notas en Castellano\/Catal\u00e1n\/Ingl\u00e9s por el periodista \u00c0lex G\u00f3mez-Font y raras fotos. <\/p>\n<p> Tracklist: <\/p>\n<p> Hard Drive &#8211; No Control &#8211; Eight &#8211; Time On Space &#8211; No Title &#8211; Before Last Minute &#8211; Long Sea Journey &#8211; Someone Here &#8211; Planet Caravan &#8211; Eight (Acoustic Version)<\/p>\n","protected":false},"excerpt":{"rendered":"<p>Grabaciones in\u00e9ditas hasta ahora del famoso power-trio catal\u00e1n, efectuadas en 1971 por la primer\u00edsima formaci\u00f3n del grupo: Tapi a la bater\u00eda, Miguel \u00c1ngel N\u00fa\u00f1ez<a class=\"read\" href=\"https:\/\/wpguerssen-test.odoo.rgbconsulting.com\/es\/producto\/hard-drive-cd\/\"> (...)<\/a>","protected":false},"featured_media":120693,"template":"","meta":{"_acf_changed":false},"product_brand":[],"product_cat":[21639,23224],"product_tag":[29138],"class_list":{"0":"post-187019","1":"product","2":"type-product","3":"status-publish","4":"has-post-thumbnail","6":"product_cat-psychedelic60s-70s-es","7":"product_cat-hard-rock-60s-70s-es","8":"product_tag-cd-es","9":"pa_artist-tapiman-es","10":"pa_format-cd-2-es","11":"pa_gender-hard-rock-60s-70s-psychedelic60s-70s","12":"pa_label-guerssen-es","13":"pa_location-spain-es","15":"first","16":"instock","17":"taxable","18":"shipping-taxable","19":"purchasable","20":"product-type-simple"},"acf":[],"yoast_head":"<!-- This site is optimized with the Yoast SEO plugin v24.9 - https:\/\/yoast.com\/wordpress\/plugins\/seo\/ -->\n<title>TAPIMAN - Hard Drive (CD) -  (CD) | Guerssen<\/title>\n<meta name=\"description\" content=\"Previously unreleased homemade recordings from 1971 by Barcelona&#039;s hairiest power trio. Raw, in-your-face hard-rock and proto-metal plus some surprising psychedelic, Canterbury styled moves. Featuring the very first line-up of the band comprised of killer guitar player Miguel \u00c1ngel N\u00fa\u00f1ez, the legendary Tapi (ex-M\u00e1quina!) on drums and Pepe Fern\u00e1ndez on bass. Includes a cover of Black Sabbath&#039;s &quot;Planet Caravan&quot;, a killer first version of &quot;No Control&quot; featuring N\u00fa\u00f1ez on guitar (later recorded again for their first album with Max Sunyer), the proto-metal sounding &quot;Hard Drive&quot; (not released until now) and more!. #nl# Booklet with detailed liner notes and rare photos. #nl# Tracklist: #nl# Hard Drive - No Control - Eight - Time On Space - No Title - Before Last Minute - Long Sea Journey - Someone Here - Planet Caravan - Eight (Acoustic Version)\" \/>\n<meta name=\"robots\" content=\"index, follow, max-snippet:-1, max-image-preview:large, max-video-preview:-1\" \/>\n<link rel=\"canonical\" href=\"https:\/\/wpguerssen-test.odoo.rgbconsulting.com\/es\/producto\/hard-drive-cd\/\" \/>\n<meta property=\"og:locale\" content=\"es_ES\" \/>\n<meta property=\"og:type\" content=\"article\" \/>\n<meta property=\"og:title\" content=\"TAPIMAN - Hard Drive (CD) -  (CD) | Guerssen\" \/>\n<meta property=\"og:description\" content=\"Previously unreleased homemade recordings from 1971 by Barcelona&#039;s hairiest power trio. Raw, in-your-face hard-rock and proto-metal plus some surprising psychedelic, Canterbury styled moves. Featuring the very first line-up of the band comprised of killer guitar player Miguel \u00c1ngel N\u00fa\u00f1ez, the legendary Tapi (ex-M\u00e1quina!) on drums and Pepe Fern\u00e1ndez on bass. Includes a cover of Black Sabbath&#039;s &quot;Planet Caravan&quot;, a killer first version of &quot;No Control&quot; featuring N\u00fa\u00f1ez on guitar (later recorded again for their first album with Max Sunyer), the proto-metal sounding &quot;Hard Drive&quot; (not released until now) and more!. #nl# Booklet with detailed liner notes and rare photos. #nl# Tracklist: #nl# Hard Drive - No Control - Eight - Time On Space - No Title - Before Last Minute - Long Sea Journey - Someone Here - Planet Caravan - Eight (Acoustic Version)\" \/>\n<meta property=\"og:url\" content=\"https:\/\/wpguerssen-test.odoo.rgbconsulting.com\/es\/producto\/hard-drive-cd\/\" \/>\n<meta property=\"og:site_name\" content=\"Guerssen records\" \/>\n<meta property=\"article:modified_time\" content=\"2025-03-25T15:20:49+00:00\" \/>\n<meta property=\"og:image\" content=\"https:\/\/wpguerssen-test.odoo.rgbconsulting.com\/wp-content\/uploads\/2022\/03\/28390.jpg\" \/>\n\t<meta property=\"og:image:width\" content=\"1600\" \/>\n\t<meta property=\"og:image:height\" content=\"1600\" \/>\n\t<meta property=\"og:image:type\" content=\"image\/jpeg\" \/>\n<meta name=\"twitter:card\" content=\"summary_large_image\" \/>\n<meta name=\"twitter:title\" content=\"TAPIMAN - Hard Drive (CD) -  (CD) | Guerssen\" \/>\n<meta name=\"twitter:label1\" content=\"Tiempo de lectura\" \/>\n\t<meta name=\"twitter:data1\" content=\"2 minutos\" \/>\n<script type=\"application\/ld+json\" class=\"yoast-schema-graph\">{\"@context\":\"https:\/\/schema.org\",\"@graph\":[{\"@type\":\"WebPage\",\"@id\":\"https:\/\/wpguerssen-test.odoo.rgbconsulting.com\/es\/producto\/hard-drive-cd\/\",\"url\":\"https:\/\/wpguerssen-test.odoo.rgbconsulting.com\/es\/producto\/hard-drive-cd\/\",\"name\":\"TAPIMAN - Hard Drive (CD) - (CD) | Guerssen\",\"isPartOf\":{\"@id\":\"https:\/\/wpguerssen-test.odoo.rgbconsulting.com\/es\/#website\"},\"primaryImageOfPage\":{\"@id\":\"https:\/\/wpguerssen-test.odoo.rgbconsulting.com\/es\/producto\/hard-drive-cd\/#primaryimage\"},\"image\":{\"@id\":\"https:\/\/wpguerssen-test.odoo.rgbconsulting.com\/es\/producto\/hard-drive-cd\/#primaryimage\"},\"thumbnailUrl\":\"https:\/\/wpguerssen-test.odoo.rgbconsulting.com\/wp-content\/uploads\/2022\/03\/28390.jpg\",\"datePublished\":\"2017-03-23T23:00:00+00:00\",\"dateModified\":\"2025-03-25T15:20:49+00:00\",\"description\":\"Previously unreleased homemade recordings from 1971 by Barcelona's hairiest power trio. Raw, in-your-face hard-rock and proto-metal plus some surprising psychedelic, Canterbury styled moves. Featuring the very first line-up of the band comprised of killer guitar player Miguel \u00c1ngel N\u00fa\u00f1ez, the legendary Tapi (ex-M\u00e1quina!) on drums and Pepe Fern\u00e1ndez on bass. Includes a cover of Black Sabbath's \\\"Planet Caravan\\\", a killer first version of \\\"No Control\\\" featuring N\u00fa\u00f1ez on guitar (later recorded again for their first album with Max Sunyer), the proto-metal sounding \\\"Hard Drive\\\" (not released until now) and more!. #nl# Booklet with detailed liner notes and rare photos. #nl# Tracklist: #nl# Hard Drive - No Control - Eight - Time On Space - No Title - Before Last Minute - Long Sea Journey - Someone Here - Planet Caravan - Eight (Acoustic Version)\",\"breadcrumb\":{\"@id\":\"https:\/\/wpguerssen-test.odoo.rgbconsulting.com\/es\/producto\/hard-drive-cd\/#breadcrumb\"},\"inLanguage\":\"es\",\"potentialAction\":[{\"@type\":\"ReadAction\",\"target\":[\"https:\/\/wpguerssen-test.odoo.rgbconsulting.com\/es\/producto\/hard-drive-cd\/\"]}]},{\"@type\":\"ImageObject\",\"inLanguage\":\"es\",\"@id\":\"https:\/\/wpguerssen-test.odoo.rgbconsulting.com\/es\/producto\/hard-drive-cd\/#primaryimage\",\"url\":\"https:\/\/wpguerssen-test.odoo.rgbconsulting.com\/wp-content\/uploads\/2022\/03\/28390.jpg\",\"contentUrl\":\"https:\/\/wpguerssen-test.odoo.rgbconsulting.com\/wp-content\/uploads\/2022\/03\/28390.jpg\",\"width\":1600,\"height\":1600,\"caption\":\"TAPIMAN - Hard Drive (CD) - GUERSSEN (CD) | Guerssen\"},{\"@type\":\"BreadcrumbList\",\"@id\":\"https:\/\/wpguerssen-test.odoo.rgbconsulting.com\/es\/producto\/hard-drive-cd\/#breadcrumb\",\"itemListElement\":[{\"@type\":\"ListItem\",\"position\":1,\"name\":\"Inicio\",\"item\":\"https:\/\/wpguerssen-test.odoo.rgbconsulting.com\/es\/\"},{\"@type\":\"ListItem\",\"position\":2,\"name\":\"Shop\",\"item\":\"https:\/\/wpguerssen-test.odoo.rgbconsulting.com\/shop\/\"},{\"@type\":\"ListItem\",\"position\":3,\"name\":\"Hard Drive (CD)\"}]},{\"@type\":\"WebSite\",\"@id\":\"https:\/\/wpguerssen-test.odoo.rgbconsulting.com\/es\/#website\",\"url\":\"https:\/\/wpguerssen-test.odoo.rgbconsulting.com\/es\/\",\"name\":\"Guerssen records\",\"description\":\"psychedelia - progressive - folk - garage \",\"publisher\":{\"@id\":\"https:\/\/wpguerssen-test.odoo.rgbconsulting.com\/es\/#organization\"},\"potentialAction\":[{\"@type\":\"SearchAction\",\"target\":{\"@type\":\"EntryPoint\",\"urlTemplate\":\"https:\/\/wpguerssen-test.odoo.rgbconsulting.com\/es\/?s={search_term_string}\"},\"query-input\":{\"@type\":\"PropertyValueSpecification\",\"valueRequired\":true,\"valueName\":\"search_term_string\"}}],\"inLanguage\":\"es\"},{\"@type\":\"Organization\",\"@id\":\"https:\/\/wpguerssen-test.odoo.rgbconsulting.com\/es\/#organization\",\"name\":\"Guerssen records\",\"url\":\"https:\/\/wpguerssen-test.odoo.rgbconsulting.com\/es\/\",\"logo\":{\"@type\":\"ImageObject\",\"inLanguage\":\"es\",\"@id\":\"https:\/\/wpguerssen-test.odoo.rgbconsulting.com\/es\/#\/schema\/logo\/image\/\",\"url\":\"https:\/\/wpguerssen-test.odoo.rgbconsulting.com\/wp-content\/uploads\/2022\/04\/Logo_Guerssen_trans_100.png\",\"contentUrl\":\"https:\/\/wpguerssen-test.odoo.rgbconsulting.com\/wp-content\/uploads\/2022\/04\/Logo_Guerssen_trans_100.png\",\"width\":122,\"height\":100,\"caption\":\"Guerssen records\"},\"image\":{\"@id\":\"https:\/\/wpguerssen-test.odoo.rgbconsulting.com\/es\/#\/schema\/logo\/image\/\"}}]}<\/script>\n<!-- \/ Yoast SEO plugin. -->","yoast_head_json":{"title":"TAPIMAN - Hard Drive (CD) -  (CD) | Guerssen","description":"Previously unreleased homemade recordings from 1971 by Barcelona's hairiest power trio. Raw, in-your-face hard-rock and proto-metal plus some surprising psychedelic, Canterbury styled moves. Featuring the very first line-up of the band comprised of killer guitar player Miguel \u00c1ngel N\u00fa\u00f1ez, the legendary Tapi (ex-M\u00e1quina!) on drums and Pepe Fern\u00e1ndez on bass. Includes a cover of Black Sabbath's \"Planet Caravan\", a killer first version of \"No Control\" featuring N\u00fa\u00f1ez on guitar (later recorded again for their first album with Max Sunyer), the proto-metal sounding \"Hard Drive\" (not released until now) and more!. #nl# Booklet with detailed liner notes and rare photos. #nl# Tracklist: #nl# Hard Drive - No Control - Eight - Time On Space - No Title - Before Last Minute - Long Sea Journey - Someone Here - Planet Caravan - Eight (Acoustic Version)","robots":{"index":"index","follow":"follow","max-snippet":"max-snippet:-1","max-image-preview":"max-image-preview:large","max-video-preview":"max-video-preview:-1"},"canonical":"https:\/\/wpguerssen-test.odoo.rgbconsulting.com\/es\/producto\/hard-drive-cd\/","og_locale":"es_ES","og_type":"article","og_title":"TAPIMAN - Hard Drive (CD) -  (CD) | Guerssen","og_description":"Previously unreleased homemade recordings from 1971 by Barcelona's hairiest power trio. Raw, in-your-face hard-rock and proto-metal plus some surprising psychedelic, Canterbury styled moves. Featuring the very first line-up of the band comprised of killer guitar player Miguel \u00c1ngel N\u00fa\u00f1ez, the legendary Tapi (ex-M\u00e1quina!) on drums and Pepe Fern\u00e1ndez on bass. Includes a cover of Black Sabbath's \"Planet Caravan\", a killer first version of \"No Control\" featuring N\u00fa\u00f1ez on guitar (later recorded again for their first album with Max Sunyer), the proto-metal sounding \"Hard Drive\" (not released until now) and more!. #nl# Booklet with detailed liner notes and rare photos. #nl# Tracklist: #nl# Hard Drive - No Control - Eight - Time On Space - No Title - Before Last Minute - Long Sea Journey - Someone Here - Planet Caravan - Eight (Acoustic Version)","og_url":"https:\/\/wpguerssen-test.odoo.rgbconsulting.com\/es\/producto\/hard-drive-cd\/","og_site_name":"Guerssen records","article_modified_time":"2025-03-25T15:20:49+00:00","og_image":[{"width":1600,"height":1600,"url":"https:\/\/wpguerssen-test.odoo.rgbconsulting.com\/wp-content\/uploads\/2022\/03\/28390.jpg","type":"image\/jpeg"}],"twitter_card":"summary_large_image","twitter_title":"TAPIMAN - Hard Drive (CD) -  (CD) | Guerssen","twitter_misc":{"Tiempo de lectura":"2 minutos"},"schema":{"@context":"https:\/\/schema.org","@graph":[{"@type":"WebPage","@id":"https:\/\/wpguerssen-test.odoo.rgbconsulting.com\/es\/producto\/hard-drive-cd\/","url":"https:\/\/wpguerssen-test.odoo.rgbconsulting.com\/es\/producto\/hard-drive-cd\/","name":"TAPIMAN - Hard Drive (CD) - (CD) | Guerssen","isPartOf":{"@id":"https:\/\/wpguerssen-test.odoo.rgbconsulting.com\/es\/#website"},"primaryImageOfPage":{"@id":"https:\/\/wpguerssen-test.odoo.rgbconsulting.com\/es\/producto\/hard-drive-cd\/#primaryimage"},"image":{"@id":"https:\/\/wpguerssen-test.odoo.rgbconsulting.com\/es\/producto\/hard-drive-cd\/#primaryimage"},"thumbnailUrl":"https:\/\/wpguerssen-test.odoo.rgbconsulting.com\/wp-content\/uploads\/2022\/03\/28390.jpg","datePublished":"2017-03-23T23:00:00+00:00","dateModified":"2025-03-25T15:20:49+00:00","description":"Previously unreleased homemade recordings from 1971 by Barcelona's hairiest power trio. Raw, in-your-face hard-rock and proto-metal plus some surprising psychedelic, Canterbury styled moves. Featuring the very first line-up of the band comprised of killer guitar player Miguel \u00c1ngel N\u00fa\u00f1ez, the legendary Tapi (ex-M\u00e1quina!) on drums and Pepe Fern\u00e1ndez on bass. Includes a cover of Black Sabbath's \"Planet Caravan\", a killer first version of \"No Control\" featuring N\u00fa\u00f1ez on guitar (later recorded again for their first album with Max Sunyer), the proto-metal sounding \"Hard Drive\" (not released until now) and more!. #nl# Booklet with detailed liner notes and rare photos. #nl# Tracklist: #nl# Hard Drive - No Control - Eight - Time On Space - No Title - Before Last Minute - Long Sea Journey - Someone Here - Planet Caravan - Eight (Acoustic Version)","breadcrumb":{"@id":"https:\/\/wpguerssen-test.odoo.rgbconsulting.com\/es\/producto\/hard-drive-cd\/#breadcrumb"},"inLanguage":"es","potentialAction":[{"@type":"ReadAction","target":["https:\/\/wpguerssen-test.odoo.rgbconsulting.com\/es\/producto\/hard-drive-cd\/"]}]},{"@type":"ImageObject","inLanguage":"es","@id":"https:\/\/wpguerssen-test.odoo.rgbconsulting.com\/es\/producto\/hard-drive-cd\/#primaryimage","url":"https:\/\/wpguerssen-test.odoo.rgbconsulting.com\/wp-content\/uploads\/2022\/03\/28390.jpg","contentUrl":"https:\/\/wpguerssen-test.odoo.rgbconsulting.com\/wp-content\/uploads\/2022\/03\/28390.jpg","width":1600,"height":1600,"caption":"TAPIMAN - Hard Drive (CD) - GUERSSEN (CD) | Guerssen"},{"@type":"BreadcrumbList","@id":"https:\/\/wpguerssen-test.odoo.rgbconsulting.com\/es\/producto\/hard-drive-cd\/#breadcrumb","itemListElement":[{"@type":"ListItem","position":1,"name":"Inicio","item":"https:\/\/wpguerssen-test.odoo.rgbconsulting.com\/es\/"},{"@type":"ListItem","position":2,"name":"Shop","item":"https:\/\/wpguerssen-test.odoo.rgbconsulting.com\/shop\/"},{"@type":"ListItem","position":3,"name":"Hard Drive (CD)"}]},{"@type":"WebSite","@id":"https:\/\/wpguerssen-test.odoo.rgbconsulting.com\/es\/#website","url":"https:\/\/wpguerssen-test.odoo.rgbconsulting.com\/es\/","name":"Guerssen records","description":"psychedelia - progressive - folk - garage ","publisher":{"@id":"https:\/\/wpguerssen-test.odoo.rgbconsulting.com\/es\/#organization"},"potentialAction":[{"@type":"SearchAction","target":{"@type":"EntryPoint","urlTemplate":"https:\/\/wpguerssen-test.odoo.rgbconsulting.com\/es\/?s={search_term_string}"},"query-input":{"@type":"PropertyValueSpecification","valueRequired":true,"valueName":"search_term_string"}}],"inLanguage":"es"},{"@type":"Organization","@id":"https:\/\/wpguerssen-test.odoo.rgbconsulting.com\/es\/#organization","name":"Guerssen records","url":"https:\/\/wpguerssen-test.odoo.rgbconsulting.com\/es\/","logo":{"@type":"ImageObject","inLanguage":"es","@id":"https:\/\/wpguerssen-test.odoo.rgbconsulting.com\/es\/#\/schema\/logo\/image\/","url":"https:\/\/wpguerssen-test.odoo.rgbconsulting.com\/wp-content\/uploads\/2022\/04\/Logo_Guerssen_trans_100.png","contentUrl":"https:\/\/wpguerssen-test.odoo.rgbconsulting.com\/wp-content\/uploads\/2022\/04\/Logo_Guerssen_trans_100.png","width":122,"height":100,"caption":"Guerssen records"},"image":{"@id":"https:\/\/wpguerssen-test.odoo.rgbconsulting.com\/es\/#\/schema\/logo\/image\/"}}]}},"_links":{"self":[{"href":"https:\/\/wpguerssen-test.odoo.rgbconsulting.com\/es\/wp-json\/wp\/v2\/product\/187019","targetHints":{"allow":["GET"]}}],"collection":[{"href":"https:\/\/wpguerssen-test.odoo.rgbconsulting.com\/es\/wp-json\/wp\/v2\/product"}],"about":[{"href":"https:\/\/wpguerssen-test.odoo.rgbconsulting.com\/es\/wp-json\/wp\/v2\/types\/product"}],"wp:featuredmedia":[{"embeddable":true,"href":"https:\/\/wpguerssen-test.odoo.rgbconsulting.com\/es\/wp-json\/wp\/v2\/media\/120693"}],"wp:attachment":[{"href":"https:\/\/wpguerssen-test.odoo.rgbconsulting.com\/es\/wp-json\/wp\/v2\/media?parent=187019"}],"wp:term":[{"taxonomy":"product_brand","embeddable":true,"href":"https:\/\/wpguerssen-test.odoo.rgbconsulting.com\/es\/wp-json\/wp\/v2\/product_brand?post=187019"},{"taxonomy":"product_cat","embeddable":true,"href":"https:\/\/wpguerssen-test.odoo.rgbconsulting.com\/es\/wp-json\/wp\/v2\/product_cat?post=187019"},{"taxonomy":"product_tag","embeddable":true,"href":"https:\/\/wpguerssen-test.odoo.rgbconsulting.com\/es\/wp-json\/wp\/v2\/product_tag?post=187019"}],"curies":[{"name":"wp","href":"https:\/\/api.w.org\/{rel}","templated":true}]}}