{"id":187051,"date":"2017-11-23T00:00:00","date_gmt":"2017-11-22T23:00:00","guid":{"rendered":"http:\/\/guerssen.hl1097.dinaserver.com\/product\/no-llores-mas-cd\/"},"modified":"2024-09-03T16:05:14","modified_gmt":"2024-09-03T14:05:14","slug":"no-llores-mas-cd","status":"publish","type":"product","link":"https:\/\/wpguerssen-test.odoo.rgbconsulting.com\/es\/producto\/no-llores-mas-cd\/","title":{"rendered":"No llores m\u00e1s (CD)"},"content":{"rendered":"<p>El fen\u00f3meno de Las Grecas y su Gipsy-Rock abri\u00f3 el camino para otros d\u00faos femeninos como Morena y Clara, lanzadas por el productor Lauren Postigo. Aqu\u00ed tienes una antolog\u00eda con sus mejores canciones, extra\u00eddas de sus buscados tres LPs para el sello Discophon.  Rumba, rock, psicodelia, funk y disco-music con una soberbia producci\u00f3n (duras bater\u00edas, guitarras con fuzz-wah-phaser, Moog, teclados&#8230;) y brutales voces aflamencadas. Incluye hits psicotr\u00f3nicos de \u00abacid-rumba\u00bb como \u00abNo llores m\u00e1s\u00bb, \u00abDej\u00e9 de quererte\u00bb, \u00abBuscando alegr\u00eda\u00bb&#8230; <\/p>\n<p> Booklet con fotos y detalladas notas por Txarly Brown. <\/p>\n<p> Tracklist: 01. Dej\u00e9 de Quererte &#8211; 02. Volver\u00e9 a So\u00f1ar &#8211; 03. No Me Quieres, No &#8211; 04. El Chico Que Yo M\u00e1s Quiero &#8211; 05. Ya No Te Guardo Rencor &#8211; 06. Todo Pas\u00f3 &#8211; 07. Tu Mal Comportamiento &#8211; 08. No Llores M\u00e1s &#8211; 09. Yo S\u00e9 Que T\u00fa Me Quer\u00edas &#8211; 10. Buscando Alegr\u00eda &#8211; 11. Ser\u00e1s Mi Luz &#8211; 12. Quiero Que T\u00fa Me Beses &#8211; 13. Son Las Cosas Del Amor &#8211; 14. Eres Fiel A Tus Caprichos.<\/p>\n","protected":false},"excerpt":{"rendered":"<p>El fen\u00f3meno de Las Grecas y su Gipsy-Rock abri\u00f3 el camino para otros d\u00faos femeninos como Morena y Clara, lanzadas por el productor Lauren Postigo. Aqu\u00ed tienes<a class=\"read\" href=\"https:\/\/wpguerssen-test.odoo.rgbconsulting.com\/es\/producto\/no-llores-mas-cd\/\"> (...)<\/a>","protected":false},"featured_media":120765,"template":"","meta":{"_acf_changed":false},"product_brand":[],"product_cat":[23268],"product_tag":[29138],"class_list":{"0":"post-187051","1":"product","2":"type-product","3":"status-publish","4":"has-post-thumbnail","6":"product_cat-flamenco-rock-rumba-es","7":"product_tag-cd-es","8":"pa_artist-morena-y-clara","9":"pa_format-cd-2-es","10":"pa_gender-flamenco-rock-rumba","11":"pa_label-pharaway-sounds-es","12":"pa_location-spain-es","14":"first","15":"instock","16":"taxable","17":"shipping-taxable","18":"purchasable","19":"product-type-simple"},"acf":[],"yoast_head":"<!-- This site is optimized with the Yoast SEO plugin v24.9 - https:\/\/yoast.com\/wordpress\/plugins\/seo\/ -->\n<title>MORENA Y CLARA - No llores m\u00e1s (CD) -  (CD) | Guerssen<\/title>\n<meta name=\"description\" content=\"The apparition of Spanish female duo Las Grecas with their Gipsy-Rock sound in the 70s created quite a boom in the Spanish market at the time and paved the way for other similar gipsy-rock duos. Morena y Clara were one of them. Launched by bizarre flamenco producer Lauren Postigo, they released a string of 45s and three LPs (highly sought after now) for the Discophon label. They mixed Rumba, Flamenco, Psychedelic Rock, Funk and Disco Music featuring an amazing production (heavy drums, fuzz-wah-phaser electric guitars, Moog, Hammond) over the wild flamenco female vocals of the duo. Featuring their psychotronic hits like &quot;No llores m\u00e1s&quot;, &quot;Dej\u00e9 de quererte&quot;, &quot;Buscando alegr\u00eda&quot; and more. #nl# Booklet with liner notes by Txarly Brown (Achilifunk) and photos. #nl# Tracklist: 01. Dej\u00e9 de Quererte - 02. Volver\u00e9 a So\u00f1ar - 03. No Me Quieres, No - 04. El Chico Que Yo M\u00e1s Quiero - 05. Ya No Te Guardo Rencor - 06. Todo Pas\u00f3 - 07. Tu Mal Comportamiento - 08. No Llores M\u00e1s - 09. Yo S\u00e9 Que T\u00fa Me Quer\u00edas - 10. Buscando Alegr\u00eda - 11. Ser\u00e1s Mi Luz - 12. Quiero Que T\u00fa Me Beses - 13. Son Las Cosas Del Amor - 14. Eres Fiel A Tus Caprichos.\" \/>\n<meta name=\"robots\" content=\"index, follow, max-snippet:-1, max-image-preview:large, max-video-preview:-1\" \/>\n<link rel=\"canonical\" href=\"https:\/\/wpguerssen-test.odoo.rgbconsulting.com\/es\/producto\/no-llores-mas-cd\/\" \/>\n<meta property=\"og:locale\" content=\"es_ES\" \/>\n<meta property=\"og:type\" content=\"article\" \/>\n<meta property=\"og:title\" content=\"MORENA Y CLARA - No llores m\u00e1s (CD) -  (CD) | Guerssen\" \/>\n<meta property=\"og:description\" content=\"The apparition of Spanish female duo Las Grecas with their Gipsy-Rock sound in the 70s created quite a boom in the Spanish market at the time and paved the way for other similar gipsy-rock duos. Morena y Clara were one of them. Launched by bizarre flamenco producer Lauren Postigo, they released a string of 45s and three LPs (highly sought after now) for the Discophon label. They mixed Rumba, Flamenco, Psychedelic Rock, Funk and Disco Music featuring an amazing production (heavy drums, fuzz-wah-phaser electric guitars, Moog, Hammond) over the wild flamenco female vocals of the duo. Featuring their psychotronic hits like &quot;No llores m\u00e1s&quot;, &quot;Dej\u00e9 de quererte&quot;, &quot;Buscando alegr\u00eda&quot; and more. #nl# Booklet with liner notes by Txarly Brown (Achilifunk) and photos. #nl# Tracklist: 01. Dej\u00e9 de Quererte - 02. Volver\u00e9 a So\u00f1ar - 03. No Me Quieres, No - 04. El Chico Que Yo M\u00e1s Quiero - 05. Ya No Te Guardo Rencor - 06. Todo Pas\u00f3 - 07. Tu Mal Comportamiento - 08. No Llores M\u00e1s - 09. Yo S\u00e9 Que T\u00fa Me Quer\u00edas - 10. Buscando Alegr\u00eda - 11. Ser\u00e1s Mi Luz - 12. Quiero Que T\u00fa Me Beses - 13. Son Las Cosas Del Amor - 14. Eres Fiel A Tus Caprichos.\" \/>\n<meta property=\"og:url\" content=\"https:\/\/wpguerssen-test.odoo.rgbconsulting.com\/es\/producto\/no-llores-mas-cd\/\" \/>\n<meta property=\"og:site_name\" content=\"Guerssen records\" \/>\n<meta property=\"article:modified_time\" content=\"2024-09-03T14:05:14+00:00\" \/>\n<meta property=\"og:image\" content=\"https:\/\/wpguerssen-test.odoo.rgbconsulting.com\/wp-content\/uploads\/2022\/03\/28468.jpg\" \/>\n\t<meta property=\"og:image:width\" content=\"1400\" \/>\n\t<meta property=\"og:image:height\" content=\"1400\" \/>\n\t<meta property=\"og:image:type\" content=\"image\/jpeg\" \/>\n<meta name=\"twitter:card\" content=\"summary_large_image\" \/>\n<meta name=\"twitter:title\" content=\"MORENA Y CLARA - No llores m\u00e1s (CD) -  (CD) | Guerssen\" \/>\n<meta name=\"twitter:label1\" content=\"Tiempo de lectura\" \/>\n\t<meta name=\"twitter:data1\" content=\"1 minuto\" \/>\n<script type=\"application\/ld+json\" class=\"yoast-schema-graph\">{\"@context\":\"https:\/\/schema.org\",\"@graph\":[{\"@type\":\"WebPage\",\"@id\":\"https:\/\/wpguerssen-test.odoo.rgbconsulting.com\/es\/producto\/no-llores-mas-cd\/\",\"url\":\"https:\/\/wpguerssen-test.odoo.rgbconsulting.com\/es\/producto\/no-llores-mas-cd\/\",\"name\":\"MORENA Y CLARA - No llores m\u00e1s (CD) - (CD) | Guerssen\",\"isPartOf\":{\"@id\":\"https:\/\/wpguerssen-test.odoo.rgbconsulting.com\/es\/#website\"},\"primaryImageOfPage\":{\"@id\":\"https:\/\/wpguerssen-test.odoo.rgbconsulting.com\/es\/producto\/no-llores-mas-cd\/#primaryimage\"},\"image\":{\"@id\":\"https:\/\/wpguerssen-test.odoo.rgbconsulting.com\/es\/producto\/no-llores-mas-cd\/#primaryimage\"},\"thumbnailUrl\":\"https:\/\/wpguerssen-test.odoo.rgbconsulting.com\/wp-content\/uploads\/2022\/03\/28468.jpg\",\"datePublished\":\"2017-11-22T23:00:00+00:00\",\"dateModified\":\"2024-09-03T14:05:14+00:00\",\"description\":\"The apparition of Spanish female duo Las Grecas with their Gipsy-Rock sound in the 70s created quite a boom in the Spanish market at the time and paved the way for other similar gipsy-rock duos. Morena y Clara were one of them. Launched by bizarre flamenco producer Lauren Postigo, they released a string of 45s and three LPs (highly sought after now) for the Discophon label. They mixed Rumba, Flamenco, Psychedelic Rock, Funk and Disco Music featuring an amazing production (heavy drums, fuzz-wah-phaser electric guitars, Moog, Hammond) over the wild flamenco female vocals of the duo. Featuring their psychotronic hits like \\\"No llores m\u00e1s\\\", \\\"Dej\u00e9 de quererte\\\", \\\"Buscando alegr\u00eda\\\" and more. #nl# Booklet with liner notes by Txarly Brown (Achilifunk) and photos. #nl# Tracklist: 01. Dej\u00e9 de Quererte - 02. Volver\u00e9 a So\u00f1ar - 03. No Me Quieres, No - 04. El Chico Que Yo M\u00e1s Quiero - 05. Ya No Te Guardo Rencor - 06. Todo Pas\u00f3 - 07. Tu Mal Comportamiento - 08. No Llores M\u00e1s - 09. Yo S\u00e9 Que T\u00fa Me Quer\u00edas - 10. Buscando Alegr\u00eda - 11. Ser\u00e1s Mi Luz - 12. Quiero Que T\u00fa Me Beses - 13. Son Las Cosas Del Amor - 14. Eres Fiel A Tus Caprichos.\",\"breadcrumb\":{\"@id\":\"https:\/\/wpguerssen-test.odoo.rgbconsulting.com\/es\/producto\/no-llores-mas-cd\/#breadcrumb\"},\"inLanguage\":\"es\",\"potentialAction\":[{\"@type\":\"ReadAction\",\"target\":[\"https:\/\/wpguerssen-test.odoo.rgbconsulting.com\/es\/producto\/no-llores-mas-cd\/\"]}]},{\"@type\":\"ImageObject\",\"inLanguage\":\"es\",\"@id\":\"https:\/\/wpguerssen-test.odoo.rgbconsulting.com\/es\/producto\/no-llores-mas-cd\/#primaryimage\",\"url\":\"https:\/\/wpguerssen-test.odoo.rgbconsulting.com\/wp-content\/uploads\/2022\/03\/28468.jpg\",\"contentUrl\":\"https:\/\/wpguerssen-test.odoo.rgbconsulting.com\/wp-content\/uploads\/2022\/03\/28468.jpg\",\"width\":1400,\"height\":1400,\"caption\":\"MORENA Y CLARA - No llores m\u00e1s (CD) - PHARAWAY SOUNDS (CD) | Guerssen\"},{\"@type\":\"BreadcrumbList\",\"@id\":\"https:\/\/wpguerssen-test.odoo.rgbconsulting.com\/es\/producto\/no-llores-mas-cd\/#breadcrumb\",\"itemListElement\":[{\"@type\":\"ListItem\",\"position\":1,\"name\":\"Inicio\",\"item\":\"https:\/\/wpguerssen-test.odoo.rgbconsulting.com\/es\/\"},{\"@type\":\"ListItem\",\"position\":2,\"name\":\"Shop\",\"item\":\"https:\/\/wpguerssen-test.odoo.rgbconsulting.com\/shop\/\"},{\"@type\":\"ListItem\",\"position\":3,\"name\":\"No llores m\u00e1s (CD)\"}]},{\"@type\":\"WebSite\",\"@id\":\"https:\/\/wpguerssen-test.odoo.rgbconsulting.com\/es\/#website\",\"url\":\"https:\/\/wpguerssen-test.odoo.rgbconsulting.com\/es\/\",\"name\":\"Guerssen records\",\"description\":\"psychedelia - progressive - folk - garage \",\"publisher\":{\"@id\":\"https:\/\/wpguerssen-test.odoo.rgbconsulting.com\/es\/#organization\"},\"potentialAction\":[{\"@type\":\"SearchAction\",\"target\":{\"@type\":\"EntryPoint\",\"urlTemplate\":\"https:\/\/wpguerssen-test.odoo.rgbconsulting.com\/es\/?s={search_term_string}\"},\"query-input\":{\"@type\":\"PropertyValueSpecification\",\"valueRequired\":true,\"valueName\":\"search_term_string\"}}],\"inLanguage\":\"es\"},{\"@type\":\"Organization\",\"@id\":\"https:\/\/wpguerssen-test.odoo.rgbconsulting.com\/es\/#organization\",\"name\":\"Guerssen records\",\"url\":\"https:\/\/wpguerssen-test.odoo.rgbconsulting.com\/es\/\",\"logo\":{\"@type\":\"ImageObject\",\"inLanguage\":\"es\",\"@id\":\"https:\/\/wpguerssen-test.odoo.rgbconsulting.com\/es\/#\/schema\/logo\/image\/\",\"url\":\"https:\/\/wpguerssen-test.odoo.rgbconsulting.com\/wp-content\/uploads\/2022\/04\/Logo_Guerssen_trans_100.png\",\"contentUrl\":\"https:\/\/wpguerssen-test.odoo.rgbconsulting.com\/wp-content\/uploads\/2022\/04\/Logo_Guerssen_trans_100.png\",\"width\":122,\"height\":100,\"caption\":\"Guerssen records\"},\"image\":{\"@id\":\"https:\/\/wpguerssen-test.odoo.rgbconsulting.com\/es\/#\/schema\/logo\/image\/\"}}]}<\/script>\n<!-- \/ Yoast SEO plugin. -->","yoast_head_json":{"title":"MORENA Y CLARA - No llores m\u00e1s (CD) -  (CD) | Guerssen","description":"The apparition of Spanish female duo Las Grecas with their Gipsy-Rock sound in the 70s created quite a boom in the Spanish market at the time and paved the way for other similar gipsy-rock duos. Morena y Clara were one of them. Launched by bizarre flamenco producer Lauren Postigo, they released a string of 45s and three LPs (highly sought after now) for the Discophon label. They mixed Rumba, Flamenco, Psychedelic Rock, Funk and Disco Music featuring an amazing production (heavy drums, fuzz-wah-phaser electric guitars, Moog, Hammond) over the wild flamenco female vocals of the duo. Featuring their psychotronic hits like \"No llores m\u00e1s\", \"Dej\u00e9 de quererte\", \"Buscando alegr\u00eda\" and more. #nl# Booklet with liner notes by Txarly Brown (Achilifunk) and photos. #nl# Tracklist: 01. Dej\u00e9 de Quererte - 02. Volver\u00e9 a So\u00f1ar - 03. No Me Quieres, No - 04. El Chico Que Yo M\u00e1s Quiero - 05. Ya No Te Guardo Rencor - 06. Todo Pas\u00f3 - 07. Tu Mal Comportamiento - 08. No Llores M\u00e1s - 09. Yo S\u00e9 Que T\u00fa Me Quer\u00edas - 10. Buscando Alegr\u00eda - 11. Ser\u00e1s Mi Luz - 12. Quiero Que T\u00fa Me Beses - 13. Son Las Cosas Del Amor - 14. Eres Fiel A Tus Caprichos.","robots":{"index":"index","follow":"follow","max-snippet":"max-snippet:-1","max-image-preview":"max-image-preview:large","max-video-preview":"max-video-preview:-1"},"canonical":"https:\/\/wpguerssen-test.odoo.rgbconsulting.com\/es\/producto\/no-llores-mas-cd\/","og_locale":"es_ES","og_type":"article","og_title":"MORENA Y CLARA - No llores m\u00e1s (CD) -  (CD) | Guerssen","og_description":"The apparition of Spanish female duo Las Grecas with their Gipsy-Rock sound in the 70s created quite a boom in the Spanish market at the time and paved the way for other similar gipsy-rock duos. Morena y Clara were one of them. Launched by bizarre flamenco producer Lauren Postigo, they released a string of 45s and three LPs (highly sought after now) for the Discophon label. They mixed Rumba, Flamenco, Psychedelic Rock, Funk and Disco Music featuring an amazing production (heavy drums, fuzz-wah-phaser electric guitars, Moog, Hammond) over the wild flamenco female vocals of the duo. Featuring their psychotronic hits like \"No llores m\u00e1s\", \"Dej\u00e9 de quererte\", \"Buscando alegr\u00eda\" and more. #nl# Booklet with liner notes by Txarly Brown (Achilifunk) and photos. #nl# Tracklist: 01. Dej\u00e9 de Quererte - 02. Volver\u00e9 a So\u00f1ar - 03. No Me Quieres, No - 04. El Chico Que Yo M\u00e1s Quiero - 05. Ya No Te Guardo Rencor - 06. Todo Pas\u00f3 - 07. Tu Mal Comportamiento - 08. No Llores M\u00e1s - 09. Yo S\u00e9 Que T\u00fa Me Quer\u00edas - 10. Buscando Alegr\u00eda - 11. Ser\u00e1s Mi Luz - 12. Quiero Que T\u00fa Me Beses - 13. Son Las Cosas Del Amor - 14. Eres Fiel A Tus Caprichos.","og_url":"https:\/\/wpguerssen-test.odoo.rgbconsulting.com\/es\/producto\/no-llores-mas-cd\/","og_site_name":"Guerssen records","article_modified_time":"2024-09-03T14:05:14+00:00","og_image":[{"width":1400,"height":1400,"url":"https:\/\/wpguerssen-test.odoo.rgbconsulting.com\/wp-content\/uploads\/2022\/03\/28468.jpg","type":"image\/jpeg"}],"twitter_card":"summary_large_image","twitter_title":"MORENA Y CLARA - No llores m\u00e1s (CD) -  (CD) | Guerssen","twitter_misc":{"Tiempo de lectura":"1 minuto"},"schema":{"@context":"https:\/\/schema.org","@graph":[{"@type":"WebPage","@id":"https:\/\/wpguerssen-test.odoo.rgbconsulting.com\/es\/producto\/no-llores-mas-cd\/","url":"https:\/\/wpguerssen-test.odoo.rgbconsulting.com\/es\/producto\/no-llores-mas-cd\/","name":"MORENA Y CLARA - No llores m\u00e1s (CD) - (CD) | Guerssen","isPartOf":{"@id":"https:\/\/wpguerssen-test.odoo.rgbconsulting.com\/es\/#website"},"primaryImageOfPage":{"@id":"https:\/\/wpguerssen-test.odoo.rgbconsulting.com\/es\/producto\/no-llores-mas-cd\/#primaryimage"},"image":{"@id":"https:\/\/wpguerssen-test.odoo.rgbconsulting.com\/es\/producto\/no-llores-mas-cd\/#primaryimage"},"thumbnailUrl":"https:\/\/wpguerssen-test.odoo.rgbconsulting.com\/wp-content\/uploads\/2022\/03\/28468.jpg","datePublished":"2017-11-22T23:00:00+00:00","dateModified":"2024-09-03T14:05:14+00:00","description":"The apparition of Spanish female duo Las Grecas with their Gipsy-Rock sound in the 70s created quite a boom in the Spanish market at the time and paved the way for other similar gipsy-rock duos. Morena y Clara were one of them. Launched by bizarre flamenco producer Lauren Postigo, they released a string of 45s and three LPs (highly sought after now) for the Discophon label. They mixed Rumba, Flamenco, Psychedelic Rock, Funk and Disco Music featuring an amazing production (heavy drums, fuzz-wah-phaser electric guitars, Moog, Hammond) over the wild flamenco female vocals of the duo. Featuring their psychotronic hits like \"No llores m\u00e1s\", \"Dej\u00e9 de quererte\", \"Buscando alegr\u00eda\" and more. #nl# Booklet with liner notes by Txarly Brown (Achilifunk) and photos. #nl# Tracklist: 01. Dej\u00e9 de Quererte - 02. Volver\u00e9 a So\u00f1ar - 03. No Me Quieres, No - 04. El Chico Que Yo M\u00e1s Quiero - 05. Ya No Te Guardo Rencor - 06. Todo Pas\u00f3 - 07. Tu Mal Comportamiento - 08. No Llores M\u00e1s - 09. Yo S\u00e9 Que T\u00fa Me Quer\u00edas - 10. Buscando Alegr\u00eda - 11. Ser\u00e1s Mi Luz - 12. Quiero Que T\u00fa Me Beses - 13. Son Las Cosas Del Amor - 14. Eres Fiel A Tus Caprichos.","breadcrumb":{"@id":"https:\/\/wpguerssen-test.odoo.rgbconsulting.com\/es\/producto\/no-llores-mas-cd\/#breadcrumb"},"inLanguage":"es","potentialAction":[{"@type":"ReadAction","target":["https:\/\/wpguerssen-test.odoo.rgbconsulting.com\/es\/producto\/no-llores-mas-cd\/"]}]},{"@type":"ImageObject","inLanguage":"es","@id":"https:\/\/wpguerssen-test.odoo.rgbconsulting.com\/es\/producto\/no-llores-mas-cd\/#primaryimage","url":"https:\/\/wpguerssen-test.odoo.rgbconsulting.com\/wp-content\/uploads\/2022\/03\/28468.jpg","contentUrl":"https:\/\/wpguerssen-test.odoo.rgbconsulting.com\/wp-content\/uploads\/2022\/03\/28468.jpg","width":1400,"height":1400,"caption":"MORENA Y CLARA - No llores m\u00e1s (CD) - PHARAWAY SOUNDS (CD) | Guerssen"},{"@type":"BreadcrumbList","@id":"https:\/\/wpguerssen-test.odoo.rgbconsulting.com\/es\/producto\/no-llores-mas-cd\/#breadcrumb","itemListElement":[{"@type":"ListItem","position":1,"name":"Inicio","item":"https:\/\/wpguerssen-test.odoo.rgbconsulting.com\/es\/"},{"@type":"ListItem","position":2,"name":"Shop","item":"https:\/\/wpguerssen-test.odoo.rgbconsulting.com\/shop\/"},{"@type":"ListItem","position":3,"name":"No llores m\u00e1s (CD)"}]},{"@type":"WebSite","@id":"https:\/\/wpguerssen-test.odoo.rgbconsulting.com\/es\/#website","url":"https:\/\/wpguerssen-test.odoo.rgbconsulting.com\/es\/","name":"Guerssen records","description":"psychedelia - progressive - folk - garage ","publisher":{"@id":"https:\/\/wpguerssen-test.odoo.rgbconsulting.com\/es\/#organization"},"potentialAction":[{"@type":"SearchAction","target":{"@type":"EntryPoint","urlTemplate":"https:\/\/wpguerssen-test.odoo.rgbconsulting.com\/es\/?s={search_term_string}"},"query-input":{"@type":"PropertyValueSpecification","valueRequired":true,"valueName":"search_term_string"}}],"inLanguage":"es"},{"@type":"Organization","@id":"https:\/\/wpguerssen-test.odoo.rgbconsulting.com\/es\/#organization","name":"Guerssen records","url":"https:\/\/wpguerssen-test.odoo.rgbconsulting.com\/es\/","logo":{"@type":"ImageObject","inLanguage":"es","@id":"https:\/\/wpguerssen-test.odoo.rgbconsulting.com\/es\/#\/schema\/logo\/image\/","url":"https:\/\/wpguerssen-test.odoo.rgbconsulting.com\/wp-content\/uploads\/2022\/04\/Logo_Guerssen_trans_100.png","contentUrl":"https:\/\/wpguerssen-test.odoo.rgbconsulting.com\/wp-content\/uploads\/2022\/04\/Logo_Guerssen_trans_100.png","width":122,"height":100,"caption":"Guerssen records"},"image":{"@id":"https:\/\/wpguerssen-test.odoo.rgbconsulting.com\/es\/#\/schema\/logo\/image\/"}}]}},"_links":{"self":[{"href":"https:\/\/wpguerssen-test.odoo.rgbconsulting.com\/es\/wp-json\/wp\/v2\/product\/187051","targetHints":{"allow":["GET"]}}],"collection":[{"href":"https:\/\/wpguerssen-test.odoo.rgbconsulting.com\/es\/wp-json\/wp\/v2\/product"}],"about":[{"href":"https:\/\/wpguerssen-test.odoo.rgbconsulting.com\/es\/wp-json\/wp\/v2\/types\/product"}],"wp:featuredmedia":[{"embeddable":true,"href":"https:\/\/wpguerssen-test.odoo.rgbconsulting.com\/es\/wp-json\/wp\/v2\/media\/120765"}],"wp:attachment":[{"href":"https:\/\/wpguerssen-test.odoo.rgbconsulting.com\/es\/wp-json\/wp\/v2\/media?parent=187051"}],"wp:term":[{"taxonomy":"product_brand","embeddable":true,"href":"https:\/\/wpguerssen-test.odoo.rgbconsulting.com\/es\/wp-json\/wp\/v2\/product_brand?post=187051"},{"taxonomy":"product_cat","embeddable":true,"href":"https:\/\/wpguerssen-test.odoo.rgbconsulting.com\/es\/wp-json\/wp\/v2\/product_cat?post=187051"},{"taxonomy":"product_tag","embeddable":true,"href":"https:\/\/wpguerssen-test.odoo.rgbconsulting.com\/es\/wp-json\/wp\/v2\/product_tag?post=187051"}],"curies":[{"name":"wp","href":"https:\/\/api.w.org\/{rel}","templated":true}]}}