{"id":187078,"date":"2017-04-26T00:00:00","date_gmt":"2017-04-25T22:00:00","guid":{"rendered":"http:\/\/guerssen.hl1097.dinaserver.com\/product\/israel-suite-dominante-en-bleu-cd\/"},"modified":"2024-02-19T12:30:51","modified_gmt":"2024-02-19T11:30:51","slug":"israel-suite-dominante-en-bleu-cd","status":"publish","type":"product","link":"https:\/\/wpguerssen-test.odoo.rgbconsulting.com\/es\/producto\/israel-suite-dominante-en-bleu-cd\/","title":{"rendered":"Israel Suite \/ Dominante En Bleu (CD)"},"content":{"rendered":"<p>Imposible de encontrar prensaje privado, Francia 1973. Una alucinamte mezcla de jazz espiritual, funk, psicodelia, progresivo, jazz vocal, pop&#8230; <\/p>\n<p> Rupture nacieron cuando el famoso compositor franc\u00e9s Boris Bergman (France Gall, Dalida, etc) decidi\u00f3 grabar un \u00e1lbum conceptual dedicado a la historia de Israel. Llam\u00f3 al bater\u00eda, compositor y cantante Sylvain Krief (Airto Fogo), un talentoso m\u00fasico que lo mismo tocaba con estrellas del pop franc\u00e9s como Michel Fugain y Aznavour, que con m\u00fasicos de jazz y funk como Clark Terry o Bud Powell. Al poco tiempo, otros m\u00fasicos se unieron al proyecto: Jean-Fran\u00e7ois Jenny-Clark (Don Cherry, Steve Lacy, etc) al contrabajo, Georges Locatelli (del grupo prog-psych Total Issue) a la guitarra, Jean-Pierre Mas al piano, \u00f3rgano, guitarra, voces&#8230;En definitiva, lo mejor de la escena Europea de jazz \/ fusi\u00f3n \/ progresiva. <\/p>\n<p> En el disco, tambi\u00e9n colaboraron a los coros Nicolle Croisille y Michel Fugain. Se grab\u00f3 durante tres meses y el resultado se edit\u00f3 de forma privada con apoyo del sello underground Futura. Con arreglos de Sylvain Krief y Jean-Pierre Mas, \u00abIsrael Suite\u00bb conten\u00eda una larga suite que ocupaba toda la cara A y temas m\u00e1s cortos en la cara B. <\/p>\n<p> *Arte original en portada gatefold. <\/p>\n<p> *LP incluye cup\u00f3n de descarga digital gratuita <\/p>\n<p> RIYL: CORTEX, LES MASQUES, ARVANITAS, HERBIE HANCOCK, FULL MOON ENSEMBLE&#8230; <\/p>\n<p> Tracklist: <br \/>Israel Suite &#8211; Mes Histories Bleues &#8211; Voyage Sous La Mer &#8211; Alice Aux Miroirs &#8211; Autre Fois &#8211; Entre Ses Cils<\/p>\n","protected":false},"excerpt":{"rendered":"<p>Imposible de encontrar prensaje privado, Francia 1973. Una alucinamte mezcla de jazz espiritual, funk, psicodelia, progresivo, jazz vocal, pop&#8230; <\/p>\n<p>\u00a0<\/p>\n<p><a class=\"read\" href=\"https:\/\/wpguerssen-test.odoo.rgbconsulting.com\/es\/producto\/israel-suite-dominante-en-bleu-cd\/\"> (...)<\/a>","protected":false},"featured_media":120812,"template":"","meta":{"_acf_changed":false},"product_brand":[],"product_cat":[23228,23227],"product_tag":[29138],"class_list":{"0":"post-187078","1":"product","2":"type-product","3":"status-publish","4":"has-post-thumbnail","6":"product_cat-jazz-funk-es","7":"product_cat-jazz-es","8":"product_tag-cd-es","9":"pa_artist-rupture","10":"pa_format-cd-2-es","11":"pa_gender-jazz-jazz-funk","12":"pa_label-sommor-es","13":"pa_location-europe-es","15":"first","16":"instock","17":"taxable","18":"shipping-taxable","19":"purchasable","20":"product-type-simple"},"acf":[],"yoast_head":"<!-- This site is optimized with the Yoast SEO plugin v24.9 - https:\/\/yoast.com\/wordpress\/plugins\/seo\/ -->\n<title>RUPTURE - Israel Suite \/ Dominante En Bleu (CD) -  (CD) | Guerssen<\/title>\n<meta name=\"description\" content=\"Impossible to find Spiritual Jazz \/ Funk \/ Groove \/ Psych rarity from France, 1973. #nl# Rupture was born when famous French songwriter Boris Bergman (France Gall, Dalida, etc) decided to record a conceptual album about the history of Israel. He approached ace drummer and singer Sylvain Krief (Airto Fogo, Michel Fugain, Aznavour, Clark Terry, Bud Powell, etc) and soon, other musicians joined: Jean-Fran\u00e7ois Jenny-Clark (Don Cherry, Steve Lacy, etc) on bass, Georges Locatelli (Total Issue) on guitar, Jean-Pierre Mas (piano, organ, guitar, vocals...) In resume, Rupture was a kind of super-group featuring some of the best musicians from the Euro jazz \/ progressive \/ fusion scene. It also included collaborations by Michel Fugain and Nicole Croisille. #nl# The album was recorded over a period of three months and the result was released as a very limited private pressing with help from the Futura label. Arranged by Sylvain Krief and Jean-Pierre Mas, &quot;Israel Suite&quot; included a side-long suite on side A and shorter songs on Side B. An incredible mix of vocal \/ spiritual jazz, funk, progressive, jazz-pop, psych... #nl# *Original artwork in gatefold sleeve. #nl# *LP includes free digital download coupon. #nl# RIYL: CORTEX, LES MASQUES, ARVANITAS, HERBIE HANCOCK, FULL MOON ENSEMBLE... #nl# Tracklist:Israel Suite - Mes Histories Bleues - Voyage Sous La Mer - Alice Aux Miroirs - Autre Fois - Entre Ses Cils\" \/>\n<meta name=\"robots\" content=\"index, follow, max-snippet:-1, max-image-preview:large, max-video-preview:-1\" \/>\n<link rel=\"canonical\" href=\"https:\/\/wpguerssen-test.odoo.rgbconsulting.com\/es\/producto\/israel-suite-dominante-en-bleu-cd\/\" \/>\n<meta property=\"og:locale\" content=\"es_ES\" \/>\n<meta property=\"og:type\" content=\"article\" \/>\n<meta property=\"og:title\" content=\"RUPTURE - Israel Suite \/ Dominante En Bleu (CD) -  (CD) | Guerssen\" \/>\n<meta property=\"og:description\" content=\"Impossible to find Spiritual Jazz \/ Funk \/ Groove \/ Psych rarity from France, 1973. #nl# Rupture was born when famous French songwriter Boris Bergman (France Gall, Dalida, etc) decided to record a conceptual album about the history of Israel. He approached ace drummer and singer Sylvain Krief (Airto Fogo, Michel Fugain, Aznavour, Clark Terry, Bud Powell, etc) and soon, other musicians joined: Jean-Fran\u00e7ois Jenny-Clark (Don Cherry, Steve Lacy, etc) on bass, Georges Locatelli (Total Issue) on guitar, Jean-Pierre Mas (piano, organ, guitar, vocals...) In resume, Rupture was a kind of super-group featuring some of the best musicians from the Euro jazz \/ progressive \/ fusion scene. It also included collaborations by Michel Fugain and Nicole Croisille. #nl# The album was recorded over a period of three months and the result was released as a very limited private pressing with help from the Futura label. Arranged by Sylvain Krief and Jean-Pierre Mas, &quot;Israel Suite&quot; included a side-long suite on side A and shorter songs on Side B. An incredible mix of vocal \/ spiritual jazz, funk, progressive, jazz-pop, psych... #nl# *Original artwork in gatefold sleeve. #nl# *LP includes free digital download coupon. #nl# RIYL: CORTEX, LES MASQUES, ARVANITAS, HERBIE HANCOCK, FULL MOON ENSEMBLE... #nl# Tracklist:Israel Suite - Mes Histories Bleues - Voyage Sous La Mer - Alice Aux Miroirs - Autre Fois - Entre Ses Cils\" \/>\n<meta property=\"og:url\" content=\"https:\/\/wpguerssen-test.odoo.rgbconsulting.com\/es\/producto\/israel-suite-dominante-en-bleu-cd\/\" \/>\n<meta property=\"og:site_name\" content=\"Guerssen records\" \/>\n<meta property=\"article:modified_time\" content=\"2024-02-19T11:30:51+00:00\" \/>\n<meta property=\"og:image\" content=\"https:\/\/wpguerssen-test.odoo.rgbconsulting.com\/wp-content\/uploads\/2022\/03\/28527.jpg\" \/>\n\t<meta property=\"og:image:width\" content=\"1500\" \/>\n\t<meta property=\"og:image:height\" content=\"1500\" \/>\n\t<meta property=\"og:image:type\" content=\"image\/jpeg\" \/>\n<meta name=\"twitter:card\" content=\"summary_large_image\" \/>\n<meta name=\"twitter:title\" content=\"RUPTURE - Israel Suite \/ Dominante En Bleu (CD) -  (CD) | Guerssen\" \/>\n<meta name=\"twitter:label1\" content=\"Tiempo de lectura\" \/>\n\t<meta name=\"twitter:data1\" content=\"1 minuto\" \/>\n<script type=\"application\/ld+json\" class=\"yoast-schema-graph\">{\"@context\":\"https:\/\/schema.org\",\"@graph\":[{\"@type\":\"WebPage\",\"@id\":\"https:\/\/wpguerssen-test.odoo.rgbconsulting.com\/es\/producto\/israel-suite-dominante-en-bleu-cd\/\",\"url\":\"https:\/\/wpguerssen-test.odoo.rgbconsulting.com\/es\/producto\/israel-suite-dominante-en-bleu-cd\/\",\"name\":\"RUPTURE - Israel Suite \/ Dominante En Bleu (CD) - (CD) | Guerssen\",\"isPartOf\":{\"@id\":\"https:\/\/wpguerssen-test.odoo.rgbconsulting.com\/es\/#website\"},\"primaryImageOfPage\":{\"@id\":\"https:\/\/wpguerssen-test.odoo.rgbconsulting.com\/es\/producto\/israel-suite-dominante-en-bleu-cd\/#primaryimage\"},\"image\":{\"@id\":\"https:\/\/wpguerssen-test.odoo.rgbconsulting.com\/es\/producto\/israel-suite-dominante-en-bleu-cd\/#primaryimage\"},\"thumbnailUrl\":\"https:\/\/wpguerssen-test.odoo.rgbconsulting.com\/wp-content\/uploads\/2022\/03\/28527.jpg\",\"datePublished\":\"2017-04-25T22:00:00+00:00\",\"dateModified\":\"2024-02-19T11:30:51+00:00\",\"description\":\"Impossible to find Spiritual Jazz \/ Funk \/ Groove \/ Psych rarity from France, 1973. #nl# Rupture was born when famous French songwriter Boris Bergman (France Gall, Dalida, etc) decided to record a conceptual album about the history of Israel. He approached ace drummer and singer Sylvain Krief (Airto Fogo, Michel Fugain, Aznavour, Clark Terry, Bud Powell, etc) and soon, other musicians joined: Jean-Fran\u00e7ois Jenny-Clark (Don Cherry, Steve Lacy, etc) on bass, Georges Locatelli (Total Issue) on guitar, Jean-Pierre Mas (piano, organ, guitar, vocals...) In resume, Rupture was a kind of super-group featuring some of the best musicians from the Euro jazz \/ progressive \/ fusion scene. It also included collaborations by Michel Fugain and Nicole Croisille. #nl# The album was recorded over a period of three months and the result was released as a very limited private pressing with help from the Futura label. Arranged by Sylvain Krief and Jean-Pierre Mas, \\\"Israel Suite\\\" included a side-long suite on side A and shorter songs on Side B. An incredible mix of vocal \/ spiritual jazz, funk, progressive, jazz-pop, psych... #nl# *Original artwork in gatefold sleeve. #nl# *LP includes free digital download coupon. #nl# RIYL: CORTEX, LES MASQUES, ARVANITAS, HERBIE HANCOCK, FULL MOON ENSEMBLE... #nl# Tracklist:Israel Suite - Mes Histories Bleues - Voyage Sous La Mer - Alice Aux Miroirs - Autre Fois - Entre Ses Cils\",\"breadcrumb\":{\"@id\":\"https:\/\/wpguerssen-test.odoo.rgbconsulting.com\/es\/producto\/israel-suite-dominante-en-bleu-cd\/#breadcrumb\"},\"inLanguage\":\"es\",\"potentialAction\":[{\"@type\":\"ReadAction\",\"target\":[\"https:\/\/wpguerssen-test.odoo.rgbconsulting.com\/es\/producto\/israel-suite-dominante-en-bleu-cd\/\"]}]},{\"@type\":\"ImageObject\",\"inLanguage\":\"es\",\"@id\":\"https:\/\/wpguerssen-test.odoo.rgbconsulting.com\/es\/producto\/israel-suite-dominante-en-bleu-cd\/#primaryimage\",\"url\":\"https:\/\/wpguerssen-test.odoo.rgbconsulting.com\/wp-content\/uploads\/2022\/03\/28527.jpg\",\"contentUrl\":\"https:\/\/wpguerssen-test.odoo.rgbconsulting.com\/wp-content\/uploads\/2022\/03\/28527.jpg\",\"width\":1500,\"height\":1500,\"caption\":\"RUPTURE - Israel Suite \/ Dominante En Bleu (CD) - SOMMOR (CD) | Guerssen\"},{\"@type\":\"BreadcrumbList\",\"@id\":\"https:\/\/wpguerssen-test.odoo.rgbconsulting.com\/es\/producto\/israel-suite-dominante-en-bleu-cd\/#breadcrumb\",\"itemListElement\":[{\"@type\":\"ListItem\",\"position\":1,\"name\":\"Inicio\",\"item\":\"https:\/\/wpguerssen-test.odoo.rgbconsulting.com\/es\/\"},{\"@type\":\"ListItem\",\"position\":2,\"name\":\"Shop\",\"item\":\"https:\/\/wpguerssen-test.odoo.rgbconsulting.com\/shop\/\"},{\"@type\":\"ListItem\",\"position\":3,\"name\":\"Israel Suite \/ Dominante En Bleu (CD)\"}]},{\"@type\":\"WebSite\",\"@id\":\"https:\/\/wpguerssen-test.odoo.rgbconsulting.com\/es\/#website\",\"url\":\"https:\/\/wpguerssen-test.odoo.rgbconsulting.com\/es\/\",\"name\":\"Guerssen records\",\"description\":\"psychedelia - progressive - folk - garage \",\"publisher\":{\"@id\":\"https:\/\/wpguerssen-test.odoo.rgbconsulting.com\/es\/#organization\"},\"potentialAction\":[{\"@type\":\"SearchAction\",\"target\":{\"@type\":\"EntryPoint\",\"urlTemplate\":\"https:\/\/wpguerssen-test.odoo.rgbconsulting.com\/es\/?s={search_term_string}\"},\"query-input\":{\"@type\":\"PropertyValueSpecification\",\"valueRequired\":true,\"valueName\":\"search_term_string\"}}],\"inLanguage\":\"es\"},{\"@type\":\"Organization\",\"@id\":\"https:\/\/wpguerssen-test.odoo.rgbconsulting.com\/es\/#organization\",\"name\":\"Guerssen records\",\"url\":\"https:\/\/wpguerssen-test.odoo.rgbconsulting.com\/es\/\",\"logo\":{\"@type\":\"ImageObject\",\"inLanguage\":\"es\",\"@id\":\"https:\/\/wpguerssen-test.odoo.rgbconsulting.com\/es\/#\/schema\/logo\/image\/\",\"url\":\"https:\/\/wpguerssen-test.odoo.rgbconsulting.com\/wp-content\/uploads\/2022\/04\/Logo_Guerssen_trans_100.png\",\"contentUrl\":\"https:\/\/wpguerssen-test.odoo.rgbconsulting.com\/wp-content\/uploads\/2022\/04\/Logo_Guerssen_trans_100.png\",\"width\":122,\"height\":100,\"caption\":\"Guerssen records\"},\"image\":{\"@id\":\"https:\/\/wpguerssen-test.odoo.rgbconsulting.com\/es\/#\/schema\/logo\/image\/\"}}]}<\/script>\n<!-- \/ Yoast SEO plugin. -->","yoast_head_json":{"title":"RUPTURE - Israel Suite \/ Dominante En Bleu (CD) -  (CD) | Guerssen","description":"Impossible to find Spiritual Jazz \/ Funk \/ Groove \/ Psych rarity from France, 1973. #nl# Rupture was born when famous French songwriter Boris Bergman (France Gall, Dalida, etc) decided to record a conceptual album about the history of Israel. He approached ace drummer and singer Sylvain Krief (Airto Fogo, Michel Fugain, Aznavour, Clark Terry, Bud Powell, etc) and soon, other musicians joined: Jean-Fran\u00e7ois Jenny-Clark (Don Cherry, Steve Lacy, etc) on bass, Georges Locatelli (Total Issue) on guitar, Jean-Pierre Mas (piano, organ, guitar, vocals...) In resume, Rupture was a kind of super-group featuring some of the best musicians from the Euro jazz \/ progressive \/ fusion scene. It also included collaborations by Michel Fugain and Nicole Croisille. #nl# The album was recorded over a period of three months and the result was released as a very limited private pressing with help from the Futura label. Arranged by Sylvain Krief and Jean-Pierre Mas, \"Israel Suite\" included a side-long suite on side A and shorter songs on Side B. An incredible mix of vocal \/ spiritual jazz, funk, progressive, jazz-pop, psych... #nl# *Original artwork in gatefold sleeve. #nl# *LP includes free digital download coupon. #nl# RIYL: CORTEX, LES MASQUES, ARVANITAS, HERBIE HANCOCK, FULL MOON ENSEMBLE... #nl# Tracklist:Israel Suite - Mes Histories Bleues - Voyage Sous La Mer - Alice Aux Miroirs - Autre Fois - Entre Ses Cils","robots":{"index":"index","follow":"follow","max-snippet":"max-snippet:-1","max-image-preview":"max-image-preview:large","max-video-preview":"max-video-preview:-1"},"canonical":"https:\/\/wpguerssen-test.odoo.rgbconsulting.com\/es\/producto\/israel-suite-dominante-en-bleu-cd\/","og_locale":"es_ES","og_type":"article","og_title":"RUPTURE - Israel Suite \/ Dominante En Bleu (CD) -  (CD) | Guerssen","og_description":"Impossible to find Spiritual Jazz \/ Funk \/ Groove \/ Psych rarity from France, 1973. #nl# Rupture was born when famous French songwriter Boris Bergman (France Gall, Dalida, etc) decided to record a conceptual album about the history of Israel. He approached ace drummer and singer Sylvain Krief (Airto Fogo, Michel Fugain, Aznavour, Clark Terry, Bud Powell, etc) and soon, other musicians joined: Jean-Fran\u00e7ois Jenny-Clark (Don Cherry, Steve Lacy, etc) on bass, Georges Locatelli (Total Issue) on guitar, Jean-Pierre Mas (piano, organ, guitar, vocals...) In resume, Rupture was a kind of super-group featuring some of the best musicians from the Euro jazz \/ progressive \/ fusion scene. It also included collaborations by Michel Fugain and Nicole Croisille. #nl# The album was recorded over a period of three months and the result was released as a very limited private pressing with help from the Futura label. Arranged by Sylvain Krief and Jean-Pierre Mas, \"Israel Suite\" included a side-long suite on side A and shorter songs on Side B. An incredible mix of vocal \/ spiritual jazz, funk, progressive, jazz-pop, psych... #nl# *Original artwork in gatefold sleeve. #nl# *LP includes free digital download coupon. #nl# RIYL: CORTEX, LES MASQUES, ARVANITAS, HERBIE HANCOCK, FULL MOON ENSEMBLE... #nl# Tracklist:Israel Suite - Mes Histories Bleues - Voyage Sous La Mer - Alice Aux Miroirs - Autre Fois - Entre Ses Cils","og_url":"https:\/\/wpguerssen-test.odoo.rgbconsulting.com\/es\/producto\/israel-suite-dominante-en-bleu-cd\/","og_site_name":"Guerssen records","article_modified_time":"2024-02-19T11:30:51+00:00","og_image":[{"width":1500,"height":1500,"url":"https:\/\/wpguerssen-test.odoo.rgbconsulting.com\/wp-content\/uploads\/2022\/03\/28527.jpg","type":"image\/jpeg"}],"twitter_card":"summary_large_image","twitter_title":"RUPTURE - Israel Suite \/ Dominante En Bleu (CD) -  (CD) | Guerssen","twitter_misc":{"Tiempo de lectura":"1 minuto"},"schema":{"@context":"https:\/\/schema.org","@graph":[{"@type":"WebPage","@id":"https:\/\/wpguerssen-test.odoo.rgbconsulting.com\/es\/producto\/israel-suite-dominante-en-bleu-cd\/","url":"https:\/\/wpguerssen-test.odoo.rgbconsulting.com\/es\/producto\/israel-suite-dominante-en-bleu-cd\/","name":"RUPTURE - Israel Suite \/ Dominante En Bleu (CD) - (CD) | Guerssen","isPartOf":{"@id":"https:\/\/wpguerssen-test.odoo.rgbconsulting.com\/es\/#website"},"primaryImageOfPage":{"@id":"https:\/\/wpguerssen-test.odoo.rgbconsulting.com\/es\/producto\/israel-suite-dominante-en-bleu-cd\/#primaryimage"},"image":{"@id":"https:\/\/wpguerssen-test.odoo.rgbconsulting.com\/es\/producto\/israel-suite-dominante-en-bleu-cd\/#primaryimage"},"thumbnailUrl":"https:\/\/wpguerssen-test.odoo.rgbconsulting.com\/wp-content\/uploads\/2022\/03\/28527.jpg","datePublished":"2017-04-25T22:00:00+00:00","dateModified":"2024-02-19T11:30:51+00:00","description":"Impossible to find Spiritual Jazz \/ Funk \/ Groove \/ Psych rarity from France, 1973. #nl# Rupture was born when famous French songwriter Boris Bergman (France Gall, Dalida, etc) decided to record a conceptual album about the history of Israel. He approached ace drummer and singer Sylvain Krief (Airto Fogo, Michel Fugain, Aznavour, Clark Terry, Bud Powell, etc) and soon, other musicians joined: Jean-Fran\u00e7ois Jenny-Clark (Don Cherry, Steve Lacy, etc) on bass, Georges Locatelli (Total Issue) on guitar, Jean-Pierre Mas (piano, organ, guitar, vocals...) In resume, Rupture was a kind of super-group featuring some of the best musicians from the Euro jazz \/ progressive \/ fusion scene. It also included collaborations by Michel Fugain and Nicole Croisille. #nl# The album was recorded over a period of three months and the result was released as a very limited private pressing with help from the Futura label. Arranged by Sylvain Krief and Jean-Pierre Mas, \"Israel Suite\" included a side-long suite on side A and shorter songs on Side B. An incredible mix of vocal \/ spiritual jazz, funk, progressive, jazz-pop, psych... #nl# *Original artwork in gatefold sleeve. #nl# *LP includes free digital download coupon. #nl# RIYL: CORTEX, LES MASQUES, ARVANITAS, HERBIE HANCOCK, FULL MOON ENSEMBLE... #nl# Tracklist:Israel Suite - Mes Histories Bleues - Voyage Sous La Mer - Alice Aux Miroirs - Autre Fois - Entre Ses Cils","breadcrumb":{"@id":"https:\/\/wpguerssen-test.odoo.rgbconsulting.com\/es\/producto\/israel-suite-dominante-en-bleu-cd\/#breadcrumb"},"inLanguage":"es","potentialAction":[{"@type":"ReadAction","target":["https:\/\/wpguerssen-test.odoo.rgbconsulting.com\/es\/producto\/israel-suite-dominante-en-bleu-cd\/"]}]},{"@type":"ImageObject","inLanguage":"es","@id":"https:\/\/wpguerssen-test.odoo.rgbconsulting.com\/es\/producto\/israel-suite-dominante-en-bleu-cd\/#primaryimage","url":"https:\/\/wpguerssen-test.odoo.rgbconsulting.com\/wp-content\/uploads\/2022\/03\/28527.jpg","contentUrl":"https:\/\/wpguerssen-test.odoo.rgbconsulting.com\/wp-content\/uploads\/2022\/03\/28527.jpg","width":1500,"height":1500,"caption":"RUPTURE - Israel Suite \/ Dominante En Bleu (CD) - SOMMOR (CD) | Guerssen"},{"@type":"BreadcrumbList","@id":"https:\/\/wpguerssen-test.odoo.rgbconsulting.com\/es\/producto\/israel-suite-dominante-en-bleu-cd\/#breadcrumb","itemListElement":[{"@type":"ListItem","position":1,"name":"Inicio","item":"https:\/\/wpguerssen-test.odoo.rgbconsulting.com\/es\/"},{"@type":"ListItem","position":2,"name":"Shop","item":"https:\/\/wpguerssen-test.odoo.rgbconsulting.com\/shop\/"},{"@type":"ListItem","position":3,"name":"Israel Suite \/ Dominante En Bleu (CD)"}]},{"@type":"WebSite","@id":"https:\/\/wpguerssen-test.odoo.rgbconsulting.com\/es\/#website","url":"https:\/\/wpguerssen-test.odoo.rgbconsulting.com\/es\/","name":"Guerssen records","description":"psychedelia - progressive - folk - garage ","publisher":{"@id":"https:\/\/wpguerssen-test.odoo.rgbconsulting.com\/es\/#organization"},"potentialAction":[{"@type":"SearchAction","target":{"@type":"EntryPoint","urlTemplate":"https:\/\/wpguerssen-test.odoo.rgbconsulting.com\/es\/?s={search_term_string}"},"query-input":{"@type":"PropertyValueSpecification","valueRequired":true,"valueName":"search_term_string"}}],"inLanguage":"es"},{"@type":"Organization","@id":"https:\/\/wpguerssen-test.odoo.rgbconsulting.com\/es\/#organization","name":"Guerssen records","url":"https:\/\/wpguerssen-test.odoo.rgbconsulting.com\/es\/","logo":{"@type":"ImageObject","inLanguage":"es","@id":"https:\/\/wpguerssen-test.odoo.rgbconsulting.com\/es\/#\/schema\/logo\/image\/","url":"https:\/\/wpguerssen-test.odoo.rgbconsulting.com\/wp-content\/uploads\/2022\/04\/Logo_Guerssen_trans_100.png","contentUrl":"https:\/\/wpguerssen-test.odoo.rgbconsulting.com\/wp-content\/uploads\/2022\/04\/Logo_Guerssen_trans_100.png","width":122,"height":100,"caption":"Guerssen records"},"image":{"@id":"https:\/\/wpguerssen-test.odoo.rgbconsulting.com\/es\/#\/schema\/logo\/image\/"}}]}},"_links":{"self":[{"href":"https:\/\/wpguerssen-test.odoo.rgbconsulting.com\/es\/wp-json\/wp\/v2\/product\/187078","targetHints":{"allow":["GET"]}}],"collection":[{"href":"https:\/\/wpguerssen-test.odoo.rgbconsulting.com\/es\/wp-json\/wp\/v2\/product"}],"about":[{"href":"https:\/\/wpguerssen-test.odoo.rgbconsulting.com\/es\/wp-json\/wp\/v2\/types\/product"}],"wp:featuredmedia":[{"embeddable":true,"href":"https:\/\/wpguerssen-test.odoo.rgbconsulting.com\/es\/wp-json\/wp\/v2\/media\/120812"}],"wp:attachment":[{"href":"https:\/\/wpguerssen-test.odoo.rgbconsulting.com\/es\/wp-json\/wp\/v2\/media?parent=187078"}],"wp:term":[{"taxonomy":"product_brand","embeddable":true,"href":"https:\/\/wpguerssen-test.odoo.rgbconsulting.com\/es\/wp-json\/wp\/v2\/product_brand?post=187078"},{"taxonomy":"product_cat","embeddable":true,"href":"https:\/\/wpguerssen-test.odoo.rgbconsulting.com\/es\/wp-json\/wp\/v2\/product_cat?post=187078"},{"taxonomy":"product_tag","embeddable":true,"href":"https:\/\/wpguerssen-test.odoo.rgbconsulting.com\/es\/wp-json\/wp\/v2\/product_tag?post=187078"}],"curies":[{"name":"wp","href":"https:\/\/api.w.org\/{rel}","templated":true}]}}