{"id":187183,"date":"2019-05-06T00:00:00","date_gmt":"2019-05-05T22:00:00","guid":{"rendered":"http:\/\/guerssen.hl1097.dinaserver.com\/product\/angela-7\/"},"modified":"2024-02-19T12:36:47","modified_gmt":"2024-02-19T11:36:47","slug":"angela-7","status":"publish","type":"product","link":"https:\/\/wpguerssen-test.odoo.rgbconsulting.com\/es\/producto\/angela-7\/","title":{"rendered":"\u00c1ngela (7&#8243;)"},"content":{"rendered":"<p>Es un placer anunciaros que arrancamos Discos Madmua con Maronda, una banda valenciana con tres elep\u00e9s en su haber y que derrocha una sensibilidad y un talento compositivo admirables. Uno de esos secretos que esperamos que muy pronto dejen de estar guardados para ser paladeados por un p\u00fablico creciente. Andan sobrados de potencial y de himnos. En su discograf\u00eda se adivina una sugerente querencia por algunas de las estancias m\u00e1s soleadas de los 60. Desde Los Pasos a Los \u00c1ngeles, su influencia se filtra por las rendijas de unos temas tan rotundos como afilados. <\/p>\n<p> Para confeccionar este inici\u00e1tico DM001 hemos tomado prestadas dos de las gemas de su repertorio. &#8216;La recriminaci\u00f3n&#8217; deslumbra y desarma desde su aparente sencillez, con un brillante di\u00e1logo chico-chica con el desamor y la partida como tel\u00f3n de fondo. &#8216;Improvisado&#8217; no precisa adjetivaci\u00f3n ni mayores presentaciones. Es un hit. S\u00f3lo eso, que es mucho. El men\u00fa se completa con &#8216;\u00c1ngela&#8217;, una canci\u00f3n in\u00e9dita que Pablo Maronda guardaba en su arc\u00f3n de creaciones en espera del momento adecuado. Una cara B con categor\u00eda de A que completa un tr\u00edo de ases excepcional. Desde que Pablo Maronda nos la mostr\u00f3 y sugiri\u00f3, &#8216;\u00c1ngela&#8217; se ha incrustado en nuestra colecci\u00f3n de favoritas. Es, sin duda, la melod\u00eda que vertebra este disco tan exultantemente bello. Un verano pret\u00e9rito, una chica y una playa; un baile eterno y una despedida. Los ingredientes de un c\u00f3ctel removido con los sonidos m\u00e1s soleados de los 60 ib\u00e9ricos. Un himno que ha venido para quedarse. Para a\u00f1adirle romanticismo, s\u00f3lo podr\u00e1 adquirirse en este vinilo, en anal\u00f3gico como proclama Pablo.<\/p>\n","protected":false},"excerpt":{"rendered":"<p>Es un placer anunciaros que arrancamos Discos Madmua con Maronda, una banda valenciana con tres elep\u00e9s en su haber y que derrocha una sensibilidad y un talento compositivo<a class=\"read\" href=\"https:\/\/wpguerssen-test.odoo.rgbconsulting.com\/es\/producto\/angela-7\/\"> (...)<\/a>","protected":false},"featured_media":121025,"template":"","meta":{"_acf_changed":false},"product_brand":[],"product_cat":[23234],"product_tag":[],"class_list":{"0":"post-187183","1":"product","2":"type-product","3":"status-publish","4":"has-post-thumbnail","6":"product_cat-pop-rock-es","7":"pa_artist-maronda","8":"pa_format-7-es","9":"pa_gender-pop-rock","10":"pa_label-madmua","11":"pa_location-spain-es","12":"pa_other-filters-vinyl-only-es","14":"first","15":"instock","16":"taxable","17":"shipping-taxable","18":"purchasable","19":"product-type-simple"},"acf":[],"yoast_head":"<!-- This site is optimized with the Yoast SEO plugin v24.9 - https:\/\/yoast.com\/wordpress\/plugins\/seo\/ -->\n<title>MARONDA - \u00c1ngela (7&quot;) -  (7&quot;) | Guerssen<\/title>\n<meta name=\"robots\" content=\"index, follow, max-snippet:-1, max-image-preview:large, max-video-preview:-1\" \/>\n<link rel=\"canonical\" href=\"https:\/\/wpguerssen-test.odoo.rgbconsulting.com\/es\/producto\/angela-7\/\" \/>\n<meta property=\"og:locale\" content=\"es_ES\" \/>\n<meta property=\"og:type\" content=\"article\" \/>\n<meta property=\"og:title\" content=\"MARONDA - \u00c1ngela (7&quot;) -  (7&quot;) | Guerssen\" \/>\n<meta property=\"og:description\" content=\"Es un placer anunciaros que arrancamos Discos Madmua con Maronda, una banda valenciana con tres elep\u00e9s en su haber y que derrocha una sensibilidad y un talento compositivo admirables. Uno de esos secretos que esperamos que muy pronto dejen de estar guardados para ser paladeados por un p\u00fablico creciente. Andan sobrados de potencial y de himnos. En su discograf\u00eda se adivina una sugerente querencia por algunas de las estancias m\u00e1s soleadas de los 60. Desde Los Pasos a Los \u00c1ngeles, su influencia se filtra por las rendijas de unos temas tan rotundos como afilados. \u00a0 Para confeccionar este inici\u00e1tico DM001 hemos tomado prestadas dos de las gemas de su repertorio. &#039;La recriminaci\u00f3n&#039; deslumbra y desarma desde su aparente sencillez, con un brillante di\u00e1logo chico-chica con el desamor y la partida como tel\u00f3n de fondo. &#039;Improvisado&#039; no precisa adjetivaci\u00f3n ni mayores presentaciones. Es un hit. S\u00f3lo eso, que es mucho. El men\u00fa se completa con &#039;\u00c1ngela&#039;, una canci\u00f3n in\u00e9dita que Pablo Maronda guardaba en su arc\u00f3n de creaciones en espera del momento adecuado. Una cara B con categor\u00eda de A que completa un tr\u00edo de ases excepcional. Desde que Pablo Maronda nos la mostr\u00f3 y sugiri\u00f3, &#039;\u00c1ngela&#039; se ha incrustado en nuestra colecci\u00f3n de favoritas. Es, sin duda, la melod\u00eda que vertebra este disco tan exultantemente bello. Un verano pret\u00e9rito, una chica y una playa; un baile eterno y una despedida. Los ingredientes de un c\u00f3ctel removido con los sonidos m\u00e1s soleados de los 60 ib\u00e9ricos. Un himno que ha venido para quedarse. Para a\u00f1adirle romanticismo, s\u00f3lo podr\u00e1 adquirirse en este vinilo, en anal\u00f3gico como proclama Pablo.\" \/>\n<meta property=\"og:url\" content=\"https:\/\/wpguerssen-test.odoo.rgbconsulting.com\/es\/producto\/angela-7\/\" \/>\n<meta property=\"og:site_name\" content=\"Guerssen records\" \/>\n<meta property=\"article:modified_time\" content=\"2024-02-19T11:36:47+00:00\" \/>\n<meta property=\"og:image\" content=\"https:\/\/wpguerssen-test.odoo.rgbconsulting.com\/wp-content\/uploads\/2022\/03\/28778.jpg\" \/>\n\t<meta property=\"og:image:width\" content=\"272\" \/>\n\t<meta property=\"og:image:height\" content=\"272\" \/>\n\t<meta property=\"og:image:type\" content=\"image\/jpeg\" \/>\n<meta name=\"twitter:card\" content=\"summary_large_image\" \/>\n<meta name=\"twitter:title\" content=\"MARONDA - \u00c1ngela (7&quot;) -  (7&quot;) | Guerssen\" \/>\n<meta name=\"twitter:label1\" content=\"Tiempo de lectura\" \/>\n\t<meta name=\"twitter:data1\" content=\"1 minuto\" \/>\n<script type=\"application\/ld+json\" class=\"yoast-schema-graph\">{\"@context\":\"https:\/\/schema.org\",\"@graph\":[{\"@type\":\"WebPage\",\"@id\":\"https:\/\/wpguerssen-test.odoo.rgbconsulting.com\/es\/producto\/angela-7\/\",\"url\":\"https:\/\/wpguerssen-test.odoo.rgbconsulting.com\/es\/producto\/angela-7\/\",\"name\":\"MARONDA - \u00c1ngela (7\\\") - (7\\\") | Guerssen\",\"isPartOf\":{\"@id\":\"https:\/\/wpguerssen-test.odoo.rgbconsulting.com\/es\/#website\"},\"primaryImageOfPage\":{\"@id\":\"https:\/\/wpguerssen-test.odoo.rgbconsulting.com\/es\/producto\/angela-7\/#primaryimage\"},\"image\":{\"@id\":\"https:\/\/wpguerssen-test.odoo.rgbconsulting.com\/es\/producto\/angela-7\/#primaryimage\"},\"thumbnailUrl\":\"https:\/\/wpguerssen-test.odoo.rgbconsulting.com\/wp-content\/uploads\/2022\/03\/28778.jpg\",\"datePublished\":\"2019-05-05T22:00:00+00:00\",\"dateModified\":\"2024-02-19T11:36:47+00:00\",\"breadcrumb\":{\"@id\":\"https:\/\/wpguerssen-test.odoo.rgbconsulting.com\/es\/producto\/angela-7\/#breadcrumb\"},\"inLanguage\":\"es\",\"potentialAction\":[{\"@type\":\"ReadAction\",\"target\":[\"https:\/\/wpguerssen-test.odoo.rgbconsulting.com\/es\/producto\/angela-7\/\"]}]},{\"@type\":\"ImageObject\",\"inLanguage\":\"es\",\"@id\":\"https:\/\/wpguerssen-test.odoo.rgbconsulting.com\/es\/producto\/angela-7\/#primaryimage\",\"url\":\"https:\/\/wpguerssen-test.odoo.rgbconsulting.com\/wp-content\/uploads\/2022\/03\/28778.jpg\",\"contentUrl\":\"https:\/\/wpguerssen-test.odoo.rgbconsulting.com\/wp-content\/uploads\/2022\/03\/28778.jpg\",\"width\":272,\"height\":272,\"caption\":\"MARONDA - \u00c1ngela (7\\\") - MADMUA (7\\\") | Guerssen\"},{\"@type\":\"BreadcrumbList\",\"@id\":\"https:\/\/wpguerssen-test.odoo.rgbconsulting.com\/es\/producto\/angela-7\/#breadcrumb\",\"itemListElement\":[{\"@type\":\"ListItem\",\"position\":1,\"name\":\"Inicio\",\"item\":\"https:\/\/wpguerssen-test.odoo.rgbconsulting.com\/es\/\"},{\"@type\":\"ListItem\",\"position\":2,\"name\":\"Shop\",\"item\":\"https:\/\/wpguerssen-test.odoo.rgbconsulting.com\/shop\/\"},{\"@type\":\"ListItem\",\"position\":3,\"name\":\"\u00c1ngela (7&#8243;)\"}]},{\"@type\":\"WebSite\",\"@id\":\"https:\/\/wpguerssen-test.odoo.rgbconsulting.com\/es\/#website\",\"url\":\"https:\/\/wpguerssen-test.odoo.rgbconsulting.com\/es\/\",\"name\":\"Guerssen records\",\"description\":\"psychedelia - progressive - folk - garage \",\"publisher\":{\"@id\":\"https:\/\/wpguerssen-test.odoo.rgbconsulting.com\/es\/#organization\"},\"potentialAction\":[{\"@type\":\"SearchAction\",\"target\":{\"@type\":\"EntryPoint\",\"urlTemplate\":\"https:\/\/wpguerssen-test.odoo.rgbconsulting.com\/es\/?s={search_term_string}\"},\"query-input\":{\"@type\":\"PropertyValueSpecification\",\"valueRequired\":true,\"valueName\":\"search_term_string\"}}],\"inLanguage\":\"es\"},{\"@type\":\"Organization\",\"@id\":\"https:\/\/wpguerssen-test.odoo.rgbconsulting.com\/es\/#organization\",\"name\":\"Guerssen records\",\"url\":\"https:\/\/wpguerssen-test.odoo.rgbconsulting.com\/es\/\",\"logo\":{\"@type\":\"ImageObject\",\"inLanguage\":\"es\",\"@id\":\"https:\/\/wpguerssen-test.odoo.rgbconsulting.com\/es\/#\/schema\/logo\/image\/\",\"url\":\"https:\/\/wpguerssen-test.odoo.rgbconsulting.com\/wp-content\/uploads\/2022\/04\/Logo_Guerssen_trans_100.png\",\"contentUrl\":\"https:\/\/wpguerssen-test.odoo.rgbconsulting.com\/wp-content\/uploads\/2022\/04\/Logo_Guerssen_trans_100.png\",\"width\":122,\"height\":100,\"caption\":\"Guerssen records\"},\"image\":{\"@id\":\"https:\/\/wpguerssen-test.odoo.rgbconsulting.com\/es\/#\/schema\/logo\/image\/\"}}]}<\/script>\n<!-- \/ Yoast SEO plugin. -->","yoast_head_json":{"title":"MARONDA - \u00c1ngela (7\") -  (7\") | Guerssen","robots":{"index":"index","follow":"follow","max-snippet":"max-snippet:-1","max-image-preview":"max-image-preview:large","max-video-preview":"max-video-preview:-1"},"canonical":"https:\/\/wpguerssen-test.odoo.rgbconsulting.com\/es\/producto\/angela-7\/","og_locale":"es_ES","og_type":"article","og_title":"MARONDA - \u00c1ngela (7\") -  (7\") | Guerssen","og_description":"Es un placer anunciaros que arrancamos Discos Madmua con Maronda, una banda valenciana con tres elep\u00e9s en su haber y que derrocha una sensibilidad y un talento compositivo admirables. Uno de esos secretos que esperamos que muy pronto dejen de estar guardados para ser paladeados por un p\u00fablico creciente. Andan sobrados de potencial y de himnos. En su discograf\u00eda se adivina una sugerente querencia por algunas de las estancias m\u00e1s soleadas de los 60. Desde Los Pasos a Los \u00c1ngeles, su influencia se filtra por las rendijas de unos temas tan rotundos como afilados. \u00a0 Para confeccionar este inici\u00e1tico DM001 hemos tomado prestadas dos de las gemas de su repertorio. 'La recriminaci\u00f3n' deslumbra y desarma desde su aparente sencillez, con un brillante di\u00e1logo chico-chica con el desamor y la partida como tel\u00f3n de fondo. 'Improvisado' no precisa adjetivaci\u00f3n ni mayores presentaciones. Es un hit. S\u00f3lo eso, que es mucho. El men\u00fa se completa con '\u00c1ngela', una canci\u00f3n in\u00e9dita que Pablo Maronda guardaba en su arc\u00f3n de creaciones en espera del momento adecuado. Una cara B con categor\u00eda de A que completa un tr\u00edo de ases excepcional. Desde que Pablo Maronda nos la mostr\u00f3 y sugiri\u00f3, '\u00c1ngela' se ha incrustado en nuestra colecci\u00f3n de favoritas. Es, sin duda, la melod\u00eda que vertebra este disco tan exultantemente bello. Un verano pret\u00e9rito, una chica y una playa; un baile eterno y una despedida. Los ingredientes de un c\u00f3ctel removido con los sonidos m\u00e1s soleados de los 60 ib\u00e9ricos. Un himno que ha venido para quedarse. Para a\u00f1adirle romanticismo, s\u00f3lo podr\u00e1 adquirirse en este vinilo, en anal\u00f3gico como proclama Pablo.","og_url":"https:\/\/wpguerssen-test.odoo.rgbconsulting.com\/es\/producto\/angela-7\/","og_site_name":"Guerssen records","article_modified_time":"2024-02-19T11:36:47+00:00","og_image":[{"width":272,"height":272,"url":"https:\/\/wpguerssen-test.odoo.rgbconsulting.com\/wp-content\/uploads\/2022\/03\/28778.jpg","type":"image\/jpeg"}],"twitter_card":"summary_large_image","twitter_title":"MARONDA - \u00c1ngela (7\") -  (7\") | Guerssen","twitter_misc":{"Tiempo de lectura":"1 minuto"},"schema":{"@context":"https:\/\/schema.org","@graph":[{"@type":"WebPage","@id":"https:\/\/wpguerssen-test.odoo.rgbconsulting.com\/es\/producto\/angela-7\/","url":"https:\/\/wpguerssen-test.odoo.rgbconsulting.com\/es\/producto\/angela-7\/","name":"MARONDA - \u00c1ngela (7\") - (7\") | Guerssen","isPartOf":{"@id":"https:\/\/wpguerssen-test.odoo.rgbconsulting.com\/es\/#website"},"primaryImageOfPage":{"@id":"https:\/\/wpguerssen-test.odoo.rgbconsulting.com\/es\/producto\/angela-7\/#primaryimage"},"image":{"@id":"https:\/\/wpguerssen-test.odoo.rgbconsulting.com\/es\/producto\/angela-7\/#primaryimage"},"thumbnailUrl":"https:\/\/wpguerssen-test.odoo.rgbconsulting.com\/wp-content\/uploads\/2022\/03\/28778.jpg","datePublished":"2019-05-05T22:00:00+00:00","dateModified":"2024-02-19T11:36:47+00:00","breadcrumb":{"@id":"https:\/\/wpguerssen-test.odoo.rgbconsulting.com\/es\/producto\/angela-7\/#breadcrumb"},"inLanguage":"es","potentialAction":[{"@type":"ReadAction","target":["https:\/\/wpguerssen-test.odoo.rgbconsulting.com\/es\/producto\/angela-7\/"]}]},{"@type":"ImageObject","inLanguage":"es","@id":"https:\/\/wpguerssen-test.odoo.rgbconsulting.com\/es\/producto\/angela-7\/#primaryimage","url":"https:\/\/wpguerssen-test.odoo.rgbconsulting.com\/wp-content\/uploads\/2022\/03\/28778.jpg","contentUrl":"https:\/\/wpguerssen-test.odoo.rgbconsulting.com\/wp-content\/uploads\/2022\/03\/28778.jpg","width":272,"height":272,"caption":"MARONDA - \u00c1ngela (7\") - MADMUA (7\") | Guerssen"},{"@type":"BreadcrumbList","@id":"https:\/\/wpguerssen-test.odoo.rgbconsulting.com\/es\/producto\/angela-7\/#breadcrumb","itemListElement":[{"@type":"ListItem","position":1,"name":"Inicio","item":"https:\/\/wpguerssen-test.odoo.rgbconsulting.com\/es\/"},{"@type":"ListItem","position":2,"name":"Shop","item":"https:\/\/wpguerssen-test.odoo.rgbconsulting.com\/shop\/"},{"@type":"ListItem","position":3,"name":"\u00c1ngela (7&#8243;)"}]},{"@type":"WebSite","@id":"https:\/\/wpguerssen-test.odoo.rgbconsulting.com\/es\/#website","url":"https:\/\/wpguerssen-test.odoo.rgbconsulting.com\/es\/","name":"Guerssen records","description":"psychedelia - progressive - folk - garage ","publisher":{"@id":"https:\/\/wpguerssen-test.odoo.rgbconsulting.com\/es\/#organization"},"potentialAction":[{"@type":"SearchAction","target":{"@type":"EntryPoint","urlTemplate":"https:\/\/wpguerssen-test.odoo.rgbconsulting.com\/es\/?s={search_term_string}"},"query-input":{"@type":"PropertyValueSpecification","valueRequired":true,"valueName":"search_term_string"}}],"inLanguage":"es"},{"@type":"Organization","@id":"https:\/\/wpguerssen-test.odoo.rgbconsulting.com\/es\/#organization","name":"Guerssen records","url":"https:\/\/wpguerssen-test.odoo.rgbconsulting.com\/es\/","logo":{"@type":"ImageObject","inLanguage":"es","@id":"https:\/\/wpguerssen-test.odoo.rgbconsulting.com\/es\/#\/schema\/logo\/image\/","url":"https:\/\/wpguerssen-test.odoo.rgbconsulting.com\/wp-content\/uploads\/2022\/04\/Logo_Guerssen_trans_100.png","contentUrl":"https:\/\/wpguerssen-test.odoo.rgbconsulting.com\/wp-content\/uploads\/2022\/04\/Logo_Guerssen_trans_100.png","width":122,"height":100,"caption":"Guerssen records"},"image":{"@id":"https:\/\/wpguerssen-test.odoo.rgbconsulting.com\/es\/#\/schema\/logo\/image\/"}}]}},"_links":{"self":[{"href":"https:\/\/wpguerssen-test.odoo.rgbconsulting.com\/es\/wp-json\/wp\/v2\/product\/187183","targetHints":{"allow":["GET"]}}],"collection":[{"href":"https:\/\/wpguerssen-test.odoo.rgbconsulting.com\/es\/wp-json\/wp\/v2\/product"}],"about":[{"href":"https:\/\/wpguerssen-test.odoo.rgbconsulting.com\/es\/wp-json\/wp\/v2\/types\/product"}],"wp:featuredmedia":[{"embeddable":true,"href":"https:\/\/wpguerssen-test.odoo.rgbconsulting.com\/es\/wp-json\/wp\/v2\/media\/121025"}],"wp:attachment":[{"href":"https:\/\/wpguerssen-test.odoo.rgbconsulting.com\/es\/wp-json\/wp\/v2\/media?parent=187183"}],"wp:term":[{"taxonomy":"product_brand","embeddable":true,"href":"https:\/\/wpguerssen-test.odoo.rgbconsulting.com\/es\/wp-json\/wp\/v2\/product_brand?post=187183"},{"taxonomy":"product_cat","embeddable":true,"href":"https:\/\/wpguerssen-test.odoo.rgbconsulting.com\/es\/wp-json\/wp\/v2\/product_cat?post=187183"},{"taxonomy":"product_tag","embeddable":true,"href":"https:\/\/wpguerssen-test.odoo.rgbconsulting.com\/es\/wp-json\/wp\/v2\/product_tag?post=187183"}],"curies":[{"name":"wp","href":"https:\/\/api.w.org\/{rel}","templated":true}]}}