{"id":187231,"date":"2017-06-20T00:00:00","date_gmt":"2017-06-19T22:00:00","guid":{"rendered":"http:\/\/guerssen.hl1097.dinaserver.com\/product\/epitaph-for-venus-cd\/"},"modified":"2025-01-20T15:42:22","modified_gmt":"2025-01-20T14:42:22","slug":"epitaph-for-venus-cd","status":"publish","type":"product","link":"https:\/\/wpguerssen-test.odoo.rgbconsulting.com\/es\/producto\/epitaph-for-venus-cd\/","title":{"rendered":"Epitaph for Venus (CD)"},"content":{"rendered":"<p>Otro misterioso disco procedente del oscuro y ultra-underground sello Pyramid, producido alrededor de 1974 en Colonia por Toby Robinson. Radical sonido Kosmische y proto-ambient con Minimoog, sintes anal\u00f3gicos, efectos, loops y manipulaci\u00f3n de cinta, percusiones tratadas&#8230;Galactic Explorers eran un tr\u00edo formado por Reinhard Karwatky (Dzyan) junto a dos misteriosos miembros, probablemente m\u00fasicos de famosos grupos kraut bajo seud\u00f3nimo. <\/p>\n<p> Viaja a lo m\u00e1s profundo de tu mente, observa como se forman viejos sistemas solares y escucha los vientos c\u00f3smicos mientras las vibraciones de ondas sinusoidales te dar\u00e1n  paz en tu mente. <\/p>\n<p> *24-bit domain remaster de las cintas originales. <\/p>\n<p> *Booklet con notas por Alan Freeman (The Crack In The Cosmic Egg) <\/p>\n<p> *Incluye cup\u00f3n de descarga digital. <\/p>\n<p> RIYL: TERRY RILEY, POPOL VUH, SAND, PETER MICHAEL HAMEL, TANGERINE DREAM, BABA YAGA, CLUSTER, COZMIC CORRIDORS, BRAINTICKET&#8230; <\/p>\n<p> \u00abUn aut\u00e9ntico candidato a ser clasificado como \u00abambient\u00bb antes de que el t\u00e9rmino existiese. Un trabajo de cristalina simplicidad, sonidos electr\u00f3nicos puros y precioso minimalismo\u00bb &#8211; John Bagnall (The Sound Projector) <\/p>\n<p> \u00abMisterioso y enigm\u00e1tico hasta el final. &#8216;Sehr Kosmische&#8217; como se suele decir!\u00bb &#8211; Alan Freeman (Ultima Thule, The Crack In The Cosmic Egg). <\/p>\n<p> Tracklist: Lunarscape &#8211; Ethereal Jazz &#8211; Venus Rising<\/p>\n","protected":false},"excerpt":{"rendered":"<p>Otro misterioso disco procedente del oscuro y ultra-underground sello Pyramid, producido alrededor de 1974 en Colonia por Toby Robinson. Radical sonido Kosmische y<a class=\"read\" href=\"https:\/\/wpguerssen-test.odoo.rgbconsulting.com\/es\/producto\/epitaph-for-venus-cd\/\"> (...)<\/a>","protected":false},"featured_media":121118,"template":"","meta":{"_acf_changed":false},"product_brand":[],"product_cat":[23230,23259],"product_tag":[29138],"class_list":{"0":"post-187231","1":"product","2":"type-product","3":"status-publish","4":"has-post-thumbnail","6":"product_cat-krautrock-es-2","7":"product_cat-ambient-new-age-es","8":"product_tag-cd-es","9":"pa_artist-galactic-explorers","10":"pa_format-cd-2-es","11":"pa_gender-krautrock-ambient-new-age","12":"pa_label-mental-experience-es","13":"pa_location-europe-es","15":"first","16":"instock","17":"taxable","18":"shipping-taxable","19":"purchasable","20":"product-type-simple"},"acf":[],"yoast_head":"<!-- This site is optimized with the Yoast SEO plugin v24.9 - https:\/\/yoast.com\/wordpress\/plugins\/seo\/ -->\n<title>GALACTIC EXPLORERS - Epitaph for Venus (CD) -  (CD) | Guerssen<\/title>\n<meta name=\"description\" content=\"Another shrouded in mystery album from the Pyramid label, produced by Toby Robinson in Cologne circa 1974. Kosmische and Head sounds with plenty of Minimoog, analogue synths \/ keyboards, effects, loops, tape manipulation, treated percussions, etc., courtesy of Galactic Explorers, an electronic, minimal, ambient krautrock trio featuring Reinhard Karwatky (Dzyan). Take a trip to the inner regions of your mind, see ancient solar systems forming and listen to cosmic winds and vibrations while sine waves of pure bliss will give you total peace of mind... #nl# *24-bit domain remaster from the original tapes. #nl# *Booklet with liner notes by Alan Freeman (The Crack In The Cosmic Egg) #nl# RIYL: TERRY RILEY, POPOL VUH, SAND, PETER MICHAEL HAMEL, TANGERINE DREAM, BABA YAGA, CLUSTER, COZMIC CORRIDORS, BRAINTICKET... #nl# &quot;A candidate for being dubbed &#039;Ambient&#039; before Ambient existed. A work of crystal clear simplicity, &#039;pure&#039; electronic sounds, and beautiful minimalism.&quot; - John Bagnall (The Sound Projector) #nl# &quot;Mysterious and enigmatic to the end. &#039;Sehr Kosmische&#039; as they say!&quot; - Alan Freeman (Ultima Thule, The Crack In The Cosmic Egg). #nl# Tracklist: Lunarscape - Ethereal Jazz - Venus Rising\" \/>\n<meta name=\"robots\" content=\"index, follow, max-snippet:-1, max-image-preview:large, max-video-preview:-1\" \/>\n<link rel=\"canonical\" href=\"https:\/\/wpguerssen-test.odoo.rgbconsulting.com\/es\/producto\/epitaph-for-venus-cd\/\" \/>\n<meta property=\"og:locale\" content=\"es_ES\" \/>\n<meta property=\"og:type\" content=\"article\" \/>\n<meta property=\"og:title\" content=\"GALACTIC EXPLORERS - Epitaph for Venus (CD) -  (CD) | Guerssen\" \/>\n<meta property=\"og:description\" content=\"Another shrouded in mystery album from the Pyramid label, produced by Toby Robinson in Cologne circa 1974. Kosmische and Head sounds with plenty of Minimoog, analogue synths \/ keyboards, effects, loops, tape manipulation, treated percussions, etc., courtesy of Galactic Explorers, an electronic, minimal, ambient krautrock trio featuring Reinhard Karwatky (Dzyan). Take a trip to the inner regions of your mind, see ancient solar systems forming and listen to cosmic winds and vibrations while sine waves of pure bliss will give you total peace of mind... #nl# *24-bit domain remaster from the original tapes. #nl# *Booklet with liner notes by Alan Freeman (The Crack In The Cosmic Egg) #nl# RIYL: TERRY RILEY, POPOL VUH, SAND, PETER MICHAEL HAMEL, TANGERINE DREAM, BABA YAGA, CLUSTER, COZMIC CORRIDORS, BRAINTICKET... #nl# &quot;A candidate for being dubbed &#039;Ambient&#039; before Ambient existed. A work of crystal clear simplicity, &#039;pure&#039; electronic sounds, and beautiful minimalism.&quot; - John Bagnall (The Sound Projector) #nl# &quot;Mysterious and enigmatic to the end. &#039;Sehr Kosmische&#039; as they say!&quot; - Alan Freeman (Ultima Thule, The Crack In The Cosmic Egg). #nl# Tracklist: Lunarscape - Ethereal Jazz - Venus Rising\" \/>\n<meta property=\"og:url\" content=\"https:\/\/wpguerssen-test.odoo.rgbconsulting.com\/es\/producto\/epitaph-for-venus-cd\/\" \/>\n<meta property=\"og:site_name\" content=\"Guerssen records\" \/>\n<meta property=\"article:modified_time\" content=\"2025-01-20T14:42:22+00:00\" \/>\n<meta property=\"og:image\" content=\"https:\/\/wpguerssen-test.odoo.rgbconsulting.com\/wp-content\/uploads\/2022\/03\/29042.jpg\" \/>\n\t<meta property=\"og:image:width\" content=\"1400\" \/>\n\t<meta property=\"og:image:height\" content=\"1400\" \/>\n\t<meta property=\"og:image:type\" content=\"image\/jpeg\" \/>\n<meta name=\"twitter:card\" content=\"summary_large_image\" \/>\n<meta name=\"twitter:title\" content=\"GALACTIC EXPLORERS - Epitaph for Venus (CD) -  (CD) | Guerssen\" \/>\n<meta name=\"twitter:label1\" content=\"Tiempo de lectura\" \/>\n\t<meta name=\"twitter:data1\" content=\"1 minuto\" \/>\n<script type=\"application\/ld+json\" class=\"yoast-schema-graph\">{\"@context\":\"https:\/\/schema.org\",\"@graph\":[{\"@type\":\"WebPage\",\"@id\":\"https:\/\/wpguerssen-test.odoo.rgbconsulting.com\/es\/producto\/epitaph-for-venus-cd\/\",\"url\":\"https:\/\/wpguerssen-test.odoo.rgbconsulting.com\/es\/producto\/epitaph-for-venus-cd\/\",\"name\":\"GALACTIC EXPLORERS - Epitaph for Venus (CD) - (CD) | Guerssen\",\"isPartOf\":{\"@id\":\"https:\/\/wpguerssen-test.odoo.rgbconsulting.com\/es\/#website\"},\"primaryImageOfPage\":{\"@id\":\"https:\/\/wpguerssen-test.odoo.rgbconsulting.com\/es\/producto\/epitaph-for-venus-cd\/#primaryimage\"},\"image\":{\"@id\":\"https:\/\/wpguerssen-test.odoo.rgbconsulting.com\/es\/producto\/epitaph-for-venus-cd\/#primaryimage\"},\"thumbnailUrl\":\"https:\/\/wpguerssen-test.odoo.rgbconsulting.com\/wp-content\/uploads\/2022\/03\/29042.jpg\",\"datePublished\":\"2017-06-19T22:00:00+00:00\",\"dateModified\":\"2025-01-20T14:42:22+00:00\",\"description\":\"Another shrouded in mystery album from the Pyramid label, produced by Toby Robinson in Cologne circa 1974. Kosmische and Head sounds with plenty of Minimoog, analogue synths \/ keyboards, effects, loops, tape manipulation, treated percussions, etc., courtesy of Galactic Explorers, an electronic, minimal, ambient krautrock trio featuring Reinhard Karwatky (Dzyan). Take a trip to the inner regions of your mind, see ancient solar systems forming and listen to cosmic winds and vibrations while sine waves of pure bliss will give you total peace of mind... #nl# *24-bit domain remaster from the original tapes. #nl# *Booklet with liner notes by Alan Freeman (The Crack In The Cosmic Egg) #nl# RIYL: TERRY RILEY, POPOL VUH, SAND, PETER MICHAEL HAMEL, TANGERINE DREAM, BABA YAGA, CLUSTER, COZMIC CORRIDORS, BRAINTICKET... #nl# \\\"A candidate for being dubbed 'Ambient' before Ambient existed. A work of crystal clear simplicity, 'pure' electronic sounds, and beautiful minimalism.\\\" - John Bagnall (The Sound Projector) #nl# \\\"Mysterious and enigmatic to the end. 'Sehr Kosmische' as they say!\\\" - Alan Freeman (Ultima Thule, The Crack In The Cosmic Egg). #nl# Tracklist: Lunarscape - Ethereal Jazz - Venus Rising\",\"breadcrumb\":{\"@id\":\"https:\/\/wpguerssen-test.odoo.rgbconsulting.com\/es\/producto\/epitaph-for-venus-cd\/#breadcrumb\"},\"inLanguage\":\"es\",\"potentialAction\":[{\"@type\":\"ReadAction\",\"target\":[\"https:\/\/wpguerssen-test.odoo.rgbconsulting.com\/es\/producto\/epitaph-for-venus-cd\/\"]}]},{\"@type\":\"ImageObject\",\"inLanguage\":\"es\",\"@id\":\"https:\/\/wpguerssen-test.odoo.rgbconsulting.com\/es\/producto\/epitaph-for-venus-cd\/#primaryimage\",\"url\":\"https:\/\/wpguerssen-test.odoo.rgbconsulting.com\/wp-content\/uploads\/2022\/03\/29042.jpg\",\"contentUrl\":\"https:\/\/wpguerssen-test.odoo.rgbconsulting.com\/wp-content\/uploads\/2022\/03\/29042.jpg\",\"width\":1400,\"height\":1400,\"caption\":\"GALACTIC EXPLORERS - Epitaph for Venus (CD) - MENTAL EXPERIENCE (CD) | Guerssen\"},{\"@type\":\"BreadcrumbList\",\"@id\":\"https:\/\/wpguerssen-test.odoo.rgbconsulting.com\/es\/producto\/epitaph-for-venus-cd\/#breadcrumb\",\"itemListElement\":[{\"@type\":\"ListItem\",\"position\":1,\"name\":\"Inicio\",\"item\":\"https:\/\/wpguerssen-test.odoo.rgbconsulting.com\/es\/\"},{\"@type\":\"ListItem\",\"position\":2,\"name\":\"Shop\",\"item\":\"https:\/\/wpguerssen-test.odoo.rgbconsulting.com\/shop\/\"},{\"@type\":\"ListItem\",\"position\":3,\"name\":\"Epitaph for Venus (CD)\"}]},{\"@type\":\"WebSite\",\"@id\":\"https:\/\/wpguerssen-test.odoo.rgbconsulting.com\/es\/#website\",\"url\":\"https:\/\/wpguerssen-test.odoo.rgbconsulting.com\/es\/\",\"name\":\"Guerssen records\",\"description\":\"psychedelia - progressive - folk - garage \",\"publisher\":{\"@id\":\"https:\/\/wpguerssen-test.odoo.rgbconsulting.com\/es\/#organization\"},\"potentialAction\":[{\"@type\":\"SearchAction\",\"target\":{\"@type\":\"EntryPoint\",\"urlTemplate\":\"https:\/\/wpguerssen-test.odoo.rgbconsulting.com\/es\/?s={search_term_string}\"},\"query-input\":{\"@type\":\"PropertyValueSpecification\",\"valueRequired\":true,\"valueName\":\"search_term_string\"}}],\"inLanguage\":\"es\"},{\"@type\":\"Organization\",\"@id\":\"https:\/\/wpguerssen-test.odoo.rgbconsulting.com\/es\/#organization\",\"name\":\"Guerssen records\",\"url\":\"https:\/\/wpguerssen-test.odoo.rgbconsulting.com\/es\/\",\"logo\":{\"@type\":\"ImageObject\",\"inLanguage\":\"es\",\"@id\":\"https:\/\/wpguerssen-test.odoo.rgbconsulting.com\/es\/#\/schema\/logo\/image\/\",\"url\":\"https:\/\/wpguerssen-test.odoo.rgbconsulting.com\/wp-content\/uploads\/2022\/04\/Logo_Guerssen_trans_100.png\",\"contentUrl\":\"https:\/\/wpguerssen-test.odoo.rgbconsulting.com\/wp-content\/uploads\/2022\/04\/Logo_Guerssen_trans_100.png\",\"width\":122,\"height\":100,\"caption\":\"Guerssen records\"},\"image\":{\"@id\":\"https:\/\/wpguerssen-test.odoo.rgbconsulting.com\/es\/#\/schema\/logo\/image\/\"}}]}<\/script>\n<!-- \/ Yoast SEO plugin. -->","yoast_head_json":{"title":"GALACTIC EXPLORERS - Epitaph for Venus (CD) -  (CD) | Guerssen","description":"Another shrouded in mystery album from the Pyramid label, produced by Toby Robinson in Cologne circa 1974. Kosmische and Head sounds with plenty of Minimoog, analogue synths \/ keyboards, effects, loops, tape manipulation, treated percussions, etc., courtesy of Galactic Explorers, an electronic, minimal, ambient krautrock trio featuring Reinhard Karwatky (Dzyan). Take a trip to the inner regions of your mind, see ancient solar systems forming and listen to cosmic winds and vibrations while sine waves of pure bliss will give you total peace of mind... #nl# *24-bit domain remaster from the original tapes. #nl# *Booklet with liner notes by Alan Freeman (The Crack In The Cosmic Egg) #nl# RIYL: TERRY RILEY, POPOL VUH, SAND, PETER MICHAEL HAMEL, TANGERINE DREAM, BABA YAGA, CLUSTER, COZMIC CORRIDORS, BRAINTICKET... #nl# \"A candidate for being dubbed 'Ambient' before Ambient existed. A work of crystal clear simplicity, 'pure' electronic sounds, and beautiful minimalism.\" - John Bagnall (The Sound Projector) #nl# \"Mysterious and enigmatic to the end. 'Sehr Kosmische' as they say!\" - Alan Freeman (Ultima Thule, The Crack In The Cosmic Egg). #nl# Tracklist: Lunarscape - Ethereal Jazz - Venus Rising","robots":{"index":"index","follow":"follow","max-snippet":"max-snippet:-1","max-image-preview":"max-image-preview:large","max-video-preview":"max-video-preview:-1"},"canonical":"https:\/\/wpguerssen-test.odoo.rgbconsulting.com\/es\/producto\/epitaph-for-venus-cd\/","og_locale":"es_ES","og_type":"article","og_title":"GALACTIC EXPLORERS - Epitaph for Venus (CD) -  (CD) | Guerssen","og_description":"Another shrouded in mystery album from the Pyramid label, produced by Toby Robinson in Cologne circa 1974. Kosmische and Head sounds with plenty of Minimoog, analogue synths \/ keyboards, effects, loops, tape manipulation, treated percussions, etc., courtesy of Galactic Explorers, an electronic, minimal, ambient krautrock trio featuring Reinhard Karwatky (Dzyan). Take a trip to the inner regions of your mind, see ancient solar systems forming and listen to cosmic winds and vibrations while sine waves of pure bliss will give you total peace of mind... #nl# *24-bit domain remaster from the original tapes. #nl# *Booklet with liner notes by Alan Freeman (The Crack In The Cosmic Egg) #nl# RIYL: TERRY RILEY, POPOL VUH, SAND, PETER MICHAEL HAMEL, TANGERINE DREAM, BABA YAGA, CLUSTER, COZMIC CORRIDORS, BRAINTICKET... #nl# \"A candidate for being dubbed 'Ambient' before Ambient existed. A work of crystal clear simplicity, 'pure' electronic sounds, and beautiful minimalism.\" - John Bagnall (The Sound Projector) #nl# \"Mysterious and enigmatic to the end. 'Sehr Kosmische' as they say!\" - Alan Freeman (Ultima Thule, The Crack In The Cosmic Egg). #nl# Tracklist: Lunarscape - Ethereal Jazz - Venus Rising","og_url":"https:\/\/wpguerssen-test.odoo.rgbconsulting.com\/es\/producto\/epitaph-for-venus-cd\/","og_site_name":"Guerssen records","article_modified_time":"2025-01-20T14:42:22+00:00","og_image":[{"width":1400,"height":1400,"url":"https:\/\/wpguerssen-test.odoo.rgbconsulting.com\/wp-content\/uploads\/2022\/03\/29042.jpg","type":"image\/jpeg"}],"twitter_card":"summary_large_image","twitter_title":"GALACTIC EXPLORERS - Epitaph for Venus (CD) -  (CD) | Guerssen","twitter_misc":{"Tiempo de lectura":"1 minuto"},"schema":{"@context":"https:\/\/schema.org","@graph":[{"@type":"WebPage","@id":"https:\/\/wpguerssen-test.odoo.rgbconsulting.com\/es\/producto\/epitaph-for-venus-cd\/","url":"https:\/\/wpguerssen-test.odoo.rgbconsulting.com\/es\/producto\/epitaph-for-venus-cd\/","name":"GALACTIC EXPLORERS - Epitaph for Venus (CD) - (CD) | Guerssen","isPartOf":{"@id":"https:\/\/wpguerssen-test.odoo.rgbconsulting.com\/es\/#website"},"primaryImageOfPage":{"@id":"https:\/\/wpguerssen-test.odoo.rgbconsulting.com\/es\/producto\/epitaph-for-venus-cd\/#primaryimage"},"image":{"@id":"https:\/\/wpguerssen-test.odoo.rgbconsulting.com\/es\/producto\/epitaph-for-venus-cd\/#primaryimage"},"thumbnailUrl":"https:\/\/wpguerssen-test.odoo.rgbconsulting.com\/wp-content\/uploads\/2022\/03\/29042.jpg","datePublished":"2017-06-19T22:00:00+00:00","dateModified":"2025-01-20T14:42:22+00:00","description":"Another shrouded in mystery album from the Pyramid label, produced by Toby Robinson in Cologne circa 1974. Kosmische and Head sounds with plenty of Minimoog, analogue synths \/ keyboards, effects, loops, tape manipulation, treated percussions, etc., courtesy of Galactic Explorers, an electronic, minimal, ambient krautrock trio featuring Reinhard Karwatky (Dzyan). Take a trip to the inner regions of your mind, see ancient solar systems forming and listen to cosmic winds and vibrations while sine waves of pure bliss will give you total peace of mind... #nl# *24-bit domain remaster from the original tapes. #nl# *Booklet with liner notes by Alan Freeman (The Crack In The Cosmic Egg) #nl# RIYL: TERRY RILEY, POPOL VUH, SAND, PETER MICHAEL HAMEL, TANGERINE DREAM, BABA YAGA, CLUSTER, COZMIC CORRIDORS, BRAINTICKET... #nl# \"A candidate for being dubbed 'Ambient' before Ambient existed. A work of crystal clear simplicity, 'pure' electronic sounds, and beautiful minimalism.\" - John Bagnall (The Sound Projector) #nl# \"Mysterious and enigmatic to the end. 'Sehr Kosmische' as they say!\" - Alan Freeman (Ultima Thule, The Crack In The Cosmic Egg). #nl# Tracklist: Lunarscape - Ethereal Jazz - Venus Rising","breadcrumb":{"@id":"https:\/\/wpguerssen-test.odoo.rgbconsulting.com\/es\/producto\/epitaph-for-venus-cd\/#breadcrumb"},"inLanguage":"es","potentialAction":[{"@type":"ReadAction","target":["https:\/\/wpguerssen-test.odoo.rgbconsulting.com\/es\/producto\/epitaph-for-venus-cd\/"]}]},{"@type":"ImageObject","inLanguage":"es","@id":"https:\/\/wpguerssen-test.odoo.rgbconsulting.com\/es\/producto\/epitaph-for-venus-cd\/#primaryimage","url":"https:\/\/wpguerssen-test.odoo.rgbconsulting.com\/wp-content\/uploads\/2022\/03\/29042.jpg","contentUrl":"https:\/\/wpguerssen-test.odoo.rgbconsulting.com\/wp-content\/uploads\/2022\/03\/29042.jpg","width":1400,"height":1400,"caption":"GALACTIC EXPLORERS - Epitaph for Venus (CD) - MENTAL EXPERIENCE (CD) | Guerssen"},{"@type":"BreadcrumbList","@id":"https:\/\/wpguerssen-test.odoo.rgbconsulting.com\/es\/producto\/epitaph-for-venus-cd\/#breadcrumb","itemListElement":[{"@type":"ListItem","position":1,"name":"Inicio","item":"https:\/\/wpguerssen-test.odoo.rgbconsulting.com\/es\/"},{"@type":"ListItem","position":2,"name":"Shop","item":"https:\/\/wpguerssen-test.odoo.rgbconsulting.com\/shop\/"},{"@type":"ListItem","position":3,"name":"Epitaph for Venus (CD)"}]},{"@type":"WebSite","@id":"https:\/\/wpguerssen-test.odoo.rgbconsulting.com\/es\/#website","url":"https:\/\/wpguerssen-test.odoo.rgbconsulting.com\/es\/","name":"Guerssen records","description":"psychedelia - progressive - folk - garage ","publisher":{"@id":"https:\/\/wpguerssen-test.odoo.rgbconsulting.com\/es\/#organization"},"potentialAction":[{"@type":"SearchAction","target":{"@type":"EntryPoint","urlTemplate":"https:\/\/wpguerssen-test.odoo.rgbconsulting.com\/es\/?s={search_term_string}"},"query-input":{"@type":"PropertyValueSpecification","valueRequired":true,"valueName":"search_term_string"}}],"inLanguage":"es"},{"@type":"Organization","@id":"https:\/\/wpguerssen-test.odoo.rgbconsulting.com\/es\/#organization","name":"Guerssen records","url":"https:\/\/wpguerssen-test.odoo.rgbconsulting.com\/es\/","logo":{"@type":"ImageObject","inLanguage":"es","@id":"https:\/\/wpguerssen-test.odoo.rgbconsulting.com\/es\/#\/schema\/logo\/image\/","url":"https:\/\/wpguerssen-test.odoo.rgbconsulting.com\/wp-content\/uploads\/2022\/04\/Logo_Guerssen_trans_100.png","contentUrl":"https:\/\/wpguerssen-test.odoo.rgbconsulting.com\/wp-content\/uploads\/2022\/04\/Logo_Guerssen_trans_100.png","width":122,"height":100,"caption":"Guerssen records"},"image":{"@id":"https:\/\/wpguerssen-test.odoo.rgbconsulting.com\/es\/#\/schema\/logo\/image\/"}}]}},"_links":{"self":[{"href":"https:\/\/wpguerssen-test.odoo.rgbconsulting.com\/es\/wp-json\/wp\/v2\/product\/187231","targetHints":{"allow":["GET"]}}],"collection":[{"href":"https:\/\/wpguerssen-test.odoo.rgbconsulting.com\/es\/wp-json\/wp\/v2\/product"}],"about":[{"href":"https:\/\/wpguerssen-test.odoo.rgbconsulting.com\/es\/wp-json\/wp\/v2\/types\/product"}],"wp:featuredmedia":[{"embeddable":true,"href":"https:\/\/wpguerssen-test.odoo.rgbconsulting.com\/es\/wp-json\/wp\/v2\/media\/121118"}],"wp:attachment":[{"href":"https:\/\/wpguerssen-test.odoo.rgbconsulting.com\/es\/wp-json\/wp\/v2\/media?parent=187231"}],"wp:term":[{"taxonomy":"product_brand","embeddable":true,"href":"https:\/\/wpguerssen-test.odoo.rgbconsulting.com\/es\/wp-json\/wp\/v2\/product_brand?post=187231"},{"taxonomy":"product_cat","embeddable":true,"href":"https:\/\/wpguerssen-test.odoo.rgbconsulting.com\/es\/wp-json\/wp\/v2\/product_cat?post=187231"},{"taxonomy":"product_tag","embeddable":true,"href":"https:\/\/wpguerssen-test.odoo.rgbconsulting.com\/es\/wp-json\/wp\/v2\/product_tag?post=187231"}],"curies":[{"name":"wp","href":"https:\/\/api.w.org\/{rel}","templated":true}]}}