{"id":187333,"date":"2025-01-23T00:00:00","date_gmt":"2025-01-22T23:00:00","guid":{"rendered":"http:\/\/guerssen.hl1097.dinaserver.com\/product\/day-of-judgement\/"},"modified":"2025-03-03T15:29:24","modified_gmt":"2025-03-03T14:29:24","slug":"day-of-judgement","status":"publish","type":"product","link":"https:\/\/wpguerssen-test.odoo.rgbconsulting.com\/es\/producto\/day-of-judgement\/","title":{"rendered":"Day Of Judgement"},"content":{"rendered":"<p>Proto-punk y garage psicod\u00e9lico Zamrock! \u00c1lbum debut del legendario guitarrista Paul Ngozi con Chrissy Zebby Tembo. La mejor introducci\u00f3n posible a la incre\u00edble, excitante y salvaje escena de rock psicod\u00e9lico de Zambia durante los 70.<\/p>\n","protected":false},"excerpt":{"rendered":"<p>Proto-punk y garage psicod\u00e9lico Zamrock! \u00c1lbum debut del legendario guitarrista Paul Ngozi con Chrissy Zebby Tembo. La mejor introducci\u00f3n posible a la incre\u00edble,<a class=\"read\" href=\"https:\/\/wpguerssen-test.odoo.rgbconsulting.com\/es\/producto\/day-of-judgement\/\"> (...)<\/a>","protected":false},"featured_media":121309,"template":"","meta":{"_acf_changed":false},"product_brand":[],"product_cat":[21639,23224],"product_tag":[24185],"class_list":{"0":"post-187333","1":"product","2":"type-product","3":"status-publish","4":"has-post-thumbnail","6":"product_cat-psychedelic60s-70s-es","7":"product_cat-hard-rock-60s-70s-es","8":"product_tag-de-nuevo-en-existencia","9":"pa_artist-ngozi-family","10":"pa_format-lp-es","11":"pa_gender-hard-rock-60s-70s-psychedelic60s-70s","12":"pa_label-now-again","13":"pa_location-africa-es","14":"pa_other-filters-vinyl-only-es","16":"first","17":"instock","18":"taxable","19":"shipping-taxable","20":"purchasable","21":"product-type-simple"},"acf":[],"yoast_head":"<!-- This site is optimized with the Yoast SEO plugin v24.9 - https:\/\/yoast.com\/wordpress\/plugins\/seo\/ -->\n<title>NGOZI FAMILY - Day Of Judgement -  (LP) | Guerssen<\/title>\n<meta name=\"description\" content=\"Repressed. &quot;Proto-punk and garage Zamrock: the celebrated guitarist Paul Ngozi&#039;s essential debut album. Featuring Chrissy Zebby Tembo. Guitarist\/vocalist Paul Ngozi&#039;s debut album ? under the name Ngozi Family - is an important record: not just in the Zamrock genre, but in the global rock canon. Day of Judgement is an introduction to the most intense, raw and inimitable golden era Zamrock recorded, as it paved the way for a dozen Paul Ngozi and Ngozi Family releases (the most famous being drummer Chrissy Zebby Tembo&#039;s My Ancestors) that straddled the line between funk and punk, of driving hard rock and Zambian folk melodies and rhythms. Day of Judgement was released in 1976, the same year as other, now famous, Zamrock albums, from WITCH&#039;s Lazy Bones!! to Rikki Ililonga&#039;s Zambia. But it sounds like none of its counterparts. Part of that stems from its frenzied primitivism, the Ngozi Family&#039;s attempt to overcome a lack of musical acumen with sheer force of will. That will allowed Paul Ngozi to overcome a humble upbringing to become the most unlikely combination: Zamrock&#039;s most beloved star in its brief but now-well chronicled arc; the only musician to maintain his fame and recording prowess in the dark ages of the &#039;80s; an inspiration to not only aging but young Zambians -- and now others, beyond Zambia&#039;s borders. But one cannot imagine Paul Ngozi without this album, a full-on aural assault that sounds as wild nearly forty years after its release as it must have sounded in the developing Zamrock landscape from which it emerged. We listen to this anachronistic yet prescient album now as a wholly original, completely unpredictable album in line with those from mavericks from across the world - from the Ramones to the Sex Pistols to Death. And, though it&#039;s been over two decades since Paul Ngozi&#039;s passing, his voice and vision still seem exciting, powerful, unique, unvarnished, new.&quot;\" \/>\n<meta name=\"robots\" content=\"index, follow, max-snippet:-1, max-image-preview:large, max-video-preview:-1\" \/>\n<link rel=\"canonical\" href=\"https:\/\/wpguerssen-test.odoo.rgbconsulting.com\/es\/producto\/day-of-judgement\/\" \/>\n<meta property=\"og:locale\" content=\"es_ES\" \/>\n<meta property=\"og:type\" content=\"article\" \/>\n<meta property=\"og:title\" content=\"NGOZI FAMILY - Day Of Judgement -  (LP) | Guerssen\" \/>\n<meta property=\"og:description\" content=\"Repressed. &quot;Proto-punk and garage Zamrock: the celebrated guitarist Paul Ngozi&#039;s essential debut album. Featuring Chrissy Zebby Tembo. Guitarist\/vocalist Paul Ngozi&#039;s debut album ? under the name Ngozi Family - is an important record: not just in the Zamrock genre, but in the global rock canon. Day of Judgement is an introduction to the most intense, raw and inimitable golden era Zamrock recorded, as it paved the way for a dozen Paul Ngozi and Ngozi Family releases (the most famous being drummer Chrissy Zebby Tembo&#039;s My Ancestors) that straddled the line between funk and punk, of driving hard rock and Zambian folk melodies and rhythms. Day of Judgement was released in 1976, the same year as other, now famous, Zamrock albums, from WITCH&#039;s Lazy Bones!! to Rikki Ililonga&#039;s Zambia. But it sounds like none of its counterparts. Part of that stems from its frenzied primitivism, the Ngozi Family&#039;s attempt to overcome a lack of musical acumen with sheer force of will. That will allowed Paul Ngozi to overcome a humble upbringing to become the most unlikely combination: Zamrock&#039;s most beloved star in its brief but now-well chronicled arc; the only musician to maintain his fame and recording prowess in the dark ages of the &#039;80s; an inspiration to not only aging but young Zambians -- and now others, beyond Zambia&#039;s borders. But one cannot imagine Paul Ngozi without this album, a full-on aural assault that sounds as wild nearly forty years after its release as it must have sounded in the developing Zamrock landscape from which it emerged. We listen to this anachronistic yet prescient album now as a wholly original, completely unpredictable album in line with those from mavericks from across the world - from the Ramones to the Sex Pistols to Death. And, though it&#039;s been over two decades since Paul Ngozi&#039;s passing, his voice and vision still seem exciting, powerful, unique, unvarnished, new.&quot;\" \/>\n<meta property=\"og:url\" content=\"https:\/\/wpguerssen-test.odoo.rgbconsulting.com\/es\/producto\/day-of-judgement\/\" \/>\n<meta property=\"og:site_name\" content=\"Guerssen records\" \/>\n<meta property=\"article:modified_time\" content=\"2025-03-03T14:29:24+00:00\" \/>\n<meta property=\"og:image\" content=\"https:\/\/wpguerssen-test.odoo.rgbconsulting.com\/wp-content\/uploads\/2022\/03\/29347.jpg\" \/>\n\t<meta property=\"og:image:width\" content=\"300\" \/>\n\t<meta property=\"og:image:height\" content=\"298\" \/>\n\t<meta property=\"og:image:type\" content=\"image\/jpeg\" \/>\n<meta name=\"twitter:card\" content=\"summary_large_image\" \/>\n<meta name=\"twitter:title\" content=\"NGOZI FAMILY - Day Of Judgement -  (LP) | Guerssen\" \/>\n<script type=\"application\/ld+json\" class=\"yoast-schema-graph\">{\"@context\":\"https:\/\/schema.org\",\"@graph\":[{\"@type\":\"WebPage\",\"@id\":\"https:\/\/wpguerssen-test.odoo.rgbconsulting.com\/es\/producto\/day-of-judgement\/\",\"url\":\"https:\/\/wpguerssen-test.odoo.rgbconsulting.com\/es\/producto\/day-of-judgement\/\",\"name\":\"NGOZI FAMILY - Day Of Judgement - (LP) | Guerssen\",\"isPartOf\":{\"@id\":\"https:\/\/wpguerssen-test.odoo.rgbconsulting.com\/es\/#website\"},\"primaryImageOfPage\":{\"@id\":\"https:\/\/wpguerssen-test.odoo.rgbconsulting.com\/es\/producto\/day-of-judgement\/#primaryimage\"},\"image\":{\"@id\":\"https:\/\/wpguerssen-test.odoo.rgbconsulting.com\/es\/producto\/day-of-judgement\/#primaryimage\"},\"thumbnailUrl\":\"https:\/\/wpguerssen-test.odoo.rgbconsulting.com\/wp-content\/uploads\/2022\/03\/29347.jpg\",\"datePublished\":\"2025-01-22T23:00:00+00:00\",\"dateModified\":\"2025-03-03T14:29:24+00:00\",\"description\":\"Repressed. \\\"Proto-punk and garage Zamrock: the celebrated guitarist Paul Ngozi's essential debut album. Featuring Chrissy Zebby Tembo. Guitarist\/vocalist Paul Ngozi's debut album ? under the name Ngozi Family - is an important record: not just in the Zamrock genre, but in the global rock canon. Day of Judgement is an introduction to the most intense, raw and inimitable golden era Zamrock recorded, as it paved the way for a dozen Paul Ngozi and Ngozi Family releases (the most famous being drummer Chrissy Zebby Tembo's My Ancestors) that straddled the line between funk and punk, of driving hard rock and Zambian folk melodies and rhythms. Day of Judgement was released in 1976, the same year as other, now famous, Zamrock albums, from WITCH's Lazy Bones!! to Rikki Ililonga's Zambia. But it sounds like none of its counterparts. Part of that stems from its frenzied primitivism, the Ngozi Family's attempt to overcome a lack of musical acumen with sheer force of will. That will allowed Paul Ngozi to overcome a humble upbringing to become the most unlikely combination: Zamrock's most beloved star in its brief but now-well chronicled arc; the only musician to maintain his fame and recording prowess in the dark ages of the '80s; an inspiration to not only aging but young Zambians -- and now others, beyond Zambia's borders. But one cannot imagine Paul Ngozi without this album, a full-on aural assault that sounds as wild nearly forty years after its release as it must have sounded in the developing Zamrock landscape from which it emerged. We listen to this anachronistic yet prescient album now as a wholly original, completely unpredictable album in line with those from mavericks from across the world - from the Ramones to the Sex Pistols to Death. And, though it's been over two decades since Paul Ngozi's passing, his voice and vision still seem exciting, powerful, unique, unvarnished, new.\\\"\",\"breadcrumb\":{\"@id\":\"https:\/\/wpguerssen-test.odoo.rgbconsulting.com\/es\/producto\/day-of-judgement\/#breadcrumb\"},\"inLanguage\":\"es\",\"potentialAction\":[{\"@type\":\"ReadAction\",\"target\":[\"https:\/\/wpguerssen-test.odoo.rgbconsulting.com\/es\/producto\/day-of-judgement\/\"]}]},{\"@type\":\"ImageObject\",\"inLanguage\":\"es\",\"@id\":\"https:\/\/wpguerssen-test.odoo.rgbconsulting.com\/es\/producto\/day-of-judgement\/#primaryimage\",\"url\":\"https:\/\/wpguerssen-test.odoo.rgbconsulting.com\/wp-content\/uploads\/2022\/03\/29347.jpg\",\"contentUrl\":\"https:\/\/wpguerssen-test.odoo.rgbconsulting.com\/wp-content\/uploads\/2022\/03\/29347.jpg\",\"width\":300,\"height\":298,\"caption\":\"NGOZI FAMILY - Day Of Judgement - NOW AGAIN (LP) | Guerssen\"},{\"@type\":\"BreadcrumbList\",\"@id\":\"https:\/\/wpguerssen-test.odoo.rgbconsulting.com\/es\/producto\/day-of-judgement\/#breadcrumb\",\"itemListElement\":[{\"@type\":\"ListItem\",\"position\":1,\"name\":\"Inicio\",\"item\":\"https:\/\/wpguerssen-test.odoo.rgbconsulting.com\/es\/\"},{\"@type\":\"ListItem\",\"position\":2,\"name\":\"Shop\",\"item\":\"https:\/\/wpguerssen-test.odoo.rgbconsulting.com\/shop\/\"},{\"@type\":\"ListItem\",\"position\":3,\"name\":\"Day Of Judgement\"}]},{\"@type\":\"WebSite\",\"@id\":\"https:\/\/wpguerssen-test.odoo.rgbconsulting.com\/es\/#website\",\"url\":\"https:\/\/wpguerssen-test.odoo.rgbconsulting.com\/es\/\",\"name\":\"Guerssen records\",\"description\":\"psychedelia - progressive - folk - garage \",\"publisher\":{\"@id\":\"https:\/\/wpguerssen-test.odoo.rgbconsulting.com\/es\/#organization\"},\"potentialAction\":[{\"@type\":\"SearchAction\",\"target\":{\"@type\":\"EntryPoint\",\"urlTemplate\":\"https:\/\/wpguerssen-test.odoo.rgbconsulting.com\/es\/?s={search_term_string}\"},\"query-input\":{\"@type\":\"PropertyValueSpecification\",\"valueRequired\":true,\"valueName\":\"search_term_string\"}}],\"inLanguage\":\"es\"},{\"@type\":\"Organization\",\"@id\":\"https:\/\/wpguerssen-test.odoo.rgbconsulting.com\/es\/#organization\",\"name\":\"Guerssen records\",\"url\":\"https:\/\/wpguerssen-test.odoo.rgbconsulting.com\/es\/\",\"logo\":{\"@type\":\"ImageObject\",\"inLanguage\":\"es\",\"@id\":\"https:\/\/wpguerssen-test.odoo.rgbconsulting.com\/es\/#\/schema\/logo\/image\/\",\"url\":\"https:\/\/wpguerssen-test.odoo.rgbconsulting.com\/wp-content\/uploads\/2022\/04\/Logo_Guerssen_trans_100.png\",\"contentUrl\":\"https:\/\/wpguerssen-test.odoo.rgbconsulting.com\/wp-content\/uploads\/2022\/04\/Logo_Guerssen_trans_100.png\",\"width\":122,\"height\":100,\"caption\":\"Guerssen records\"},\"image\":{\"@id\":\"https:\/\/wpguerssen-test.odoo.rgbconsulting.com\/es\/#\/schema\/logo\/image\/\"}}]}<\/script>\n<!-- \/ Yoast SEO plugin. -->","yoast_head_json":{"title":"NGOZI FAMILY - Day Of Judgement -  (LP) | Guerssen","description":"Repressed. \"Proto-punk and garage Zamrock: the celebrated guitarist Paul Ngozi's essential debut album. Featuring Chrissy Zebby Tembo. Guitarist\/vocalist Paul Ngozi's debut album ? under the name Ngozi Family - is an important record: not just in the Zamrock genre, but in the global rock canon. Day of Judgement is an introduction to the most intense, raw and inimitable golden era Zamrock recorded, as it paved the way for a dozen Paul Ngozi and Ngozi Family releases (the most famous being drummer Chrissy Zebby Tembo's My Ancestors) that straddled the line between funk and punk, of driving hard rock and Zambian folk melodies and rhythms. Day of Judgement was released in 1976, the same year as other, now famous, Zamrock albums, from WITCH's Lazy Bones!! to Rikki Ililonga's Zambia. But it sounds like none of its counterparts. Part of that stems from its frenzied primitivism, the Ngozi Family's attempt to overcome a lack of musical acumen with sheer force of will. That will allowed Paul Ngozi to overcome a humble upbringing to become the most unlikely combination: Zamrock's most beloved star in its brief but now-well chronicled arc; the only musician to maintain his fame and recording prowess in the dark ages of the '80s; an inspiration to not only aging but young Zambians -- and now others, beyond Zambia's borders. But one cannot imagine Paul Ngozi without this album, a full-on aural assault that sounds as wild nearly forty years after its release as it must have sounded in the developing Zamrock landscape from which it emerged. We listen to this anachronistic yet prescient album now as a wholly original, completely unpredictable album in line with those from mavericks from across the world - from the Ramones to the Sex Pistols to Death. And, though it's been over two decades since Paul Ngozi's passing, his voice and vision still seem exciting, powerful, unique, unvarnished, new.\"","robots":{"index":"index","follow":"follow","max-snippet":"max-snippet:-1","max-image-preview":"max-image-preview:large","max-video-preview":"max-video-preview:-1"},"canonical":"https:\/\/wpguerssen-test.odoo.rgbconsulting.com\/es\/producto\/day-of-judgement\/","og_locale":"es_ES","og_type":"article","og_title":"NGOZI FAMILY - Day Of Judgement -  (LP) | Guerssen","og_description":"Repressed. \"Proto-punk and garage Zamrock: the celebrated guitarist Paul Ngozi's essential debut album. Featuring Chrissy Zebby Tembo. Guitarist\/vocalist Paul Ngozi's debut album ? under the name Ngozi Family - is an important record: not just in the Zamrock genre, but in the global rock canon. Day of Judgement is an introduction to the most intense, raw and inimitable golden era Zamrock recorded, as it paved the way for a dozen Paul Ngozi and Ngozi Family releases (the most famous being drummer Chrissy Zebby Tembo's My Ancestors) that straddled the line between funk and punk, of driving hard rock and Zambian folk melodies and rhythms. Day of Judgement was released in 1976, the same year as other, now famous, Zamrock albums, from WITCH's Lazy Bones!! to Rikki Ililonga's Zambia. But it sounds like none of its counterparts. Part of that stems from its frenzied primitivism, the Ngozi Family's attempt to overcome a lack of musical acumen with sheer force of will. That will allowed Paul Ngozi to overcome a humble upbringing to become the most unlikely combination: Zamrock's most beloved star in its brief but now-well chronicled arc; the only musician to maintain his fame and recording prowess in the dark ages of the '80s; an inspiration to not only aging but young Zambians -- and now others, beyond Zambia's borders. But one cannot imagine Paul Ngozi without this album, a full-on aural assault that sounds as wild nearly forty years after its release as it must have sounded in the developing Zamrock landscape from which it emerged. We listen to this anachronistic yet prescient album now as a wholly original, completely unpredictable album in line with those from mavericks from across the world - from the Ramones to the Sex Pistols to Death. And, though it's been over two decades since Paul Ngozi's passing, his voice and vision still seem exciting, powerful, unique, unvarnished, new.\"","og_url":"https:\/\/wpguerssen-test.odoo.rgbconsulting.com\/es\/producto\/day-of-judgement\/","og_site_name":"Guerssen records","article_modified_time":"2025-03-03T14:29:24+00:00","og_image":[{"width":300,"height":298,"url":"https:\/\/wpguerssen-test.odoo.rgbconsulting.com\/wp-content\/uploads\/2022\/03\/29347.jpg","type":"image\/jpeg"}],"twitter_card":"summary_large_image","twitter_title":"NGOZI FAMILY - Day Of Judgement -  (LP) | Guerssen","schema":{"@context":"https:\/\/schema.org","@graph":[{"@type":"WebPage","@id":"https:\/\/wpguerssen-test.odoo.rgbconsulting.com\/es\/producto\/day-of-judgement\/","url":"https:\/\/wpguerssen-test.odoo.rgbconsulting.com\/es\/producto\/day-of-judgement\/","name":"NGOZI FAMILY - Day Of Judgement - (LP) | Guerssen","isPartOf":{"@id":"https:\/\/wpguerssen-test.odoo.rgbconsulting.com\/es\/#website"},"primaryImageOfPage":{"@id":"https:\/\/wpguerssen-test.odoo.rgbconsulting.com\/es\/producto\/day-of-judgement\/#primaryimage"},"image":{"@id":"https:\/\/wpguerssen-test.odoo.rgbconsulting.com\/es\/producto\/day-of-judgement\/#primaryimage"},"thumbnailUrl":"https:\/\/wpguerssen-test.odoo.rgbconsulting.com\/wp-content\/uploads\/2022\/03\/29347.jpg","datePublished":"2025-01-22T23:00:00+00:00","dateModified":"2025-03-03T14:29:24+00:00","description":"Repressed. \"Proto-punk and garage Zamrock: the celebrated guitarist Paul Ngozi's essential debut album. Featuring Chrissy Zebby Tembo. Guitarist\/vocalist Paul Ngozi's debut album ? under the name Ngozi Family - is an important record: not just in the Zamrock genre, but in the global rock canon. Day of Judgement is an introduction to the most intense, raw and inimitable golden era Zamrock recorded, as it paved the way for a dozen Paul Ngozi and Ngozi Family releases (the most famous being drummer Chrissy Zebby Tembo's My Ancestors) that straddled the line between funk and punk, of driving hard rock and Zambian folk melodies and rhythms. Day of Judgement was released in 1976, the same year as other, now famous, Zamrock albums, from WITCH's Lazy Bones!! to Rikki Ililonga's Zambia. But it sounds like none of its counterparts. Part of that stems from its frenzied primitivism, the Ngozi Family's attempt to overcome a lack of musical acumen with sheer force of will. That will allowed Paul Ngozi to overcome a humble upbringing to become the most unlikely combination: Zamrock's most beloved star in its brief but now-well chronicled arc; the only musician to maintain his fame and recording prowess in the dark ages of the '80s; an inspiration to not only aging but young Zambians -- and now others, beyond Zambia's borders. But one cannot imagine Paul Ngozi without this album, a full-on aural assault that sounds as wild nearly forty years after its release as it must have sounded in the developing Zamrock landscape from which it emerged. We listen to this anachronistic yet prescient album now as a wholly original, completely unpredictable album in line with those from mavericks from across the world - from the Ramones to the Sex Pistols to Death. And, though it's been over two decades since Paul Ngozi's passing, his voice and vision still seem exciting, powerful, unique, unvarnished, new.\"","breadcrumb":{"@id":"https:\/\/wpguerssen-test.odoo.rgbconsulting.com\/es\/producto\/day-of-judgement\/#breadcrumb"},"inLanguage":"es","potentialAction":[{"@type":"ReadAction","target":["https:\/\/wpguerssen-test.odoo.rgbconsulting.com\/es\/producto\/day-of-judgement\/"]}]},{"@type":"ImageObject","inLanguage":"es","@id":"https:\/\/wpguerssen-test.odoo.rgbconsulting.com\/es\/producto\/day-of-judgement\/#primaryimage","url":"https:\/\/wpguerssen-test.odoo.rgbconsulting.com\/wp-content\/uploads\/2022\/03\/29347.jpg","contentUrl":"https:\/\/wpguerssen-test.odoo.rgbconsulting.com\/wp-content\/uploads\/2022\/03\/29347.jpg","width":300,"height":298,"caption":"NGOZI FAMILY - Day Of Judgement - NOW AGAIN (LP) | Guerssen"},{"@type":"BreadcrumbList","@id":"https:\/\/wpguerssen-test.odoo.rgbconsulting.com\/es\/producto\/day-of-judgement\/#breadcrumb","itemListElement":[{"@type":"ListItem","position":1,"name":"Inicio","item":"https:\/\/wpguerssen-test.odoo.rgbconsulting.com\/es\/"},{"@type":"ListItem","position":2,"name":"Shop","item":"https:\/\/wpguerssen-test.odoo.rgbconsulting.com\/shop\/"},{"@type":"ListItem","position":3,"name":"Day Of Judgement"}]},{"@type":"WebSite","@id":"https:\/\/wpguerssen-test.odoo.rgbconsulting.com\/es\/#website","url":"https:\/\/wpguerssen-test.odoo.rgbconsulting.com\/es\/","name":"Guerssen records","description":"psychedelia - progressive - folk - garage ","publisher":{"@id":"https:\/\/wpguerssen-test.odoo.rgbconsulting.com\/es\/#organization"},"potentialAction":[{"@type":"SearchAction","target":{"@type":"EntryPoint","urlTemplate":"https:\/\/wpguerssen-test.odoo.rgbconsulting.com\/es\/?s={search_term_string}"},"query-input":{"@type":"PropertyValueSpecification","valueRequired":true,"valueName":"search_term_string"}}],"inLanguage":"es"},{"@type":"Organization","@id":"https:\/\/wpguerssen-test.odoo.rgbconsulting.com\/es\/#organization","name":"Guerssen records","url":"https:\/\/wpguerssen-test.odoo.rgbconsulting.com\/es\/","logo":{"@type":"ImageObject","inLanguage":"es","@id":"https:\/\/wpguerssen-test.odoo.rgbconsulting.com\/es\/#\/schema\/logo\/image\/","url":"https:\/\/wpguerssen-test.odoo.rgbconsulting.com\/wp-content\/uploads\/2022\/04\/Logo_Guerssen_trans_100.png","contentUrl":"https:\/\/wpguerssen-test.odoo.rgbconsulting.com\/wp-content\/uploads\/2022\/04\/Logo_Guerssen_trans_100.png","width":122,"height":100,"caption":"Guerssen records"},"image":{"@id":"https:\/\/wpguerssen-test.odoo.rgbconsulting.com\/es\/#\/schema\/logo\/image\/"}}]}},"_links":{"self":[{"href":"https:\/\/wpguerssen-test.odoo.rgbconsulting.com\/es\/wp-json\/wp\/v2\/product\/187333","targetHints":{"allow":["GET"]}}],"collection":[{"href":"https:\/\/wpguerssen-test.odoo.rgbconsulting.com\/es\/wp-json\/wp\/v2\/product"}],"about":[{"href":"https:\/\/wpguerssen-test.odoo.rgbconsulting.com\/es\/wp-json\/wp\/v2\/types\/product"}],"wp:featuredmedia":[{"embeddable":true,"href":"https:\/\/wpguerssen-test.odoo.rgbconsulting.com\/es\/wp-json\/wp\/v2\/media\/121309"}],"wp:attachment":[{"href":"https:\/\/wpguerssen-test.odoo.rgbconsulting.com\/es\/wp-json\/wp\/v2\/media?parent=187333"}],"wp:term":[{"taxonomy":"product_brand","embeddable":true,"href":"https:\/\/wpguerssen-test.odoo.rgbconsulting.com\/es\/wp-json\/wp\/v2\/product_brand?post=187333"},{"taxonomy":"product_cat","embeddable":true,"href":"https:\/\/wpguerssen-test.odoo.rgbconsulting.com\/es\/wp-json\/wp\/v2\/product_cat?post=187333"},{"taxonomy":"product_tag","embeddable":true,"href":"https:\/\/wpguerssen-test.odoo.rgbconsulting.com\/es\/wp-json\/wp\/v2\/product_tag?post=187333"}],"curies":[{"name":"wp","href":"https:\/\/api.w.org\/{rel}","templated":true}]}}