{"id":187361,"date":"2018-01-29T00:00:00","date_gmt":"2018-01-28T23:00:00","guid":{"rendered":"http:\/\/guerssen.hl1097.dinaserver.com\/product\/rumbita-buena-rumba-funk-flamenco-pop-from-2\/"},"modified":"2025-04-02T16:47:46","modified_gmt":"2025-04-02T14:47:46","slug":"rumbita-buena-rumba-funk-flamenco-pop-from-2","status":"publish","type":"product","link":"https:\/\/wpguerssen-test.odoo.rgbconsulting.com\/es\/producto\/rumbita-buena-rumba-funk-flamenco-pop-from-2\/","title":{"rendered":"Rumbita Buena &#8211; Rumba Funk &#038; Flamenco Pop from&#8230;"},"content":{"rendered":"<p>De los archivos de los legendarios sellos BELTER y DISCOPHON, imprescindibles para comprender el auge y la fiebre de la Rumba Pop en Espa\u00f1a durante los a\u00f1os 70, hemos seleccionado 14 temazos bailables extra\u00eddos de singles y LPs. <\/p>\n<p> Puro sonido gipsy-funk con bater\u00edas funkoides, guitarras el\u00e9ctricas y wah-wah, \u00f3rgano, percusiones, bajo el\u00e9ctrico, vientos soul&#8230;Folkl\u00f3ricas modernizadas se mezclan con Pr\u00edncipes gitanos, estrellas de la rumba juveniles y grupos rumberos pop. <\/p>\n<p> Con: DOLORES VARGAS \u00abLa Terremoto\u00bb, CHANGO, ROSA MORENA, RUMBA 3, EL PR\u00cdNCIPE GITANO, EL NOI&#8230; <\/p>\n<p> Sonido de los m\u00e1sters originales. <\/p>\n<p> Libreto con fotos y detalladas notas por Txarly Brown. <\/p>\n<p> Tracklist: 1. Rumba Tres &#8211; Rumbita, Tru, La, La &#8211; 2. Dolores Vargas \u00abLa Terremoto\u00bb &#8211; A La Pelota &#8211; 3. Rosa Morena &#8211; Quiero Caf\u00e9 &#8211; 4. Lola Flores &#8211; La Bomba Gitana &#8211; 5. Chango &#8211; Kikilib\u00fa &#8211; 6. El Noi &#8211; Zorongo Rock &#8211; 7. Los Candelos &#8211; Te Estoy Amando Locamente &#8211; 8. Lola Flores y Antonio Gonz\u00e1lez &#8211; Muchacho Barrig\u00f3n &#8211; 9. Teresiya &#8211; El Perro de San Roque &#8211; 10. El Principe Gitano &#8211; \u00a1Ay Amor! (Jazz Gitano) &#8211; 11. Los Candelos &#8211; Bailen Mi Rumbita &#8211; 12. Chango &#8211; El Guapo &#8211; 13. La Marelu &#8211; Mora Cantaora &#8211; 14. Dolores Abril &#8211; Trini\u00e1.<\/p>\n","protected":false},"excerpt":{"rendered":"<p>De los archivos de los legendarios sellos BELTER y DISCOPHON, imprescindibles para comprender el auge y la fiebre de la Rumba Pop en Espa\u00f1a durante los a\u00f1os 70,<a class=\"read\" href=\"https:\/\/wpguerssen-test.odoo.rgbconsulting.com\/es\/producto\/rumbita-buena-rumba-funk-flamenco-pop-from-2\/\"> (...)<\/a>","protected":false},"featured_media":121370,"template":"","meta":{"_acf_changed":false},"product_brand":[],"product_cat":[23268],"product_tag":[29138],"class_list":{"0":"post-187361","1":"product","2":"type-product","3":"status-publish","4":"has-post-thumbnail","6":"product_cat-flamenco-rock-rumba-es","7":"product_tag-cd-es","8":"pa_artist-various-artists-es","9":"pa_format-cd-2-es","10":"pa_gender-flamenco-rock-rumba","11":"pa_label-pharaway-sounds-es","12":"pa_location-spain-es","14":"first","15":"instock","16":"taxable","17":"shipping-taxable","18":"purchasable","19":"product-type-simple"},"acf":[],"yoast_head":"<!-- This site is optimized with the Yoast SEO plugin v24.9 - https:\/\/yoast.com\/wordpress\/plugins\/seo\/ -->\n<title>VARIOUS ARTISTS - Rumbita Buena - Rumba Funk &amp; Flamenco Pop from... -  (CD) | Guerssen<\/title>\n<meta name=\"description\" content=\"From the archives of the legendary BELTER and DISCOPHON labels, essential to understand the birth of the Catalan Rumba and Flamenco-Pop genre in Spain, we&#039;ve selected 14 dance-friendly tracks taken from overlooked LPs and 45s. #nl# This is the real gipsy-funk sound, full of screaming flamenco vocals, funk drums, electric guitars, wah-wah, organ, electric bass, exotic percussions, soulish horns, latin and even oriental touches... #nl# Featuring folkloric ye-y\u00e9 singers, gipsy princes, teen rumba stars and groovy rumba-pop bands: DOLORES VARGAS &quot;La Terremoto&quot;, CHANGO, ROSA MORENA, RUMBA 3, EL PR\u00cdNCIPE GITANO, EL NOI...* Master Tape Sound* Insert with photos and liner notes by Txarly Brown (Achilifunk) #nl# Tracklist: 1. Rumba Tres - Rumbita, Tru, La, La - 2. Dolores Vargas &quot;La Terremoto&quot; - A La Pelota - 3. Rosa Morena - Quiero Caf\u00e9 - 4. Lola Flores - La Bomba Gitana - 5. Chango - Kikilib\u00fa - 6. El Noi - Zorongo Rock - 7. Los Candelos - Te Estoy Amando Locamente - 8. Lola Flores y Antonio Gonz\u00e1lez - Muchacho Barrig\u00f3n - 9. Teresiya - El Perro de San Roque - 10. El Principe Gitano - \u00a1Ay Amor! (Jazz Gitano) - 11. Los Candelos - Bailen Mi Rumbita - 12. Chango - El Guapo - 13. La Marelu - Mora Cantaora - 14. Dolores Abril - Trini\u00e1.\" \/>\n<meta name=\"robots\" content=\"index, follow, max-snippet:-1, max-image-preview:large, max-video-preview:-1\" \/>\n<link rel=\"canonical\" href=\"https:\/\/wpguerssen-test.odoo.rgbconsulting.com\/es\/producto\/rumbita-buena-rumba-funk-flamenco-pop-from-2\/\" \/>\n<meta property=\"og:locale\" content=\"es_ES\" \/>\n<meta property=\"og:type\" content=\"article\" \/>\n<meta property=\"og:title\" content=\"VARIOUS ARTISTS - Rumbita Buena - Rumba Funk &amp; Flamenco Pop from... -  (CD) | Guerssen\" \/>\n<meta property=\"og:description\" content=\"From the archives of the legendary BELTER and DISCOPHON labels, essential to understand the birth of the Catalan Rumba and Flamenco-Pop genre in Spain, we&#039;ve selected 14 dance-friendly tracks taken from overlooked LPs and 45s. #nl# This is the real gipsy-funk sound, full of screaming flamenco vocals, funk drums, electric guitars, wah-wah, organ, electric bass, exotic percussions, soulish horns, latin and even oriental touches... #nl# Featuring folkloric ye-y\u00e9 singers, gipsy princes, teen rumba stars and groovy rumba-pop bands: DOLORES VARGAS &quot;La Terremoto&quot;, CHANGO, ROSA MORENA, RUMBA 3, EL PR\u00cdNCIPE GITANO, EL NOI...* Master Tape Sound* Insert with photos and liner notes by Txarly Brown (Achilifunk) #nl# Tracklist: 1. Rumba Tres - Rumbita, Tru, La, La - 2. Dolores Vargas &quot;La Terremoto&quot; - A La Pelota - 3. Rosa Morena - Quiero Caf\u00e9 - 4. Lola Flores - La Bomba Gitana - 5. Chango - Kikilib\u00fa - 6. El Noi - Zorongo Rock - 7. Los Candelos - Te Estoy Amando Locamente - 8. Lola Flores y Antonio Gonz\u00e1lez - Muchacho Barrig\u00f3n - 9. Teresiya - El Perro de San Roque - 10. El Principe Gitano - \u00a1Ay Amor! (Jazz Gitano) - 11. Los Candelos - Bailen Mi Rumbita - 12. Chango - El Guapo - 13. La Marelu - Mora Cantaora - 14. Dolores Abril - Trini\u00e1.\" \/>\n<meta property=\"og:url\" content=\"https:\/\/wpguerssen-test.odoo.rgbconsulting.com\/es\/producto\/rumbita-buena-rumba-funk-flamenco-pop-from-2\/\" \/>\n<meta property=\"og:site_name\" content=\"Guerssen records\" \/>\n<meta property=\"article:modified_time\" content=\"2025-04-02T14:47:46+00:00\" \/>\n<meta property=\"og:image\" content=\"https:\/\/wpguerssen-test.odoo.rgbconsulting.com\/wp-content\/uploads\/2022\/03\/29452.jpg\" \/>\n\t<meta property=\"og:image:width\" content=\"1850\" \/>\n\t<meta property=\"og:image:height\" content=\"1850\" \/>\n\t<meta property=\"og:image:type\" content=\"image\/jpeg\" \/>\n<meta name=\"twitter:card\" content=\"summary_large_image\" \/>\n<meta name=\"twitter:title\" content=\"VARIOUS ARTISTS - Rumbita Buena - Rumba Funk &amp; Flamenco Pop from... -  (CD) | Guerssen\" \/>\n<meta name=\"twitter:label1\" content=\"Tiempo de lectura\" \/>\n\t<meta name=\"twitter:data1\" content=\"1 minuto\" \/>\n<script type=\"application\/ld+json\" class=\"yoast-schema-graph\">{\"@context\":\"https:\/\/schema.org\",\"@graph\":[{\"@type\":\"WebPage\",\"@id\":\"https:\/\/wpguerssen-test.odoo.rgbconsulting.com\/es\/producto\/rumbita-buena-rumba-funk-flamenco-pop-from-2\/\",\"url\":\"https:\/\/wpguerssen-test.odoo.rgbconsulting.com\/es\/producto\/rumbita-buena-rumba-funk-flamenco-pop-from-2\/\",\"name\":\"VARIOUS ARTISTS - Rumbita Buena - Rumba Funk & Flamenco Pop from... - (CD) | Guerssen\",\"isPartOf\":{\"@id\":\"https:\/\/wpguerssen-test.odoo.rgbconsulting.com\/es\/#website\"},\"primaryImageOfPage\":{\"@id\":\"https:\/\/wpguerssen-test.odoo.rgbconsulting.com\/es\/producto\/rumbita-buena-rumba-funk-flamenco-pop-from-2\/#primaryimage\"},\"image\":{\"@id\":\"https:\/\/wpguerssen-test.odoo.rgbconsulting.com\/es\/producto\/rumbita-buena-rumba-funk-flamenco-pop-from-2\/#primaryimage\"},\"thumbnailUrl\":\"https:\/\/wpguerssen-test.odoo.rgbconsulting.com\/wp-content\/uploads\/2022\/03\/29452.jpg\",\"datePublished\":\"2018-01-28T23:00:00+00:00\",\"dateModified\":\"2025-04-02T14:47:46+00:00\",\"description\":\"From the archives of the legendary BELTER and DISCOPHON labels, essential to understand the birth of the Catalan Rumba and Flamenco-Pop genre in Spain, we've selected 14 dance-friendly tracks taken from overlooked LPs and 45s. #nl# This is the real gipsy-funk sound, full of screaming flamenco vocals, funk drums, electric guitars, wah-wah, organ, electric bass, exotic percussions, soulish horns, latin and even oriental touches... #nl# Featuring folkloric ye-y\u00e9 singers, gipsy princes, teen rumba stars and groovy rumba-pop bands: DOLORES VARGAS \\\"La Terremoto\\\", CHANGO, ROSA MORENA, RUMBA 3, EL PR\u00cdNCIPE GITANO, EL NOI...* Master Tape Sound* Insert with photos and liner notes by Txarly Brown (Achilifunk) #nl# Tracklist: 1. Rumba Tres - Rumbita, Tru, La, La - 2. Dolores Vargas \\\"La Terremoto\\\" - A La Pelota - 3. Rosa Morena - Quiero Caf\u00e9 - 4. Lola Flores - La Bomba Gitana - 5. Chango - Kikilib\u00fa - 6. El Noi - Zorongo Rock - 7. Los Candelos - Te Estoy Amando Locamente - 8. Lola Flores y Antonio Gonz\u00e1lez - Muchacho Barrig\u00f3n - 9. Teresiya - El Perro de San Roque - 10. El Principe Gitano - \u00a1Ay Amor! (Jazz Gitano) - 11. Los Candelos - Bailen Mi Rumbita - 12. Chango - El Guapo - 13. La Marelu - Mora Cantaora - 14. Dolores Abril - Trini\u00e1.\",\"breadcrumb\":{\"@id\":\"https:\/\/wpguerssen-test.odoo.rgbconsulting.com\/es\/producto\/rumbita-buena-rumba-funk-flamenco-pop-from-2\/#breadcrumb\"},\"inLanguage\":\"es\",\"potentialAction\":[{\"@type\":\"ReadAction\",\"target\":[\"https:\/\/wpguerssen-test.odoo.rgbconsulting.com\/es\/producto\/rumbita-buena-rumba-funk-flamenco-pop-from-2\/\"]}]},{\"@type\":\"ImageObject\",\"inLanguage\":\"es\",\"@id\":\"https:\/\/wpguerssen-test.odoo.rgbconsulting.com\/es\/producto\/rumbita-buena-rumba-funk-flamenco-pop-from-2\/#primaryimage\",\"url\":\"https:\/\/wpguerssen-test.odoo.rgbconsulting.com\/wp-content\/uploads\/2022\/03\/29452.jpg\",\"contentUrl\":\"https:\/\/wpguerssen-test.odoo.rgbconsulting.com\/wp-content\/uploads\/2022\/03\/29452.jpg\",\"width\":1850,\"height\":1850,\"caption\":\"VARIOUS ARTISTS - Rumbita Buena - Rumba Funk & Flamenco Pop from... - PHARAWAY SOUNDS (CD) | Guerssen\"},{\"@type\":\"BreadcrumbList\",\"@id\":\"https:\/\/wpguerssen-test.odoo.rgbconsulting.com\/es\/producto\/rumbita-buena-rumba-funk-flamenco-pop-from-2\/#breadcrumb\",\"itemListElement\":[{\"@type\":\"ListItem\",\"position\":1,\"name\":\"Inicio\",\"item\":\"https:\/\/wpguerssen-test.odoo.rgbconsulting.com\/es\/\"},{\"@type\":\"ListItem\",\"position\":2,\"name\":\"Shop\",\"item\":\"https:\/\/wpguerssen-test.odoo.rgbconsulting.com\/shop\/\"},{\"@type\":\"ListItem\",\"position\":3,\"name\":\"Rumbita Buena &#8211; Rumba Funk &#038; Flamenco Pop from&#8230;\"}]},{\"@type\":\"WebSite\",\"@id\":\"https:\/\/wpguerssen-test.odoo.rgbconsulting.com\/es\/#website\",\"url\":\"https:\/\/wpguerssen-test.odoo.rgbconsulting.com\/es\/\",\"name\":\"Guerssen records\",\"description\":\"psychedelia - progressive - folk - garage \",\"publisher\":{\"@id\":\"https:\/\/wpguerssen-test.odoo.rgbconsulting.com\/es\/#organization\"},\"potentialAction\":[{\"@type\":\"SearchAction\",\"target\":{\"@type\":\"EntryPoint\",\"urlTemplate\":\"https:\/\/wpguerssen-test.odoo.rgbconsulting.com\/es\/?s={search_term_string}\"},\"query-input\":{\"@type\":\"PropertyValueSpecification\",\"valueRequired\":true,\"valueName\":\"search_term_string\"}}],\"inLanguage\":\"es\"},{\"@type\":\"Organization\",\"@id\":\"https:\/\/wpguerssen-test.odoo.rgbconsulting.com\/es\/#organization\",\"name\":\"Guerssen records\",\"url\":\"https:\/\/wpguerssen-test.odoo.rgbconsulting.com\/es\/\",\"logo\":{\"@type\":\"ImageObject\",\"inLanguage\":\"es\",\"@id\":\"https:\/\/wpguerssen-test.odoo.rgbconsulting.com\/es\/#\/schema\/logo\/image\/\",\"url\":\"https:\/\/wpguerssen-test.odoo.rgbconsulting.com\/wp-content\/uploads\/2022\/04\/Logo_Guerssen_trans_100.png\",\"contentUrl\":\"https:\/\/wpguerssen-test.odoo.rgbconsulting.com\/wp-content\/uploads\/2022\/04\/Logo_Guerssen_trans_100.png\",\"width\":122,\"height\":100,\"caption\":\"Guerssen records\"},\"image\":{\"@id\":\"https:\/\/wpguerssen-test.odoo.rgbconsulting.com\/es\/#\/schema\/logo\/image\/\"}}]}<\/script>\n<!-- \/ Yoast SEO plugin. -->","yoast_head_json":{"title":"VARIOUS ARTISTS - Rumbita Buena - Rumba Funk & Flamenco Pop from... -  (CD) | Guerssen","description":"From the archives of the legendary BELTER and DISCOPHON labels, essential to understand the birth of the Catalan Rumba and Flamenco-Pop genre in Spain, we've selected 14 dance-friendly tracks taken from overlooked LPs and 45s. #nl# This is the real gipsy-funk sound, full of screaming flamenco vocals, funk drums, electric guitars, wah-wah, organ, electric bass, exotic percussions, soulish horns, latin and even oriental touches... #nl# Featuring folkloric ye-y\u00e9 singers, gipsy princes, teen rumba stars and groovy rumba-pop bands: DOLORES VARGAS \"La Terremoto\", CHANGO, ROSA MORENA, RUMBA 3, EL PR\u00cdNCIPE GITANO, EL NOI...* Master Tape Sound* Insert with photos and liner notes by Txarly Brown (Achilifunk) #nl# Tracklist: 1. Rumba Tres - Rumbita, Tru, La, La - 2. Dolores Vargas \"La Terremoto\" - A La Pelota - 3. Rosa Morena - Quiero Caf\u00e9 - 4. Lola Flores - La Bomba Gitana - 5. Chango - Kikilib\u00fa - 6. El Noi - Zorongo Rock - 7. Los Candelos - Te Estoy Amando Locamente - 8. Lola Flores y Antonio Gonz\u00e1lez - Muchacho Barrig\u00f3n - 9. Teresiya - El Perro de San Roque - 10. El Principe Gitano - \u00a1Ay Amor! (Jazz Gitano) - 11. Los Candelos - Bailen Mi Rumbita - 12. Chango - El Guapo - 13. La Marelu - Mora Cantaora - 14. Dolores Abril - Trini\u00e1.","robots":{"index":"index","follow":"follow","max-snippet":"max-snippet:-1","max-image-preview":"max-image-preview:large","max-video-preview":"max-video-preview:-1"},"canonical":"https:\/\/wpguerssen-test.odoo.rgbconsulting.com\/es\/producto\/rumbita-buena-rumba-funk-flamenco-pop-from-2\/","og_locale":"es_ES","og_type":"article","og_title":"VARIOUS ARTISTS - Rumbita Buena - Rumba Funk & Flamenco Pop from... -  (CD) | Guerssen","og_description":"From the archives of the legendary BELTER and DISCOPHON labels, essential to understand the birth of the Catalan Rumba and Flamenco-Pop genre in Spain, we've selected 14 dance-friendly tracks taken from overlooked LPs and 45s. #nl# This is the real gipsy-funk sound, full of screaming flamenco vocals, funk drums, electric guitars, wah-wah, organ, electric bass, exotic percussions, soulish horns, latin and even oriental touches... #nl# Featuring folkloric ye-y\u00e9 singers, gipsy princes, teen rumba stars and groovy rumba-pop bands: DOLORES VARGAS \"La Terremoto\", CHANGO, ROSA MORENA, RUMBA 3, EL PR\u00cdNCIPE GITANO, EL NOI...* Master Tape Sound* Insert with photos and liner notes by Txarly Brown (Achilifunk) #nl# Tracklist: 1. Rumba Tres - Rumbita, Tru, La, La - 2. Dolores Vargas \"La Terremoto\" - A La Pelota - 3. Rosa Morena - Quiero Caf\u00e9 - 4. Lola Flores - La Bomba Gitana - 5. Chango - Kikilib\u00fa - 6. El Noi - Zorongo Rock - 7. Los Candelos - Te Estoy Amando Locamente - 8. Lola Flores y Antonio Gonz\u00e1lez - Muchacho Barrig\u00f3n - 9. Teresiya - El Perro de San Roque - 10. El Principe Gitano - \u00a1Ay Amor! (Jazz Gitano) - 11. Los Candelos - Bailen Mi Rumbita - 12. Chango - El Guapo - 13. La Marelu - Mora Cantaora - 14. Dolores Abril - Trini\u00e1.","og_url":"https:\/\/wpguerssen-test.odoo.rgbconsulting.com\/es\/producto\/rumbita-buena-rumba-funk-flamenco-pop-from-2\/","og_site_name":"Guerssen records","article_modified_time":"2025-04-02T14:47:46+00:00","og_image":[{"width":1850,"height":1850,"url":"https:\/\/wpguerssen-test.odoo.rgbconsulting.com\/wp-content\/uploads\/2022\/03\/29452.jpg","type":"image\/jpeg"}],"twitter_card":"summary_large_image","twitter_title":"VARIOUS ARTISTS - Rumbita Buena - Rumba Funk & Flamenco Pop from... -  (CD) | Guerssen","twitter_misc":{"Tiempo de lectura":"1 minuto"},"schema":{"@context":"https:\/\/schema.org","@graph":[{"@type":"WebPage","@id":"https:\/\/wpguerssen-test.odoo.rgbconsulting.com\/es\/producto\/rumbita-buena-rumba-funk-flamenco-pop-from-2\/","url":"https:\/\/wpguerssen-test.odoo.rgbconsulting.com\/es\/producto\/rumbita-buena-rumba-funk-flamenco-pop-from-2\/","name":"VARIOUS ARTISTS - Rumbita Buena - Rumba Funk & Flamenco Pop from... - (CD) | Guerssen","isPartOf":{"@id":"https:\/\/wpguerssen-test.odoo.rgbconsulting.com\/es\/#website"},"primaryImageOfPage":{"@id":"https:\/\/wpguerssen-test.odoo.rgbconsulting.com\/es\/producto\/rumbita-buena-rumba-funk-flamenco-pop-from-2\/#primaryimage"},"image":{"@id":"https:\/\/wpguerssen-test.odoo.rgbconsulting.com\/es\/producto\/rumbita-buena-rumba-funk-flamenco-pop-from-2\/#primaryimage"},"thumbnailUrl":"https:\/\/wpguerssen-test.odoo.rgbconsulting.com\/wp-content\/uploads\/2022\/03\/29452.jpg","datePublished":"2018-01-28T23:00:00+00:00","dateModified":"2025-04-02T14:47:46+00:00","description":"From the archives of the legendary BELTER and DISCOPHON labels, essential to understand the birth of the Catalan Rumba and Flamenco-Pop genre in Spain, we've selected 14 dance-friendly tracks taken from overlooked LPs and 45s. #nl# This is the real gipsy-funk sound, full of screaming flamenco vocals, funk drums, electric guitars, wah-wah, organ, electric bass, exotic percussions, soulish horns, latin and even oriental touches... #nl# Featuring folkloric ye-y\u00e9 singers, gipsy princes, teen rumba stars and groovy rumba-pop bands: DOLORES VARGAS \"La Terremoto\", CHANGO, ROSA MORENA, RUMBA 3, EL PR\u00cdNCIPE GITANO, EL NOI...* Master Tape Sound* Insert with photos and liner notes by Txarly Brown (Achilifunk) #nl# Tracklist: 1. Rumba Tres - Rumbita, Tru, La, La - 2. Dolores Vargas \"La Terremoto\" - A La Pelota - 3. Rosa Morena - Quiero Caf\u00e9 - 4. Lola Flores - La Bomba Gitana - 5. Chango - Kikilib\u00fa - 6. El Noi - Zorongo Rock - 7. Los Candelos - Te Estoy Amando Locamente - 8. Lola Flores y Antonio Gonz\u00e1lez - Muchacho Barrig\u00f3n - 9. Teresiya - El Perro de San Roque - 10. El Principe Gitano - \u00a1Ay Amor! (Jazz Gitano) - 11. Los Candelos - Bailen Mi Rumbita - 12. Chango - El Guapo - 13. La Marelu - Mora Cantaora - 14. Dolores Abril - Trini\u00e1.","breadcrumb":{"@id":"https:\/\/wpguerssen-test.odoo.rgbconsulting.com\/es\/producto\/rumbita-buena-rumba-funk-flamenco-pop-from-2\/#breadcrumb"},"inLanguage":"es","potentialAction":[{"@type":"ReadAction","target":["https:\/\/wpguerssen-test.odoo.rgbconsulting.com\/es\/producto\/rumbita-buena-rumba-funk-flamenco-pop-from-2\/"]}]},{"@type":"ImageObject","inLanguage":"es","@id":"https:\/\/wpguerssen-test.odoo.rgbconsulting.com\/es\/producto\/rumbita-buena-rumba-funk-flamenco-pop-from-2\/#primaryimage","url":"https:\/\/wpguerssen-test.odoo.rgbconsulting.com\/wp-content\/uploads\/2022\/03\/29452.jpg","contentUrl":"https:\/\/wpguerssen-test.odoo.rgbconsulting.com\/wp-content\/uploads\/2022\/03\/29452.jpg","width":1850,"height":1850,"caption":"VARIOUS ARTISTS - Rumbita Buena - Rumba Funk & Flamenco Pop from... - PHARAWAY SOUNDS (CD) | Guerssen"},{"@type":"BreadcrumbList","@id":"https:\/\/wpguerssen-test.odoo.rgbconsulting.com\/es\/producto\/rumbita-buena-rumba-funk-flamenco-pop-from-2\/#breadcrumb","itemListElement":[{"@type":"ListItem","position":1,"name":"Inicio","item":"https:\/\/wpguerssen-test.odoo.rgbconsulting.com\/es\/"},{"@type":"ListItem","position":2,"name":"Shop","item":"https:\/\/wpguerssen-test.odoo.rgbconsulting.com\/shop\/"},{"@type":"ListItem","position":3,"name":"Rumbita Buena &#8211; Rumba Funk &#038; Flamenco Pop from&#8230;"}]},{"@type":"WebSite","@id":"https:\/\/wpguerssen-test.odoo.rgbconsulting.com\/es\/#website","url":"https:\/\/wpguerssen-test.odoo.rgbconsulting.com\/es\/","name":"Guerssen records","description":"psychedelia - progressive - folk - garage ","publisher":{"@id":"https:\/\/wpguerssen-test.odoo.rgbconsulting.com\/es\/#organization"},"potentialAction":[{"@type":"SearchAction","target":{"@type":"EntryPoint","urlTemplate":"https:\/\/wpguerssen-test.odoo.rgbconsulting.com\/es\/?s={search_term_string}"},"query-input":{"@type":"PropertyValueSpecification","valueRequired":true,"valueName":"search_term_string"}}],"inLanguage":"es"},{"@type":"Organization","@id":"https:\/\/wpguerssen-test.odoo.rgbconsulting.com\/es\/#organization","name":"Guerssen records","url":"https:\/\/wpguerssen-test.odoo.rgbconsulting.com\/es\/","logo":{"@type":"ImageObject","inLanguage":"es","@id":"https:\/\/wpguerssen-test.odoo.rgbconsulting.com\/es\/#\/schema\/logo\/image\/","url":"https:\/\/wpguerssen-test.odoo.rgbconsulting.com\/wp-content\/uploads\/2022\/04\/Logo_Guerssen_trans_100.png","contentUrl":"https:\/\/wpguerssen-test.odoo.rgbconsulting.com\/wp-content\/uploads\/2022\/04\/Logo_Guerssen_trans_100.png","width":122,"height":100,"caption":"Guerssen records"},"image":{"@id":"https:\/\/wpguerssen-test.odoo.rgbconsulting.com\/es\/#\/schema\/logo\/image\/"}}]}},"_links":{"self":[{"href":"https:\/\/wpguerssen-test.odoo.rgbconsulting.com\/es\/wp-json\/wp\/v2\/product\/187361","targetHints":{"allow":["GET"]}}],"collection":[{"href":"https:\/\/wpguerssen-test.odoo.rgbconsulting.com\/es\/wp-json\/wp\/v2\/product"}],"about":[{"href":"https:\/\/wpguerssen-test.odoo.rgbconsulting.com\/es\/wp-json\/wp\/v2\/types\/product"}],"wp:featuredmedia":[{"embeddable":true,"href":"https:\/\/wpguerssen-test.odoo.rgbconsulting.com\/es\/wp-json\/wp\/v2\/media\/121370"}],"wp:attachment":[{"href":"https:\/\/wpguerssen-test.odoo.rgbconsulting.com\/es\/wp-json\/wp\/v2\/media?parent=187361"}],"wp:term":[{"taxonomy":"product_brand","embeddable":true,"href":"https:\/\/wpguerssen-test.odoo.rgbconsulting.com\/es\/wp-json\/wp\/v2\/product_brand?post=187361"},{"taxonomy":"product_cat","embeddable":true,"href":"https:\/\/wpguerssen-test.odoo.rgbconsulting.com\/es\/wp-json\/wp\/v2\/product_cat?post=187361"},{"taxonomy":"product_tag","embeddable":true,"href":"https:\/\/wpguerssen-test.odoo.rgbconsulting.com\/es\/wp-json\/wp\/v2\/product_tag?post=187361"}],"curies":[{"name":"wp","href":"https:\/\/api.w.org\/{rel}","templated":true}]}}