{"id":187377,"date":"2018-01-29T00:00:00","date_gmt":"2018-01-28T23:00:00","guid":{"rendered":"http:\/\/guerssen.hl1097.dinaserver.com\/product\/tani-disco-rumba-and-flamenco-boogie-cd\/"},"modified":"2025-03-04T15:24:39","modified_gmt":"2025-03-04T14:24:39","slug":"tani-disco-rumba-and-flamenco-boogie-cd","status":"publish","type":"product","link":"https:\/\/wpguerssen-test.odoo.rgbconsulting.com\/es\/producto\/tani-disco-rumba-and-flamenco-boogie-cd\/","title":{"rendered":"Tani &#8211; Disco Rumba And Flamenco Boogie (CD)"},"content":{"rendered":"<p>\u00abVenga, a ver si te buscas una musiquilla guapa, \u00bfno, colega?\u00bb &#8211; El Pirri <\/p>\n<p> La fiebre de la Disco-Music, el Sonido Filadelfia y Salsoul tambi\u00e9n contagi\u00f3 a la Rumba-Pop y al Flamenco-Funk durante finales de los 70 y principios de los 80 en Espa\u00f1a. Productores, ingenieros de sonido y m\u00fasicos de estudio de primera l\u00ednea colaboraron mano a mano con cantantes y grupos flamencos y rumberos, destacando las producciones de Josep Llobell en Barcelona para Belter y sus subsellos.  <\/p>\n<p> Aqu\u00ed tienes doce bombas flamenco-discotequeras a cargo de Sangre Gitana, Rumba 3, Tobago, Los Gach\u00f3s, El Turronero&#8230;Una aut\u00e9ntica m\u00e1quina del tiempo que te transportar\u00e1 a las discotecas y boites de finales de los 70 y la banda sonora perfecta para una imaginaria pel\u00edcula de cine \u00abkinki\u00bb. <\/p>\n<p> Insert con fotos y detalladas notas por Txarly Brown. <\/p>\n<p> Tracklist: 1. Sangre Gitana &#8211; Yo Me Siento Muy Feliz &#8211; 2. Rumba Tres &#8211; Y No Te Quedan L\u00e1grimas &#8211; 3. Los Gach\u00f3s &#8211; Estrella &#8211; 4. Tobago &#8211; Oye Chiquilla &#8211; 5. La Marelu &#8211; Mala &#8211; 6. Barracuda &#8211; Puedes Buscarte Un Nuevo Amor &#8211; 7. Rumba Tres &#8211; Ahora Qu\u00e9 &#8211; 8. Juan Bautista &#8211; En Cartagena &#8211; 9. Las Deblas &#8211; Tani &#8211; 10. Rumba Tres &#8211; Ya Estoy Parao &#8211; 11. El Turronero &#8211; Yo Soy Nube Pasajera &#8211; 12. Sangre Gitana &#8211; Esta Noche Te Perd\u00ed.<\/p>\n","protected":false},"excerpt":{"rendered":"<p>\u00abVenga, a ver si te buscas una musiquilla guapa, \u00bfno, colega?\u00bb &#8211; El Pirri <\/p>\n<p>\u00a0<\/p>\n<p> La fiebre de la Disco-Music, el Sonido Filadelfia y Salsoul tambi\u00e9n<a class=\"read\" href=\"https:\/\/wpguerssen-test.odoo.rgbconsulting.com\/es\/producto\/tani-disco-rumba-and-flamenco-boogie-cd\/\"> (...)<\/a>","protected":false},"featured_media":121412,"template":"","meta":{"_acf_changed":false},"product_brand":[],"product_cat":[23265,23268],"product_tag":[29138],"class_list":{"0":"post-187377","1":"product","2":"type-product","3":"status-publish","4":"has-post-thumbnail","6":"product_cat-disco-cosmic-italo-es","7":"product_cat-flamenco-rock-rumba-es","8":"product_tag-cd-es","9":"pa_artist-various-artists-es","10":"pa_format-cd-2-es","11":"pa_gender-flamenco-rock-rumba-disco-cosmic-italo","12":"pa_label-pharaway-sounds-es","13":"pa_location-spain-es","15":"first","16":"instock","17":"taxable","18":"shipping-taxable","19":"purchasable","20":"product-type-simple"},"acf":[],"yoast_head":"<!-- This site is optimized with the Yoast SEO plugin v24.9 - https:\/\/yoast.com\/wordpress\/plugins\/seo\/ -->\n<title>VARIOUS ARTISTS - Tani - Disco Rumba And Flamenco Boogie (CD) -  (CD) | Guerssen<\/title>\n<meta name=\"description\" content=\"The Disco Music, Philadelphia Sound and Salsoul fever were also present in the Rumba-Pop and Flamenco-Funk scene of Spain in the late &#039;70s \/ early &#039;80s. Producers, sound engineers and studio musicians collaborated closely with flamenco \/ rumba singers and bands. Among others, we got to highlight the production \/ studio work that genius Josep Llobell did for the Belter label in Barcelona. #nl# Here you got 12 disco-rumba-flamenco-boogie bombs, a time machine to the boites and discotheques of the late 70s and the perfect soundtrack to an imaginary &quot;Kinki&quot; cinema soundtrack. #nl# Featuring: Sangre Gitana, Rumba 3, Tobago, Los Gach\u00f3s, La Marelu, El Turronero... #nl# Insert with liner notes by Txarly Brown and photos. #nl# Tracklist: 1. Sangre Gitana - Yo Me Siento Muy Feliz - 2. Rumba Tres - Y No Te Quedan L\u00e1grimas - 3. Los Gach\u00f3s - Estrella - 4. Tobago - Oye Chiquilla - 5. La Marelu - Mala - 6. Barracuda - Puedes Buscarte Un Nuevo Amor - 7. Rumba Tres - Ahora Qu\u00e9 - 8. Juan Bautista - En Cartagena - 9. Las Deblas - Tani - 10. Rumba Tres - Ya Estoy Parao - 11. El Turronero - Yo Soy Nube Pasajera - 12. Sangre Gitana - Esta Noche Te Perd\u00ed.\" \/>\n<meta name=\"robots\" content=\"index, follow, max-snippet:-1, max-image-preview:large, max-video-preview:-1\" \/>\n<link rel=\"canonical\" href=\"https:\/\/wpguerssen-test.odoo.rgbconsulting.com\/es\/producto\/tani-disco-rumba-and-flamenco-boogie-cd\/\" \/>\n<meta property=\"og:locale\" content=\"es_ES\" \/>\n<meta property=\"og:type\" content=\"article\" \/>\n<meta property=\"og:title\" content=\"VARIOUS ARTISTS - Tani - Disco Rumba And Flamenco Boogie (CD) -  (CD) | Guerssen\" \/>\n<meta property=\"og:description\" content=\"The Disco Music, Philadelphia Sound and Salsoul fever were also present in the Rumba-Pop and Flamenco-Funk scene of Spain in the late &#039;70s \/ early &#039;80s. Producers, sound engineers and studio musicians collaborated closely with flamenco \/ rumba singers and bands. Among others, we got to highlight the production \/ studio work that genius Josep Llobell did for the Belter label in Barcelona. #nl# Here you got 12 disco-rumba-flamenco-boogie bombs, a time machine to the boites and discotheques of the late 70s and the perfect soundtrack to an imaginary &quot;Kinki&quot; cinema soundtrack. #nl# Featuring: Sangre Gitana, Rumba 3, Tobago, Los Gach\u00f3s, La Marelu, El Turronero... #nl# Insert with liner notes by Txarly Brown and photos. #nl# Tracklist: 1. Sangre Gitana - Yo Me Siento Muy Feliz - 2. Rumba Tres - Y No Te Quedan L\u00e1grimas - 3. Los Gach\u00f3s - Estrella - 4. Tobago - Oye Chiquilla - 5. La Marelu - Mala - 6. Barracuda - Puedes Buscarte Un Nuevo Amor - 7. Rumba Tres - Ahora Qu\u00e9 - 8. Juan Bautista - En Cartagena - 9. Las Deblas - Tani - 10. Rumba Tres - Ya Estoy Parao - 11. El Turronero - Yo Soy Nube Pasajera - 12. Sangre Gitana - Esta Noche Te Perd\u00ed.\" \/>\n<meta property=\"og:url\" content=\"https:\/\/wpguerssen-test.odoo.rgbconsulting.com\/es\/producto\/tani-disco-rumba-and-flamenco-boogie-cd\/\" \/>\n<meta property=\"og:site_name\" content=\"Guerssen records\" \/>\n<meta property=\"article:modified_time\" content=\"2025-03-04T14:24:39+00:00\" \/>\n<meta property=\"og:image\" content=\"https:\/\/wpguerssen-test.odoo.rgbconsulting.com\/wp-content\/uploads\/2022\/03\/29536.jpg\" \/>\n\t<meta property=\"og:image:width\" content=\"1400\" \/>\n\t<meta property=\"og:image:height\" content=\"1400\" \/>\n\t<meta property=\"og:image:type\" content=\"image\/jpeg\" \/>\n<meta name=\"twitter:card\" content=\"summary_large_image\" \/>\n<meta name=\"twitter:title\" content=\"VARIOUS ARTISTS - Tani - Disco Rumba And Flamenco Boogie (CD) -  (CD) | Guerssen\" \/>\n<meta name=\"twitter:label1\" content=\"Tiempo de lectura\" \/>\n\t<meta name=\"twitter:data1\" content=\"1 minuto\" \/>\n<script type=\"application\/ld+json\" class=\"yoast-schema-graph\">{\"@context\":\"https:\/\/schema.org\",\"@graph\":[{\"@type\":\"WebPage\",\"@id\":\"https:\/\/wpguerssen-test.odoo.rgbconsulting.com\/es\/producto\/tani-disco-rumba-and-flamenco-boogie-cd\/\",\"url\":\"https:\/\/wpguerssen-test.odoo.rgbconsulting.com\/es\/producto\/tani-disco-rumba-and-flamenco-boogie-cd\/\",\"name\":\"VARIOUS ARTISTS - Tani - Disco Rumba And Flamenco Boogie (CD) - (CD) | Guerssen\",\"isPartOf\":{\"@id\":\"https:\/\/wpguerssen-test.odoo.rgbconsulting.com\/es\/#website\"},\"primaryImageOfPage\":{\"@id\":\"https:\/\/wpguerssen-test.odoo.rgbconsulting.com\/es\/producto\/tani-disco-rumba-and-flamenco-boogie-cd\/#primaryimage\"},\"image\":{\"@id\":\"https:\/\/wpguerssen-test.odoo.rgbconsulting.com\/es\/producto\/tani-disco-rumba-and-flamenco-boogie-cd\/#primaryimage\"},\"thumbnailUrl\":\"https:\/\/wpguerssen-test.odoo.rgbconsulting.com\/wp-content\/uploads\/2022\/03\/29536.jpg\",\"datePublished\":\"2018-01-28T23:00:00+00:00\",\"dateModified\":\"2025-03-04T14:24:39+00:00\",\"description\":\"The Disco Music, Philadelphia Sound and Salsoul fever were also present in the Rumba-Pop and Flamenco-Funk scene of Spain in the late '70s \/ early '80s. Producers, sound engineers and studio musicians collaborated closely with flamenco \/ rumba singers and bands. Among others, we got to highlight the production \/ studio work that genius Josep Llobell did for the Belter label in Barcelona. #nl# Here you got 12 disco-rumba-flamenco-boogie bombs, a time machine to the boites and discotheques of the late 70s and the perfect soundtrack to an imaginary \\\"Kinki\\\" cinema soundtrack. #nl# Featuring: Sangre Gitana, Rumba 3, Tobago, Los Gach\u00f3s, La Marelu, El Turronero... #nl# Insert with liner notes by Txarly Brown and photos. #nl# Tracklist: 1. Sangre Gitana - Yo Me Siento Muy Feliz - 2. Rumba Tres - Y No Te Quedan L\u00e1grimas - 3. Los Gach\u00f3s - Estrella - 4. Tobago - Oye Chiquilla - 5. La Marelu - Mala - 6. Barracuda - Puedes Buscarte Un Nuevo Amor - 7. Rumba Tres - Ahora Qu\u00e9 - 8. Juan Bautista - En Cartagena - 9. Las Deblas - Tani - 10. Rumba Tres - Ya Estoy Parao - 11. El Turronero - Yo Soy Nube Pasajera - 12. Sangre Gitana - Esta Noche Te Perd\u00ed.\",\"breadcrumb\":{\"@id\":\"https:\/\/wpguerssen-test.odoo.rgbconsulting.com\/es\/producto\/tani-disco-rumba-and-flamenco-boogie-cd\/#breadcrumb\"},\"inLanguage\":\"es\",\"potentialAction\":[{\"@type\":\"ReadAction\",\"target\":[\"https:\/\/wpguerssen-test.odoo.rgbconsulting.com\/es\/producto\/tani-disco-rumba-and-flamenco-boogie-cd\/\"]}]},{\"@type\":\"ImageObject\",\"inLanguage\":\"es\",\"@id\":\"https:\/\/wpguerssen-test.odoo.rgbconsulting.com\/es\/producto\/tani-disco-rumba-and-flamenco-boogie-cd\/#primaryimage\",\"url\":\"https:\/\/wpguerssen-test.odoo.rgbconsulting.com\/wp-content\/uploads\/2022\/03\/29536.jpg\",\"contentUrl\":\"https:\/\/wpguerssen-test.odoo.rgbconsulting.com\/wp-content\/uploads\/2022\/03\/29536.jpg\",\"width\":1400,\"height\":1400,\"caption\":\"VARIOUS ARTISTS - Tani - Disco Rumba And Flamenco Boogie (CD) - PHARAWAY SOUNDS (CD) | Guerssen\"},{\"@type\":\"BreadcrumbList\",\"@id\":\"https:\/\/wpguerssen-test.odoo.rgbconsulting.com\/es\/producto\/tani-disco-rumba-and-flamenco-boogie-cd\/#breadcrumb\",\"itemListElement\":[{\"@type\":\"ListItem\",\"position\":1,\"name\":\"Inicio\",\"item\":\"https:\/\/wpguerssen-test.odoo.rgbconsulting.com\/es\/\"},{\"@type\":\"ListItem\",\"position\":2,\"name\":\"Shop\",\"item\":\"https:\/\/wpguerssen-test.odoo.rgbconsulting.com\/shop\/\"},{\"@type\":\"ListItem\",\"position\":3,\"name\":\"Tani &#8211; Disco Rumba And Flamenco Boogie (CD)\"}]},{\"@type\":\"WebSite\",\"@id\":\"https:\/\/wpguerssen-test.odoo.rgbconsulting.com\/es\/#website\",\"url\":\"https:\/\/wpguerssen-test.odoo.rgbconsulting.com\/es\/\",\"name\":\"Guerssen records\",\"description\":\"psychedelia - progressive - folk - garage \",\"publisher\":{\"@id\":\"https:\/\/wpguerssen-test.odoo.rgbconsulting.com\/es\/#organization\"},\"potentialAction\":[{\"@type\":\"SearchAction\",\"target\":{\"@type\":\"EntryPoint\",\"urlTemplate\":\"https:\/\/wpguerssen-test.odoo.rgbconsulting.com\/es\/?s={search_term_string}\"},\"query-input\":{\"@type\":\"PropertyValueSpecification\",\"valueRequired\":true,\"valueName\":\"search_term_string\"}}],\"inLanguage\":\"es\"},{\"@type\":\"Organization\",\"@id\":\"https:\/\/wpguerssen-test.odoo.rgbconsulting.com\/es\/#organization\",\"name\":\"Guerssen records\",\"url\":\"https:\/\/wpguerssen-test.odoo.rgbconsulting.com\/es\/\",\"logo\":{\"@type\":\"ImageObject\",\"inLanguage\":\"es\",\"@id\":\"https:\/\/wpguerssen-test.odoo.rgbconsulting.com\/es\/#\/schema\/logo\/image\/\",\"url\":\"https:\/\/wpguerssen-test.odoo.rgbconsulting.com\/wp-content\/uploads\/2022\/04\/Logo_Guerssen_trans_100.png\",\"contentUrl\":\"https:\/\/wpguerssen-test.odoo.rgbconsulting.com\/wp-content\/uploads\/2022\/04\/Logo_Guerssen_trans_100.png\",\"width\":122,\"height\":100,\"caption\":\"Guerssen records\"},\"image\":{\"@id\":\"https:\/\/wpguerssen-test.odoo.rgbconsulting.com\/es\/#\/schema\/logo\/image\/\"}}]}<\/script>\n<!-- \/ Yoast SEO plugin. -->","yoast_head_json":{"title":"VARIOUS ARTISTS - Tani - Disco Rumba And Flamenco Boogie (CD) -  (CD) | Guerssen","description":"The Disco Music, Philadelphia Sound and Salsoul fever were also present in the Rumba-Pop and Flamenco-Funk scene of Spain in the late '70s \/ early '80s. Producers, sound engineers and studio musicians collaborated closely with flamenco \/ rumba singers and bands. Among others, we got to highlight the production \/ studio work that genius Josep Llobell did for the Belter label in Barcelona. #nl# Here you got 12 disco-rumba-flamenco-boogie bombs, a time machine to the boites and discotheques of the late 70s and the perfect soundtrack to an imaginary \"Kinki\" cinema soundtrack. #nl# Featuring: Sangre Gitana, Rumba 3, Tobago, Los Gach\u00f3s, La Marelu, El Turronero... #nl# Insert with liner notes by Txarly Brown and photos. #nl# Tracklist: 1. Sangre Gitana - Yo Me Siento Muy Feliz - 2. Rumba Tres - Y No Te Quedan L\u00e1grimas - 3. Los Gach\u00f3s - Estrella - 4. Tobago - Oye Chiquilla - 5. La Marelu - Mala - 6. Barracuda - Puedes Buscarte Un Nuevo Amor - 7. Rumba Tres - Ahora Qu\u00e9 - 8. Juan Bautista - En Cartagena - 9. Las Deblas - Tani - 10. Rumba Tres - Ya Estoy Parao - 11. El Turronero - Yo Soy Nube Pasajera - 12. Sangre Gitana - Esta Noche Te Perd\u00ed.","robots":{"index":"index","follow":"follow","max-snippet":"max-snippet:-1","max-image-preview":"max-image-preview:large","max-video-preview":"max-video-preview:-1"},"canonical":"https:\/\/wpguerssen-test.odoo.rgbconsulting.com\/es\/producto\/tani-disco-rumba-and-flamenco-boogie-cd\/","og_locale":"es_ES","og_type":"article","og_title":"VARIOUS ARTISTS - Tani - Disco Rumba And Flamenco Boogie (CD) -  (CD) | Guerssen","og_description":"The Disco Music, Philadelphia Sound and Salsoul fever were also present in the Rumba-Pop and Flamenco-Funk scene of Spain in the late '70s \/ early '80s. Producers, sound engineers and studio musicians collaborated closely with flamenco \/ rumba singers and bands. Among others, we got to highlight the production \/ studio work that genius Josep Llobell did for the Belter label in Barcelona. #nl# Here you got 12 disco-rumba-flamenco-boogie bombs, a time machine to the boites and discotheques of the late 70s and the perfect soundtrack to an imaginary \"Kinki\" cinema soundtrack. #nl# Featuring: Sangre Gitana, Rumba 3, Tobago, Los Gach\u00f3s, La Marelu, El Turronero... #nl# Insert with liner notes by Txarly Brown and photos. #nl# Tracklist: 1. Sangre Gitana - Yo Me Siento Muy Feliz - 2. Rumba Tres - Y No Te Quedan L\u00e1grimas - 3. Los Gach\u00f3s - Estrella - 4. Tobago - Oye Chiquilla - 5. La Marelu - Mala - 6. Barracuda - Puedes Buscarte Un Nuevo Amor - 7. Rumba Tres - Ahora Qu\u00e9 - 8. Juan Bautista - En Cartagena - 9. Las Deblas - Tani - 10. Rumba Tres - Ya Estoy Parao - 11. El Turronero - Yo Soy Nube Pasajera - 12. Sangre Gitana - Esta Noche Te Perd\u00ed.","og_url":"https:\/\/wpguerssen-test.odoo.rgbconsulting.com\/es\/producto\/tani-disco-rumba-and-flamenco-boogie-cd\/","og_site_name":"Guerssen records","article_modified_time":"2025-03-04T14:24:39+00:00","og_image":[{"width":1400,"height":1400,"url":"https:\/\/wpguerssen-test.odoo.rgbconsulting.com\/wp-content\/uploads\/2022\/03\/29536.jpg","type":"image\/jpeg"}],"twitter_card":"summary_large_image","twitter_title":"VARIOUS ARTISTS - Tani - Disco Rumba And Flamenco Boogie (CD) -  (CD) | Guerssen","twitter_misc":{"Tiempo de lectura":"1 minuto"},"schema":{"@context":"https:\/\/schema.org","@graph":[{"@type":"WebPage","@id":"https:\/\/wpguerssen-test.odoo.rgbconsulting.com\/es\/producto\/tani-disco-rumba-and-flamenco-boogie-cd\/","url":"https:\/\/wpguerssen-test.odoo.rgbconsulting.com\/es\/producto\/tani-disco-rumba-and-flamenco-boogie-cd\/","name":"VARIOUS ARTISTS - Tani - Disco Rumba And Flamenco Boogie (CD) - (CD) | Guerssen","isPartOf":{"@id":"https:\/\/wpguerssen-test.odoo.rgbconsulting.com\/es\/#website"},"primaryImageOfPage":{"@id":"https:\/\/wpguerssen-test.odoo.rgbconsulting.com\/es\/producto\/tani-disco-rumba-and-flamenco-boogie-cd\/#primaryimage"},"image":{"@id":"https:\/\/wpguerssen-test.odoo.rgbconsulting.com\/es\/producto\/tani-disco-rumba-and-flamenco-boogie-cd\/#primaryimage"},"thumbnailUrl":"https:\/\/wpguerssen-test.odoo.rgbconsulting.com\/wp-content\/uploads\/2022\/03\/29536.jpg","datePublished":"2018-01-28T23:00:00+00:00","dateModified":"2025-03-04T14:24:39+00:00","description":"The Disco Music, Philadelphia Sound and Salsoul fever were also present in the Rumba-Pop and Flamenco-Funk scene of Spain in the late '70s \/ early '80s. Producers, sound engineers and studio musicians collaborated closely with flamenco \/ rumba singers and bands. Among others, we got to highlight the production \/ studio work that genius Josep Llobell did for the Belter label in Barcelona. #nl# Here you got 12 disco-rumba-flamenco-boogie bombs, a time machine to the boites and discotheques of the late 70s and the perfect soundtrack to an imaginary \"Kinki\" cinema soundtrack. #nl# Featuring: Sangre Gitana, Rumba 3, Tobago, Los Gach\u00f3s, La Marelu, El Turronero... #nl# Insert with liner notes by Txarly Brown and photos. #nl# Tracklist: 1. Sangre Gitana - Yo Me Siento Muy Feliz - 2. Rumba Tres - Y No Te Quedan L\u00e1grimas - 3. Los Gach\u00f3s - Estrella - 4. Tobago - Oye Chiquilla - 5. La Marelu - Mala - 6. Barracuda - Puedes Buscarte Un Nuevo Amor - 7. Rumba Tres - Ahora Qu\u00e9 - 8. Juan Bautista - En Cartagena - 9. Las Deblas - Tani - 10. Rumba Tres - Ya Estoy Parao - 11. El Turronero - Yo Soy Nube Pasajera - 12. Sangre Gitana - Esta Noche Te Perd\u00ed.","breadcrumb":{"@id":"https:\/\/wpguerssen-test.odoo.rgbconsulting.com\/es\/producto\/tani-disco-rumba-and-flamenco-boogie-cd\/#breadcrumb"},"inLanguage":"es","potentialAction":[{"@type":"ReadAction","target":["https:\/\/wpguerssen-test.odoo.rgbconsulting.com\/es\/producto\/tani-disco-rumba-and-flamenco-boogie-cd\/"]}]},{"@type":"ImageObject","inLanguage":"es","@id":"https:\/\/wpguerssen-test.odoo.rgbconsulting.com\/es\/producto\/tani-disco-rumba-and-flamenco-boogie-cd\/#primaryimage","url":"https:\/\/wpguerssen-test.odoo.rgbconsulting.com\/wp-content\/uploads\/2022\/03\/29536.jpg","contentUrl":"https:\/\/wpguerssen-test.odoo.rgbconsulting.com\/wp-content\/uploads\/2022\/03\/29536.jpg","width":1400,"height":1400,"caption":"VARIOUS ARTISTS - Tani - Disco Rumba And Flamenco Boogie (CD) - PHARAWAY SOUNDS (CD) | Guerssen"},{"@type":"BreadcrumbList","@id":"https:\/\/wpguerssen-test.odoo.rgbconsulting.com\/es\/producto\/tani-disco-rumba-and-flamenco-boogie-cd\/#breadcrumb","itemListElement":[{"@type":"ListItem","position":1,"name":"Inicio","item":"https:\/\/wpguerssen-test.odoo.rgbconsulting.com\/es\/"},{"@type":"ListItem","position":2,"name":"Shop","item":"https:\/\/wpguerssen-test.odoo.rgbconsulting.com\/shop\/"},{"@type":"ListItem","position":3,"name":"Tani &#8211; Disco Rumba And Flamenco Boogie (CD)"}]},{"@type":"WebSite","@id":"https:\/\/wpguerssen-test.odoo.rgbconsulting.com\/es\/#website","url":"https:\/\/wpguerssen-test.odoo.rgbconsulting.com\/es\/","name":"Guerssen records","description":"psychedelia - progressive - folk - garage ","publisher":{"@id":"https:\/\/wpguerssen-test.odoo.rgbconsulting.com\/es\/#organization"},"potentialAction":[{"@type":"SearchAction","target":{"@type":"EntryPoint","urlTemplate":"https:\/\/wpguerssen-test.odoo.rgbconsulting.com\/es\/?s={search_term_string}"},"query-input":{"@type":"PropertyValueSpecification","valueRequired":true,"valueName":"search_term_string"}}],"inLanguage":"es"},{"@type":"Organization","@id":"https:\/\/wpguerssen-test.odoo.rgbconsulting.com\/es\/#organization","name":"Guerssen records","url":"https:\/\/wpguerssen-test.odoo.rgbconsulting.com\/es\/","logo":{"@type":"ImageObject","inLanguage":"es","@id":"https:\/\/wpguerssen-test.odoo.rgbconsulting.com\/es\/#\/schema\/logo\/image\/","url":"https:\/\/wpguerssen-test.odoo.rgbconsulting.com\/wp-content\/uploads\/2022\/04\/Logo_Guerssen_trans_100.png","contentUrl":"https:\/\/wpguerssen-test.odoo.rgbconsulting.com\/wp-content\/uploads\/2022\/04\/Logo_Guerssen_trans_100.png","width":122,"height":100,"caption":"Guerssen records"},"image":{"@id":"https:\/\/wpguerssen-test.odoo.rgbconsulting.com\/es\/#\/schema\/logo\/image\/"}}]}},"_links":{"self":[{"href":"https:\/\/wpguerssen-test.odoo.rgbconsulting.com\/es\/wp-json\/wp\/v2\/product\/187377","targetHints":{"allow":["GET"]}}],"collection":[{"href":"https:\/\/wpguerssen-test.odoo.rgbconsulting.com\/es\/wp-json\/wp\/v2\/product"}],"about":[{"href":"https:\/\/wpguerssen-test.odoo.rgbconsulting.com\/es\/wp-json\/wp\/v2\/types\/product"}],"wp:featuredmedia":[{"embeddable":true,"href":"https:\/\/wpguerssen-test.odoo.rgbconsulting.com\/es\/wp-json\/wp\/v2\/media\/121412"}],"wp:attachment":[{"href":"https:\/\/wpguerssen-test.odoo.rgbconsulting.com\/es\/wp-json\/wp\/v2\/media?parent=187377"}],"wp:term":[{"taxonomy":"product_brand","embeddable":true,"href":"https:\/\/wpguerssen-test.odoo.rgbconsulting.com\/es\/wp-json\/wp\/v2\/product_brand?post=187377"},{"taxonomy":"product_cat","embeddable":true,"href":"https:\/\/wpguerssen-test.odoo.rgbconsulting.com\/es\/wp-json\/wp\/v2\/product_cat?post=187377"},{"taxonomy":"product_tag","embeddable":true,"href":"https:\/\/wpguerssen-test.odoo.rgbconsulting.com\/es\/wp-json\/wp\/v2\/product_tag?post=187377"}],"curies":[{"name":"wp","href":"https:\/\/api.w.org\/{rel}","templated":true}]}}