{"id":187382,"date":"2017-10-11T00:00:00","date_gmt":"2017-10-10T22:00:00","guid":{"rendered":"http:\/\/guerssen.hl1097.dinaserver.com\/product\/the-nazgul-cd\/"},"modified":"2024-12-16T17:38:25","modified_gmt":"2024-12-16T16:38:25","slug":"the-nazgul-cd","status":"publish","type":"product","link":"https:\/\/wpguerssen-test.odoo.rgbconsulting.com\/es\/producto\/the-nazgul-cd\/","title":{"rendered":"The Nazg\u00fbl (CD)"},"content":{"rendered":"<p>Siempre envuelto en un halo de misterio, que casa perfectamente con el ambiente oscuro de su sonido, pocos datos se conocen sobre Nazgul. Todo indica que fueron un proyecto de estudio capitaneado por el productor y m\u00fasico Toby Robinson, junto a otros amigos m\u00fasicos que pululaban por los ambientes underground\/ kraut de Colonia en los 70. Aparentemente grabado en 1975 para el sello Pyramid, \u00abNazgul\u00bb es un asomobroso muestrario de sonidos atm\u00f3sfericos, oscuros y proto-dark ambient \/ industrial influenciados por Tolkien. Ambiente ritual, percusiones con efectos, Hammond, Mini-Moog, loops de cinta, ruidos extra\u00f1os, drones, gongs, guitarra&#8230; <\/p>\n<p> Recomendado si te gustan: KLUSTER, STOCKHAUSEN, TAJ-MAHAL TRAVELLERS, NURSE WITH WOUND, THROBBING GRISTLE, LUSTMORD, COZMIC CORRIDORS&#8230; <\/p>\n<p> *Remasterizado a 24-bit del m\u00e1ster original por Toby Robinson <\/p>\n<p> *Booklet con detalladas notas por Alan Freeman (The Crack In The Cosmic Egg) <\/p>\n<p> *Incluye cup\u00f3n de descarga <\/p>\n<p> \u00abUn importante trabajo de avant-garde electr\u00f3nico, profunda esot\u00e9rica en su vertiente m\u00e1s terror\u00edfica\u00bb &#8211; Alan Freeman (Ultima Thule, The Crack In The Cosmic Egg) <\/p>\n<p> Tracklist: A1: The Tower of Barad-D\u00fbr &#8211; A2: Shelob&#8217;s Lair &#8211; B1: The Dead Marshes &#8211; B2: Mount Doom<\/p>\n","protected":false},"excerpt":{"rendered":"<p>Siempre envuelto en un halo de misterio, que casa perfectamente con el ambiente oscuro de su sonido, pocos datos se conocen sobre Nazgul. Todo indica que fueron un<a class=\"read\" href=\"https:\/\/wpguerssen-test.odoo.rgbconsulting.com\/es\/producto\/the-nazgul-cd\/\"> (...)<\/a>","protected":false},"featured_media":121421,"template":"","meta":{"_acf_changed":false},"product_brand":[],"product_cat":[23259,23260],"product_tag":[29138],"class_list":{"0":"post-187382","1":"product","2":"type-product","3":"status-publish","4":"has-post-thumbnail","6":"product_cat-ambient-new-age-es","7":"product_cat-avant-garde-experime-es","8":"product_tag-cd-es","9":"pa_artist-nazgul-the-es","10":"pa_format-cd-2-es","11":"pa_gender-avant-garde-experime-ambient-new-age","12":"pa_label-mental-experience-es","13":"pa_location-europe-es","15":"first","16":"instock","17":"taxable","18":"shipping-taxable","19":"purchasable","20":"product-type-simple"},"acf":[],"yoast_head":"<!-- This site is optimized with the Yoast SEO plugin v24.9 - https:\/\/yoast.com\/wordpress\/plugins\/seo\/ -->\n<title>NAZG\u00dbL, The - The Nazg\u00fbl (CD) -  (CD) | Guerssen<\/title>\n<meta name=\"description\" content=\"Shrouded in mystery Kosmische \/ Kraut \/ Avant-Garde artefact, produced by Toby Robinson aka The Mad Twiddler circa 1975 for his private Pyramid label. #nl# Tolkien inspired dark ambient soundscapes with spooky \/ ritualistic atmosphere, treated percussions, gongs &amp; guitars, trippy Hammond &amp; Mini-Moog, tape loops, weird noises, drones...File under dark ambient, proto-industrial, kraut, experimental... #nl# RIYL: KLUSTER, STOCKHAUSEN, TAJ-MAHAL TRAVELLERS, NURSE WITH WOUND, THROBBING GRISTLE, LUSTMORD, COZMIC CORRIDORS... #nl# * 24-bit domain remaster from the original tapes #nl# * Insert with detailed liner notes by Alan Freeman (The Crack In The Cosmic Egg) #nl# &quot;A major work of electronic avant-garde - high quality deep esoterica of the weird and spooky kind.&quot; - Alan Freeman (Ultima Thule, The Crack In The Cosmic Egg) #nl# Tracklist: 01: The Tower of Barad-D\u00fbr - 02: Shelob&#039;s Lair - 03: The Dead Marshes - 04: Mount Doom\" \/>\n<meta name=\"robots\" content=\"index, follow, max-snippet:-1, max-image-preview:large, max-video-preview:-1\" \/>\n<link rel=\"canonical\" href=\"https:\/\/wpguerssen-test.odoo.rgbconsulting.com\/es\/producto\/the-nazgul-cd\/\" \/>\n<meta property=\"og:locale\" content=\"es_ES\" \/>\n<meta property=\"og:type\" content=\"article\" \/>\n<meta property=\"og:title\" content=\"NAZG\u00dbL, The - The Nazg\u00fbl (CD) -  (CD) | Guerssen\" \/>\n<meta property=\"og:description\" content=\"Shrouded in mystery Kosmische \/ Kraut \/ Avant-Garde artefact, produced by Toby Robinson aka The Mad Twiddler circa 1975 for his private Pyramid label. #nl# Tolkien inspired dark ambient soundscapes with spooky \/ ritualistic atmosphere, treated percussions, gongs &amp; guitars, trippy Hammond &amp; Mini-Moog, tape loops, weird noises, drones...File under dark ambient, proto-industrial, kraut, experimental... #nl# RIYL: KLUSTER, STOCKHAUSEN, TAJ-MAHAL TRAVELLERS, NURSE WITH WOUND, THROBBING GRISTLE, LUSTMORD, COZMIC CORRIDORS... #nl# * 24-bit domain remaster from the original tapes #nl# * Insert with detailed liner notes by Alan Freeman (The Crack In The Cosmic Egg) #nl# &quot;A major work of electronic avant-garde - high quality deep esoterica of the weird and spooky kind.&quot; - Alan Freeman (Ultima Thule, The Crack In The Cosmic Egg) #nl# Tracklist: 01: The Tower of Barad-D\u00fbr - 02: Shelob&#039;s Lair - 03: The Dead Marshes - 04: Mount Doom\" \/>\n<meta property=\"og:url\" content=\"https:\/\/wpguerssen-test.odoo.rgbconsulting.com\/es\/producto\/the-nazgul-cd\/\" \/>\n<meta property=\"og:site_name\" content=\"Guerssen records\" \/>\n<meta property=\"article:modified_time\" content=\"2024-12-16T16:38:25+00:00\" \/>\n<meta property=\"og:image\" content=\"https:\/\/wpguerssen-test.odoo.rgbconsulting.com\/wp-content\/uploads\/2022\/03\/29554.jpg\" \/>\n\t<meta property=\"og:image:width\" content=\"1430\" \/>\n\t<meta property=\"og:image:height\" content=\"1430\" \/>\n\t<meta property=\"og:image:type\" content=\"image\/jpeg\" \/>\n<meta name=\"twitter:card\" content=\"summary_large_image\" \/>\n<meta name=\"twitter:title\" content=\"NAZG\u00dbL, The - The Nazg\u00fbl (CD) -  (CD) | Guerssen\" \/>\n<meta name=\"twitter:label1\" content=\"Tiempo de lectura\" \/>\n\t<meta name=\"twitter:data1\" content=\"1 minuto\" \/>\n<script type=\"application\/ld+json\" class=\"yoast-schema-graph\">{\"@context\":\"https:\/\/schema.org\",\"@graph\":[{\"@type\":\"WebPage\",\"@id\":\"https:\/\/wpguerssen-test.odoo.rgbconsulting.com\/es\/producto\/the-nazgul-cd\/\",\"url\":\"https:\/\/wpguerssen-test.odoo.rgbconsulting.com\/es\/producto\/the-nazgul-cd\/\",\"name\":\"NAZG\u00dbL, The - The Nazg\u00fbl (CD) - (CD) | Guerssen\",\"isPartOf\":{\"@id\":\"https:\/\/wpguerssen-test.odoo.rgbconsulting.com\/es\/#website\"},\"primaryImageOfPage\":{\"@id\":\"https:\/\/wpguerssen-test.odoo.rgbconsulting.com\/es\/producto\/the-nazgul-cd\/#primaryimage\"},\"image\":{\"@id\":\"https:\/\/wpguerssen-test.odoo.rgbconsulting.com\/es\/producto\/the-nazgul-cd\/#primaryimage\"},\"thumbnailUrl\":\"https:\/\/wpguerssen-test.odoo.rgbconsulting.com\/wp-content\/uploads\/2022\/03\/29554.jpg\",\"datePublished\":\"2017-10-10T22:00:00+00:00\",\"dateModified\":\"2024-12-16T16:38:25+00:00\",\"description\":\"Shrouded in mystery Kosmische \/ Kraut \/ Avant-Garde artefact, produced by Toby Robinson aka The Mad Twiddler circa 1975 for his private Pyramid label. #nl# Tolkien inspired dark ambient soundscapes with spooky \/ ritualistic atmosphere, treated percussions, gongs & guitars, trippy Hammond & Mini-Moog, tape loops, weird noises, drones...File under dark ambient, proto-industrial, kraut, experimental... #nl# RIYL: KLUSTER, STOCKHAUSEN, TAJ-MAHAL TRAVELLERS, NURSE WITH WOUND, THROBBING GRISTLE, LUSTMORD, COZMIC CORRIDORS... #nl# * 24-bit domain remaster from the original tapes #nl# * Insert with detailed liner notes by Alan Freeman (The Crack In The Cosmic Egg) #nl# \\\"A major work of electronic avant-garde - high quality deep esoterica of the weird and spooky kind.\\\" - Alan Freeman (Ultima Thule, The Crack In The Cosmic Egg) #nl# Tracklist: 01: The Tower of Barad-D\u00fbr - 02: Shelob's Lair - 03: The Dead Marshes - 04: Mount Doom\",\"breadcrumb\":{\"@id\":\"https:\/\/wpguerssen-test.odoo.rgbconsulting.com\/es\/producto\/the-nazgul-cd\/#breadcrumb\"},\"inLanguage\":\"es\",\"potentialAction\":[{\"@type\":\"ReadAction\",\"target\":[\"https:\/\/wpguerssen-test.odoo.rgbconsulting.com\/es\/producto\/the-nazgul-cd\/\"]}]},{\"@type\":\"ImageObject\",\"inLanguage\":\"es\",\"@id\":\"https:\/\/wpguerssen-test.odoo.rgbconsulting.com\/es\/producto\/the-nazgul-cd\/#primaryimage\",\"url\":\"https:\/\/wpguerssen-test.odoo.rgbconsulting.com\/wp-content\/uploads\/2022\/03\/29554.jpg\",\"contentUrl\":\"https:\/\/wpguerssen-test.odoo.rgbconsulting.com\/wp-content\/uploads\/2022\/03\/29554.jpg\",\"width\":1430,\"height\":1430,\"caption\":\"The - The Nazg\u00fbl (CD) - MENTAL EXPERIENCE (CD) | Guerssen\"},{\"@type\":\"BreadcrumbList\",\"@id\":\"https:\/\/wpguerssen-test.odoo.rgbconsulting.com\/es\/producto\/the-nazgul-cd\/#breadcrumb\",\"itemListElement\":[{\"@type\":\"ListItem\",\"position\":1,\"name\":\"Inicio\",\"item\":\"https:\/\/wpguerssen-test.odoo.rgbconsulting.com\/es\/\"},{\"@type\":\"ListItem\",\"position\":2,\"name\":\"Shop\",\"item\":\"https:\/\/wpguerssen-test.odoo.rgbconsulting.com\/shop\/\"},{\"@type\":\"ListItem\",\"position\":3,\"name\":\"The Nazg\u00fbl (CD)\"}]},{\"@type\":\"WebSite\",\"@id\":\"https:\/\/wpguerssen-test.odoo.rgbconsulting.com\/es\/#website\",\"url\":\"https:\/\/wpguerssen-test.odoo.rgbconsulting.com\/es\/\",\"name\":\"Guerssen records\",\"description\":\"psychedelia - progressive - folk - garage \",\"publisher\":{\"@id\":\"https:\/\/wpguerssen-test.odoo.rgbconsulting.com\/es\/#organization\"},\"potentialAction\":[{\"@type\":\"SearchAction\",\"target\":{\"@type\":\"EntryPoint\",\"urlTemplate\":\"https:\/\/wpguerssen-test.odoo.rgbconsulting.com\/es\/?s={search_term_string}\"},\"query-input\":{\"@type\":\"PropertyValueSpecification\",\"valueRequired\":true,\"valueName\":\"search_term_string\"}}],\"inLanguage\":\"es\"},{\"@type\":\"Organization\",\"@id\":\"https:\/\/wpguerssen-test.odoo.rgbconsulting.com\/es\/#organization\",\"name\":\"Guerssen records\",\"url\":\"https:\/\/wpguerssen-test.odoo.rgbconsulting.com\/es\/\",\"logo\":{\"@type\":\"ImageObject\",\"inLanguage\":\"es\",\"@id\":\"https:\/\/wpguerssen-test.odoo.rgbconsulting.com\/es\/#\/schema\/logo\/image\/\",\"url\":\"https:\/\/wpguerssen-test.odoo.rgbconsulting.com\/wp-content\/uploads\/2022\/04\/Logo_Guerssen_trans_100.png\",\"contentUrl\":\"https:\/\/wpguerssen-test.odoo.rgbconsulting.com\/wp-content\/uploads\/2022\/04\/Logo_Guerssen_trans_100.png\",\"width\":122,\"height\":100,\"caption\":\"Guerssen records\"},\"image\":{\"@id\":\"https:\/\/wpguerssen-test.odoo.rgbconsulting.com\/es\/#\/schema\/logo\/image\/\"}}]}<\/script>\n<!-- \/ Yoast SEO plugin. -->","yoast_head_json":{"title":"NAZG\u00dbL, The - The Nazg\u00fbl (CD) -  (CD) | Guerssen","description":"Shrouded in mystery Kosmische \/ Kraut \/ Avant-Garde artefact, produced by Toby Robinson aka The Mad Twiddler circa 1975 for his private Pyramid label. #nl# Tolkien inspired dark ambient soundscapes with spooky \/ ritualistic atmosphere, treated percussions, gongs & guitars, trippy Hammond & Mini-Moog, tape loops, weird noises, drones...File under dark ambient, proto-industrial, kraut, experimental... #nl# RIYL: KLUSTER, STOCKHAUSEN, TAJ-MAHAL TRAVELLERS, NURSE WITH WOUND, THROBBING GRISTLE, LUSTMORD, COZMIC CORRIDORS... #nl# * 24-bit domain remaster from the original tapes #nl# * Insert with detailed liner notes by Alan Freeman (The Crack In The Cosmic Egg) #nl# \"A major work of electronic avant-garde - high quality deep esoterica of the weird and spooky kind.\" - Alan Freeman (Ultima Thule, The Crack In The Cosmic Egg) #nl# Tracklist: 01: The Tower of Barad-D\u00fbr - 02: Shelob's Lair - 03: The Dead Marshes - 04: Mount Doom","robots":{"index":"index","follow":"follow","max-snippet":"max-snippet:-1","max-image-preview":"max-image-preview:large","max-video-preview":"max-video-preview:-1"},"canonical":"https:\/\/wpguerssen-test.odoo.rgbconsulting.com\/es\/producto\/the-nazgul-cd\/","og_locale":"es_ES","og_type":"article","og_title":"NAZG\u00dbL, The - The Nazg\u00fbl (CD) -  (CD) | Guerssen","og_description":"Shrouded in mystery Kosmische \/ Kraut \/ Avant-Garde artefact, produced by Toby Robinson aka The Mad Twiddler circa 1975 for his private Pyramid label. #nl# Tolkien inspired dark ambient soundscapes with spooky \/ ritualistic atmosphere, treated percussions, gongs & guitars, trippy Hammond & Mini-Moog, tape loops, weird noises, drones...File under dark ambient, proto-industrial, kraut, experimental... #nl# RIYL: KLUSTER, STOCKHAUSEN, TAJ-MAHAL TRAVELLERS, NURSE WITH WOUND, THROBBING GRISTLE, LUSTMORD, COZMIC CORRIDORS... #nl# * 24-bit domain remaster from the original tapes #nl# * Insert with detailed liner notes by Alan Freeman (The Crack In The Cosmic Egg) #nl# \"A major work of electronic avant-garde - high quality deep esoterica of the weird and spooky kind.\" - Alan Freeman (Ultima Thule, The Crack In The Cosmic Egg) #nl# Tracklist: 01: The Tower of Barad-D\u00fbr - 02: Shelob's Lair - 03: The Dead Marshes - 04: Mount Doom","og_url":"https:\/\/wpguerssen-test.odoo.rgbconsulting.com\/es\/producto\/the-nazgul-cd\/","og_site_name":"Guerssen records","article_modified_time":"2024-12-16T16:38:25+00:00","og_image":[{"width":1430,"height":1430,"url":"https:\/\/wpguerssen-test.odoo.rgbconsulting.com\/wp-content\/uploads\/2022\/03\/29554.jpg","type":"image\/jpeg"}],"twitter_card":"summary_large_image","twitter_title":"NAZG\u00dbL, The - The Nazg\u00fbl (CD) -  (CD) | Guerssen","twitter_misc":{"Tiempo de lectura":"1 minuto"},"schema":{"@context":"https:\/\/schema.org","@graph":[{"@type":"WebPage","@id":"https:\/\/wpguerssen-test.odoo.rgbconsulting.com\/es\/producto\/the-nazgul-cd\/","url":"https:\/\/wpguerssen-test.odoo.rgbconsulting.com\/es\/producto\/the-nazgul-cd\/","name":"NAZG\u00dbL, The - The Nazg\u00fbl (CD) - (CD) | Guerssen","isPartOf":{"@id":"https:\/\/wpguerssen-test.odoo.rgbconsulting.com\/es\/#website"},"primaryImageOfPage":{"@id":"https:\/\/wpguerssen-test.odoo.rgbconsulting.com\/es\/producto\/the-nazgul-cd\/#primaryimage"},"image":{"@id":"https:\/\/wpguerssen-test.odoo.rgbconsulting.com\/es\/producto\/the-nazgul-cd\/#primaryimage"},"thumbnailUrl":"https:\/\/wpguerssen-test.odoo.rgbconsulting.com\/wp-content\/uploads\/2022\/03\/29554.jpg","datePublished":"2017-10-10T22:00:00+00:00","dateModified":"2024-12-16T16:38:25+00:00","description":"Shrouded in mystery Kosmische \/ Kraut \/ Avant-Garde artefact, produced by Toby Robinson aka The Mad Twiddler circa 1975 for his private Pyramid label. #nl# Tolkien inspired dark ambient soundscapes with spooky \/ ritualistic atmosphere, treated percussions, gongs & guitars, trippy Hammond & Mini-Moog, tape loops, weird noises, drones...File under dark ambient, proto-industrial, kraut, experimental... #nl# RIYL: KLUSTER, STOCKHAUSEN, TAJ-MAHAL TRAVELLERS, NURSE WITH WOUND, THROBBING GRISTLE, LUSTMORD, COZMIC CORRIDORS... #nl# * 24-bit domain remaster from the original tapes #nl# * Insert with detailed liner notes by Alan Freeman (The Crack In The Cosmic Egg) #nl# \"A major work of electronic avant-garde - high quality deep esoterica of the weird and spooky kind.\" - Alan Freeman (Ultima Thule, The Crack In The Cosmic Egg) #nl# Tracklist: 01: The Tower of Barad-D\u00fbr - 02: Shelob's Lair - 03: The Dead Marshes - 04: Mount Doom","breadcrumb":{"@id":"https:\/\/wpguerssen-test.odoo.rgbconsulting.com\/es\/producto\/the-nazgul-cd\/#breadcrumb"},"inLanguage":"es","potentialAction":[{"@type":"ReadAction","target":["https:\/\/wpguerssen-test.odoo.rgbconsulting.com\/es\/producto\/the-nazgul-cd\/"]}]},{"@type":"ImageObject","inLanguage":"es","@id":"https:\/\/wpguerssen-test.odoo.rgbconsulting.com\/es\/producto\/the-nazgul-cd\/#primaryimage","url":"https:\/\/wpguerssen-test.odoo.rgbconsulting.com\/wp-content\/uploads\/2022\/03\/29554.jpg","contentUrl":"https:\/\/wpguerssen-test.odoo.rgbconsulting.com\/wp-content\/uploads\/2022\/03\/29554.jpg","width":1430,"height":1430,"caption":"The - The Nazg\u00fbl (CD) - MENTAL EXPERIENCE (CD) | Guerssen"},{"@type":"BreadcrumbList","@id":"https:\/\/wpguerssen-test.odoo.rgbconsulting.com\/es\/producto\/the-nazgul-cd\/#breadcrumb","itemListElement":[{"@type":"ListItem","position":1,"name":"Inicio","item":"https:\/\/wpguerssen-test.odoo.rgbconsulting.com\/es\/"},{"@type":"ListItem","position":2,"name":"Shop","item":"https:\/\/wpguerssen-test.odoo.rgbconsulting.com\/shop\/"},{"@type":"ListItem","position":3,"name":"The Nazg\u00fbl (CD)"}]},{"@type":"WebSite","@id":"https:\/\/wpguerssen-test.odoo.rgbconsulting.com\/es\/#website","url":"https:\/\/wpguerssen-test.odoo.rgbconsulting.com\/es\/","name":"Guerssen records","description":"psychedelia - progressive - folk - garage ","publisher":{"@id":"https:\/\/wpguerssen-test.odoo.rgbconsulting.com\/es\/#organization"},"potentialAction":[{"@type":"SearchAction","target":{"@type":"EntryPoint","urlTemplate":"https:\/\/wpguerssen-test.odoo.rgbconsulting.com\/es\/?s={search_term_string}"},"query-input":{"@type":"PropertyValueSpecification","valueRequired":true,"valueName":"search_term_string"}}],"inLanguage":"es"},{"@type":"Organization","@id":"https:\/\/wpguerssen-test.odoo.rgbconsulting.com\/es\/#organization","name":"Guerssen records","url":"https:\/\/wpguerssen-test.odoo.rgbconsulting.com\/es\/","logo":{"@type":"ImageObject","inLanguage":"es","@id":"https:\/\/wpguerssen-test.odoo.rgbconsulting.com\/es\/#\/schema\/logo\/image\/","url":"https:\/\/wpguerssen-test.odoo.rgbconsulting.com\/wp-content\/uploads\/2022\/04\/Logo_Guerssen_trans_100.png","contentUrl":"https:\/\/wpguerssen-test.odoo.rgbconsulting.com\/wp-content\/uploads\/2022\/04\/Logo_Guerssen_trans_100.png","width":122,"height":100,"caption":"Guerssen records"},"image":{"@id":"https:\/\/wpguerssen-test.odoo.rgbconsulting.com\/es\/#\/schema\/logo\/image\/"}}]}},"_links":{"self":[{"href":"https:\/\/wpguerssen-test.odoo.rgbconsulting.com\/es\/wp-json\/wp\/v2\/product\/187382","targetHints":{"allow":["GET"]}}],"collection":[{"href":"https:\/\/wpguerssen-test.odoo.rgbconsulting.com\/es\/wp-json\/wp\/v2\/product"}],"about":[{"href":"https:\/\/wpguerssen-test.odoo.rgbconsulting.com\/es\/wp-json\/wp\/v2\/types\/product"}],"wp:featuredmedia":[{"embeddable":true,"href":"https:\/\/wpguerssen-test.odoo.rgbconsulting.com\/es\/wp-json\/wp\/v2\/media\/121421"}],"wp:attachment":[{"href":"https:\/\/wpguerssen-test.odoo.rgbconsulting.com\/es\/wp-json\/wp\/v2\/media?parent=187382"}],"wp:term":[{"taxonomy":"product_brand","embeddable":true,"href":"https:\/\/wpguerssen-test.odoo.rgbconsulting.com\/es\/wp-json\/wp\/v2\/product_brand?post=187382"},{"taxonomy":"product_cat","embeddable":true,"href":"https:\/\/wpguerssen-test.odoo.rgbconsulting.com\/es\/wp-json\/wp\/v2\/product_cat?post=187382"},{"taxonomy":"product_tag","embeddable":true,"href":"https:\/\/wpguerssen-test.odoo.rgbconsulting.com\/es\/wp-json\/wp\/v2\/product_tag?post=187382"}],"curies":[{"name":"wp","href":"https:\/\/api.w.org\/{rel}","templated":true}]}}