{"id":187426,"date":"2017-11-23T00:00:00","date_gmt":"2017-11-22T23:00:00","guid":{"rendered":"http:\/\/guerssen.hl1097.dinaserver.com\/product\/anana-funk-hip-1970-1975-cd\/"},"modified":"2024-09-03T16:05:32","modified_gmt":"2024-09-03T14:05:32","slug":"anana-funk-hip-1970-1975-cd","status":"publish","type":"product","link":"https:\/\/wpguerssen-test.odoo.rgbconsulting.com\/es\/producto\/anana-funk-hip-1970-1975-cd\/","title":{"rendered":"Anana Funk Hip 1970-1975 (CD)"},"content":{"rendered":"<p>\u00abDolores Vargas fue nuestra bestia esc\u00e9nica, nuestra Tina Turner etapa Ikettes. Aunque suene a opini\u00f3n, cantando y bailando mucho mejor que Lola Flores, nunca goz\u00f3 del apoyo medi\u00e1tico ni el don de gentes de la gaditana. Quiz\u00e1s mejor as\u00ed. Dolores Vargas es vino de sumilleres y desde ahora disco de conoisseurs\u00bb. &#8211; Txarly Brown <\/p>\n<p> Antolog\u00eda centrada en los singles de la etapa 70s para el sello Belter de esta aut\u00e9ntica fiera del flamenco-pop y la rumba. Arrolladora producci\u00f3n a\u00f1adiendo elementos funk, soul, rock y pop a su poderosa voz. 14 canciones, donde encontramos desde cumbres del gipsy funk como \u00abA la pelota\u00bb, \u00abLa Hawaiana\u00bb o \u00abAnana Hip\u00bb a su descacharrante versi\u00f3n de \u00abChirpy Chirpy Cheep Cheep\u00bb..  <\/p>\n<p> * Sonido extra\u00eddo de los m\u00e1sters originales.  <\/p>\n<p> * Booklet con fotos y detalladas notas por Txarly Brown. <\/p>\n<p> Tracklist: 01. A La Pelota &#8211; 02. Anana Hip &#8211; 03. La Hawaiana &#8211; 04. El Desgrasiao &#8211; 05. Chirpy Chirpy Cheep Cheep &#8211; 06. Macarrones &#8211; 07. Oh La La &#8211; 08. Gitana Real &#8211; 09. Maria Lisi &#8211; 10. La Piragua &#8211; 11. El Matarile &#8211; 12. El Despertador &#8211; 13. El Co&#8230; Collar &#8211; 14. Urtain, El K.O. y Ol\u00e9<\/p>\n","protected":false},"excerpt":{"rendered":"<p>\u00abDolores Vargas fue nuestra bestia esc\u00e9nica, nuestra Tina Turner etapa Ikettes. Aunque suene a opini\u00f3n, cantando y bailando mucho mejor que Lola Flores, nunca goz\u00f3<a class=\"read\" href=\"https:\/\/wpguerssen-test.odoo.rgbconsulting.com\/es\/producto\/anana-funk-hip-1970-1975-cd\/\"> (...)<\/a>","protected":false},"featured_media":121510,"template":"","meta":{"_acf_changed":false},"product_brand":[],"product_cat":[23219,23268],"product_tag":[29138],"class_list":{"0":"post-187426","1":"product","2":"type-product","3":"status-publish","4":"has-post-thumbnail","6":"product_cat-funk-es","7":"product_cat-flamenco-rock-rumba-es","8":"product_tag-cd-es","9":"pa_artist-vargas-la-terremoto-dolores-es","10":"pa_format-cd-2-es","11":"pa_gender-flamenco-rock-rumba-funk","12":"pa_label-pharaway-sounds-es","13":"pa_location-spain-es","15":"first","16":"instock","17":"taxable","18":"shipping-taxable","19":"purchasable","20":"product-type-simple"},"acf":[],"yoast_head":"<!-- This site is optimized with the Yoast SEO plugin v24.9 - https:\/\/yoast.com\/wordpress\/plugins\/seo\/ -->\n<title>VARGAS &quot;La Terremoto&quot;, Dolores - Anana Funk Hip 1970-1975 (CD) -  (CD) | Guerssen<\/title>\n<meta name=\"description\" content=\"&quot;Dolores Vargas was our wildest performer, our Spanish Tina Turner, Ikettes-era. In my opinion, she was a better dancer and singer than Lola Flores but she never received the same media attention than the famous Lola. Maybe it&#039;s better this way. Dolores Vargas is wine for sommeliers and since now, music for connoisseurs.&quot; - Txarly Brown #nl# Here&#039;s an anthology dedicated to the &#039;70s period of Dolores Vargas, known as &quot;The Earthquake&quot; due to her wild and frenzied dancing style. In these songs, released 1970-1975, you&#039;ll hear killer sound and production mixing Funk, Rock and Pop with the powerful vocal style of &quot;The Earthquake&quot;. Including real gipsy-funk bombs like &quot;A la pelota&quot; &quot;Anana Hip&quot; or &quot;La Hawaiana&quot; along with her bizarre cover version of &quot;Chirpy Chirpy Cheep Cheep&quot; and much more. #nl# If you&#039;re looking from Flamenco Funk and groovy Rumba Pop, look no further. #nl# * Master tape sound. #nl# * Insert with liner notes by Txarly Brown (Achilifunk) and photos. #nl# Tracklist: 01. A La Pelota - 02. Anana Hip - 03. La Hawaiana - 04. El Desgrasiao - 05. Chirpy Chirpy Cheep Cheep - 06. Macarrones - 07. Oh La La - 08. Gitana Real - 09. Maria Lisi - 10. La Piragua - 11. El Matarile - 12. El Despertador - 13. El Co... Collar - 14. Urtain, El K.O. y Ol\u00e9\" \/>\n<meta name=\"robots\" content=\"index, follow, max-snippet:-1, max-image-preview:large, max-video-preview:-1\" \/>\n<link rel=\"canonical\" href=\"https:\/\/wpguerssen-test.odoo.rgbconsulting.com\/es\/producto\/anana-funk-hip-1970-1975-cd\/\" \/>\n<meta property=\"og:locale\" content=\"es_ES\" \/>\n<meta property=\"og:type\" content=\"article\" \/>\n<meta property=\"og:title\" content=\"VARGAS &quot;La Terremoto&quot;, Dolores - Anana Funk Hip 1970-1975 (CD) -  (CD) | Guerssen\" \/>\n<meta property=\"og:description\" content=\"&quot;Dolores Vargas was our wildest performer, our Spanish Tina Turner, Ikettes-era. In my opinion, she was a better dancer and singer than Lola Flores but she never received the same media attention than the famous Lola. Maybe it&#039;s better this way. Dolores Vargas is wine for sommeliers and since now, music for connoisseurs.&quot; - Txarly Brown #nl# Here&#039;s an anthology dedicated to the &#039;70s period of Dolores Vargas, known as &quot;The Earthquake&quot; due to her wild and frenzied dancing style. In these songs, released 1970-1975, you&#039;ll hear killer sound and production mixing Funk, Rock and Pop with the powerful vocal style of &quot;The Earthquake&quot;. Including real gipsy-funk bombs like &quot;A la pelota&quot; &quot;Anana Hip&quot; or &quot;La Hawaiana&quot; along with her bizarre cover version of &quot;Chirpy Chirpy Cheep Cheep&quot; and much more. #nl# If you&#039;re looking from Flamenco Funk and groovy Rumba Pop, look no further. #nl# * Master tape sound. #nl# * Insert with liner notes by Txarly Brown (Achilifunk) and photos. #nl# Tracklist: 01. A La Pelota - 02. Anana Hip - 03. La Hawaiana - 04. El Desgrasiao - 05. Chirpy Chirpy Cheep Cheep - 06. Macarrones - 07. Oh La La - 08. Gitana Real - 09. Maria Lisi - 10. La Piragua - 11. El Matarile - 12. El Despertador - 13. El Co... Collar - 14. Urtain, El K.O. y Ol\u00e9\" \/>\n<meta property=\"og:url\" content=\"https:\/\/wpguerssen-test.odoo.rgbconsulting.com\/es\/producto\/anana-funk-hip-1970-1975-cd\/\" \/>\n<meta property=\"og:site_name\" content=\"Guerssen records\" \/>\n<meta property=\"article:modified_time\" content=\"2024-09-03T14:05:32+00:00\" \/>\n<meta property=\"og:image\" content=\"https:\/\/wpguerssen-test.odoo.rgbconsulting.com\/wp-content\/uploads\/2022\/03\/29702.jpg\" \/>\n\t<meta property=\"og:image:width\" content=\"1430\" \/>\n\t<meta property=\"og:image:height\" content=\"1430\" \/>\n\t<meta property=\"og:image:type\" content=\"image\/jpeg\" \/>\n<meta name=\"twitter:card\" content=\"summary_large_image\" \/>\n<meta name=\"twitter:title\" content=\"VARGAS &quot;La Terremoto&quot;, Dolores - Anana Funk Hip 1970-1975 (CD) -  (CD) | Guerssen\" \/>\n<meta name=\"twitter:label1\" content=\"Tiempo de lectura\" \/>\n\t<meta name=\"twitter:data1\" content=\"1 minuto\" \/>\n<script type=\"application\/ld+json\" class=\"yoast-schema-graph\">{\"@context\":\"https:\/\/schema.org\",\"@graph\":[{\"@type\":\"WebPage\",\"@id\":\"https:\/\/wpguerssen-test.odoo.rgbconsulting.com\/es\/producto\/anana-funk-hip-1970-1975-cd\/\",\"url\":\"https:\/\/wpguerssen-test.odoo.rgbconsulting.com\/es\/producto\/anana-funk-hip-1970-1975-cd\/\",\"name\":\"VARGAS \\\"La Terremoto\\\", Dolores - Anana Funk Hip 1970-1975 (CD) - (CD) | Guerssen\",\"isPartOf\":{\"@id\":\"https:\/\/wpguerssen-test.odoo.rgbconsulting.com\/es\/#website\"},\"primaryImageOfPage\":{\"@id\":\"https:\/\/wpguerssen-test.odoo.rgbconsulting.com\/es\/producto\/anana-funk-hip-1970-1975-cd\/#primaryimage\"},\"image\":{\"@id\":\"https:\/\/wpguerssen-test.odoo.rgbconsulting.com\/es\/producto\/anana-funk-hip-1970-1975-cd\/#primaryimage\"},\"thumbnailUrl\":\"https:\/\/wpguerssen-test.odoo.rgbconsulting.com\/wp-content\/uploads\/2022\/03\/29702.jpg\",\"datePublished\":\"2017-11-22T23:00:00+00:00\",\"dateModified\":\"2024-09-03T14:05:32+00:00\",\"description\":\"\\\"Dolores Vargas was our wildest performer, our Spanish Tina Turner, Ikettes-era. In my opinion, she was a better dancer and singer than Lola Flores but she never received the same media attention than the famous Lola. Maybe it's better this way. Dolores Vargas is wine for sommeliers and since now, music for connoisseurs.\\\" - Txarly Brown #nl# Here's an anthology dedicated to the '70s period of Dolores Vargas, known as \\\"The Earthquake\\\" due to her wild and frenzied dancing style. In these songs, released 1970-1975, you'll hear killer sound and production mixing Funk, Rock and Pop with the powerful vocal style of \\\"The Earthquake\\\". Including real gipsy-funk bombs like \\\"A la pelota\\\" \\\"Anana Hip\\\" or \\\"La Hawaiana\\\" along with her bizarre cover version of \\\"Chirpy Chirpy Cheep Cheep\\\" and much more. #nl# If you're looking from Flamenco Funk and groovy Rumba Pop, look no further. #nl# * Master tape sound. #nl# * Insert with liner notes by Txarly Brown (Achilifunk) and photos. #nl# Tracklist: 01. A La Pelota - 02. Anana Hip - 03. La Hawaiana - 04. El Desgrasiao - 05. Chirpy Chirpy Cheep Cheep - 06. Macarrones - 07. Oh La La - 08. Gitana Real - 09. Maria Lisi - 10. La Piragua - 11. El Matarile - 12. El Despertador - 13. El Co... Collar - 14. Urtain, El K.O. y Ol\u00e9\",\"breadcrumb\":{\"@id\":\"https:\/\/wpguerssen-test.odoo.rgbconsulting.com\/es\/producto\/anana-funk-hip-1970-1975-cd\/#breadcrumb\"},\"inLanguage\":\"es\",\"potentialAction\":[{\"@type\":\"ReadAction\",\"target\":[\"https:\/\/wpguerssen-test.odoo.rgbconsulting.com\/es\/producto\/anana-funk-hip-1970-1975-cd\/\"]}]},{\"@type\":\"ImageObject\",\"inLanguage\":\"es\",\"@id\":\"https:\/\/wpguerssen-test.odoo.rgbconsulting.com\/es\/producto\/anana-funk-hip-1970-1975-cd\/#primaryimage\",\"url\":\"https:\/\/wpguerssen-test.odoo.rgbconsulting.com\/wp-content\/uploads\/2022\/03\/29702.jpg\",\"contentUrl\":\"https:\/\/wpguerssen-test.odoo.rgbconsulting.com\/wp-content\/uploads\/2022\/03\/29702.jpg\",\"width\":1430,\"height\":1430,\"caption\":\"Dolores - Anana Funk Hip 1970-1975 (CD) - PHARAWAY SOUNDS (CD) | Guerssen\"},{\"@type\":\"BreadcrumbList\",\"@id\":\"https:\/\/wpguerssen-test.odoo.rgbconsulting.com\/es\/producto\/anana-funk-hip-1970-1975-cd\/#breadcrumb\",\"itemListElement\":[{\"@type\":\"ListItem\",\"position\":1,\"name\":\"Inicio\",\"item\":\"https:\/\/wpguerssen-test.odoo.rgbconsulting.com\/es\/\"},{\"@type\":\"ListItem\",\"position\":2,\"name\":\"Shop\",\"item\":\"https:\/\/wpguerssen-test.odoo.rgbconsulting.com\/shop\/\"},{\"@type\":\"ListItem\",\"position\":3,\"name\":\"Anana Funk Hip 1970-1975 (CD)\"}]},{\"@type\":\"WebSite\",\"@id\":\"https:\/\/wpguerssen-test.odoo.rgbconsulting.com\/es\/#website\",\"url\":\"https:\/\/wpguerssen-test.odoo.rgbconsulting.com\/es\/\",\"name\":\"Guerssen records\",\"description\":\"psychedelia - progressive - folk - garage \",\"publisher\":{\"@id\":\"https:\/\/wpguerssen-test.odoo.rgbconsulting.com\/es\/#organization\"},\"potentialAction\":[{\"@type\":\"SearchAction\",\"target\":{\"@type\":\"EntryPoint\",\"urlTemplate\":\"https:\/\/wpguerssen-test.odoo.rgbconsulting.com\/es\/?s={search_term_string}\"},\"query-input\":{\"@type\":\"PropertyValueSpecification\",\"valueRequired\":true,\"valueName\":\"search_term_string\"}}],\"inLanguage\":\"es\"},{\"@type\":\"Organization\",\"@id\":\"https:\/\/wpguerssen-test.odoo.rgbconsulting.com\/es\/#organization\",\"name\":\"Guerssen records\",\"url\":\"https:\/\/wpguerssen-test.odoo.rgbconsulting.com\/es\/\",\"logo\":{\"@type\":\"ImageObject\",\"inLanguage\":\"es\",\"@id\":\"https:\/\/wpguerssen-test.odoo.rgbconsulting.com\/es\/#\/schema\/logo\/image\/\",\"url\":\"https:\/\/wpguerssen-test.odoo.rgbconsulting.com\/wp-content\/uploads\/2022\/04\/Logo_Guerssen_trans_100.png\",\"contentUrl\":\"https:\/\/wpguerssen-test.odoo.rgbconsulting.com\/wp-content\/uploads\/2022\/04\/Logo_Guerssen_trans_100.png\",\"width\":122,\"height\":100,\"caption\":\"Guerssen records\"},\"image\":{\"@id\":\"https:\/\/wpguerssen-test.odoo.rgbconsulting.com\/es\/#\/schema\/logo\/image\/\"}}]}<\/script>\n<!-- \/ Yoast SEO plugin. -->","yoast_head_json":{"title":"VARGAS \"La Terremoto\", Dolores - Anana Funk Hip 1970-1975 (CD) -  (CD) | Guerssen","description":"\"Dolores Vargas was our wildest performer, our Spanish Tina Turner, Ikettes-era. In my opinion, she was a better dancer and singer than Lola Flores but she never received the same media attention than the famous Lola. Maybe it's better this way. Dolores Vargas is wine for sommeliers and since now, music for connoisseurs.\" - Txarly Brown #nl# Here's an anthology dedicated to the '70s period of Dolores Vargas, known as \"The Earthquake\" due to her wild and frenzied dancing style. In these songs, released 1970-1975, you'll hear killer sound and production mixing Funk, Rock and Pop with the powerful vocal style of \"The Earthquake\". Including real gipsy-funk bombs like \"A la pelota\" \"Anana Hip\" or \"La Hawaiana\" along with her bizarre cover version of \"Chirpy Chirpy Cheep Cheep\" and much more. #nl# If you're looking from Flamenco Funk and groovy Rumba Pop, look no further. #nl# * Master tape sound. #nl# * Insert with liner notes by Txarly Brown (Achilifunk) and photos. #nl# Tracklist: 01. A La Pelota - 02. Anana Hip - 03. La Hawaiana - 04. El Desgrasiao - 05. Chirpy Chirpy Cheep Cheep - 06. Macarrones - 07. Oh La La - 08. Gitana Real - 09. Maria Lisi - 10. La Piragua - 11. El Matarile - 12. El Despertador - 13. El Co... Collar - 14. Urtain, El K.O. y Ol\u00e9","robots":{"index":"index","follow":"follow","max-snippet":"max-snippet:-1","max-image-preview":"max-image-preview:large","max-video-preview":"max-video-preview:-1"},"canonical":"https:\/\/wpguerssen-test.odoo.rgbconsulting.com\/es\/producto\/anana-funk-hip-1970-1975-cd\/","og_locale":"es_ES","og_type":"article","og_title":"VARGAS \"La Terremoto\", Dolores - Anana Funk Hip 1970-1975 (CD) -  (CD) | Guerssen","og_description":"\"Dolores Vargas was our wildest performer, our Spanish Tina Turner, Ikettes-era. In my opinion, she was a better dancer and singer than Lola Flores but she never received the same media attention than the famous Lola. Maybe it's better this way. Dolores Vargas is wine for sommeliers and since now, music for connoisseurs.\" - Txarly Brown #nl# Here's an anthology dedicated to the '70s period of Dolores Vargas, known as \"The Earthquake\" due to her wild and frenzied dancing style. In these songs, released 1970-1975, you'll hear killer sound and production mixing Funk, Rock and Pop with the powerful vocal style of \"The Earthquake\". Including real gipsy-funk bombs like \"A la pelota\" \"Anana Hip\" or \"La Hawaiana\" along with her bizarre cover version of \"Chirpy Chirpy Cheep Cheep\" and much more. #nl# If you're looking from Flamenco Funk and groovy Rumba Pop, look no further. #nl# * Master tape sound. #nl# * Insert with liner notes by Txarly Brown (Achilifunk) and photos. #nl# Tracklist: 01. A La Pelota - 02. Anana Hip - 03. La Hawaiana - 04. El Desgrasiao - 05. Chirpy Chirpy Cheep Cheep - 06. Macarrones - 07. Oh La La - 08. Gitana Real - 09. Maria Lisi - 10. La Piragua - 11. El Matarile - 12. El Despertador - 13. El Co... Collar - 14. Urtain, El K.O. y Ol\u00e9","og_url":"https:\/\/wpguerssen-test.odoo.rgbconsulting.com\/es\/producto\/anana-funk-hip-1970-1975-cd\/","og_site_name":"Guerssen records","article_modified_time":"2024-09-03T14:05:32+00:00","og_image":[{"width":1430,"height":1430,"url":"https:\/\/wpguerssen-test.odoo.rgbconsulting.com\/wp-content\/uploads\/2022\/03\/29702.jpg","type":"image\/jpeg"}],"twitter_card":"summary_large_image","twitter_title":"VARGAS \"La Terremoto\", Dolores - Anana Funk Hip 1970-1975 (CD) -  (CD) | Guerssen","twitter_misc":{"Tiempo de lectura":"1 minuto"},"schema":{"@context":"https:\/\/schema.org","@graph":[{"@type":"WebPage","@id":"https:\/\/wpguerssen-test.odoo.rgbconsulting.com\/es\/producto\/anana-funk-hip-1970-1975-cd\/","url":"https:\/\/wpguerssen-test.odoo.rgbconsulting.com\/es\/producto\/anana-funk-hip-1970-1975-cd\/","name":"VARGAS \"La Terremoto\", Dolores - Anana Funk Hip 1970-1975 (CD) - (CD) | Guerssen","isPartOf":{"@id":"https:\/\/wpguerssen-test.odoo.rgbconsulting.com\/es\/#website"},"primaryImageOfPage":{"@id":"https:\/\/wpguerssen-test.odoo.rgbconsulting.com\/es\/producto\/anana-funk-hip-1970-1975-cd\/#primaryimage"},"image":{"@id":"https:\/\/wpguerssen-test.odoo.rgbconsulting.com\/es\/producto\/anana-funk-hip-1970-1975-cd\/#primaryimage"},"thumbnailUrl":"https:\/\/wpguerssen-test.odoo.rgbconsulting.com\/wp-content\/uploads\/2022\/03\/29702.jpg","datePublished":"2017-11-22T23:00:00+00:00","dateModified":"2024-09-03T14:05:32+00:00","description":"\"Dolores Vargas was our wildest performer, our Spanish Tina Turner, Ikettes-era. In my opinion, she was a better dancer and singer than Lola Flores but she never received the same media attention than the famous Lola. Maybe it's better this way. Dolores Vargas is wine for sommeliers and since now, music for connoisseurs.\" - Txarly Brown #nl# Here's an anthology dedicated to the '70s period of Dolores Vargas, known as \"The Earthquake\" due to her wild and frenzied dancing style. In these songs, released 1970-1975, you'll hear killer sound and production mixing Funk, Rock and Pop with the powerful vocal style of \"The Earthquake\". Including real gipsy-funk bombs like \"A la pelota\" \"Anana Hip\" or \"La Hawaiana\" along with her bizarre cover version of \"Chirpy Chirpy Cheep Cheep\" and much more. #nl# If you're looking from Flamenco Funk and groovy Rumba Pop, look no further. #nl# * Master tape sound. #nl# * Insert with liner notes by Txarly Brown (Achilifunk) and photos. #nl# Tracklist: 01. A La Pelota - 02. Anana Hip - 03. La Hawaiana - 04. El Desgrasiao - 05. Chirpy Chirpy Cheep Cheep - 06. Macarrones - 07. Oh La La - 08. Gitana Real - 09. Maria Lisi - 10. La Piragua - 11. El Matarile - 12. El Despertador - 13. El Co... Collar - 14. Urtain, El K.O. y Ol\u00e9","breadcrumb":{"@id":"https:\/\/wpguerssen-test.odoo.rgbconsulting.com\/es\/producto\/anana-funk-hip-1970-1975-cd\/#breadcrumb"},"inLanguage":"es","potentialAction":[{"@type":"ReadAction","target":["https:\/\/wpguerssen-test.odoo.rgbconsulting.com\/es\/producto\/anana-funk-hip-1970-1975-cd\/"]}]},{"@type":"ImageObject","inLanguage":"es","@id":"https:\/\/wpguerssen-test.odoo.rgbconsulting.com\/es\/producto\/anana-funk-hip-1970-1975-cd\/#primaryimage","url":"https:\/\/wpguerssen-test.odoo.rgbconsulting.com\/wp-content\/uploads\/2022\/03\/29702.jpg","contentUrl":"https:\/\/wpguerssen-test.odoo.rgbconsulting.com\/wp-content\/uploads\/2022\/03\/29702.jpg","width":1430,"height":1430,"caption":"Dolores - Anana Funk Hip 1970-1975 (CD) - PHARAWAY SOUNDS (CD) | Guerssen"},{"@type":"BreadcrumbList","@id":"https:\/\/wpguerssen-test.odoo.rgbconsulting.com\/es\/producto\/anana-funk-hip-1970-1975-cd\/#breadcrumb","itemListElement":[{"@type":"ListItem","position":1,"name":"Inicio","item":"https:\/\/wpguerssen-test.odoo.rgbconsulting.com\/es\/"},{"@type":"ListItem","position":2,"name":"Shop","item":"https:\/\/wpguerssen-test.odoo.rgbconsulting.com\/shop\/"},{"@type":"ListItem","position":3,"name":"Anana Funk Hip 1970-1975 (CD)"}]},{"@type":"WebSite","@id":"https:\/\/wpguerssen-test.odoo.rgbconsulting.com\/es\/#website","url":"https:\/\/wpguerssen-test.odoo.rgbconsulting.com\/es\/","name":"Guerssen records","description":"psychedelia - progressive - folk - garage ","publisher":{"@id":"https:\/\/wpguerssen-test.odoo.rgbconsulting.com\/es\/#organization"},"potentialAction":[{"@type":"SearchAction","target":{"@type":"EntryPoint","urlTemplate":"https:\/\/wpguerssen-test.odoo.rgbconsulting.com\/es\/?s={search_term_string}"},"query-input":{"@type":"PropertyValueSpecification","valueRequired":true,"valueName":"search_term_string"}}],"inLanguage":"es"},{"@type":"Organization","@id":"https:\/\/wpguerssen-test.odoo.rgbconsulting.com\/es\/#organization","name":"Guerssen records","url":"https:\/\/wpguerssen-test.odoo.rgbconsulting.com\/es\/","logo":{"@type":"ImageObject","inLanguage":"es","@id":"https:\/\/wpguerssen-test.odoo.rgbconsulting.com\/es\/#\/schema\/logo\/image\/","url":"https:\/\/wpguerssen-test.odoo.rgbconsulting.com\/wp-content\/uploads\/2022\/04\/Logo_Guerssen_trans_100.png","contentUrl":"https:\/\/wpguerssen-test.odoo.rgbconsulting.com\/wp-content\/uploads\/2022\/04\/Logo_Guerssen_trans_100.png","width":122,"height":100,"caption":"Guerssen records"},"image":{"@id":"https:\/\/wpguerssen-test.odoo.rgbconsulting.com\/es\/#\/schema\/logo\/image\/"}}]}},"_links":{"self":[{"href":"https:\/\/wpguerssen-test.odoo.rgbconsulting.com\/es\/wp-json\/wp\/v2\/product\/187426","targetHints":{"allow":["GET"]}}],"collection":[{"href":"https:\/\/wpguerssen-test.odoo.rgbconsulting.com\/es\/wp-json\/wp\/v2\/product"}],"about":[{"href":"https:\/\/wpguerssen-test.odoo.rgbconsulting.com\/es\/wp-json\/wp\/v2\/types\/product"}],"wp:featuredmedia":[{"embeddable":true,"href":"https:\/\/wpguerssen-test.odoo.rgbconsulting.com\/es\/wp-json\/wp\/v2\/media\/121510"}],"wp:attachment":[{"href":"https:\/\/wpguerssen-test.odoo.rgbconsulting.com\/es\/wp-json\/wp\/v2\/media?parent=187426"}],"wp:term":[{"taxonomy":"product_brand","embeddable":true,"href":"https:\/\/wpguerssen-test.odoo.rgbconsulting.com\/es\/wp-json\/wp\/v2\/product_brand?post=187426"},{"taxonomy":"product_cat","embeddable":true,"href":"https:\/\/wpguerssen-test.odoo.rgbconsulting.com\/es\/wp-json\/wp\/v2\/product_cat?post=187426"},{"taxonomy":"product_tag","embeddable":true,"href":"https:\/\/wpguerssen-test.odoo.rgbconsulting.com\/es\/wp-json\/wp\/v2\/product_tag?post=187426"}],"curies":[{"name":"wp","href":"https:\/\/api.w.org\/{rel}","templated":true}]}}