{"id":187531,"date":"2017-11-28T00:00:00","date_gmt":"2017-11-27T23:00:00","guid":{"rendered":"http:\/\/guerssen.hl1097.dinaserver.com\/product\/the-walflower-complextion\/"},"modified":"2025-03-26T16:31:30","modified_gmt":"2025-03-26T15:31:30","slug":"the-walflower-complextion","status":"publish","type":"product","link":"https:\/\/wpguerssen-test.odoo.rgbconsulting.com\/es\/producto\/the-walflower-complextion\/","title":{"rendered":"The Walflower Complextion"},"content":{"rendered":"<p>Uno de los m\u00e1s raros y oscuros discos de garage editados en Colombia en los 60. Grupo formado por j\u00f3venes americanos. Rudo y primitivo garage con varias versiones de cl\u00e1sicos.<\/p>\n","protected":false},"excerpt":{"rendered":"<p>Uno de los m\u00e1s raros y oscuros discos de garage editados en Colombia en los 60. Grupo formado por j\u00f3venes americanos. Rudo y primitivo garage con varias versiones<a class=\"read\" href=\"https:\/\/wpguerssen-test.odoo.rgbconsulting.com\/es\/producto\/the-walflower-complextion\/\"> (...)<\/a>","protected":false},"featured_media":121714,"template":"","meta":{"_acf_changed":false},"product_brand":[],"product_cat":[23281],"product_tag":[24190],"class_list":{"0":"post-187531","1":"product","2":"type-product","3":"status-publish","4":"has-post-thumbnail","6":"product_cat-garagebeatrnb60-70-es","7":"product_tag-sales-es","8":"pa_artist-walflower-complextion-the-es","9":"pa_format-lp-es","10":"pa_gender-garage-beat-rnb60-70-garagebeatrnb60-70","11":"pa_label-vinilissimo","12":"pa_location-south-america-caribbean-es","13":"pa_other-filters-vinyl-only-es","15":"first","16":"instock","17":"taxable","18":"shipping-taxable","19":"purchasable","20":"product-type-simple"},"acf":[],"yoast_head":"<!-- This site is optimized with the Yoast SEO plugin v24.9 - https:\/\/yoast.com\/wordpress\/plugins\/seo\/ -->\n<title>WALFLOWER COMPLEXTION, The - The Walflower Complextion -  (LP) | Guerssen<\/title>\n<meta name=\"description\" content=\"The Walflower Complextion were American teenagers, children of US Government staff, attending high school in Bogot\u00e1, Colombia. They got a deal with local label Daro and released this brilliant and sought-after debut album in 1966. The LP features several great covers, including four Rolling Stones songs, but it&#039;s in their own original compositions where the band really shines, possessing a raw sound that mixes surf music, psych guitars, wild drums, tambourines and hazy garage rock. Presented in facsimile artwork and pressed on 180g vinyl. TRACKLIST Side 1 1. ALL IT IS 2. EMPTY HEART 3. TELL ME 4. CHRIS&#039;S B&#039;S 5. BLUE BELLS 6. LAST TIME Side 2 1. HANKY PANKY 2. SAPPHIRE 3. BLUE TURNS TO GREY 4. LONG TALL SHORTY 5. OPEN UP YOUR DOOR\" \/>\n<meta name=\"robots\" content=\"index, follow, max-snippet:-1, max-image-preview:large, max-video-preview:-1\" \/>\n<link rel=\"canonical\" href=\"https:\/\/wpguerssen-test.odoo.rgbconsulting.com\/es\/producto\/the-walflower-complextion\/\" \/>\n<meta property=\"og:locale\" content=\"es_ES\" \/>\n<meta property=\"og:type\" content=\"article\" \/>\n<meta property=\"og:title\" content=\"WALFLOWER COMPLEXTION, The - The Walflower Complextion -  (LP) | Guerssen\" \/>\n<meta property=\"og:description\" content=\"The Walflower Complextion were American teenagers, children of US Government staff, attending high school in Bogot\u00e1, Colombia. They got a deal with local label Daro and released this brilliant and sought-after debut album in 1966. The LP features several great covers, including four Rolling Stones songs, but it&#039;s in their own original compositions where the band really shines, possessing a raw sound that mixes surf music, psych guitars, wild drums, tambourines and hazy garage rock. Presented in facsimile artwork and pressed on 180g vinyl. TRACKLIST Side 1 1. ALL IT IS 2. EMPTY HEART 3. TELL ME 4. CHRIS&#039;S B&#039;S 5. BLUE BELLS 6. LAST TIME Side 2 1. HANKY PANKY 2. SAPPHIRE 3. BLUE TURNS TO GREY 4. LONG TALL SHORTY 5. OPEN UP YOUR DOOR\" \/>\n<meta property=\"og:url\" content=\"https:\/\/wpguerssen-test.odoo.rgbconsulting.com\/es\/producto\/the-walflower-complextion\/\" \/>\n<meta property=\"og:site_name\" content=\"Guerssen records\" \/>\n<meta property=\"article:modified_time\" content=\"2025-03-26T15:31:30+00:00\" \/>\n<meta property=\"og:image\" content=\"https:\/\/wpguerssen-test.odoo.rgbconsulting.com\/wp-content\/uploads\/2022\/03\/29992.jpg\" \/>\n\t<meta property=\"og:image:width\" content=\"382\" \/>\n\t<meta property=\"og:image:height\" content=\"382\" \/>\n\t<meta property=\"og:image:type\" content=\"image\/jpeg\" \/>\n<meta name=\"twitter:card\" content=\"summary_large_image\" \/>\n<meta name=\"twitter:title\" content=\"WALFLOWER COMPLEXTION, The - The Walflower Complextion -  (LP) | Guerssen\" \/>\n<script type=\"application\/ld+json\" class=\"yoast-schema-graph\">{\"@context\":\"https:\/\/schema.org\",\"@graph\":[{\"@type\":\"WebPage\",\"@id\":\"https:\/\/wpguerssen-test.odoo.rgbconsulting.com\/es\/producto\/the-walflower-complextion\/\",\"url\":\"https:\/\/wpguerssen-test.odoo.rgbconsulting.com\/es\/producto\/the-walflower-complextion\/\",\"name\":\"WALFLOWER COMPLEXTION, The - The Walflower Complextion - (LP) | Guerssen\",\"isPartOf\":{\"@id\":\"https:\/\/wpguerssen-test.odoo.rgbconsulting.com\/es\/#website\"},\"primaryImageOfPage\":{\"@id\":\"https:\/\/wpguerssen-test.odoo.rgbconsulting.com\/es\/producto\/the-walflower-complextion\/#primaryimage\"},\"image\":{\"@id\":\"https:\/\/wpguerssen-test.odoo.rgbconsulting.com\/es\/producto\/the-walflower-complextion\/#primaryimage\"},\"thumbnailUrl\":\"https:\/\/wpguerssen-test.odoo.rgbconsulting.com\/wp-content\/uploads\/2022\/03\/29992.jpg\",\"datePublished\":\"2017-11-27T23:00:00+00:00\",\"dateModified\":\"2025-03-26T15:31:30+00:00\",\"description\":\"The Walflower Complextion were American teenagers, children of US Government staff, attending high school in Bogot\u00e1, Colombia. They got a deal with local label Daro and released this brilliant and sought-after debut album in 1966. The LP features several great covers, including four Rolling Stones songs, but it's in their own original compositions where the band really shines, possessing a raw sound that mixes surf music, psych guitars, wild drums, tambourines and hazy garage rock. Presented in facsimile artwork and pressed on 180g vinyl. TRACKLIST Side 1 1. ALL IT IS 2. EMPTY HEART 3. TELL ME 4. CHRIS'S B'S 5. BLUE BELLS 6. LAST TIME Side 2 1. HANKY PANKY 2. SAPPHIRE 3. BLUE TURNS TO GREY 4. LONG TALL SHORTY 5. OPEN UP YOUR DOOR\",\"breadcrumb\":{\"@id\":\"https:\/\/wpguerssen-test.odoo.rgbconsulting.com\/es\/producto\/the-walflower-complextion\/#breadcrumb\"},\"inLanguage\":\"es\",\"potentialAction\":[{\"@type\":\"ReadAction\",\"target\":[\"https:\/\/wpguerssen-test.odoo.rgbconsulting.com\/es\/producto\/the-walflower-complextion\/\"]}]},{\"@type\":\"ImageObject\",\"inLanguage\":\"es\",\"@id\":\"https:\/\/wpguerssen-test.odoo.rgbconsulting.com\/es\/producto\/the-walflower-complextion\/#primaryimage\",\"url\":\"https:\/\/wpguerssen-test.odoo.rgbconsulting.com\/wp-content\/uploads\/2022\/03\/29992.jpg\",\"contentUrl\":\"https:\/\/wpguerssen-test.odoo.rgbconsulting.com\/wp-content\/uploads\/2022\/03\/29992.jpg\",\"width\":382,\"height\":382,\"caption\":\"The - The Walflower Complextion - VINILISSIMO (LP) | Guerssen\"},{\"@type\":\"BreadcrumbList\",\"@id\":\"https:\/\/wpguerssen-test.odoo.rgbconsulting.com\/es\/producto\/the-walflower-complextion\/#breadcrumb\",\"itemListElement\":[{\"@type\":\"ListItem\",\"position\":1,\"name\":\"Inicio\",\"item\":\"https:\/\/wpguerssen-test.odoo.rgbconsulting.com\/es\/\"},{\"@type\":\"ListItem\",\"position\":2,\"name\":\"Shop\",\"item\":\"https:\/\/wpguerssen-test.odoo.rgbconsulting.com\/shop\/\"},{\"@type\":\"ListItem\",\"position\":3,\"name\":\"The Walflower Complextion\"}]},{\"@type\":\"WebSite\",\"@id\":\"https:\/\/wpguerssen-test.odoo.rgbconsulting.com\/es\/#website\",\"url\":\"https:\/\/wpguerssen-test.odoo.rgbconsulting.com\/es\/\",\"name\":\"Guerssen records\",\"description\":\"psychedelia - progressive - folk - garage \",\"publisher\":{\"@id\":\"https:\/\/wpguerssen-test.odoo.rgbconsulting.com\/es\/#organization\"},\"potentialAction\":[{\"@type\":\"SearchAction\",\"target\":{\"@type\":\"EntryPoint\",\"urlTemplate\":\"https:\/\/wpguerssen-test.odoo.rgbconsulting.com\/es\/?s={search_term_string}\"},\"query-input\":{\"@type\":\"PropertyValueSpecification\",\"valueRequired\":true,\"valueName\":\"search_term_string\"}}],\"inLanguage\":\"es\"},{\"@type\":\"Organization\",\"@id\":\"https:\/\/wpguerssen-test.odoo.rgbconsulting.com\/es\/#organization\",\"name\":\"Guerssen records\",\"url\":\"https:\/\/wpguerssen-test.odoo.rgbconsulting.com\/es\/\",\"logo\":{\"@type\":\"ImageObject\",\"inLanguage\":\"es\",\"@id\":\"https:\/\/wpguerssen-test.odoo.rgbconsulting.com\/es\/#\/schema\/logo\/image\/\",\"url\":\"https:\/\/wpguerssen-test.odoo.rgbconsulting.com\/wp-content\/uploads\/2022\/04\/Logo_Guerssen_trans_100.png\",\"contentUrl\":\"https:\/\/wpguerssen-test.odoo.rgbconsulting.com\/wp-content\/uploads\/2022\/04\/Logo_Guerssen_trans_100.png\",\"width\":122,\"height\":100,\"caption\":\"Guerssen records\"},\"image\":{\"@id\":\"https:\/\/wpguerssen-test.odoo.rgbconsulting.com\/es\/#\/schema\/logo\/image\/\"}}]}<\/script>\n<!-- \/ Yoast SEO plugin. -->","yoast_head_json":{"title":"WALFLOWER COMPLEXTION, The - The Walflower Complextion -  (LP) | Guerssen","description":"The Walflower Complextion were American teenagers, children of US Government staff, attending high school in Bogot\u00e1, Colombia. They got a deal with local label Daro and released this brilliant and sought-after debut album in 1966. The LP features several great covers, including four Rolling Stones songs, but it's in their own original compositions where the band really shines, possessing a raw sound that mixes surf music, psych guitars, wild drums, tambourines and hazy garage rock. Presented in facsimile artwork and pressed on 180g vinyl. TRACKLIST Side 1 1. ALL IT IS 2. EMPTY HEART 3. TELL ME 4. CHRIS'S B'S 5. BLUE BELLS 6. LAST TIME Side 2 1. HANKY PANKY 2. SAPPHIRE 3. BLUE TURNS TO GREY 4. LONG TALL SHORTY 5. OPEN UP YOUR DOOR","robots":{"index":"index","follow":"follow","max-snippet":"max-snippet:-1","max-image-preview":"max-image-preview:large","max-video-preview":"max-video-preview:-1"},"canonical":"https:\/\/wpguerssen-test.odoo.rgbconsulting.com\/es\/producto\/the-walflower-complextion\/","og_locale":"es_ES","og_type":"article","og_title":"WALFLOWER COMPLEXTION, The - The Walflower Complextion -  (LP) | Guerssen","og_description":"The Walflower Complextion were American teenagers, children of US Government staff, attending high school in Bogot\u00e1, Colombia. They got a deal with local label Daro and released this brilliant and sought-after debut album in 1966. The LP features several great covers, including four Rolling Stones songs, but it's in their own original compositions where the band really shines, possessing a raw sound that mixes surf music, psych guitars, wild drums, tambourines and hazy garage rock. Presented in facsimile artwork and pressed on 180g vinyl. TRACKLIST Side 1 1. ALL IT IS 2. EMPTY HEART 3. TELL ME 4. CHRIS'S B'S 5. BLUE BELLS 6. LAST TIME Side 2 1. HANKY PANKY 2. SAPPHIRE 3. BLUE TURNS TO GREY 4. LONG TALL SHORTY 5. OPEN UP YOUR DOOR","og_url":"https:\/\/wpguerssen-test.odoo.rgbconsulting.com\/es\/producto\/the-walflower-complextion\/","og_site_name":"Guerssen records","article_modified_time":"2025-03-26T15:31:30+00:00","og_image":[{"width":382,"height":382,"url":"https:\/\/wpguerssen-test.odoo.rgbconsulting.com\/wp-content\/uploads\/2022\/03\/29992.jpg","type":"image\/jpeg"}],"twitter_card":"summary_large_image","twitter_title":"WALFLOWER COMPLEXTION, The - The Walflower Complextion -  (LP) | Guerssen","schema":{"@context":"https:\/\/schema.org","@graph":[{"@type":"WebPage","@id":"https:\/\/wpguerssen-test.odoo.rgbconsulting.com\/es\/producto\/the-walflower-complextion\/","url":"https:\/\/wpguerssen-test.odoo.rgbconsulting.com\/es\/producto\/the-walflower-complextion\/","name":"WALFLOWER COMPLEXTION, The - The Walflower Complextion - (LP) | Guerssen","isPartOf":{"@id":"https:\/\/wpguerssen-test.odoo.rgbconsulting.com\/es\/#website"},"primaryImageOfPage":{"@id":"https:\/\/wpguerssen-test.odoo.rgbconsulting.com\/es\/producto\/the-walflower-complextion\/#primaryimage"},"image":{"@id":"https:\/\/wpguerssen-test.odoo.rgbconsulting.com\/es\/producto\/the-walflower-complextion\/#primaryimage"},"thumbnailUrl":"https:\/\/wpguerssen-test.odoo.rgbconsulting.com\/wp-content\/uploads\/2022\/03\/29992.jpg","datePublished":"2017-11-27T23:00:00+00:00","dateModified":"2025-03-26T15:31:30+00:00","description":"The Walflower Complextion were American teenagers, children of US Government staff, attending high school in Bogot\u00e1, Colombia. They got a deal with local label Daro and released this brilliant and sought-after debut album in 1966. The LP features several great covers, including four Rolling Stones songs, but it's in their own original compositions where the band really shines, possessing a raw sound that mixes surf music, psych guitars, wild drums, tambourines and hazy garage rock. Presented in facsimile artwork and pressed on 180g vinyl. TRACKLIST Side 1 1. ALL IT IS 2. EMPTY HEART 3. TELL ME 4. CHRIS'S B'S 5. BLUE BELLS 6. LAST TIME Side 2 1. HANKY PANKY 2. SAPPHIRE 3. BLUE TURNS TO GREY 4. LONG TALL SHORTY 5. OPEN UP YOUR DOOR","breadcrumb":{"@id":"https:\/\/wpguerssen-test.odoo.rgbconsulting.com\/es\/producto\/the-walflower-complextion\/#breadcrumb"},"inLanguage":"es","potentialAction":[{"@type":"ReadAction","target":["https:\/\/wpguerssen-test.odoo.rgbconsulting.com\/es\/producto\/the-walflower-complextion\/"]}]},{"@type":"ImageObject","inLanguage":"es","@id":"https:\/\/wpguerssen-test.odoo.rgbconsulting.com\/es\/producto\/the-walflower-complextion\/#primaryimage","url":"https:\/\/wpguerssen-test.odoo.rgbconsulting.com\/wp-content\/uploads\/2022\/03\/29992.jpg","contentUrl":"https:\/\/wpguerssen-test.odoo.rgbconsulting.com\/wp-content\/uploads\/2022\/03\/29992.jpg","width":382,"height":382,"caption":"The - The Walflower Complextion - VINILISSIMO (LP) | Guerssen"},{"@type":"BreadcrumbList","@id":"https:\/\/wpguerssen-test.odoo.rgbconsulting.com\/es\/producto\/the-walflower-complextion\/#breadcrumb","itemListElement":[{"@type":"ListItem","position":1,"name":"Inicio","item":"https:\/\/wpguerssen-test.odoo.rgbconsulting.com\/es\/"},{"@type":"ListItem","position":2,"name":"Shop","item":"https:\/\/wpguerssen-test.odoo.rgbconsulting.com\/shop\/"},{"@type":"ListItem","position":3,"name":"The Walflower Complextion"}]},{"@type":"WebSite","@id":"https:\/\/wpguerssen-test.odoo.rgbconsulting.com\/es\/#website","url":"https:\/\/wpguerssen-test.odoo.rgbconsulting.com\/es\/","name":"Guerssen records","description":"psychedelia - progressive - folk - garage ","publisher":{"@id":"https:\/\/wpguerssen-test.odoo.rgbconsulting.com\/es\/#organization"},"potentialAction":[{"@type":"SearchAction","target":{"@type":"EntryPoint","urlTemplate":"https:\/\/wpguerssen-test.odoo.rgbconsulting.com\/es\/?s={search_term_string}"},"query-input":{"@type":"PropertyValueSpecification","valueRequired":true,"valueName":"search_term_string"}}],"inLanguage":"es"},{"@type":"Organization","@id":"https:\/\/wpguerssen-test.odoo.rgbconsulting.com\/es\/#organization","name":"Guerssen records","url":"https:\/\/wpguerssen-test.odoo.rgbconsulting.com\/es\/","logo":{"@type":"ImageObject","inLanguage":"es","@id":"https:\/\/wpguerssen-test.odoo.rgbconsulting.com\/es\/#\/schema\/logo\/image\/","url":"https:\/\/wpguerssen-test.odoo.rgbconsulting.com\/wp-content\/uploads\/2022\/04\/Logo_Guerssen_trans_100.png","contentUrl":"https:\/\/wpguerssen-test.odoo.rgbconsulting.com\/wp-content\/uploads\/2022\/04\/Logo_Guerssen_trans_100.png","width":122,"height":100,"caption":"Guerssen records"},"image":{"@id":"https:\/\/wpguerssen-test.odoo.rgbconsulting.com\/es\/#\/schema\/logo\/image\/"}}]}},"_links":{"self":[{"href":"https:\/\/wpguerssen-test.odoo.rgbconsulting.com\/es\/wp-json\/wp\/v2\/product\/187531","targetHints":{"allow":["GET"]}}],"collection":[{"href":"https:\/\/wpguerssen-test.odoo.rgbconsulting.com\/es\/wp-json\/wp\/v2\/product"}],"about":[{"href":"https:\/\/wpguerssen-test.odoo.rgbconsulting.com\/es\/wp-json\/wp\/v2\/types\/product"}],"wp:featuredmedia":[{"embeddable":true,"href":"https:\/\/wpguerssen-test.odoo.rgbconsulting.com\/es\/wp-json\/wp\/v2\/media\/121714"}],"wp:attachment":[{"href":"https:\/\/wpguerssen-test.odoo.rgbconsulting.com\/es\/wp-json\/wp\/v2\/media?parent=187531"}],"wp:term":[{"taxonomy":"product_brand","embeddable":true,"href":"https:\/\/wpguerssen-test.odoo.rgbconsulting.com\/es\/wp-json\/wp\/v2\/product_brand?post=187531"},{"taxonomy":"product_cat","embeddable":true,"href":"https:\/\/wpguerssen-test.odoo.rgbconsulting.com\/es\/wp-json\/wp\/v2\/product_cat?post=187531"},{"taxonomy":"product_tag","embeddable":true,"href":"https:\/\/wpguerssen-test.odoo.rgbconsulting.com\/es\/wp-json\/wp\/v2\/product_tag?post=187531"}],"curies":[{"name":"wp","href":"https:\/\/api.w.org\/{rel}","templated":true}]}}