{"id":187561,"date":"2017-12-11T00:00:00","date_gmt":"2017-12-10T23:00:00","guid":{"rendered":"http:\/\/guerssen.hl1097.dinaserver.com\/product\/goodbye-future\/"},"modified":"2024-10-29T16:12:38","modified_gmt":"2024-10-29T15:12:38","slug":"goodbye-future","status":"publish","type":"product","link":"https:\/\/wpguerssen-test.odoo.rgbconsulting.com\/es\/producto\/goodbye-future\/","title":{"rendered":"Goodbye Future"},"content":{"rendered":"<p>Despu\u00e9s del lanzamiento del famoso y cl\u00e1sico \u00e1lbum doble en 1970 en Plus, el quinteto Tomorrow&#8217;s Gift se separ\u00f3 en 1971, pero Manfred R\u00fcrup y Bernd Kiefer mantuvieron la banda en marcha. Reclutaron a Zabba Lindner (bater\u00eda) de Sphinx Tush y grabaron \u00abGoodbye Future\u00bb (1972) como tr\u00edo, \u00a1un t\u00edtulo ir\u00f3nico considerando el nombre del grupo! Seg\u00fan Dag Erik Asbjornsen (Cosmic Dreams at Play), el \u00e1lbum fue t\u00e9cnicamente mejor que el primer \u00e1lbum, ya que Conny Plank se encarg\u00f3 de la ingenier\u00eda y la producci\u00f3n. El sonido de Tomorrow&#8217;s Gift hab\u00eda cambiado por completo y ahora se inclinaba hacia el jazz-rock instrumental con una contundente interacci\u00f3n de teclados y bajos. De hecho, fue un \u00e1lbum muy variado: jazz-rock influenciado por Canterbury con partes improvisadas de free jazz,  Zappa, rarezas y bromas musicales. El \u00e1lbum no fue lanzado hasta un a\u00f1o despu\u00e9s de que se terminaron las grabaciones.<br \/>El \u00e1lbum fue bien recibido por todos los amantes del g\u00e9nero. Cuando el saxofonista y clarinetista Norbert Jakobsen se uni\u00f3 al tr\u00edo en 1974, el nuevo cuarteto cambi\u00f3 su nombre a Release Music Orchestra y grab\u00f3 cinco \u00e1lbumes para el sello Brain. Pero esa es otra historia. El \u00e1lbum viene en una reproducci\u00f3n exacta de la portada original (portada completa redonda troquelada), m\u00fasica remasterizada por J\u00f6rg Scheuermann, historia de la banda y fotos raras. Un verdadero punto culminante, especialmente la pista de diecisiete minutos \u00abNaturgem\u00e4\u00df\u00bb. \u00a1\u00a1No te pierdas esta verdadera joya!!<\/p>\n","protected":false},"excerpt":{"rendered":"<p>Despu\u00e9s del lanzamiento del famoso y cl\u00e1sico \u00e1lbum doble en 1970 en Plus, el quinteto Tomorrow&#8217;s Gift se separ\u00f3 en 1971, pero Manfred R\u00fcrup y Bernd Kiefer<a class=\"read\" href=\"https:\/\/wpguerssen-test.odoo.rgbconsulting.com\/es\/producto\/goodbye-future\/\"> (...)<\/a>","protected":false},"featured_media":239900,"template":"","meta":{"_acf_changed":false},"product_brand":[],"product_cat":[21639],"product_tag":[],"class_list":{"0":"post-187561","1":"product","2":"type-product","3":"status-publish","4":"has-post-thumbnail","6":"product_cat-psychedelic60s-70s-es","7":"pa_artist-tomorrows-gift","8":"pa_format-lp-es","9":"pa_gender-psychedelic60s-70s","10":"pa_label-long-hair-es","11":"pa_location-europe-es","12":"pa_other-filters-vinyl-only-es","14":"first","15":"instock","16":"taxable","17":"shipping-taxable","18":"purchasable","19":"product-type-simple"},"acf":[],"yoast_head":"<!-- This site is optimized with the Yoast SEO plugin v24.9 - https:\/\/yoast.com\/wordpress\/plugins\/seo\/ -->\n<title>TOMORROW&#039;S GIFT - Goodbye Future -  (LP) | Guerssen<\/title>\n<meta name=\"description\" content=\"After the release of the famous and all time classic double - album in 1970 on Plus the five - piece Tomorrow&#039;s Gift split up in 1971, but Manfred R\u00fcrup and Bernd Kiefer kept the band going. They recruited Zabba Lindner (drums) from Sphinx Tush and recorded &quot;Goodbye Future&quot; (1972) as a trio, an ironic title considering the name of the group! According to Dag Erik Asbjornsen (Cosmic Dreams at Play) the album was technical better than the 1.st album as the engineering and production were handled by Conny Plank. The sound of Tomorrow&#039;s Gift had changed completely and now leaned towards instrumental jazz-rock with forceful keyboard and bass-interplay. It was indeed a very varied album: Canterbury-influenced jazz-rock with improvised free jazz parts, general Zappa - esque weirdness and musical jokes. The album wasn&#039;t released until a year after the recordings were completed.The album was well received by all lovers of the genre. When sax- and clarinet player Norbert Jakobsen joined the trio in 1974 the new quartet changed their name to Release Music Orchestra and recorded five albums for Brain label. But that&#039;s another story. Album comes in exact reproduction of original cover (die-cut round whole cover), music remastered by J\u00f6rg Scheuermann, band story and rare photos. A real highlight, especially seventeen minutes track &quot;Naturgem\u00e4\u00df&quot;. Don`t miss this real gem!!\" \/>\n<meta name=\"robots\" content=\"index, follow, max-snippet:-1, max-image-preview:large, max-video-preview:-1\" \/>\n<link rel=\"canonical\" href=\"https:\/\/wpguerssen-test.odoo.rgbconsulting.com\/es\/producto\/goodbye-future\/\" \/>\n<meta property=\"og:locale\" content=\"es_ES\" \/>\n<meta property=\"og:type\" content=\"article\" \/>\n<meta property=\"og:title\" content=\"TOMORROW&#039;S GIFT - Goodbye Future -  (LP) | Guerssen\" \/>\n<meta property=\"og:description\" content=\"After the release of the famous and all time classic double - album in 1970 on Plus the five - piece Tomorrow&#039;s Gift split up in 1971, but Manfred R\u00fcrup and Bernd Kiefer kept the band going. They recruited Zabba Lindner (drums) from Sphinx Tush and recorded &quot;Goodbye Future&quot; (1972) as a trio, an ironic title considering the name of the group! According to Dag Erik Asbjornsen (Cosmic Dreams at Play) the album was technical better than the 1.st album as the engineering and production were handled by Conny Plank. The sound of Tomorrow&#039;s Gift had changed completely and now leaned towards instrumental jazz-rock with forceful keyboard and bass-interplay. It was indeed a very varied album: Canterbury-influenced jazz-rock with improvised free jazz parts, general Zappa - esque weirdness and musical jokes. The album wasn&#039;t released until a year after the recordings were completed.The album was well received by all lovers of the genre. When sax- and clarinet player Norbert Jakobsen joined the trio in 1974 the new quartet changed their name to Release Music Orchestra and recorded five albums for Brain label. But that&#039;s another story. Album comes in exact reproduction of original cover (die-cut round whole cover), music remastered by J\u00f6rg Scheuermann, band story and rare photos. A real highlight, especially seventeen minutes track &quot;Naturgem\u00e4\u00df&quot;. Don`t miss this real gem!!\" \/>\n<meta property=\"og:url\" content=\"https:\/\/wpguerssen-test.odoo.rgbconsulting.com\/es\/producto\/goodbye-future\/\" \/>\n<meta property=\"og:site_name\" content=\"Guerssen records\" \/>\n<meta property=\"article:modified_time\" content=\"2024-10-29T15:12:38+00:00\" \/>\n<meta property=\"og:image\" content=\"https:\/\/wpguerssen-test.odoo.rgbconsulting.com\/wp-content\/uploads\/2023\/08\/30108.jpg\" \/>\n\t<meta property=\"og:image:width\" content=\"970\" \/>\n\t<meta property=\"og:image:height\" content=\"1000\" \/>\n\t<meta property=\"og:image:type\" content=\"image\/jpeg\" \/>\n<meta name=\"twitter:card\" content=\"summary_large_image\" \/>\n<meta name=\"twitter:title\" content=\"TOMORROW&#039;S GIFT - Goodbye Future -  (LP) | Guerssen\" \/>\n<meta name=\"twitter:label1\" content=\"Tiempo de lectura\" \/>\n\t<meta name=\"twitter:data1\" content=\"1 minuto\" \/>\n<script type=\"application\/ld+json\" class=\"yoast-schema-graph\">{\"@context\":\"https:\/\/schema.org\",\"@graph\":[{\"@type\":\"WebPage\",\"@id\":\"https:\/\/wpguerssen-test.odoo.rgbconsulting.com\/es\/producto\/goodbye-future\/\",\"url\":\"https:\/\/wpguerssen-test.odoo.rgbconsulting.com\/es\/producto\/goodbye-future\/\",\"name\":\"TOMORROW'S GIFT - Goodbye Future - (LP) | Guerssen\",\"isPartOf\":{\"@id\":\"https:\/\/wpguerssen-test.odoo.rgbconsulting.com\/es\/#website\"},\"primaryImageOfPage\":{\"@id\":\"https:\/\/wpguerssen-test.odoo.rgbconsulting.com\/es\/producto\/goodbye-future\/#primaryimage\"},\"image\":{\"@id\":\"https:\/\/wpguerssen-test.odoo.rgbconsulting.com\/es\/producto\/goodbye-future\/#primaryimage\"},\"thumbnailUrl\":\"https:\/\/wpguerssen-test.odoo.rgbconsulting.com\/wp-content\/uploads\/2023\/08\/30108.jpg\",\"datePublished\":\"2017-12-10T23:00:00+00:00\",\"dateModified\":\"2024-10-29T15:12:38+00:00\",\"description\":\"After the release of the famous and all time classic double - album in 1970 on Plus the five - piece Tomorrow's Gift split up in 1971, but Manfred R\u00fcrup and Bernd Kiefer kept the band going. They recruited Zabba Lindner (drums) from Sphinx Tush and recorded \\\"Goodbye Future\\\" (1972) as a trio, an ironic title considering the name of the group! According to Dag Erik Asbjornsen (Cosmic Dreams at Play) the album was technical better than the 1.st album as the engineering and production were handled by Conny Plank. The sound of Tomorrow's Gift had changed completely and now leaned towards instrumental jazz-rock with forceful keyboard and bass-interplay. It was indeed a very varied album: Canterbury-influenced jazz-rock with improvised free jazz parts, general Zappa - esque weirdness and musical jokes. The album wasn't released until a year after the recordings were completed.The album was well received by all lovers of the genre. When sax- and clarinet player Norbert Jakobsen joined the trio in 1974 the new quartet changed their name to Release Music Orchestra and recorded five albums for Brain label. But that's another story. Album comes in exact reproduction of original cover (die-cut round whole cover), music remastered by J\u00f6rg Scheuermann, band story and rare photos. A real highlight, especially seventeen minutes track \\\"Naturgem\u00e4\u00df\\\". Don`t miss this real gem!!\",\"breadcrumb\":{\"@id\":\"https:\/\/wpguerssen-test.odoo.rgbconsulting.com\/es\/producto\/goodbye-future\/#breadcrumb\"},\"inLanguage\":\"es\",\"potentialAction\":[{\"@type\":\"ReadAction\",\"target\":[\"https:\/\/wpguerssen-test.odoo.rgbconsulting.com\/es\/producto\/goodbye-future\/\"]}]},{\"@type\":\"ImageObject\",\"inLanguage\":\"es\",\"@id\":\"https:\/\/wpguerssen-test.odoo.rgbconsulting.com\/es\/producto\/goodbye-future\/#primaryimage\",\"url\":\"https:\/\/wpguerssen-test.odoo.rgbconsulting.com\/wp-content\/uploads\/2023\/08\/30108.jpg\",\"contentUrl\":\"https:\/\/wpguerssen-test.odoo.rgbconsulting.com\/wp-content\/uploads\/2023\/08\/30108.jpg\",\"width\":970,\"height\":1000},{\"@type\":\"BreadcrumbList\",\"@id\":\"https:\/\/wpguerssen-test.odoo.rgbconsulting.com\/es\/producto\/goodbye-future\/#breadcrumb\",\"itemListElement\":[{\"@type\":\"ListItem\",\"position\":1,\"name\":\"Inicio\",\"item\":\"https:\/\/wpguerssen-test.odoo.rgbconsulting.com\/es\/\"},{\"@type\":\"ListItem\",\"position\":2,\"name\":\"Shop\",\"item\":\"https:\/\/wpguerssen-test.odoo.rgbconsulting.com\/shop\/\"},{\"@type\":\"ListItem\",\"position\":3,\"name\":\"Goodbye Future\"}]},{\"@type\":\"WebSite\",\"@id\":\"https:\/\/wpguerssen-test.odoo.rgbconsulting.com\/es\/#website\",\"url\":\"https:\/\/wpguerssen-test.odoo.rgbconsulting.com\/es\/\",\"name\":\"Guerssen records\",\"description\":\"psychedelia - progressive - folk - garage \",\"publisher\":{\"@id\":\"https:\/\/wpguerssen-test.odoo.rgbconsulting.com\/es\/#organization\"},\"potentialAction\":[{\"@type\":\"SearchAction\",\"target\":{\"@type\":\"EntryPoint\",\"urlTemplate\":\"https:\/\/wpguerssen-test.odoo.rgbconsulting.com\/es\/?s={search_term_string}\"},\"query-input\":{\"@type\":\"PropertyValueSpecification\",\"valueRequired\":true,\"valueName\":\"search_term_string\"}}],\"inLanguage\":\"es\"},{\"@type\":\"Organization\",\"@id\":\"https:\/\/wpguerssen-test.odoo.rgbconsulting.com\/es\/#organization\",\"name\":\"Guerssen records\",\"url\":\"https:\/\/wpguerssen-test.odoo.rgbconsulting.com\/es\/\",\"logo\":{\"@type\":\"ImageObject\",\"inLanguage\":\"es\",\"@id\":\"https:\/\/wpguerssen-test.odoo.rgbconsulting.com\/es\/#\/schema\/logo\/image\/\",\"url\":\"https:\/\/wpguerssen-test.odoo.rgbconsulting.com\/wp-content\/uploads\/2022\/04\/Logo_Guerssen_trans_100.png\",\"contentUrl\":\"https:\/\/wpguerssen-test.odoo.rgbconsulting.com\/wp-content\/uploads\/2022\/04\/Logo_Guerssen_trans_100.png\",\"width\":122,\"height\":100,\"caption\":\"Guerssen records\"},\"image\":{\"@id\":\"https:\/\/wpguerssen-test.odoo.rgbconsulting.com\/es\/#\/schema\/logo\/image\/\"}}]}<\/script>\n<!-- \/ Yoast SEO plugin. -->","yoast_head_json":{"title":"TOMORROW'S GIFT - Goodbye Future -  (LP) | Guerssen","description":"After the release of the famous and all time classic double - album in 1970 on Plus the five - piece Tomorrow's Gift split up in 1971, but Manfred R\u00fcrup and Bernd Kiefer kept the band going. They recruited Zabba Lindner (drums) from Sphinx Tush and recorded \"Goodbye Future\" (1972) as a trio, an ironic title considering the name of the group! According to Dag Erik Asbjornsen (Cosmic Dreams at Play) the album was technical better than the 1.st album as the engineering and production were handled by Conny Plank. The sound of Tomorrow's Gift had changed completely and now leaned towards instrumental jazz-rock with forceful keyboard and bass-interplay. It was indeed a very varied album: Canterbury-influenced jazz-rock with improvised free jazz parts, general Zappa - esque weirdness and musical jokes. The album wasn't released until a year after the recordings were completed.The album was well received by all lovers of the genre. When sax- and clarinet player Norbert Jakobsen joined the trio in 1974 the new quartet changed their name to Release Music Orchestra and recorded five albums for Brain label. But that's another story. Album comes in exact reproduction of original cover (die-cut round whole cover), music remastered by J\u00f6rg Scheuermann, band story and rare photos. A real highlight, especially seventeen minutes track \"Naturgem\u00e4\u00df\". Don`t miss this real gem!!","robots":{"index":"index","follow":"follow","max-snippet":"max-snippet:-1","max-image-preview":"max-image-preview:large","max-video-preview":"max-video-preview:-1"},"canonical":"https:\/\/wpguerssen-test.odoo.rgbconsulting.com\/es\/producto\/goodbye-future\/","og_locale":"es_ES","og_type":"article","og_title":"TOMORROW'S GIFT - Goodbye Future -  (LP) | Guerssen","og_description":"After the release of the famous and all time classic double - album in 1970 on Plus the five - piece Tomorrow's Gift split up in 1971, but Manfred R\u00fcrup and Bernd Kiefer kept the band going. They recruited Zabba Lindner (drums) from Sphinx Tush and recorded \"Goodbye Future\" (1972) as a trio, an ironic title considering the name of the group! According to Dag Erik Asbjornsen (Cosmic Dreams at Play) the album was technical better than the 1.st album as the engineering and production were handled by Conny Plank. The sound of Tomorrow's Gift had changed completely and now leaned towards instrumental jazz-rock with forceful keyboard and bass-interplay. It was indeed a very varied album: Canterbury-influenced jazz-rock with improvised free jazz parts, general Zappa - esque weirdness and musical jokes. The album wasn't released until a year after the recordings were completed.The album was well received by all lovers of the genre. When sax- and clarinet player Norbert Jakobsen joined the trio in 1974 the new quartet changed their name to Release Music Orchestra and recorded five albums for Brain label. But that's another story. Album comes in exact reproduction of original cover (die-cut round whole cover), music remastered by J\u00f6rg Scheuermann, band story and rare photos. A real highlight, especially seventeen minutes track \"Naturgem\u00e4\u00df\". Don`t miss this real gem!!","og_url":"https:\/\/wpguerssen-test.odoo.rgbconsulting.com\/es\/producto\/goodbye-future\/","og_site_name":"Guerssen records","article_modified_time":"2024-10-29T15:12:38+00:00","og_image":[{"width":970,"height":1000,"url":"https:\/\/wpguerssen-test.odoo.rgbconsulting.com\/wp-content\/uploads\/2023\/08\/30108.jpg","type":"image\/jpeg"}],"twitter_card":"summary_large_image","twitter_title":"TOMORROW'S GIFT - Goodbye Future -  (LP) | Guerssen","twitter_misc":{"Tiempo de lectura":"1 minuto"},"schema":{"@context":"https:\/\/schema.org","@graph":[{"@type":"WebPage","@id":"https:\/\/wpguerssen-test.odoo.rgbconsulting.com\/es\/producto\/goodbye-future\/","url":"https:\/\/wpguerssen-test.odoo.rgbconsulting.com\/es\/producto\/goodbye-future\/","name":"TOMORROW'S GIFT - Goodbye Future - (LP) | Guerssen","isPartOf":{"@id":"https:\/\/wpguerssen-test.odoo.rgbconsulting.com\/es\/#website"},"primaryImageOfPage":{"@id":"https:\/\/wpguerssen-test.odoo.rgbconsulting.com\/es\/producto\/goodbye-future\/#primaryimage"},"image":{"@id":"https:\/\/wpguerssen-test.odoo.rgbconsulting.com\/es\/producto\/goodbye-future\/#primaryimage"},"thumbnailUrl":"https:\/\/wpguerssen-test.odoo.rgbconsulting.com\/wp-content\/uploads\/2023\/08\/30108.jpg","datePublished":"2017-12-10T23:00:00+00:00","dateModified":"2024-10-29T15:12:38+00:00","description":"After the release of the famous and all time classic double - album in 1970 on Plus the five - piece Tomorrow's Gift split up in 1971, but Manfred R\u00fcrup and Bernd Kiefer kept the band going. They recruited Zabba Lindner (drums) from Sphinx Tush and recorded \"Goodbye Future\" (1972) as a trio, an ironic title considering the name of the group! According to Dag Erik Asbjornsen (Cosmic Dreams at Play) the album was technical better than the 1.st album as the engineering and production were handled by Conny Plank. The sound of Tomorrow's Gift had changed completely and now leaned towards instrumental jazz-rock with forceful keyboard and bass-interplay. It was indeed a very varied album: Canterbury-influenced jazz-rock with improvised free jazz parts, general Zappa - esque weirdness and musical jokes. The album wasn't released until a year after the recordings were completed.The album was well received by all lovers of the genre. When sax- and clarinet player Norbert Jakobsen joined the trio in 1974 the new quartet changed their name to Release Music Orchestra and recorded five albums for Brain label. But that's another story. Album comes in exact reproduction of original cover (die-cut round whole cover), music remastered by J\u00f6rg Scheuermann, band story and rare photos. A real highlight, especially seventeen minutes track \"Naturgem\u00e4\u00df\". Don`t miss this real gem!!","breadcrumb":{"@id":"https:\/\/wpguerssen-test.odoo.rgbconsulting.com\/es\/producto\/goodbye-future\/#breadcrumb"},"inLanguage":"es","potentialAction":[{"@type":"ReadAction","target":["https:\/\/wpguerssen-test.odoo.rgbconsulting.com\/es\/producto\/goodbye-future\/"]}]},{"@type":"ImageObject","inLanguage":"es","@id":"https:\/\/wpguerssen-test.odoo.rgbconsulting.com\/es\/producto\/goodbye-future\/#primaryimage","url":"https:\/\/wpguerssen-test.odoo.rgbconsulting.com\/wp-content\/uploads\/2023\/08\/30108.jpg","contentUrl":"https:\/\/wpguerssen-test.odoo.rgbconsulting.com\/wp-content\/uploads\/2023\/08\/30108.jpg","width":970,"height":1000},{"@type":"BreadcrumbList","@id":"https:\/\/wpguerssen-test.odoo.rgbconsulting.com\/es\/producto\/goodbye-future\/#breadcrumb","itemListElement":[{"@type":"ListItem","position":1,"name":"Inicio","item":"https:\/\/wpguerssen-test.odoo.rgbconsulting.com\/es\/"},{"@type":"ListItem","position":2,"name":"Shop","item":"https:\/\/wpguerssen-test.odoo.rgbconsulting.com\/shop\/"},{"@type":"ListItem","position":3,"name":"Goodbye Future"}]},{"@type":"WebSite","@id":"https:\/\/wpguerssen-test.odoo.rgbconsulting.com\/es\/#website","url":"https:\/\/wpguerssen-test.odoo.rgbconsulting.com\/es\/","name":"Guerssen records","description":"psychedelia - progressive - folk - garage ","publisher":{"@id":"https:\/\/wpguerssen-test.odoo.rgbconsulting.com\/es\/#organization"},"potentialAction":[{"@type":"SearchAction","target":{"@type":"EntryPoint","urlTemplate":"https:\/\/wpguerssen-test.odoo.rgbconsulting.com\/es\/?s={search_term_string}"},"query-input":{"@type":"PropertyValueSpecification","valueRequired":true,"valueName":"search_term_string"}}],"inLanguage":"es"},{"@type":"Organization","@id":"https:\/\/wpguerssen-test.odoo.rgbconsulting.com\/es\/#organization","name":"Guerssen records","url":"https:\/\/wpguerssen-test.odoo.rgbconsulting.com\/es\/","logo":{"@type":"ImageObject","inLanguage":"es","@id":"https:\/\/wpguerssen-test.odoo.rgbconsulting.com\/es\/#\/schema\/logo\/image\/","url":"https:\/\/wpguerssen-test.odoo.rgbconsulting.com\/wp-content\/uploads\/2022\/04\/Logo_Guerssen_trans_100.png","contentUrl":"https:\/\/wpguerssen-test.odoo.rgbconsulting.com\/wp-content\/uploads\/2022\/04\/Logo_Guerssen_trans_100.png","width":122,"height":100,"caption":"Guerssen records"},"image":{"@id":"https:\/\/wpguerssen-test.odoo.rgbconsulting.com\/es\/#\/schema\/logo\/image\/"}}]}},"_links":{"self":[{"href":"https:\/\/wpguerssen-test.odoo.rgbconsulting.com\/es\/wp-json\/wp\/v2\/product\/187561","targetHints":{"allow":["GET"]}}],"collection":[{"href":"https:\/\/wpguerssen-test.odoo.rgbconsulting.com\/es\/wp-json\/wp\/v2\/product"}],"about":[{"href":"https:\/\/wpguerssen-test.odoo.rgbconsulting.com\/es\/wp-json\/wp\/v2\/types\/product"}],"wp:featuredmedia":[{"embeddable":true,"href":"https:\/\/wpguerssen-test.odoo.rgbconsulting.com\/es\/wp-json\/wp\/v2\/media\/239900"}],"wp:attachment":[{"href":"https:\/\/wpguerssen-test.odoo.rgbconsulting.com\/es\/wp-json\/wp\/v2\/media?parent=187561"}],"wp:term":[{"taxonomy":"product_brand","embeddable":true,"href":"https:\/\/wpguerssen-test.odoo.rgbconsulting.com\/es\/wp-json\/wp\/v2\/product_brand?post=187561"},{"taxonomy":"product_cat","embeddable":true,"href":"https:\/\/wpguerssen-test.odoo.rgbconsulting.com\/es\/wp-json\/wp\/v2\/product_cat?post=187561"},{"taxonomy":"product_tag","embeddable":true,"href":"https:\/\/wpguerssen-test.odoo.rgbconsulting.com\/es\/wp-json\/wp\/v2\/product_tag?post=187561"}],"curies":[{"name":"wp","href":"https:\/\/api.w.org\/{rel}","templated":true}]}}