{"id":187608,"date":"2018-01-10T00:00:00","date_gmt":"2018-01-09T23:00:00","guid":{"rendered":"http:\/\/guerssen.hl1097.dinaserver.com\/product\/overdrive-rock-jazz-party\/"},"modified":"2025-04-29T13:29:50","modified_gmt":"2025-04-29T11:29:50","slug":"overdrive-rock-jazz-party","status":"publish","type":"product","link":"https:\/\/wpguerssen-test.odoo.rgbconsulting.com\/es\/producto\/overdrive-rock-jazz-party\/","title":{"rendered":"Overdrive &#8211; Rock\/Jazz-Party"},"content":{"rendered":"<p>Primera reedici\u00f3n en vinilo con portada original de esta raro y buscado \u00e1lbum kraut-jazz-funk-fusi\u00f3n con elementos rare groove y library. Originalmente editado en 1972 por el infra-sello Tempo, aqu\u00ed encontrar\u00e1s una sobredosis de \u00f3rgano Hammond y Rhodes por cortes\u00eda de Kristian Schultze (pre-Passport) junto al poderoso bajo de Pawel Jazerbski y la imparable bater\u00eda de Joe Nay (Tete Montoliu, Roland Klirk, Blue Note Club) <\/p>\n<p> Sonido de los m\u00e1sters originales, arte original e insert con notas. <\/p>\n<p> Tracklist: A1. Phrase-Overdrive &#8211; A2. Ambivalens &#8211; A3. Dinghi &#8211; A4. Alles Klar (Absolution) &#8211; A5. Start &#8211; B1. Stupsi (Ballade 1) &#8211; B2. Recreation &#8211; B3. Don&#8217;t Count It &#8211; B4. Relation (Ballade 2) &#8211; B5. Puls.<\/p>\n","protected":false},"excerpt":{"rendered":"<p>Primera reedici\u00f3n en vinilo con portada original de esta raro y buscado \u00e1lbum kraut-jazz-funk-fusi\u00f3n con elementos rare groove y library. Originalmente editado<a class=\"read\" href=\"https:\/\/wpguerssen-test.odoo.rgbconsulting.com\/es\/producto\/overdrive-rock-jazz-party\/\"> (...)<\/a>","protected":false},"featured_media":121843,"template":"","meta":{"_acf_changed":false},"product_brand":[],"product_cat":[24508,23228],"product_tag":[],"class_list":{"0":"post-187608","1":"product","2":"type-product","3":"status-publish","4":"has-post-thumbnail","6":"product_cat-uncategorized","7":"product_cat-jazz-funk-es","8":"pa_artist-bridge-the","9":"pa_format-lp-es","10":"pa_gender-jazz-funk","11":"pa_label-sommor-es","12":"pa_location-europe-es","13":"pa_other-filters-vinyl-only-es","15":"first","16":"instock","17":"taxable","18":"shipping-taxable","19":"purchasable","20":"product-type-simple"},"acf":[],"yoast_head":"<!-- This site is optimized with the Yoast SEO plugin v24.9 - https:\/\/yoast.com\/wordpress\/plugins\/seo\/ -->\n<title>BRIDGE, The - Overdrive - Rock\/Jazz-Party -  (LP) | Guerssen<\/title>\n<meta name=\"description\" content=\"First ever vinyl reissue in original artwork of this fabulous kraut, jazz-funk \/ fusion \/ rare grove \/ library album from 1972, originally released on the budget Tempo label from Germany. Lots of fuzzy distorted organ &amp; Fender Rhodes courtesy of Kristian Schultze (pre-Passport) plus the mighty Pawel Jazerbski on bass and Joe Nay (Tete Montoliu, Roland Klirk, Blue Note Club...) on drums. #nl# Master tape sound, original artwork and insert with liner notes. #nl# RIYL: PASSPORT, SUNBIRDS, NUCLEUS, KLAUS DOLDINGER... #nl# Tracklist: A1. Phrase-Overdrive - A2. Ambivalens - A3. Dinghi - A4. Alles Klar (Absolution) - A5. Start - B1. Stupsi (Ballade 1) - B2. Recreation - B3. Don&#039;t Count It - B4. Relation (Ballade 2) - B5. Puls.\" \/>\n<meta name=\"robots\" content=\"index, follow, max-snippet:-1, max-image-preview:large, max-video-preview:-1\" \/>\n<link rel=\"canonical\" href=\"https:\/\/wpguerssen-test.odoo.rgbconsulting.com\/es\/producto\/overdrive-rock-jazz-party\/\" \/>\n<meta property=\"og:locale\" content=\"es_ES\" \/>\n<meta property=\"og:type\" content=\"article\" \/>\n<meta property=\"og:title\" content=\"BRIDGE, The - Overdrive - Rock\/Jazz-Party -  (LP) | Guerssen\" \/>\n<meta property=\"og:description\" content=\"First ever vinyl reissue in original artwork of this fabulous kraut, jazz-funk \/ fusion \/ rare grove \/ library album from 1972, originally released on the budget Tempo label from Germany. Lots of fuzzy distorted organ &amp; Fender Rhodes courtesy of Kristian Schultze (pre-Passport) plus the mighty Pawel Jazerbski on bass and Joe Nay (Tete Montoliu, Roland Klirk, Blue Note Club...) on drums. #nl# Master tape sound, original artwork and insert with liner notes. #nl# RIYL: PASSPORT, SUNBIRDS, NUCLEUS, KLAUS DOLDINGER... #nl# Tracklist: A1. Phrase-Overdrive - A2. Ambivalens - A3. Dinghi - A4. Alles Klar (Absolution) - A5. Start - B1. Stupsi (Ballade 1) - B2. Recreation - B3. Don&#039;t Count It - B4. Relation (Ballade 2) - B5. Puls.\" \/>\n<meta property=\"og:url\" content=\"https:\/\/wpguerssen-test.odoo.rgbconsulting.com\/es\/producto\/overdrive-rock-jazz-party\/\" \/>\n<meta property=\"og:site_name\" content=\"Guerssen records\" \/>\n<meta property=\"article:modified_time\" content=\"2025-04-29T11:29:50+00:00\" \/>\n<meta property=\"og:image\" content=\"https:\/\/wpguerssen-test.odoo.rgbconsulting.com\/wp-content\/uploads\/2022\/03\/30229.jpg\" \/>\n\t<meta property=\"og:image:width\" content=\"1400\" \/>\n\t<meta property=\"og:image:height\" content=\"1400\" \/>\n\t<meta property=\"og:image:type\" content=\"image\/jpeg\" \/>\n<meta name=\"twitter:card\" content=\"summary_large_image\" \/>\n<meta name=\"twitter:title\" content=\"BRIDGE, The - Overdrive - Rock\/Jazz-Party -  (LP) | Guerssen\" \/>\n<meta name=\"twitter:label1\" content=\"Tiempo de lectura\" \/>\n\t<meta name=\"twitter:data1\" content=\"1 minuto\" \/>\n<script type=\"application\/ld+json\" class=\"yoast-schema-graph\">{\"@context\":\"https:\/\/schema.org\",\"@graph\":[{\"@type\":\"WebPage\",\"@id\":\"https:\/\/wpguerssen-test.odoo.rgbconsulting.com\/es\/producto\/overdrive-rock-jazz-party\/\",\"url\":\"https:\/\/wpguerssen-test.odoo.rgbconsulting.com\/es\/producto\/overdrive-rock-jazz-party\/\",\"name\":\"BRIDGE, The - Overdrive - Rock\/Jazz-Party - (LP) | Guerssen\",\"isPartOf\":{\"@id\":\"https:\/\/wpguerssen-test.odoo.rgbconsulting.com\/es\/#website\"},\"primaryImageOfPage\":{\"@id\":\"https:\/\/wpguerssen-test.odoo.rgbconsulting.com\/es\/producto\/overdrive-rock-jazz-party\/#primaryimage\"},\"image\":{\"@id\":\"https:\/\/wpguerssen-test.odoo.rgbconsulting.com\/es\/producto\/overdrive-rock-jazz-party\/#primaryimage\"},\"thumbnailUrl\":\"https:\/\/wpguerssen-test.odoo.rgbconsulting.com\/wp-content\/uploads\/2022\/03\/30229.jpg\",\"datePublished\":\"2018-01-09T23:00:00+00:00\",\"dateModified\":\"2025-04-29T11:29:50+00:00\",\"description\":\"First ever vinyl reissue in original artwork of this fabulous kraut, jazz-funk \/ fusion \/ rare grove \/ library album from 1972, originally released on the budget Tempo label from Germany. Lots of fuzzy distorted organ & Fender Rhodes courtesy of Kristian Schultze (pre-Passport) plus the mighty Pawel Jazerbski on bass and Joe Nay (Tete Montoliu, Roland Klirk, Blue Note Club...) on drums. #nl# Master tape sound, original artwork and insert with liner notes. #nl# RIYL: PASSPORT, SUNBIRDS, NUCLEUS, KLAUS DOLDINGER... #nl# Tracklist: A1. Phrase-Overdrive - A2. Ambivalens - A3. Dinghi - A4. Alles Klar (Absolution) - A5. Start - B1. Stupsi (Ballade 1) - B2. Recreation - B3. Don't Count It - B4. Relation (Ballade 2) - B5. Puls.\",\"breadcrumb\":{\"@id\":\"https:\/\/wpguerssen-test.odoo.rgbconsulting.com\/es\/producto\/overdrive-rock-jazz-party\/#breadcrumb\"},\"inLanguage\":\"es\",\"potentialAction\":[{\"@type\":\"ReadAction\",\"target\":[\"https:\/\/wpguerssen-test.odoo.rgbconsulting.com\/es\/producto\/overdrive-rock-jazz-party\/\"]}]},{\"@type\":\"ImageObject\",\"inLanguage\":\"es\",\"@id\":\"https:\/\/wpguerssen-test.odoo.rgbconsulting.com\/es\/producto\/overdrive-rock-jazz-party\/#primaryimage\",\"url\":\"https:\/\/wpguerssen-test.odoo.rgbconsulting.com\/wp-content\/uploads\/2022\/03\/30229.jpg\",\"contentUrl\":\"https:\/\/wpguerssen-test.odoo.rgbconsulting.com\/wp-content\/uploads\/2022\/03\/30229.jpg\",\"width\":1400,\"height\":1400,\"caption\":\"The - Overdrive - Rock\/Jazz-Party - SOMMOR (LP) | Guerssen\"},{\"@type\":\"BreadcrumbList\",\"@id\":\"https:\/\/wpguerssen-test.odoo.rgbconsulting.com\/es\/producto\/overdrive-rock-jazz-party\/#breadcrumb\",\"itemListElement\":[{\"@type\":\"ListItem\",\"position\":1,\"name\":\"Inicio\",\"item\":\"https:\/\/wpguerssen-test.odoo.rgbconsulting.com\/es\/\"},{\"@type\":\"ListItem\",\"position\":2,\"name\":\"Shop\",\"item\":\"https:\/\/wpguerssen-test.odoo.rgbconsulting.com\/shop\/\"},{\"@type\":\"ListItem\",\"position\":3,\"name\":\"Overdrive &#8211; Rock\/Jazz-Party\"}]},{\"@type\":\"WebSite\",\"@id\":\"https:\/\/wpguerssen-test.odoo.rgbconsulting.com\/es\/#website\",\"url\":\"https:\/\/wpguerssen-test.odoo.rgbconsulting.com\/es\/\",\"name\":\"Guerssen records\",\"description\":\"psychedelia - progressive - folk - garage \",\"publisher\":{\"@id\":\"https:\/\/wpguerssen-test.odoo.rgbconsulting.com\/es\/#organization\"},\"potentialAction\":[{\"@type\":\"SearchAction\",\"target\":{\"@type\":\"EntryPoint\",\"urlTemplate\":\"https:\/\/wpguerssen-test.odoo.rgbconsulting.com\/es\/?s={search_term_string}\"},\"query-input\":{\"@type\":\"PropertyValueSpecification\",\"valueRequired\":true,\"valueName\":\"search_term_string\"}}],\"inLanguage\":\"es\"},{\"@type\":\"Organization\",\"@id\":\"https:\/\/wpguerssen-test.odoo.rgbconsulting.com\/es\/#organization\",\"name\":\"Guerssen records\",\"url\":\"https:\/\/wpguerssen-test.odoo.rgbconsulting.com\/es\/\",\"logo\":{\"@type\":\"ImageObject\",\"inLanguage\":\"es\",\"@id\":\"https:\/\/wpguerssen-test.odoo.rgbconsulting.com\/es\/#\/schema\/logo\/image\/\",\"url\":\"https:\/\/wpguerssen-test.odoo.rgbconsulting.com\/wp-content\/uploads\/2022\/04\/Logo_Guerssen_trans_100.png\",\"contentUrl\":\"https:\/\/wpguerssen-test.odoo.rgbconsulting.com\/wp-content\/uploads\/2022\/04\/Logo_Guerssen_trans_100.png\",\"width\":122,\"height\":100,\"caption\":\"Guerssen records\"},\"image\":{\"@id\":\"https:\/\/wpguerssen-test.odoo.rgbconsulting.com\/es\/#\/schema\/logo\/image\/\"}}]}<\/script>\n<!-- \/ Yoast SEO plugin. -->","yoast_head_json":{"title":"BRIDGE, The - Overdrive - Rock\/Jazz-Party -  (LP) | Guerssen","description":"First ever vinyl reissue in original artwork of this fabulous kraut, jazz-funk \/ fusion \/ rare grove \/ library album from 1972, originally released on the budget Tempo label from Germany. Lots of fuzzy distorted organ & Fender Rhodes courtesy of Kristian Schultze (pre-Passport) plus the mighty Pawel Jazerbski on bass and Joe Nay (Tete Montoliu, Roland Klirk, Blue Note Club...) on drums. #nl# Master tape sound, original artwork and insert with liner notes. #nl# RIYL: PASSPORT, SUNBIRDS, NUCLEUS, KLAUS DOLDINGER... #nl# Tracklist: A1. Phrase-Overdrive - A2. Ambivalens - A3. Dinghi - A4. Alles Klar (Absolution) - A5. Start - B1. Stupsi (Ballade 1) - B2. Recreation - B3. Don't Count It - B4. Relation (Ballade 2) - B5. Puls.","robots":{"index":"index","follow":"follow","max-snippet":"max-snippet:-1","max-image-preview":"max-image-preview:large","max-video-preview":"max-video-preview:-1"},"canonical":"https:\/\/wpguerssen-test.odoo.rgbconsulting.com\/es\/producto\/overdrive-rock-jazz-party\/","og_locale":"es_ES","og_type":"article","og_title":"BRIDGE, The - Overdrive - Rock\/Jazz-Party -  (LP) | Guerssen","og_description":"First ever vinyl reissue in original artwork of this fabulous kraut, jazz-funk \/ fusion \/ rare grove \/ library album from 1972, originally released on the budget Tempo label from Germany. Lots of fuzzy distorted organ & Fender Rhodes courtesy of Kristian Schultze (pre-Passport) plus the mighty Pawel Jazerbski on bass and Joe Nay (Tete Montoliu, Roland Klirk, Blue Note Club...) on drums. #nl# Master tape sound, original artwork and insert with liner notes. #nl# RIYL: PASSPORT, SUNBIRDS, NUCLEUS, KLAUS DOLDINGER... #nl# Tracklist: A1. Phrase-Overdrive - A2. Ambivalens - A3. Dinghi - A4. Alles Klar (Absolution) - A5. Start - B1. Stupsi (Ballade 1) - B2. Recreation - B3. Don't Count It - B4. Relation (Ballade 2) - B5. Puls.","og_url":"https:\/\/wpguerssen-test.odoo.rgbconsulting.com\/es\/producto\/overdrive-rock-jazz-party\/","og_site_name":"Guerssen records","article_modified_time":"2025-04-29T11:29:50+00:00","og_image":[{"width":1400,"height":1400,"url":"https:\/\/wpguerssen-test.odoo.rgbconsulting.com\/wp-content\/uploads\/2022\/03\/30229.jpg","type":"image\/jpeg"}],"twitter_card":"summary_large_image","twitter_title":"BRIDGE, The - Overdrive - Rock\/Jazz-Party -  (LP) | Guerssen","twitter_misc":{"Tiempo de lectura":"1 minuto"},"schema":{"@context":"https:\/\/schema.org","@graph":[{"@type":"WebPage","@id":"https:\/\/wpguerssen-test.odoo.rgbconsulting.com\/es\/producto\/overdrive-rock-jazz-party\/","url":"https:\/\/wpguerssen-test.odoo.rgbconsulting.com\/es\/producto\/overdrive-rock-jazz-party\/","name":"BRIDGE, The - Overdrive - Rock\/Jazz-Party - (LP) | Guerssen","isPartOf":{"@id":"https:\/\/wpguerssen-test.odoo.rgbconsulting.com\/es\/#website"},"primaryImageOfPage":{"@id":"https:\/\/wpguerssen-test.odoo.rgbconsulting.com\/es\/producto\/overdrive-rock-jazz-party\/#primaryimage"},"image":{"@id":"https:\/\/wpguerssen-test.odoo.rgbconsulting.com\/es\/producto\/overdrive-rock-jazz-party\/#primaryimage"},"thumbnailUrl":"https:\/\/wpguerssen-test.odoo.rgbconsulting.com\/wp-content\/uploads\/2022\/03\/30229.jpg","datePublished":"2018-01-09T23:00:00+00:00","dateModified":"2025-04-29T11:29:50+00:00","description":"First ever vinyl reissue in original artwork of this fabulous kraut, jazz-funk \/ fusion \/ rare grove \/ library album from 1972, originally released on the budget Tempo label from Germany. Lots of fuzzy distorted organ & Fender Rhodes courtesy of Kristian Schultze (pre-Passport) plus the mighty Pawel Jazerbski on bass and Joe Nay (Tete Montoliu, Roland Klirk, Blue Note Club...) on drums. #nl# Master tape sound, original artwork and insert with liner notes. #nl# RIYL: PASSPORT, SUNBIRDS, NUCLEUS, KLAUS DOLDINGER... #nl# Tracklist: A1. Phrase-Overdrive - A2. Ambivalens - A3. Dinghi - A4. Alles Klar (Absolution) - A5. Start - B1. Stupsi (Ballade 1) - B2. Recreation - B3. Don't Count It - B4. Relation (Ballade 2) - B5. Puls.","breadcrumb":{"@id":"https:\/\/wpguerssen-test.odoo.rgbconsulting.com\/es\/producto\/overdrive-rock-jazz-party\/#breadcrumb"},"inLanguage":"es","potentialAction":[{"@type":"ReadAction","target":["https:\/\/wpguerssen-test.odoo.rgbconsulting.com\/es\/producto\/overdrive-rock-jazz-party\/"]}]},{"@type":"ImageObject","inLanguage":"es","@id":"https:\/\/wpguerssen-test.odoo.rgbconsulting.com\/es\/producto\/overdrive-rock-jazz-party\/#primaryimage","url":"https:\/\/wpguerssen-test.odoo.rgbconsulting.com\/wp-content\/uploads\/2022\/03\/30229.jpg","contentUrl":"https:\/\/wpguerssen-test.odoo.rgbconsulting.com\/wp-content\/uploads\/2022\/03\/30229.jpg","width":1400,"height":1400,"caption":"The - Overdrive - Rock\/Jazz-Party - SOMMOR (LP) | Guerssen"},{"@type":"BreadcrumbList","@id":"https:\/\/wpguerssen-test.odoo.rgbconsulting.com\/es\/producto\/overdrive-rock-jazz-party\/#breadcrumb","itemListElement":[{"@type":"ListItem","position":1,"name":"Inicio","item":"https:\/\/wpguerssen-test.odoo.rgbconsulting.com\/es\/"},{"@type":"ListItem","position":2,"name":"Shop","item":"https:\/\/wpguerssen-test.odoo.rgbconsulting.com\/shop\/"},{"@type":"ListItem","position":3,"name":"Overdrive &#8211; Rock\/Jazz-Party"}]},{"@type":"WebSite","@id":"https:\/\/wpguerssen-test.odoo.rgbconsulting.com\/es\/#website","url":"https:\/\/wpguerssen-test.odoo.rgbconsulting.com\/es\/","name":"Guerssen records","description":"psychedelia - progressive - folk - garage ","publisher":{"@id":"https:\/\/wpguerssen-test.odoo.rgbconsulting.com\/es\/#organization"},"potentialAction":[{"@type":"SearchAction","target":{"@type":"EntryPoint","urlTemplate":"https:\/\/wpguerssen-test.odoo.rgbconsulting.com\/es\/?s={search_term_string}"},"query-input":{"@type":"PropertyValueSpecification","valueRequired":true,"valueName":"search_term_string"}}],"inLanguage":"es"},{"@type":"Organization","@id":"https:\/\/wpguerssen-test.odoo.rgbconsulting.com\/es\/#organization","name":"Guerssen records","url":"https:\/\/wpguerssen-test.odoo.rgbconsulting.com\/es\/","logo":{"@type":"ImageObject","inLanguage":"es","@id":"https:\/\/wpguerssen-test.odoo.rgbconsulting.com\/es\/#\/schema\/logo\/image\/","url":"https:\/\/wpguerssen-test.odoo.rgbconsulting.com\/wp-content\/uploads\/2022\/04\/Logo_Guerssen_trans_100.png","contentUrl":"https:\/\/wpguerssen-test.odoo.rgbconsulting.com\/wp-content\/uploads\/2022\/04\/Logo_Guerssen_trans_100.png","width":122,"height":100,"caption":"Guerssen records"},"image":{"@id":"https:\/\/wpguerssen-test.odoo.rgbconsulting.com\/es\/#\/schema\/logo\/image\/"}}]}},"_links":{"self":[{"href":"https:\/\/wpguerssen-test.odoo.rgbconsulting.com\/es\/wp-json\/wp\/v2\/product\/187608","targetHints":{"allow":["GET"]}}],"collection":[{"href":"https:\/\/wpguerssen-test.odoo.rgbconsulting.com\/es\/wp-json\/wp\/v2\/product"}],"about":[{"href":"https:\/\/wpguerssen-test.odoo.rgbconsulting.com\/es\/wp-json\/wp\/v2\/types\/product"}],"wp:featuredmedia":[{"embeddable":true,"href":"https:\/\/wpguerssen-test.odoo.rgbconsulting.com\/es\/wp-json\/wp\/v2\/media\/121843"}],"wp:attachment":[{"href":"https:\/\/wpguerssen-test.odoo.rgbconsulting.com\/es\/wp-json\/wp\/v2\/media?parent=187608"}],"wp:term":[{"taxonomy":"product_brand","embeddable":true,"href":"https:\/\/wpguerssen-test.odoo.rgbconsulting.com\/es\/wp-json\/wp\/v2\/product_brand?post=187608"},{"taxonomy":"product_cat","embeddable":true,"href":"https:\/\/wpguerssen-test.odoo.rgbconsulting.com\/es\/wp-json\/wp\/v2\/product_cat?post=187608"},{"taxonomy":"product_tag","embeddable":true,"href":"https:\/\/wpguerssen-test.odoo.rgbconsulting.com\/es\/wp-json\/wp\/v2\/product_tag?post=187608"}],"curies":[{"name":"wp","href":"https:\/\/api.w.org\/{rel}","templated":true}]}}