{"id":187651,"date":"2018-02-19T00:00:00","date_gmt":"2018-02-18T23:00:00","guid":{"rendered":"http:\/\/guerssen.hl1097.dinaserver.com\/product\/till-den-strang-som-brast-cd\/"},"modified":"2025-02-10T13:57:38","modified_gmt":"2025-02-10T12:57:38","slug":"till-den-strang-som-brast-cd","status":"publish","type":"product","link":"https:\/\/wpguerssen-test.odoo.rgbconsulting.com\/es\/producto\/till-den-strang-som-brast-cd\/","title":{"rendered":"Till Den Str\u00e4ng Som Brast&#8230;(CD)"},"content":{"rendered":"<p>Fant\u00e1stico disco sueco de hard-rock psicod\u00e9lico y progresivo con la tremenda guitarra fuzz-wah de Anders Nordh (ex-Life). Publicado originalmente en 1975 y nunca antes reeditado <\/p>\n<p> El proyecto Battre Lyss surgi\u00f3 durante 1973-74, cuando dos amigos, Rolf Hammarlund (voz, bajo) y Christer Palmquist (voz, guitarra ac\u00fastica, piano) comenzaron a escribir canciones en ingl\u00e9s. Poco a poco, las canciones se fueron desarrollando y decidieron cantan en su lengua nativa. Se les uni\u00f3 Rolf Johansson a la bater\u00eda, que tambi\u00e9n compon\u00eda. Y ah\u00ed es cuando deciden registrar su primer disco, contando con la ayuda de una serie de amigos m\u00fasicos: TRES guitarristas (entre ellos el brutal Anders Nordh, famoso por su \u00fanico disco con LIFE), un flautista \/ saxofonista, un organista&#8230; <\/p>\n<p> El disco de grab\u00f3 en dos pistas en un modesto pero potente estudio y el resultado se edit\u00f3 de forma privada en 1975. <\/p>\n<p> Si te gustan grupos como Life, Bazar, November, Silberbart&#8230;no te lo pienses <\/p>\n<p> Tremendo sonido remasterizado de los m\u00e1sters originales. <\/p>\n<p> Booklet con notas y fotos.<br<<br \/>Cup\u00f3n de descarga. <\/p>\n<p> Tracklist: 1. G\u00f6ta Lejon &#8211; 2. Emma &#8211; 3. Vidsel-Sthlm, Enkel &#8211; 4. Anna &#8211; 5. Sagan Om Viggen &#8211; 6. Dr\u00f6mflickan &#8211; 7. Vapnet &#8211; 8. Tredje Riket &#8211; 9. Ansvaret &#8211; 10. Cha\u00fa Ga\u00ed &#8211; 11. K-E Andersson<\/p>\n","protected":false},"excerpt":{"rendered":"<p>Fant\u00e1stico disco sueco de hard-rock psicod\u00e9lico y progresivo con la tremenda guitarra fuzz-wah de Anders Nordh (ex-Life). Publicado originalmente en 1975 y nunca<a class=\"read\" href=\"https:\/\/wpguerssen-test.odoo.rgbconsulting.com\/es\/producto\/till-den-strang-som-brast-cd\/\"> (...)<\/a>","protected":false},"featured_media":121916,"template":"","meta":{"_acf_changed":false},"product_brand":[],"product_cat":[21639,23215],"product_tag":[29138],"class_list":{"0":"post-187651","1":"product","2":"type-product","3":"status-publish","4":"has-post-thumbnail","6":"product_cat-psychedelic60s-70s-es","7":"product_cat-progressive60s-70s-es","8":"product_tag-cd-es","9":"pa_artist-battre-lyss-es","10":"pa_format-cd-2-es","11":"pa_gender-psychedelic60s-70s-progressive60s-70s","12":"pa_label-sommor-es","13":"pa_location-europe-es","15":"first","16":"instock","17":"taxable","18":"shipping-taxable","19":"purchasable","20":"product-type-simple"},"acf":[],"yoast_head":"<!-- This site is optimized with the Yoast SEO plugin v24.9 - https:\/\/yoast.com\/wordpress\/plugins\/seo\/ -->\n<title>B\u00c4TTRE LYSS - Till Den Str\u00e4ng Som Brast...(CD) -  (CD) | Guerssen<\/title>\n<meta name=\"description\" content=\"First ever reissue of this rare Swedish psychedelic hard-rock &amp; progressive album from 1975. Powerful guitar \/ organ and great melodic vocals. #nl# The B\u00e4ttre Lyss project was born during 1973-74, when mutual friends Rolf Hammarlund (vocals, bass) and Christer Palmquist (vocals, acoustic guitars, piano) started to write songs sung in English. Their friend Carl Henrik G\u00e5rdstedt was studying in the Film and Radio School (Dramatiska Institutet) and had access to a studio in the school. He began to record their songs, joined by old friends drummer Rolf Johansson and guitarist Bo Klackenberg. Soon after, the lyrics were changed to Swedish and Rolf Johansson contributed with more songs. They wrote lyrics about things that happened in Sweden and around the world. Tragic things like the military junta murdering people in Chile, the Vietnam War, the weapon industry and smaller subjects, like people living in the bottom of the society. #nl# That&#039;s when they decided to record an album. Helped by some talented friends, including THREE electric guitar players (among them Anders Nordh of LIFE fame) and a flute \/ sax player plus an organist, they registered &quot;Till Den Str\u00e4ng...&quot; on a 2-track machine in &quot;Statliga Dramatiska Institutet&#039;s studio&quot;. The result was stunning and was released as a private pressing in 1975. For this new reissue, the band members have decided that all the royalties will go to charity (Cancerfonden).*Master tape sound, booklet with liner notes and photos. #nl# File next to: NOVEMBER, LIFE, SAGA, BAZAR... #nl# Tracklist: 1. G\u00f6ta Lejon - 2. Emma - 3. Vidsel-Sthlm, Enkel - 4. Anna - 5. Sagan Om Viggen - 6. Dr\u00f6mflickan - 7. Vapnet - 8. Tredje Riket - 9. Ansvaret - 10. Cha\u00fa Ga\u00ed - 11. K-E Andersson\" \/>\n<meta name=\"robots\" content=\"index, follow, max-snippet:-1, max-image-preview:large, max-video-preview:-1\" \/>\n<link rel=\"canonical\" href=\"https:\/\/wpguerssen-test.odoo.rgbconsulting.com\/es\/producto\/till-den-strang-som-brast-cd\/\" \/>\n<meta property=\"og:locale\" content=\"es_ES\" \/>\n<meta property=\"og:type\" content=\"article\" \/>\n<meta property=\"og:title\" content=\"B\u00c4TTRE LYSS - Till Den Str\u00e4ng Som Brast...(CD) -  (CD) | Guerssen\" \/>\n<meta property=\"og:description\" content=\"First ever reissue of this rare Swedish psychedelic hard-rock &amp; progressive album from 1975. Powerful guitar \/ organ and great melodic vocals. #nl# The B\u00e4ttre Lyss project was born during 1973-74, when mutual friends Rolf Hammarlund (vocals, bass) and Christer Palmquist (vocals, acoustic guitars, piano) started to write songs sung in English. Their friend Carl Henrik G\u00e5rdstedt was studying in the Film and Radio School (Dramatiska Institutet) and had access to a studio in the school. He began to record their songs, joined by old friends drummer Rolf Johansson and guitarist Bo Klackenberg. Soon after, the lyrics were changed to Swedish and Rolf Johansson contributed with more songs. They wrote lyrics about things that happened in Sweden and around the world. Tragic things like the military junta murdering people in Chile, the Vietnam War, the weapon industry and smaller subjects, like people living in the bottom of the society. #nl# That&#039;s when they decided to record an album. Helped by some talented friends, including THREE electric guitar players (among them Anders Nordh of LIFE fame) and a flute \/ sax player plus an organist, they registered &quot;Till Den Str\u00e4ng...&quot; on a 2-track machine in &quot;Statliga Dramatiska Institutet&#039;s studio&quot;. The result was stunning and was released as a private pressing in 1975. For this new reissue, the band members have decided that all the royalties will go to charity (Cancerfonden).*Master tape sound, booklet with liner notes and photos. #nl# File next to: NOVEMBER, LIFE, SAGA, BAZAR... #nl# Tracklist: 1. G\u00f6ta Lejon - 2. Emma - 3. Vidsel-Sthlm, Enkel - 4. Anna - 5. Sagan Om Viggen - 6. Dr\u00f6mflickan - 7. Vapnet - 8. Tredje Riket - 9. Ansvaret - 10. Cha\u00fa Ga\u00ed - 11. K-E Andersson\" \/>\n<meta property=\"og:url\" content=\"https:\/\/wpguerssen-test.odoo.rgbconsulting.com\/es\/producto\/till-den-strang-som-brast-cd\/\" \/>\n<meta property=\"og:site_name\" content=\"Guerssen records\" \/>\n<meta property=\"article:modified_time\" content=\"2025-02-10T12:57:38+00:00\" \/>\n<meta property=\"og:image\" content=\"https:\/\/wpguerssen-test.odoo.rgbconsulting.com\/wp-content\/uploads\/2022\/03\/30403.jpg\" \/>\n\t<meta property=\"og:image:width\" content=\"1430\" \/>\n\t<meta property=\"og:image:height\" content=\"1430\" \/>\n\t<meta property=\"og:image:type\" content=\"image\/jpeg\" \/>\n<meta name=\"twitter:card\" content=\"summary_large_image\" \/>\n<meta name=\"twitter:title\" content=\"B\u00c4TTRE LYSS - Till Den Str\u00e4ng Som Brast...(CD) -  (CD) | Guerssen\" \/>\n<meta name=\"twitter:label1\" content=\"Tiempo de lectura\" \/>\n\t<meta name=\"twitter:data1\" content=\"1 minuto\" \/>\n<script type=\"application\/ld+json\" class=\"yoast-schema-graph\">{\"@context\":\"https:\/\/schema.org\",\"@graph\":[{\"@type\":\"WebPage\",\"@id\":\"https:\/\/wpguerssen-test.odoo.rgbconsulting.com\/es\/producto\/till-den-strang-som-brast-cd\/\",\"url\":\"https:\/\/wpguerssen-test.odoo.rgbconsulting.com\/es\/producto\/till-den-strang-som-brast-cd\/\",\"name\":\"B\u00c4TTRE LYSS - Till Den Str\u00e4ng Som Brast...(CD) - (CD) | Guerssen\",\"isPartOf\":{\"@id\":\"https:\/\/wpguerssen-test.odoo.rgbconsulting.com\/es\/#website\"},\"primaryImageOfPage\":{\"@id\":\"https:\/\/wpguerssen-test.odoo.rgbconsulting.com\/es\/producto\/till-den-strang-som-brast-cd\/#primaryimage\"},\"image\":{\"@id\":\"https:\/\/wpguerssen-test.odoo.rgbconsulting.com\/es\/producto\/till-den-strang-som-brast-cd\/#primaryimage\"},\"thumbnailUrl\":\"https:\/\/wpguerssen-test.odoo.rgbconsulting.com\/wp-content\/uploads\/2022\/03\/30403.jpg\",\"datePublished\":\"2018-02-18T23:00:00+00:00\",\"dateModified\":\"2025-02-10T12:57:38+00:00\",\"description\":\"First ever reissue of this rare Swedish psychedelic hard-rock & progressive album from 1975. Powerful guitar \/ organ and great melodic vocals. #nl# The B\u00e4ttre Lyss project was born during 1973-74, when mutual friends Rolf Hammarlund (vocals, bass) and Christer Palmquist (vocals, acoustic guitars, piano) started to write songs sung in English. Their friend Carl Henrik G\u00e5rdstedt was studying in the Film and Radio School (Dramatiska Institutet) and had access to a studio in the school. He began to record their songs, joined by old friends drummer Rolf Johansson and guitarist Bo Klackenberg. Soon after, the lyrics were changed to Swedish and Rolf Johansson contributed with more songs. They wrote lyrics about things that happened in Sweden and around the world. Tragic things like the military junta murdering people in Chile, the Vietnam War, the weapon industry and smaller subjects, like people living in the bottom of the society. #nl# That's when they decided to record an album. Helped by some talented friends, including THREE electric guitar players (among them Anders Nordh of LIFE fame) and a flute \/ sax player plus an organist, they registered \\\"Till Den Str\u00e4ng...\\\" on a 2-track machine in \\\"Statliga Dramatiska Institutet's studio\\\". The result was stunning and was released as a private pressing in 1975. For this new reissue, the band members have decided that all the royalties will go to charity (Cancerfonden).*Master tape sound, booklet with liner notes and photos. #nl# File next to: NOVEMBER, LIFE, SAGA, BAZAR... #nl# Tracklist: 1. G\u00f6ta Lejon - 2. Emma - 3. Vidsel-Sthlm, Enkel - 4. Anna - 5. Sagan Om Viggen - 6. Dr\u00f6mflickan - 7. Vapnet - 8. Tredje Riket - 9. Ansvaret - 10. Cha\u00fa Ga\u00ed - 11. K-E Andersson\",\"breadcrumb\":{\"@id\":\"https:\/\/wpguerssen-test.odoo.rgbconsulting.com\/es\/producto\/till-den-strang-som-brast-cd\/#breadcrumb\"},\"inLanguage\":\"es\",\"potentialAction\":[{\"@type\":\"ReadAction\",\"target\":[\"https:\/\/wpguerssen-test.odoo.rgbconsulting.com\/es\/producto\/till-den-strang-som-brast-cd\/\"]}]},{\"@type\":\"ImageObject\",\"inLanguage\":\"es\",\"@id\":\"https:\/\/wpguerssen-test.odoo.rgbconsulting.com\/es\/producto\/till-den-strang-som-brast-cd\/#primaryimage\",\"url\":\"https:\/\/wpguerssen-test.odoo.rgbconsulting.com\/wp-content\/uploads\/2022\/03\/30403.jpg\",\"contentUrl\":\"https:\/\/wpguerssen-test.odoo.rgbconsulting.com\/wp-content\/uploads\/2022\/03\/30403.jpg\",\"width\":1430,\"height\":1430,\"caption\":\"B\u00c4TTRE LYSS - Till Den Str\u00e4ng Som Brast...(CD) - SOMMOR (CD) | Guerssen\"},{\"@type\":\"BreadcrumbList\",\"@id\":\"https:\/\/wpguerssen-test.odoo.rgbconsulting.com\/es\/producto\/till-den-strang-som-brast-cd\/#breadcrumb\",\"itemListElement\":[{\"@type\":\"ListItem\",\"position\":1,\"name\":\"Inicio\",\"item\":\"https:\/\/wpguerssen-test.odoo.rgbconsulting.com\/es\/\"},{\"@type\":\"ListItem\",\"position\":2,\"name\":\"Shop\",\"item\":\"https:\/\/wpguerssen-test.odoo.rgbconsulting.com\/shop\/\"},{\"@type\":\"ListItem\",\"position\":3,\"name\":\"Till Den Str\u00e4ng Som Brast&#8230;(CD)\"}]},{\"@type\":\"WebSite\",\"@id\":\"https:\/\/wpguerssen-test.odoo.rgbconsulting.com\/es\/#website\",\"url\":\"https:\/\/wpguerssen-test.odoo.rgbconsulting.com\/es\/\",\"name\":\"Guerssen records\",\"description\":\"psychedelia - progressive - folk - garage \",\"publisher\":{\"@id\":\"https:\/\/wpguerssen-test.odoo.rgbconsulting.com\/es\/#organization\"},\"potentialAction\":[{\"@type\":\"SearchAction\",\"target\":{\"@type\":\"EntryPoint\",\"urlTemplate\":\"https:\/\/wpguerssen-test.odoo.rgbconsulting.com\/es\/?s={search_term_string}\"},\"query-input\":{\"@type\":\"PropertyValueSpecification\",\"valueRequired\":true,\"valueName\":\"search_term_string\"}}],\"inLanguage\":\"es\"},{\"@type\":\"Organization\",\"@id\":\"https:\/\/wpguerssen-test.odoo.rgbconsulting.com\/es\/#organization\",\"name\":\"Guerssen records\",\"url\":\"https:\/\/wpguerssen-test.odoo.rgbconsulting.com\/es\/\",\"logo\":{\"@type\":\"ImageObject\",\"inLanguage\":\"es\",\"@id\":\"https:\/\/wpguerssen-test.odoo.rgbconsulting.com\/es\/#\/schema\/logo\/image\/\",\"url\":\"https:\/\/wpguerssen-test.odoo.rgbconsulting.com\/wp-content\/uploads\/2022\/04\/Logo_Guerssen_trans_100.png\",\"contentUrl\":\"https:\/\/wpguerssen-test.odoo.rgbconsulting.com\/wp-content\/uploads\/2022\/04\/Logo_Guerssen_trans_100.png\",\"width\":122,\"height\":100,\"caption\":\"Guerssen records\"},\"image\":{\"@id\":\"https:\/\/wpguerssen-test.odoo.rgbconsulting.com\/es\/#\/schema\/logo\/image\/\"}}]}<\/script>\n<!-- \/ Yoast SEO plugin. -->","yoast_head_json":{"title":"B\u00c4TTRE LYSS - Till Den Str\u00e4ng Som Brast...(CD) -  (CD) | Guerssen","description":"First ever reissue of this rare Swedish psychedelic hard-rock & progressive album from 1975. Powerful guitar \/ organ and great melodic vocals. #nl# The B\u00e4ttre Lyss project was born during 1973-74, when mutual friends Rolf Hammarlund (vocals, bass) and Christer Palmquist (vocals, acoustic guitars, piano) started to write songs sung in English. Their friend Carl Henrik G\u00e5rdstedt was studying in the Film and Radio School (Dramatiska Institutet) and had access to a studio in the school. He began to record their songs, joined by old friends drummer Rolf Johansson and guitarist Bo Klackenberg. Soon after, the lyrics were changed to Swedish and Rolf Johansson contributed with more songs. They wrote lyrics about things that happened in Sweden and around the world. Tragic things like the military junta murdering people in Chile, the Vietnam War, the weapon industry and smaller subjects, like people living in the bottom of the society. #nl# That's when they decided to record an album. Helped by some talented friends, including THREE electric guitar players (among them Anders Nordh of LIFE fame) and a flute \/ sax player plus an organist, they registered \"Till Den Str\u00e4ng...\" on a 2-track machine in \"Statliga Dramatiska Institutet's studio\". The result was stunning and was released as a private pressing in 1975. For this new reissue, the band members have decided that all the royalties will go to charity (Cancerfonden).*Master tape sound, booklet with liner notes and photos. #nl# File next to: NOVEMBER, LIFE, SAGA, BAZAR... #nl# Tracklist: 1. G\u00f6ta Lejon - 2. Emma - 3. Vidsel-Sthlm, Enkel - 4. Anna - 5. Sagan Om Viggen - 6. Dr\u00f6mflickan - 7. Vapnet - 8. Tredje Riket - 9. Ansvaret - 10. Cha\u00fa Ga\u00ed - 11. K-E Andersson","robots":{"index":"index","follow":"follow","max-snippet":"max-snippet:-1","max-image-preview":"max-image-preview:large","max-video-preview":"max-video-preview:-1"},"canonical":"https:\/\/wpguerssen-test.odoo.rgbconsulting.com\/es\/producto\/till-den-strang-som-brast-cd\/","og_locale":"es_ES","og_type":"article","og_title":"B\u00c4TTRE LYSS - Till Den Str\u00e4ng Som Brast...(CD) -  (CD) | Guerssen","og_description":"First ever reissue of this rare Swedish psychedelic hard-rock & progressive album from 1975. Powerful guitar \/ organ and great melodic vocals. #nl# The B\u00e4ttre Lyss project was born during 1973-74, when mutual friends Rolf Hammarlund (vocals, bass) and Christer Palmquist (vocals, acoustic guitars, piano) started to write songs sung in English. Their friend Carl Henrik G\u00e5rdstedt was studying in the Film and Radio School (Dramatiska Institutet) and had access to a studio in the school. He began to record their songs, joined by old friends drummer Rolf Johansson and guitarist Bo Klackenberg. Soon after, the lyrics were changed to Swedish and Rolf Johansson contributed with more songs. They wrote lyrics about things that happened in Sweden and around the world. Tragic things like the military junta murdering people in Chile, the Vietnam War, the weapon industry and smaller subjects, like people living in the bottom of the society. #nl# That's when they decided to record an album. Helped by some talented friends, including THREE electric guitar players (among them Anders Nordh of LIFE fame) and a flute \/ sax player plus an organist, they registered \"Till Den Str\u00e4ng...\" on a 2-track machine in \"Statliga Dramatiska Institutet's studio\". The result was stunning and was released as a private pressing in 1975. For this new reissue, the band members have decided that all the royalties will go to charity (Cancerfonden).*Master tape sound, booklet with liner notes and photos. #nl# File next to: NOVEMBER, LIFE, SAGA, BAZAR... #nl# Tracklist: 1. G\u00f6ta Lejon - 2. Emma - 3. Vidsel-Sthlm, Enkel - 4. Anna - 5. Sagan Om Viggen - 6. Dr\u00f6mflickan - 7. Vapnet - 8. Tredje Riket - 9. Ansvaret - 10. Cha\u00fa Ga\u00ed - 11. K-E Andersson","og_url":"https:\/\/wpguerssen-test.odoo.rgbconsulting.com\/es\/producto\/till-den-strang-som-brast-cd\/","og_site_name":"Guerssen records","article_modified_time":"2025-02-10T12:57:38+00:00","og_image":[{"width":1430,"height":1430,"url":"https:\/\/wpguerssen-test.odoo.rgbconsulting.com\/wp-content\/uploads\/2022\/03\/30403.jpg","type":"image\/jpeg"}],"twitter_card":"summary_large_image","twitter_title":"B\u00c4TTRE LYSS - Till Den Str\u00e4ng Som Brast...(CD) -  (CD) | Guerssen","twitter_misc":{"Tiempo de lectura":"1 minuto"},"schema":{"@context":"https:\/\/schema.org","@graph":[{"@type":"WebPage","@id":"https:\/\/wpguerssen-test.odoo.rgbconsulting.com\/es\/producto\/till-den-strang-som-brast-cd\/","url":"https:\/\/wpguerssen-test.odoo.rgbconsulting.com\/es\/producto\/till-den-strang-som-brast-cd\/","name":"B\u00c4TTRE LYSS - Till Den Str\u00e4ng Som Brast...(CD) - (CD) | Guerssen","isPartOf":{"@id":"https:\/\/wpguerssen-test.odoo.rgbconsulting.com\/es\/#website"},"primaryImageOfPage":{"@id":"https:\/\/wpguerssen-test.odoo.rgbconsulting.com\/es\/producto\/till-den-strang-som-brast-cd\/#primaryimage"},"image":{"@id":"https:\/\/wpguerssen-test.odoo.rgbconsulting.com\/es\/producto\/till-den-strang-som-brast-cd\/#primaryimage"},"thumbnailUrl":"https:\/\/wpguerssen-test.odoo.rgbconsulting.com\/wp-content\/uploads\/2022\/03\/30403.jpg","datePublished":"2018-02-18T23:00:00+00:00","dateModified":"2025-02-10T12:57:38+00:00","description":"First ever reissue of this rare Swedish psychedelic hard-rock & progressive album from 1975. Powerful guitar \/ organ and great melodic vocals. #nl# The B\u00e4ttre Lyss project was born during 1973-74, when mutual friends Rolf Hammarlund (vocals, bass) and Christer Palmquist (vocals, acoustic guitars, piano) started to write songs sung in English. Their friend Carl Henrik G\u00e5rdstedt was studying in the Film and Radio School (Dramatiska Institutet) and had access to a studio in the school. He began to record their songs, joined by old friends drummer Rolf Johansson and guitarist Bo Klackenberg. Soon after, the lyrics were changed to Swedish and Rolf Johansson contributed with more songs. They wrote lyrics about things that happened in Sweden and around the world. Tragic things like the military junta murdering people in Chile, the Vietnam War, the weapon industry and smaller subjects, like people living in the bottom of the society. #nl# That's when they decided to record an album. Helped by some talented friends, including THREE electric guitar players (among them Anders Nordh of LIFE fame) and a flute \/ sax player plus an organist, they registered \"Till Den Str\u00e4ng...\" on a 2-track machine in \"Statliga Dramatiska Institutet's studio\". The result was stunning and was released as a private pressing in 1975. For this new reissue, the band members have decided that all the royalties will go to charity (Cancerfonden).*Master tape sound, booklet with liner notes and photos. #nl# File next to: NOVEMBER, LIFE, SAGA, BAZAR... #nl# Tracklist: 1. G\u00f6ta Lejon - 2. Emma - 3. Vidsel-Sthlm, Enkel - 4. Anna - 5. Sagan Om Viggen - 6. Dr\u00f6mflickan - 7. Vapnet - 8. Tredje Riket - 9. Ansvaret - 10. Cha\u00fa Ga\u00ed - 11. K-E Andersson","breadcrumb":{"@id":"https:\/\/wpguerssen-test.odoo.rgbconsulting.com\/es\/producto\/till-den-strang-som-brast-cd\/#breadcrumb"},"inLanguage":"es","potentialAction":[{"@type":"ReadAction","target":["https:\/\/wpguerssen-test.odoo.rgbconsulting.com\/es\/producto\/till-den-strang-som-brast-cd\/"]}]},{"@type":"ImageObject","inLanguage":"es","@id":"https:\/\/wpguerssen-test.odoo.rgbconsulting.com\/es\/producto\/till-den-strang-som-brast-cd\/#primaryimage","url":"https:\/\/wpguerssen-test.odoo.rgbconsulting.com\/wp-content\/uploads\/2022\/03\/30403.jpg","contentUrl":"https:\/\/wpguerssen-test.odoo.rgbconsulting.com\/wp-content\/uploads\/2022\/03\/30403.jpg","width":1430,"height":1430,"caption":"B\u00c4TTRE LYSS - Till Den Str\u00e4ng Som Brast...(CD) - SOMMOR (CD) | Guerssen"},{"@type":"BreadcrumbList","@id":"https:\/\/wpguerssen-test.odoo.rgbconsulting.com\/es\/producto\/till-den-strang-som-brast-cd\/#breadcrumb","itemListElement":[{"@type":"ListItem","position":1,"name":"Inicio","item":"https:\/\/wpguerssen-test.odoo.rgbconsulting.com\/es\/"},{"@type":"ListItem","position":2,"name":"Shop","item":"https:\/\/wpguerssen-test.odoo.rgbconsulting.com\/shop\/"},{"@type":"ListItem","position":3,"name":"Till Den Str\u00e4ng Som Brast&#8230;(CD)"}]},{"@type":"WebSite","@id":"https:\/\/wpguerssen-test.odoo.rgbconsulting.com\/es\/#website","url":"https:\/\/wpguerssen-test.odoo.rgbconsulting.com\/es\/","name":"Guerssen records","description":"psychedelia - progressive - folk - garage ","publisher":{"@id":"https:\/\/wpguerssen-test.odoo.rgbconsulting.com\/es\/#organization"},"potentialAction":[{"@type":"SearchAction","target":{"@type":"EntryPoint","urlTemplate":"https:\/\/wpguerssen-test.odoo.rgbconsulting.com\/es\/?s={search_term_string}"},"query-input":{"@type":"PropertyValueSpecification","valueRequired":true,"valueName":"search_term_string"}}],"inLanguage":"es"},{"@type":"Organization","@id":"https:\/\/wpguerssen-test.odoo.rgbconsulting.com\/es\/#organization","name":"Guerssen records","url":"https:\/\/wpguerssen-test.odoo.rgbconsulting.com\/es\/","logo":{"@type":"ImageObject","inLanguage":"es","@id":"https:\/\/wpguerssen-test.odoo.rgbconsulting.com\/es\/#\/schema\/logo\/image\/","url":"https:\/\/wpguerssen-test.odoo.rgbconsulting.com\/wp-content\/uploads\/2022\/04\/Logo_Guerssen_trans_100.png","contentUrl":"https:\/\/wpguerssen-test.odoo.rgbconsulting.com\/wp-content\/uploads\/2022\/04\/Logo_Guerssen_trans_100.png","width":122,"height":100,"caption":"Guerssen records"},"image":{"@id":"https:\/\/wpguerssen-test.odoo.rgbconsulting.com\/es\/#\/schema\/logo\/image\/"}}]}},"_links":{"self":[{"href":"https:\/\/wpguerssen-test.odoo.rgbconsulting.com\/es\/wp-json\/wp\/v2\/product\/187651","targetHints":{"allow":["GET"]}}],"collection":[{"href":"https:\/\/wpguerssen-test.odoo.rgbconsulting.com\/es\/wp-json\/wp\/v2\/product"}],"about":[{"href":"https:\/\/wpguerssen-test.odoo.rgbconsulting.com\/es\/wp-json\/wp\/v2\/types\/product"}],"wp:featuredmedia":[{"embeddable":true,"href":"https:\/\/wpguerssen-test.odoo.rgbconsulting.com\/es\/wp-json\/wp\/v2\/media\/121916"}],"wp:attachment":[{"href":"https:\/\/wpguerssen-test.odoo.rgbconsulting.com\/es\/wp-json\/wp\/v2\/media?parent=187651"}],"wp:term":[{"taxonomy":"product_brand","embeddable":true,"href":"https:\/\/wpguerssen-test.odoo.rgbconsulting.com\/es\/wp-json\/wp\/v2\/product_brand?post=187651"},{"taxonomy":"product_cat","embeddable":true,"href":"https:\/\/wpguerssen-test.odoo.rgbconsulting.com\/es\/wp-json\/wp\/v2\/product_cat?post=187651"},{"taxonomy":"product_tag","embeddable":true,"href":"https:\/\/wpguerssen-test.odoo.rgbconsulting.com\/es\/wp-json\/wp\/v2\/product_tag?post=187651"}],"curies":[{"name":"wp","href":"https:\/\/api.w.org\/{rel}","templated":true}]}}