{"id":187665,"date":"2017-12-15T00:00:00","date_gmt":"2017-12-14T23:00:00","guid":{"rendered":"http:\/\/guerssen.hl1097.dinaserver.com\/product\/stavia-cd\/"},"modified":"2025-03-05T15:57:22","modified_gmt":"2025-03-05T14:57:22","slug":"stavia-cd","status":"publish","type":"product","link":"https:\/\/wpguerssen-test.odoo.rgbconsulting.com\/es\/producto\/stavia-cd\/","title":{"rendered":"Stavia (CD)"},"content":{"rendered":"<p>THE BROTHERHOOD proced\u00edan de Ohio y en 1972 publicaron su \u00fanico LP, un prensaje privado de 200 copias fabricado por el legendario sello custom Rite. Originalmente formados como un grupo de soul-funk, el sonido de la banda hab\u00eda mutado hacia el acid-rock psicod\u00e9lico y hippie cuando lleg\u00f3 la hora de grabar su primer disco, aunque una ligera influencia de la black music segu\u00eda latente. \u00abStavia\u00bb est\u00e1 dominado por la poderosa y \u00absoulful\u00bb voz de John Hurd arropada por tremenda guitarra, \u00f3rgano, flauta&#8230; <\/p>\n<p> La edici\u00f3n original de \u00abStavia\u00bb es tan rara y m\u00edtica que durante a\u00f1os en c\u00edrculos de coleccionismo se dudaba de su existencia e incluso en los a\u00f1os 90 se pirat\u00e9o en una edici\u00f3n truncaca en la que se suprimieron dos canciones y se incluyeron dos de un grupo diferente! As\u00ed que aqu\u00ed tienes, por primera vez, una reedici\u00f3n oficial respetando la edici\u00f3n original tal y como sali\u00f3 en 1972. Se incluyen notas por el miembro del grupo John Hurd. Cup\u00f3n de descarga con el LP. <\/p>\n<p> Tracklist: 1. Color Line &#8211; 2. Rock &#038; Roll Band &#8211; 3. Backdoor &#8211; 4. For Her Time &#8211; 5. Meditation Part 1 &#8211; 6. Uncle &#8211; 7. Cry of Love &#8211; 8. Tragedy &#8211; 9. Meditation Part 2.<\/p>\n","protected":false},"excerpt":{"rendered":"<p>THE BROTHERHOOD proced\u00edan de Ohio y en 1972 publicaron su \u00fanico LP, un prensaje privado de 200 copias fabricado por el legendario sello custom Rite. Originalmente<a class=\"read\" href=\"https:\/\/wpguerssen-test.odoo.rgbconsulting.com\/es\/producto\/stavia-cd\/\"> (...)<\/a>","protected":false},"featured_media":121945,"template":"","meta":{"_acf_changed":false},"product_brand":[],"product_cat":[21639,23219],"product_tag":[29138],"class_list":{"0":"post-187665","1":"product","2":"type-product","3":"status-publish","4":"has-post-thumbnail","6":"product_cat-psychedelic60s-70s-es","7":"product_cat-funk-es","8":"product_tag-cd-es","9":"pa_artist-brotherhood-the-es","10":"pa_format-cd-2-es","11":"pa_gender-psychedelic60s-70s-funk","12":"pa_label-out-sider-music-es","13":"pa_location-north-america-es","15":"first","16":"instock","17":"taxable","18":"shipping-taxable","19":"purchasable","20":"product-type-simple"},"acf":[],"yoast_head":"<!-- This site is optimized with the Yoast SEO plugin v24.9 - https:\/\/yoast.com\/wordpress\/plugins\/seo\/ -->\n<title>BROTHERHOOD, The - Stavia (CD) -  (CD) | Guerssen<\/title>\n<meta name=\"description\" content=\"In 1972, Ohio based band THE BROTHERHOOD released their only album, &quot;Stavia&quot;. It was a private edition of 200 copies, pressed at the legendary Rite custom plant. This rare album is a good example of US acid-rock \/ hippie psych with slight soul &amp; funk influences: fantastic playing, swirling organ, powerful vocals, top guitar shredding, flute... #nl# &quot;Stavia&quot; has always been one of those shrouded in mystery albums, so rare that some collectors even doubted about its existence. Bootlegged in the &#039;90s in a butchered edition that included two songs from an unrelated band, here&#039;s the first ever legit vinyl reissue. #nl# *Includes liner notes by band member John Hurd. #nl# *Remastered sound. #nl# Tracklist: 1. Color Line - 2. Rock &amp; Roll Band - 3. Backdoor - 4. For Her Time - 5. Meditation Part 1 - 6. Uncle - 7. Cry of Love - 8. Tragedy - 9. Meditation Part 2.\" \/>\n<meta name=\"robots\" content=\"index, follow, max-snippet:-1, max-image-preview:large, max-video-preview:-1\" \/>\n<link rel=\"canonical\" href=\"https:\/\/wpguerssen-test.odoo.rgbconsulting.com\/es\/producto\/stavia-cd\/\" \/>\n<meta property=\"og:locale\" content=\"es_ES\" \/>\n<meta property=\"og:type\" content=\"article\" \/>\n<meta property=\"og:title\" content=\"BROTHERHOOD, The - Stavia (CD) -  (CD) | Guerssen\" \/>\n<meta property=\"og:description\" content=\"In 1972, Ohio based band THE BROTHERHOOD released their only album, &quot;Stavia&quot;. It was a private edition of 200 copies, pressed at the legendary Rite custom plant. This rare album is a good example of US acid-rock \/ hippie psych with slight soul &amp; funk influences: fantastic playing, swirling organ, powerful vocals, top guitar shredding, flute... #nl# &quot;Stavia&quot; has always been one of those shrouded in mystery albums, so rare that some collectors even doubted about its existence. Bootlegged in the &#039;90s in a butchered edition that included two songs from an unrelated band, here&#039;s the first ever legit vinyl reissue. #nl# *Includes liner notes by band member John Hurd. #nl# *Remastered sound. #nl# Tracklist: 1. Color Line - 2. Rock &amp; Roll Band - 3. Backdoor - 4. For Her Time - 5. Meditation Part 1 - 6. Uncle - 7. Cry of Love - 8. Tragedy - 9. Meditation Part 2.\" \/>\n<meta property=\"og:url\" content=\"https:\/\/wpguerssen-test.odoo.rgbconsulting.com\/es\/producto\/stavia-cd\/\" \/>\n<meta property=\"og:site_name\" content=\"Guerssen records\" \/>\n<meta property=\"article:modified_time\" content=\"2025-03-05T14:57:22+00:00\" \/>\n<meta property=\"og:image\" content=\"https:\/\/wpguerssen-test.odoo.rgbconsulting.com\/wp-content\/uploads\/2022\/03\/30453.jpg\" \/>\n\t<meta property=\"og:image:width\" content=\"1430\" \/>\n\t<meta property=\"og:image:height\" content=\"1430\" \/>\n\t<meta property=\"og:image:type\" content=\"image\/jpeg\" \/>\n<meta name=\"twitter:card\" content=\"summary_large_image\" \/>\n<meta name=\"twitter:title\" content=\"BROTHERHOOD, The - Stavia (CD) -  (CD) | Guerssen\" \/>\n<meta name=\"twitter:label1\" content=\"Tiempo de lectura\" \/>\n\t<meta name=\"twitter:data1\" content=\"1 minuto\" \/>\n<script type=\"application\/ld+json\" class=\"yoast-schema-graph\">{\"@context\":\"https:\/\/schema.org\",\"@graph\":[{\"@type\":\"WebPage\",\"@id\":\"https:\/\/wpguerssen-test.odoo.rgbconsulting.com\/es\/producto\/stavia-cd\/\",\"url\":\"https:\/\/wpguerssen-test.odoo.rgbconsulting.com\/es\/producto\/stavia-cd\/\",\"name\":\"BROTHERHOOD, The - Stavia (CD) - (CD) | Guerssen\",\"isPartOf\":{\"@id\":\"https:\/\/wpguerssen-test.odoo.rgbconsulting.com\/es\/#website\"},\"primaryImageOfPage\":{\"@id\":\"https:\/\/wpguerssen-test.odoo.rgbconsulting.com\/es\/producto\/stavia-cd\/#primaryimage\"},\"image\":{\"@id\":\"https:\/\/wpguerssen-test.odoo.rgbconsulting.com\/es\/producto\/stavia-cd\/#primaryimage\"},\"thumbnailUrl\":\"https:\/\/wpguerssen-test.odoo.rgbconsulting.com\/wp-content\/uploads\/2022\/03\/30453.jpg\",\"datePublished\":\"2017-12-14T23:00:00+00:00\",\"dateModified\":\"2025-03-05T14:57:22+00:00\",\"description\":\"In 1972, Ohio based band THE BROTHERHOOD released their only album, \\\"Stavia\\\". It was a private edition of 200 copies, pressed at the legendary Rite custom plant. This rare album is a good example of US acid-rock \/ hippie psych with slight soul & funk influences: fantastic playing, swirling organ, powerful vocals, top guitar shredding, flute... #nl# \\\"Stavia\\\" has always been one of those shrouded in mystery albums, so rare that some collectors even doubted about its existence. Bootlegged in the '90s in a butchered edition that included two songs from an unrelated band, here's the first ever legit vinyl reissue. #nl# *Includes liner notes by band member John Hurd. #nl# *Remastered sound. #nl# Tracklist: 1. Color Line - 2. Rock & Roll Band - 3. Backdoor - 4. For Her Time - 5. Meditation Part 1 - 6. Uncle - 7. Cry of Love - 8. Tragedy - 9. Meditation Part 2.\",\"breadcrumb\":{\"@id\":\"https:\/\/wpguerssen-test.odoo.rgbconsulting.com\/es\/producto\/stavia-cd\/#breadcrumb\"},\"inLanguage\":\"es\",\"potentialAction\":[{\"@type\":\"ReadAction\",\"target\":[\"https:\/\/wpguerssen-test.odoo.rgbconsulting.com\/es\/producto\/stavia-cd\/\"]}]},{\"@type\":\"ImageObject\",\"inLanguage\":\"es\",\"@id\":\"https:\/\/wpguerssen-test.odoo.rgbconsulting.com\/es\/producto\/stavia-cd\/#primaryimage\",\"url\":\"https:\/\/wpguerssen-test.odoo.rgbconsulting.com\/wp-content\/uploads\/2022\/03\/30453.jpg\",\"contentUrl\":\"https:\/\/wpguerssen-test.odoo.rgbconsulting.com\/wp-content\/uploads\/2022\/03\/30453.jpg\",\"width\":1430,\"height\":1430,\"caption\":\"The - Stavia (CD) - OUT-SIDER MUSIC (CD) | Guerssen\"},{\"@type\":\"BreadcrumbList\",\"@id\":\"https:\/\/wpguerssen-test.odoo.rgbconsulting.com\/es\/producto\/stavia-cd\/#breadcrumb\",\"itemListElement\":[{\"@type\":\"ListItem\",\"position\":1,\"name\":\"Inicio\",\"item\":\"https:\/\/wpguerssen-test.odoo.rgbconsulting.com\/es\/\"},{\"@type\":\"ListItem\",\"position\":2,\"name\":\"Shop\",\"item\":\"https:\/\/wpguerssen-test.odoo.rgbconsulting.com\/shop\/\"},{\"@type\":\"ListItem\",\"position\":3,\"name\":\"Stavia (CD)\"}]},{\"@type\":\"WebSite\",\"@id\":\"https:\/\/wpguerssen-test.odoo.rgbconsulting.com\/es\/#website\",\"url\":\"https:\/\/wpguerssen-test.odoo.rgbconsulting.com\/es\/\",\"name\":\"Guerssen records\",\"description\":\"psychedelia - progressive - folk - garage \",\"publisher\":{\"@id\":\"https:\/\/wpguerssen-test.odoo.rgbconsulting.com\/es\/#organization\"},\"potentialAction\":[{\"@type\":\"SearchAction\",\"target\":{\"@type\":\"EntryPoint\",\"urlTemplate\":\"https:\/\/wpguerssen-test.odoo.rgbconsulting.com\/es\/?s={search_term_string}\"},\"query-input\":{\"@type\":\"PropertyValueSpecification\",\"valueRequired\":true,\"valueName\":\"search_term_string\"}}],\"inLanguage\":\"es\"},{\"@type\":\"Organization\",\"@id\":\"https:\/\/wpguerssen-test.odoo.rgbconsulting.com\/es\/#organization\",\"name\":\"Guerssen records\",\"url\":\"https:\/\/wpguerssen-test.odoo.rgbconsulting.com\/es\/\",\"logo\":{\"@type\":\"ImageObject\",\"inLanguage\":\"es\",\"@id\":\"https:\/\/wpguerssen-test.odoo.rgbconsulting.com\/es\/#\/schema\/logo\/image\/\",\"url\":\"https:\/\/wpguerssen-test.odoo.rgbconsulting.com\/wp-content\/uploads\/2022\/04\/Logo_Guerssen_trans_100.png\",\"contentUrl\":\"https:\/\/wpguerssen-test.odoo.rgbconsulting.com\/wp-content\/uploads\/2022\/04\/Logo_Guerssen_trans_100.png\",\"width\":122,\"height\":100,\"caption\":\"Guerssen records\"},\"image\":{\"@id\":\"https:\/\/wpguerssen-test.odoo.rgbconsulting.com\/es\/#\/schema\/logo\/image\/\"}}]}<\/script>\n<!-- \/ Yoast SEO plugin. -->","yoast_head_json":{"title":"BROTHERHOOD, The - Stavia (CD) -  (CD) | Guerssen","description":"In 1972, Ohio based band THE BROTHERHOOD released their only album, \"Stavia\". It was a private edition of 200 copies, pressed at the legendary Rite custom plant. This rare album is a good example of US acid-rock \/ hippie psych with slight soul & funk influences: fantastic playing, swirling organ, powerful vocals, top guitar shredding, flute... #nl# \"Stavia\" has always been one of those shrouded in mystery albums, so rare that some collectors even doubted about its existence. Bootlegged in the '90s in a butchered edition that included two songs from an unrelated band, here's the first ever legit vinyl reissue. #nl# *Includes liner notes by band member John Hurd. #nl# *Remastered sound. #nl# Tracklist: 1. Color Line - 2. Rock & Roll Band - 3. Backdoor - 4. For Her Time - 5. Meditation Part 1 - 6. Uncle - 7. Cry of Love - 8. Tragedy - 9. Meditation Part 2.","robots":{"index":"index","follow":"follow","max-snippet":"max-snippet:-1","max-image-preview":"max-image-preview:large","max-video-preview":"max-video-preview:-1"},"canonical":"https:\/\/wpguerssen-test.odoo.rgbconsulting.com\/es\/producto\/stavia-cd\/","og_locale":"es_ES","og_type":"article","og_title":"BROTHERHOOD, The - Stavia (CD) -  (CD) | Guerssen","og_description":"In 1972, Ohio based band THE BROTHERHOOD released their only album, \"Stavia\". It was a private edition of 200 copies, pressed at the legendary Rite custom plant. This rare album is a good example of US acid-rock \/ hippie psych with slight soul & funk influences: fantastic playing, swirling organ, powerful vocals, top guitar shredding, flute... #nl# \"Stavia\" has always been one of those shrouded in mystery albums, so rare that some collectors even doubted about its existence. Bootlegged in the '90s in a butchered edition that included two songs from an unrelated band, here's the first ever legit vinyl reissue. #nl# *Includes liner notes by band member John Hurd. #nl# *Remastered sound. #nl# Tracklist: 1. Color Line - 2. Rock & Roll Band - 3. Backdoor - 4. For Her Time - 5. Meditation Part 1 - 6. Uncle - 7. Cry of Love - 8. Tragedy - 9. Meditation Part 2.","og_url":"https:\/\/wpguerssen-test.odoo.rgbconsulting.com\/es\/producto\/stavia-cd\/","og_site_name":"Guerssen records","article_modified_time":"2025-03-05T14:57:22+00:00","og_image":[{"width":1430,"height":1430,"url":"https:\/\/wpguerssen-test.odoo.rgbconsulting.com\/wp-content\/uploads\/2022\/03\/30453.jpg","type":"image\/jpeg"}],"twitter_card":"summary_large_image","twitter_title":"BROTHERHOOD, The - Stavia (CD) -  (CD) | Guerssen","twitter_misc":{"Tiempo de lectura":"1 minuto"},"schema":{"@context":"https:\/\/schema.org","@graph":[{"@type":"WebPage","@id":"https:\/\/wpguerssen-test.odoo.rgbconsulting.com\/es\/producto\/stavia-cd\/","url":"https:\/\/wpguerssen-test.odoo.rgbconsulting.com\/es\/producto\/stavia-cd\/","name":"BROTHERHOOD, The - Stavia (CD) - (CD) | Guerssen","isPartOf":{"@id":"https:\/\/wpguerssen-test.odoo.rgbconsulting.com\/es\/#website"},"primaryImageOfPage":{"@id":"https:\/\/wpguerssen-test.odoo.rgbconsulting.com\/es\/producto\/stavia-cd\/#primaryimage"},"image":{"@id":"https:\/\/wpguerssen-test.odoo.rgbconsulting.com\/es\/producto\/stavia-cd\/#primaryimage"},"thumbnailUrl":"https:\/\/wpguerssen-test.odoo.rgbconsulting.com\/wp-content\/uploads\/2022\/03\/30453.jpg","datePublished":"2017-12-14T23:00:00+00:00","dateModified":"2025-03-05T14:57:22+00:00","description":"In 1972, Ohio based band THE BROTHERHOOD released their only album, \"Stavia\". It was a private edition of 200 copies, pressed at the legendary Rite custom plant. This rare album is a good example of US acid-rock \/ hippie psych with slight soul & funk influences: fantastic playing, swirling organ, powerful vocals, top guitar shredding, flute... #nl# \"Stavia\" has always been one of those shrouded in mystery albums, so rare that some collectors even doubted about its existence. Bootlegged in the '90s in a butchered edition that included two songs from an unrelated band, here's the first ever legit vinyl reissue. #nl# *Includes liner notes by band member John Hurd. #nl# *Remastered sound. #nl# Tracklist: 1. Color Line - 2. Rock & Roll Band - 3. Backdoor - 4. For Her Time - 5. Meditation Part 1 - 6. Uncle - 7. Cry of Love - 8. Tragedy - 9. Meditation Part 2.","breadcrumb":{"@id":"https:\/\/wpguerssen-test.odoo.rgbconsulting.com\/es\/producto\/stavia-cd\/#breadcrumb"},"inLanguage":"es","potentialAction":[{"@type":"ReadAction","target":["https:\/\/wpguerssen-test.odoo.rgbconsulting.com\/es\/producto\/stavia-cd\/"]}]},{"@type":"ImageObject","inLanguage":"es","@id":"https:\/\/wpguerssen-test.odoo.rgbconsulting.com\/es\/producto\/stavia-cd\/#primaryimage","url":"https:\/\/wpguerssen-test.odoo.rgbconsulting.com\/wp-content\/uploads\/2022\/03\/30453.jpg","contentUrl":"https:\/\/wpguerssen-test.odoo.rgbconsulting.com\/wp-content\/uploads\/2022\/03\/30453.jpg","width":1430,"height":1430,"caption":"The - Stavia (CD) - OUT-SIDER MUSIC (CD) | Guerssen"},{"@type":"BreadcrumbList","@id":"https:\/\/wpguerssen-test.odoo.rgbconsulting.com\/es\/producto\/stavia-cd\/#breadcrumb","itemListElement":[{"@type":"ListItem","position":1,"name":"Inicio","item":"https:\/\/wpguerssen-test.odoo.rgbconsulting.com\/es\/"},{"@type":"ListItem","position":2,"name":"Shop","item":"https:\/\/wpguerssen-test.odoo.rgbconsulting.com\/shop\/"},{"@type":"ListItem","position":3,"name":"Stavia (CD)"}]},{"@type":"WebSite","@id":"https:\/\/wpguerssen-test.odoo.rgbconsulting.com\/es\/#website","url":"https:\/\/wpguerssen-test.odoo.rgbconsulting.com\/es\/","name":"Guerssen records","description":"psychedelia - progressive - folk - garage ","publisher":{"@id":"https:\/\/wpguerssen-test.odoo.rgbconsulting.com\/es\/#organization"},"potentialAction":[{"@type":"SearchAction","target":{"@type":"EntryPoint","urlTemplate":"https:\/\/wpguerssen-test.odoo.rgbconsulting.com\/es\/?s={search_term_string}"},"query-input":{"@type":"PropertyValueSpecification","valueRequired":true,"valueName":"search_term_string"}}],"inLanguage":"es"},{"@type":"Organization","@id":"https:\/\/wpguerssen-test.odoo.rgbconsulting.com\/es\/#organization","name":"Guerssen records","url":"https:\/\/wpguerssen-test.odoo.rgbconsulting.com\/es\/","logo":{"@type":"ImageObject","inLanguage":"es","@id":"https:\/\/wpguerssen-test.odoo.rgbconsulting.com\/es\/#\/schema\/logo\/image\/","url":"https:\/\/wpguerssen-test.odoo.rgbconsulting.com\/wp-content\/uploads\/2022\/04\/Logo_Guerssen_trans_100.png","contentUrl":"https:\/\/wpguerssen-test.odoo.rgbconsulting.com\/wp-content\/uploads\/2022\/04\/Logo_Guerssen_trans_100.png","width":122,"height":100,"caption":"Guerssen records"},"image":{"@id":"https:\/\/wpguerssen-test.odoo.rgbconsulting.com\/es\/#\/schema\/logo\/image\/"}}]}},"_links":{"self":[{"href":"https:\/\/wpguerssen-test.odoo.rgbconsulting.com\/es\/wp-json\/wp\/v2\/product\/187665","targetHints":{"allow":["GET"]}}],"collection":[{"href":"https:\/\/wpguerssen-test.odoo.rgbconsulting.com\/es\/wp-json\/wp\/v2\/product"}],"about":[{"href":"https:\/\/wpguerssen-test.odoo.rgbconsulting.com\/es\/wp-json\/wp\/v2\/types\/product"}],"wp:featuredmedia":[{"embeddable":true,"href":"https:\/\/wpguerssen-test.odoo.rgbconsulting.com\/es\/wp-json\/wp\/v2\/media\/121945"}],"wp:attachment":[{"href":"https:\/\/wpguerssen-test.odoo.rgbconsulting.com\/es\/wp-json\/wp\/v2\/media?parent=187665"}],"wp:term":[{"taxonomy":"product_brand","embeddable":true,"href":"https:\/\/wpguerssen-test.odoo.rgbconsulting.com\/es\/wp-json\/wp\/v2\/product_brand?post=187665"},{"taxonomy":"product_cat","embeddable":true,"href":"https:\/\/wpguerssen-test.odoo.rgbconsulting.com\/es\/wp-json\/wp\/v2\/product_cat?post=187665"},{"taxonomy":"product_tag","embeddable":true,"href":"https:\/\/wpguerssen-test.odoo.rgbconsulting.com\/es\/wp-json\/wp\/v2\/product_tag?post=187665"}],"curies":[{"name":"wp","href":"https:\/\/api.w.org\/{rel}","templated":true}]}}