{"id":187816,"date":"2018-03-12T00:00:00","date_gmt":"2018-03-11T23:00:00","guid":{"rendered":"http:\/\/guerssen.hl1097.dinaserver.com\/product\/temple-cd\/"},"modified":"2025-02-18T15:52:57","modified_gmt":"2025-02-18T14:52:57","slug":"temple-cd","status":"publish","type":"product","link":"https:\/\/wpguerssen-test.odoo.rgbconsulting.com\/es\/producto\/temple-cd\/","title":{"rendered":"Temple (CD)"},"content":{"rendered":"<p>Continuamos con nuesta campa\u00f1a de reediciones del cat\u00e1logo de Pyramid, sello ultra-underground de krautrock propiedad del ingeniero de sonido Toby Robinson y el artista fluxus Robin Page. <\/p>\n<p> Ahora es el turno de Temple, proyecto de estudio producido por Toby Robinson mientras trabajaba de ingeniero en los famosos Dierk Studios. <\/p>\n<p> Temple surgi\u00f3 en tiempos muertos donde Toby se divert\u00eda grabando m\u00fasica sin ning\u00fan inter\u00e9s comercial, junto a m\u00fasicos de la escena kraut que pululaban por los Dierk Studios y otros estudios de grabaci\u00f3n adyacentes. Entre los participantes, podemos encontrar a m\u00fasicos de culto como Zeus B. Held (Birth Control). <\/p>\n<p> Temple es probablemente el disco m\u00e1s \u00abrock\u00bb y psicod\u00e9lico de todos los editados por Pyramid. Kraut-psych de ambiente oscuro con un sonido en algunas partes que se adelanta al Goth-Rock de los 80. Duras guitarras distorsionadas, voces con efectos, teclados, Mellotron, Minimoog&#8230; <\/p>\n<p> Sonido remasterizado a 24-bit de las cintas originales por Toby Robinson. <\/p>\n<p> Booklet con notas por el experto en Krautrock Alan Freeman (The Crack In The Cosmic Egg). <\/p>\n<p> Tracklist: 01. Heathen &#8211; 02. Leaves Are Falling \/ Black Light &#8211; 03. Age of Ages &#8211; 04. Ship On Fire &#8211; 05. Crazy Hat \/ Kingdom of Gabriel<\/p>\n","protected":false},"excerpt":{"rendered":"<p>Continuamos con nuesta campa\u00f1a de reediciones del cat\u00e1logo de Pyramid, sello ultra-underground de krautrock propiedad del ingeniero de sonido Toby Robinson y el<a class=\"read\" href=\"https:\/\/wpguerssen-test.odoo.rgbconsulting.com\/es\/producto\/temple-cd\/\"> (...)<\/a>","protected":false},"featured_media":122198,"template":"","meta":{"_acf_changed":false},"product_brand":[],"product_cat":[23230,23260],"product_tag":[29138],"class_list":{"0":"post-187816","1":"product","2":"type-product","3":"status-publish","4":"has-post-thumbnail","6":"product_cat-krautrock-es-2","7":"product_cat-avant-garde-experime-es","8":"product_tag-cd-es","9":"pa_artist-temple","10":"pa_format-cd-2-es","11":"pa_gender-krautrock-avant-garde-experime","12":"pa_label-mental-experience-es","13":"pa_location-europe-es","15":"first","16":"instock","17":"taxable","18":"shipping-taxable","19":"purchasable","20":"product-type-simple"},"acf":[],"yoast_head":"<!-- This site is optimized with the Yoast SEO plugin v24.9 - https:\/\/yoast.com\/wordpress\/plugins\/seo\/ -->\n<title>TEMPLE - Temple (CD) -  (CD) | Guerssen<\/title>\n<meta name=\"description\" content=\"Continuing with our reissue campaign of the Toby Robinson&#039;s Pyramid label catalogue, now it&#039;s the time for Temple. Probably the most &quot;rock&quot; sounding of all the Pyramyd titles, Temple were an ad-hoc outfit born out of several late night sessions at Dierks Studios (where Toby was working at that time), involving local friends of Toby and other musicians from adjoining studios, among them Zeus B. Held (Birth Control). #nl# Temple played a kind of heavy, dark psychedelic krautrock with ahead of its time proto-Goth vibe. Loud guitars, Hammond, Mini-Moog, Mellotron, distorted &amp; echoing vocals, effects... #nl# RIYL: AMON D\u00dc\u00dcL II, HAWKWIND, BIRTH CONTROL, POPOL VUH, ASH RA TEMPEL, EMTIDI... #nl# *24-bit remaster from the original tapes. #nl# *Insert with liner notes by Alan Freeman (The Crack In The Cosmic Egg). #nl# Tracklist: 01. Heathen - 02. Leaves Are Falling \/ Black Light - 03. Age of Ages - 04. Ship On Fire - 05. Crazy Hat \/ Kingdom of Gabriel\" \/>\n<meta name=\"robots\" content=\"index, follow, max-snippet:-1, max-image-preview:large, max-video-preview:-1\" \/>\n<link rel=\"canonical\" href=\"https:\/\/wpguerssen-test.odoo.rgbconsulting.com\/es\/producto\/temple-cd\/\" \/>\n<meta property=\"og:locale\" content=\"es_ES\" \/>\n<meta property=\"og:type\" content=\"article\" \/>\n<meta property=\"og:title\" content=\"TEMPLE - Temple (CD) -  (CD) | Guerssen\" \/>\n<meta property=\"og:description\" content=\"Continuing with our reissue campaign of the Toby Robinson&#039;s Pyramid label catalogue, now it&#039;s the time for Temple. Probably the most &quot;rock&quot; sounding of all the Pyramyd titles, Temple were an ad-hoc outfit born out of several late night sessions at Dierks Studios (where Toby was working at that time), involving local friends of Toby and other musicians from adjoining studios, among them Zeus B. Held (Birth Control). #nl# Temple played a kind of heavy, dark psychedelic krautrock with ahead of its time proto-Goth vibe. Loud guitars, Hammond, Mini-Moog, Mellotron, distorted &amp; echoing vocals, effects... #nl# RIYL: AMON D\u00dc\u00dcL II, HAWKWIND, BIRTH CONTROL, POPOL VUH, ASH RA TEMPEL, EMTIDI... #nl# *24-bit remaster from the original tapes. #nl# *Insert with liner notes by Alan Freeman (The Crack In The Cosmic Egg). #nl# Tracklist: 01. Heathen - 02. Leaves Are Falling \/ Black Light - 03. Age of Ages - 04. Ship On Fire - 05. Crazy Hat \/ Kingdom of Gabriel\" \/>\n<meta property=\"og:url\" content=\"https:\/\/wpguerssen-test.odoo.rgbconsulting.com\/es\/producto\/temple-cd\/\" \/>\n<meta property=\"og:site_name\" content=\"Guerssen records\" \/>\n<meta property=\"article:modified_time\" content=\"2025-02-18T14:52:57+00:00\" \/>\n<meta property=\"og:image\" content=\"https:\/\/wpguerssen-test.odoo.rgbconsulting.com\/wp-content\/uploads\/2022\/03\/30870.jpg\" \/>\n\t<meta property=\"og:image:width\" content=\"1430\" \/>\n\t<meta property=\"og:image:height\" content=\"1430\" \/>\n\t<meta property=\"og:image:type\" content=\"image\/jpeg\" \/>\n<meta name=\"twitter:card\" content=\"summary_large_image\" \/>\n<meta name=\"twitter:title\" content=\"TEMPLE - Temple (CD) -  (CD) | Guerssen\" \/>\n<meta name=\"twitter:label1\" content=\"Tiempo de lectura\" \/>\n\t<meta name=\"twitter:data1\" content=\"1 minuto\" \/>\n<script type=\"application\/ld+json\" class=\"yoast-schema-graph\">{\"@context\":\"https:\/\/schema.org\",\"@graph\":[{\"@type\":\"WebPage\",\"@id\":\"https:\/\/wpguerssen-test.odoo.rgbconsulting.com\/es\/producto\/temple-cd\/\",\"url\":\"https:\/\/wpguerssen-test.odoo.rgbconsulting.com\/es\/producto\/temple-cd\/\",\"name\":\"TEMPLE - Temple (CD) - (CD) | Guerssen\",\"isPartOf\":{\"@id\":\"https:\/\/wpguerssen-test.odoo.rgbconsulting.com\/es\/#website\"},\"primaryImageOfPage\":{\"@id\":\"https:\/\/wpguerssen-test.odoo.rgbconsulting.com\/es\/producto\/temple-cd\/#primaryimage\"},\"image\":{\"@id\":\"https:\/\/wpguerssen-test.odoo.rgbconsulting.com\/es\/producto\/temple-cd\/#primaryimage\"},\"thumbnailUrl\":\"https:\/\/wpguerssen-test.odoo.rgbconsulting.com\/wp-content\/uploads\/2022\/03\/30870.jpg\",\"datePublished\":\"2018-03-11T23:00:00+00:00\",\"dateModified\":\"2025-02-18T14:52:57+00:00\",\"description\":\"Continuing with our reissue campaign of the Toby Robinson's Pyramid label catalogue, now it's the time for Temple. Probably the most \\\"rock\\\" sounding of all the Pyramyd titles, Temple were an ad-hoc outfit born out of several late night sessions at Dierks Studios (where Toby was working at that time), involving local friends of Toby and other musicians from adjoining studios, among them Zeus B. Held (Birth Control). #nl# Temple played a kind of heavy, dark psychedelic krautrock with ahead of its time proto-Goth vibe. Loud guitars, Hammond, Mini-Moog, Mellotron, distorted & echoing vocals, effects... #nl# RIYL: AMON D\u00dc\u00dcL II, HAWKWIND, BIRTH CONTROL, POPOL VUH, ASH RA TEMPEL, EMTIDI... #nl# *24-bit remaster from the original tapes. #nl# *Insert with liner notes by Alan Freeman (The Crack In The Cosmic Egg). #nl# Tracklist: 01. Heathen - 02. Leaves Are Falling \/ Black Light - 03. Age of Ages - 04. Ship On Fire - 05. Crazy Hat \/ Kingdom of Gabriel\",\"breadcrumb\":{\"@id\":\"https:\/\/wpguerssen-test.odoo.rgbconsulting.com\/es\/producto\/temple-cd\/#breadcrumb\"},\"inLanguage\":\"es\",\"potentialAction\":[{\"@type\":\"ReadAction\",\"target\":[\"https:\/\/wpguerssen-test.odoo.rgbconsulting.com\/es\/producto\/temple-cd\/\"]}]},{\"@type\":\"ImageObject\",\"inLanguage\":\"es\",\"@id\":\"https:\/\/wpguerssen-test.odoo.rgbconsulting.com\/es\/producto\/temple-cd\/#primaryimage\",\"url\":\"https:\/\/wpguerssen-test.odoo.rgbconsulting.com\/wp-content\/uploads\/2022\/03\/30870.jpg\",\"contentUrl\":\"https:\/\/wpguerssen-test.odoo.rgbconsulting.com\/wp-content\/uploads\/2022\/03\/30870.jpg\",\"width\":1430,\"height\":1430,\"caption\":\"TEMPLE - Temple (CD) - MENTAL EXPERIENCE (CD) | Guerssen\"},{\"@type\":\"BreadcrumbList\",\"@id\":\"https:\/\/wpguerssen-test.odoo.rgbconsulting.com\/es\/producto\/temple-cd\/#breadcrumb\",\"itemListElement\":[{\"@type\":\"ListItem\",\"position\":1,\"name\":\"Inicio\",\"item\":\"https:\/\/wpguerssen-test.odoo.rgbconsulting.com\/es\/\"},{\"@type\":\"ListItem\",\"position\":2,\"name\":\"Shop\",\"item\":\"https:\/\/wpguerssen-test.odoo.rgbconsulting.com\/shop\/\"},{\"@type\":\"ListItem\",\"position\":3,\"name\":\"Temple (CD)\"}]},{\"@type\":\"WebSite\",\"@id\":\"https:\/\/wpguerssen-test.odoo.rgbconsulting.com\/es\/#website\",\"url\":\"https:\/\/wpguerssen-test.odoo.rgbconsulting.com\/es\/\",\"name\":\"Guerssen records\",\"description\":\"psychedelia - progressive - folk - garage \",\"publisher\":{\"@id\":\"https:\/\/wpguerssen-test.odoo.rgbconsulting.com\/es\/#organization\"},\"potentialAction\":[{\"@type\":\"SearchAction\",\"target\":{\"@type\":\"EntryPoint\",\"urlTemplate\":\"https:\/\/wpguerssen-test.odoo.rgbconsulting.com\/es\/?s={search_term_string}\"},\"query-input\":{\"@type\":\"PropertyValueSpecification\",\"valueRequired\":true,\"valueName\":\"search_term_string\"}}],\"inLanguage\":\"es\"},{\"@type\":\"Organization\",\"@id\":\"https:\/\/wpguerssen-test.odoo.rgbconsulting.com\/es\/#organization\",\"name\":\"Guerssen records\",\"url\":\"https:\/\/wpguerssen-test.odoo.rgbconsulting.com\/es\/\",\"logo\":{\"@type\":\"ImageObject\",\"inLanguage\":\"es\",\"@id\":\"https:\/\/wpguerssen-test.odoo.rgbconsulting.com\/es\/#\/schema\/logo\/image\/\",\"url\":\"https:\/\/wpguerssen-test.odoo.rgbconsulting.com\/wp-content\/uploads\/2022\/04\/Logo_Guerssen_trans_100.png\",\"contentUrl\":\"https:\/\/wpguerssen-test.odoo.rgbconsulting.com\/wp-content\/uploads\/2022\/04\/Logo_Guerssen_trans_100.png\",\"width\":122,\"height\":100,\"caption\":\"Guerssen records\"},\"image\":{\"@id\":\"https:\/\/wpguerssen-test.odoo.rgbconsulting.com\/es\/#\/schema\/logo\/image\/\"}}]}<\/script>\n<!-- \/ Yoast SEO plugin. -->","yoast_head_json":{"title":"TEMPLE - Temple (CD) -  (CD) | Guerssen","description":"Continuing with our reissue campaign of the Toby Robinson's Pyramid label catalogue, now it's the time for Temple. Probably the most \"rock\" sounding of all the Pyramyd titles, Temple were an ad-hoc outfit born out of several late night sessions at Dierks Studios (where Toby was working at that time), involving local friends of Toby and other musicians from adjoining studios, among them Zeus B. Held (Birth Control). #nl# Temple played a kind of heavy, dark psychedelic krautrock with ahead of its time proto-Goth vibe. Loud guitars, Hammond, Mini-Moog, Mellotron, distorted & echoing vocals, effects... #nl# RIYL: AMON D\u00dc\u00dcL II, HAWKWIND, BIRTH CONTROL, POPOL VUH, ASH RA TEMPEL, EMTIDI... #nl# *24-bit remaster from the original tapes. #nl# *Insert with liner notes by Alan Freeman (The Crack In The Cosmic Egg). #nl# Tracklist: 01. Heathen - 02. Leaves Are Falling \/ Black Light - 03. Age of Ages - 04. Ship On Fire - 05. Crazy Hat \/ Kingdom of Gabriel","robots":{"index":"index","follow":"follow","max-snippet":"max-snippet:-1","max-image-preview":"max-image-preview:large","max-video-preview":"max-video-preview:-1"},"canonical":"https:\/\/wpguerssen-test.odoo.rgbconsulting.com\/es\/producto\/temple-cd\/","og_locale":"es_ES","og_type":"article","og_title":"TEMPLE - Temple (CD) -  (CD) | Guerssen","og_description":"Continuing with our reissue campaign of the Toby Robinson's Pyramid label catalogue, now it's the time for Temple. Probably the most \"rock\" sounding of all the Pyramyd titles, Temple were an ad-hoc outfit born out of several late night sessions at Dierks Studios (where Toby was working at that time), involving local friends of Toby and other musicians from adjoining studios, among them Zeus B. Held (Birth Control). #nl# Temple played a kind of heavy, dark psychedelic krautrock with ahead of its time proto-Goth vibe. Loud guitars, Hammond, Mini-Moog, Mellotron, distorted & echoing vocals, effects... #nl# RIYL: AMON D\u00dc\u00dcL II, HAWKWIND, BIRTH CONTROL, POPOL VUH, ASH RA TEMPEL, EMTIDI... #nl# *24-bit remaster from the original tapes. #nl# *Insert with liner notes by Alan Freeman (The Crack In The Cosmic Egg). #nl# Tracklist: 01. Heathen - 02. Leaves Are Falling \/ Black Light - 03. Age of Ages - 04. Ship On Fire - 05. Crazy Hat \/ Kingdom of Gabriel","og_url":"https:\/\/wpguerssen-test.odoo.rgbconsulting.com\/es\/producto\/temple-cd\/","og_site_name":"Guerssen records","article_modified_time":"2025-02-18T14:52:57+00:00","og_image":[{"width":1430,"height":1430,"url":"https:\/\/wpguerssen-test.odoo.rgbconsulting.com\/wp-content\/uploads\/2022\/03\/30870.jpg","type":"image\/jpeg"}],"twitter_card":"summary_large_image","twitter_title":"TEMPLE - Temple (CD) -  (CD) | Guerssen","twitter_misc":{"Tiempo de lectura":"1 minuto"},"schema":{"@context":"https:\/\/schema.org","@graph":[{"@type":"WebPage","@id":"https:\/\/wpguerssen-test.odoo.rgbconsulting.com\/es\/producto\/temple-cd\/","url":"https:\/\/wpguerssen-test.odoo.rgbconsulting.com\/es\/producto\/temple-cd\/","name":"TEMPLE - Temple (CD) - (CD) | Guerssen","isPartOf":{"@id":"https:\/\/wpguerssen-test.odoo.rgbconsulting.com\/es\/#website"},"primaryImageOfPage":{"@id":"https:\/\/wpguerssen-test.odoo.rgbconsulting.com\/es\/producto\/temple-cd\/#primaryimage"},"image":{"@id":"https:\/\/wpguerssen-test.odoo.rgbconsulting.com\/es\/producto\/temple-cd\/#primaryimage"},"thumbnailUrl":"https:\/\/wpguerssen-test.odoo.rgbconsulting.com\/wp-content\/uploads\/2022\/03\/30870.jpg","datePublished":"2018-03-11T23:00:00+00:00","dateModified":"2025-02-18T14:52:57+00:00","description":"Continuing with our reissue campaign of the Toby Robinson's Pyramid label catalogue, now it's the time for Temple. Probably the most \"rock\" sounding of all the Pyramyd titles, Temple were an ad-hoc outfit born out of several late night sessions at Dierks Studios (where Toby was working at that time), involving local friends of Toby and other musicians from adjoining studios, among them Zeus B. Held (Birth Control). #nl# Temple played a kind of heavy, dark psychedelic krautrock with ahead of its time proto-Goth vibe. Loud guitars, Hammond, Mini-Moog, Mellotron, distorted & echoing vocals, effects... #nl# RIYL: AMON D\u00dc\u00dcL II, HAWKWIND, BIRTH CONTROL, POPOL VUH, ASH RA TEMPEL, EMTIDI... #nl# *24-bit remaster from the original tapes. #nl# *Insert with liner notes by Alan Freeman (The Crack In The Cosmic Egg). #nl# Tracklist: 01. Heathen - 02. Leaves Are Falling \/ Black Light - 03. Age of Ages - 04. Ship On Fire - 05. Crazy Hat \/ Kingdom of Gabriel","breadcrumb":{"@id":"https:\/\/wpguerssen-test.odoo.rgbconsulting.com\/es\/producto\/temple-cd\/#breadcrumb"},"inLanguage":"es","potentialAction":[{"@type":"ReadAction","target":["https:\/\/wpguerssen-test.odoo.rgbconsulting.com\/es\/producto\/temple-cd\/"]}]},{"@type":"ImageObject","inLanguage":"es","@id":"https:\/\/wpguerssen-test.odoo.rgbconsulting.com\/es\/producto\/temple-cd\/#primaryimage","url":"https:\/\/wpguerssen-test.odoo.rgbconsulting.com\/wp-content\/uploads\/2022\/03\/30870.jpg","contentUrl":"https:\/\/wpguerssen-test.odoo.rgbconsulting.com\/wp-content\/uploads\/2022\/03\/30870.jpg","width":1430,"height":1430,"caption":"TEMPLE - Temple (CD) - MENTAL EXPERIENCE (CD) | Guerssen"},{"@type":"BreadcrumbList","@id":"https:\/\/wpguerssen-test.odoo.rgbconsulting.com\/es\/producto\/temple-cd\/#breadcrumb","itemListElement":[{"@type":"ListItem","position":1,"name":"Inicio","item":"https:\/\/wpguerssen-test.odoo.rgbconsulting.com\/es\/"},{"@type":"ListItem","position":2,"name":"Shop","item":"https:\/\/wpguerssen-test.odoo.rgbconsulting.com\/shop\/"},{"@type":"ListItem","position":3,"name":"Temple (CD)"}]},{"@type":"WebSite","@id":"https:\/\/wpguerssen-test.odoo.rgbconsulting.com\/es\/#website","url":"https:\/\/wpguerssen-test.odoo.rgbconsulting.com\/es\/","name":"Guerssen records","description":"psychedelia - progressive - folk - garage ","publisher":{"@id":"https:\/\/wpguerssen-test.odoo.rgbconsulting.com\/es\/#organization"},"potentialAction":[{"@type":"SearchAction","target":{"@type":"EntryPoint","urlTemplate":"https:\/\/wpguerssen-test.odoo.rgbconsulting.com\/es\/?s={search_term_string}"},"query-input":{"@type":"PropertyValueSpecification","valueRequired":true,"valueName":"search_term_string"}}],"inLanguage":"es"},{"@type":"Organization","@id":"https:\/\/wpguerssen-test.odoo.rgbconsulting.com\/es\/#organization","name":"Guerssen records","url":"https:\/\/wpguerssen-test.odoo.rgbconsulting.com\/es\/","logo":{"@type":"ImageObject","inLanguage":"es","@id":"https:\/\/wpguerssen-test.odoo.rgbconsulting.com\/es\/#\/schema\/logo\/image\/","url":"https:\/\/wpguerssen-test.odoo.rgbconsulting.com\/wp-content\/uploads\/2022\/04\/Logo_Guerssen_trans_100.png","contentUrl":"https:\/\/wpguerssen-test.odoo.rgbconsulting.com\/wp-content\/uploads\/2022\/04\/Logo_Guerssen_trans_100.png","width":122,"height":100,"caption":"Guerssen records"},"image":{"@id":"https:\/\/wpguerssen-test.odoo.rgbconsulting.com\/es\/#\/schema\/logo\/image\/"}}]}},"_links":{"self":[{"href":"https:\/\/wpguerssen-test.odoo.rgbconsulting.com\/es\/wp-json\/wp\/v2\/product\/187816","targetHints":{"allow":["GET"]}}],"collection":[{"href":"https:\/\/wpguerssen-test.odoo.rgbconsulting.com\/es\/wp-json\/wp\/v2\/product"}],"about":[{"href":"https:\/\/wpguerssen-test.odoo.rgbconsulting.com\/es\/wp-json\/wp\/v2\/types\/product"}],"wp:featuredmedia":[{"embeddable":true,"href":"https:\/\/wpguerssen-test.odoo.rgbconsulting.com\/es\/wp-json\/wp\/v2\/media\/122198"}],"wp:attachment":[{"href":"https:\/\/wpguerssen-test.odoo.rgbconsulting.com\/es\/wp-json\/wp\/v2\/media?parent=187816"}],"wp:term":[{"taxonomy":"product_brand","embeddable":true,"href":"https:\/\/wpguerssen-test.odoo.rgbconsulting.com\/es\/wp-json\/wp\/v2\/product_brand?post=187816"},{"taxonomy":"product_cat","embeddable":true,"href":"https:\/\/wpguerssen-test.odoo.rgbconsulting.com\/es\/wp-json\/wp\/v2\/product_cat?post=187816"},{"taxonomy":"product_tag","embeddable":true,"href":"https:\/\/wpguerssen-test.odoo.rgbconsulting.com\/es\/wp-json\/wp\/v2\/product_tag?post=187816"}],"curies":[{"name":"wp","href":"https:\/\/api.w.org\/{rel}","templated":true}]}}