{"id":187899,"date":"2018-06-25T00:00:00","date_gmt":"2018-06-24T22:00:00","guid":{"rendered":"http:\/\/guerssen.hl1097.dinaserver.com\/product\/nick-the-chopper-cd\/"},"modified":"2025-03-31T18:26:21","modified_gmt":"2025-03-31T16:26:21","slug":"nick-the-chopper-cd","status":"publish","type":"product","link":"https:\/\/wpguerssen-test.odoo.rgbconsulting.com\/es\/producto\/nick-the-chopper-cd\/","title":{"rendered":"Nick The Chopper (CD)"},"content":{"rendered":"<p>Segundo \u00e1lbum de estudio, originalmente editado en 1976, por el rey de la psicodelia turca. Grabado en B\u00e9lgica con una s\u00faper-producci\u00f3n de estudio (incluyendo a m\u00fasicos de sesi\u00f3n habituales en discos de gigantes del funk como Placebo, Janko Nilovic y Mad Unity), \u00abNick The Chopper\u00bb incluye letras en ingl\u00e9s, grandes y suntuosos arreglos orquestales (con influencia Disco en algunos casos) y re-interpretaciones de temas incluidos en su obra maestra 2023. <\/p>\n<p> Baris intent\u00f3 durante toda su vida llegar a un p\u00fablico mayor que el de su Turqu\u00eda natal y este disco fue su \u00faltimo intento antes de dedicarse a la televisi\u00f3n. En \u00abNick The Chopper\u00bb encontrar\u00e1s todos los trucos de producci\u00f3n de la m\u00fasica de los 70, en un intento de alzar a Baris en las listas de \u00e9xito de la \u00e9poca. <\/p>\n<p> *Nuevo dise\u00f1o de portada <\/p>\n<p> *Sonido de m\u00e1sters. <\/p>\n<p> Booklet con notas por Angela Sawyer y fotos. <\/p>\n<p> Tracklist: 1. Little Darlin&#8217; (We&#8217;ll Be Kissing) &#8211; 2. Lonely Man &#8211; 3. Old Paulin&#8217; &#8211; 4. Lucky Road &#8211; 5. Emerald Garden &#8211; 6. Nick The Chopper &#8211; 7. Tell Me Old Man &#8211; 8. Blue Morning Angel &#8211; 9. Lady of The Seventh Sky &#8211; 10. Ride On Miranda<\/p>\n","protected":false},"excerpt":{"rendered":"<p>Segundo \u00e1lbum de estudio, originalmente editado en 1976, por el rey de la psicodelia turca. Grabado en B\u00e9lgica con una s\u00faper-producci\u00f3n de estudio (incluyendo<a class=\"read\" href=\"https:\/\/wpguerssen-test.odoo.rgbconsulting.com\/es\/producto\/nick-the-chopper-cd\/\"> (...)<\/a>","protected":false},"featured_media":122331,"template":"","meta":{"_acf_changed":false},"product_brand":[],"product_cat":[21639,23219],"product_tag":[29138],"class_list":{"0":"post-187899","1":"product","2":"type-product","3":"status-publish","4":"has-post-thumbnail","6":"product_cat-psychedelic60s-70s-es","7":"product_cat-funk-es","8":"product_tag-cd-es","9":"pa_artist-manco-baris-es","10":"pa_format-cd-2-es","11":"pa_gender-psychedelic60s-70s-funk","12":"pa_label-pharaway-sounds-es","13":"pa_location-eastern-es","15":"first","16":"instock","17":"taxable","18":"shipping-taxable","19":"purchasable","20":"product-type-simple"},"acf":[],"yoast_head":"<!-- This site is optimized with the Yoast SEO plugin v24.9 - https:\/\/yoast.com\/wordpress\/plugins\/seo\/ -->\n<title>MAN\u00c7O, Baris - Nick The Chopper (CD) -  (CD) | Guerssen<\/title>\n<meta name=\"description\" content=\"Second proper studio album - originally released in 1976 - by the king of Turkish psych\/Anatolian rock. #nl# Recorded in Belgium with help from session musicians related to Placebo, Janko Nilovic and Mad Unity among others, Nick The Chopper features lyrics in English, huge orchestral sections, and re-arrangements of many of the melodies from his masterpiece 2023. #nl# Baris spent his whole life trying to communicate to the wider world outside Turkey. This was his last attempt at doing so with an album before turning to a travel television show to visit faraway places and talk to the young and old, one on one. Every production trick of the glorious 1970s was deployed to push Baris up the European charts, and now they can push him right into your brain instead. #nl# *Newly designed artwork #nl# *Remastered sound #nl# *Insert with photos and liner notes #nl# Tracklist: 1. Little Darlin&#039; (We&#039;ll Be Kissing) - 2. Lonely Man - 3. Old Paulin&#039; - 4. Lucky Road - 5. Emerald Garden - 6. Nick The Chopper - 7. Tell Me Old Man - 8. Blue Morning Angel - 9. Lady of The Seventh Sky - 10. Ride On Miranda\" \/>\n<meta name=\"robots\" content=\"index, follow, max-snippet:-1, max-image-preview:large, max-video-preview:-1\" \/>\n<link rel=\"canonical\" href=\"https:\/\/wpguerssen-test.odoo.rgbconsulting.com\/es\/producto\/nick-the-chopper-cd\/\" \/>\n<meta property=\"og:locale\" content=\"es_ES\" \/>\n<meta property=\"og:type\" content=\"article\" \/>\n<meta property=\"og:title\" content=\"MAN\u00c7O, Baris - Nick The Chopper (CD) -  (CD) | Guerssen\" \/>\n<meta property=\"og:description\" content=\"Second proper studio album - originally released in 1976 - by the king of Turkish psych\/Anatolian rock. #nl# Recorded in Belgium with help from session musicians related to Placebo, Janko Nilovic and Mad Unity among others, Nick The Chopper features lyrics in English, huge orchestral sections, and re-arrangements of many of the melodies from his masterpiece 2023. #nl# Baris spent his whole life trying to communicate to the wider world outside Turkey. This was his last attempt at doing so with an album before turning to a travel television show to visit faraway places and talk to the young and old, one on one. Every production trick of the glorious 1970s was deployed to push Baris up the European charts, and now they can push him right into your brain instead. #nl# *Newly designed artwork #nl# *Remastered sound #nl# *Insert with photos and liner notes #nl# Tracklist: 1. Little Darlin&#039; (We&#039;ll Be Kissing) - 2. Lonely Man - 3. Old Paulin&#039; - 4. Lucky Road - 5. Emerald Garden - 6. Nick The Chopper - 7. Tell Me Old Man - 8. Blue Morning Angel - 9. Lady of The Seventh Sky - 10. Ride On Miranda\" \/>\n<meta property=\"og:url\" content=\"https:\/\/wpguerssen-test.odoo.rgbconsulting.com\/es\/producto\/nick-the-chopper-cd\/\" \/>\n<meta property=\"og:site_name\" content=\"Guerssen records\" \/>\n<meta property=\"article:modified_time\" content=\"2025-03-31T16:26:21+00:00\" \/>\n<meta property=\"og:image\" content=\"https:\/\/wpguerssen-test.odoo.rgbconsulting.com\/wp-content\/uploads\/2022\/03\/31125.jpg\" \/>\n\t<meta property=\"og:image:width\" content=\"1430\" \/>\n\t<meta property=\"og:image:height\" content=\"1430\" \/>\n\t<meta property=\"og:image:type\" content=\"image\/jpeg\" \/>\n<meta name=\"twitter:card\" content=\"summary_large_image\" \/>\n<meta name=\"twitter:title\" content=\"MAN\u00c7O, Baris - Nick The Chopper (CD) -  (CD) | Guerssen\" \/>\n<meta name=\"twitter:label1\" content=\"Tiempo de lectura\" \/>\n\t<meta name=\"twitter:data1\" content=\"1 minuto\" \/>\n<script type=\"application\/ld+json\" class=\"yoast-schema-graph\">{\"@context\":\"https:\/\/schema.org\",\"@graph\":[{\"@type\":\"WebPage\",\"@id\":\"https:\/\/wpguerssen-test.odoo.rgbconsulting.com\/es\/producto\/nick-the-chopper-cd\/\",\"url\":\"https:\/\/wpguerssen-test.odoo.rgbconsulting.com\/es\/producto\/nick-the-chopper-cd\/\",\"name\":\"MAN\u00c7O, Baris - Nick The Chopper (CD) - (CD) | Guerssen\",\"isPartOf\":{\"@id\":\"https:\/\/wpguerssen-test.odoo.rgbconsulting.com\/es\/#website\"},\"primaryImageOfPage\":{\"@id\":\"https:\/\/wpguerssen-test.odoo.rgbconsulting.com\/es\/producto\/nick-the-chopper-cd\/#primaryimage\"},\"image\":{\"@id\":\"https:\/\/wpguerssen-test.odoo.rgbconsulting.com\/es\/producto\/nick-the-chopper-cd\/#primaryimage\"},\"thumbnailUrl\":\"https:\/\/wpguerssen-test.odoo.rgbconsulting.com\/wp-content\/uploads\/2022\/03\/31125.jpg\",\"datePublished\":\"2018-06-24T22:00:00+00:00\",\"dateModified\":\"2025-03-31T16:26:21+00:00\",\"description\":\"Second proper studio album - originally released in 1976 - by the king of Turkish psych\/Anatolian rock. #nl# Recorded in Belgium with help from session musicians related to Placebo, Janko Nilovic and Mad Unity among others, Nick The Chopper features lyrics in English, huge orchestral sections, and re-arrangements of many of the melodies from his masterpiece 2023. #nl# Baris spent his whole life trying to communicate to the wider world outside Turkey. This was his last attempt at doing so with an album before turning to a travel television show to visit faraway places and talk to the young and old, one on one. Every production trick of the glorious 1970s was deployed to push Baris up the European charts, and now they can push him right into your brain instead. #nl# *Newly designed artwork #nl# *Remastered sound #nl# *Insert with photos and liner notes #nl# Tracklist: 1. Little Darlin' (We'll Be Kissing) - 2. Lonely Man - 3. Old Paulin' - 4. Lucky Road - 5. Emerald Garden - 6. Nick The Chopper - 7. Tell Me Old Man - 8. Blue Morning Angel - 9. Lady of The Seventh Sky - 10. Ride On Miranda\",\"breadcrumb\":{\"@id\":\"https:\/\/wpguerssen-test.odoo.rgbconsulting.com\/es\/producto\/nick-the-chopper-cd\/#breadcrumb\"},\"inLanguage\":\"es\",\"potentialAction\":[{\"@type\":\"ReadAction\",\"target\":[\"https:\/\/wpguerssen-test.odoo.rgbconsulting.com\/es\/producto\/nick-the-chopper-cd\/\"]}]},{\"@type\":\"ImageObject\",\"inLanguage\":\"es\",\"@id\":\"https:\/\/wpguerssen-test.odoo.rgbconsulting.com\/es\/producto\/nick-the-chopper-cd\/#primaryimage\",\"url\":\"https:\/\/wpguerssen-test.odoo.rgbconsulting.com\/wp-content\/uploads\/2022\/03\/31125.jpg\",\"contentUrl\":\"https:\/\/wpguerssen-test.odoo.rgbconsulting.com\/wp-content\/uploads\/2022\/03\/31125.jpg\",\"width\":1430,\"height\":1430,\"caption\":\"Baris - Nick The Chopper (CD) - PHARAWAY SOUNDS (CD) | Guerssen\"},{\"@type\":\"BreadcrumbList\",\"@id\":\"https:\/\/wpguerssen-test.odoo.rgbconsulting.com\/es\/producto\/nick-the-chopper-cd\/#breadcrumb\",\"itemListElement\":[{\"@type\":\"ListItem\",\"position\":1,\"name\":\"Inicio\",\"item\":\"https:\/\/wpguerssen-test.odoo.rgbconsulting.com\/es\/\"},{\"@type\":\"ListItem\",\"position\":2,\"name\":\"Shop\",\"item\":\"https:\/\/wpguerssen-test.odoo.rgbconsulting.com\/shop\/\"},{\"@type\":\"ListItem\",\"position\":3,\"name\":\"Nick The Chopper (CD)\"}]},{\"@type\":\"WebSite\",\"@id\":\"https:\/\/wpguerssen-test.odoo.rgbconsulting.com\/es\/#website\",\"url\":\"https:\/\/wpguerssen-test.odoo.rgbconsulting.com\/es\/\",\"name\":\"Guerssen records\",\"description\":\"psychedelia - progressive - folk - garage \",\"publisher\":{\"@id\":\"https:\/\/wpguerssen-test.odoo.rgbconsulting.com\/es\/#organization\"},\"potentialAction\":[{\"@type\":\"SearchAction\",\"target\":{\"@type\":\"EntryPoint\",\"urlTemplate\":\"https:\/\/wpguerssen-test.odoo.rgbconsulting.com\/es\/?s={search_term_string}\"},\"query-input\":{\"@type\":\"PropertyValueSpecification\",\"valueRequired\":true,\"valueName\":\"search_term_string\"}}],\"inLanguage\":\"es\"},{\"@type\":\"Organization\",\"@id\":\"https:\/\/wpguerssen-test.odoo.rgbconsulting.com\/es\/#organization\",\"name\":\"Guerssen records\",\"url\":\"https:\/\/wpguerssen-test.odoo.rgbconsulting.com\/es\/\",\"logo\":{\"@type\":\"ImageObject\",\"inLanguage\":\"es\",\"@id\":\"https:\/\/wpguerssen-test.odoo.rgbconsulting.com\/es\/#\/schema\/logo\/image\/\",\"url\":\"https:\/\/wpguerssen-test.odoo.rgbconsulting.com\/wp-content\/uploads\/2022\/04\/Logo_Guerssen_trans_100.png\",\"contentUrl\":\"https:\/\/wpguerssen-test.odoo.rgbconsulting.com\/wp-content\/uploads\/2022\/04\/Logo_Guerssen_trans_100.png\",\"width\":122,\"height\":100,\"caption\":\"Guerssen records\"},\"image\":{\"@id\":\"https:\/\/wpguerssen-test.odoo.rgbconsulting.com\/es\/#\/schema\/logo\/image\/\"}}]}<\/script>\n<!-- \/ Yoast SEO plugin. -->","yoast_head_json":{"title":"MAN\u00c7O, Baris - Nick The Chopper (CD) -  (CD) | Guerssen","description":"Second proper studio album - originally released in 1976 - by the king of Turkish psych\/Anatolian rock. #nl# Recorded in Belgium with help from session musicians related to Placebo, Janko Nilovic and Mad Unity among others, Nick The Chopper features lyrics in English, huge orchestral sections, and re-arrangements of many of the melodies from his masterpiece 2023. #nl# Baris spent his whole life trying to communicate to the wider world outside Turkey. This was his last attempt at doing so with an album before turning to a travel television show to visit faraway places and talk to the young and old, one on one. Every production trick of the glorious 1970s was deployed to push Baris up the European charts, and now they can push him right into your brain instead. #nl# *Newly designed artwork #nl# *Remastered sound #nl# *Insert with photos and liner notes #nl# Tracklist: 1. Little Darlin' (We'll Be Kissing) - 2. Lonely Man - 3. Old Paulin' - 4. Lucky Road - 5. Emerald Garden - 6. Nick The Chopper - 7. Tell Me Old Man - 8. Blue Morning Angel - 9. Lady of The Seventh Sky - 10. Ride On Miranda","robots":{"index":"index","follow":"follow","max-snippet":"max-snippet:-1","max-image-preview":"max-image-preview:large","max-video-preview":"max-video-preview:-1"},"canonical":"https:\/\/wpguerssen-test.odoo.rgbconsulting.com\/es\/producto\/nick-the-chopper-cd\/","og_locale":"es_ES","og_type":"article","og_title":"MAN\u00c7O, Baris - Nick The Chopper (CD) -  (CD) | Guerssen","og_description":"Second proper studio album - originally released in 1976 - by the king of Turkish psych\/Anatolian rock. #nl# Recorded in Belgium with help from session musicians related to Placebo, Janko Nilovic and Mad Unity among others, Nick The Chopper features lyrics in English, huge orchestral sections, and re-arrangements of many of the melodies from his masterpiece 2023. #nl# Baris spent his whole life trying to communicate to the wider world outside Turkey. This was his last attempt at doing so with an album before turning to a travel television show to visit faraway places and talk to the young and old, one on one. Every production trick of the glorious 1970s was deployed to push Baris up the European charts, and now they can push him right into your brain instead. #nl# *Newly designed artwork #nl# *Remastered sound #nl# *Insert with photos and liner notes #nl# Tracklist: 1. Little Darlin' (We'll Be Kissing) - 2. Lonely Man - 3. Old Paulin' - 4. Lucky Road - 5. Emerald Garden - 6. Nick The Chopper - 7. Tell Me Old Man - 8. Blue Morning Angel - 9. Lady of The Seventh Sky - 10. Ride On Miranda","og_url":"https:\/\/wpguerssen-test.odoo.rgbconsulting.com\/es\/producto\/nick-the-chopper-cd\/","og_site_name":"Guerssen records","article_modified_time":"2025-03-31T16:26:21+00:00","og_image":[{"width":1430,"height":1430,"url":"https:\/\/wpguerssen-test.odoo.rgbconsulting.com\/wp-content\/uploads\/2022\/03\/31125.jpg","type":"image\/jpeg"}],"twitter_card":"summary_large_image","twitter_title":"MAN\u00c7O, Baris - Nick The Chopper (CD) -  (CD) | Guerssen","twitter_misc":{"Tiempo de lectura":"1 minuto"},"schema":{"@context":"https:\/\/schema.org","@graph":[{"@type":"WebPage","@id":"https:\/\/wpguerssen-test.odoo.rgbconsulting.com\/es\/producto\/nick-the-chopper-cd\/","url":"https:\/\/wpguerssen-test.odoo.rgbconsulting.com\/es\/producto\/nick-the-chopper-cd\/","name":"MAN\u00c7O, Baris - Nick The Chopper (CD) - (CD) | Guerssen","isPartOf":{"@id":"https:\/\/wpguerssen-test.odoo.rgbconsulting.com\/es\/#website"},"primaryImageOfPage":{"@id":"https:\/\/wpguerssen-test.odoo.rgbconsulting.com\/es\/producto\/nick-the-chopper-cd\/#primaryimage"},"image":{"@id":"https:\/\/wpguerssen-test.odoo.rgbconsulting.com\/es\/producto\/nick-the-chopper-cd\/#primaryimage"},"thumbnailUrl":"https:\/\/wpguerssen-test.odoo.rgbconsulting.com\/wp-content\/uploads\/2022\/03\/31125.jpg","datePublished":"2018-06-24T22:00:00+00:00","dateModified":"2025-03-31T16:26:21+00:00","description":"Second proper studio album - originally released in 1976 - by the king of Turkish psych\/Anatolian rock. #nl# Recorded in Belgium with help from session musicians related to Placebo, Janko Nilovic and Mad Unity among others, Nick The Chopper features lyrics in English, huge orchestral sections, and re-arrangements of many of the melodies from his masterpiece 2023. #nl# Baris spent his whole life trying to communicate to the wider world outside Turkey. This was his last attempt at doing so with an album before turning to a travel television show to visit faraway places and talk to the young and old, one on one. Every production trick of the glorious 1970s was deployed to push Baris up the European charts, and now they can push him right into your brain instead. #nl# *Newly designed artwork #nl# *Remastered sound #nl# *Insert with photos and liner notes #nl# Tracklist: 1. Little Darlin' (We'll Be Kissing) - 2. Lonely Man - 3. Old Paulin' - 4. Lucky Road - 5. Emerald Garden - 6. Nick The Chopper - 7. Tell Me Old Man - 8. Blue Morning Angel - 9. Lady of The Seventh Sky - 10. Ride On Miranda","breadcrumb":{"@id":"https:\/\/wpguerssen-test.odoo.rgbconsulting.com\/es\/producto\/nick-the-chopper-cd\/#breadcrumb"},"inLanguage":"es","potentialAction":[{"@type":"ReadAction","target":["https:\/\/wpguerssen-test.odoo.rgbconsulting.com\/es\/producto\/nick-the-chopper-cd\/"]}]},{"@type":"ImageObject","inLanguage":"es","@id":"https:\/\/wpguerssen-test.odoo.rgbconsulting.com\/es\/producto\/nick-the-chopper-cd\/#primaryimage","url":"https:\/\/wpguerssen-test.odoo.rgbconsulting.com\/wp-content\/uploads\/2022\/03\/31125.jpg","contentUrl":"https:\/\/wpguerssen-test.odoo.rgbconsulting.com\/wp-content\/uploads\/2022\/03\/31125.jpg","width":1430,"height":1430,"caption":"Baris - Nick The Chopper (CD) - PHARAWAY SOUNDS (CD) | Guerssen"},{"@type":"BreadcrumbList","@id":"https:\/\/wpguerssen-test.odoo.rgbconsulting.com\/es\/producto\/nick-the-chopper-cd\/#breadcrumb","itemListElement":[{"@type":"ListItem","position":1,"name":"Inicio","item":"https:\/\/wpguerssen-test.odoo.rgbconsulting.com\/es\/"},{"@type":"ListItem","position":2,"name":"Shop","item":"https:\/\/wpguerssen-test.odoo.rgbconsulting.com\/shop\/"},{"@type":"ListItem","position":3,"name":"Nick The Chopper (CD)"}]},{"@type":"WebSite","@id":"https:\/\/wpguerssen-test.odoo.rgbconsulting.com\/es\/#website","url":"https:\/\/wpguerssen-test.odoo.rgbconsulting.com\/es\/","name":"Guerssen records","description":"psychedelia - progressive - folk - garage ","publisher":{"@id":"https:\/\/wpguerssen-test.odoo.rgbconsulting.com\/es\/#organization"},"potentialAction":[{"@type":"SearchAction","target":{"@type":"EntryPoint","urlTemplate":"https:\/\/wpguerssen-test.odoo.rgbconsulting.com\/es\/?s={search_term_string}"},"query-input":{"@type":"PropertyValueSpecification","valueRequired":true,"valueName":"search_term_string"}}],"inLanguage":"es"},{"@type":"Organization","@id":"https:\/\/wpguerssen-test.odoo.rgbconsulting.com\/es\/#organization","name":"Guerssen records","url":"https:\/\/wpguerssen-test.odoo.rgbconsulting.com\/es\/","logo":{"@type":"ImageObject","inLanguage":"es","@id":"https:\/\/wpguerssen-test.odoo.rgbconsulting.com\/es\/#\/schema\/logo\/image\/","url":"https:\/\/wpguerssen-test.odoo.rgbconsulting.com\/wp-content\/uploads\/2022\/04\/Logo_Guerssen_trans_100.png","contentUrl":"https:\/\/wpguerssen-test.odoo.rgbconsulting.com\/wp-content\/uploads\/2022\/04\/Logo_Guerssen_trans_100.png","width":122,"height":100,"caption":"Guerssen records"},"image":{"@id":"https:\/\/wpguerssen-test.odoo.rgbconsulting.com\/es\/#\/schema\/logo\/image\/"}}]}},"_links":{"self":[{"href":"https:\/\/wpguerssen-test.odoo.rgbconsulting.com\/es\/wp-json\/wp\/v2\/product\/187899","targetHints":{"allow":["GET"]}}],"collection":[{"href":"https:\/\/wpguerssen-test.odoo.rgbconsulting.com\/es\/wp-json\/wp\/v2\/product"}],"about":[{"href":"https:\/\/wpguerssen-test.odoo.rgbconsulting.com\/es\/wp-json\/wp\/v2\/types\/product"}],"wp:featuredmedia":[{"embeddable":true,"href":"https:\/\/wpguerssen-test.odoo.rgbconsulting.com\/es\/wp-json\/wp\/v2\/media\/122331"}],"wp:attachment":[{"href":"https:\/\/wpguerssen-test.odoo.rgbconsulting.com\/es\/wp-json\/wp\/v2\/media?parent=187899"}],"wp:term":[{"taxonomy":"product_brand","embeddable":true,"href":"https:\/\/wpguerssen-test.odoo.rgbconsulting.com\/es\/wp-json\/wp\/v2\/product_brand?post=187899"},{"taxonomy":"product_cat","embeddable":true,"href":"https:\/\/wpguerssen-test.odoo.rgbconsulting.com\/es\/wp-json\/wp\/v2\/product_cat?post=187899"},{"taxonomy":"product_tag","embeddable":true,"href":"https:\/\/wpguerssen-test.odoo.rgbconsulting.com\/es\/wp-json\/wp\/v2\/product_tag?post=187899"}],"curies":[{"name":"wp","href":"https:\/\/api.w.org\/{rel}","templated":true}]}}