{"id":187985,"date":"2018-05-02T00:00:00","date_gmt":"2018-05-01T22:00:00","guid":{"rendered":"http:\/\/guerssen.hl1097.dinaserver.com\/product\/pyramid-cd\/"},"modified":"2025-01-23T18:07:27","modified_gmt":"2025-01-23T17:07:27","slug":"pyramid-cd","status":"publish","type":"product","link":"https:\/\/wpguerssen-test.odoo.rgbconsulting.com\/es\/producto\/pyramid-cd\/","title":{"rendered":"Pyramid (CD)"},"content":{"rendered":"<p>33 minutos de puro kraut-rock psicod\u00e9lico sin adulterar cortes\u00eda de PYRAMID: oscuro proyecto de estudio producido por Toby Robinson (The Mad Twiddler). Estas sesiones fueron grabadas en Colonia, Alemania en 1975-76 para el sello underground Pyramid, operado por Toby y su amigo Robin Page, el artista Fluxus. <\/p>\n<p> En aquella \u00e9poca, Toby trabajaba como ingeniero de sonido y ayudante en varios estudios de grabaci\u00f3n en Colonia, incluyendo los famosos Dieter Dierks Studios, donde gran parte de los \u00e1lbumes del cat\u00e1logo de Ohr\/Pilz\/Cosmic Couriers fueron grabados y producidos. <\/p>\n<p> Aprovechando horas mueras de estudio y acceso al equipo de grabaci\u00f3n, Toby se divert\u00eda grabando sesiones junto a m\u00fasicos y amigos que pululaban por el estudio, sin ning\u00fan inter\u00e9s comercial. Algunas de estas grabaciones luego se prensaban en ediciones en vinilo caseras de muy pocas copias en el sello Pyramid&#8230; <\/p>\n<p> *Sonido de m\u00e1sters. <\/p>\n<p> *Booklet con notas por Alan Freeman (The Crack In The Cosmic Egg, Ultima Thule) <\/p>\n<p> \u00ab&#8230;desde partes flipantes con guitarras envueltas en eco y Mellotron a puro space-rock. Un excelente disco de krautrock espacial\u00bb- Alan Freeman <\/p>\n<p> RIYL: Pink Floyd, Cosmic Jokers, Agitation Free, Ash Ra Tempel, Gila, Porcupine Tree, Amon D\u00fc\u00fcl II&#8230; <\/p>\n<p> Tracklist: 1. Dawn Defender<\/p>\n","protected":false},"excerpt":{"rendered":"<p>33 minutos de puro kraut-rock psicod\u00e9lico sin adulterar cortes\u00eda de PYRAMID: oscuro proyecto de estudio producido por Toby Robinson (The Mad Twiddler). Estas sesiones<a class=\"read\" href=\"https:\/\/wpguerssen-test.odoo.rgbconsulting.com\/es\/producto\/pyramid-cd\/\"> (...)<\/a>","protected":false},"featured_media":122494,"template":"","meta":{"_acf_changed":false},"product_brand":[],"product_cat":[23215,23259],"product_tag":[29138],"class_list":{"0":"post-187985","1":"product","2":"type-product","3":"status-publish","4":"has-post-thumbnail","6":"product_cat-progressive60s-70s-es","7":"product_cat-ambient-new-age-es","8":"product_tag-cd-es","9":"pa_artist-pyramid-es","10":"pa_format-cd-2-es","11":"pa_gender-progressive60s-70s-ambient-new-age","12":"pa_label-mental-experience-es","13":"pa_location-europe-es","15":"first","16":"instock","17":"taxable","18":"shipping-taxable","19":"purchasable","20":"product-type-simple"},"acf":[],"yoast_head":"<!-- This site is optimized with the Yoast SEO plugin v24.9 - https:\/\/yoast.com\/wordpress\/plugins\/seo\/ -->\n<title>PYRAMID - Pyramid (CD) -  (CD) | Guerssen<\/title>\n<meta name=\"description\" content=\"33 minutes of pure, unadulterated, psychedelic Krautrock courtesy of PYRAMID: an obscure studio project produced by Toby Robinson aka The Mad Twiddler. These sessions were recorded circa 1975-76 in Cologne for the underground Pyramid label, which was operated by Toby and his friend Robin Page (the Fluxus artist). During that time, Toby worked as engineer and assistan at varios studios in Cologne, including the famous Dieter Dierks studios, where most of the albums from the Ohr\/Pilz\/Cosmic Courier catalogue were registered. Having access to the studios during dead hours, Toby recorded lot of sessions just for fun without any commercial interest, featuring friends and musicians who frequented the studios and the underground art\/music scene of Cologne. Some of these sessions were later relesed as hand-made vinyl micro pressings on his Pyramid label with help from artist Robin Page. #nl# *Master tape sound #nl# *Booklet with liner notes by Alan Freeman (The Crack In The Cosmic Egg, Ultima Thule) #nl# &quot;...from trippy phases with echo guitars and Mellotron onto headfirst plunges into space-rock overdrive territory. In all, an excellent album of spacey Krautrock&quot; - Alan Freeman #nl# RIYL: Pink Floyd, Cosmic Jokers, Agitation Free, Ash Ra Tempel, Gila, Porcupine Tree, Amon D\u00fc\u00fcl II... #nl# Tracklist: 1. Dawn Defender\" \/>\n<meta name=\"robots\" content=\"index, follow, max-snippet:-1, max-image-preview:large, max-video-preview:-1\" \/>\n<link rel=\"canonical\" href=\"https:\/\/wpguerssen-test.odoo.rgbconsulting.com\/es\/producto\/pyramid-cd\/\" \/>\n<meta property=\"og:locale\" content=\"es_ES\" \/>\n<meta property=\"og:type\" content=\"article\" \/>\n<meta property=\"og:title\" content=\"PYRAMID - Pyramid (CD) -  (CD) | Guerssen\" \/>\n<meta property=\"og:description\" content=\"33 minutes of pure, unadulterated, psychedelic Krautrock courtesy of PYRAMID: an obscure studio project produced by Toby Robinson aka The Mad Twiddler. These sessions were recorded circa 1975-76 in Cologne for the underground Pyramid label, which was operated by Toby and his friend Robin Page (the Fluxus artist). During that time, Toby worked as engineer and assistan at varios studios in Cologne, including the famous Dieter Dierks studios, where most of the albums from the Ohr\/Pilz\/Cosmic Courier catalogue were registered. Having access to the studios during dead hours, Toby recorded lot of sessions just for fun without any commercial interest, featuring friends and musicians who frequented the studios and the underground art\/music scene of Cologne. Some of these sessions were later relesed as hand-made vinyl micro pressings on his Pyramid label with help from artist Robin Page. #nl# *Master tape sound #nl# *Booklet with liner notes by Alan Freeman (The Crack In The Cosmic Egg, Ultima Thule) #nl# &quot;...from trippy phases with echo guitars and Mellotron onto headfirst plunges into space-rock overdrive territory. In all, an excellent album of spacey Krautrock&quot; - Alan Freeman #nl# RIYL: Pink Floyd, Cosmic Jokers, Agitation Free, Ash Ra Tempel, Gila, Porcupine Tree, Amon D\u00fc\u00fcl II... #nl# Tracklist: 1. Dawn Defender\" \/>\n<meta property=\"og:url\" content=\"https:\/\/wpguerssen-test.odoo.rgbconsulting.com\/es\/producto\/pyramid-cd\/\" \/>\n<meta property=\"og:site_name\" content=\"Guerssen records\" \/>\n<meta property=\"article:modified_time\" content=\"2025-01-23T17:07:27+00:00\" \/>\n<meta property=\"og:image\" content=\"https:\/\/wpguerssen-test.odoo.rgbconsulting.com\/wp-content\/uploads\/2022\/03\/31372.jpg\" \/>\n\t<meta property=\"og:image:width\" content=\"1430\" \/>\n\t<meta property=\"og:image:height\" content=\"1430\" \/>\n\t<meta property=\"og:image:type\" content=\"image\/jpeg\" \/>\n<meta name=\"twitter:card\" content=\"summary_large_image\" \/>\n<meta name=\"twitter:title\" content=\"PYRAMID - Pyramid (CD) -  (CD) | Guerssen\" \/>\n<meta name=\"twitter:label1\" content=\"Tiempo de lectura\" \/>\n\t<meta name=\"twitter:data1\" content=\"1 minuto\" \/>\n<script type=\"application\/ld+json\" class=\"yoast-schema-graph\">{\"@context\":\"https:\/\/schema.org\",\"@graph\":[{\"@type\":\"WebPage\",\"@id\":\"https:\/\/wpguerssen-test.odoo.rgbconsulting.com\/es\/producto\/pyramid-cd\/\",\"url\":\"https:\/\/wpguerssen-test.odoo.rgbconsulting.com\/es\/producto\/pyramid-cd\/\",\"name\":\"PYRAMID - Pyramid (CD) - (CD) | Guerssen\",\"isPartOf\":{\"@id\":\"https:\/\/wpguerssen-test.odoo.rgbconsulting.com\/es\/#website\"},\"primaryImageOfPage\":{\"@id\":\"https:\/\/wpguerssen-test.odoo.rgbconsulting.com\/es\/producto\/pyramid-cd\/#primaryimage\"},\"image\":{\"@id\":\"https:\/\/wpguerssen-test.odoo.rgbconsulting.com\/es\/producto\/pyramid-cd\/#primaryimage\"},\"thumbnailUrl\":\"https:\/\/wpguerssen-test.odoo.rgbconsulting.com\/wp-content\/uploads\/2022\/03\/31372.jpg\",\"datePublished\":\"2018-05-01T22:00:00+00:00\",\"dateModified\":\"2025-01-23T17:07:27+00:00\",\"description\":\"33 minutes of pure, unadulterated, psychedelic Krautrock courtesy of PYRAMID: an obscure studio project produced by Toby Robinson aka The Mad Twiddler. These sessions were recorded circa 1975-76 in Cologne for the underground Pyramid label, which was operated by Toby and his friend Robin Page (the Fluxus artist). During that time, Toby worked as engineer and assistan at varios studios in Cologne, including the famous Dieter Dierks studios, where most of the albums from the Ohr\/Pilz\/Cosmic Courier catalogue were registered. Having access to the studios during dead hours, Toby recorded lot of sessions just for fun without any commercial interest, featuring friends and musicians who frequented the studios and the underground art\/music scene of Cologne. Some of these sessions were later relesed as hand-made vinyl micro pressings on his Pyramid label with help from artist Robin Page. #nl# *Master tape sound #nl# *Booklet with liner notes by Alan Freeman (The Crack In The Cosmic Egg, Ultima Thule) #nl# \\\"...from trippy phases with echo guitars and Mellotron onto headfirst plunges into space-rock overdrive territory. In all, an excellent album of spacey Krautrock\\\" - Alan Freeman #nl# RIYL: Pink Floyd, Cosmic Jokers, Agitation Free, Ash Ra Tempel, Gila, Porcupine Tree, Amon D\u00fc\u00fcl II... #nl# Tracklist: 1. Dawn Defender\",\"breadcrumb\":{\"@id\":\"https:\/\/wpguerssen-test.odoo.rgbconsulting.com\/es\/producto\/pyramid-cd\/#breadcrumb\"},\"inLanguage\":\"es\",\"potentialAction\":[{\"@type\":\"ReadAction\",\"target\":[\"https:\/\/wpguerssen-test.odoo.rgbconsulting.com\/es\/producto\/pyramid-cd\/\"]}]},{\"@type\":\"ImageObject\",\"inLanguage\":\"es\",\"@id\":\"https:\/\/wpguerssen-test.odoo.rgbconsulting.com\/es\/producto\/pyramid-cd\/#primaryimage\",\"url\":\"https:\/\/wpguerssen-test.odoo.rgbconsulting.com\/wp-content\/uploads\/2022\/03\/31372.jpg\",\"contentUrl\":\"https:\/\/wpguerssen-test.odoo.rgbconsulting.com\/wp-content\/uploads\/2022\/03\/31372.jpg\",\"width\":1430,\"height\":1430,\"caption\":\"PYRAMID - Pyramid (CD) - MENTAL EXPERIENCE (CD) | Guerssen\"},{\"@type\":\"BreadcrumbList\",\"@id\":\"https:\/\/wpguerssen-test.odoo.rgbconsulting.com\/es\/producto\/pyramid-cd\/#breadcrumb\",\"itemListElement\":[{\"@type\":\"ListItem\",\"position\":1,\"name\":\"Inicio\",\"item\":\"https:\/\/wpguerssen-test.odoo.rgbconsulting.com\/es\/\"},{\"@type\":\"ListItem\",\"position\":2,\"name\":\"Shop\",\"item\":\"https:\/\/wpguerssen-test.odoo.rgbconsulting.com\/shop\/\"},{\"@type\":\"ListItem\",\"position\":3,\"name\":\"Pyramid (CD)\"}]},{\"@type\":\"WebSite\",\"@id\":\"https:\/\/wpguerssen-test.odoo.rgbconsulting.com\/es\/#website\",\"url\":\"https:\/\/wpguerssen-test.odoo.rgbconsulting.com\/es\/\",\"name\":\"Guerssen records\",\"description\":\"psychedelia - progressive - folk - garage \",\"publisher\":{\"@id\":\"https:\/\/wpguerssen-test.odoo.rgbconsulting.com\/es\/#organization\"},\"potentialAction\":[{\"@type\":\"SearchAction\",\"target\":{\"@type\":\"EntryPoint\",\"urlTemplate\":\"https:\/\/wpguerssen-test.odoo.rgbconsulting.com\/es\/?s={search_term_string}\"},\"query-input\":{\"@type\":\"PropertyValueSpecification\",\"valueRequired\":true,\"valueName\":\"search_term_string\"}}],\"inLanguage\":\"es\"},{\"@type\":\"Organization\",\"@id\":\"https:\/\/wpguerssen-test.odoo.rgbconsulting.com\/es\/#organization\",\"name\":\"Guerssen records\",\"url\":\"https:\/\/wpguerssen-test.odoo.rgbconsulting.com\/es\/\",\"logo\":{\"@type\":\"ImageObject\",\"inLanguage\":\"es\",\"@id\":\"https:\/\/wpguerssen-test.odoo.rgbconsulting.com\/es\/#\/schema\/logo\/image\/\",\"url\":\"https:\/\/wpguerssen-test.odoo.rgbconsulting.com\/wp-content\/uploads\/2022\/04\/Logo_Guerssen_trans_100.png\",\"contentUrl\":\"https:\/\/wpguerssen-test.odoo.rgbconsulting.com\/wp-content\/uploads\/2022\/04\/Logo_Guerssen_trans_100.png\",\"width\":122,\"height\":100,\"caption\":\"Guerssen records\"},\"image\":{\"@id\":\"https:\/\/wpguerssen-test.odoo.rgbconsulting.com\/es\/#\/schema\/logo\/image\/\"}}]}<\/script>\n<!-- \/ Yoast SEO plugin. -->","yoast_head_json":{"title":"PYRAMID - Pyramid (CD) -  (CD) | Guerssen","description":"33 minutes of pure, unadulterated, psychedelic Krautrock courtesy of PYRAMID: an obscure studio project produced by Toby Robinson aka The Mad Twiddler. These sessions were recorded circa 1975-76 in Cologne for the underground Pyramid label, which was operated by Toby and his friend Robin Page (the Fluxus artist). During that time, Toby worked as engineer and assistan at varios studios in Cologne, including the famous Dieter Dierks studios, where most of the albums from the Ohr\/Pilz\/Cosmic Courier catalogue were registered. Having access to the studios during dead hours, Toby recorded lot of sessions just for fun without any commercial interest, featuring friends and musicians who frequented the studios and the underground art\/music scene of Cologne. Some of these sessions were later relesed as hand-made vinyl micro pressings on his Pyramid label with help from artist Robin Page. #nl# *Master tape sound #nl# *Booklet with liner notes by Alan Freeman (The Crack In The Cosmic Egg, Ultima Thule) #nl# \"...from trippy phases with echo guitars and Mellotron onto headfirst plunges into space-rock overdrive territory. In all, an excellent album of spacey Krautrock\" - Alan Freeman #nl# RIYL: Pink Floyd, Cosmic Jokers, Agitation Free, Ash Ra Tempel, Gila, Porcupine Tree, Amon D\u00fc\u00fcl II... #nl# Tracklist: 1. Dawn Defender","robots":{"index":"index","follow":"follow","max-snippet":"max-snippet:-1","max-image-preview":"max-image-preview:large","max-video-preview":"max-video-preview:-1"},"canonical":"https:\/\/wpguerssen-test.odoo.rgbconsulting.com\/es\/producto\/pyramid-cd\/","og_locale":"es_ES","og_type":"article","og_title":"PYRAMID - Pyramid (CD) -  (CD) | Guerssen","og_description":"33 minutes of pure, unadulterated, psychedelic Krautrock courtesy of PYRAMID: an obscure studio project produced by Toby Robinson aka The Mad Twiddler. These sessions were recorded circa 1975-76 in Cologne for the underground Pyramid label, which was operated by Toby and his friend Robin Page (the Fluxus artist). During that time, Toby worked as engineer and assistan at varios studios in Cologne, including the famous Dieter Dierks studios, where most of the albums from the Ohr\/Pilz\/Cosmic Courier catalogue were registered. Having access to the studios during dead hours, Toby recorded lot of sessions just for fun without any commercial interest, featuring friends and musicians who frequented the studios and the underground art\/music scene of Cologne. Some of these sessions were later relesed as hand-made vinyl micro pressings on his Pyramid label with help from artist Robin Page. #nl# *Master tape sound #nl# *Booklet with liner notes by Alan Freeman (The Crack In The Cosmic Egg, Ultima Thule) #nl# \"...from trippy phases with echo guitars and Mellotron onto headfirst plunges into space-rock overdrive territory. In all, an excellent album of spacey Krautrock\" - Alan Freeman #nl# RIYL: Pink Floyd, Cosmic Jokers, Agitation Free, Ash Ra Tempel, Gila, Porcupine Tree, Amon D\u00fc\u00fcl II... #nl# Tracklist: 1. Dawn Defender","og_url":"https:\/\/wpguerssen-test.odoo.rgbconsulting.com\/es\/producto\/pyramid-cd\/","og_site_name":"Guerssen records","article_modified_time":"2025-01-23T17:07:27+00:00","og_image":[{"width":1430,"height":1430,"url":"https:\/\/wpguerssen-test.odoo.rgbconsulting.com\/wp-content\/uploads\/2022\/03\/31372.jpg","type":"image\/jpeg"}],"twitter_card":"summary_large_image","twitter_title":"PYRAMID - Pyramid (CD) -  (CD) | Guerssen","twitter_misc":{"Tiempo de lectura":"1 minuto"},"schema":{"@context":"https:\/\/schema.org","@graph":[{"@type":"WebPage","@id":"https:\/\/wpguerssen-test.odoo.rgbconsulting.com\/es\/producto\/pyramid-cd\/","url":"https:\/\/wpguerssen-test.odoo.rgbconsulting.com\/es\/producto\/pyramid-cd\/","name":"PYRAMID - Pyramid (CD) - (CD) | Guerssen","isPartOf":{"@id":"https:\/\/wpguerssen-test.odoo.rgbconsulting.com\/es\/#website"},"primaryImageOfPage":{"@id":"https:\/\/wpguerssen-test.odoo.rgbconsulting.com\/es\/producto\/pyramid-cd\/#primaryimage"},"image":{"@id":"https:\/\/wpguerssen-test.odoo.rgbconsulting.com\/es\/producto\/pyramid-cd\/#primaryimage"},"thumbnailUrl":"https:\/\/wpguerssen-test.odoo.rgbconsulting.com\/wp-content\/uploads\/2022\/03\/31372.jpg","datePublished":"2018-05-01T22:00:00+00:00","dateModified":"2025-01-23T17:07:27+00:00","description":"33 minutes of pure, unadulterated, psychedelic Krautrock courtesy of PYRAMID: an obscure studio project produced by Toby Robinson aka The Mad Twiddler. These sessions were recorded circa 1975-76 in Cologne for the underground Pyramid label, which was operated by Toby and his friend Robin Page (the Fluxus artist). During that time, Toby worked as engineer and assistan at varios studios in Cologne, including the famous Dieter Dierks studios, where most of the albums from the Ohr\/Pilz\/Cosmic Courier catalogue were registered. Having access to the studios during dead hours, Toby recorded lot of sessions just for fun without any commercial interest, featuring friends and musicians who frequented the studios and the underground art\/music scene of Cologne. Some of these sessions were later relesed as hand-made vinyl micro pressings on his Pyramid label with help from artist Robin Page. #nl# *Master tape sound #nl# *Booklet with liner notes by Alan Freeman (The Crack In The Cosmic Egg, Ultima Thule) #nl# \"...from trippy phases with echo guitars and Mellotron onto headfirst plunges into space-rock overdrive territory. In all, an excellent album of spacey Krautrock\" - Alan Freeman #nl# RIYL: Pink Floyd, Cosmic Jokers, Agitation Free, Ash Ra Tempel, Gila, Porcupine Tree, Amon D\u00fc\u00fcl II... #nl# Tracklist: 1. Dawn Defender","breadcrumb":{"@id":"https:\/\/wpguerssen-test.odoo.rgbconsulting.com\/es\/producto\/pyramid-cd\/#breadcrumb"},"inLanguage":"es","potentialAction":[{"@type":"ReadAction","target":["https:\/\/wpguerssen-test.odoo.rgbconsulting.com\/es\/producto\/pyramid-cd\/"]}]},{"@type":"ImageObject","inLanguage":"es","@id":"https:\/\/wpguerssen-test.odoo.rgbconsulting.com\/es\/producto\/pyramid-cd\/#primaryimage","url":"https:\/\/wpguerssen-test.odoo.rgbconsulting.com\/wp-content\/uploads\/2022\/03\/31372.jpg","contentUrl":"https:\/\/wpguerssen-test.odoo.rgbconsulting.com\/wp-content\/uploads\/2022\/03\/31372.jpg","width":1430,"height":1430,"caption":"PYRAMID - Pyramid (CD) - MENTAL EXPERIENCE (CD) | Guerssen"},{"@type":"BreadcrumbList","@id":"https:\/\/wpguerssen-test.odoo.rgbconsulting.com\/es\/producto\/pyramid-cd\/#breadcrumb","itemListElement":[{"@type":"ListItem","position":1,"name":"Inicio","item":"https:\/\/wpguerssen-test.odoo.rgbconsulting.com\/es\/"},{"@type":"ListItem","position":2,"name":"Shop","item":"https:\/\/wpguerssen-test.odoo.rgbconsulting.com\/shop\/"},{"@type":"ListItem","position":3,"name":"Pyramid (CD)"}]},{"@type":"WebSite","@id":"https:\/\/wpguerssen-test.odoo.rgbconsulting.com\/es\/#website","url":"https:\/\/wpguerssen-test.odoo.rgbconsulting.com\/es\/","name":"Guerssen records","description":"psychedelia - progressive - folk - garage ","publisher":{"@id":"https:\/\/wpguerssen-test.odoo.rgbconsulting.com\/es\/#organization"},"potentialAction":[{"@type":"SearchAction","target":{"@type":"EntryPoint","urlTemplate":"https:\/\/wpguerssen-test.odoo.rgbconsulting.com\/es\/?s={search_term_string}"},"query-input":{"@type":"PropertyValueSpecification","valueRequired":true,"valueName":"search_term_string"}}],"inLanguage":"es"},{"@type":"Organization","@id":"https:\/\/wpguerssen-test.odoo.rgbconsulting.com\/es\/#organization","name":"Guerssen records","url":"https:\/\/wpguerssen-test.odoo.rgbconsulting.com\/es\/","logo":{"@type":"ImageObject","inLanguage":"es","@id":"https:\/\/wpguerssen-test.odoo.rgbconsulting.com\/es\/#\/schema\/logo\/image\/","url":"https:\/\/wpguerssen-test.odoo.rgbconsulting.com\/wp-content\/uploads\/2022\/04\/Logo_Guerssen_trans_100.png","contentUrl":"https:\/\/wpguerssen-test.odoo.rgbconsulting.com\/wp-content\/uploads\/2022\/04\/Logo_Guerssen_trans_100.png","width":122,"height":100,"caption":"Guerssen records"},"image":{"@id":"https:\/\/wpguerssen-test.odoo.rgbconsulting.com\/es\/#\/schema\/logo\/image\/"}}]}},"_links":{"self":[{"href":"https:\/\/wpguerssen-test.odoo.rgbconsulting.com\/es\/wp-json\/wp\/v2\/product\/187985","targetHints":{"allow":["GET"]}}],"collection":[{"href":"https:\/\/wpguerssen-test.odoo.rgbconsulting.com\/es\/wp-json\/wp\/v2\/product"}],"about":[{"href":"https:\/\/wpguerssen-test.odoo.rgbconsulting.com\/es\/wp-json\/wp\/v2\/types\/product"}],"wp:featuredmedia":[{"embeddable":true,"href":"https:\/\/wpguerssen-test.odoo.rgbconsulting.com\/es\/wp-json\/wp\/v2\/media\/122494"}],"wp:attachment":[{"href":"https:\/\/wpguerssen-test.odoo.rgbconsulting.com\/es\/wp-json\/wp\/v2\/media?parent=187985"}],"wp:term":[{"taxonomy":"product_brand","embeddable":true,"href":"https:\/\/wpguerssen-test.odoo.rgbconsulting.com\/es\/wp-json\/wp\/v2\/product_brand?post=187985"},{"taxonomy":"product_cat","embeddable":true,"href":"https:\/\/wpguerssen-test.odoo.rgbconsulting.com\/es\/wp-json\/wp\/v2\/product_cat?post=187985"},{"taxonomy":"product_tag","embeddable":true,"href":"https:\/\/wpguerssen-test.odoo.rgbconsulting.com\/es\/wp-json\/wp\/v2\/product_tag?post=187985"}],"curies":[{"name":"wp","href":"https:\/\/api.w.org\/{rel}","templated":true}]}}