{"id":188142,"date":"2018-05-15T00:00:00","date_gmt":"2018-05-14T22:00:00","guid":{"rendered":"http:\/\/guerssen.hl1097.dinaserver.com\/product\/spanglish-movement-cd\/"},"modified":"2025-01-20T15:42:40","modified_gmt":"2025-01-20T14:42:40","slug":"spanglish-movement-cd","status":"publish","type":"product","link":"https:\/\/wpguerssen-test.odoo.rgbconsulting.com\/es\/producto\/spanglish-movement-cd\/","title":{"rendered":"Spanglish Movement (CD)"},"content":{"rendered":"<p>Oscuro y excitante disco-funk con toques Cosmic, Balearic, Afro y Latin, originalmente editado en 1978 en un peque\u00f1o prensaje privado en M\u00e9jico. <\/p>\n<p> Hot Pepper fue un proyecto de estudio creado por el famoso bater\u00eda, productor y arreglista Jes\u00fas Mu\u00f1oz \u00abTilico\u00bb, descomunal m\u00fasico con amplia experiencia en innumerables grabaciones y como m\u00fasico de acompa\u00f1amiento de grandes figuras (Paul Mauriat, Carl Tjader&#8230;), que en 1977 decidi\u00f3 grabar un \u00e1lbum orientado hacia la tan en boga en aquella \u00e9poca disco music. Ayudado por algunos de sus amigos, todos reputados m\u00fasicos de sesi\u00f3n, \u00abTilico\u00bb compuso toda la m\u00fasica y letras, toc\u00f3 bater\u00eda y percusiones y produjo el disco \u00abSpanglish Movement\u00bb, editado en 1978. <\/p>\n<p> Siendo \u00abTilico\u00bb un enorme bater\u00eda, por supuesto aqu\u00ed encontrar\u00e1s una impresionante secci\u00f3n r\u00edtmica, congas y percusiones, arropadas por sintes y efectos disco-espaciales, voces masculinas-femeninas, toques latinos, afro y ocasional guitarra fuzz. Cuatro largos temas, incluyendo la espectacular \u00abRitual Song\u00bb, todo un cl\u00e1sico underground del Cosmic Disco \/ Balearic. <\/p>\n<p> *Booklet con raras fotos y notas. <\/p>\n<p> Tracklist: 1. Deja Que El Mundo Sea Feliz Otra Vez (Let The World Be Happy Again) &#8211; 2. Camino Equivocado (Wrong Way) &#8211; 3. No Me Presiones (Don&#8217;t Push Me) &#8211; 4. Canci\u00f3n Ritual (Ritual Song)<\/p>\n","protected":false},"excerpt":{"rendered":"<p>Oscuro y excitante disco-funk con toques Cosmic, Balearic, Afro y Latin, originalmente editado en 1978 en un peque\u00f1o prensaje privado en M\u00e9jico. <\/p>\n<p>\u00a0<\/p>\n<p><a class=\"read\" href=\"https:\/\/wpguerssen-test.odoo.rgbconsulting.com\/es\/producto\/spanglish-movement-cd\/\"> (...)<\/a>","protected":false},"featured_media":122765,"template":"","meta":{"_acf_changed":false},"product_brand":[],"product_cat":[23219,23231],"product_tag":[29138,24190],"class_list":{"0":"post-188142","1":"product","2":"type-product","3":"status-publish","4":"has-post-thumbnail","6":"product_cat-funk-es","7":"product_cat-latin-brazilian-es","8":"product_tag-cd-es","9":"product_tag-sales-es","10":"pa_artist-hot-pepper","11":"pa_format-cd-2-es","12":"pa_gender-latin-brazilian-funk","13":"pa_label-espacial-discos-es","14":"pa_location-south-america-caribbean-es","16":"first","17":"instock","18":"taxable","19":"shipping-taxable","20":"purchasable","21":"product-type-simple"},"acf":[],"yoast_head":"<!-- This site is optimized with the Yoast SEO plugin v24.9 - https:\/\/yoast.com\/wordpress\/plugins\/seo\/ -->\n<title>HOT PEPPER - Spanglish Movement (CD) -  (CD) | Guerssen<\/title>\n<meta name=\"description\" content=\"First ever legit vinyl reissue of this obscure Cosmic Disco \/ Balearic \/ Afro gem from Mexico, originally released as a private pressing in 1978 and featuring famous drummer Jes\u00fas Mu\u00f1oz &quot;Tilico&quot;, a giant musician who appeared on countless recordings and accompanied famous figures like Paul Mauriat and Carl Tjader among many others. #nl# Four superb long tracks including the Cosmic underground club classic &quot;Ritual Song&quot;. #nl# Hot Pepper was a studio project created by Mexican drummer \/ producer \/arranger Jes\u00fas Mu\u00f1oz &quot;Tilico&quot; who in the late 70s decided to record an album in a disco-funk vein, helped by some of his friends who were top session musicians.&quot;Spanglish Movement&quot; was the result, written and produced by &quot;Tilico&quot;, released in 1978 as a tiny private edition housed in a fabulous Afro cover. Being &quot;Tilico&quot; an enormous drummer, you can expect here lots of heavy drums, congas and percussion, surrounded by crazy space synths, male-female vocals, Latin horns, Afro touches and occasional fuzz guitar. #nl# *Insert with liner notes and rare photos. #nl# File under: Disco, Funk, Balearic, Cosmic Disco, Space Disco, Latin... #nl# Tracklist: A1. Deja Que El Mundo Sea Feliz Otra Vez (Let The World Be Happy Again) - A2. Camino Equivocado (Wrong Way) - B1. No Me Presiones (Don&#039;t Push Me) - B2. Canci\u00f3n Ritual (Ritual Song)\" \/>\n<meta name=\"robots\" content=\"index, follow, max-snippet:-1, max-image-preview:large, max-video-preview:-1\" \/>\n<link rel=\"canonical\" href=\"https:\/\/wpguerssen-test.odoo.rgbconsulting.com\/es\/producto\/spanglish-movement-cd\/\" \/>\n<meta property=\"og:locale\" content=\"es_ES\" \/>\n<meta property=\"og:type\" content=\"article\" \/>\n<meta property=\"og:title\" content=\"HOT PEPPER - Spanglish Movement (CD) -  (CD) | Guerssen\" \/>\n<meta property=\"og:description\" content=\"First ever legit vinyl reissue of this obscure Cosmic Disco \/ Balearic \/ Afro gem from Mexico, originally released as a private pressing in 1978 and featuring famous drummer Jes\u00fas Mu\u00f1oz &quot;Tilico&quot;, a giant musician who appeared on countless recordings and accompanied famous figures like Paul Mauriat and Carl Tjader among many others. #nl# Four superb long tracks including the Cosmic underground club classic &quot;Ritual Song&quot;. #nl# Hot Pepper was a studio project created by Mexican drummer \/ producer \/arranger Jes\u00fas Mu\u00f1oz &quot;Tilico&quot; who in the late 70s decided to record an album in a disco-funk vein, helped by some of his friends who were top session musicians.&quot;Spanglish Movement&quot; was the result, written and produced by &quot;Tilico&quot;, released in 1978 as a tiny private edition housed in a fabulous Afro cover. Being &quot;Tilico&quot; an enormous drummer, you can expect here lots of heavy drums, congas and percussion, surrounded by crazy space synths, male-female vocals, Latin horns, Afro touches and occasional fuzz guitar. #nl# *Insert with liner notes and rare photos. #nl# File under: Disco, Funk, Balearic, Cosmic Disco, Space Disco, Latin... #nl# Tracklist: A1. Deja Que El Mundo Sea Feliz Otra Vez (Let The World Be Happy Again) - A2. Camino Equivocado (Wrong Way) - B1. No Me Presiones (Don&#039;t Push Me) - B2. Canci\u00f3n Ritual (Ritual Song)\" \/>\n<meta property=\"og:url\" content=\"https:\/\/wpguerssen-test.odoo.rgbconsulting.com\/es\/producto\/spanglish-movement-cd\/\" \/>\n<meta property=\"og:site_name\" content=\"Guerssen records\" \/>\n<meta property=\"article:modified_time\" content=\"2025-01-20T14:42:40+00:00\" \/>\n<meta property=\"og:image\" content=\"https:\/\/wpguerssen-test.odoo.rgbconsulting.com\/wp-content\/uploads\/2022\/03\/31781.jpg\" \/>\n\t<meta property=\"og:image:width\" content=\"1400\" \/>\n\t<meta property=\"og:image:height\" content=\"1400\" \/>\n\t<meta property=\"og:image:type\" content=\"image\/jpeg\" \/>\n<meta name=\"twitter:card\" content=\"summary_large_image\" \/>\n<meta name=\"twitter:title\" content=\"HOT PEPPER - Spanglish Movement (CD) -  (CD) | Guerssen\" \/>\n<meta name=\"twitter:label1\" content=\"Tiempo de lectura\" \/>\n\t<meta name=\"twitter:data1\" content=\"1 minuto\" \/>\n<script type=\"application\/ld+json\" class=\"yoast-schema-graph\">{\"@context\":\"https:\/\/schema.org\",\"@graph\":[{\"@type\":\"WebPage\",\"@id\":\"https:\/\/wpguerssen-test.odoo.rgbconsulting.com\/es\/producto\/spanglish-movement-cd\/\",\"url\":\"https:\/\/wpguerssen-test.odoo.rgbconsulting.com\/es\/producto\/spanglish-movement-cd\/\",\"name\":\"HOT PEPPER - Spanglish Movement (CD) - (CD) | Guerssen\",\"isPartOf\":{\"@id\":\"https:\/\/wpguerssen-test.odoo.rgbconsulting.com\/es\/#website\"},\"primaryImageOfPage\":{\"@id\":\"https:\/\/wpguerssen-test.odoo.rgbconsulting.com\/es\/producto\/spanglish-movement-cd\/#primaryimage\"},\"image\":{\"@id\":\"https:\/\/wpguerssen-test.odoo.rgbconsulting.com\/es\/producto\/spanglish-movement-cd\/#primaryimage\"},\"thumbnailUrl\":\"https:\/\/wpguerssen-test.odoo.rgbconsulting.com\/wp-content\/uploads\/2022\/03\/31781.jpg\",\"datePublished\":\"2018-05-14T22:00:00+00:00\",\"dateModified\":\"2025-01-20T14:42:40+00:00\",\"description\":\"First ever legit vinyl reissue of this obscure Cosmic Disco \/ Balearic \/ Afro gem from Mexico, originally released as a private pressing in 1978 and featuring famous drummer Jes\u00fas Mu\u00f1oz \\\"Tilico\\\", a giant musician who appeared on countless recordings and accompanied famous figures like Paul Mauriat and Carl Tjader among many others. #nl# Four superb long tracks including the Cosmic underground club classic \\\"Ritual Song\\\". #nl# Hot Pepper was a studio project created by Mexican drummer \/ producer \/arranger Jes\u00fas Mu\u00f1oz \\\"Tilico\\\" who in the late 70s decided to record an album in a disco-funk vein, helped by some of his friends who were top session musicians.\\\"Spanglish Movement\\\" was the result, written and produced by \\\"Tilico\\\", released in 1978 as a tiny private edition housed in a fabulous Afro cover. Being \\\"Tilico\\\" an enormous drummer, you can expect here lots of heavy drums, congas and percussion, surrounded by crazy space synths, male-female vocals, Latin horns, Afro touches and occasional fuzz guitar. #nl# *Insert with liner notes and rare photos. #nl# File under: Disco, Funk, Balearic, Cosmic Disco, Space Disco, Latin... #nl# Tracklist: A1. Deja Que El Mundo Sea Feliz Otra Vez (Let The World Be Happy Again) - A2. Camino Equivocado (Wrong Way) - B1. No Me Presiones (Don't Push Me) - B2. Canci\u00f3n Ritual (Ritual Song)\",\"breadcrumb\":{\"@id\":\"https:\/\/wpguerssen-test.odoo.rgbconsulting.com\/es\/producto\/spanglish-movement-cd\/#breadcrumb\"},\"inLanguage\":\"es\",\"potentialAction\":[{\"@type\":\"ReadAction\",\"target\":[\"https:\/\/wpguerssen-test.odoo.rgbconsulting.com\/es\/producto\/spanglish-movement-cd\/\"]}]},{\"@type\":\"ImageObject\",\"inLanguage\":\"es\",\"@id\":\"https:\/\/wpguerssen-test.odoo.rgbconsulting.com\/es\/producto\/spanglish-movement-cd\/#primaryimage\",\"url\":\"https:\/\/wpguerssen-test.odoo.rgbconsulting.com\/wp-content\/uploads\/2022\/03\/31781.jpg\",\"contentUrl\":\"https:\/\/wpguerssen-test.odoo.rgbconsulting.com\/wp-content\/uploads\/2022\/03\/31781.jpg\",\"width\":1400,\"height\":1400,\"caption\":\"HOT PEPPER - Spanglish Movement (CD) - ESPACIAL DISCOS (CD) | Guerssen\"},{\"@type\":\"BreadcrumbList\",\"@id\":\"https:\/\/wpguerssen-test.odoo.rgbconsulting.com\/es\/producto\/spanglish-movement-cd\/#breadcrumb\",\"itemListElement\":[{\"@type\":\"ListItem\",\"position\":1,\"name\":\"Inicio\",\"item\":\"https:\/\/wpguerssen-test.odoo.rgbconsulting.com\/es\/\"},{\"@type\":\"ListItem\",\"position\":2,\"name\":\"Shop\",\"item\":\"https:\/\/wpguerssen-test.odoo.rgbconsulting.com\/shop\/\"},{\"@type\":\"ListItem\",\"position\":3,\"name\":\"Spanglish Movement (CD)\"}]},{\"@type\":\"WebSite\",\"@id\":\"https:\/\/wpguerssen-test.odoo.rgbconsulting.com\/es\/#website\",\"url\":\"https:\/\/wpguerssen-test.odoo.rgbconsulting.com\/es\/\",\"name\":\"Guerssen records\",\"description\":\"psychedelia - progressive - folk - garage \",\"publisher\":{\"@id\":\"https:\/\/wpguerssen-test.odoo.rgbconsulting.com\/es\/#organization\"},\"potentialAction\":[{\"@type\":\"SearchAction\",\"target\":{\"@type\":\"EntryPoint\",\"urlTemplate\":\"https:\/\/wpguerssen-test.odoo.rgbconsulting.com\/es\/?s={search_term_string}\"},\"query-input\":{\"@type\":\"PropertyValueSpecification\",\"valueRequired\":true,\"valueName\":\"search_term_string\"}}],\"inLanguage\":\"es\"},{\"@type\":\"Organization\",\"@id\":\"https:\/\/wpguerssen-test.odoo.rgbconsulting.com\/es\/#organization\",\"name\":\"Guerssen records\",\"url\":\"https:\/\/wpguerssen-test.odoo.rgbconsulting.com\/es\/\",\"logo\":{\"@type\":\"ImageObject\",\"inLanguage\":\"es\",\"@id\":\"https:\/\/wpguerssen-test.odoo.rgbconsulting.com\/es\/#\/schema\/logo\/image\/\",\"url\":\"https:\/\/wpguerssen-test.odoo.rgbconsulting.com\/wp-content\/uploads\/2022\/04\/Logo_Guerssen_trans_100.png\",\"contentUrl\":\"https:\/\/wpguerssen-test.odoo.rgbconsulting.com\/wp-content\/uploads\/2022\/04\/Logo_Guerssen_trans_100.png\",\"width\":122,\"height\":100,\"caption\":\"Guerssen records\"},\"image\":{\"@id\":\"https:\/\/wpguerssen-test.odoo.rgbconsulting.com\/es\/#\/schema\/logo\/image\/\"}}]}<\/script>\n<!-- \/ Yoast SEO plugin. -->","yoast_head_json":{"title":"HOT PEPPER - Spanglish Movement (CD) -  (CD) | Guerssen","description":"First ever legit vinyl reissue of this obscure Cosmic Disco \/ Balearic \/ Afro gem from Mexico, originally released as a private pressing in 1978 and featuring famous drummer Jes\u00fas Mu\u00f1oz \"Tilico\", a giant musician who appeared on countless recordings and accompanied famous figures like Paul Mauriat and Carl Tjader among many others. #nl# Four superb long tracks including the Cosmic underground club classic \"Ritual Song\". #nl# Hot Pepper was a studio project created by Mexican drummer \/ producer \/arranger Jes\u00fas Mu\u00f1oz \"Tilico\" who in the late 70s decided to record an album in a disco-funk vein, helped by some of his friends who were top session musicians.\"Spanglish Movement\" was the result, written and produced by \"Tilico\", released in 1978 as a tiny private edition housed in a fabulous Afro cover. Being \"Tilico\" an enormous drummer, you can expect here lots of heavy drums, congas and percussion, surrounded by crazy space synths, male-female vocals, Latin horns, Afro touches and occasional fuzz guitar. #nl# *Insert with liner notes and rare photos. #nl# File under: Disco, Funk, Balearic, Cosmic Disco, Space Disco, Latin... #nl# Tracklist: A1. Deja Que El Mundo Sea Feliz Otra Vez (Let The World Be Happy Again) - A2. Camino Equivocado (Wrong Way) - B1. No Me Presiones (Don't Push Me) - B2. Canci\u00f3n Ritual (Ritual Song)","robots":{"index":"index","follow":"follow","max-snippet":"max-snippet:-1","max-image-preview":"max-image-preview:large","max-video-preview":"max-video-preview:-1"},"canonical":"https:\/\/wpguerssen-test.odoo.rgbconsulting.com\/es\/producto\/spanglish-movement-cd\/","og_locale":"es_ES","og_type":"article","og_title":"HOT PEPPER - Spanglish Movement (CD) -  (CD) | Guerssen","og_description":"First ever legit vinyl reissue of this obscure Cosmic Disco \/ Balearic \/ Afro gem from Mexico, originally released as a private pressing in 1978 and featuring famous drummer Jes\u00fas Mu\u00f1oz \"Tilico\", a giant musician who appeared on countless recordings and accompanied famous figures like Paul Mauriat and Carl Tjader among many others. #nl# Four superb long tracks including the Cosmic underground club classic \"Ritual Song\". #nl# Hot Pepper was a studio project created by Mexican drummer \/ producer \/arranger Jes\u00fas Mu\u00f1oz \"Tilico\" who in the late 70s decided to record an album in a disco-funk vein, helped by some of his friends who were top session musicians.\"Spanglish Movement\" was the result, written and produced by \"Tilico\", released in 1978 as a tiny private edition housed in a fabulous Afro cover. Being \"Tilico\" an enormous drummer, you can expect here lots of heavy drums, congas and percussion, surrounded by crazy space synths, male-female vocals, Latin horns, Afro touches and occasional fuzz guitar. #nl# *Insert with liner notes and rare photos. #nl# File under: Disco, Funk, Balearic, Cosmic Disco, Space Disco, Latin... #nl# Tracklist: A1. Deja Que El Mundo Sea Feliz Otra Vez (Let The World Be Happy Again) - A2. Camino Equivocado (Wrong Way) - B1. No Me Presiones (Don't Push Me) - B2. Canci\u00f3n Ritual (Ritual Song)","og_url":"https:\/\/wpguerssen-test.odoo.rgbconsulting.com\/es\/producto\/spanglish-movement-cd\/","og_site_name":"Guerssen records","article_modified_time":"2025-01-20T14:42:40+00:00","og_image":[{"width":1400,"height":1400,"url":"https:\/\/wpguerssen-test.odoo.rgbconsulting.com\/wp-content\/uploads\/2022\/03\/31781.jpg","type":"image\/jpeg"}],"twitter_card":"summary_large_image","twitter_title":"HOT PEPPER - Spanglish Movement (CD) -  (CD) | Guerssen","twitter_misc":{"Tiempo de lectura":"1 minuto"},"schema":{"@context":"https:\/\/schema.org","@graph":[{"@type":"WebPage","@id":"https:\/\/wpguerssen-test.odoo.rgbconsulting.com\/es\/producto\/spanglish-movement-cd\/","url":"https:\/\/wpguerssen-test.odoo.rgbconsulting.com\/es\/producto\/spanglish-movement-cd\/","name":"HOT PEPPER - Spanglish Movement (CD) - (CD) | Guerssen","isPartOf":{"@id":"https:\/\/wpguerssen-test.odoo.rgbconsulting.com\/es\/#website"},"primaryImageOfPage":{"@id":"https:\/\/wpguerssen-test.odoo.rgbconsulting.com\/es\/producto\/spanglish-movement-cd\/#primaryimage"},"image":{"@id":"https:\/\/wpguerssen-test.odoo.rgbconsulting.com\/es\/producto\/spanglish-movement-cd\/#primaryimage"},"thumbnailUrl":"https:\/\/wpguerssen-test.odoo.rgbconsulting.com\/wp-content\/uploads\/2022\/03\/31781.jpg","datePublished":"2018-05-14T22:00:00+00:00","dateModified":"2025-01-20T14:42:40+00:00","description":"First ever legit vinyl reissue of this obscure Cosmic Disco \/ Balearic \/ Afro gem from Mexico, originally released as a private pressing in 1978 and featuring famous drummer Jes\u00fas Mu\u00f1oz \"Tilico\", a giant musician who appeared on countless recordings and accompanied famous figures like Paul Mauriat and Carl Tjader among many others. #nl# Four superb long tracks including the Cosmic underground club classic \"Ritual Song\". #nl# Hot Pepper was a studio project created by Mexican drummer \/ producer \/arranger Jes\u00fas Mu\u00f1oz \"Tilico\" who in the late 70s decided to record an album in a disco-funk vein, helped by some of his friends who were top session musicians.\"Spanglish Movement\" was the result, written and produced by \"Tilico\", released in 1978 as a tiny private edition housed in a fabulous Afro cover. Being \"Tilico\" an enormous drummer, you can expect here lots of heavy drums, congas and percussion, surrounded by crazy space synths, male-female vocals, Latin horns, Afro touches and occasional fuzz guitar. #nl# *Insert with liner notes and rare photos. #nl# File under: Disco, Funk, Balearic, Cosmic Disco, Space Disco, Latin... #nl# Tracklist: A1. Deja Que El Mundo Sea Feliz Otra Vez (Let The World Be Happy Again) - A2. Camino Equivocado (Wrong Way) - B1. No Me Presiones (Don't Push Me) - B2. Canci\u00f3n Ritual (Ritual Song)","breadcrumb":{"@id":"https:\/\/wpguerssen-test.odoo.rgbconsulting.com\/es\/producto\/spanglish-movement-cd\/#breadcrumb"},"inLanguage":"es","potentialAction":[{"@type":"ReadAction","target":["https:\/\/wpguerssen-test.odoo.rgbconsulting.com\/es\/producto\/spanglish-movement-cd\/"]}]},{"@type":"ImageObject","inLanguage":"es","@id":"https:\/\/wpguerssen-test.odoo.rgbconsulting.com\/es\/producto\/spanglish-movement-cd\/#primaryimage","url":"https:\/\/wpguerssen-test.odoo.rgbconsulting.com\/wp-content\/uploads\/2022\/03\/31781.jpg","contentUrl":"https:\/\/wpguerssen-test.odoo.rgbconsulting.com\/wp-content\/uploads\/2022\/03\/31781.jpg","width":1400,"height":1400,"caption":"HOT PEPPER - Spanglish Movement (CD) - ESPACIAL DISCOS (CD) | Guerssen"},{"@type":"BreadcrumbList","@id":"https:\/\/wpguerssen-test.odoo.rgbconsulting.com\/es\/producto\/spanglish-movement-cd\/#breadcrumb","itemListElement":[{"@type":"ListItem","position":1,"name":"Inicio","item":"https:\/\/wpguerssen-test.odoo.rgbconsulting.com\/es\/"},{"@type":"ListItem","position":2,"name":"Shop","item":"https:\/\/wpguerssen-test.odoo.rgbconsulting.com\/shop\/"},{"@type":"ListItem","position":3,"name":"Spanglish Movement (CD)"}]},{"@type":"WebSite","@id":"https:\/\/wpguerssen-test.odoo.rgbconsulting.com\/es\/#website","url":"https:\/\/wpguerssen-test.odoo.rgbconsulting.com\/es\/","name":"Guerssen records","description":"psychedelia - progressive - folk - garage ","publisher":{"@id":"https:\/\/wpguerssen-test.odoo.rgbconsulting.com\/es\/#organization"},"potentialAction":[{"@type":"SearchAction","target":{"@type":"EntryPoint","urlTemplate":"https:\/\/wpguerssen-test.odoo.rgbconsulting.com\/es\/?s={search_term_string}"},"query-input":{"@type":"PropertyValueSpecification","valueRequired":true,"valueName":"search_term_string"}}],"inLanguage":"es"},{"@type":"Organization","@id":"https:\/\/wpguerssen-test.odoo.rgbconsulting.com\/es\/#organization","name":"Guerssen records","url":"https:\/\/wpguerssen-test.odoo.rgbconsulting.com\/es\/","logo":{"@type":"ImageObject","inLanguage":"es","@id":"https:\/\/wpguerssen-test.odoo.rgbconsulting.com\/es\/#\/schema\/logo\/image\/","url":"https:\/\/wpguerssen-test.odoo.rgbconsulting.com\/wp-content\/uploads\/2022\/04\/Logo_Guerssen_trans_100.png","contentUrl":"https:\/\/wpguerssen-test.odoo.rgbconsulting.com\/wp-content\/uploads\/2022\/04\/Logo_Guerssen_trans_100.png","width":122,"height":100,"caption":"Guerssen records"},"image":{"@id":"https:\/\/wpguerssen-test.odoo.rgbconsulting.com\/es\/#\/schema\/logo\/image\/"}}]}},"_links":{"self":[{"href":"https:\/\/wpguerssen-test.odoo.rgbconsulting.com\/es\/wp-json\/wp\/v2\/product\/188142","targetHints":{"allow":["GET"]}}],"collection":[{"href":"https:\/\/wpguerssen-test.odoo.rgbconsulting.com\/es\/wp-json\/wp\/v2\/product"}],"about":[{"href":"https:\/\/wpguerssen-test.odoo.rgbconsulting.com\/es\/wp-json\/wp\/v2\/types\/product"}],"wp:featuredmedia":[{"embeddable":true,"href":"https:\/\/wpguerssen-test.odoo.rgbconsulting.com\/es\/wp-json\/wp\/v2\/media\/122765"}],"wp:attachment":[{"href":"https:\/\/wpguerssen-test.odoo.rgbconsulting.com\/es\/wp-json\/wp\/v2\/media?parent=188142"}],"wp:term":[{"taxonomy":"product_brand","embeddable":true,"href":"https:\/\/wpguerssen-test.odoo.rgbconsulting.com\/es\/wp-json\/wp\/v2\/product_brand?post=188142"},{"taxonomy":"product_cat","embeddable":true,"href":"https:\/\/wpguerssen-test.odoo.rgbconsulting.com\/es\/wp-json\/wp\/v2\/product_cat?post=188142"},{"taxonomy":"product_tag","embeddable":true,"href":"https:\/\/wpguerssen-test.odoo.rgbconsulting.com\/es\/wp-json\/wp\/v2\/product_tag?post=188142"}],"curies":[{"name":"wp","href":"https:\/\/api.w.org\/{rel}","templated":true}]}}