{"id":188440,"date":"2018-10-30T00:00:00","date_gmt":"2018-10-29T23:00:00","guid":{"rendered":"http:\/\/guerssen.hl1097.dinaserver.com\/product\/whistling-jigs-to-the-moon-cd\/"},"modified":"2025-03-21T12:24:31","modified_gmt":"2025-03-21T11:24:31","slug":"whistling-jigs-to-the-moon-cd","status":"publish","type":"product","link":"https:\/\/wpguerssen-test.odoo.rgbconsulting.com\/es\/producto\/whistling-jigs-to-the-moon-cd\/","title":{"rendered":"Whistling jigs to the moon (CD)"},"content":{"rendered":"<p>Originalmente publicado en Sud\u00e1frica en 1978, \u00abWhistling Jigs To The Moon\u00bb es, adem\u00e1s un disco muy raro y buscado, una maravillosa colecci\u00f3n de canciones tradicionales y originales folk con una fuerte infuencia Celta. <\/p>\n<p> Flibbertigibbet lo formaban dos ex-miembros de las leyendas del folk psicod\u00e9lico \/ progresivo brit\u00e1nico Mellow Candle: Alison O&#8217; Donnell y David Williams, que emigraron a Sud\u00e1frica tras la disoluci\u00f3n del grupo. All\u00ed entraron en contacto con otra pareja de expatriados, Barrie Glenn y Jo Dudding, ambos tambi\u00e9n m\u00fasicos, y decidieron formar Flibbertigibbet, actuando en el circuito folk local. <\/p>\n<p> Gracias al productor David Marks y con ayuda de otros amigos m\u00fasicos, grabaron su \u00fanico disco en 1978, edit\u00e1ndose solo en Sud\u00e1frica. Muy recomendado si te gustan STEELEYE SPAN, SPRIGUNS OF TOLGUS, FAIRPORT CONVENTION&#8230; <\/p>\n<p> Sonido de m\u00e1sters, insert original, booklet con notas y fotos. <\/p>\n<p> Tracklist: 1. The Blackleg Miner &#8211; 2. Little Roving Sailor &#8211; 3. Mariner Blues &#8211; 4. The Black Cap &#8211; 5. An Suisin Ban (The White Blanket) &#8211; 6. Medley: The Rose Tree \/ The Chanter&#8217;s Song \/ Humours Of Whiskey &#8211; 7. Blackberry Bush \/ Blackberry Blossom &#8211; 8. Whistling Jigs To The Moon (The Dancing Master&#8217;s Reel) &#8211; 9. The Brisk Young Widow (Sheffield Hornpipe) &#8211; 10. Seafarer &#8211; 11. Shepherd O Shepherd \/ Linnen Hall &#8211; 12. The Green Cockade &#8211; 13. Four Drunken Maidens (Rolling In The High Grass) &#8211; 14. Episodes<\/p>\n","protected":false},"excerpt":{"rendered":"<p>Originalmente publicado en Sud\u00e1frica en 1978, \u00abWhistling Jigs To The Moon\u00bb es, adem\u00e1s un disco muy raro y buscado, una maravillosa colecci\u00f3n de canciones tradicionales<a class=\"read\" href=\"https:\/\/wpguerssen-test.odoo.rgbconsulting.com\/es\/producto\/whistling-jigs-to-the-moon-cd\/\"> (...)<\/a>","protected":false},"featured_media":123274,"template":"","meta":{"_acf_changed":false},"product_brand":[],"product_cat":[23274],"product_tag":[29138],"class_list":{"0":"post-188440","1":"product","2":"type-product","3":"status-publish","4":"has-post-thumbnail","6":"product_cat-folk-rock-60s-70s-es","7":"product_tag-cd-es","8":"pa_artist-flibbertigibbet","9":"pa_format-cd-2-es","10":"pa_gender-folk-rock-60s-70s","11":"pa_label-sommor-es","12":"pa_location-africa-es","14":"first","15":"instock","16":"taxable","17":"shipping-taxable","18":"purchasable","19":"product-type-simple"},"acf":[],"yoast_head":"<!-- This site is optimized with the Yoast SEO plugin v24.9 - https:\/\/yoast.com\/wordpress\/plugins\/seo\/ -->\n<title>FLIBBERTIGIBBET - Whistling jigs to the moon (CD) -  (CD) | Guerssen<\/title>\n<meta name=\"description\" content=\"Originally released in South Africa in 1978, &quot;Whistling Jigs To The Moon&quot; is not only a very rare and sought-after album but also a wonderful collection of traditional and original folk tunes with a strong Celtic influence. Featuring Alison O&#039; Donnell and David Williams from psych-folk legends MELLOW CANDLE. #nl# In 1974, following the break-up of Mellow Candle, Alison and David arrived to South Africa. Once there, they met a couple of fellow expat musicians, Barrie Glenn and Jo Dudding, forming Flibbertigibbet in a niche folk and traditional circle of immigrant and local musicians, building up a repertoire of tunes and songs both original and traditional. They appeared at evenings held in communal houses, at folk nights and the Boksburg Folk Club. #nl# Producer David Marks offered to release their album and launch it in a series of concerts at the renowned Market Theatre. They enlisted the help of a number of fine musicians on the recording, namely classical first violinist Francesco Cignoli, jazz bassist Denis Lalouette, Nippy Cripwell on string bass, Colin Shapiro on flute and Dave Lambert on fiddle.&lt;br&quot;Whistling Jigs To The Moon&quot; saw the light in 1978. #nl# First ever legit vinyl reissue, master tape sound and booklet with lyrics, liner notes and photos. #nl# RIYL: STEELEYE SPAN, SPRIGUNS OF TOLGUS, FAIRPORT CONVENTION... #nl# Tracklist: 1. The Blackleg Miner - 2. Little Roving Sailor - 3. Mariner Blues - 4. The Black Cap - 5. An Suisin Ban (The White Blanket) - 6. Medley: The Rose Tree \/ The Chanter&#039;s Song \/ Humours Of Whiskey - 7. Blackberry Bush \/ Blackberry Blossom - 8. Whistling Jigs To The Moon (The Dancing Master&#039;s Reel) - 9. The Brisk Young Widow (Sheffield Hornpipe) - 10. Seafarer - 11. Shepherd O Shepherd \/ Linnen Hall - 12. The Green Cockade - 13. Four Drunken Maidens (Rolling In The High Grass) - 14. Episodes\" \/>\n<meta name=\"robots\" content=\"index, follow, max-snippet:-1, max-image-preview:large, max-video-preview:-1\" \/>\n<link rel=\"canonical\" href=\"https:\/\/wpguerssen-test.odoo.rgbconsulting.com\/es\/producto\/whistling-jigs-to-the-moon-cd\/\" \/>\n<meta property=\"og:locale\" content=\"es_ES\" \/>\n<meta property=\"og:type\" content=\"article\" \/>\n<meta property=\"og:title\" content=\"FLIBBERTIGIBBET - Whistling jigs to the moon (CD) -  (CD) | Guerssen\" \/>\n<meta property=\"og:description\" content=\"Originally released in South Africa in 1978, &quot;Whistling Jigs To The Moon&quot; is not only a very rare and sought-after album but also a wonderful collection of traditional and original folk tunes with a strong Celtic influence. Featuring Alison O&#039; Donnell and David Williams from psych-folk legends MELLOW CANDLE. #nl# In 1974, following the break-up of Mellow Candle, Alison and David arrived to South Africa. Once there, they met a couple of fellow expat musicians, Barrie Glenn and Jo Dudding, forming Flibbertigibbet in a niche folk and traditional circle of immigrant and local musicians, building up a repertoire of tunes and songs both original and traditional. They appeared at evenings held in communal houses, at folk nights and the Boksburg Folk Club. #nl# Producer David Marks offered to release their album and launch it in a series of concerts at the renowned Market Theatre. They enlisted the help of a number of fine musicians on the recording, namely classical first violinist Francesco Cignoli, jazz bassist Denis Lalouette, Nippy Cripwell on string bass, Colin Shapiro on flute and Dave Lambert on fiddle.&lt;br&quot;Whistling Jigs To The Moon&quot; saw the light in 1978. #nl# First ever legit vinyl reissue, master tape sound and booklet with lyrics, liner notes and photos. #nl# RIYL: STEELEYE SPAN, SPRIGUNS OF TOLGUS, FAIRPORT CONVENTION... #nl# Tracklist: 1. The Blackleg Miner - 2. Little Roving Sailor - 3. Mariner Blues - 4. The Black Cap - 5. An Suisin Ban (The White Blanket) - 6. Medley: The Rose Tree \/ The Chanter&#039;s Song \/ Humours Of Whiskey - 7. Blackberry Bush \/ Blackberry Blossom - 8. Whistling Jigs To The Moon (The Dancing Master&#039;s Reel) - 9. The Brisk Young Widow (Sheffield Hornpipe) - 10. Seafarer - 11. Shepherd O Shepherd \/ Linnen Hall - 12. The Green Cockade - 13. Four Drunken Maidens (Rolling In The High Grass) - 14. Episodes\" \/>\n<meta property=\"og:url\" content=\"https:\/\/wpguerssen-test.odoo.rgbconsulting.com\/es\/producto\/whistling-jigs-to-the-moon-cd\/\" \/>\n<meta property=\"og:site_name\" content=\"Guerssen records\" \/>\n<meta property=\"article:modified_time\" content=\"2025-03-21T11:24:31+00:00\" \/>\n<meta property=\"og:image\" content=\"https:\/\/wpguerssen-test.odoo.rgbconsulting.com\/wp-content\/uploads\/2022\/03\/32624.jpg\" \/>\n\t<meta property=\"og:image:width\" content=\"1400\" \/>\n\t<meta property=\"og:image:height\" content=\"1400\" \/>\n\t<meta property=\"og:image:type\" content=\"image\/jpeg\" \/>\n<meta name=\"twitter:card\" content=\"summary_large_image\" \/>\n<meta name=\"twitter:title\" content=\"FLIBBERTIGIBBET - Whistling jigs to the moon (CD) -  (CD) | Guerssen\" \/>\n<meta name=\"twitter:label1\" content=\"Tiempo de lectura\" \/>\n\t<meta name=\"twitter:data1\" content=\"1 minuto\" \/>\n<script type=\"application\/ld+json\" class=\"yoast-schema-graph\">{\"@context\":\"https:\/\/schema.org\",\"@graph\":[{\"@type\":\"WebPage\",\"@id\":\"https:\/\/wpguerssen-test.odoo.rgbconsulting.com\/es\/producto\/whistling-jigs-to-the-moon-cd\/\",\"url\":\"https:\/\/wpguerssen-test.odoo.rgbconsulting.com\/es\/producto\/whistling-jigs-to-the-moon-cd\/\",\"name\":\"FLIBBERTIGIBBET - Whistling jigs to the moon (CD) - (CD) | Guerssen\",\"isPartOf\":{\"@id\":\"https:\/\/wpguerssen-test.odoo.rgbconsulting.com\/es\/#website\"},\"primaryImageOfPage\":{\"@id\":\"https:\/\/wpguerssen-test.odoo.rgbconsulting.com\/es\/producto\/whistling-jigs-to-the-moon-cd\/#primaryimage\"},\"image\":{\"@id\":\"https:\/\/wpguerssen-test.odoo.rgbconsulting.com\/es\/producto\/whistling-jigs-to-the-moon-cd\/#primaryimage\"},\"thumbnailUrl\":\"https:\/\/wpguerssen-test.odoo.rgbconsulting.com\/wp-content\/uploads\/2022\/03\/32624.jpg\",\"datePublished\":\"2018-10-29T23:00:00+00:00\",\"dateModified\":\"2025-03-21T11:24:31+00:00\",\"description\":\"Originally released in South Africa in 1978, \\\"Whistling Jigs To The Moon\\\" is not only a very rare and sought-after album but also a wonderful collection of traditional and original folk tunes with a strong Celtic influence. Featuring Alison O' Donnell and David Williams from psych-folk legends MELLOW CANDLE. #nl# In 1974, following the break-up of Mellow Candle, Alison and David arrived to South Africa. Once there, they met a couple of fellow expat musicians, Barrie Glenn and Jo Dudding, forming Flibbertigibbet in a niche folk and traditional circle of immigrant and local musicians, building up a repertoire of tunes and songs both original and traditional. They appeared at evenings held in communal houses, at folk nights and the Boksburg Folk Club. #nl# Producer David Marks offered to release their album and launch it in a series of concerts at the renowned Market Theatre. They enlisted the help of a number of fine musicians on the recording, namely classical first violinist Francesco Cignoli, jazz bassist Denis Lalouette, Nippy Cripwell on string bass, Colin Shapiro on flute and Dave Lambert on fiddle.&lt;br&quot;Whistling Jigs To The Moon&quot; saw the light in 1978. #nl# First ever legit vinyl reissue, master tape sound and booklet with lyrics, liner notes and photos. #nl# RIYL: STEELEYE SPAN, SPRIGUNS OF TOLGUS, FAIRPORT CONVENTION... #nl# Tracklist: 1. The Blackleg Miner - 2. Little Roving Sailor - 3. Mariner Blues - 4. The Black Cap - 5. An Suisin Ban (The White Blanket) - 6. Medley: The Rose Tree \/ The Chanter&#039;s Song \/ Humours Of Whiskey - 7. Blackberry Bush \/ Blackberry Blossom - 8. Whistling Jigs To The Moon (The Dancing Master&#039;s Reel) - 9. The Brisk Young Widow (Sheffield Hornpipe) - 10. Seafarer - 11. Shepherd O Shepherd \/ Linnen Hall - 12. The Green Cockade - 13. Four Drunken Maidens (Rolling In The High Grass) - 14. Episodes\",\"breadcrumb\":{\"@id\":\"https:\/\/wpguerssen-test.odoo.rgbconsulting.com\/es\/producto\/whistling-jigs-to-the-moon-cd\/#breadcrumb\"},\"inLanguage\":\"es\",\"potentialAction\":[{\"@type\":\"ReadAction\",\"target\":[\"https:\/\/wpguerssen-test.odoo.rgbconsulting.com\/es\/producto\/whistling-jigs-to-the-moon-cd\/\"]}]},{\"@type\":\"ImageObject\",\"inLanguage\":\"es\",\"@id\":\"https:\/\/wpguerssen-test.odoo.rgbconsulting.com\/es\/producto\/whistling-jigs-to-the-moon-cd\/#primaryimage\",\"url\":\"https:\/\/wpguerssen-test.odoo.rgbconsulting.com\/wp-content\/uploads\/2022\/03\/32624.jpg\",\"contentUrl\":\"https:\/\/wpguerssen-test.odoo.rgbconsulting.com\/wp-content\/uploads\/2022\/03\/32624.jpg\",\"width\":1400,\"height\":1400,\"caption\":\"FLIBBERTIGIBBET - Whistling jigs to the moon (CD) - SOMMOR (CD) | Guerssen\"},{\"@type\":\"BreadcrumbList\",\"@id\":\"https:\/\/wpguerssen-test.odoo.rgbconsulting.com\/es\/producto\/whistling-jigs-to-the-moon-cd\/#breadcrumb\",\"itemListElement\":[{\"@type\":\"ListItem\",\"position\":1,\"name\":\"Inicio\",\"item\":\"https:\/\/wpguerssen-test.odoo.rgbconsulting.com\/es\/\"},{\"@type\":\"ListItem\",\"position\":2,\"name\":\"Shop\",\"item\":\"https:\/\/wpguerssen-test.odoo.rgbconsulting.com\/shop\/\"},{\"@type\":\"ListItem\",\"position\":3,\"name\":\"Whistling jigs to the moon (CD)\"}]},{\"@type\":\"WebSite\",\"@id\":\"https:\/\/wpguerssen-test.odoo.rgbconsulting.com\/es\/#website\",\"url\":\"https:\/\/wpguerssen-test.odoo.rgbconsulting.com\/es\/\",\"name\":\"Guerssen records\",\"description\":\"psychedelia - progressive - folk - garage \",\"publisher\":{\"@id\":\"https:\/\/wpguerssen-test.odoo.rgbconsulting.com\/es\/#organization\"},\"potentialAction\":[{\"@type\":\"SearchAction\",\"target\":{\"@type\":\"EntryPoint\",\"urlTemplate\":\"https:\/\/wpguerssen-test.odoo.rgbconsulting.com\/es\/?s={search_term_string}\"},\"query-input\":{\"@type\":\"PropertyValueSpecification\",\"valueRequired\":true,\"valueName\":\"search_term_string\"}}],\"inLanguage\":\"es\"},{\"@type\":\"Organization\",\"@id\":\"https:\/\/wpguerssen-test.odoo.rgbconsulting.com\/es\/#organization\",\"name\":\"Guerssen records\",\"url\":\"https:\/\/wpguerssen-test.odoo.rgbconsulting.com\/es\/\",\"logo\":{\"@type\":\"ImageObject\",\"inLanguage\":\"es\",\"@id\":\"https:\/\/wpguerssen-test.odoo.rgbconsulting.com\/es\/#\/schema\/logo\/image\/\",\"url\":\"https:\/\/wpguerssen-test.odoo.rgbconsulting.com\/wp-content\/uploads\/2022\/04\/Logo_Guerssen_trans_100.png\",\"contentUrl\":\"https:\/\/wpguerssen-test.odoo.rgbconsulting.com\/wp-content\/uploads\/2022\/04\/Logo_Guerssen_trans_100.png\",\"width\":122,\"height\":100,\"caption\":\"Guerssen records\"},\"image\":{\"@id\":\"https:\/\/wpguerssen-test.odoo.rgbconsulting.com\/es\/#\/schema\/logo\/image\/\"}}]}<\/script>\n<!-- \/ Yoast SEO plugin. -->","yoast_head_json":{"title":"FLIBBERTIGIBBET - Whistling jigs to the moon (CD) -  (CD) | Guerssen","description":"Originally released in South Africa in 1978, \"Whistling Jigs To The Moon\" is not only a very rare and sought-after album but also a wonderful collection of traditional and original folk tunes with a strong Celtic influence. Featuring Alison O' Donnell and David Williams from psych-folk legends MELLOW CANDLE. #nl# In 1974, following the break-up of Mellow Candle, Alison and David arrived to South Africa. Once there, they met a couple of fellow expat musicians, Barrie Glenn and Jo Dudding, forming Flibbertigibbet in a niche folk and traditional circle of immigrant and local musicians, building up a repertoire of tunes and songs both original and traditional. They appeared at evenings held in communal houses, at folk nights and the Boksburg Folk Club. #nl# Producer David Marks offered to release their album and launch it in a series of concerts at the renowned Market Theatre. They enlisted the help of a number of fine musicians on the recording, namely classical first violinist Francesco Cignoli, jazz bassist Denis Lalouette, Nippy Cripwell on string bass, Colin Shapiro on flute and Dave Lambert on fiddle.&lt;br&quot;Whistling Jigs To The Moon&quot; saw the light in 1978. #nl# First ever legit vinyl reissue, master tape sound and booklet with lyrics, liner notes and photos. #nl# RIYL: STEELEYE SPAN, SPRIGUNS OF TOLGUS, FAIRPORT CONVENTION... #nl# Tracklist: 1. The Blackleg Miner - 2. Little Roving Sailor - 3. Mariner Blues - 4. The Black Cap - 5. An Suisin Ban (The White Blanket) - 6. Medley: The Rose Tree \/ The Chanter&#039;s Song \/ Humours Of Whiskey - 7. Blackberry Bush \/ Blackberry Blossom - 8. Whistling Jigs To The Moon (The Dancing Master&#039;s Reel) - 9. The Brisk Young Widow (Sheffield Hornpipe) - 10. Seafarer - 11. Shepherd O Shepherd \/ Linnen Hall - 12. The Green Cockade - 13. Four Drunken Maidens (Rolling In The High Grass) - 14. Episodes","robots":{"index":"index","follow":"follow","max-snippet":"max-snippet:-1","max-image-preview":"max-image-preview:large","max-video-preview":"max-video-preview:-1"},"canonical":"https:\/\/wpguerssen-test.odoo.rgbconsulting.com\/es\/producto\/whistling-jigs-to-the-moon-cd\/","og_locale":"es_ES","og_type":"article","og_title":"FLIBBERTIGIBBET - Whistling jigs to the moon (CD) -  (CD) | Guerssen","og_description":"Originally released in South Africa in 1978, \"Whistling Jigs To The Moon\" is not only a very rare and sought-after album but also a wonderful collection of traditional and original folk tunes with a strong Celtic influence. Featuring Alison O' Donnell and David Williams from psych-folk legends MELLOW CANDLE. #nl# In 1974, following the break-up of Mellow Candle, Alison and David arrived to South Africa. Once there, they met a couple of fellow expat musicians, Barrie Glenn and Jo Dudding, forming Flibbertigibbet in a niche folk and traditional circle of immigrant and local musicians, building up a repertoire of tunes and songs both original and traditional. They appeared at evenings held in communal houses, at folk nights and the Boksburg Folk Club. #nl# Producer David Marks offered to release their album and launch it in a series of concerts at the renowned Market Theatre. They enlisted the help of a number of fine musicians on the recording, namely classical first violinist Francesco Cignoli, jazz bassist Denis Lalouette, Nippy Cripwell on string bass, Colin Shapiro on flute and Dave Lambert on fiddle.&lt;br&quot;Whistling Jigs To The Moon&quot; saw the light in 1978. #nl# First ever legit vinyl reissue, master tape sound and booklet with lyrics, liner notes and photos. #nl# RIYL: STEELEYE SPAN, SPRIGUNS OF TOLGUS, FAIRPORT CONVENTION... #nl# Tracklist: 1. The Blackleg Miner - 2. Little Roving Sailor - 3. Mariner Blues - 4. The Black Cap - 5. An Suisin Ban (The White Blanket) - 6. Medley: The Rose Tree \/ The Chanter&#039;s Song \/ Humours Of Whiskey - 7. Blackberry Bush \/ Blackberry Blossom - 8. Whistling Jigs To The Moon (The Dancing Master&#039;s Reel) - 9. The Brisk Young Widow (Sheffield Hornpipe) - 10. Seafarer - 11. Shepherd O Shepherd \/ Linnen Hall - 12. The Green Cockade - 13. Four Drunken Maidens (Rolling In The High Grass) - 14. Episodes","og_url":"https:\/\/wpguerssen-test.odoo.rgbconsulting.com\/es\/producto\/whistling-jigs-to-the-moon-cd\/","og_site_name":"Guerssen records","article_modified_time":"2025-03-21T11:24:31+00:00","og_image":[{"width":1400,"height":1400,"url":"https:\/\/wpguerssen-test.odoo.rgbconsulting.com\/wp-content\/uploads\/2022\/03\/32624.jpg","type":"image\/jpeg"}],"twitter_card":"summary_large_image","twitter_title":"FLIBBERTIGIBBET - Whistling jigs to the moon (CD) -  (CD) | Guerssen","twitter_misc":{"Tiempo de lectura":"1 minuto"},"schema":{"@context":"https:\/\/schema.org","@graph":[{"@type":"WebPage","@id":"https:\/\/wpguerssen-test.odoo.rgbconsulting.com\/es\/producto\/whistling-jigs-to-the-moon-cd\/","url":"https:\/\/wpguerssen-test.odoo.rgbconsulting.com\/es\/producto\/whistling-jigs-to-the-moon-cd\/","name":"FLIBBERTIGIBBET - Whistling jigs to the moon (CD) - (CD) | Guerssen","isPartOf":{"@id":"https:\/\/wpguerssen-test.odoo.rgbconsulting.com\/es\/#website"},"primaryImageOfPage":{"@id":"https:\/\/wpguerssen-test.odoo.rgbconsulting.com\/es\/producto\/whistling-jigs-to-the-moon-cd\/#primaryimage"},"image":{"@id":"https:\/\/wpguerssen-test.odoo.rgbconsulting.com\/es\/producto\/whistling-jigs-to-the-moon-cd\/#primaryimage"},"thumbnailUrl":"https:\/\/wpguerssen-test.odoo.rgbconsulting.com\/wp-content\/uploads\/2022\/03\/32624.jpg","datePublished":"2018-10-29T23:00:00+00:00","dateModified":"2025-03-21T11:24:31+00:00","description":"Originally released in South Africa in 1978, \"Whistling Jigs To The Moon\" is not only a very rare and sought-after album but also a wonderful collection of traditional and original folk tunes with a strong Celtic influence. Featuring Alison O' Donnell and David Williams from psych-folk legends MELLOW CANDLE. #nl# In 1974, following the break-up of Mellow Candle, Alison and David arrived to South Africa. Once there, they met a couple of fellow expat musicians, Barrie Glenn and Jo Dudding, forming Flibbertigibbet in a niche folk and traditional circle of immigrant and local musicians, building up a repertoire of tunes and songs both original and traditional. They appeared at evenings held in communal houses, at folk nights and the Boksburg Folk Club. #nl# Producer David Marks offered to release their album and launch it in a series of concerts at the renowned Market Theatre. They enlisted the help of a number of fine musicians on the recording, namely classical first violinist Francesco Cignoli, jazz bassist Denis Lalouette, Nippy Cripwell on string bass, Colin Shapiro on flute and Dave Lambert on fiddle.&lt;br&quot;Whistling Jigs To The Moon&quot; saw the light in 1978. #nl# First ever legit vinyl reissue, master tape sound and booklet with lyrics, liner notes and photos. #nl# RIYL: STEELEYE SPAN, SPRIGUNS OF TOLGUS, FAIRPORT CONVENTION... #nl# Tracklist: 1. The Blackleg Miner - 2. Little Roving Sailor - 3. Mariner Blues - 4. The Black Cap - 5. An Suisin Ban (The White Blanket) - 6. Medley: The Rose Tree \/ The Chanter&#039;s Song \/ Humours Of Whiskey - 7. Blackberry Bush \/ Blackberry Blossom - 8. Whistling Jigs To The Moon (The Dancing Master&#039;s Reel) - 9. The Brisk Young Widow (Sheffield Hornpipe) - 10. Seafarer - 11. Shepherd O Shepherd \/ Linnen Hall - 12. The Green Cockade - 13. Four Drunken Maidens (Rolling In The High Grass) - 14. Episodes","breadcrumb":{"@id":"https:\/\/wpguerssen-test.odoo.rgbconsulting.com\/es\/producto\/whistling-jigs-to-the-moon-cd\/#breadcrumb"},"inLanguage":"es","potentialAction":[{"@type":"ReadAction","target":["https:\/\/wpguerssen-test.odoo.rgbconsulting.com\/es\/producto\/whistling-jigs-to-the-moon-cd\/"]}]},{"@type":"ImageObject","inLanguage":"es","@id":"https:\/\/wpguerssen-test.odoo.rgbconsulting.com\/es\/producto\/whistling-jigs-to-the-moon-cd\/#primaryimage","url":"https:\/\/wpguerssen-test.odoo.rgbconsulting.com\/wp-content\/uploads\/2022\/03\/32624.jpg","contentUrl":"https:\/\/wpguerssen-test.odoo.rgbconsulting.com\/wp-content\/uploads\/2022\/03\/32624.jpg","width":1400,"height":1400,"caption":"FLIBBERTIGIBBET - Whistling jigs to the moon (CD) - SOMMOR (CD) | Guerssen"},{"@type":"BreadcrumbList","@id":"https:\/\/wpguerssen-test.odoo.rgbconsulting.com\/es\/producto\/whistling-jigs-to-the-moon-cd\/#breadcrumb","itemListElement":[{"@type":"ListItem","position":1,"name":"Inicio","item":"https:\/\/wpguerssen-test.odoo.rgbconsulting.com\/es\/"},{"@type":"ListItem","position":2,"name":"Shop","item":"https:\/\/wpguerssen-test.odoo.rgbconsulting.com\/shop\/"},{"@type":"ListItem","position":3,"name":"Whistling jigs to the moon (CD)"}]},{"@type":"WebSite","@id":"https:\/\/wpguerssen-test.odoo.rgbconsulting.com\/es\/#website","url":"https:\/\/wpguerssen-test.odoo.rgbconsulting.com\/es\/","name":"Guerssen records","description":"psychedelia - progressive - folk - garage ","publisher":{"@id":"https:\/\/wpguerssen-test.odoo.rgbconsulting.com\/es\/#organization"},"potentialAction":[{"@type":"SearchAction","target":{"@type":"EntryPoint","urlTemplate":"https:\/\/wpguerssen-test.odoo.rgbconsulting.com\/es\/?s={search_term_string}"},"query-input":{"@type":"PropertyValueSpecification","valueRequired":true,"valueName":"search_term_string"}}],"inLanguage":"es"},{"@type":"Organization","@id":"https:\/\/wpguerssen-test.odoo.rgbconsulting.com\/es\/#organization","name":"Guerssen records","url":"https:\/\/wpguerssen-test.odoo.rgbconsulting.com\/es\/","logo":{"@type":"ImageObject","inLanguage":"es","@id":"https:\/\/wpguerssen-test.odoo.rgbconsulting.com\/es\/#\/schema\/logo\/image\/","url":"https:\/\/wpguerssen-test.odoo.rgbconsulting.com\/wp-content\/uploads\/2022\/04\/Logo_Guerssen_trans_100.png","contentUrl":"https:\/\/wpguerssen-test.odoo.rgbconsulting.com\/wp-content\/uploads\/2022\/04\/Logo_Guerssen_trans_100.png","width":122,"height":100,"caption":"Guerssen records"},"image":{"@id":"https:\/\/wpguerssen-test.odoo.rgbconsulting.com\/es\/#\/schema\/logo\/image\/"}}]}},"_links":{"self":[{"href":"https:\/\/wpguerssen-test.odoo.rgbconsulting.com\/es\/wp-json\/wp\/v2\/product\/188440","targetHints":{"allow":["GET"]}}],"collection":[{"href":"https:\/\/wpguerssen-test.odoo.rgbconsulting.com\/es\/wp-json\/wp\/v2\/product"}],"about":[{"href":"https:\/\/wpguerssen-test.odoo.rgbconsulting.com\/es\/wp-json\/wp\/v2\/types\/product"}],"wp:featuredmedia":[{"embeddable":true,"href":"https:\/\/wpguerssen-test.odoo.rgbconsulting.com\/es\/wp-json\/wp\/v2\/media\/123274"}],"wp:attachment":[{"href":"https:\/\/wpguerssen-test.odoo.rgbconsulting.com\/es\/wp-json\/wp\/v2\/media?parent=188440"}],"wp:term":[{"taxonomy":"product_brand","embeddable":true,"href":"https:\/\/wpguerssen-test.odoo.rgbconsulting.com\/es\/wp-json\/wp\/v2\/product_brand?post=188440"},{"taxonomy":"product_cat","embeddable":true,"href":"https:\/\/wpguerssen-test.odoo.rgbconsulting.com\/es\/wp-json\/wp\/v2\/product_cat?post=188440"},{"taxonomy":"product_tag","embeddable":true,"href":"https:\/\/wpguerssen-test.odoo.rgbconsulting.com\/es\/wp-json\/wp\/v2\/product_tag?post=188440"}],"curies":[{"name":"wp","href":"https:\/\/api.w.org\/{rel}","templated":true}]}}